{"id":71477,"date":"2023-09-01T21:21:29","date_gmt":"2023-09-01T19:21:29","guid":{"rendered":"https:\/\/turijnmagazijn.nl\/product\/joint-de-culasse-lancia-theme-fiat-croma-1-td\/"},"modified":"2024-04-28T19:37:09","modified_gmt":"2024-04-28T17:37:09","slug":"joint-de-tete-lancia-theme-fiat-croma-1-td","status":"publish","type":"product","link":"https:\/\/turijnmagazijn.nl\/fr\/produit\/joint-de-tete-lancia-theme-fiat-croma-1-td\/","title":{"rendered":"Joint de culasse Lancia Th\u00e8me Fiat Croma 1 TD"},"content":{"rendered":"<p>Nouveau joint de culasse d\u2019origine provenant d\u2019anciens stocks de concessionnaires. Applicable aux voitures \u00e9quip\u00e9es d\u2019un moteur TD. Applicable \u00e0 Fiat Croma 1 et Lancia Thema 1. Inscriptions sur l\u2019emballage : LANCIA<\/p>\n<p>5894575<\/p>\n<p>pos.nr<\/p>\n<p>Num\u00e9ro de commande<\/p>\n<p>92 03 18 1360<\/p>\n<p>0066<\/p>\n<p>d\u00e9finition<\/p>\n<p>GAKET DE T\u00caTE 1,80<\/p>\n<p>client<\/p>\n<p>NCT Loios<\/p>\n<p>LANIM PAR<\/p>\n<p>Emplacement<\/p>\n<p>17X4C<\/p>\n<p>num\u00e9ro de pi\u00e8ce<\/p>\n<p>4 848 254<\/p>\n<p>nombre<\/p>\n<p>LED<\/p>\n<p>Ricambi Originall<\/p>\n<p>4868254<\/p>\n<p>GODO LANCIA<\/p>\n","protected":false},"excerpt":{"rendered":"<p>5894575 Nouveau joint de culasse d\u2019origine provenant du stock de l\u2019ancien concessionnaire. Applicable aux voitures \u00e9quip\u00e9es d\u2019un moteur TD. Applicable \u00e0 Fiat Croma 1 et Lancia Thema 1. Inscriptions sur l\u2019emballage : LANCIA<\/p>\n<p>5894575<\/p>\n<p>pos.nr<\/p>\n<p>Num\u00e9ro de commande<\/p>\n<p>92 03 18 1360<\/p>\n<p>0066<\/p>\n<p>d\u00e9finition<\/p>\n<p>GAKET DE T\u00caTE 1,80<\/p>\n<p>client<\/p>\n<p>NCT Loios<\/p>\n<p>LANIM PAR<\/p>\n<p>Emplacement<\/p>\n<p>17X4C<\/p>\n<p>num\u00e9ro de pi\u00e8ce<\/p>\n<p>4 848 254<\/p>\n<p>nombre<\/p>\n<p>LED<\/p>\n<p>Ricambi Originall<\/p>\n<p>4868254<\/p>\n<p>GODO LANCIA<\/p>\n","protected":false},"featured_media":71963,"comment_status":"open","ping_status":"closed","template":"","meta":{"_acf_changed":false},"product_brand":[],"product_cat":[1722,1690,1798,1896,1902,1897],"product_tag":[],"class_list":{"0":"post-71477","1":"product","2":"type-product","3":"status-publish","4":"has-post-thumbnail","6":"product_cat-croma-1-154-fr","7":"product_cat-fiat-fr","8":"product_cat-lancia-fr","9":"product_cat-thema-834-fr","10":"product_cat-thema-sedan-fr","11":"product_cat-thema-sw-fr","12":"pa_soort-onderdeel-moteur-et-accessoires","14":"first","15":"instock","16":"shipping-taxable","17":"purchasable","18":"product-type-simple"},"acf":[],"yoast_head":"<!-- This site is optimized with the Yoast SEO plugin v27.2 - https:\/\/yoast.com\/product\/yoast-seo-wordpress\/ -->\n<title>Joint de culasse Lancia Th\u00e8me Fiat Croma 1 TD - Turijnmagazijn<\/title>\n<meta name=\"robots\" content=\"index, follow, max-snippet:-1, max-image-preview:large, max-video-preview:-1\" \/>\n<link rel=\"canonical\" href=\"https:\/\/turijnmagazijn.nl\/fr\/produit\/joint-de-tete-lancia-theme-fiat-croma-1-td\/\" \/>\n<meta property=\"og:locale\" content=\"fr_FR\" \/>\n<meta property=\"og:type\" content=\"article\" \/>\n<meta property=\"og:title\" content=\"Joint de culasse Lancia Th\u00e8me Fiat Croma 1 TD - Turijnmagazijn\" \/>\n<meta property=\"og:description\" content=\"5894575 Nouveau joint de culasse d\u2019origine provenant du stock de l\u2019ancien concessionnaire. Applicable aux voitures \u00e9quip\u00e9es d\u2019un moteur TD. Applicable \u00e0 Fiat Croma 1 et Lancia Thema 1. Inscriptions sur l\u2019emballage : LANCIA 5894575 pos.nr Num\u00e9ro de commande 92 03 18 1360 0066 d\u00e9finition GAKET DE T\u00caTE 1,80 client NCT Loios LANIM PAR Emplacement 17X4C num\u00e9ro de pi\u00e8ce 4 848 254 nombre LED Ricambi Originall 4868254 GODO LANCIA\" \/>\n<meta property=\"og:url\" content=\"https:\/\/turijnmagazijn.nl\/fr\/produit\/joint-de-tete-lancia-theme-fiat-croma-1-td\/\" \/>\n<meta property=\"og:site_name\" content=\"Turijnmagazijn\" \/>\n<meta property=\"article:publisher\" content=\"https:\/\/www.facebook.com\/turijnmagazijn\" \/>\n<meta property=\"article:modified_time\" content=\"2024-04-28T17:37:09+00:00\" \/>\n<meta property=\"og:image\" content=\"https:\/\/turijnmagazijn.nl\/wp-content\/uploads\/2023\/09\/DS0108971-Koppakking-Lancia-Thema-Fiat-Croma-1-TD-5894575-3.jpg\" \/>\n\t<meta property=\"og:image:width\" content=\"1024\" \/>\n\t<meta property=\"og:image:height\" content=\"768\" \/>\n\t<meta property=\"og:image:type\" content=\"image\/jpeg\" \/>\n<meta name=\"twitter:card\" content=\"summary_large_image\" \/>\n<script type=\"application\/ld+json\" class=\"yoast-schema-graph\">{\"@context\":\"https:\/\/schema.org\",\"@graph\":[{\"@type\":\"WebPage\",\"@id\":\"https:\/\/turijnmagazijn.nl\/fr\/produit\/joint-de-tete-lancia-theme-fiat-croma-1-td\/\",\"url\":\"https:\/\/turijnmagazijn.nl\/fr\/produit\/joint-de-tete-lancia-theme-fiat-croma-1-td\/\",\"name\":\"Joint de culasse Lancia Th\u00e8me Fiat Croma 1 TD - Turijnmagazijn\",\"isPartOf\":{\"@id\":\"https:\/\/turijnmagazijn.jumpstone-dev.nl\/#website\"},\"primaryImageOfPage\":{\"@id\":\"https:\/\/turijnmagazijn.nl\/fr\/produit\/joint-de-tete-lancia-theme-fiat-croma-1-td\/#primaryimage\"},\"image\":{\"@id\":\"https:\/\/turijnmagazijn.nl\/fr\/produit\/joint-de-tete-lancia-theme-fiat-croma-1-td\/#primaryimage\"},\"thumbnailUrl\":\"https:\/\/turijnmagazijn.nl\/wp-content\/uploads\/2023\/09\/DS0108971-Koppakking-Lancia-Thema-Fiat-Croma-1-TD-5894575-3.jpg\",\"datePublished\":\"2023-09-01T19:21:29+00:00\",\"dateModified\":\"2024-04-28T17:37:09+00:00\",\"breadcrumb\":{\"@id\":\"https:\/\/turijnmagazijn.nl\/fr\/produit\/joint-de-tete-lancia-theme-fiat-croma-1-td\/#breadcrumb\"},\"inLanguage\":\"fr-FR\",\"potentialAction\":[{\"@type\":\"ReadAction\",\"target\":[\"https:\/\/turijnmagazijn.nl\/fr\/produit\/joint-de-tete-lancia-theme-fiat-croma-1-td\/\"]}]},{\"@type\":\"ImageObject\",\"inLanguage\":\"fr-FR\",\"@id\":\"https:\/\/turijnmagazijn.nl\/fr\/produit\/joint-de-tete-lancia-theme-fiat-croma-1-td\/#primaryimage\",\"url\":\"https:\/\/turijnmagazijn.nl\/wp-content\/uploads\/2023\/09\/DS0108971-Koppakking-Lancia-Thema-Fiat-Croma-1-TD-5894575-3.jpg\",\"contentUrl\":\"https:\/\/turijnmagazijn.nl\/wp-content\/uploads\/2023\/09\/DS0108971-Koppakking-Lancia-Thema-Fiat-Croma-1-TD-5894575-3.jpg\",\"width\":1024,\"height\":768},{\"@type\":\"BreadcrumbList\",\"@id\":\"https:\/\/turijnmagazijn.nl\/fr\/produit\/joint-de-tete-lancia-theme-fiat-croma-1-td\/#breadcrumb\",\"itemListElement\":[{\"@type\":\"ListItem\",\"position\":1,\"name\":\"Home\",\"item\":\"https:\/\/turijnmagazijn.nl\/fr\/\"},{\"@type\":\"ListItem\",\"position\":2,\"name\":\"Produits\",\"item\":\"https:\/\/turijnmagazijn.nl\/fr\/shop\/\"},{\"@type\":\"ListItem\",\"position\":3,\"name\":\"Joint de culasse Lancia Th\u00e8me Fiat Croma 1 TD\"}]},{\"@type\":\"WebSite\",\"@id\":\"https:\/\/turijnmagazijn.jumpstone-dev.nl\/#website\",\"url\":\"https:\/\/turijnmagazijn.jumpstone-dev.nl\/\",\"name\":\"Turijnmagazijn\",\"description\":\"Onderdelen nieuw en gebruikt - Fiat &amp; Lancia\",\"publisher\":{\"@id\":\"https:\/\/turijnmagazijn.jumpstone-dev.nl\/#organization\"},\"potentialAction\":[{\"@type\":\"SearchAction\",\"target\":{\"@type\":\"EntryPoint\",\"urlTemplate\":\"https:\/\/turijnmagazijn.jumpstone-dev.nl\/?s={search_term_string}\"},\"query-input\":{\"@type\":\"PropertyValueSpecification\",\"valueRequired\":true,\"valueName\":\"search_term_string\"}}],\"inLanguage\":\"fr-FR\"},{\"@type\":\"Organization\",\"@id\":\"https:\/\/turijnmagazijn.jumpstone-dev.nl\/#organization\",\"name\":\"Turijnmagazijn\",\"url\":\"https:\/\/turijnmagazijn.jumpstone-dev.nl\/\",\"logo\":{\"@type\":\"ImageObject\",\"inLanguage\":\"fr-FR\",\"@id\":\"https:\/\/turijnmagazijn.jumpstone-dev.nl\/#\/schema\/logo\/image\/\",\"url\":\"https:\/\/turijnmagazijn.nl\/wp-content\/uploads\/2021\/02\/turijnmagazijnlogo.png\",\"contentUrl\":\"https:\/\/turijnmagazijn.nl\/wp-content\/uploads\/2021\/02\/turijnmagazijnlogo.png\",\"width\":555,\"height\":270,\"caption\":\"Turijnmagazijn\"},\"image\":{\"@id\":\"https:\/\/turijnmagazijn.jumpstone-dev.nl\/#\/schema\/logo\/image\/\"},\"sameAs\":[\"https:\/\/www.facebook.com\/turijnmagazijn\"]}]}<\/script>\n<!-- \/ Yoast SEO plugin. -->","yoast_head_json":{"title":"Joint de culasse Lancia Th\u00e8me Fiat Croma 1 TD - Turijnmagazijn","robots":{"index":"index","follow":"follow","max-snippet":"max-snippet:-1","max-image-preview":"max-image-preview:large","max-video-preview":"max-video-preview:-1"},"canonical":"https:\/\/turijnmagazijn.nl\/fr\/produit\/joint-de-tete-lancia-theme-fiat-croma-1-td\/","og_locale":"fr_FR","og_type":"article","og_title":"Joint de culasse Lancia Th\u00e8me Fiat Croma 1 TD - Turijnmagazijn","og_description":"5894575 Nouveau joint de culasse d\u2019origine provenant du stock de l\u2019ancien concessionnaire. Applicable aux voitures \u00e9quip\u00e9es d\u2019un moteur TD. Applicable \u00e0 Fiat Croma 1 et Lancia Thema 1. Inscriptions sur l\u2019emballage : LANCIA 5894575 pos.nr Num\u00e9ro de commande 92 03 18 1360 0066 d\u00e9finition GAKET DE T\u00caTE 1,80 client NCT Loios LANIM PAR Emplacement 17X4C num\u00e9ro de pi\u00e8ce 4 848 254 nombre LED Ricambi Originall 4868254 GODO LANCIA","og_url":"https:\/\/turijnmagazijn.nl\/fr\/produit\/joint-de-tete-lancia-theme-fiat-croma-1-td\/","og_site_name":"Turijnmagazijn","article_publisher":"https:\/\/www.facebook.com\/turijnmagazijn","article_modified_time":"2024-04-28T17:37:09+00:00","og_image":[{"width":1024,"height":768,"url":"https:\/\/turijnmagazijn.nl\/wp-content\/uploads\/2023\/09\/DS0108971-Koppakking-Lancia-Thema-Fiat-Croma-1-TD-5894575-3.jpg","type":"image\/jpeg"}],"twitter_card":"summary_large_image","schema":{"@context":"https:\/\/schema.org","@graph":[{"@type":"WebPage","@id":"https:\/\/turijnmagazijn.nl\/fr\/produit\/joint-de-tete-lancia-theme-fiat-croma-1-td\/","url":"https:\/\/turijnmagazijn.nl\/fr\/produit\/joint-de-tete-lancia-theme-fiat-croma-1-td\/","name":"Joint de culasse Lancia Th\u00e8me Fiat Croma 1 TD - Turijnmagazijn","isPartOf":{"@id":"https:\/\/turijnmagazijn.jumpstone-dev.nl\/#website"},"primaryImageOfPage":{"@id":"https:\/\/turijnmagazijn.nl\/fr\/produit\/joint-de-tete-lancia-theme-fiat-croma-1-td\/#primaryimage"},"image":{"@id":"https:\/\/turijnmagazijn.nl\/fr\/produit\/joint-de-tete-lancia-theme-fiat-croma-1-td\/#primaryimage"},"thumbnailUrl":"https:\/\/turijnmagazijn.nl\/wp-content\/uploads\/2023\/09\/DS0108971-Koppakking-Lancia-Thema-Fiat-Croma-1-TD-5894575-3.jpg","datePublished":"2023-09-01T19:21:29+00:00","dateModified":"2024-04-28T17:37:09+00:00","breadcrumb":{"@id":"https:\/\/turijnmagazijn.nl\/fr\/produit\/joint-de-tete-lancia-theme-fiat-croma-1-td\/#breadcrumb"},"inLanguage":"fr-FR","potentialAction":[{"@type":"ReadAction","target":["https:\/\/turijnmagazijn.nl\/fr\/produit\/joint-de-tete-lancia-theme-fiat-croma-1-td\/"]}]},{"@type":"ImageObject","inLanguage":"fr-FR","@id":"https:\/\/turijnmagazijn.nl\/fr\/produit\/joint-de-tete-lancia-theme-fiat-croma-1-td\/#primaryimage","url":"https:\/\/turijnmagazijn.nl\/wp-content\/uploads\/2023\/09\/DS0108971-Koppakking-Lancia-Thema-Fiat-Croma-1-TD-5894575-3.jpg","contentUrl":"https:\/\/turijnmagazijn.nl\/wp-content\/uploads\/2023\/09\/DS0108971-Koppakking-Lancia-Thema-Fiat-Croma-1-TD-5894575-3.jpg","width":1024,"height":768},{"@type":"BreadcrumbList","@id":"https:\/\/turijnmagazijn.nl\/fr\/produit\/joint-de-tete-lancia-theme-fiat-croma-1-td\/#breadcrumb","itemListElement":[{"@type":"ListItem","position":1,"name":"Home","item":"https:\/\/turijnmagazijn.nl\/fr\/"},{"@type":"ListItem","position":2,"name":"Produits","item":"https:\/\/turijnmagazijn.nl\/fr\/shop\/"},{"@type":"ListItem","position":3,"name":"Joint de culasse Lancia Th\u00e8me Fiat Croma 1 TD"}]},{"@type":"WebSite","@id":"https:\/\/turijnmagazijn.jumpstone-dev.nl\/#website","url":"https:\/\/turijnmagazijn.jumpstone-dev.nl\/","name":"Turijnmagazijn","description":"Onderdelen nieuw en gebruikt - Fiat &amp; Lancia","publisher":{"@id":"https:\/\/turijnmagazijn.jumpstone-dev.nl\/#organization"},"potentialAction":[{"@type":"SearchAction","target":{"@type":"EntryPoint","urlTemplate":"https:\/\/turijnmagazijn.jumpstone-dev.nl\/?s={search_term_string}"},"query-input":{"@type":"PropertyValueSpecification","valueRequired":true,"valueName":"search_term_string"}}],"inLanguage":"fr-FR"},{"@type":"Organization","@id":"https:\/\/turijnmagazijn.jumpstone-dev.nl\/#organization","name":"Turijnmagazijn","url":"https:\/\/turijnmagazijn.jumpstone-dev.nl\/","logo":{"@type":"ImageObject","inLanguage":"fr-FR","@id":"https:\/\/turijnmagazijn.jumpstone-dev.nl\/#\/schema\/logo\/image\/","url":"https:\/\/turijnmagazijn.nl\/wp-content\/uploads\/2021\/02\/turijnmagazijnlogo.png","contentUrl":"https:\/\/turijnmagazijn.nl\/wp-content\/uploads\/2021\/02\/turijnmagazijnlogo.png","width":555,"height":270,"caption":"Turijnmagazijn"},"image":{"@id":"https:\/\/turijnmagazijn.jumpstone-dev.nl\/#\/schema\/logo\/image\/"},"sameAs":["https:\/\/www.facebook.com\/turijnmagazijn"]}]}},"_links":{"self":[{"href":"https:\/\/turijnmagazijn.nl\/fr\/wp-json\/wp\/v2\/product\/71477","targetHints":{"allow":["GET"]}}],"collection":[{"href":"https:\/\/turijnmagazijn.nl\/fr\/wp-json\/wp\/v2\/product"}],"about":[{"href":"https:\/\/turijnmagazijn.nl\/fr\/wp-json\/wp\/v2\/types\/product"}],"replies":[{"embeddable":true,"href":"https:\/\/turijnmagazijn.nl\/fr\/wp-json\/wp\/v2\/comments?post=71477"}],"wp:featuredmedia":[{"embeddable":true,"href":"https:\/\/turijnmagazijn.nl\/fr\/wp-json\/wp\/v2\/media\/71963"}],"wp:attachment":[{"href":"https:\/\/turijnmagazijn.nl\/fr\/wp-json\/wp\/v2\/media?parent=71477"}],"wp:term":[{"taxonomy":"product_brand","embeddable":true,"href":"https:\/\/turijnmagazijn.nl\/fr\/wp-json\/wp\/v2\/product_brand?post=71477"},{"taxonomy":"product_cat","embeddable":true,"href":"https:\/\/turijnmagazijn.nl\/fr\/wp-json\/wp\/v2\/product_cat?post=71477"},{"taxonomy":"product_tag","embeddable":true,"href":"https:\/\/turijnmagazijn.nl\/fr\/wp-json\/wp\/v2\/product_tag?post=71477"}],"curies":[{"name":"wp","href":"https:\/\/api.w.org\/{rel}","templated":true}]}}