{"id":73871,"date":"2023-09-10T22:24:44","date_gmt":"2023-09-10T20:24:44","guid":{"rendered":"https:\/\/turijnmagazijn.nl\/product\/reglage-de-la-bequille-arriere-du-siege-lancia-kappa-coup\/"},"modified":"2023-09-10T22:24:44","modified_gmt":"2023-09-10T20:24:44","slug":"chaise-moteur-arriere-support-reglage-lancia-kappa-coup","status":"publish","type":"product","link":"https:\/\/turijnmagazijn.nl\/fr\/produit\/chaise-moteur-arriere-support-reglage-lancia-kappa-coup\/","title":{"rendered":"R\u00e9glage de la b\u00e9quille arri\u00e8re du si\u00e8ge Lancia Kappa Coup?"},"content":{"rendered":"<p>Moteur de chaise d\u2019occasion de la marque Bosch destin\u00e9 \u00e0 changer la position du dossier. Vous venez d\u2019un si\u00e8ge r\u00e9glable \u00e9lectriquement de la premi\u00e8re s\u00e9rie Lancia Kappa Coup? avec des chaises Poltona Frau. Bosch AHP 12 V 0390206605 30503305. En bon \u00e9tat d\u2019utilisation. Test\u00e9 pour un fonctionnement correct. Equip\u00e9 d\u2019une fiche de connexion blanche \u00e0 deux p\u00f4les.<\/p>\n","protected":false},"excerpt":{"rendered":"<p>71712751 Moteur de chaise d\u2019occasion de la marque Bosch destin\u00e9 \u00e0 changer la position du dossier. Vous venez d\u2019un si\u00e8ge r\u00e9glable \u00e9lectriquement de la premi\u00e8re s\u00e9rie Lancia Kappa Coup? avec Poltona Frau stoele<\/p>\n","protected":false},"featured_media":74737,"comment_status":"open","ping_status":"closed","template":"","meta":{"_acf_changed":false},"product_brand":[],"product_cat":[1862,1865,1860,1798,1870],"product_tag":[],"class_list":{"0":"post-73871","1":"product","2":"type-product","3":"status-publish","4":"has-post-thumbnail","6":"product_cat-berlina-fr","7":"product_cat-coupe-fr","8":"product_cat-kappa-838-fr","9":"product_cat-lancia-fr","10":"product_cat-sw-fr","11":"pa_soort-onderdeel-interieur-et-sellerie","13":"first","14":"instock","15":"featured","16":"shipping-taxable","17":"purchasable","18":"product-type-simple"},"acf":[],"yoast_head":"<!-- This site is optimized with the Yoast SEO plugin v27.3 - https:\/\/yoast.com\/product\/yoast-seo-wordpress\/ -->\n<title>R\u00e9glage de la b\u00e9quille arri\u00e8re du si\u00e8ge Lancia Kappa Coup? - Turijnmagazijn<\/title>\n<meta name=\"robots\" content=\"index, follow, max-snippet:-1, max-image-preview:large, max-video-preview:-1\" \/>\n<link rel=\"canonical\" href=\"https:\/\/turijnmagazijn.nl\/fr\/produit\/chaise-moteur-arriere-support-reglage-lancia-kappa-coup\/\" \/>\n<meta property=\"og:locale\" content=\"fr_FR\" \/>\n<meta property=\"og:type\" content=\"article\" \/>\n<meta property=\"og:title\" content=\"R\u00e9glage de la b\u00e9quille arri\u00e8re du si\u00e8ge Lancia Kappa Coup? - Turijnmagazijn\" \/>\n<meta property=\"og:description\" content=\"71712751 Moteur de chaise d\u2019occasion de la marque Bosch destin\u00e9 \u00e0 changer la position du dossier. Vous venez d\u2019un si\u00e8ge r\u00e9glable \u00e9lectriquement de la premi\u00e8re s\u00e9rie Lancia Kappa Coup? avec Poltona Frau stoele\" \/>\n<meta property=\"og:url\" content=\"https:\/\/turijnmagazijn.nl\/fr\/produit\/chaise-moteur-arriere-support-reglage-lancia-kappa-coup\/\" \/>\n<meta property=\"og:site_name\" content=\"Turijnmagazijn\" \/>\n<meta property=\"article:publisher\" content=\"https:\/\/www.facebook.com\/turijnmagazijn\" \/>\n<meta property=\"og:image\" content=\"https:\/\/turijnmagazijn.nl\/wp-content\/uploads\/2023\/10\/DK0102649-Stoel-motor-rug-stand-verstelling-Lancia-Kappa-Coupe-71712751-3.jpg\" \/>\n\t<meta property=\"og:image:width\" content=\"1024\" \/>\n\t<meta property=\"og:image:height\" content=\"768\" \/>\n\t<meta property=\"og:image:type\" content=\"image\/jpeg\" \/>\n<meta name=\"twitter:card\" content=\"summary_large_image\" \/>\n<script type=\"application\/ld+json\" class=\"yoast-schema-graph\">{\"@context\":\"https:\\\/\\\/schema.org\",\"@graph\":[{\"@type\":\"WebPage\",\"@id\":\"https:\\\/\\\/turijnmagazijn.nl\\\/fr\\\/produit\\\/chaise-moteur-arriere-support-reglage-lancia-kappa-coup\\\/\",\"url\":\"https:\\\/\\\/turijnmagazijn.nl\\\/fr\\\/produit\\\/chaise-moteur-arriere-support-reglage-lancia-kappa-coup\\\/\",\"name\":\"R\u00e9glage de la b\u00e9quille arri\u00e8re du si\u00e8ge Lancia Kappa Coup? - Turijnmagazijn\",\"isPartOf\":{\"@id\":\"https:\\\/\\\/turijnmagazijn.jumpstone-dev.nl\\\/#website\"},\"primaryImageOfPage\":{\"@id\":\"https:\\\/\\\/turijnmagazijn.nl\\\/fr\\\/produit\\\/chaise-moteur-arriere-support-reglage-lancia-kappa-coup\\\/#primaryimage\"},\"image\":{\"@id\":\"https:\\\/\\\/turijnmagazijn.nl\\\/fr\\\/produit\\\/chaise-moteur-arriere-support-reglage-lancia-kappa-coup\\\/#primaryimage\"},\"thumbnailUrl\":\"https:\\\/\\\/turijnmagazijn.nl\\\/wp-content\\\/uploads\\\/2023\\\/10\\\/DK0102649-Stoel-motor-rug-stand-verstelling-Lancia-Kappa-Coupe-71712751-3.jpg\",\"datePublished\":\"2023-09-10T20:24:44+00:00\",\"breadcrumb\":{\"@id\":\"https:\\\/\\\/turijnmagazijn.nl\\\/fr\\\/produit\\\/chaise-moteur-arriere-support-reglage-lancia-kappa-coup\\\/#breadcrumb\"},\"inLanguage\":\"fr-FR\",\"potentialAction\":[{\"@type\":\"ReadAction\",\"target\":[\"https:\\\/\\\/turijnmagazijn.nl\\\/fr\\\/produit\\\/chaise-moteur-arriere-support-reglage-lancia-kappa-coup\\\/\"]}]},{\"@type\":\"ImageObject\",\"inLanguage\":\"fr-FR\",\"@id\":\"https:\\\/\\\/turijnmagazijn.nl\\\/fr\\\/produit\\\/chaise-moteur-arriere-support-reglage-lancia-kappa-coup\\\/#primaryimage\",\"url\":\"https:\\\/\\\/turijnmagazijn.nl\\\/wp-content\\\/uploads\\\/2023\\\/10\\\/DK0102649-Stoel-motor-rug-stand-verstelling-Lancia-Kappa-Coupe-71712751-3.jpg\",\"contentUrl\":\"https:\\\/\\\/turijnmagazijn.nl\\\/wp-content\\\/uploads\\\/2023\\\/10\\\/DK0102649-Stoel-motor-rug-stand-verstelling-Lancia-Kappa-Coupe-71712751-3.jpg\",\"width\":1024,\"height\":768},{\"@type\":\"BreadcrumbList\",\"@id\":\"https:\\\/\\\/turijnmagazijn.nl\\\/fr\\\/produit\\\/chaise-moteur-arriere-support-reglage-lancia-kappa-coup\\\/#breadcrumb\",\"itemListElement\":[{\"@type\":\"ListItem\",\"position\":1,\"name\":\"Home\",\"item\":\"https:\\\/\\\/turijnmagazijn.nl\\\/fr\\\/\"},{\"@type\":\"ListItem\",\"position\":2,\"name\":\"Produits\",\"item\":\"https:\\\/\\\/turijnmagazijn.nl\\\/fr\\\/shop\\\/\"},{\"@type\":\"ListItem\",\"position\":3,\"name\":\"R\u00e9glage de la b\u00e9quille arri\u00e8re du si\u00e8ge Lancia Kappa Coup?\"}]},{\"@type\":\"WebSite\",\"@id\":\"https:\\\/\\\/turijnmagazijn.jumpstone-dev.nl\\\/#website\",\"url\":\"https:\\\/\\\/turijnmagazijn.jumpstone-dev.nl\\\/\",\"name\":\"Turijnmagazijn\",\"description\":\"Onderdelen nieuw en gebruikt - Fiat &amp; Lancia\",\"publisher\":{\"@id\":\"https:\\\/\\\/turijnmagazijn.jumpstone-dev.nl\\\/#organization\"},\"potentialAction\":[{\"@type\":\"SearchAction\",\"target\":{\"@type\":\"EntryPoint\",\"urlTemplate\":\"https:\\\/\\\/turijnmagazijn.jumpstone-dev.nl\\\/?s={search_term_string}\"},\"query-input\":{\"@type\":\"PropertyValueSpecification\",\"valueRequired\":true,\"valueName\":\"search_term_string\"}}],\"inLanguage\":\"fr-FR\"},{\"@type\":\"Organization\",\"@id\":\"https:\\\/\\\/turijnmagazijn.jumpstone-dev.nl\\\/#organization\",\"name\":\"Turijnmagazijn\",\"url\":\"https:\\\/\\\/turijnmagazijn.jumpstone-dev.nl\\\/\",\"logo\":{\"@type\":\"ImageObject\",\"inLanguage\":\"fr-FR\",\"@id\":\"https:\\\/\\\/turijnmagazijn.jumpstone-dev.nl\\\/#\\\/schema\\\/logo\\\/image\\\/\",\"url\":\"https:\\\/\\\/turijnmagazijn.nl\\\/wp-content\\\/uploads\\\/2021\\\/02\\\/turijnmagazijnlogo.png\",\"contentUrl\":\"https:\\\/\\\/turijnmagazijn.nl\\\/wp-content\\\/uploads\\\/2021\\\/02\\\/turijnmagazijnlogo.png\",\"width\":555,\"height\":270,\"caption\":\"Turijnmagazijn\"},\"image\":{\"@id\":\"https:\\\/\\\/turijnmagazijn.jumpstone-dev.nl\\\/#\\\/schema\\\/logo\\\/image\\\/\"},\"sameAs\":[\"https:\\\/\\\/www.facebook.com\\\/turijnmagazijn\"]}]}<\/script>\n<!-- \/ Yoast SEO plugin. -->","yoast_head_json":{"title":"R\u00e9glage de la b\u00e9quille arri\u00e8re du si\u00e8ge Lancia Kappa Coup? - Turijnmagazijn","robots":{"index":"index","follow":"follow","max-snippet":"max-snippet:-1","max-image-preview":"max-image-preview:large","max-video-preview":"max-video-preview:-1"},"canonical":"https:\/\/turijnmagazijn.nl\/fr\/produit\/chaise-moteur-arriere-support-reglage-lancia-kappa-coup\/","og_locale":"fr_FR","og_type":"article","og_title":"R\u00e9glage de la b\u00e9quille arri\u00e8re du si\u00e8ge Lancia Kappa Coup? - Turijnmagazijn","og_description":"71712751 Moteur de chaise d\u2019occasion de la marque Bosch destin\u00e9 \u00e0 changer la position du dossier. Vous venez d\u2019un si\u00e8ge r\u00e9glable \u00e9lectriquement de la premi\u00e8re s\u00e9rie Lancia Kappa Coup? avec Poltona Frau stoele","og_url":"https:\/\/turijnmagazijn.nl\/fr\/produit\/chaise-moteur-arriere-support-reglage-lancia-kappa-coup\/","og_site_name":"Turijnmagazijn","article_publisher":"https:\/\/www.facebook.com\/turijnmagazijn","og_image":[{"width":1024,"height":768,"url":"https:\/\/turijnmagazijn.nl\/wp-content\/uploads\/2023\/10\/DK0102649-Stoel-motor-rug-stand-verstelling-Lancia-Kappa-Coupe-71712751-3.jpg","type":"image\/jpeg"}],"twitter_card":"summary_large_image","schema":{"@context":"https:\/\/schema.org","@graph":[{"@type":"WebPage","@id":"https:\/\/turijnmagazijn.nl\/fr\/produit\/chaise-moteur-arriere-support-reglage-lancia-kappa-coup\/","url":"https:\/\/turijnmagazijn.nl\/fr\/produit\/chaise-moteur-arriere-support-reglage-lancia-kappa-coup\/","name":"R\u00e9glage de la b\u00e9quille arri\u00e8re du si\u00e8ge Lancia Kappa Coup? - Turijnmagazijn","isPartOf":{"@id":"https:\/\/turijnmagazijn.jumpstone-dev.nl\/#website"},"primaryImageOfPage":{"@id":"https:\/\/turijnmagazijn.nl\/fr\/produit\/chaise-moteur-arriere-support-reglage-lancia-kappa-coup\/#primaryimage"},"image":{"@id":"https:\/\/turijnmagazijn.nl\/fr\/produit\/chaise-moteur-arriere-support-reglage-lancia-kappa-coup\/#primaryimage"},"thumbnailUrl":"https:\/\/turijnmagazijn.nl\/wp-content\/uploads\/2023\/10\/DK0102649-Stoel-motor-rug-stand-verstelling-Lancia-Kappa-Coupe-71712751-3.jpg","datePublished":"2023-09-10T20:24:44+00:00","breadcrumb":{"@id":"https:\/\/turijnmagazijn.nl\/fr\/produit\/chaise-moteur-arriere-support-reglage-lancia-kappa-coup\/#breadcrumb"},"inLanguage":"fr-FR","potentialAction":[{"@type":"ReadAction","target":["https:\/\/turijnmagazijn.nl\/fr\/produit\/chaise-moteur-arriere-support-reglage-lancia-kappa-coup\/"]}]},{"@type":"ImageObject","inLanguage":"fr-FR","@id":"https:\/\/turijnmagazijn.nl\/fr\/produit\/chaise-moteur-arriere-support-reglage-lancia-kappa-coup\/#primaryimage","url":"https:\/\/turijnmagazijn.nl\/wp-content\/uploads\/2023\/10\/DK0102649-Stoel-motor-rug-stand-verstelling-Lancia-Kappa-Coupe-71712751-3.jpg","contentUrl":"https:\/\/turijnmagazijn.nl\/wp-content\/uploads\/2023\/10\/DK0102649-Stoel-motor-rug-stand-verstelling-Lancia-Kappa-Coupe-71712751-3.jpg","width":1024,"height":768},{"@type":"BreadcrumbList","@id":"https:\/\/turijnmagazijn.nl\/fr\/produit\/chaise-moteur-arriere-support-reglage-lancia-kappa-coup\/#breadcrumb","itemListElement":[{"@type":"ListItem","position":1,"name":"Home","item":"https:\/\/turijnmagazijn.nl\/fr\/"},{"@type":"ListItem","position":2,"name":"Produits","item":"https:\/\/turijnmagazijn.nl\/fr\/shop\/"},{"@type":"ListItem","position":3,"name":"R\u00e9glage de la b\u00e9quille arri\u00e8re du si\u00e8ge Lancia Kappa Coup?"}]},{"@type":"WebSite","@id":"https:\/\/turijnmagazijn.jumpstone-dev.nl\/#website","url":"https:\/\/turijnmagazijn.jumpstone-dev.nl\/","name":"Turijnmagazijn","description":"Onderdelen nieuw en gebruikt - Fiat &amp; Lancia","publisher":{"@id":"https:\/\/turijnmagazijn.jumpstone-dev.nl\/#organization"},"potentialAction":[{"@type":"SearchAction","target":{"@type":"EntryPoint","urlTemplate":"https:\/\/turijnmagazijn.jumpstone-dev.nl\/?s={search_term_string}"},"query-input":{"@type":"PropertyValueSpecification","valueRequired":true,"valueName":"search_term_string"}}],"inLanguage":"fr-FR"},{"@type":"Organization","@id":"https:\/\/turijnmagazijn.jumpstone-dev.nl\/#organization","name":"Turijnmagazijn","url":"https:\/\/turijnmagazijn.jumpstone-dev.nl\/","logo":{"@type":"ImageObject","inLanguage":"fr-FR","@id":"https:\/\/turijnmagazijn.jumpstone-dev.nl\/#\/schema\/logo\/image\/","url":"https:\/\/turijnmagazijn.nl\/wp-content\/uploads\/2021\/02\/turijnmagazijnlogo.png","contentUrl":"https:\/\/turijnmagazijn.nl\/wp-content\/uploads\/2021\/02\/turijnmagazijnlogo.png","width":555,"height":270,"caption":"Turijnmagazijn"},"image":{"@id":"https:\/\/turijnmagazijn.jumpstone-dev.nl\/#\/schema\/logo\/image\/"},"sameAs":["https:\/\/www.facebook.com\/turijnmagazijn"]}]}},"_links":{"self":[{"href":"https:\/\/turijnmagazijn.nl\/fr\/wp-json\/wp\/v2\/product\/73871","targetHints":{"allow":["GET"]}}],"collection":[{"href":"https:\/\/turijnmagazijn.nl\/fr\/wp-json\/wp\/v2\/product"}],"about":[{"href":"https:\/\/turijnmagazijn.nl\/fr\/wp-json\/wp\/v2\/types\/product"}],"replies":[{"embeddable":true,"href":"https:\/\/turijnmagazijn.nl\/fr\/wp-json\/wp\/v2\/comments?post=73871"}],"wp:featuredmedia":[{"embeddable":true,"href":"https:\/\/turijnmagazijn.nl\/fr\/wp-json\/wp\/v2\/media\/74737"}],"wp:attachment":[{"href":"https:\/\/turijnmagazijn.nl\/fr\/wp-json\/wp\/v2\/media?parent=73871"}],"wp:term":[{"taxonomy":"product_brand","embeddable":true,"href":"https:\/\/turijnmagazijn.nl\/fr\/wp-json\/wp\/v2\/product_brand?post=73871"},{"taxonomy":"product_cat","embeddable":true,"href":"https:\/\/turijnmagazijn.nl\/fr\/wp-json\/wp\/v2\/product_cat?post=73871"},{"taxonomy":"product_tag","embeddable":true,"href":"https:\/\/turijnmagazijn.nl\/fr\/wp-json\/wp\/v2\/product_tag?post=73871"}],"curies":[{"name":"wp","href":"https:\/\/api.w.org\/{rel}","templated":true}]}}