{"id":73892,"date":"2023-09-10T22:24:48","date_gmt":"2023-09-10T20:24:48","guid":{"rendered":"https:\/\/turijnmagazijn.nl\/product\/poignee-de-porte-exterieure-lancia-kappa-avant-gauche-blu-lancia\/"},"modified":"2024-07-18T10:55:06","modified_gmt":"2024-07-18T08:55:06","slug":"poignee-de-porte-exterieur-lancia-kappa-gauche-avant-blu-lancia","status":"publish","type":"product","link":"https:\/\/turijnmagazijn.nl\/fr\/produit\/poignee-de-porte-exterieur-lancia-kappa-gauche-avant-blu-lancia\/","title":{"rendered":"Poign\u00e9e de porte ext\u00e9rieure Lancia Kappa Avant gauche Blu Lancia"},"content":{"rendered":"<p>Poign\u00e9e de porte usag\u00e9e pour l\u2019ext\u00e9rieur d\u2019une Lancia Kappa. Cette poign\u00e9e est mont\u00e9e dans la porte. Poign\u00e9e chrom\u00e9e et un cadre m\u00e9tallique pulv\u00e9ris\u00e9 dans la couleur de la carrosserie. Portier Avant gauche. La couleur de carrosserie de cette voiture est Blu Lancia bleu fonc\u00e9, nombre de couleurs exact inconnu, c\u2019est une peinture m\u00e9tallique. D\u2019apr\u00e8s une berlina Kappa construite en 1997. En bon \u00e9tat de fonctionnement, des dommages mineurs dus \u00e0 l\u2019utilisation sont visibles. Voir les photos. OEM Lancia?715258099<\/p>\n","protected":false},"excerpt":{"rendered":"<p>715258099 Poign\u00e9e de porte usag\u00e9e pour l\u2019ext\u00e9rieur d\u2019une Lancia Kappa. Cette poign\u00e9e est mont\u00e9e dans la porte. Poign\u00e9e chrom\u00e9e et un cadre m\u00e9tallique pulv\u00e9ris\u00e9 dans la couleur de la carrosserie. Lien Porter<\/p>\n","protected":false},"featured_media":74634,"comment_status":"open","ping_status":"closed","template":"","meta":{"_acf_changed":false},"product_brand":[],"product_cat":[1862,1865,1860,1798,1870],"product_tag":[],"class_list":{"0":"post-73892","1":"product","2":"type-product","3":"status-publish","4":"has-post-thumbnail","6":"product_cat-berlina-fr","7":"product_cat-coupe-fr","8":"product_cat-kappa-838-fr","9":"product_cat-lancia-fr","10":"product_cat-sw-fr","11":"pa_soort-onderdeel-carrosserie-et-tolerie","13":"first","14":"instock","15":"shipping-taxable","16":"purchasable","17":"product-type-simple"},"acf":[],"yoast_head":"<!-- This site is optimized with the Yoast SEO plugin v27.2 - https:\/\/yoast.com\/product\/yoast-seo-wordpress\/ -->\n<title>Poign\u00e9e de porte ext\u00e9rieure Lancia Kappa Avant gauche Blu Lancia - Turijnmagazijn<\/title>\n<meta name=\"robots\" content=\"index, follow, max-snippet:-1, max-image-preview:large, max-video-preview:-1\" \/>\n<link rel=\"canonical\" href=\"https:\/\/turijnmagazijn.nl\/fr\/produit\/poignee-de-porte-exterieur-lancia-kappa-gauche-avant-blu-lancia\/\" \/>\n<meta property=\"og:locale\" content=\"fr_FR\" \/>\n<meta property=\"og:type\" content=\"article\" \/>\n<meta property=\"og:title\" content=\"Poign\u00e9e de porte ext\u00e9rieure Lancia Kappa Avant gauche Blu Lancia - Turijnmagazijn\" \/>\n<meta property=\"og:description\" content=\"715258099 Poign\u00e9e de porte usag\u00e9e pour l\u2019ext\u00e9rieur d\u2019une Lancia Kappa. Cette poign\u00e9e est mont\u00e9e dans la porte. Poign\u00e9e chrom\u00e9e et un cadre m\u00e9tallique pulv\u00e9ris\u00e9 dans la couleur de la carrosserie. Lien Porter\" \/>\n<meta property=\"og:url\" content=\"https:\/\/turijnmagazijn.nl\/fr\/produit\/poignee-de-porte-exterieur-lancia-kappa-gauche-avant-blu-lancia\/\" \/>\n<meta property=\"og:site_name\" content=\"Turijnmagazijn\" \/>\n<meta property=\"article:publisher\" content=\"https:\/\/www.facebook.com\/turijnmagazijn\" \/>\n<meta property=\"article:modified_time\" content=\"2024-07-18T08:55:06+00:00\" \/>\n<meta property=\"og:image\" content=\"https:\/\/turijnmagazijn.nl\/wp-content\/uploads\/2023\/10\/DK0102656-DEURKLINK-EXTERIEUR-LANCIA-KAPPA-LINKS-VOORZIJDE-Blu-Lancia-715258099-3.jpg\" \/>\n\t<meta property=\"og:image:width\" content=\"1024\" \/>\n\t<meta property=\"og:image:height\" content=\"768\" \/>\n\t<meta property=\"og:image:type\" content=\"image\/jpeg\" \/>\n<meta name=\"twitter:card\" content=\"summary_large_image\" \/>\n<script type=\"application\/ld+json\" class=\"yoast-schema-graph\">{\"@context\":\"https:\/\/schema.org\",\"@graph\":[{\"@type\":\"WebPage\",\"@id\":\"https:\/\/turijnmagazijn.nl\/fr\/produit\/poignee-de-porte-exterieur-lancia-kappa-gauche-avant-blu-lancia\/\",\"url\":\"https:\/\/turijnmagazijn.nl\/fr\/produit\/poignee-de-porte-exterieur-lancia-kappa-gauche-avant-blu-lancia\/\",\"name\":\"Poign\u00e9e de porte ext\u00e9rieure Lancia Kappa Avant gauche Blu Lancia - Turijnmagazijn\",\"isPartOf\":{\"@id\":\"https:\/\/turijnmagazijn.jumpstone-dev.nl\/#website\"},\"primaryImageOfPage\":{\"@id\":\"https:\/\/turijnmagazijn.nl\/fr\/produit\/poignee-de-porte-exterieur-lancia-kappa-gauche-avant-blu-lancia\/#primaryimage\"},\"image\":{\"@id\":\"https:\/\/turijnmagazijn.nl\/fr\/produit\/poignee-de-porte-exterieur-lancia-kappa-gauche-avant-blu-lancia\/#primaryimage\"},\"thumbnailUrl\":\"https:\/\/turijnmagazijn.nl\/wp-content\/uploads\/2023\/10\/DK0102656-DEURKLINK-EXTERIEUR-LANCIA-KAPPA-LINKS-VOORZIJDE-Blu-Lancia-715258099-3.jpg\",\"datePublished\":\"2023-09-10T20:24:48+00:00\",\"dateModified\":\"2024-07-18T08:55:06+00:00\",\"breadcrumb\":{\"@id\":\"https:\/\/turijnmagazijn.nl\/fr\/produit\/poignee-de-porte-exterieur-lancia-kappa-gauche-avant-blu-lancia\/#breadcrumb\"},\"inLanguage\":\"fr-FR\",\"potentialAction\":[{\"@type\":\"ReadAction\",\"target\":[\"https:\/\/turijnmagazijn.nl\/fr\/produit\/poignee-de-porte-exterieur-lancia-kappa-gauche-avant-blu-lancia\/\"]}]},{\"@type\":\"ImageObject\",\"inLanguage\":\"fr-FR\",\"@id\":\"https:\/\/turijnmagazijn.nl\/fr\/produit\/poignee-de-porte-exterieur-lancia-kappa-gauche-avant-blu-lancia\/#primaryimage\",\"url\":\"https:\/\/turijnmagazijn.nl\/wp-content\/uploads\/2023\/10\/DK0102656-DEURKLINK-EXTERIEUR-LANCIA-KAPPA-LINKS-VOORZIJDE-Blu-Lancia-715258099-3.jpg\",\"contentUrl\":\"https:\/\/turijnmagazijn.nl\/wp-content\/uploads\/2023\/10\/DK0102656-DEURKLINK-EXTERIEUR-LANCIA-KAPPA-LINKS-VOORZIJDE-Blu-Lancia-715258099-3.jpg\",\"width\":1024,\"height\":768},{\"@type\":\"BreadcrumbList\",\"@id\":\"https:\/\/turijnmagazijn.nl\/fr\/produit\/poignee-de-porte-exterieur-lancia-kappa-gauche-avant-blu-lancia\/#breadcrumb\",\"itemListElement\":[{\"@type\":\"ListItem\",\"position\":1,\"name\":\"Home\",\"item\":\"https:\/\/turijnmagazijn.jumpstone-dev.nl\/\"},{\"@type\":\"ListItem\",\"position\":2,\"name\":\"Produits\",\"item\":\"https:\/\/turijnmagazijn.nl\/fr\/shop\/\"},{\"@type\":\"ListItem\",\"position\":3,\"name\":\"Poign\u00e9e de porte ext\u00e9rieure Lancia Kappa Avant gauche Blu Lancia\"}]},{\"@type\":\"WebSite\",\"@id\":\"https:\/\/turijnmagazijn.jumpstone-dev.nl\/#website\",\"url\":\"https:\/\/turijnmagazijn.jumpstone-dev.nl\/\",\"name\":\"Turijnmagazijn\",\"description\":\"Onderdelen nieuw en gebruikt - Fiat &amp; Lancia\",\"publisher\":{\"@id\":\"https:\/\/turijnmagazijn.jumpstone-dev.nl\/#organization\"},\"potentialAction\":[{\"@type\":\"SearchAction\",\"target\":{\"@type\":\"EntryPoint\",\"urlTemplate\":\"https:\/\/turijnmagazijn.jumpstone-dev.nl\/?s={search_term_string}\"},\"query-input\":{\"@type\":\"PropertyValueSpecification\",\"valueRequired\":true,\"valueName\":\"search_term_string\"}}],\"inLanguage\":\"fr-FR\"},{\"@type\":\"Organization\",\"@id\":\"https:\/\/turijnmagazijn.jumpstone-dev.nl\/#organization\",\"name\":\"Turijnmagazijn\",\"url\":\"https:\/\/turijnmagazijn.jumpstone-dev.nl\/\",\"logo\":{\"@type\":\"ImageObject\",\"inLanguage\":\"fr-FR\",\"@id\":\"https:\/\/turijnmagazijn.jumpstone-dev.nl\/#\/schema\/logo\/image\/\",\"url\":\"https:\/\/turijnmagazijn.nl\/wp-content\/uploads\/2021\/02\/turijnmagazijnlogo.png\",\"contentUrl\":\"https:\/\/turijnmagazijn.nl\/wp-content\/uploads\/2021\/02\/turijnmagazijnlogo.png\",\"width\":555,\"height\":270,\"caption\":\"Turijnmagazijn\"},\"image\":{\"@id\":\"https:\/\/turijnmagazijn.jumpstone-dev.nl\/#\/schema\/logo\/image\/\"},\"sameAs\":[\"https:\/\/www.facebook.com\/turijnmagazijn\"]}]}<\/script>\n<!-- \/ Yoast SEO plugin. -->","yoast_head_json":{"title":"Poign\u00e9e de porte ext\u00e9rieure Lancia Kappa Avant gauche Blu Lancia - Turijnmagazijn","robots":{"index":"index","follow":"follow","max-snippet":"max-snippet:-1","max-image-preview":"max-image-preview:large","max-video-preview":"max-video-preview:-1"},"canonical":"https:\/\/turijnmagazijn.nl\/fr\/produit\/poignee-de-porte-exterieur-lancia-kappa-gauche-avant-blu-lancia\/","og_locale":"fr_FR","og_type":"article","og_title":"Poign\u00e9e de porte ext\u00e9rieure Lancia Kappa Avant gauche Blu Lancia - Turijnmagazijn","og_description":"715258099 Poign\u00e9e de porte usag\u00e9e pour l\u2019ext\u00e9rieur d\u2019une Lancia Kappa. Cette poign\u00e9e est mont\u00e9e dans la porte. Poign\u00e9e chrom\u00e9e et un cadre m\u00e9tallique pulv\u00e9ris\u00e9 dans la couleur de la carrosserie. Lien Porter","og_url":"https:\/\/turijnmagazijn.nl\/fr\/produit\/poignee-de-porte-exterieur-lancia-kappa-gauche-avant-blu-lancia\/","og_site_name":"Turijnmagazijn","article_publisher":"https:\/\/www.facebook.com\/turijnmagazijn","article_modified_time":"2024-07-18T08:55:06+00:00","og_image":[{"width":1024,"height":768,"url":"https:\/\/turijnmagazijn.nl\/wp-content\/uploads\/2023\/10\/DK0102656-DEURKLINK-EXTERIEUR-LANCIA-KAPPA-LINKS-VOORZIJDE-Blu-Lancia-715258099-3.jpg","type":"image\/jpeg"}],"twitter_card":"summary_large_image","schema":{"@context":"https:\/\/schema.org","@graph":[{"@type":"WebPage","@id":"https:\/\/turijnmagazijn.nl\/fr\/produit\/poignee-de-porte-exterieur-lancia-kappa-gauche-avant-blu-lancia\/","url":"https:\/\/turijnmagazijn.nl\/fr\/produit\/poignee-de-porte-exterieur-lancia-kappa-gauche-avant-blu-lancia\/","name":"Poign\u00e9e de porte ext\u00e9rieure Lancia Kappa Avant gauche Blu Lancia - Turijnmagazijn","isPartOf":{"@id":"https:\/\/turijnmagazijn.jumpstone-dev.nl\/#website"},"primaryImageOfPage":{"@id":"https:\/\/turijnmagazijn.nl\/fr\/produit\/poignee-de-porte-exterieur-lancia-kappa-gauche-avant-blu-lancia\/#primaryimage"},"image":{"@id":"https:\/\/turijnmagazijn.nl\/fr\/produit\/poignee-de-porte-exterieur-lancia-kappa-gauche-avant-blu-lancia\/#primaryimage"},"thumbnailUrl":"https:\/\/turijnmagazijn.nl\/wp-content\/uploads\/2023\/10\/DK0102656-DEURKLINK-EXTERIEUR-LANCIA-KAPPA-LINKS-VOORZIJDE-Blu-Lancia-715258099-3.jpg","datePublished":"2023-09-10T20:24:48+00:00","dateModified":"2024-07-18T08:55:06+00:00","breadcrumb":{"@id":"https:\/\/turijnmagazijn.nl\/fr\/produit\/poignee-de-porte-exterieur-lancia-kappa-gauche-avant-blu-lancia\/#breadcrumb"},"inLanguage":"fr-FR","potentialAction":[{"@type":"ReadAction","target":["https:\/\/turijnmagazijn.nl\/fr\/produit\/poignee-de-porte-exterieur-lancia-kappa-gauche-avant-blu-lancia\/"]}]},{"@type":"ImageObject","inLanguage":"fr-FR","@id":"https:\/\/turijnmagazijn.nl\/fr\/produit\/poignee-de-porte-exterieur-lancia-kappa-gauche-avant-blu-lancia\/#primaryimage","url":"https:\/\/turijnmagazijn.nl\/wp-content\/uploads\/2023\/10\/DK0102656-DEURKLINK-EXTERIEUR-LANCIA-KAPPA-LINKS-VOORZIJDE-Blu-Lancia-715258099-3.jpg","contentUrl":"https:\/\/turijnmagazijn.nl\/wp-content\/uploads\/2023\/10\/DK0102656-DEURKLINK-EXTERIEUR-LANCIA-KAPPA-LINKS-VOORZIJDE-Blu-Lancia-715258099-3.jpg","width":1024,"height":768},{"@type":"BreadcrumbList","@id":"https:\/\/turijnmagazijn.nl\/fr\/produit\/poignee-de-porte-exterieur-lancia-kappa-gauche-avant-blu-lancia\/#breadcrumb","itemListElement":[{"@type":"ListItem","position":1,"name":"Home","item":"https:\/\/turijnmagazijn.jumpstone-dev.nl\/"},{"@type":"ListItem","position":2,"name":"Produits","item":"https:\/\/turijnmagazijn.nl\/fr\/shop\/"},{"@type":"ListItem","position":3,"name":"Poign\u00e9e de porte ext\u00e9rieure Lancia Kappa Avant gauche Blu Lancia"}]},{"@type":"WebSite","@id":"https:\/\/turijnmagazijn.jumpstone-dev.nl\/#website","url":"https:\/\/turijnmagazijn.jumpstone-dev.nl\/","name":"Turijnmagazijn","description":"Onderdelen nieuw en gebruikt - Fiat &amp; Lancia","publisher":{"@id":"https:\/\/turijnmagazijn.jumpstone-dev.nl\/#organization"},"potentialAction":[{"@type":"SearchAction","target":{"@type":"EntryPoint","urlTemplate":"https:\/\/turijnmagazijn.jumpstone-dev.nl\/?s={search_term_string}"},"query-input":{"@type":"PropertyValueSpecification","valueRequired":true,"valueName":"search_term_string"}}],"inLanguage":"fr-FR"},{"@type":"Organization","@id":"https:\/\/turijnmagazijn.jumpstone-dev.nl\/#organization","name":"Turijnmagazijn","url":"https:\/\/turijnmagazijn.jumpstone-dev.nl\/","logo":{"@type":"ImageObject","inLanguage":"fr-FR","@id":"https:\/\/turijnmagazijn.jumpstone-dev.nl\/#\/schema\/logo\/image\/","url":"https:\/\/turijnmagazijn.nl\/wp-content\/uploads\/2021\/02\/turijnmagazijnlogo.png","contentUrl":"https:\/\/turijnmagazijn.nl\/wp-content\/uploads\/2021\/02\/turijnmagazijnlogo.png","width":555,"height":270,"caption":"Turijnmagazijn"},"image":{"@id":"https:\/\/turijnmagazijn.jumpstone-dev.nl\/#\/schema\/logo\/image\/"},"sameAs":["https:\/\/www.facebook.com\/turijnmagazijn"]}]}},"_links":{"self":[{"href":"https:\/\/turijnmagazijn.nl\/fr\/wp-json\/wp\/v2\/product\/73892","targetHints":{"allow":["GET"]}}],"collection":[{"href":"https:\/\/turijnmagazijn.nl\/fr\/wp-json\/wp\/v2\/product"}],"about":[{"href":"https:\/\/turijnmagazijn.nl\/fr\/wp-json\/wp\/v2\/types\/product"}],"replies":[{"embeddable":true,"href":"https:\/\/turijnmagazijn.nl\/fr\/wp-json\/wp\/v2\/comments?post=73892"}],"wp:featuredmedia":[{"embeddable":true,"href":"https:\/\/turijnmagazijn.nl\/fr\/wp-json\/wp\/v2\/media\/74634"}],"wp:attachment":[{"href":"https:\/\/turijnmagazijn.nl\/fr\/wp-json\/wp\/v2\/media?parent=73892"}],"wp:term":[{"taxonomy":"product_brand","embeddable":true,"href":"https:\/\/turijnmagazijn.nl\/fr\/wp-json\/wp\/v2\/product_brand?post=73892"},{"taxonomy":"product_cat","embeddable":true,"href":"https:\/\/turijnmagazijn.nl\/fr\/wp-json\/wp\/v2\/product_cat?post=73892"},{"taxonomy":"product_tag","embeddable":true,"href":"https:\/\/turijnmagazijn.nl\/fr\/wp-json\/wp\/v2\/product_tag?post=73892"}],"curies":[{"name":"wp","href":"https:\/\/api.w.org\/{rel}","templated":true}]}}