{"id":75754,"date":"2023-11-28T20:35:20","date_gmt":"2023-11-28T19:35:20","guid":{"rendered":"https:\/\/turijnmagazijn.nl\/product\/attache-ressort-logo-lancia-delta-integrale-2-pcs\/"},"modified":"2026-02-02T21:36:25","modified_gmt":"2026-02-02T20:36:25","slug":"attache-ressort-logo-lancia-delta-integrale-2-pcs","status":"publish","type":"product","link":"https:\/\/turijnmagazijn.nl\/fr\/produit\/attache-ressort-logo-lancia-delta-integrale-2-pcs\/","title":{"rendered":"Attache ressort logo Lancia Delta Integrale (2 pcs)"},"content":{"rendered":"<p>Nouvelle pi\u00e8ce d\u2019imitation.<\/p>\n<p>Lot de 2 pi\u00e8ces d&rsquo;anneaux de serrage pour la fixation des logos m\u00e9talliques de la premi\u00e8re s\u00e9rie Lancia Delta.<\/p>\n<p>Convient pour le logo dans la calandre (\u00e0 condition qu&rsquo;il s&rsquo;agisse d&rsquo;un logo en m\u00e9tal avec \u00e9mail) et le logo sur les jupes lat\u00e9rales.<\/p>\n<p>2 n\u00e9cessaires par logo.<\/p>\n<p>OEM Lancia 82015002 (r\u00e9f\u00e9rence seulement)<\/p>\n","protected":false},"excerpt":{"rendered":"<p>82015002 Lot de 2 pi\u00e8ces d&rsquo;anneaux de serrage pour la fixation des logos m\u00e9talliques de la premi\u00e8re s\u00e9rie Lancia Delta.<\/p>\n","protected":false},"featured_media":75783,"comment_status":"closed","ping_status":"closed","template":"","meta":{"_acf_changed":false},"product_brand":[],"product_cat":[1809,1806,1819,1821,1825,1836,1830,1798],"product_tag":[],"class_list":{"0":"post-75754","1":"product","2":"type-product","3":"status-publish","4":"has-post-thumbnail","6":"product_cat-1-1-1-3-1-5-fr","7":"product_cat-delta-1-831-fr","8":"product_cat-gt-i-e-fr","9":"product_cat-hf-4wd-fr","10":"product_cat-hf-turbo-fr","11":"product_cat-integrale-16v-fr","12":"product_cat-integrale-8v-fr","13":"product_cat-lancia-fr","14":"pa_soort-onderdeel-carrosserie-et-tolerie","16":"first","17":"instock","18":"taxable","19":"shipping-taxable","20":"purchasable","21":"product-type-simple"},"acf":[],"yoast_head":"<!-- This site is optimized with the Yoast SEO plugin v27.2 - https:\/\/yoast.com\/product\/yoast-seo-wordpress\/ -->\n<title>Attache ressort logo Lancia Delta Integrale (2 pcs) - Turijnmagazijn<\/title>\n<meta name=\"robots\" content=\"index, follow, max-snippet:-1, max-image-preview:large, max-video-preview:-1\" \/>\n<link rel=\"canonical\" href=\"https:\/\/turijnmagazijn.nl\/fr\/produit\/attache-ressort-logo-lancia-delta-integrale-2-pcs\/\" \/>\n<meta property=\"og:locale\" content=\"fr_FR\" \/>\n<meta property=\"og:type\" content=\"article\" \/>\n<meta property=\"og:title\" content=\"Attache ressort logo Lancia Delta Integrale (2 pcs) - Turijnmagazijn\" \/>\n<meta property=\"og:description\" content=\"82015002 Lot de 2 pi\u00e8ces d&#039;anneaux de serrage pour la fixation des logos m\u00e9talliques de la premi\u00e8re s\u00e9rie Lancia Delta.\" \/>\n<meta property=\"og:url\" content=\"https:\/\/turijnmagazijn.nl\/fr\/produit\/attache-ressort-logo-lancia-delta-integrale-2-pcs\/\" \/>\n<meta property=\"og:site_name\" content=\"Turijnmagazijn\" \/>\n<meta property=\"article:publisher\" content=\"https:\/\/www.facebook.com\/turijnmagazijn\" \/>\n<meta property=\"article:modified_time\" content=\"2026-02-02T20:36:25+00:00\" \/>\n<meta property=\"og:image\" content=\"https:\/\/turijnmagazijn.nl\/wp-content\/uploads\/2023\/11\/DN0100315-Klemveer-logo-bevestiging-Lancia-Delta-Integrale-2-st-82015002-3.jpeg\" \/>\n\t<meta property=\"og:image:width\" content=\"1636\" \/>\n\t<meta property=\"og:image:height\" content=\"1180\" \/>\n\t<meta property=\"og:image:type\" content=\"image\/jpeg\" \/>\n<meta name=\"twitter:card\" content=\"summary_large_image\" \/>\n<script type=\"application\/ld+json\" class=\"yoast-schema-graph\">{\"@context\":\"https:\/\/schema.org\",\"@graph\":[{\"@type\":\"WebPage\",\"@id\":\"https:\/\/turijnmagazijn.nl\/fr\/produit\/attache-ressort-logo-lancia-delta-integrale-2-pcs\/\",\"url\":\"https:\/\/turijnmagazijn.nl\/fr\/produit\/attache-ressort-logo-lancia-delta-integrale-2-pcs\/\",\"name\":\"Attache ressort logo Lancia Delta Integrale (2 pcs) - Turijnmagazijn\",\"isPartOf\":{\"@id\":\"https:\/\/turijnmagazijn.jumpstone-dev.nl\/#website\"},\"primaryImageOfPage\":{\"@id\":\"https:\/\/turijnmagazijn.nl\/fr\/produit\/attache-ressort-logo-lancia-delta-integrale-2-pcs\/#primaryimage\"},\"image\":{\"@id\":\"https:\/\/turijnmagazijn.nl\/fr\/produit\/attache-ressort-logo-lancia-delta-integrale-2-pcs\/#primaryimage\"},\"thumbnailUrl\":\"https:\/\/turijnmagazijn.nl\/wp-content\/uploads\/2023\/11\/DN0100315-Klemveer-logo-bevestiging-Lancia-Delta-Integrale-2-st-82015002-3.jpeg\",\"datePublished\":\"2023-11-28T19:35:20+00:00\",\"dateModified\":\"2026-02-02T20:36:25+00:00\",\"breadcrumb\":{\"@id\":\"https:\/\/turijnmagazijn.nl\/fr\/produit\/attache-ressort-logo-lancia-delta-integrale-2-pcs\/#breadcrumb\"},\"inLanguage\":\"fr-FR\",\"potentialAction\":[{\"@type\":\"ReadAction\",\"target\":[\"https:\/\/turijnmagazijn.nl\/fr\/produit\/attache-ressort-logo-lancia-delta-integrale-2-pcs\/\"]}]},{\"@type\":\"ImageObject\",\"inLanguage\":\"fr-FR\",\"@id\":\"https:\/\/turijnmagazijn.nl\/fr\/produit\/attache-ressort-logo-lancia-delta-integrale-2-pcs\/#primaryimage\",\"url\":\"https:\/\/turijnmagazijn.nl\/wp-content\/uploads\/2023\/11\/DN0100315-Klemveer-logo-bevestiging-Lancia-Delta-Integrale-2-st-82015002-3.jpeg\",\"contentUrl\":\"https:\/\/turijnmagazijn.nl\/wp-content\/uploads\/2023\/11\/DN0100315-Klemveer-logo-bevestiging-Lancia-Delta-Integrale-2-st-82015002-3.jpeg\",\"width\":1636,\"height\":1180},{\"@type\":\"BreadcrumbList\",\"@id\":\"https:\/\/turijnmagazijn.nl\/fr\/produit\/attache-ressort-logo-lancia-delta-integrale-2-pcs\/#breadcrumb\",\"itemListElement\":[{\"@type\":\"ListItem\",\"position\":1,\"name\":\"Home\",\"item\":\"https:\/\/turijnmagazijn.nl\/fr\/\"},{\"@type\":\"ListItem\",\"position\":2,\"name\":\"Produits\",\"item\":\"https:\/\/turijnmagazijn.nl\/fr\/shop\/\"},{\"@type\":\"ListItem\",\"position\":3,\"name\":\"Attache ressort logo Lancia Delta Integrale (2 pcs)\"}]},{\"@type\":\"WebSite\",\"@id\":\"https:\/\/turijnmagazijn.jumpstone-dev.nl\/#website\",\"url\":\"https:\/\/turijnmagazijn.jumpstone-dev.nl\/\",\"name\":\"Turijnmagazijn\",\"description\":\"Onderdelen nieuw en gebruikt - Fiat &amp; Lancia\",\"publisher\":{\"@id\":\"https:\/\/turijnmagazijn.jumpstone-dev.nl\/#organization\"},\"potentialAction\":[{\"@type\":\"SearchAction\",\"target\":{\"@type\":\"EntryPoint\",\"urlTemplate\":\"https:\/\/turijnmagazijn.jumpstone-dev.nl\/?s={search_term_string}\"},\"query-input\":{\"@type\":\"PropertyValueSpecification\",\"valueRequired\":true,\"valueName\":\"search_term_string\"}}],\"inLanguage\":\"fr-FR\"},{\"@type\":\"Organization\",\"@id\":\"https:\/\/turijnmagazijn.jumpstone-dev.nl\/#organization\",\"name\":\"Turijnmagazijn\",\"url\":\"https:\/\/turijnmagazijn.jumpstone-dev.nl\/\",\"logo\":{\"@type\":\"ImageObject\",\"inLanguage\":\"fr-FR\",\"@id\":\"https:\/\/turijnmagazijn.jumpstone-dev.nl\/#\/schema\/logo\/image\/\",\"url\":\"https:\/\/turijnmagazijn.nl\/wp-content\/uploads\/2021\/02\/turijnmagazijnlogo.png\",\"contentUrl\":\"https:\/\/turijnmagazijn.nl\/wp-content\/uploads\/2021\/02\/turijnmagazijnlogo.png\",\"width\":555,\"height\":270,\"caption\":\"Turijnmagazijn\"},\"image\":{\"@id\":\"https:\/\/turijnmagazijn.jumpstone-dev.nl\/#\/schema\/logo\/image\/\"},\"sameAs\":[\"https:\/\/www.facebook.com\/turijnmagazijn\"]}]}<\/script>\n<!-- \/ Yoast SEO plugin. -->","yoast_head_json":{"title":"Attache ressort logo Lancia Delta Integrale (2 pcs) - Turijnmagazijn","robots":{"index":"index","follow":"follow","max-snippet":"max-snippet:-1","max-image-preview":"max-image-preview:large","max-video-preview":"max-video-preview:-1"},"canonical":"https:\/\/turijnmagazijn.nl\/fr\/produit\/attache-ressort-logo-lancia-delta-integrale-2-pcs\/","og_locale":"fr_FR","og_type":"article","og_title":"Attache ressort logo Lancia Delta Integrale (2 pcs) - Turijnmagazijn","og_description":"82015002 Lot de 2 pi\u00e8ces d'anneaux de serrage pour la fixation des logos m\u00e9talliques de la premi\u00e8re s\u00e9rie Lancia Delta.","og_url":"https:\/\/turijnmagazijn.nl\/fr\/produit\/attache-ressort-logo-lancia-delta-integrale-2-pcs\/","og_site_name":"Turijnmagazijn","article_publisher":"https:\/\/www.facebook.com\/turijnmagazijn","article_modified_time":"2026-02-02T20:36:25+00:00","og_image":[{"width":1636,"height":1180,"url":"https:\/\/turijnmagazijn.nl\/wp-content\/uploads\/2023\/11\/DN0100315-Klemveer-logo-bevestiging-Lancia-Delta-Integrale-2-st-82015002-3.jpeg","type":"image\/jpeg"}],"twitter_card":"summary_large_image","schema":{"@context":"https:\/\/schema.org","@graph":[{"@type":"WebPage","@id":"https:\/\/turijnmagazijn.nl\/fr\/produit\/attache-ressort-logo-lancia-delta-integrale-2-pcs\/","url":"https:\/\/turijnmagazijn.nl\/fr\/produit\/attache-ressort-logo-lancia-delta-integrale-2-pcs\/","name":"Attache ressort logo Lancia Delta Integrale (2 pcs) - Turijnmagazijn","isPartOf":{"@id":"https:\/\/turijnmagazijn.jumpstone-dev.nl\/#website"},"primaryImageOfPage":{"@id":"https:\/\/turijnmagazijn.nl\/fr\/produit\/attache-ressort-logo-lancia-delta-integrale-2-pcs\/#primaryimage"},"image":{"@id":"https:\/\/turijnmagazijn.nl\/fr\/produit\/attache-ressort-logo-lancia-delta-integrale-2-pcs\/#primaryimage"},"thumbnailUrl":"https:\/\/turijnmagazijn.nl\/wp-content\/uploads\/2023\/11\/DN0100315-Klemveer-logo-bevestiging-Lancia-Delta-Integrale-2-st-82015002-3.jpeg","datePublished":"2023-11-28T19:35:20+00:00","dateModified":"2026-02-02T20:36:25+00:00","breadcrumb":{"@id":"https:\/\/turijnmagazijn.nl\/fr\/produit\/attache-ressort-logo-lancia-delta-integrale-2-pcs\/#breadcrumb"},"inLanguage":"fr-FR","potentialAction":[{"@type":"ReadAction","target":["https:\/\/turijnmagazijn.nl\/fr\/produit\/attache-ressort-logo-lancia-delta-integrale-2-pcs\/"]}]},{"@type":"ImageObject","inLanguage":"fr-FR","@id":"https:\/\/turijnmagazijn.nl\/fr\/produit\/attache-ressort-logo-lancia-delta-integrale-2-pcs\/#primaryimage","url":"https:\/\/turijnmagazijn.nl\/wp-content\/uploads\/2023\/11\/DN0100315-Klemveer-logo-bevestiging-Lancia-Delta-Integrale-2-st-82015002-3.jpeg","contentUrl":"https:\/\/turijnmagazijn.nl\/wp-content\/uploads\/2023\/11\/DN0100315-Klemveer-logo-bevestiging-Lancia-Delta-Integrale-2-st-82015002-3.jpeg","width":1636,"height":1180},{"@type":"BreadcrumbList","@id":"https:\/\/turijnmagazijn.nl\/fr\/produit\/attache-ressort-logo-lancia-delta-integrale-2-pcs\/#breadcrumb","itemListElement":[{"@type":"ListItem","position":1,"name":"Home","item":"https:\/\/turijnmagazijn.nl\/fr\/"},{"@type":"ListItem","position":2,"name":"Produits","item":"https:\/\/turijnmagazijn.nl\/fr\/shop\/"},{"@type":"ListItem","position":3,"name":"Attache ressort logo Lancia Delta Integrale (2 pcs)"}]},{"@type":"WebSite","@id":"https:\/\/turijnmagazijn.jumpstone-dev.nl\/#website","url":"https:\/\/turijnmagazijn.jumpstone-dev.nl\/","name":"Turijnmagazijn","description":"Onderdelen nieuw en gebruikt - Fiat &amp; Lancia","publisher":{"@id":"https:\/\/turijnmagazijn.jumpstone-dev.nl\/#organization"},"potentialAction":[{"@type":"SearchAction","target":{"@type":"EntryPoint","urlTemplate":"https:\/\/turijnmagazijn.jumpstone-dev.nl\/?s={search_term_string}"},"query-input":{"@type":"PropertyValueSpecification","valueRequired":true,"valueName":"search_term_string"}}],"inLanguage":"fr-FR"},{"@type":"Organization","@id":"https:\/\/turijnmagazijn.jumpstone-dev.nl\/#organization","name":"Turijnmagazijn","url":"https:\/\/turijnmagazijn.jumpstone-dev.nl\/","logo":{"@type":"ImageObject","inLanguage":"fr-FR","@id":"https:\/\/turijnmagazijn.jumpstone-dev.nl\/#\/schema\/logo\/image\/","url":"https:\/\/turijnmagazijn.nl\/wp-content\/uploads\/2021\/02\/turijnmagazijnlogo.png","contentUrl":"https:\/\/turijnmagazijn.nl\/wp-content\/uploads\/2021\/02\/turijnmagazijnlogo.png","width":555,"height":270,"caption":"Turijnmagazijn"},"image":{"@id":"https:\/\/turijnmagazijn.jumpstone-dev.nl\/#\/schema\/logo\/image\/"},"sameAs":["https:\/\/www.facebook.com\/turijnmagazijn"]}]}},"_links":{"self":[{"href":"https:\/\/turijnmagazijn.nl\/fr\/wp-json\/wp\/v2\/product\/75754","targetHints":{"allow":["GET"]}}],"collection":[{"href":"https:\/\/turijnmagazijn.nl\/fr\/wp-json\/wp\/v2\/product"}],"about":[{"href":"https:\/\/turijnmagazijn.nl\/fr\/wp-json\/wp\/v2\/types\/product"}],"replies":[{"embeddable":true,"href":"https:\/\/turijnmagazijn.nl\/fr\/wp-json\/wp\/v2\/comments?post=75754"}],"wp:featuredmedia":[{"embeddable":true,"href":"https:\/\/turijnmagazijn.nl\/fr\/wp-json\/wp\/v2\/media\/75783"}],"wp:attachment":[{"href":"https:\/\/turijnmagazijn.nl\/fr\/wp-json\/wp\/v2\/media?parent=75754"}],"wp:term":[{"taxonomy":"product_brand","embeddable":true,"href":"https:\/\/turijnmagazijn.nl\/fr\/wp-json\/wp\/v2\/product_brand?post=75754"},{"taxonomy":"product_cat","embeddable":true,"href":"https:\/\/turijnmagazijn.nl\/fr\/wp-json\/wp\/v2\/product_cat?post=75754"},{"taxonomy":"product_tag","embeddable":true,"href":"https:\/\/turijnmagazijn.nl\/fr\/wp-json\/wp\/v2\/product_tag?post=75754"}],"curies":[{"name":"wp","href":"https:\/\/api.w.org\/{rel}","templated":true}]}}