{"id":75803,"date":"2023-12-02T19:36:33","date_gmt":"2023-12-02T18:36:33","guid":{"rendered":"https:\/\/turijnmagazijn.nl\/product\/cadre-de-feu-antibrouillard-avant-droit-lancia-kappa-blue\/"},"modified":"2024-03-15T18:21:35","modified_gmt":"2024-03-15T17:21:35","slug":"cadre-de-feu-antibrouillard-avant-droit-lancia-kappa-blue","status":"publish","type":"product","link":"https:\/\/turijnmagazijn.nl\/fr\/produit\/cadre-de-feu-antibrouillard-avant-droit-lancia-kappa-blue\/","title":{"rendered":"Cadre de feu antibrouillard avant droit Lancia Kappa Blue"},"content":{"rendered":"<p>Cadre pour montage dans le pare-chocs avant autour du feu antibrouillard sur le c\u00f4t\u00e9 droit pour Lancia Kappa. Les deux s&rsquo;appliquent \u00e0 la berline, au coup\u00e9 et au SW.<\/p>\n<p>Le cadre est en bon \u00e9tat et provient d\u2019une berline construite en 1998. Les cadres gauche et droite diff\u00e8rent.<\/p>\n<p>Le cadre est peint en couleur et dans ce cas, il s&rsquo;agit du bleu fonc\u00e9 Blu Lancia dont le code couleur est inconnu.<\/p>\n<p>Sans les vis de montage.<\/p>\n<p>Inscription \u00e0 l\u2019int\u00e9rieur :<br \/>\n36760744<br \/>\nD<br \/>\nCarello<\/p>\n<p>Num\u00e9ro OEM Lancia 5895393<\/p>\n","protected":false},"excerpt":{"rendered":"<p>5895393 Cadre de feu antibrouillard avant droit Lancia Kappa &#8211; Cadre pour montage dans le pare-chocs avant autour du feu antibrouillard lat\u00e9ral droit pour Lancia Kappa.<\/p>\n","protected":false},"featured_media":76580,"comment_status":"open","ping_status":"closed","template":"","meta":{"_acf_changed":false},"product_brand":[],"product_cat":[1862,1865,1860,1798,1870],"product_tag":[],"class_list":{"0":"post-75803","1":"product","2":"type-product","3":"status-publish","4":"has-post-thumbnail","6":"product_cat-berlina-fr","7":"product_cat-coupe-fr","8":"product_cat-kappa-838-fr","9":"product_cat-lancia-fr","10":"product_cat-sw-fr","11":"pa_soort-onderdeel-carrosserie-et-tolerie","13":"first","14":"instock","15":"shipping-taxable","16":"purchasable","17":"product-type-simple"},"acf":[],"yoast_head":"<!-- This site is optimized with the Yoast SEO plugin v27.2 - https:\/\/yoast.com\/product\/yoast-seo-wordpress\/ -->\n<title>Cadre de feu antibrouillard avant droit Lancia Kappa Blue - Turijnmagazijn<\/title>\n<meta name=\"robots\" content=\"index, follow, max-snippet:-1, max-image-preview:large, max-video-preview:-1\" \/>\n<link rel=\"canonical\" href=\"https:\/\/turijnmagazijn.nl\/fr\/produit\/cadre-de-feu-antibrouillard-avant-droit-lancia-kappa-blue\/\" \/>\n<meta property=\"og:locale\" content=\"fr_FR\" \/>\n<meta property=\"og:type\" content=\"article\" \/>\n<meta property=\"og:title\" content=\"Cadre de feu antibrouillard avant droit Lancia Kappa Blue - Turijnmagazijn\" \/>\n<meta property=\"og:description\" content=\"5895393 Cadre de feu antibrouillard avant droit Lancia Kappa - Cadre pour montage dans le pare-chocs avant autour du feu antibrouillard lat\u00e9ral droit pour Lancia Kappa.\" \/>\n<meta property=\"og:url\" content=\"https:\/\/turijnmagazijn.nl\/fr\/produit\/cadre-de-feu-antibrouillard-avant-droit-lancia-kappa-blue\/\" \/>\n<meta property=\"og:site_name\" content=\"Turijnmagazijn\" \/>\n<meta property=\"article:publisher\" content=\"https:\/\/www.facebook.com\/turijnmagazijn\" \/>\n<meta property=\"article:modified_time\" content=\"2024-03-15T17:21:35+00:00\" \/>\n<meta name=\"twitter:card\" content=\"summary_large_image\" \/>\n<script type=\"application\/ld+json\" class=\"yoast-schema-graph\">{\"@context\":\"https:\/\/schema.org\",\"@graph\":[{\"@type\":\"WebPage\",\"@id\":\"https:\/\/turijnmagazijn.nl\/fr\/produit\/cadre-de-feu-antibrouillard-avant-droit-lancia-kappa-blue\/\",\"url\":\"https:\/\/turijnmagazijn.nl\/fr\/produit\/cadre-de-feu-antibrouillard-avant-droit-lancia-kappa-blue\/\",\"name\":\"Cadre de feu antibrouillard avant droit Lancia Kappa Blue - Turijnmagazijn\",\"isPartOf\":{\"@id\":\"https:\/\/turijnmagazijn.jumpstone-dev.nl\/#website\"},\"primaryImageOfPage\":{\"@id\":\"https:\/\/turijnmagazijn.nl\/fr\/produit\/cadre-de-feu-antibrouillard-avant-droit-lancia-kappa-blue\/#primaryimage\"},\"image\":{\"@id\":\"https:\/\/turijnmagazijn.nl\/fr\/produit\/cadre-de-feu-antibrouillard-avant-droit-lancia-kappa-blue\/#primaryimage\"},\"thumbnailUrl\":\"https:\/\/turijnmagazijn.nl\/wp-content\/uploads\/2023\/12\/DK0102657-Mistlampframe-voorzijde-rechts-Lancia-Kappa-Blauw-5895393-3-scaled.jpg\",\"datePublished\":\"2023-12-02T18:36:33+00:00\",\"dateModified\":\"2024-03-15T17:21:35+00:00\",\"breadcrumb\":{\"@id\":\"https:\/\/turijnmagazijn.nl\/fr\/produit\/cadre-de-feu-antibrouillard-avant-droit-lancia-kappa-blue\/#breadcrumb\"},\"inLanguage\":\"fr-FR\",\"potentialAction\":[{\"@type\":\"ReadAction\",\"target\":[\"https:\/\/turijnmagazijn.nl\/fr\/produit\/cadre-de-feu-antibrouillard-avant-droit-lancia-kappa-blue\/\"]}]},{\"@type\":\"ImageObject\",\"inLanguage\":\"fr-FR\",\"@id\":\"https:\/\/turijnmagazijn.nl\/fr\/produit\/cadre-de-feu-antibrouillard-avant-droit-lancia-kappa-blue\/#primaryimage\",\"url\":\"https:\/\/turijnmagazijn.nl\/wp-content\/uploads\/2023\/12\/DK0102657-Mistlampframe-voorzijde-rechts-Lancia-Kappa-Blauw-5895393-3-scaled.jpg\",\"contentUrl\":\"https:\/\/turijnmagazijn.nl\/wp-content\/uploads\/2023\/12\/DK0102657-Mistlampframe-voorzijde-rechts-Lancia-Kappa-Blauw-5895393-3-scaled.jpg\",\"width\":2560,\"height\":1920},{\"@type\":\"BreadcrumbList\",\"@id\":\"https:\/\/turijnmagazijn.nl\/fr\/produit\/cadre-de-feu-antibrouillard-avant-droit-lancia-kappa-blue\/#breadcrumb\",\"itemListElement\":[{\"@type\":\"ListItem\",\"position\":1,\"name\":\"Home\",\"item\":\"https:\/\/turijnmagazijn.nl\/fr\/\"},{\"@type\":\"ListItem\",\"position\":2,\"name\":\"Produits\",\"item\":\"https:\/\/turijnmagazijn.nl\/fr\/shop\/\"},{\"@type\":\"ListItem\",\"position\":3,\"name\":\"Cadre de feu antibrouillard avant droit Lancia Kappa Blue\"}]},{\"@type\":\"WebSite\",\"@id\":\"https:\/\/turijnmagazijn.jumpstone-dev.nl\/#website\",\"url\":\"https:\/\/turijnmagazijn.jumpstone-dev.nl\/\",\"name\":\"Turijnmagazijn\",\"description\":\"Onderdelen nieuw en gebruikt - Fiat &amp; Lancia\",\"publisher\":{\"@id\":\"https:\/\/turijnmagazijn.jumpstone-dev.nl\/#organization\"},\"potentialAction\":[{\"@type\":\"SearchAction\",\"target\":{\"@type\":\"EntryPoint\",\"urlTemplate\":\"https:\/\/turijnmagazijn.jumpstone-dev.nl\/?s={search_term_string}\"},\"query-input\":{\"@type\":\"PropertyValueSpecification\",\"valueRequired\":true,\"valueName\":\"search_term_string\"}}],\"inLanguage\":\"fr-FR\"},{\"@type\":\"Organization\",\"@id\":\"https:\/\/turijnmagazijn.jumpstone-dev.nl\/#organization\",\"name\":\"Turijnmagazijn\",\"url\":\"https:\/\/turijnmagazijn.jumpstone-dev.nl\/\",\"logo\":{\"@type\":\"ImageObject\",\"inLanguage\":\"fr-FR\",\"@id\":\"https:\/\/turijnmagazijn.jumpstone-dev.nl\/#\/schema\/logo\/image\/\",\"url\":\"https:\/\/turijnmagazijn.nl\/wp-content\/uploads\/2021\/02\/turijnmagazijnlogo.png\",\"contentUrl\":\"https:\/\/turijnmagazijn.nl\/wp-content\/uploads\/2021\/02\/turijnmagazijnlogo.png\",\"width\":555,\"height\":270,\"caption\":\"Turijnmagazijn\"},\"image\":{\"@id\":\"https:\/\/turijnmagazijn.jumpstone-dev.nl\/#\/schema\/logo\/image\/\"},\"sameAs\":[\"https:\/\/www.facebook.com\/turijnmagazijn\"]}]}<\/script>\n<!-- \/ Yoast SEO plugin. -->","yoast_head_json":{"title":"Cadre de feu antibrouillard avant droit Lancia Kappa Blue - Turijnmagazijn","robots":{"index":"index","follow":"follow","max-snippet":"max-snippet:-1","max-image-preview":"max-image-preview:large","max-video-preview":"max-video-preview:-1"},"canonical":"https:\/\/turijnmagazijn.nl\/fr\/produit\/cadre-de-feu-antibrouillard-avant-droit-lancia-kappa-blue\/","og_locale":"fr_FR","og_type":"article","og_title":"Cadre de feu antibrouillard avant droit Lancia Kappa Blue - Turijnmagazijn","og_description":"5895393 Cadre de feu antibrouillard avant droit Lancia Kappa - Cadre pour montage dans le pare-chocs avant autour du feu antibrouillard lat\u00e9ral droit pour Lancia Kappa.","og_url":"https:\/\/turijnmagazijn.nl\/fr\/produit\/cadre-de-feu-antibrouillard-avant-droit-lancia-kappa-blue\/","og_site_name":"Turijnmagazijn","article_publisher":"https:\/\/www.facebook.com\/turijnmagazijn","article_modified_time":"2024-03-15T17:21:35+00:00","twitter_card":"summary_large_image","schema":{"@context":"https:\/\/schema.org","@graph":[{"@type":"WebPage","@id":"https:\/\/turijnmagazijn.nl\/fr\/produit\/cadre-de-feu-antibrouillard-avant-droit-lancia-kappa-blue\/","url":"https:\/\/turijnmagazijn.nl\/fr\/produit\/cadre-de-feu-antibrouillard-avant-droit-lancia-kappa-blue\/","name":"Cadre de feu antibrouillard avant droit Lancia Kappa Blue - Turijnmagazijn","isPartOf":{"@id":"https:\/\/turijnmagazijn.jumpstone-dev.nl\/#website"},"primaryImageOfPage":{"@id":"https:\/\/turijnmagazijn.nl\/fr\/produit\/cadre-de-feu-antibrouillard-avant-droit-lancia-kappa-blue\/#primaryimage"},"image":{"@id":"https:\/\/turijnmagazijn.nl\/fr\/produit\/cadre-de-feu-antibrouillard-avant-droit-lancia-kappa-blue\/#primaryimage"},"thumbnailUrl":"https:\/\/turijnmagazijn.nl\/wp-content\/uploads\/2023\/12\/DK0102657-Mistlampframe-voorzijde-rechts-Lancia-Kappa-Blauw-5895393-3-scaled.jpg","datePublished":"2023-12-02T18:36:33+00:00","dateModified":"2024-03-15T17:21:35+00:00","breadcrumb":{"@id":"https:\/\/turijnmagazijn.nl\/fr\/produit\/cadre-de-feu-antibrouillard-avant-droit-lancia-kappa-blue\/#breadcrumb"},"inLanguage":"fr-FR","potentialAction":[{"@type":"ReadAction","target":["https:\/\/turijnmagazijn.nl\/fr\/produit\/cadre-de-feu-antibrouillard-avant-droit-lancia-kappa-blue\/"]}]},{"@type":"ImageObject","inLanguage":"fr-FR","@id":"https:\/\/turijnmagazijn.nl\/fr\/produit\/cadre-de-feu-antibrouillard-avant-droit-lancia-kappa-blue\/#primaryimage","url":"https:\/\/turijnmagazijn.nl\/wp-content\/uploads\/2023\/12\/DK0102657-Mistlampframe-voorzijde-rechts-Lancia-Kappa-Blauw-5895393-3-scaled.jpg","contentUrl":"https:\/\/turijnmagazijn.nl\/wp-content\/uploads\/2023\/12\/DK0102657-Mistlampframe-voorzijde-rechts-Lancia-Kappa-Blauw-5895393-3-scaled.jpg","width":2560,"height":1920},{"@type":"BreadcrumbList","@id":"https:\/\/turijnmagazijn.nl\/fr\/produit\/cadre-de-feu-antibrouillard-avant-droit-lancia-kappa-blue\/#breadcrumb","itemListElement":[{"@type":"ListItem","position":1,"name":"Home","item":"https:\/\/turijnmagazijn.nl\/fr\/"},{"@type":"ListItem","position":2,"name":"Produits","item":"https:\/\/turijnmagazijn.nl\/fr\/shop\/"},{"@type":"ListItem","position":3,"name":"Cadre de feu antibrouillard avant droit Lancia Kappa Blue"}]},{"@type":"WebSite","@id":"https:\/\/turijnmagazijn.jumpstone-dev.nl\/#website","url":"https:\/\/turijnmagazijn.jumpstone-dev.nl\/","name":"Turijnmagazijn","description":"Onderdelen nieuw en gebruikt - Fiat &amp; Lancia","publisher":{"@id":"https:\/\/turijnmagazijn.jumpstone-dev.nl\/#organization"},"potentialAction":[{"@type":"SearchAction","target":{"@type":"EntryPoint","urlTemplate":"https:\/\/turijnmagazijn.jumpstone-dev.nl\/?s={search_term_string}"},"query-input":{"@type":"PropertyValueSpecification","valueRequired":true,"valueName":"search_term_string"}}],"inLanguage":"fr-FR"},{"@type":"Organization","@id":"https:\/\/turijnmagazijn.jumpstone-dev.nl\/#organization","name":"Turijnmagazijn","url":"https:\/\/turijnmagazijn.jumpstone-dev.nl\/","logo":{"@type":"ImageObject","inLanguage":"fr-FR","@id":"https:\/\/turijnmagazijn.jumpstone-dev.nl\/#\/schema\/logo\/image\/","url":"https:\/\/turijnmagazijn.nl\/wp-content\/uploads\/2021\/02\/turijnmagazijnlogo.png","contentUrl":"https:\/\/turijnmagazijn.nl\/wp-content\/uploads\/2021\/02\/turijnmagazijnlogo.png","width":555,"height":270,"caption":"Turijnmagazijn"},"image":{"@id":"https:\/\/turijnmagazijn.jumpstone-dev.nl\/#\/schema\/logo\/image\/"},"sameAs":["https:\/\/www.facebook.com\/turijnmagazijn"]}]}},"_links":{"self":[{"href":"https:\/\/turijnmagazijn.nl\/fr\/wp-json\/wp\/v2\/product\/75803","targetHints":{"allow":["GET"]}}],"collection":[{"href":"https:\/\/turijnmagazijn.nl\/fr\/wp-json\/wp\/v2\/product"}],"about":[{"href":"https:\/\/turijnmagazijn.nl\/fr\/wp-json\/wp\/v2\/types\/product"}],"replies":[{"embeddable":true,"href":"https:\/\/turijnmagazijn.nl\/fr\/wp-json\/wp\/v2\/comments?post=75803"}],"wp:featuredmedia":[{"embeddable":true,"href":"https:\/\/turijnmagazijn.nl\/fr\/wp-json\/wp\/v2\/media\/76580"}],"wp:attachment":[{"href":"https:\/\/turijnmagazijn.nl\/fr\/wp-json\/wp\/v2\/media?parent=75803"}],"wp:term":[{"taxonomy":"product_brand","embeddable":true,"href":"https:\/\/turijnmagazijn.nl\/fr\/wp-json\/wp\/v2\/product_brand?post=75803"},{"taxonomy":"product_cat","embeddable":true,"href":"https:\/\/turijnmagazijn.nl\/fr\/wp-json\/wp\/v2\/product_cat?post=75803"},{"taxonomy":"product_tag","embeddable":true,"href":"https:\/\/turijnmagazijn.nl\/fr\/wp-json\/wp\/v2\/product_tag?post=75803"}],"curies":[{"name":"wp","href":"https:\/\/api.w.org\/{rel}","templated":true}]}}