{"id":75829,"date":"2023-12-03T20:35:28","date_gmt":"2023-12-03T19:35:28","guid":{"rendered":"https:\/\/turijnmagazijn.nl\/product\/verrouillage-de-la-ceinture-de-securite-lancia-kappa-coupe-passager\/"},"modified":"2024-03-15T17:52:27","modified_gmt":"2024-03-15T16:52:27","slug":"verrouillage-de-la-ceinture-de-securite-lancia-kappa-coupe-passager","status":"publish","type":"product","link":"https:\/\/turijnmagazijn.nl\/fr\/produit\/verrouillage-de-la-ceinture-de-securite-lancia-kappa-coupe-passager\/","title":{"rendered":"Verrouillage de la ceinture de s\u00e9curit\u00e9 Lancia Kappa Coup\u00e9 passager"},"content":{"rendered":"<p>Serrure de ceinture de s\u00e9curit\u00e9 usag\u00e9e pour Lancia Kappa. Descend d&rsquo;un coup\u00e9 Kappa de la premi\u00e8re s\u00e9rie d&rsquo;int\u00e9rieurs Poltrona Frau (si\u00e8ges sans airbags).<\/p>\n<p>Est en bon \u00e9tat de fonctionnement.<\/p>\n<p>L&rsquo;orange du bouton a consid\u00e9rablement p\u00e2li sous l&rsquo;effet du soleil.<\/p>\n<p>OEM lancia 715178080<\/p>\n","protected":false},"excerpt":{"rendered":"<p>715178080 Serrure de ceinture de s\u00e9curit\u00e9 usag\u00e9e pour Lancia Kappa. Descend d&rsquo;un coup\u00e9 Kappa de la premi\u00e8re s\u00e9rie d&rsquo;int\u00e9rieurs Poltrona Frau (si\u00e8ges sans airbags).<\/p>\n","protected":false},"featured_media":76505,"comment_status":"open","ping_status":"closed","template":"","meta":{"_acf_changed":false},"product_brand":[],"product_cat":[1650,1582,1862,1865,1860,1798,1870],"product_tag":[],"class_list":{"0":"post-75829","1":"product","2":"type-product","3":"status-publish","4":"has-post-thumbnail","6":"product_cat-166-936-fr","7":"product_cat-alfa-romeo-fr","8":"product_cat-berlina-fr","9":"product_cat-coupe-fr","10":"product_cat-kappa-838-fr","11":"product_cat-lancia-fr","12":"product_cat-sw-fr","13":"pa_soort-onderdeel-interieur-et-sellerie","15":"first","16":"instock","17":"shipping-taxable","18":"purchasable","19":"product-type-simple"},"acf":[],"yoast_head":"<!-- This site is optimized with the Yoast SEO plugin v27.3 - https:\/\/yoast.com\/product\/yoast-seo-wordpress\/ -->\n<title>Verrouillage de la ceinture de s\u00e9curit\u00e9 Lancia Kappa Coup\u00e9 passager - Turijnmagazijn<\/title>\n<meta name=\"robots\" content=\"index, follow, max-snippet:-1, max-image-preview:large, max-video-preview:-1\" \/>\n<link rel=\"canonical\" href=\"https:\/\/turijnmagazijn.nl\/fr\/produit\/verrouillage-de-la-ceinture-de-securite-lancia-kappa-coupe-passager\/\" \/>\n<meta property=\"og:locale\" content=\"fr_FR\" \/>\n<meta property=\"og:type\" content=\"article\" \/>\n<meta property=\"og:title\" content=\"Verrouillage de la ceinture de s\u00e9curit\u00e9 Lancia Kappa Coup\u00e9 passager - Turijnmagazijn\" \/>\n<meta property=\"og:description\" content=\"715178080 Serrure de ceinture de s\u00e9curit\u00e9 usag\u00e9e pour Lancia Kappa. Descend d&#039;un coup\u00e9 Kappa de la premi\u00e8re s\u00e9rie d&#039;int\u00e9rieurs Poltrona Frau (si\u00e8ges sans airbags).\" \/>\n<meta property=\"og:url\" content=\"https:\/\/turijnmagazijn.nl\/fr\/produit\/verrouillage-de-la-ceinture-de-securite-lancia-kappa-coupe-passager\/\" \/>\n<meta property=\"og:site_name\" content=\"Turijnmagazijn\" \/>\n<meta property=\"article:publisher\" content=\"https:\/\/www.facebook.com\/turijnmagazijn\" \/>\n<meta property=\"article:modified_time\" content=\"2024-03-15T16:52:27+00:00\" \/>\n<meta name=\"twitter:card\" content=\"summary_large_image\" \/>\n<script type=\"application\/ld+json\" class=\"yoast-schema-graph\">{\"@context\":\"https:\\\/\\\/schema.org\",\"@graph\":[{\"@type\":\"WebPage\",\"@id\":\"https:\\\/\\\/turijnmagazijn.nl\\\/fr\\\/produit\\\/verrouillage-de-la-ceinture-de-securite-lancia-kappa-coupe-passager\\\/\",\"url\":\"https:\\\/\\\/turijnmagazijn.nl\\\/fr\\\/produit\\\/verrouillage-de-la-ceinture-de-securite-lancia-kappa-coupe-passager\\\/\",\"name\":\"Verrouillage de la ceinture de s\u00e9curit\u00e9 Lancia Kappa Coup\u00e9 passager - Turijnmagazijn\",\"isPartOf\":{\"@id\":\"https:\\\/\\\/turijnmagazijn.jumpstone-dev.nl\\\/#website\"},\"primaryImageOfPage\":{\"@id\":\"https:\\\/\\\/turijnmagazijn.nl\\\/fr\\\/produit\\\/verrouillage-de-la-ceinture-de-securite-lancia-kappa-coupe-passager\\\/#primaryimage\"},\"image\":{\"@id\":\"https:\\\/\\\/turijnmagazijn.nl\\\/fr\\\/produit\\\/verrouillage-de-la-ceinture-de-securite-lancia-kappa-coupe-passager\\\/#primaryimage\"},\"thumbnailUrl\":\"https:\\\/\\\/turijnmagazijn.nl\\\/wp-content\\\/uploads\\\/2023\\\/12\\\/DK0102675-Gordel-slot-Lancia-Kappa-Coupe-bijrijder-715178080-4-scaled.jpg\",\"datePublished\":\"2023-12-03T19:35:28+00:00\",\"dateModified\":\"2024-03-15T16:52:27+00:00\",\"breadcrumb\":{\"@id\":\"https:\\\/\\\/turijnmagazijn.nl\\\/fr\\\/produit\\\/verrouillage-de-la-ceinture-de-securite-lancia-kappa-coupe-passager\\\/#breadcrumb\"},\"inLanguage\":\"fr-FR\",\"potentialAction\":[{\"@type\":\"ReadAction\",\"target\":[\"https:\\\/\\\/turijnmagazijn.nl\\\/fr\\\/produit\\\/verrouillage-de-la-ceinture-de-securite-lancia-kappa-coupe-passager\\\/\"]}]},{\"@type\":\"ImageObject\",\"inLanguage\":\"fr-FR\",\"@id\":\"https:\\\/\\\/turijnmagazijn.nl\\\/fr\\\/produit\\\/verrouillage-de-la-ceinture-de-securite-lancia-kappa-coupe-passager\\\/#primaryimage\",\"url\":\"https:\\\/\\\/turijnmagazijn.nl\\\/wp-content\\\/uploads\\\/2023\\\/12\\\/DK0102675-Gordel-slot-Lancia-Kappa-Coupe-bijrijder-715178080-4-scaled.jpg\",\"contentUrl\":\"https:\\\/\\\/turijnmagazijn.nl\\\/wp-content\\\/uploads\\\/2023\\\/12\\\/DK0102675-Gordel-slot-Lancia-Kappa-Coupe-bijrijder-715178080-4-scaled.jpg\",\"width\":2560,\"height\":1920},{\"@type\":\"BreadcrumbList\",\"@id\":\"https:\\\/\\\/turijnmagazijn.nl\\\/fr\\\/produit\\\/verrouillage-de-la-ceinture-de-securite-lancia-kappa-coupe-passager\\\/#breadcrumb\",\"itemListElement\":[{\"@type\":\"ListItem\",\"position\":1,\"name\":\"Home\",\"item\":\"https:\\\/\\\/turijnmagazijn.nl\\\/fr\\\/\"},{\"@type\":\"ListItem\",\"position\":2,\"name\":\"Produits\",\"item\":\"https:\\\/\\\/turijnmagazijn.nl\\\/fr\\\/shop\\\/\"},{\"@type\":\"ListItem\",\"position\":3,\"name\":\"Verrouillage de la ceinture de s\u00e9curit\u00e9 Lancia Kappa Coup\u00e9 passager\"}]},{\"@type\":\"WebSite\",\"@id\":\"https:\\\/\\\/turijnmagazijn.jumpstone-dev.nl\\\/#website\",\"url\":\"https:\\\/\\\/turijnmagazijn.jumpstone-dev.nl\\\/\",\"name\":\"Turijnmagazijn\",\"description\":\"Onderdelen nieuw en gebruikt - Fiat &amp; Lancia\",\"publisher\":{\"@id\":\"https:\\\/\\\/turijnmagazijn.jumpstone-dev.nl\\\/#organization\"},\"potentialAction\":[{\"@type\":\"SearchAction\",\"target\":{\"@type\":\"EntryPoint\",\"urlTemplate\":\"https:\\\/\\\/turijnmagazijn.jumpstone-dev.nl\\\/?s={search_term_string}\"},\"query-input\":{\"@type\":\"PropertyValueSpecification\",\"valueRequired\":true,\"valueName\":\"search_term_string\"}}],\"inLanguage\":\"fr-FR\"},{\"@type\":\"Organization\",\"@id\":\"https:\\\/\\\/turijnmagazijn.jumpstone-dev.nl\\\/#organization\",\"name\":\"Turijnmagazijn\",\"url\":\"https:\\\/\\\/turijnmagazijn.jumpstone-dev.nl\\\/\",\"logo\":{\"@type\":\"ImageObject\",\"inLanguage\":\"fr-FR\",\"@id\":\"https:\\\/\\\/turijnmagazijn.jumpstone-dev.nl\\\/#\\\/schema\\\/logo\\\/image\\\/\",\"url\":\"https:\\\/\\\/turijnmagazijn.nl\\\/wp-content\\\/uploads\\\/2021\\\/02\\\/turijnmagazijnlogo.png\",\"contentUrl\":\"https:\\\/\\\/turijnmagazijn.nl\\\/wp-content\\\/uploads\\\/2021\\\/02\\\/turijnmagazijnlogo.png\",\"width\":555,\"height\":270,\"caption\":\"Turijnmagazijn\"},\"image\":{\"@id\":\"https:\\\/\\\/turijnmagazijn.jumpstone-dev.nl\\\/#\\\/schema\\\/logo\\\/image\\\/\"},\"sameAs\":[\"https:\\\/\\\/www.facebook.com\\\/turijnmagazijn\"]}]}<\/script>\n<!-- \/ Yoast SEO plugin. -->","yoast_head_json":{"title":"Verrouillage de la ceinture de s\u00e9curit\u00e9 Lancia Kappa Coup\u00e9 passager - Turijnmagazijn","robots":{"index":"index","follow":"follow","max-snippet":"max-snippet:-1","max-image-preview":"max-image-preview:large","max-video-preview":"max-video-preview:-1"},"canonical":"https:\/\/turijnmagazijn.nl\/fr\/produit\/verrouillage-de-la-ceinture-de-securite-lancia-kappa-coupe-passager\/","og_locale":"fr_FR","og_type":"article","og_title":"Verrouillage de la ceinture de s\u00e9curit\u00e9 Lancia Kappa Coup\u00e9 passager - Turijnmagazijn","og_description":"715178080 Serrure de ceinture de s\u00e9curit\u00e9 usag\u00e9e pour Lancia Kappa. Descend d'un coup\u00e9 Kappa de la premi\u00e8re s\u00e9rie d'int\u00e9rieurs Poltrona Frau (si\u00e8ges sans airbags).","og_url":"https:\/\/turijnmagazijn.nl\/fr\/produit\/verrouillage-de-la-ceinture-de-securite-lancia-kappa-coupe-passager\/","og_site_name":"Turijnmagazijn","article_publisher":"https:\/\/www.facebook.com\/turijnmagazijn","article_modified_time":"2024-03-15T16:52:27+00:00","twitter_card":"summary_large_image","schema":{"@context":"https:\/\/schema.org","@graph":[{"@type":"WebPage","@id":"https:\/\/turijnmagazijn.nl\/fr\/produit\/verrouillage-de-la-ceinture-de-securite-lancia-kappa-coupe-passager\/","url":"https:\/\/turijnmagazijn.nl\/fr\/produit\/verrouillage-de-la-ceinture-de-securite-lancia-kappa-coupe-passager\/","name":"Verrouillage de la ceinture de s\u00e9curit\u00e9 Lancia Kappa Coup\u00e9 passager - Turijnmagazijn","isPartOf":{"@id":"https:\/\/turijnmagazijn.jumpstone-dev.nl\/#website"},"primaryImageOfPage":{"@id":"https:\/\/turijnmagazijn.nl\/fr\/produit\/verrouillage-de-la-ceinture-de-securite-lancia-kappa-coupe-passager\/#primaryimage"},"image":{"@id":"https:\/\/turijnmagazijn.nl\/fr\/produit\/verrouillage-de-la-ceinture-de-securite-lancia-kappa-coupe-passager\/#primaryimage"},"thumbnailUrl":"https:\/\/turijnmagazijn.nl\/wp-content\/uploads\/2023\/12\/DK0102675-Gordel-slot-Lancia-Kappa-Coupe-bijrijder-715178080-4-scaled.jpg","datePublished":"2023-12-03T19:35:28+00:00","dateModified":"2024-03-15T16:52:27+00:00","breadcrumb":{"@id":"https:\/\/turijnmagazijn.nl\/fr\/produit\/verrouillage-de-la-ceinture-de-securite-lancia-kappa-coupe-passager\/#breadcrumb"},"inLanguage":"fr-FR","potentialAction":[{"@type":"ReadAction","target":["https:\/\/turijnmagazijn.nl\/fr\/produit\/verrouillage-de-la-ceinture-de-securite-lancia-kappa-coupe-passager\/"]}]},{"@type":"ImageObject","inLanguage":"fr-FR","@id":"https:\/\/turijnmagazijn.nl\/fr\/produit\/verrouillage-de-la-ceinture-de-securite-lancia-kappa-coupe-passager\/#primaryimage","url":"https:\/\/turijnmagazijn.nl\/wp-content\/uploads\/2023\/12\/DK0102675-Gordel-slot-Lancia-Kappa-Coupe-bijrijder-715178080-4-scaled.jpg","contentUrl":"https:\/\/turijnmagazijn.nl\/wp-content\/uploads\/2023\/12\/DK0102675-Gordel-slot-Lancia-Kappa-Coupe-bijrijder-715178080-4-scaled.jpg","width":2560,"height":1920},{"@type":"BreadcrumbList","@id":"https:\/\/turijnmagazijn.nl\/fr\/produit\/verrouillage-de-la-ceinture-de-securite-lancia-kappa-coupe-passager\/#breadcrumb","itemListElement":[{"@type":"ListItem","position":1,"name":"Home","item":"https:\/\/turijnmagazijn.nl\/fr\/"},{"@type":"ListItem","position":2,"name":"Produits","item":"https:\/\/turijnmagazijn.nl\/fr\/shop\/"},{"@type":"ListItem","position":3,"name":"Verrouillage de la ceinture de s\u00e9curit\u00e9 Lancia Kappa Coup\u00e9 passager"}]},{"@type":"WebSite","@id":"https:\/\/turijnmagazijn.jumpstone-dev.nl\/#website","url":"https:\/\/turijnmagazijn.jumpstone-dev.nl\/","name":"Turijnmagazijn","description":"Onderdelen nieuw en gebruikt - Fiat &amp; Lancia","publisher":{"@id":"https:\/\/turijnmagazijn.jumpstone-dev.nl\/#organization"},"potentialAction":[{"@type":"SearchAction","target":{"@type":"EntryPoint","urlTemplate":"https:\/\/turijnmagazijn.jumpstone-dev.nl\/?s={search_term_string}"},"query-input":{"@type":"PropertyValueSpecification","valueRequired":true,"valueName":"search_term_string"}}],"inLanguage":"fr-FR"},{"@type":"Organization","@id":"https:\/\/turijnmagazijn.jumpstone-dev.nl\/#organization","name":"Turijnmagazijn","url":"https:\/\/turijnmagazijn.jumpstone-dev.nl\/","logo":{"@type":"ImageObject","inLanguage":"fr-FR","@id":"https:\/\/turijnmagazijn.jumpstone-dev.nl\/#\/schema\/logo\/image\/","url":"https:\/\/turijnmagazijn.nl\/wp-content\/uploads\/2021\/02\/turijnmagazijnlogo.png","contentUrl":"https:\/\/turijnmagazijn.nl\/wp-content\/uploads\/2021\/02\/turijnmagazijnlogo.png","width":555,"height":270,"caption":"Turijnmagazijn"},"image":{"@id":"https:\/\/turijnmagazijn.jumpstone-dev.nl\/#\/schema\/logo\/image\/"},"sameAs":["https:\/\/www.facebook.com\/turijnmagazijn"]}]}},"_links":{"self":[{"href":"https:\/\/turijnmagazijn.nl\/fr\/wp-json\/wp\/v2\/product\/75829","targetHints":{"allow":["GET"]}}],"collection":[{"href":"https:\/\/turijnmagazijn.nl\/fr\/wp-json\/wp\/v2\/product"}],"about":[{"href":"https:\/\/turijnmagazijn.nl\/fr\/wp-json\/wp\/v2\/types\/product"}],"replies":[{"embeddable":true,"href":"https:\/\/turijnmagazijn.nl\/fr\/wp-json\/wp\/v2\/comments?post=75829"}],"wp:featuredmedia":[{"embeddable":true,"href":"https:\/\/turijnmagazijn.nl\/fr\/wp-json\/wp\/v2\/media\/76505"}],"wp:attachment":[{"href":"https:\/\/turijnmagazijn.nl\/fr\/wp-json\/wp\/v2\/media?parent=75829"}],"wp:term":[{"taxonomy":"product_brand","embeddable":true,"href":"https:\/\/turijnmagazijn.nl\/fr\/wp-json\/wp\/v2\/product_brand?post=75829"},{"taxonomy":"product_cat","embeddable":true,"href":"https:\/\/turijnmagazijn.nl\/fr\/wp-json\/wp\/v2\/product_cat?post=75829"},{"taxonomy":"product_tag","embeddable":true,"href":"https:\/\/turijnmagazijn.nl\/fr\/wp-json\/wp\/v2\/product_tag?post=75829"}],"curies":[{"name":"wp","href":"https:\/\/api.w.org\/{rel}","templated":true}]}}