{"id":75917,"date":"2023-12-08T14:07:52","date_gmt":"2023-12-08T13:07:52","guid":{"rendered":"https:\/\/turijnmagazijn.nl\/product\/changement-de-marche-arriere-fiat-croma-coupe-alfa-164\/"},"modified":"2024-03-15T18:21:53","modified_gmt":"2024-03-15T17:21:53","slug":"changement-de-marche-arriere-fiat-croma-coupe-alfa-164","status":"publish","type":"product","link":"https:\/\/turijnmagazijn.nl\/fr\/produit\/changement-de-marche-arriere-fiat-croma-coupe-alfa-164\/","title":{"rendered":"Changement de marche arri\u00e8re Fiat Croma Coup\u00e9 &#8211; Alfa 164"},"content":{"rendered":"<p>Pi\u00e8ce neuve et originale dans son emballage d&rsquo;origine.<\/p>\n<p>Commutateur de marche arri\u00e8re pour Fiat Croma Fiat Coup\u00e9 et Alfa Romeo 164.<\/p>\n<p>Ce commutateur est mont\u00e9 sur la bo\u00eete de vitesses et commande le feu de marche arri\u00e8re.<\/p>\n<p>\u00c9quip\u00e9 d&rsquo;un connecteur \u00e0 2 p\u00f4les.<\/p>\n<p>OEM Fiat 7711531<\/p>\n","protected":false},"excerpt":{"rendered":"<p>7711531 Commutateur de marche arri\u00e8re Fiat Croma Coup\u00e9 &#8211; Alfa 164<\/p>\n","protected":false},"featured_media":76427,"comment_status":"closed","ping_status":"closed","template":"","meta":{"_acf_changed":false},"product_brand":[],"product_cat":[1654,1582,1719,1722,1690],"product_tag":[],"class_list":{"0":"post-75917","1":"product","2":"type-product","3":"status-publish","4":"has-post-thumbnail","6":"product_cat-164-164-fr","7":"product_cat-alfa-romeo-fr","8":"product_cat-coupe-175-fr","9":"product_cat-croma-1-154-fr","10":"product_cat-fiat-fr","11":"pa_soort-onderdeel-moteur-et-accessoires","13":"first","14":"instock","15":"shipping-taxable","16":"purchasable","17":"product-type-simple"},"acf":[],"yoast_head":"<!-- This site is optimized with the Yoast SEO plugin v27.3 - https:\/\/yoast.com\/product\/yoast-seo-wordpress\/ -->\n<title>Changement de marche arri\u00e8re Fiat Croma Coup\u00e9 - Alfa 164 - Turijnmagazijn<\/title>\n<meta name=\"robots\" content=\"index, follow, max-snippet:-1, max-image-preview:large, max-video-preview:-1\" \/>\n<link rel=\"canonical\" href=\"https:\/\/turijnmagazijn.nl\/fr\/produit\/changement-de-marche-arriere-fiat-croma-coupe-alfa-164\/\" \/>\n<meta property=\"og:locale\" content=\"fr_FR\" \/>\n<meta property=\"og:type\" content=\"article\" \/>\n<meta property=\"og:title\" content=\"Changement de marche arri\u00e8re Fiat Croma Coup\u00e9 - Alfa 164 - Turijnmagazijn\" \/>\n<meta property=\"og:description\" content=\"7711531 Commutateur de marche arri\u00e8re Fiat Croma Coup\u00e9 - Alfa 164\" \/>\n<meta property=\"og:url\" content=\"https:\/\/turijnmagazijn.nl\/fr\/produit\/changement-de-marche-arriere-fiat-croma-coupe-alfa-164\/\" \/>\n<meta property=\"og:site_name\" content=\"Turijnmagazijn\" \/>\n<meta property=\"article:publisher\" content=\"https:\/\/www.facebook.com\/turijnmagazijn\" \/>\n<meta property=\"article:modified_time\" content=\"2024-03-15T17:21:53+00:00\" \/>\n<meta name=\"twitter:card\" content=\"summary_large_image\" \/>\n<script type=\"application\/ld+json\" class=\"yoast-schema-graph\">{\"@context\":\"https:\\\/\\\/schema.org\",\"@graph\":[{\"@type\":\"WebPage\",\"@id\":\"https:\\\/\\\/turijnmagazijn.nl\\\/fr\\\/produit\\\/changement-de-marche-arriere-fiat-croma-coupe-alfa-164\\\/\",\"url\":\"https:\\\/\\\/turijnmagazijn.nl\\\/fr\\\/produit\\\/changement-de-marche-arriere-fiat-croma-coupe-alfa-164\\\/\",\"name\":\"Changement de marche arri\u00e8re Fiat Croma Coup\u00e9 - Alfa 164 - Turijnmagazijn\",\"isPartOf\":{\"@id\":\"https:\\\/\\\/turijnmagazijn.jumpstone-dev.nl\\\/#website\"},\"primaryImageOfPage\":{\"@id\":\"https:\\\/\\\/turijnmagazijn.nl\\\/fr\\\/produit\\\/changement-de-marche-arriere-fiat-croma-coupe-alfa-164\\\/#primaryimage\"},\"image\":{\"@id\":\"https:\\\/\\\/turijnmagazijn.nl\\\/fr\\\/produit\\\/changement-de-marche-arriere-fiat-croma-coupe-alfa-164\\\/#primaryimage\"},\"thumbnailUrl\":\"https:\\\/\\\/turijnmagazijn.nl\\\/wp-content\\\/uploads\\\/2023\\\/12\\\/DS0108976-Schakelaar-achteruitversnelling-Fiat-Croma-Coupe-\u2013-Alfa-164-7711531-2-scaled.jpg\",\"datePublished\":\"2023-12-08T13:07:52+00:00\",\"dateModified\":\"2024-03-15T17:21:53+00:00\",\"breadcrumb\":{\"@id\":\"https:\\\/\\\/turijnmagazijn.nl\\\/fr\\\/produit\\\/changement-de-marche-arriere-fiat-croma-coupe-alfa-164\\\/#breadcrumb\"},\"inLanguage\":\"fr-FR\",\"potentialAction\":[{\"@type\":\"ReadAction\",\"target\":[\"https:\\\/\\\/turijnmagazijn.nl\\\/fr\\\/produit\\\/changement-de-marche-arriere-fiat-croma-coupe-alfa-164\\\/\"]}]},{\"@type\":\"ImageObject\",\"inLanguage\":\"fr-FR\",\"@id\":\"https:\\\/\\\/turijnmagazijn.nl\\\/fr\\\/produit\\\/changement-de-marche-arriere-fiat-croma-coupe-alfa-164\\\/#primaryimage\",\"url\":\"https:\\\/\\\/turijnmagazijn.nl\\\/wp-content\\\/uploads\\\/2023\\\/12\\\/DS0108976-Schakelaar-achteruitversnelling-Fiat-Croma-Coupe-\u2013-Alfa-164-7711531-2-scaled.jpg\",\"contentUrl\":\"https:\\\/\\\/turijnmagazijn.nl\\\/wp-content\\\/uploads\\\/2023\\\/12\\\/DS0108976-Schakelaar-achteruitversnelling-Fiat-Croma-Coupe-\u2013-Alfa-164-7711531-2-scaled.jpg\",\"width\":2560,\"height\":1920},{\"@type\":\"BreadcrumbList\",\"@id\":\"https:\\\/\\\/turijnmagazijn.nl\\\/fr\\\/produit\\\/changement-de-marche-arriere-fiat-croma-coupe-alfa-164\\\/#breadcrumb\",\"itemListElement\":[{\"@type\":\"ListItem\",\"position\":1,\"name\":\"Home\",\"item\":\"https:\\\/\\\/turijnmagazijn.nl\\\/fr\\\/\"},{\"@type\":\"ListItem\",\"position\":2,\"name\":\"Produits\",\"item\":\"https:\\\/\\\/turijnmagazijn.nl\\\/fr\\\/shop\\\/\"},{\"@type\":\"ListItem\",\"position\":3,\"name\":\"Changement de marche arri\u00e8re Fiat Croma Coup\u00e9 &#8211; Alfa 164\"}]},{\"@type\":\"WebSite\",\"@id\":\"https:\\\/\\\/turijnmagazijn.jumpstone-dev.nl\\\/#website\",\"url\":\"https:\\\/\\\/turijnmagazijn.jumpstone-dev.nl\\\/\",\"name\":\"Turijnmagazijn\",\"description\":\"Onderdelen nieuw en gebruikt - Fiat &amp; Lancia\",\"publisher\":{\"@id\":\"https:\\\/\\\/turijnmagazijn.jumpstone-dev.nl\\\/#organization\"},\"potentialAction\":[{\"@type\":\"SearchAction\",\"target\":{\"@type\":\"EntryPoint\",\"urlTemplate\":\"https:\\\/\\\/turijnmagazijn.jumpstone-dev.nl\\\/?s={search_term_string}\"},\"query-input\":{\"@type\":\"PropertyValueSpecification\",\"valueRequired\":true,\"valueName\":\"search_term_string\"}}],\"inLanguage\":\"fr-FR\"},{\"@type\":\"Organization\",\"@id\":\"https:\\\/\\\/turijnmagazijn.jumpstone-dev.nl\\\/#organization\",\"name\":\"Turijnmagazijn\",\"url\":\"https:\\\/\\\/turijnmagazijn.jumpstone-dev.nl\\\/\",\"logo\":{\"@type\":\"ImageObject\",\"inLanguage\":\"fr-FR\",\"@id\":\"https:\\\/\\\/turijnmagazijn.jumpstone-dev.nl\\\/#\\\/schema\\\/logo\\\/image\\\/\",\"url\":\"https:\\\/\\\/turijnmagazijn.nl\\\/wp-content\\\/uploads\\\/2021\\\/02\\\/turijnmagazijnlogo.png\",\"contentUrl\":\"https:\\\/\\\/turijnmagazijn.nl\\\/wp-content\\\/uploads\\\/2021\\\/02\\\/turijnmagazijnlogo.png\",\"width\":555,\"height\":270,\"caption\":\"Turijnmagazijn\"},\"image\":{\"@id\":\"https:\\\/\\\/turijnmagazijn.jumpstone-dev.nl\\\/#\\\/schema\\\/logo\\\/image\\\/\"},\"sameAs\":[\"https:\\\/\\\/www.facebook.com\\\/turijnmagazijn\"]}]}<\/script>\n<!-- \/ Yoast SEO plugin. -->","yoast_head_json":{"title":"Changement de marche arri\u00e8re Fiat Croma Coup\u00e9 - Alfa 164 - Turijnmagazijn","robots":{"index":"index","follow":"follow","max-snippet":"max-snippet:-1","max-image-preview":"max-image-preview:large","max-video-preview":"max-video-preview:-1"},"canonical":"https:\/\/turijnmagazijn.nl\/fr\/produit\/changement-de-marche-arriere-fiat-croma-coupe-alfa-164\/","og_locale":"fr_FR","og_type":"article","og_title":"Changement de marche arri\u00e8re Fiat Croma Coup\u00e9 - Alfa 164 - Turijnmagazijn","og_description":"7711531 Commutateur de marche arri\u00e8re Fiat Croma Coup\u00e9 - Alfa 164","og_url":"https:\/\/turijnmagazijn.nl\/fr\/produit\/changement-de-marche-arriere-fiat-croma-coupe-alfa-164\/","og_site_name":"Turijnmagazijn","article_publisher":"https:\/\/www.facebook.com\/turijnmagazijn","article_modified_time":"2024-03-15T17:21:53+00:00","twitter_card":"summary_large_image","schema":{"@context":"https:\/\/schema.org","@graph":[{"@type":"WebPage","@id":"https:\/\/turijnmagazijn.nl\/fr\/produit\/changement-de-marche-arriere-fiat-croma-coupe-alfa-164\/","url":"https:\/\/turijnmagazijn.nl\/fr\/produit\/changement-de-marche-arriere-fiat-croma-coupe-alfa-164\/","name":"Changement de marche arri\u00e8re Fiat Croma Coup\u00e9 - Alfa 164 - Turijnmagazijn","isPartOf":{"@id":"https:\/\/turijnmagazijn.jumpstone-dev.nl\/#website"},"primaryImageOfPage":{"@id":"https:\/\/turijnmagazijn.nl\/fr\/produit\/changement-de-marche-arriere-fiat-croma-coupe-alfa-164\/#primaryimage"},"image":{"@id":"https:\/\/turijnmagazijn.nl\/fr\/produit\/changement-de-marche-arriere-fiat-croma-coupe-alfa-164\/#primaryimage"},"thumbnailUrl":"https:\/\/turijnmagazijn.nl\/wp-content\/uploads\/2023\/12\/DS0108976-Schakelaar-achteruitversnelling-Fiat-Croma-Coupe-\u2013-Alfa-164-7711531-2-scaled.jpg","datePublished":"2023-12-08T13:07:52+00:00","dateModified":"2024-03-15T17:21:53+00:00","breadcrumb":{"@id":"https:\/\/turijnmagazijn.nl\/fr\/produit\/changement-de-marche-arriere-fiat-croma-coupe-alfa-164\/#breadcrumb"},"inLanguage":"fr-FR","potentialAction":[{"@type":"ReadAction","target":["https:\/\/turijnmagazijn.nl\/fr\/produit\/changement-de-marche-arriere-fiat-croma-coupe-alfa-164\/"]}]},{"@type":"ImageObject","inLanguage":"fr-FR","@id":"https:\/\/turijnmagazijn.nl\/fr\/produit\/changement-de-marche-arriere-fiat-croma-coupe-alfa-164\/#primaryimage","url":"https:\/\/turijnmagazijn.nl\/wp-content\/uploads\/2023\/12\/DS0108976-Schakelaar-achteruitversnelling-Fiat-Croma-Coupe-\u2013-Alfa-164-7711531-2-scaled.jpg","contentUrl":"https:\/\/turijnmagazijn.nl\/wp-content\/uploads\/2023\/12\/DS0108976-Schakelaar-achteruitversnelling-Fiat-Croma-Coupe-\u2013-Alfa-164-7711531-2-scaled.jpg","width":2560,"height":1920},{"@type":"BreadcrumbList","@id":"https:\/\/turijnmagazijn.nl\/fr\/produit\/changement-de-marche-arriere-fiat-croma-coupe-alfa-164\/#breadcrumb","itemListElement":[{"@type":"ListItem","position":1,"name":"Home","item":"https:\/\/turijnmagazijn.nl\/fr\/"},{"@type":"ListItem","position":2,"name":"Produits","item":"https:\/\/turijnmagazijn.nl\/fr\/shop\/"},{"@type":"ListItem","position":3,"name":"Changement de marche arri\u00e8re Fiat Croma Coup\u00e9 &#8211; Alfa 164"}]},{"@type":"WebSite","@id":"https:\/\/turijnmagazijn.jumpstone-dev.nl\/#website","url":"https:\/\/turijnmagazijn.jumpstone-dev.nl\/","name":"Turijnmagazijn","description":"Onderdelen nieuw en gebruikt - Fiat &amp; Lancia","publisher":{"@id":"https:\/\/turijnmagazijn.jumpstone-dev.nl\/#organization"},"potentialAction":[{"@type":"SearchAction","target":{"@type":"EntryPoint","urlTemplate":"https:\/\/turijnmagazijn.jumpstone-dev.nl\/?s={search_term_string}"},"query-input":{"@type":"PropertyValueSpecification","valueRequired":true,"valueName":"search_term_string"}}],"inLanguage":"fr-FR"},{"@type":"Organization","@id":"https:\/\/turijnmagazijn.jumpstone-dev.nl\/#organization","name":"Turijnmagazijn","url":"https:\/\/turijnmagazijn.jumpstone-dev.nl\/","logo":{"@type":"ImageObject","inLanguage":"fr-FR","@id":"https:\/\/turijnmagazijn.jumpstone-dev.nl\/#\/schema\/logo\/image\/","url":"https:\/\/turijnmagazijn.nl\/wp-content\/uploads\/2021\/02\/turijnmagazijnlogo.png","contentUrl":"https:\/\/turijnmagazijn.nl\/wp-content\/uploads\/2021\/02\/turijnmagazijnlogo.png","width":555,"height":270,"caption":"Turijnmagazijn"},"image":{"@id":"https:\/\/turijnmagazijn.jumpstone-dev.nl\/#\/schema\/logo\/image\/"},"sameAs":["https:\/\/www.facebook.com\/turijnmagazijn"]}]}},"_links":{"self":[{"href":"https:\/\/turijnmagazijn.nl\/fr\/wp-json\/wp\/v2\/product\/75917","targetHints":{"allow":["GET"]}}],"collection":[{"href":"https:\/\/turijnmagazijn.nl\/fr\/wp-json\/wp\/v2\/product"}],"about":[{"href":"https:\/\/turijnmagazijn.nl\/fr\/wp-json\/wp\/v2\/types\/product"}],"replies":[{"embeddable":true,"href":"https:\/\/turijnmagazijn.nl\/fr\/wp-json\/wp\/v2\/comments?post=75917"}],"wp:featuredmedia":[{"embeddable":true,"href":"https:\/\/turijnmagazijn.nl\/fr\/wp-json\/wp\/v2\/media\/76427"}],"wp:attachment":[{"href":"https:\/\/turijnmagazijn.nl\/fr\/wp-json\/wp\/v2\/media?parent=75917"}],"wp:term":[{"taxonomy":"product_brand","embeddable":true,"href":"https:\/\/turijnmagazijn.nl\/fr\/wp-json\/wp\/v2\/product_brand?post=75917"},{"taxonomy":"product_cat","embeddable":true,"href":"https:\/\/turijnmagazijn.nl\/fr\/wp-json\/wp\/v2\/product_cat?post=75917"},{"taxonomy":"product_tag","embeddable":true,"href":"https:\/\/turijnmagazijn.nl\/fr\/wp-json\/wp\/v2\/product_tag?post=75917"}],"curies":[{"name":"wp","href":"https:\/\/api.w.org\/{rel}","templated":true}]}}