{"id":77192,"date":"2024-04-19T16:38:10","date_gmt":"2024-04-19T14:38:10","guid":{"rendered":"https:\/\/turijnmagazijn.nl\/?post_type=product&#038;p=77192"},"modified":"2025-08-11T20:27:44","modified_gmt":"2025-08-11T18:27:44","slug":"dn010-dummy-lancia-delta-integrale-nouvelle-imitation-kopie-9","status":"publish","type":"product","link":"https:\/\/turijnmagazijn.nl\/fr\/produit\/dn010-dummy-lancia-delta-integrale-nouvelle-imitation-kopie-9\/","title":{"rendered":"Soupape de refoulement du tuyau de lave-glace Lancia Delta Integrale"},"content":{"rendered":"<p>Nouvelle pi\u00e8ce d\u2019imitation.<\/p>\n<p><span data-sheets-root=\"1\" data-sheets-value=\"{\"1\":2,\"2\":\"Ruitensproeierslang terugstroomklepje Lancia Delta Integrale\"}\" data-sheets-userformat=\"{\"2\":513,\"3\":{\"1\":0},\"12\":0}\">Soupape de refoulement de tuyau de lave-glace pour Lancia Delta Integrale. L&rsquo;installation d&rsquo;une telle vanne dans le tuyau du lave-glace permet de s&rsquo;assurer que le liquide de lave-glace reste bien dans le tuyau et qu&rsquo;un beau jet sort de la buse d\u00e8s qu&rsquo;on l&rsquo;actionne. Si votre lave-glace crachote un peu au d\u00e9but puis donne un bon jet, l&rsquo;installation d&rsquo;un clapet anti-retour dans la conduite peut \u00eatre une bonne solution.<\/span><\/p>\n<p>A l&rsquo;origine, seul un rabat \u00e9tait appliqu\u00e9 au niveau de la jonction en T au niveau du parafan.<\/p>\n<p>Ces valves sont universellement applicables \u00e0 presque toutes les voitures.<\/p>\n","protected":false},"excerpt":{"rendered":"<p><span data-sheets-root=\"1\" data-sheets-value=\"{\"1\":2,\"2\":\"Ruitensproeierslang terugstroomklepje Lancia Delta Integrale\"}\" data-sheets-userformat=\"{\"2\":513,\"3\":{\"1\":0},\"12\":0}\">Soupape de refoulement du tuyau de lave-glace Lancia Delta Integrale<\/span><\/p>\n","protected":false},"featured_media":77278,"comment_status":"closed","ping_status":"closed","template":"","meta":{"_acf_changed":false},"product_brand":[],"product_cat":[1809,1846,1851,1862,1865,1806,1841,1819,1821,1825,1836,1830,1838,1860,1798,1873,1886,1890,1882,1870,1880,1896,1902,1897,1907,1914,1917],"product_tag":[],"class_list":{"0":"post-77192","1":"product","2":"type-product","3":"status-publish","4":"has-post-thumbnail","6":"product_cat-1-1-1-3-1-5-fr","7":"product_cat-3-deurs-hpe-fr","8":"product_cat-5-deurs-fr","9":"product_cat-berlina-fr","10":"product_cat-coupe-fr","11":"product_cat-delta-1-831-fr","12":"product_cat-delta-2-836-fr","13":"product_cat-gt-i-e-fr","14":"product_cat-hf-4wd-fr","15":"product_cat-hf-turbo-fr","16":"product_cat-integrale-16v-fr","17":"product_cat-integrale-8v-fr","18":"product_cat-integrale-evo-fr","19":"product_cat-kappa-838-fr","20":"product_cat-lancia-fr","21":"product_cat-lybra-839-fr","22":"product_cat-musa-350-fr","23":"product_cat-prisma-831-fr","24":"product_cat-sedan-lybra-839-fr","25":"product_cat-sw-fr","26":"product_cat-sw-lybra-839-fr","27":"product_cat-thema-834-fr","28":"product_cat-thema-sedan-fr","29":"product_cat-thema-sw-fr","30":"product_cat-y10-156-fr","31":"product_cat-ypsilon-1-840-fr","32":"product_cat-ypsilon-2-843-fr","33":"pa_soort-onderdeel-fenetres-et-accessoires","35":"first","36":"instock","37":"taxable","38":"shipping-taxable","39":"purchasable","40":"product-type-simple"},"acf":[],"yoast_head":"<!-- This site is optimized with the Yoast SEO plugin v27.3 - https:\/\/yoast.com\/product\/yoast-seo-wordpress\/ -->\n<title>Soupape de refoulement du tuyau de lave-glace Lancia Delta Integrale - Turijnmagazijn<\/title>\n<meta name=\"robots\" content=\"index, follow, max-snippet:-1, max-image-preview:large, max-video-preview:-1\" \/>\n<link rel=\"canonical\" href=\"https:\/\/turijnmagazijn.nl\/fr\/produit\/dn010-dummy-lancia-delta-integrale-nouvelle-imitation-kopie-9\/\" \/>\n<meta property=\"og:locale\" content=\"fr_FR\" \/>\n<meta property=\"og:type\" content=\"article\" \/>\n<meta property=\"og:title\" content=\"Soupape de refoulement du tuyau de lave-glace Lancia Delta Integrale - Turijnmagazijn\" \/>\n<meta property=\"og:description\" content=\"Soupape de refoulement du tuyau de lave-glace Lancia Delta Integrale\" \/>\n<meta property=\"og:url\" content=\"https:\/\/turijnmagazijn.nl\/fr\/produit\/dn010-dummy-lancia-delta-integrale-nouvelle-imitation-kopie-9\/\" \/>\n<meta property=\"og:site_name\" content=\"Turijnmagazijn\" \/>\n<meta property=\"article:publisher\" content=\"https:\/\/www.facebook.com\/turijnmagazijn\" \/>\n<meta property=\"article:modified_time\" content=\"2025-08-11T18:27:44+00:00\" \/>\n<meta property=\"og:image\" content=\"https:\/\/turijnmagazijn.nl\/wp-content\/uploads\/2024\/04\/DN0100348-Ruitensproeierslang-terugstroomklepje-Lancia-Delta-Integrale-nvt-1-scaled.jpg\" \/>\n\t<meta property=\"og:image:width\" content=\"2560\" \/>\n\t<meta property=\"og:image:height\" content=\"1920\" \/>\n\t<meta property=\"og:image:type\" content=\"image\/jpeg\" \/>\n<meta name=\"twitter:card\" content=\"summary_large_image\" \/>\n<meta name=\"twitter:label1\" content=\"Dur\u00e9e de lecture estim\u00e9e\" \/>\n\t<meta name=\"twitter:data1\" content=\"1 minute\" \/>\n<script type=\"application\/ld+json\" class=\"yoast-schema-graph\">{\"@context\":\"https:\\\/\\\/schema.org\",\"@graph\":[{\"@type\":\"WebPage\",\"@id\":\"https:\\\/\\\/turijnmagazijn.nl\\\/fr\\\/produit\\\/dn010-dummy-lancia-delta-integrale-nouvelle-imitation-kopie-9\\\/\",\"url\":\"https:\\\/\\\/turijnmagazijn.nl\\\/fr\\\/produit\\\/dn010-dummy-lancia-delta-integrale-nouvelle-imitation-kopie-9\\\/\",\"name\":\"Soupape de refoulement du tuyau de lave-glace Lancia Delta Integrale - Turijnmagazijn\",\"isPartOf\":{\"@id\":\"https:\\\/\\\/turijnmagazijn.jumpstone-dev.nl\\\/#website\"},\"primaryImageOfPage\":{\"@id\":\"https:\\\/\\\/turijnmagazijn.nl\\\/fr\\\/produit\\\/dn010-dummy-lancia-delta-integrale-nouvelle-imitation-kopie-9\\\/#primaryimage\"},\"image\":{\"@id\":\"https:\\\/\\\/turijnmagazijn.nl\\\/fr\\\/produit\\\/dn010-dummy-lancia-delta-integrale-nouvelle-imitation-kopie-9\\\/#primaryimage\"},\"thumbnailUrl\":\"https:\\\/\\\/turijnmagazijn.nl\\\/wp-content\\\/uploads\\\/2024\\\/04\\\/DN0100348-Ruitensproeierslang-terugstroomklepje-Lancia-Delta-Integrale-nvt-1-scaled.jpg\",\"datePublished\":\"2024-04-19T14:38:10+00:00\",\"dateModified\":\"2025-08-11T18:27:44+00:00\",\"breadcrumb\":{\"@id\":\"https:\\\/\\\/turijnmagazijn.nl\\\/fr\\\/produit\\\/dn010-dummy-lancia-delta-integrale-nouvelle-imitation-kopie-9\\\/#breadcrumb\"},\"inLanguage\":\"fr-FR\",\"potentialAction\":[{\"@type\":\"ReadAction\",\"target\":[\"https:\\\/\\\/turijnmagazijn.nl\\\/fr\\\/produit\\\/dn010-dummy-lancia-delta-integrale-nouvelle-imitation-kopie-9\\\/\"]}]},{\"@type\":\"ImageObject\",\"inLanguage\":\"fr-FR\",\"@id\":\"https:\\\/\\\/turijnmagazijn.nl\\\/fr\\\/produit\\\/dn010-dummy-lancia-delta-integrale-nouvelle-imitation-kopie-9\\\/#primaryimage\",\"url\":\"https:\\\/\\\/turijnmagazijn.nl\\\/wp-content\\\/uploads\\\/2024\\\/04\\\/DN0100348-Ruitensproeierslang-terugstroomklepje-Lancia-Delta-Integrale-nvt-1-scaled.jpg\",\"contentUrl\":\"https:\\\/\\\/turijnmagazijn.nl\\\/wp-content\\\/uploads\\\/2024\\\/04\\\/DN0100348-Ruitensproeierslang-terugstroomklepje-Lancia-Delta-Integrale-nvt-1-scaled.jpg\",\"width\":2560,\"height\":1920},{\"@type\":\"BreadcrumbList\",\"@id\":\"https:\\\/\\\/turijnmagazijn.nl\\\/fr\\\/produit\\\/dn010-dummy-lancia-delta-integrale-nouvelle-imitation-kopie-9\\\/#breadcrumb\",\"itemListElement\":[{\"@type\":\"ListItem\",\"position\":1,\"name\":\"Home\",\"item\":\"https:\\\/\\\/turijnmagazijn.nl\\\/fr\\\/\"},{\"@type\":\"ListItem\",\"position\":2,\"name\":\"Produits\",\"item\":\"https:\\\/\\\/turijnmagazijn.nl\\\/fr\\\/shop\\\/\"},{\"@type\":\"ListItem\",\"position\":3,\"name\":\"Soupape de refoulement du tuyau de lave-glace Lancia Delta Integrale\"}]},{\"@type\":\"WebSite\",\"@id\":\"https:\\\/\\\/turijnmagazijn.jumpstone-dev.nl\\\/#website\",\"url\":\"https:\\\/\\\/turijnmagazijn.jumpstone-dev.nl\\\/\",\"name\":\"Turijnmagazijn\",\"description\":\"Onderdelen nieuw en gebruikt - Fiat &amp; Lancia\",\"publisher\":{\"@id\":\"https:\\\/\\\/turijnmagazijn.jumpstone-dev.nl\\\/#organization\"},\"potentialAction\":[{\"@type\":\"SearchAction\",\"target\":{\"@type\":\"EntryPoint\",\"urlTemplate\":\"https:\\\/\\\/turijnmagazijn.jumpstone-dev.nl\\\/?s={search_term_string}\"},\"query-input\":{\"@type\":\"PropertyValueSpecification\",\"valueRequired\":true,\"valueName\":\"search_term_string\"}}],\"inLanguage\":\"fr-FR\"},{\"@type\":\"Organization\",\"@id\":\"https:\\\/\\\/turijnmagazijn.jumpstone-dev.nl\\\/#organization\",\"name\":\"Turijnmagazijn\",\"url\":\"https:\\\/\\\/turijnmagazijn.jumpstone-dev.nl\\\/\",\"logo\":{\"@type\":\"ImageObject\",\"inLanguage\":\"fr-FR\",\"@id\":\"https:\\\/\\\/turijnmagazijn.jumpstone-dev.nl\\\/#\\\/schema\\\/logo\\\/image\\\/\",\"url\":\"https:\\\/\\\/turijnmagazijn.nl\\\/wp-content\\\/uploads\\\/2021\\\/02\\\/turijnmagazijnlogo.png\",\"contentUrl\":\"https:\\\/\\\/turijnmagazijn.nl\\\/wp-content\\\/uploads\\\/2021\\\/02\\\/turijnmagazijnlogo.png\",\"width\":555,\"height\":270,\"caption\":\"Turijnmagazijn\"},\"image\":{\"@id\":\"https:\\\/\\\/turijnmagazijn.jumpstone-dev.nl\\\/#\\\/schema\\\/logo\\\/image\\\/\"},\"sameAs\":[\"https:\\\/\\\/www.facebook.com\\\/turijnmagazijn\"]}]}<\/script>\n<!-- \/ Yoast SEO plugin. -->","yoast_head_json":{"title":"Soupape de refoulement du tuyau de lave-glace Lancia Delta Integrale - Turijnmagazijn","robots":{"index":"index","follow":"follow","max-snippet":"max-snippet:-1","max-image-preview":"max-image-preview:large","max-video-preview":"max-video-preview:-1"},"canonical":"https:\/\/turijnmagazijn.nl\/fr\/produit\/dn010-dummy-lancia-delta-integrale-nouvelle-imitation-kopie-9\/","og_locale":"fr_FR","og_type":"article","og_title":"Soupape de refoulement du tuyau de lave-glace Lancia Delta Integrale - Turijnmagazijn","og_description":"Soupape de refoulement du tuyau de lave-glace Lancia Delta Integrale","og_url":"https:\/\/turijnmagazijn.nl\/fr\/produit\/dn010-dummy-lancia-delta-integrale-nouvelle-imitation-kopie-9\/","og_site_name":"Turijnmagazijn","article_publisher":"https:\/\/www.facebook.com\/turijnmagazijn","article_modified_time":"2025-08-11T18:27:44+00:00","og_image":[{"width":2560,"height":1920,"url":"https:\/\/turijnmagazijn.nl\/wp-content\/uploads\/2024\/04\/DN0100348-Ruitensproeierslang-terugstroomklepje-Lancia-Delta-Integrale-nvt-1-scaled.jpg","type":"image\/jpeg"}],"twitter_card":"summary_large_image","twitter_misc":{"Dur\u00e9e de lecture estim\u00e9e":"1 minute"},"schema":{"@context":"https:\/\/schema.org","@graph":[{"@type":"WebPage","@id":"https:\/\/turijnmagazijn.nl\/fr\/produit\/dn010-dummy-lancia-delta-integrale-nouvelle-imitation-kopie-9\/","url":"https:\/\/turijnmagazijn.nl\/fr\/produit\/dn010-dummy-lancia-delta-integrale-nouvelle-imitation-kopie-9\/","name":"Soupape de refoulement du tuyau de lave-glace Lancia Delta Integrale - Turijnmagazijn","isPartOf":{"@id":"https:\/\/turijnmagazijn.jumpstone-dev.nl\/#website"},"primaryImageOfPage":{"@id":"https:\/\/turijnmagazijn.nl\/fr\/produit\/dn010-dummy-lancia-delta-integrale-nouvelle-imitation-kopie-9\/#primaryimage"},"image":{"@id":"https:\/\/turijnmagazijn.nl\/fr\/produit\/dn010-dummy-lancia-delta-integrale-nouvelle-imitation-kopie-9\/#primaryimage"},"thumbnailUrl":"https:\/\/turijnmagazijn.nl\/wp-content\/uploads\/2024\/04\/DN0100348-Ruitensproeierslang-terugstroomklepje-Lancia-Delta-Integrale-nvt-1-scaled.jpg","datePublished":"2024-04-19T14:38:10+00:00","dateModified":"2025-08-11T18:27:44+00:00","breadcrumb":{"@id":"https:\/\/turijnmagazijn.nl\/fr\/produit\/dn010-dummy-lancia-delta-integrale-nouvelle-imitation-kopie-9\/#breadcrumb"},"inLanguage":"fr-FR","potentialAction":[{"@type":"ReadAction","target":["https:\/\/turijnmagazijn.nl\/fr\/produit\/dn010-dummy-lancia-delta-integrale-nouvelle-imitation-kopie-9\/"]}]},{"@type":"ImageObject","inLanguage":"fr-FR","@id":"https:\/\/turijnmagazijn.nl\/fr\/produit\/dn010-dummy-lancia-delta-integrale-nouvelle-imitation-kopie-9\/#primaryimage","url":"https:\/\/turijnmagazijn.nl\/wp-content\/uploads\/2024\/04\/DN0100348-Ruitensproeierslang-terugstroomklepje-Lancia-Delta-Integrale-nvt-1-scaled.jpg","contentUrl":"https:\/\/turijnmagazijn.nl\/wp-content\/uploads\/2024\/04\/DN0100348-Ruitensproeierslang-terugstroomklepje-Lancia-Delta-Integrale-nvt-1-scaled.jpg","width":2560,"height":1920},{"@type":"BreadcrumbList","@id":"https:\/\/turijnmagazijn.nl\/fr\/produit\/dn010-dummy-lancia-delta-integrale-nouvelle-imitation-kopie-9\/#breadcrumb","itemListElement":[{"@type":"ListItem","position":1,"name":"Home","item":"https:\/\/turijnmagazijn.nl\/fr\/"},{"@type":"ListItem","position":2,"name":"Produits","item":"https:\/\/turijnmagazijn.nl\/fr\/shop\/"},{"@type":"ListItem","position":3,"name":"Soupape de refoulement du tuyau de lave-glace Lancia Delta Integrale"}]},{"@type":"WebSite","@id":"https:\/\/turijnmagazijn.jumpstone-dev.nl\/#website","url":"https:\/\/turijnmagazijn.jumpstone-dev.nl\/","name":"Turijnmagazijn","description":"Onderdelen nieuw en gebruikt - Fiat &amp; Lancia","publisher":{"@id":"https:\/\/turijnmagazijn.jumpstone-dev.nl\/#organization"},"potentialAction":[{"@type":"SearchAction","target":{"@type":"EntryPoint","urlTemplate":"https:\/\/turijnmagazijn.jumpstone-dev.nl\/?s={search_term_string}"},"query-input":{"@type":"PropertyValueSpecification","valueRequired":true,"valueName":"search_term_string"}}],"inLanguage":"fr-FR"},{"@type":"Organization","@id":"https:\/\/turijnmagazijn.jumpstone-dev.nl\/#organization","name":"Turijnmagazijn","url":"https:\/\/turijnmagazijn.jumpstone-dev.nl\/","logo":{"@type":"ImageObject","inLanguage":"fr-FR","@id":"https:\/\/turijnmagazijn.jumpstone-dev.nl\/#\/schema\/logo\/image\/","url":"https:\/\/turijnmagazijn.nl\/wp-content\/uploads\/2021\/02\/turijnmagazijnlogo.png","contentUrl":"https:\/\/turijnmagazijn.nl\/wp-content\/uploads\/2021\/02\/turijnmagazijnlogo.png","width":555,"height":270,"caption":"Turijnmagazijn"},"image":{"@id":"https:\/\/turijnmagazijn.jumpstone-dev.nl\/#\/schema\/logo\/image\/"},"sameAs":["https:\/\/www.facebook.com\/turijnmagazijn"]}]}},"_links":{"self":[{"href":"https:\/\/turijnmagazijn.nl\/fr\/wp-json\/wp\/v2\/product\/77192","targetHints":{"allow":["GET"]}}],"collection":[{"href":"https:\/\/turijnmagazijn.nl\/fr\/wp-json\/wp\/v2\/product"}],"about":[{"href":"https:\/\/turijnmagazijn.nl\/fr\/wp-json\/wp\/v2\/types\/product"}],"replies":[{"embeddable":true,"href":"https:\/\/turijnmagazijn.nl\/fr\/wp-json\/wp\/v2\/comments?post=77192"}],"wp:featuredmedia":[{"embeddable":true,"href":"https:\/\/turijnmagazijn.nl\/fr\/wp-json\/wp\/v2\/media\/77278"}],"wp:attachment":[{"href":"https:\/\/turijnmagazijn.nl\/fr\/wp-json\/wp\/v2\/media?parent=77192"}],"wp:term":[{"taxonomy":"product_brand","embeddable":true,"href":"https:\/\/turijnmagazijn.nl\/fr\/wp-json\/wp\/v2\/product_brand?post=77192"},{"taxonomy":"product_cat","embeddable":true,"href":"https:\/\/turijnmagazijn.nl\/fr\/wp-json\/wp\/v2\/product_cat?post=77192"},{"taxonomy":"product_tag","embeddable":true,"href":"https:\/\/turijnmagazijn.nl\/fr\/wp-json\/wp\/v2\/product_tag?post=77192"}],"curies":[{"name":"wp","href":"https:\/\/api.w.org\/{rel}","templated":true}]}}