{"id":77351,"date":"2024-04-27T09:45:15","date_gmt":"2024-04-27T07:45:15","guid":{"rendered":"https:\/\/turijnmagazijn.nl\/?post_type=product&#038;p=77351"},"modified":"2025-04-15T19:03:56","modified_gmt":"2025-04-15T17:03:56","slug":"dn010-dummy-lancia-delta-integrale-nouvelle-imitation-kopie-4","status":"publish","type":"product","link":"https:\/\/turijnmagazijn.nl\/fr\/produit\/dn010-dummy-lancia-delta-integrale-nouvelle-imitation-kopie-4\/","title":{"rendered":"Vis pour bandeau de goutti\u00e8re Delta Integrale"},"content":{"rendered":"<p>Nouvelle pi\u00e8ce d\u2019imitation.<\/p>\n<p><span data-sheets-root=\"1\" data-sheets-value=\"{\"1\":2,\"2\":\"Schroefje voor goot daklijst Delta Integrale\"}\" data-sheets-userformat=\"{\"2\":513,\"3\":{\"1\":0},\"12\":0}\">Petite vis noire \u00e0 t\u00eate cruciforme pour bande de toit Delta Integrale pour le montage de la bande de toit le long de l&rsquo;avant-toit (\u00e0 gauche et \u00e0 droite).<\/span><\/p>\n<p>Ces vis ont une t\u00eate extra-large qui leur permet de bien couvrir l&rsquo;espace suppl\u00e9mentaire dans le trou du cadre de la goutti\u00e8re.<\/p>\n<p>La petite vis qui correspond au diam\u00e8tre de l&rsquo;\u00e9crou d&rsquo;\u00e9cartement num\u00e9ro 82364890 est \u00e9galement disponible dans ce magasin. Ce type d&rsquo;\u00e9crou \u00e9carteur a \u00e9t\u00e9 utilis\u00e9 2 fois sur les Integrales 8V et 16V et 6 fois sur les mod\u00e8les EVO (avec la moulure de toit plus \u00e9l\u00e9gante de couleur carrosserie) par voiture.<\/p>\n<p>&nbsp;<\/p>\n<p>OEM Lancia 15642675<\/p>\n<p>OEM Lancia <span data-sheets-root=\"1\" data-sheets-value=\"{\"1\":2,\"2\":\"82380472\"}\" data-sheets-userformat=\"{\"2\":513,\"3\":{\"1\":1},\"12\":0}\">82380472 <\/span> <\/p>\n","protected":false},"excerpt":{"rendered":"<p><span data-sheets-root=\"1\" data-sheets-value=\"{\"1\":2,\"2\":\"82380472\"}\" data-sheets-userformat=\"{\"2\":513,\"3\":{\"1\":1},\"12\":0}\">82380472 et 15642675 Vis pour solin Delta Integrale pour le montage du solin le long de l&rsquo;avant-toit (gauche et droite)<\/span><\/p>\n","protected":false},"featured_media":77381,"comment_status":"closed","ping_status":"closed","template":"","meta":{"_acf_changed":false},"product_brand":[],"product_cat":[1809,1806,1819,1821,1825,1836,1830,1838,1798],"product_tag":[],"class_list":{"0":"post-77351","1":"product","2":"type-product","3":"status-publish","4":"has-post-thumbnail","6":"product_cat-1-1-1-3-1-5-fr","7":"product_cat-delta-1-831-fr","8":"product_cat-gt-i-e-fr","9":"product_cat-hf-4wd-fr","10":"product_cat-hf-turbo-fr","11":"product_cat-integrale-16v-fr","12":"product_cat-integrale-8v-fr","13":"product_cat-integrale-evo-fr","14":"product_cat-lancia-fr","15":"pa_soort-onderdeel-carrosserie-et-tolerie","17":"first","18":"instock","19":"taxable","20":"shipping-taxable","21":"purchasable","22":"product-type-simple"},"acf":[],"yoast_head":"<!-- This site is optimized with the Yoast SEO plugin v27.2 - https:\/\/yoast.com\/product\/yoast-seo-wordpress\/ -->\n<title>Vis pour bandeau de goutti\u00e8re Delta Integrale - Turijnmagazijn<\/title>\n<meta name=\"robots\" content=\"index, follow, max-snippet:-1, max-image-preview:large, max-video-preview:-1\" \/>\n<link rel=\"canonical\" href=\"https:\/\/turijnmagazijn.nl\/fr\/produit\/dn010-dummy-lancia-delta-integrale-nouvelle-imitation-kopie-4\/\" \/>\n<meta property=\"og:locale\" content=\"fr_FR\" \/>\n<meta property=\"og:type\" content=\"article\" \/>\n<meta property=\"og:title\" content=\"Vis pour bandeau de goutti\u00e8re Delta Integrale - Turijnmagazijn\" \/>\n<meta property=\"og:description\" content=\"82380472 et 15642675 Vis pour solin Delta Integrale pour le montage du solin le long de l&#039;avant-toit (gauche et droite)\" \/>\n<meta property=\"og:url\" content=\"https:\/\/turijnmagazijn.nl\/fr\/produit\/dn010-dummy-lancia-delta-integrale-nouvelle-imitation-kopie-4\/\" \/>\n<meta property=\"og:site_name\" content=\"Turijnmagazijn\" \/>\n<meta property=\"article:publisher\" content=\"https:\/\/www.facebook.com\/turijnmagazijn\" \/>\n<meta property=\"article:modified_time\" content=\"2025-04-15T17:03:56+00:00\" \/>\n<meta property=\"og:image\" content=\"https:\/\/turijnmagazijn.nl\/wp-content\/uploads\/2024\/04\/DN0100352-Schroefje-voor-goot-daklijst-Delta-Integrale-82380472-3-scaled.jpg\" \/>\n\t<meta property=\"og:image:width\" content=\"2560\" \/>\n\t<meta property=\"og:image:height\" content=\"1920\" \/>\n\t<meta property=\"og:image:type\" content=\"image\/jpeg\" \/>\n<meta name=\"twitter:card\" content=\"summary_large_image\" \/>\n<meta name=\"twitter:label1\" content=\"Dur\u00e9e de lecture estim\u00e9e\" \/>\n\t<meta name=\"twitter:data1\" content=\"1 minute\" \/>\n<script type=\"application\/ld+json\" class=\"yoast-schema-graph\">{\"@context\":\"https:\/\/schema.org\",\"@graph\":[{\"@type\":\"WebPage\",\"@id\":\"https:\/\/turijnmagazijn.nl\/fr\/produit\/dn010-dummy-lancia-delta-integrale-nouvelle-imitation-kopie-4\/\",\"url\":\"https:\/\/turijnmagazijn.nl\/fr\/produit\/dn010-dummy-lancia-delta-integrale-nouvelle-imitation-kopie-4\/\",\"name\":\"Vis pour bandeau de goutti\u00e8re Delta Integrale - Turijnmagazijn\",\"isPartOf\":{\"@id\":\"https:\/\/turijnmagazijn.jumpstone-dev.nl\/#website\"},\"primaryImageOfPage\":{\"@id\":\"https:\/\/turijnmagazijn.nl\/fr\/produit\/dn010-dummy-lancia-delta-integrale-nouvelle-imitation-kopie-4\/#primaryimage\"},\"image\":{\"@id\":\"https:\/\/turijnmagazijn.nl\/fr\/produit\/dn010-dummy-lancia-delta-integrale-nouvelle-imitation-kopie-4\/#primaryimage\"},\"thumbnailUrl\":\"https:\/\/turijnmagazijn.nl\/wp-content\/uploads\/2024\/04\/DN0100352-Schroefje-voor-goot-daklijst-Delta-Integrale-82380472-3-scaled.jpg\",\"datePublished\":\"2024-04-27T07:45:15+00:00\",\"dateModified\":\"2025-04-15T17:03:56+00:00\",\"breadcrumb\":{\"@id\":\"https:\/\/turijnmagazijn.nl\/fr\/produit\/dn010-dummy-lancia-delta-integrale-nouvelle-imitation-kopie-4\/#breadcrumb\"},\"inLanguage\":\"fr-FR\",\"potentialAction\":[{\"@type\":\"ReadAction\",\"target\":[\"https:\/\/turijnmagazijn.nl\/fr\/produit\/dn010-dummy-lancia-delta-integrale-nouvelle-imitation-kopie-4\/\"]}]},{\"@type\":\"ImageObject\",\"inLanguage\":\"fr-FR\",\"@id\":\"https:\/\/turijnmagazijn.nl\/fr\/produit\/dn010-dummy-lancia-delta-integrale-nouvelle-imitation-kopie-4\/#primaryimage\",\"url\":\"https:\/\/turijnmagazijn.nl\/wp-content\/uploads\/2024\/04\/DN0100352-Schroefje-voor-goot-daklijst-Delta-Integrale-82380472-3-scaled.jpg\",\"contentUrl\":\"https:\/\/turijnmagazijn.nl\/wp-content\/uploads\/2024\/04\/DN0100352-Schroefje-voor-goot-daklijst-Delta-Integrale-82380472-3-scaled.jpg\",\"width\":2560,\"height\":1920},{\"@type\":\"BreadcrumbList\",\"@id\":\"https:\/\/turijnmagazijn.nl\/fr\/produit\/dn010-dummy-lancia-delta-integrale-nouvelle-imitation-kopie-4\/#breadcrumb\",\"itemListElement\":[{\"@type\":\"ListItem\",\"position\":1,\"name\":\"Home\",\"item\":\"https:\/\/turijnmagazijn.nl\/fr\/\"},{\"@type\":\"ListItem\",\"position\":2,\"name\":\"Produits\",\"item\":\"https:\/\/turijnmagazijn.nl\/fr\/shop\/\"},{\"@type\":\"ListItem\",\"position\":3,\"name\":\"Vis pour bandeau de goutti\u00e8re Delta Integrale\"}]},{\"@type\":\"WebSite\",\"@id\":\"https:\/\/turijnmagazijn.jumpstone-dev.nl\/#website\",\"url\":\"https:\/\/turijnmagazijn.jumpstone-dev.nl\/\",\"name\":\"Turijnmagazijn\",\"description\":\"Onderdelen nieuw en gebruikt - Fiat &amp; Lancia\",\"publisher\":{\"@id\":\"https:\/\/turijnmagazijn.jumpstone-dev.nl\/#organization\"},\"potentialAction\":[{\"@type\":\"SearchAction\",\"target\":{\"@type\":\"EntryPoint\",\"urlTemplate\":\"https:\/\/turijnmagazijn.jumpstone-dev.nl\/?s={search_term_string}\"},\"query-input\":{\"@type\":\"PropertyValueSpecification\",\"valueRequired\":true,\"valueName\":\"search_term_string\"}}],\"inLanguage\":\"fr-FR\"},{\"@type\":\"Organization\",\"@id\":\"https:\/\/turijnmagazijn.jumpstone-dev.nl\/#organization\",\"name\":\"Turijnmagazijn\",\"url\":\"https:\/\/turijnmagazijn.jumpstone-dev.nl\/\",\"logo\":{\"@type\":\"ImageObject\",\"inLanguage\":\"fr-FR\",\"@id\":\"https:\/\/turijnmagazijn.jumpstone-dev.nl\/#\/schema\/logo\/image\/\",\"url\":\"https:\/\/turijnmagazijn.nl\/wp-content\/uploads\/2021\/02\/turijnmagazijnlogo.png\",\"contentUrl\":\"https:\/\/turijnmagazijn.nl\/wp-content\/uploads\/2021\/02\/turijnmagazijnlogo.png\",\"width\":555,\"height\":270,\"caption\":\"Turijnmagazijn\"},\"image\":{\"@id\":\"https:\/\/turijnmagazijn.jumpstone-dev.nl\/#\/schema\/logo\/image\/\"},\"sameAs\":[\"https:\/\/www.facebook.com\/turijnmagazijn\"]}]}<\/script>\n<!-- \/ Yoast SEO plugin. -->","yoast_head_json":{"title":"Vis pour bandeau de goutti\u00e8re Delta Integrale - Turijnmagazijn","robots":{"index":"index","follow":"follow","max-snippet":"max-snippet:-1","max-image-preview":"max-image-preview:large","max-video-preview":"max-video-preview:-1"},"canonical":"https:\/\/turijnmagazijn.nl\/fr\/produit\/dn010-dummy-lancia-delta-integrale-nouvelle-imitation-kopie-4\/","og_locale":"fr_FR","og_type":"article","og_title":"Vis pour bandeau de goutti\u00e8re Delta Integrale - Turijnmagazijn","og_description":"82380472 et 15642675 Vis pour solin Delta Integrale pour le montage du solin le long de l'avant-toit (gauche et droite)","og_url":"https:\/\/turijnmagazijn.nl\/fr\/produit\/dn010-dummy-lancia-delta-integrale-nouvelle-imitation-kopie-4\/","og_site_name":"Turijnmagazijn","article_publisher":"https:\/\/www.facebook.com\/turijnmagazijn","article_modified_time":"2025-04-15T17:03:56+00:00","og_image":[{"width":2560,"height":1920,"url":"https:\/\/turijnmagazijn.nl\/wp-content\/uploads\/2024\/04\/DN0100352-Schroefje-voor-goot-daklijst-Delta-Integrale-82380472-3-scaled.jpg","type":"image\/jpeg"}],"twitter_card":"summary_large_image","twitter_misc":{"Dur\u00e9e de lecture estim\u00e9e":"1 minute"},"schema":{"@context":"https:\/\/schema.org","@graph":[{"@type":"WebPage","@id":"https:\/\/turijnmagazijn.nl\/fr\/produit\/dn010-dummy-lancia-delta-integrale-nouvelle-imitation-kopie-4\/","url":"https:\/\/turijnmagazijn.nl\/fr\/produit\/dn010-dummy-lancia-delta-integrale-nouvelle-imitation-kopie-4\/","name":"Vis pour bandeau de goutti\u00e8re Delta Integrale - Turijnmagazijn","isPartOf":{"@id":"https:\/\/turijnmagazijn.jumpstone-dev.nl\/#website"},"primaryImageOfPage":{"@id":"https:\/\/turijnmagazijn.nl\/fr\/produit\/dn010-dummy-lancia-delta-integrale-nouvelle-imitation-kopie-4\/#primaryimage"},"image":{"@id":"https:\/\/turijnmagazijn.nl\/fr\/produit\/dn010-dummy-lancia-delta-integrale-nouvelle-imitation-kopie-4\/#primaryimage"},"thumbnailUrl":"https:\/\/turijnmagazijn.nl\/wp-content\/uploads\/2024\/04\/DN0100352-Schroefje-voor-goot-daklijst-Delta-Integrale-82380472-3-scaled.jpg","datePublished":"2024-04-27T07:45:15+00:00","dateModified":"2025-04-15T17:03:56+00:00","breadcrumb":{"@id":"https:\/\/turijnmagazijn.nl\/fr\/produit\/dn010-dummy-lancia-delta-integrale-nouvelle-imitation-kopie-4\/#breadcrumb"},"inLanguage":"fr-FR","potentialAction":[{"@type":"ReadAction","target":["https:\/\/turijnmagazijn.nl\/fr\/produit\/dn010-dummy-lancia-delta-integrale-nouvelle-imitation-kopie-4\/"]}]},{"@type":"ImageObject","inLanguage":"fr-FR","@id":"https:\/\/turijnmagazijn.nl\/fr\/produit\/dn010-dummy-lancia-delta-integrale-nouvelle-imitation-kopie-4\/#primaryimage","url":"https:\/\/turijnmagazijn.nl\/wp-content\/uploads\/2024\/04\/DN0100352-Schroefje-voor-goot-daklijst-Delta-Integrale-82380472-3-scaled.jpg","contentUrl":"https:\/\/turijnmagazijn.nl\/wp-content\/uploads\/2024\/04\/DN0100352-Schroefje-voor-goot-daklijst-Delta-Integrale-82380472-3-scaled.jpg","width":2560,"height":1920},{"@type":"BreadcrumbList","@id":"https:\/\/turijnmagazijn.nl\/fr\/produit\/dn010-dummy-lancia-delta-integrale-nouvelle-imitation-kopie-4\/#breadcrumb","itemListElement":[{"@type":"ListItem","position":1,"name":"Home","item":"https:\/\/turijnmagazijn.nl\/fr\/"},{"@type":"ListItem","position":2,"name":"Produits","item":"https:\/\/turijnmagazijn.nl\/fr\/shop\/"},{"@type":"ListItem","position":3,"name":"Vis pour bandeau de goutti\u00e8re Delta Integrale"}]},{"@type":"WebSite","@id":"https:\/\/turijnmagazijn.jumpstone-dev.nl\/#website","url":"https:\/\/turijnmagazijn.jumpstone-dev.nl\/","name":"Turijnmagazijn","description":"Onderdelen nieuw en gebruikt - Fiat &amp; Lancia","publisher":{"@id":"https:\/\/turijnmagazijn.jumpstone-dev.nl\/#organization"},"potentialAction":[{"@type":"SearchAction","target":{"@type":"EntryPoint","urlTemplate":"https:\/\/turijnmagazijn.jumpstone-dev.nl\/?s={search_term_string}"},"query-input":{"@type":"PropertyValueSpecification","valueRequired":true,"valueName":"search_term_string"}}],"inLanguage":"fr-FR"},{"@type":"Organization","@id":"https:\/\/turijnmagazijn.jumpstone-dev.nl\/#organization","name":"Turijnmagazijn","url":"https:\/\/turijnmagazijn.jumpstone-dev.nl\/","logo":{"@type":"ImageObject","inLanguage":"fr-FR","@id":"https:\/\/turijnmagazijn.jumpstone-dev.nl\/#\/schema\/logo\/image\/","url":"https:\/\/turijnmagazijn.nl\/wp-content\/uploads\/2021\/02\/turijnmagazijnlogo.png","contentUrl":"https:\/\/turijnmagazijn.nl\/wp-content\/uploads\/2021\/02\/turijnmagazijnlogo.png","width":555,"height":270,"caption":"Turijnmagazijn"},"image":{"@id":"https:\/\/turijnmagazijn.jumpstone-dev.nl\/#\/schema\/logo\/image\/"},"sameAs":["https:\/\/www.facebook.com\/turijnmagazijn"]}]}},"_links":{"self":[{"href":"https:\/\/turijnmagazijn.nl\/fr\/wp-json\/wp\/v2\/product\/77351","targetHints":{"allow":["GET"]}}],"collection":[{"href":"https:\/\/turijnmagazijn.nl\/fr\/wp-json\/wp\/v2\/product"}],"about":[{"href":"https:\/\/turijnmagazijn.nl\/fr\/wp-json\/wp\/v2\/types\/product"}],"replies":[{"embeddable":true,"href":"https:\/\/turijnmagazijn.nl\/fr\/wp-json\/wp\/v2\/comments?post=77351"}],"wp:featuredmedia":[{"embeddable":true,"href":"https:\/\/turijnmagazijn.nl\/fr\/wp-json\/wp\/v2\/media\/77381"}],"wp:attachment":[{"href":"https:\/\/turijnmagazijn.nl\/fr\/wp-json\/wp\/v2\/media?parent=77351"}],"wp:term":[{"taxonomy":"product_brand","embeddable":true,"href":"https:\/\/turijnmagazijn.nl\/fr\/wp-json\/wp\/v2\/product_brand?post=77351"},{"taxonomy":"product_cat","embeddable":true,"href":"https:\/\/turijnmagazijn.nl\/fr\/wp-json\/wp\/v2\/product_cat?post=77351"},{"taxonomy":"product_tag","embeddable":true,"href":"https:\/\/turijnmagazijn.nl\/fr\/wp-json\/wp\/v2\/product_tag?post=77351"}],"curies":[{"name":"wp","href":"https:\/\/api.w.org\/{rel}","templated":true}]}}