{"id":77769,"date":"2024-07-13T10:30:59","date_gmt":"2024-07-13T08:30:59","guid":{"rendered":"https:\/\/turijnmagazijn.nl\/?post_type=product&#038;p=77769"},"modified":"2025-04-15T22:00:30","modified_gmt":"2025-04-15T20:00:30","slug":"serrure-de-contact-2-cles-lancia-delta-integrale-kopie","status":"publish","type":"product","link":"https:\/\/turijnmagazijn.nl\/fr\/produit\/serrure-de-contact-2-cles-lancia-delta-integrale-kopie\/","title":{"rendered":"Serrure d&rsquo;allumage universelle Lancia Delta 1 Fiat Croma 1 Ducato 1"},"content":{"rendered":"<p>Nouvelle serrure de contact universelle pour Lancia Delta Integrale. Peut facilement \u00eatre \u00e9chang\u00e9 avec un vieil original. Retirez le capot autour de la colonne de direction, puis d\u00e9vissez avec deux boulons et mettez le nouveau en place. Parce que les serrures de porte sont diff\u00e9rentes sur chaque Delta I, vous pouvez \u00e9changer la serrure de contact contre une nouvelle en toute impunit\u00e9. Vous disposez imm\u00e9diatement d\u2019un m\u00e9canisme compl\u00e8tement neuf, d\u2019une \u00e9lectronique et de deux cl\u00e9s bien ajust\u00e9es.<\/p>\n<p>Convient \u00e9galement :<\/p>\n<ul>\n<li>Lancia Thema 1<\/li>\n<li>Fiat Croma 1<\/li>\n<li>Fiat Ducato 1<\/li>\n<\/ul>\n<p>Concerne une nouvelle serrure de contact inutilis\u00e9e avec deux cl\u00e9s.<\/p>\n<p>Il s&rsquo;agit de cl\u00e9s \u00e0 poign\u00e9e universelle, sans marque ni inscription.<\/p>\n<p>S&rsquo;applique \u00e9galement \u00e0 de nombreuses autres voitures Fiat de la fin des ann\u00e9es 1980 et du d\u00e9but des ann\u00e9es 1990.<\/p>\n<p>Le type de panneton de ces serrures est GT10.<\/p>\n<p>OEM Lancia 82438638 (\u00e0 titre de r\u00e9f\u00e9rence uniquement, il ne s&rsquo;agit pas d&rsquo;une pi\u00e8ce d&rsquo;origine)<\/p>\n<p>OEM Fiat 82439821 (\u00e0 titre de r\u00e9f\u00e9rence uniquement, il ne s&rsquo;agit pas d&rsquo;une pi\u00e8ce d&rsquo;origine)<\/p>\n","protected":false},"excerpt":{"rendered":"<p>Serrure d&rsquo;allumage universelle avec 2 cl\u00e9s Lancia Delta Integrale -new- &#8211; Serrure d&rsquo;allumage neuve d&rsquo;origine pour Lancia Delta Integrale.<\/p>\n","protected":false},"featured_media":77773,"comment_status":"closed","ping_status":"closed","template":"","meta":{"_acf_changed":false},"product_brand":[],"product_cat":[1809,1722,1806,1690,1819,1821,1825,1836,1830,1798,1896,1902,1897],"product_tag":[],"class_list":{"0":"post-77769","1":"product","2":"type-product","3":"status-publish","4":"has-post-thumbnail","6":"product_cat-1-1-1-3-1-5-fr","7":"product_cat-croma-1-154-fr","8":"product_cat-delta-1-831-fr","9":"product_cat-fiat-fr","10":"product_cat-gt-i-e-fr","11":"product_cat-hf-4wd-fr","12":"product_cat-hf-turbo-fr","13":"product_cat-integrale-16v-fr","14":"product_cat-integrale-8v-fr","15":"product_cat-lancia-fr","16":"product_cat-thema-834-fr","17":"product_cat-thema-sedan-fr","18":"product_cat-thema-sw-fr","19":"pa_soort-onderdeel-carrosserie-et-tolerie","21":"first","22":"instock","23":"taxable","24":"shipping-taxable","25":"purchasable","26":"product-type-simple"},"acf":[],"yoast_head":"<!-- This site is optimized with the Yoast SEO plugin v27.2 - https:\/\/yoast.com\/product\/yoast-seo-wordpress\/ -->\n<title>Serrure d&#039;allumage universelle Lancia Delta 1 Fiat Croma 1 Ducato 1 - Turijnmagazijn<\/title>\n<meta name=\"robots\" content=\"index, follow, max-snippet:-1, max-image-preview:large, max-video-preview:-1\" \/>\n<link rel=\"canonical\" href=\"https:\/\/turijnmagazijn.nl\/fr\/produit\/serrure-de-contact-2-cles-lancia-delta-integrale-kopie\/\" \/>\n<meta property=\"og:locale\" content=\"fr_FR\" \/>\n<meta property=\"og:type\" content=\"article\" \/>\n<meta property=\"og:title\" content=\"Serrure d&#039;allumage universelle Lancia Delta 1 Fiat Croma 1 Ducato 1 - Turijnmagazijn\" \/>\n<meta property=\"og:description\" content=\"Serrure d&#039;allumage universelle avec 2 cl\u00e9s Lancia Delta Integrale -new- - Serrure d&#039;allumage neuve d&#039;origine pour Lancia Delta Integrale.\" \/>\n<meta property=\"og:url\" content=\"https:\/\/turijnmagazijn.nl\/fr\/produit\/serrure-de-contact-2-cles-lancia-delta-integrale-kopie\/\" \/>\n<meta property=\"og:site_name\" content=\"Turijnmagazijn\" \/>\n<meta property=\"article:publisher\" content=\"https:\/\/www.facebook.com\/turijnmagazijn\" \/>\n<meta property=\"article:modified_time\" content=\"2025-04-15T20:00:30+00:00\" \/>\n<meta property=\"og:image\" content=\"https:\/\/turijnmagazijn.nl\/wp-content\/uploads\/2024\/07\/DN0100356-Contactslot-universeel-Lancia-Delta-1-Fiat-Croma-1-Ducato-1-82438638-2-scaled.jpg\" \/>\n\t<meta property=\"og:image:width\" content=\"2560\" \/>\n\t<meta property=\"og:image:height\" content=\"1920\" \/>\n\t<meta property=\"og:image:type\" content=\"image\/jpeg\" \/>\n<meta name=\"twitter:card\" content=\"summary_large_image\" \/>\n<meta name=\"twitter:label1\" content=\"Dur\u00e9e de lecture estim\u00e9e\" \/>\n\t<meta name=\"twitter:data1\" content=\"1 minute\" \/>\n<script type=\"application\/ld+json\" class=\"yoast-schema-graph\">{\"@context\":\"https:\/\/schema.org\",\"@graph\":[{\"@type\":\"WebPage\",\"@id\":\"https:\/\/turijnmagazijn.nl\/fr\/produit\/serrure-de-contact-2-cles-lancia-delta-integrale-kopie\/\",\"url\":\"https:\/\/turijnmagazijn.nl\/fr\/produit\/serrure-de-contact-2-cles-lancia-delta-integrale-kopie\/\",\"name\":\"Serrure d'allumage universelle Lancia Delta 1 Fiat Croma 1 Ducato 1 - Turijnmagazijn\",\"isPartOf\":{\"@id\":\"https:\/\/turijnmagazijn.jumpstone-dev.nl\/#website\"},\"primaryImageOfPage\":{\"@id\":\"https:\/\/turijnmagazijn.nl\/fr\/produit\/serrure-de-contact-2-cles-lancia-delta-integrale-kopie\/#primaryimage\"},\"image\":{\"@id\":\"https:\/\/turijnmagazijn.nl\/fr\/produit\/serrure-de-contact-2-cles-lancia-delta-integrale-kopie\/#primaryimage\"},\"thumbnailUrl\":\"https:\/\/turijnmagazijn.nl\/wp-content\/uploads\/2024\/07\/DN0100356-Contactslot-universeel-Lancia-Delta-1-Fiat-Croma-1-Ducato-1-82438638-2-scaled.jpg\",\"datePublished\":\"2024-07-13T08:30:59+00:00\",\"dateModified\":\"2025-04-15T20:00:30+00:00\",\"breadcrumb\":{\"@id\":\"https:\/\/turijnmagazijn.nl\/fr\/produit\/serrure-de-contact-2-cles-lancia-delta-integrale-kopie\/#breadcrumb\"},\"inLanguage\":\"fr-FR\",\"potentialAction\":[{\"@type\":\"ReadAction\",\"target\":[\"https:\/\/turijnmagazijn.nl\/fr\/produit\/serrure-de-contact-2-cles-lancia-delta-integrale-kopie\/\"]}]},{\"@type\":\"ImageObject\",\"inLanguage\":\"fr-FR\",\"@id\":\"https:\/\/turijnmagazijn.nl\/fr\/produit\/serrure-de-contact-2-cles-lancia-delta-integrale-kopie\/#primaryimage\",\"url\":\"https:\/\/turijnmagazijn.nl\/wp-content\/uploads\/2024\/07\/DN0100356-Contactslot-universeel-Lancia-Delta-1-Fiat-Croma-1-Ducato-1-82438638-2-scaled.jpg\",\"contentUrl\":\"https:\/\/turijnmagazijn.nl\/wp-content\/uploads\/2024\/07\/DN0100356-Contactslot-universeel-Lancia-Delta-1-Fiat-Croma-1-Ducato-1-82438638-2-scaled.jpg\",\"width\":2560,\"height\":1920},{\"@type\":\"BreadcrumbList\",\"@id\":\"https:\/\/turijnmagazijn.nl\/fr\/produit\/serrure-de-contact-2-cles-lancia-delta-integrale-kopie\/#breadcrumb\",\"itemListElement\":[{\"@type\":\"ListItem\",\"position\":1,\"name\":\"Home\",\"item\":\"https:\/\/turijnmagazijn.nl\/fr\/\"},{\"@type\":\"ListItem\",\"position\":2,\"name\":\"Produits\",\"item\":\"https:\/\/turijnmagazijn.nl\/fr\/shop\/\"},{\"@type\":\"ListItem\",\"position\":3,\"name\":\"Serrure d&#8217;allumage universelle Lancia Delta 1 Fiat Croma 1 Ducato 1\"}]},{\"@type\":\"WebSite\",\"@id\":\"https:\/\/turijnmagazijn.jumpstone-dev.nl\/#website\",\"url\":\"https:\/\/turijnmagazijn.jumpstone-dev.nl\/\",\"name\":\"Turijnmagazijn\",\"description\":\"Onderdelen nieuw en gebruikt - Fiat &amp; Lancia\",\"publisher\":{\"@id\":\"https:\/\/turijnmagazijn.jumpstone-dev.nl\/#organization\"},\"potentialAction\":[{\"@type\":\"SearchAction\",\"target\":{\"@type\":\"EntryPoint\",\"urlTemplate\":\"https:\/\/turijnmagazijn.jumpstone-dev.nl\/?s={search_term_string}\"},\"query-input\":{\"@type\":\"PropertyValueSpecification\",\"valueRequired\":true,\"valueName\":\"search_term_string\"}}],\"inLanguage\":\"fr-FR\"},{\"@type\":\"Organization\",\"@id\":\"https:\/\/turijnmagazijn.jumpstone-dev.nl\/#organization\",\"name\":\"Turijnmagazijn\",\"url\":\"https:\/\/turijnmagazijn.jumpstone-dev.nl\/\",\"logo\":{\"@type\":\"ImageObject\",\"inLanguage\":\"fr-FR\",\"@id\":\"https:\/\/turijnmagazijn.jumpstone-dev.nl\/#\/schema\/logo\/image\/\",\"url\":\"https:\/\/turijnmagazijn.nl\/wp-content\/uploads\/2021\/02\/turijnmagazijnlogo.png\",\"contentUrl\":\"https:\/\/turijnmagazijn.nl\/wp-content\/uploads\/2021\/02\/turijnmagazijnlogo.png\",\"width\":555,\"height\":270,\"caption\":\"Turijnmagazijn\"},\"image\":{\"@id\":\"https:\/\/turijnmagazijn.jumpstone-dev.nl\/#\/schema\/logo\/image\/\"},\"sameAs\":[\"https:\/\/www.facebook.com\/turijnmagazijn\"]}]}<\/script>\n<!-- \/ Yoast SEO plugin. -->","yoast_head_json":{"title":"Serrure d'allumage universelle Lancia Delta 1 Fiat Croma 1 Ducato 1 - Turijnmagazijn","robots":{"index":"index","follow":"follow","max-snippet":"max-snippet:-1","max-image-preview":"max-image-preview:large","max-video-preview":"max-video-preview:-1"},"canonical":"https:\/\/turijnmagazijn.nl\/fr\/produit\/serrure-de-contact-2-cles-lancia-delta-integrale-kopie\/","og_locale":"fr_FR","og_type":"article","og_title":"Serrure d'allumage universelle Lancia Delta 1 Fiat Croma 1 Ducato 1 - Turijnmagazijn","og_description":"Serrure d'allumage universelle avec 2 cl\u00e9s Lancia Delta Integrale -new- - Serrure d'allumage neuve d'origine pour Lancia Delta Integrale.","og_url":"https:\/\/turijnmagazijn.nl\/fr\/produit\/serrure-de-contact-2-cles-lancia-delta-integrale-kopie\/","og_site_name":"Turijnmagazijn","article_publisher":"https:\/\/www.facebook.com\/turijnmagazijn","article_modified_time":"2025-04-15T20:00:30+00:00","og_image":[{"width":2560,"height":1920,"url":"https:\/\/turijnmagazijn.nl\/wp-content\/uploads\/2024\/07\/DN0100356-Contactslot-universeel-Lancia-Delta-1-Fiat-Croma-1-Ducato-1-82438638-2-scaled.jpg","type":"image\/jpeg"}],"twitter_card":"summary_large_image","twitter_misc":{"Dur\u00e9e de lecture estim\u00e9e":"1 minute"},"schema":{"@context":"https:\/\/schema.org","@graph":[{"@type":"WebPage","@id":"https:\/\/turijnmagazijn.nl\/fr\/produit\/serrure-de-contact-2-cles-lancia-delta-integrale-kopie\/","url":"https:\/\/turijnmagazijn.nl\/fr\/produit\/serrure-de-contact-2-cles-lancia-delta-integrale-kopie\/","name":"Serrure d'allumage universelle Lancia Delta 1 Fiat Croma 1 Ducato 1 - Turijnmagazijn","isPartOf":{"@id":"https:\/\/turijnmagazijn.jumpstone-dev.nl\/#website"},"primaryImageOfPage":{"@id":"https:\/\/turijnmagazijn.nl\/fr\/produit\/serrure-de-contact-2-cles-lancia-delta-integrale-kopie\/#primaryimage"},"image":{"@id":"https:\/\/turijnmagazijn.nl\/fr\/produit\/serrure-de-contact-2-cles-lancia-delta-integrale-kopie\/#primaryimage"},"thumbnailUrl":"https:\/\/turijnmagazijn.nl\/wp-content\/uploads\/2024\/07\/DN0100356-Contactslot-universeel-Lancia-Delta-1-Fiat-Croma-1-Ducato-1-82438638-2-scaled.jpg","datePublished":"2024-07-13T08:30:59+00:00","dateModified":"2025-04-15T20:00:30+00:00","breadcrumb":{"@id":"https:\/\/turijnmagazijn.nl\/fr\/produit\/serrure-de-contact-2-cles-lancia-delta-integrale-kopie\/#breadcrumb"},"inLanguage":"fr-FR","potentialAction":[{"@type":"ReadAction","target":["https:\/\/turijnmagazijn.nl\/fr\/produit\/serrure-de-contact-2-cles-lancia-delta-integrale-kopie\/"]}]},{"@type":"ImageObject","inLanguage":"fr-FR","@id":"https:\/\/turijnmagazijn.nl\/fr\/produit\/serrure-de-contact-2-cles-lancia-delta-integrale-kopie\/#primaryimage","url":"https:\/\/turijnmagazijn.nl\/wp-content\/uploads\/2024\/07\/DN0100356-Contactslot-universeel-Lancia-Delta-1-Fiat-Croma-1-Ducato-1-82438638-2-scaled.jpg","contentUrl":"https:\/\/turijnmagazijn.nl\/wp-content\/uploads\/2024\/07\/DN0100356-Contactslot-universeel-Lancia-Delta-1-Fiat-Croma-1-Ducato-1-82438638-2-scaled.jpg","width":2560,"height":1920},{"@type":"BreadcrumbList","@id":"https:\/\/turijnmagazijn.nl\/fr\/produit\/serrure-de-contact-2-cles-lancia-delta-integrale-kopie\/#breadcrumb","itemListElement":[{"@type":"ListItem","position":1,"name":"Home","item":"https:\/\/turijnmagazijn.nl\/fr\/"},{"@type":"ListItem","position":2,"name":"Produits","item":"https:\/\/turijnmagazijn.nl\/fr\/shop\/"},{"@type":"ListItem","position":3,"name":"Serrure d&#8217;allumage universelle Lancia Delta 1 Fiat Croma 1 Ducato 1"}]},{"@type":"WebSite","@id":"https:\/\/turijnmagazijn.jumpstone-dev.nl\/#website","url":"https:\/\/turijnmagazijn.jumpstone-dev.nl\/","name":"Turijnmagazijn","description":"Onderdelen nieuw en gebruikt - Fiat &amp; Lancia","publisher":{"@id":"https:\/\/turijnmagazijn.jumpstone-dev.nl\/#organization"},"potentialAction":[{"@type":"SearchAction","target":{"@type":"EntryPoint","urlTemplate":"https:\/\/turijnmagazijn.jumpstone-dev.nl\/?s={search_term_string}"},"query-input":{"@type":"PropertyValueSpecification","valueRequired":true,"valueName":"search_term_string"}}],"inLanguage":"fr-FR"},{"@type":"Organization","@id":"https:\/\/turijnmagazijn.jumpstone-dev.nl\/#organization","name":"Turijnmagazijn","url":"https:\/\/turijnmagazijn.jumpstone-dev.nl\/","logo":{"@type":"ImageObject","inLanguage":"fr-FR","@id":"https:\/\/turijnmagazijn.jumpstone-dev.nl\/#\/schema\/logo\/image\/","url":"https:\/\/turijnmagazijn.nl\/wp-content\/uploads\/2021\/02\/turijnmagazijnlogo.png","contentUrl":"https:\/\/turijnmagazijn.nl\/wp-content\/uploads\/2021\/02\/turijnmagazijnlogo.png","width":555,"height":270,"caption":"Turijnmagazijn"},"image":{"@id":"https:\/\/turijnmagazijn.jumpstone-dev.nl\/#\/schema\/logo\/image\/"},"sameAs":["https:\/\/www.facebook.com\/turijnmagazijn"]}]}},"_links":{"self":[{"href":"https:\/\/turijnmagazijn.nl\/fr\/wp-json\/wp\/v2\/product\/77769","targetHints":{"allow":["GET"]}}],"collection":[{"href":"https:\/\/turijnmagazijn.nl\/fr\/wp-json\/wp\/v2\/product"}],"about":[{"href":"https:\/\/turijnmagazijn.nl\/fr\/wp-json\/wp\/v2\/types\/product"}],"replies":[{"embeddable":true,"href":"https:\/\/turijnmagazijn.nl\/fr\/wp-json\/wp\/v2\/comments?post=77769"}],"wp:featuredmedia":[{"embeddable":true,"href":"https:\/\/turijnmagazijn.nl\/fr\/wp-json\/wp\/v2\/media\/77773"}],"wp:attachment":[{"href":"https:\/\/turijnmagazijn.nl\/fr\/wp-json\/wp\/v2\/media?parent=77769"}],"wp:term":[{"taxonomy":"product_brand","embeddable":true,"href":"https:\/\/turijnmagazijn.nl\/fr\/wp-json\/wp\/v2\/product_brand?post=77769"},{"taxonomy":"product_cat","embeddable":true,"href":"https:\/\/turijnmagazijn.nl\/fr\/wp-json\/wp\/v2\/product_cat?post=77769"},{"taxonomy":"product_tag","embeddable":true,"href":"https:\/\/turijnmagazijn.nl\/fr\/wp-json\/wp\/v2\/product_tag?post=77769"}],"curies":[{"name":"wp","href":"https:\/\/api.w.org\/{rel}","templated":true}]}}