{"id":77825,"date":"2024-07-13T19:52:41","date_gmt":"2024-07-13T17:52:41","guid":{"rendered":"https:\/\/turijnmagazijn.nl\/?post_type=product&#038;p=77825"},"modified":"2025-04-15T20:44:11","modified_gmt":"2025-04-15T18:44:11","slug":"cle-non-coupee-lancia-delta-serrure-dallumage-integrale-imitation-kopie","status":"publish","type":"product","link":"https:\/\/turijnmagazijn.nl\/fr\/produit\/cle-non-coupee-lancia-delta-serrure-dallumage-integrale-imitation-kopie\/","title":{"rendered":"Cl\u00e9 non coup\u00e9e Lancia Delta 2 -IMITATION-"},"content":{"rendered":"<p>Imitation de cl\u00e9 pour Lancia Delta 2 applicable pour l&rsquo;allumage et les serrures des portes.<\/p>\n<p>Convient \u00e0 tous les Delta de la deuxi\u00e8me s\u00e9rie de mod\u00e8les, des ann\u00e9es de construction 1996 \u00e0 2000.<\/p>\n<p>La plupart des Delta de deuxi\u00e8me s\u00e9rie sont d\u00e9j\u00e0 \u00e9quip\u00e9s d&rsquo;une cl\u00e9 tansponder. Il <strong>n&rsquo;<\/strong>y a <strong>pas de transpondeur <\/strong> dans cette imitation de cl\u00e9 <strong>! <\/strong> <\/p>\n<p>Ce type de lame de cl\u00e9 est GT15. Elle ne conviendra donc pas \u00e0 une Delta 1, qui utilise les cl\u00e9s GT10 pour des serrures d&rsquo;allumage tr\u00e8s similaires \u00e0 celle-ci.<\/p>\n<p>Nous avons d\u00e9velopp\u00e9 ces cl\u00e9s nous-m\u00eames comme alternative \u00e0 la cl\u00e9 silca sans marque. Le mod\u00e8le de la t\u00eate de cl\u00e9 a \u00e9t\u00e9 modifi\u00e9 en approfondissant la gravure du logo Lancia. La partie plastique provient d\u2019une imprimante 3D et est compos\u00e9e de deux parties coll\u00e9es avec une colle \u00e9poxy solide. Ce n\u2019est donc PAS une cl\u00e9 Lancia originale, mais une alternative abordable pour le passionn\u00e9 qui pr\u00e9f\u00e8re Lancia sur la cl\u00e9.<\/p>\n<p>R\u00e9f\u00e9rence OEM pour cette cl\u00e9 : 82435172 et 82435171<\/p>\n","protected":false},"excerpt":{"rendered":"<p>Cl\u00e9 non taill\u00e9e Lancia Delta 2 portes et serrure de contact -IMITATION-<\/p>\n","protected":false},"featured_media":61611,"comment_status":"open","ping_status":"closed","template":"","meta":{"_acf_changed":false},"product_brand":[],"product_cat":[1809,1806,1819,1821,1825,1836,1830,1838,1798],"product_tag":[],"class_list":{"0":"post-77825","1":"product","2":"type-product","3":"status-publish","4":"has-post-thumbnail","6":"product_cat-1-1-1-3-1-5-fr","7":"product_cat-delta-1-831-fr","8":"product_cat-gt-i-e-fr","9":"product_cat-hf-4wd-fr","10":"product_cat-hf-turbo-fr","11":"product_cat-integrale-16v-fr","12":"product_cat-integrale-8v-fr","13":"product_cat-integrale-evo-fr","14":"product_cat-lancia-fr","15":"pa_soort-onderdeel-carrosserie-et-tolerie","17":"first","18":"instock","19":"taxable","20":"shipping-taxable","21":"purchasable","22":"product-type-simple"},"acf":[],"yoast_head":"<!-- This site is optimized with the Yoast SEO plugin v27.2 - https:\/\/yoast.com\/product\/yoast-seo-wordpress\/ -->\n<title>Cl\u00e9 non coup\u00e9e Lancia Delta 2 -IMITATION- Turijnmagazijn<\/title>\n<meta name=\"robots\" content=\"index, follow, max-snippet:-1, max-image-preview:large, max-video-preview:-1\" \/>\n<link rel=\"canonical\" href=\"https:\/\/turijnmagazijn.nl\/fr\/produit\/cle-non-coupee-lancia-delta-serrure-dallumage-integrale-imitation-kopie\/\" \/>\n<meta property=\"og:locale\" content=\"fr_FR\" \/>\n<meta property=\"og:type\" content=\"article\" \/>\n<meta property=\"og:title\" content=\"Cl\u00e9 non coup\u00e9e Lancia Delta 2 -IMITATION- Turijnmagazijn\" \/>\n<meta property=\"og:description\" content=\"Cl\u00e9 non taill\u00e9e Lancia Delta 2 portes et serrure de contact -IMITATION-\" \/>\n<meta property=\"og:url\" content=\"https:\/\/turijnmagazijn.nl\/fr\/produit\/cle-non-coupee-lancia-delta-serrure-dallumage-integrale-imitation-kopie\/\" \/>\n<meta property=\"og:site_name\" content=\"Turijnmagazijn\" \/>\n<meta property=\"article:publisher\" content=\"https:\/\/www.facebook.com\/turijnmagazijn\" \/>\n<meta property=\"article:modified_time\" content=\"2025-04-15T18:44:11+00:00\" \/>\n<meta property=\"og:image\" content=\"https:\/\/turijnmagazijn.nl\/wp-content\/uploads\/2023\/03\/DN0100271-Ongesneden-sleutel-Lancia-Delta-Integrale-contactslot-IMITATIE-14720297-3.jpg\" \/>\n\t<meta property=\"og:image:width\" content=\"1024\" \/>\n\t<meta property=\"og:image:height\" content=\"768\" \/>\n\t<meta property=\"og:image:type\" content=\"image\/jpeg\" \/>\n<meta name=\"twitter:card\" content=\"summary_large_image\" \/>\n<meta name=\"twitter:label1\" content=\"Dur\u00e9e de lecture estim\u00e9e\" \/>\n\t<meta name=\"twitter:data1\" content=\"1 minute\" \/>\n<script type=\"application\/ld+json\" class=\"yoast-schema-graph\">{\"@context\":\"https:\/\/schema.org\",\"@graph\":[{\"@type\":\"WebPage\",\"@id\":\"https:\/\/turijnmagazijn.nl\/fr\/produit\/cle-non-coupee-lancia-delta-serrure-dallumage-integrale-imitation-kopie\/\",\"url\":\"https:\/\/turijnmagazijn.nl\/fr\/produit\/cle-non-coupee-lancia-delta-serrure-dallumage-integrale-imitation-kopie\/\",\"name\":\"Cl\u00e9 non coup\u00e9e Lancia Delta 2 -IMITATION- Turijnmagazijn\",\"isPartOf\":{\"@id\":\"https:\/\/turijnmagazijn.jumpstone-dev.nl\/#website\"},\"primaryImageOfPage\":{\"@id\":\"https:\/\/turijnmagazijn.nl\/fr\/produit\/cle-non-coupee-lancia-delta-serrure-dallumage-integrale-imitation-kopie\/#primaryimage\"},\"image\":{\"@id\":\"https:\/\/turijnmagazijn.nl\/fr\/produit\/cle-non-coupee-lancia-delta-serrure-dallumage-integrale-imitation-kopie\/#primaryimage\"},\"thumbnailUrl\":\"https:\/\/turijnmagazijn.nl\/wp-content\/uploads\/2023\/03\/DN0100271-Ongesneden-sleutel-Lancia-Delta-Integrale-contactslot-IMITATIE-14720297-3.jpg\",\"datePublished\":\"2024-07-13T17:52:41+00:00\",\"dateModified\":\"2025-04-15T18:44:11+00:00\",\"breadcrumb\":{\"@id\":\"https:\/\/turijnmagazijn.nl\/fr\/produit\/cle-non-coupee-lancia-delta-serrure-dallumage-integrale-imitation-kopie\/#breadcrumb\"},\"inLanguage\":\"fr-FR\",\"potentialAction\":[{\"@type\":\"ReadAction\",\"target\":[\"https:\/\/turijnmagazijn.nl\/fr\/produit\/cle-non-coupee-lancia-delta-serrure-dallumage-integrale-imitation-kopie\/\"]}]},{\"@type\":\"ImageObject\",\"inLanguage\":\"fr-FR\",\"@id\":\"https:\/\/turijnmagazijn.nl\/fr\/produit\/cle-non-coupee-lancia-delta-serrure-dallumage-integrale-imitation-kopie\/#primaryimage\",\"url\":\"https:\/\/turijnmagazijn.nl\/wp-content\/uploads\/2023\/03\/DN0100271-Ongesneden-sleutel-Lancia-Delta-Integrale-contactslot-IMITATIE-14720297-3.jpg\",\"contentUrl\":\"https:\/\/turijnmagazijn.nl\/wp-content\/uploads\/2023\/03\/DN0100271-Ongesneden-sleutel-Lancia-Delta-Integrale-contactslot-IMITATIE-14720297-3.jpg\",\"width\":1024,\"height\":768},{\"@type\":\"BreadcrumbList\",\"@id\":\"https:\/\/turijnmagazijn.nl\/fr\/produit\/cle-non-coupee-lancia-delta-serrure-dallumage-integrale-imitation-kopie\/#breadcrumb\",\"itemListElement\":[{\"@type\":\"ListItem\",\"position\":1,\"name\":\"Home\",\"item\":\"https:\/\/turijnmagazijn.jumpstone-dev.nl\/\"},{\"@type\":\"ListItem\",\"position\":2,\"name\":\"Produits\",\"item\":\"https:\/\/turijnmagazijn.nl\/fr\/shop\/\"},{\"@type\":\"ListItem\",\"position\":3,\"name\":\"Cl\u00e9 non coup\u00e9e Lancia Delta 2 -IMITATION-\"}]},{\"@type\":\"WebSite\",\"@id\":\"https:\/\/turijnmagazijn.jumpstone-dev.nl\/#website\",\"url\":\"https:\/\/turijnmagazijn.jumpstone-dev.nl\/\",\"name\":\"Turijnmagazijn\",\"description\":\"Onderdelen nieuw en gebruikt - Fiat &amp; Lancia\",\"publisher\":{\"@id\":\"https:\/\/turijnmagazijn.jumpstone-dev.nl\/#organization\"},\"potentialAction\":[{\"@type\":\"SearchAction\",\"target\":{\"@type\":\"EntryPoint\",\"urlTemplate\":\"https:\/\/turijnmagazijn.jumpstone-dev.nl\/?s={search_term_string}\"},\"query-input\":{\"@type\":\"PropertyValueSpecification\",\"valueRequired\":true,\"valueName\":\"search_term_string\"}}],\"inLanguage\":\"fr-FR\"},{\"@type\":\"Organization\",\"@id\":\"https:\/\/turijnmagazijn.jumpstone-dev.nl\/#organization\",\"name\":\"Turijnmagazijn\",\"url\":\"https:\/\/turijnmagazijn.jumpstone-dev.nl\/\",\"logo\":{\"@type\":\"ImageObject\",\"inLanguage\":\"fr-FR\",\"@id\":\"https:\/\/turijnmagazijn.jumpstone-dev.nl\/#\/schema\/logo\/image\/\",\"url\":\"https:\/\/turijnmagazijn.nl\/wp-content\/uploads\/2021\/02\/turijnmagazijnlogo.png\",\"contentUrl\":\"https:\/\/turijnmagazijn.nl\/wp-content\/uploads\/2021\/02\/turijnmagazijnlogo.png\",\"width\":555,\"height\":270,\"caption\":\"Turijnmagazijn\"},\"image\":{\"@id\":\"https:\/\/turijnmagazijn.jumpstone-dev.nl\/#\/schema\/logo\/image\/\"},\"sameAs\":[\"https:\/\/www.facebook.com\/turijnmagazijn\"]}]}<\/script>\n<!-- \/ Yoast SEO plugin. -->","yoast_head_json":{"title":"Cl\u00e9 non coup\u00e9e Lancia Delta 2 -IMITATION- Turijnmagazijn","robots":{"index":"index","follow":"follow","max-snippet":"max-snippet:-1","max-image-preview":"max-image-preview:large","max-video-preview":"max-video-preview:-1"},"canonical":"https:\/\/turijnmagazijn.nl\/fr\/produit\/cle-non-coupee-lancia-delta-serrure-dallumage-integrale-imitation-kopie\/","og_locale":"fr_FR","og_type":"article","og_title":"Cl\u00e9 non coup\u00e9e Lancia Delta 2 -IMITATION- Turijnmagazijn","og_description":"Cl\u00e9 non taill\u00e9e Lancia Delta 2 portes et serrure de contact -IMITATION-","og_url":"https:\/\/turijnmagazijn.nl\/fr\/produit\/cle-non-coupee-lancia-delta-serrure-dallumage-integrale-imitation-kopie\/","og_site_name":"Turijnmagazijn","article_publisher":"https:\/\/www.facebook.com\/turijnmagazijn","article_modified_time":"2025-04-15T18:44:11+00:00","og_image":[{"width":1024,"height":768,"url":"https:\/\/turijnmagazijn.nl\/wp-content\/uploads\/2023\/03\/DN0100271-Ongesneden-sleutel-Lancia-Delta-Integrale-contactslot-IMITATIE-14720297-3.jpg","type":"image\/jpeg"}],"twitter_card":"summary_large_image","twitter_misc":{"Dur\u00e9e de lecture estim\u00e9e":"1 minute"},"schema":{"@context":"https:\/\/schema.org","@graph":[{"@type":"WebPage","@id":"https:\/\/turijnmagazijn.nl\/fr\/produit\/cle-non-coupee-lancia-delta-serrure-dallumage-integrale-imitation-kopie\/","url":"https:\/\/turijnmagazijn.nl\/fr\/produit\/cle-non-coupee-lancia-delta-serrure-dallumage-integrale-imitation-kopie\/","name":"Cl\u00e9 non coup\u00e9e Lancia Delta 2 -IMITATION- Turijnmagazijn","isPartOf":{"@id":"https:\/\/turijnmagazijn.jumpstone-dev.nl\/#website"},"primaryImageOfPage":{"@id":"https:\/\/turijnmagazijn.nl\/fr\/produit\/cle-non-coupee-lancia-delta-serrure-dallumage-integrale-imitation-kopie\/#primaryimage"},"image":{"@id":"https:\/\/turijnmagazijn.nl\/fr\/produit\/cle-non-coupee-lancia-delta-serrure-dallumage-integrale-imitation-kopie\/#primaryimage"},"thumbnailUrl":"https:\/\/turijnmagazijn.nl\/wp-content\/uploads\/2023\/03\/DN0100271-Ongesneden-sleutel-Lancia-Delta-Integrale-contactslot-IMITATIE-14720297-3.jpg","datePublished":"2024-07-13T17:52:41+00:00","dateModified":"2025-04-15T18:44:11+00:00","breadcrumb":{"@id":"https:\/\/turijnmagazijn.nl\/fr\/produit\/cle-non-coupee-lancia-delta-serrure-dallumage-integrale-imitation-kopie\/#breadcrumb"},"inLanguage":"fr-FR","potentialAction":[{"@type":"ReadAction","target":["https:\/\/turijnmagazijn.nl\/fr\/produit\/cle-non-coupee-lancia-delta-serrure-dallumage-integrale-imitation-kopie\/"]}]},{"@type":"ImageObject","inLanguage":"fr-FR","@id":"https:\/\/turijnmagazijn.nl\/fr\/produit\/cle-non-coupee-lancia-delta-serrure-dallumage-integrale-imitation-kopie\/#primaryimage","url":"https:\/\/turijnmagazijn.nl\/wp-content\/uploads\/2023\/03\/DN0100271-Ongesneden-sleutel-Lancia-Delta-Integrale-contactslot-IMITATIE-14720297-3.jpg","contentUrl":"https:\/\/turijnmagazijn.nl\/wp-content\/uploads\/2023\/03\/DN0100271-Ongesneden-sleutel-Lancia-Delta-Integrale-contactslot-IMITATIE-14720297-3.jpg","width":1024,"height":768},{"@type":"BreadcrumbList","@id":"https:\/\/turijnmagazijn.nl\/fr\/produit\/cle-non-coupee-lancia-delta-serrure-dallumage-integrale-imitation-kopie\/#breadcrumb","itemListElement":[{"@type":"ListItem","position":1,"name":"Home","item":"https:\/\/turijnmagazijn.jumpstone-dev.nl\/"},{"@type":"ListItem","position":2,"name":"Produits","item":"https:\/\/turijnmagazijn.nl\/fr\/shop\/"},{"@type":"ListItem","position":3,"name":"Cl\u00e9 non coup\u00e9e Lancia Delta 2 -IMITATION-"}]},{"@type":"WebSite","@id":"https:\/\/turijnmagazijn.jumpstone-dev.nl\/#website","url":"https:\/\/turijnmagazijn.jumpstone-dev.nl\/","name":"Turijnmagazijn","description":"Onderdelen nieuw en gebruikt - Fiat &amp; Lancia","publisher":{"@id":"https:\/\/turijnmagazijn.jumpstone-dev.nl\/#organization"},"potentialAction":[{"@type":"SearchAction","target":{"@type":"EntryPoint","urlTemplate":"https:\/\/turijnmagazijn.jumpstone-dev.nl\/?s={search_term_string}"},"query-input":{"@type":"PropertyValueSpecification","valueRequired":true,"valueName":"search_term_string"}}],"inLanguage":"fr-FR"},{"@type":"Organization","@id":"https:\/\/turijnmagazijn.jumpstone-dev.nl\/#organization","name":"Turijnmagazijn","url":"https:\/\/turijnmagazijn.jumpstone-dev.nl\/","logo":{"@type":"ImageObject","inLanguage":"fr-FR","@id":"https:\/\/turijnmagazijn.jumpstone-dev.nl\/#\/schema\/logo\/image\/","url":"https:\/\/turijnmagazijn.nl\/wp-content\/uploads\/2021\/02\/turijnmagazijnlogo.png","contentUrl":"https:\/\/turijnmagazijn.nl\/wp-content\/uploads\/2021\/02\/turijnmagazijnlogo.png","width":555,"height":270,"caption":"Turijnmagazijn"},"image":{"@id":"https:\/\/turijnmagazijn.jumpstone-dev.nl\/#\/schema\/logo\/image\/"},"sameAs":["https:\/\/www.facebook.com\/turijnmagazijn"]}]}},"_links":{"self":[{"href":"https:\/\/turijnmagazijn.nl\/fr\/wp-json\/wp\/v2\/product\/77825","targetHints":{"allow":["GET"]}}],"collection":[{"href":"https:\/\/turijnmagazijn.nl\/fr\/wp-json\/wp\/v2\/product"}],"about":[{"href":"https:\/\/turijnmagazijn.nl\/fr\/wp-json\/wp\/v2\/types\/product"}],"replies":[{"embeddable":true,"href":"https:\/\/turijnmagazijn.nl\/fr\/wp-json\/wp\/v2\/comments?post=77825"}],"wp:featuredmedia":[{"embeddable":true,"href":"https:\/\/turijnmagazijn.nl\/fr\/wp-json\/wp\/v2\/media\/61611"}],"wp:attachment":[{"href":"https:\/\/turijnmagazijn.nl\/fr\/wp-json\/wp\/v2\/media?parent=77825"}],"wp:term":[{"taxonomy":"product_brand","embeddable":true,"href":"https:\/\/turijnmagazijn.nl\/fr\/wp-json\/wp\/v2\/product_brand?post=77825"},{"taxonomy":"product_cat","embeddable":true,"href":"https:\/\/turijnmagazijn.nl\/fr\/wp-json\/wp\/v2\/product_cat?post=77825"},{"taxonomy":"product_tag","embeddable":true,"href":"https:\/\/turijnmagazijn.nl\/fr\/wp-json\/wp\/v2\/product_tag?post=77825"}],"curies":[{"name":"wp","href":"https:\/\/api.w.org\/{rel}","templated":true}]}}