{"id":78599,"date":"2024-08-29T10:15:04","date_gmt":"2024-08-29T08:15:04","guid":{"rendered":"https:\/\/turijnmagazijn.nl\/?post_type=product&#038;p=78599"},"modified":"2025-07-02T17:59:18","modified_gmt":"2025-07-02T15:59:18","slug":"cache-moyeu-fiat-ducato-rouge-logo-60mm-imitation-kopie","status":"publish","type":"product","link":"https:\/\/turijnmagazijn.nl\/fr\/produit\/cache-moyeu-fiat-ducato-rouge-logo-60mm-imitation-kopie\/","title":{"rendered":"Logo hayon Fiat 500X rouge 95mm IMITATION"},"content":{"rendered":"<p>Nouvelle imitation du logo de hayon pour divers mod\u00e8les Fiat avec le logo rouge plus grand.<br \/>\nLe diam\u00e8tre de la partie chrom\u00e9e est d&rsquo;environ 95 mm.<br \/>\nPr\u00e9sente un beau logo Fiat rouge.<br \/>\n\u00c9quip\u00e9 de 2 goupilles positionn\u00e9es horizontalement, avec un espacement de 43 mm entre les goupilles.<br \/>\nConvient \u00e0 la Fiat 500X premi\u00e8re s\u00e9rie.      &nbsp;  Vendu \u00e0 l&rsquo;unit\u00e9. OEM Fiat (r\u00e9f\u00e9rence uniquement, il ne s&rsquo;agit pas d&rsquo;une pi\u00e8ce d&rsquo;origine) 735656883<\/p>\n","protected":false},"excerpt":{"rendered":"<p>735656883 Logo de hayon Fiat rouge 95mm IMITATION<\/p>\n","protected":false},"featured_media":79022,"comment_status":"open","ping_status":"closed","template":"","meta":{"_acf_changed":false},"product_brand":[],"product_cat":[1694,1700,1690],"product_tag":[],"class_list":{"0":"post-78599","1":"product","2":"type-product","3":"status-publish","4":"has-post-thumbnail","6":"product_cat-500-312-fr","7":"product_cat-500x-334-fr","8":"product_cat-fiat-fr","9":"pa_soort-onderdeel-carrosserie-et-tolerie","11":"first","12":"instock","13":"taxable","14":"shipping-taxable","15":"purchasable","16":"product-type-simple"},"acf":[],"yoast_head":"<!-- This site is optimized with the Yoast SEO plugin v27.2 - https:\/\/yoast.com\/product\/yoast-seo-wordpress\/ -->\n<title>Logo hayon Fiat 500X rouge 95mm IMITATION - Turijnmagazijn<\/title>\n<meta name=\"robots\" content=\"index, follow, max-snippet:-1, max-image-preview:large, max-video-preview:-1\" \/>\n<link rel=\"canonical\" href=\"https:\/\/turijnmagazijn.nl\/fr\/produit\/cache-moyeu-fiat-ducato-rouge-logo-60mm-imitation-kopie\/\" \/>\n<meta property=\"og:locale\" content=\"fr_FR\" \/>\n<meta property=\"og:type\" content=\"article\" \/>\n<meta property=\"og:title\" content=\"Logo hayon Fiat 500X rouge 95mm IMITATION - Turijnmagazijn\" \/>\n<meta property=\"og:description\" content=\"735656883 Logo de hayon Fiat rouge 95mm IMITATION\" \/>\n<meta property=\"og:url\" content=\"https:\/\/turijnmagazijn.nl\/fr\/produit\/cache-moyeu-fiat-ducato-rouge-logo-60mm-imitation-kopie\/\" \/>\n<meta property=\"og:site_name\" content=\"Turijnmagazijn\" \/>\n<meta property=\"article:publisher\" content=\"https:\/\/www.facebook.com\/turijnmagazijn\" \/>\n<meta property=\"article:modified_time\" content=\"2025-07-02T15:59:18+00:00\" \/>\n<meta property=\"og:image\" content=\"https:\/\/turijnmagazijn.nl\/wp-content\/uploads\/2024\/08\/DN0100364-Fiat-logo-achterzijde-Fiat-500X-rood-735656883-3.jpg\" \/>\n\t<meta property=\"og:image:width\" content=\"1024\" \/>\n\t<meta property=\"og:image:height\" content=\"768\" \/>\n\t<meta property=\"og:image:type\" content=\"image\/jpeg\" \/>\n<meta name=\"twitter:card\" content=\"summary_large_image\" \/>\n<script type=\"application\/ld+json\" class=\"yoast-schema-graph\">{\"@context\":\"https:\/\/schema.org\",\"@graph\":[{\"@type\":\"WebPage\",\"@id\":\"https:\/\/turijnmagazijn.nl\/fr\/produit\/cache-moyeu-fiat-ducato-rouge-logo-60mm-imitation-kopie\/\",\"url\":\"https:\/\/turijnmagazijn.nl\/fr\/produit\/cache-moyeu-fiat-ducato-rouge-logo-60mm-imitation-kopie\/\",\"name\":\"Logo hayon Fiat 500X rouge 95mm IMITATION - Turijnmagazijn\",\"isPartOf\":{\"@id\":\"https:\/\/turijnmagazijn.jumpstone-dev.nl\/#website\"},\"primaryImageOfPage\":{\"@id\":\"https:\/\/turijnmagazijn.nl\/fr\/produit\/cache-moyeu-fiat-ducato-rouge-logo-60mm-imitation-kopie\/#primaryimage\"},\"image\":{\"@id\":\"https:\/\/turijnmagazijn.nl\/fr\/produit\/cache-moyeu-fiat-ducato-rouge-logo-60mm-imitation-kopie\/#primaryimage\"},\"thumbnailUrl\":\"https:\/\/turijnmagazijn.nl\/wp-content\/uploads\/2024\/08\/DN0100364-Fiat-logo-achterzijde-Fiat-500X-rood-735656883-3.jpg\",\"datePublished\":\"2024-08-29T08:15:04+00:00\",\"dateModified\":\"2025-07-02T15:59:18+00:00\",\"breadcrumb\":{\"@id\":\"https:\/\/turijnmagazijn.nl\/fr\/produit\/cache-moyeu-fiat-ducato-rouge-logo-60mm-imitation-kopie\/#breadcrumb\"},\"inLanguage\":\"fr-FR\",\"potentialAction\":[{\"@type\":\"ReadAction\",\"target\":[\"https:\/\/turijnmagazijn.nl\/fr\/produit\/cache-moyeu-fiat-ducato-rouge-logo-60mm-imitation-kopie\/\"]}]},{\"@type\":\"ImageObject\",\"inLanguage\":\"fr-FR\",\"@id\":\"https:\/\/turijnmagazijn.nl\/fr\/produit\/cache-moyeu-fiat-ducato-rouge-logo-60mm-imitation-kopie\/#primaryimage\",\"url\":\"https:\/\/turijnmagazijn.nl\/wp-content\/uploads\/2024\/08\/DN0100364-Fiat-logo-achterzijde-Fiat-500X-rood-735656883-3.jpg\",\"contentUrl\":\"https:\/\/turijnmagazijn.nl\/wp-content\/uploads\/2024\/08\/DN0100364-Fiat-logo-achterzijde-Fiat-500X-rood-735656883-3.jpg\",\"width\":1024,\"height\":768},{\"@type\":\"BreadcrumbList\",\"@id\":\"https:\/\/turijnmagazijn.nl\/fr\/produit\/cache-moyeu-fiat-ducato-rouge-logo-60mm-imitation-kopie\/#breadcrumb\",\"itemListElement\":[{\"@type\":\"ListItem\",\"position\":1,\"name\":\"Home\",\"item\":\"https:\/\/turijnmagazijn.jumpstone-dev.nl\/\"},{\"@type\":\"ListItem\",\"position\":2,\"name\":\"Produits\",\"item\":\"https:\/\/turijnmagazijn.nl\/fr\/shop\/\"},{\"@type\":\"ListItem\",\"position\":3,\"name\":\"Logo hayon Fiat 500X rouge 95mm IMITATION\"}]},{\"@type\":\"WebSite\",\"@id\":\"https:\/\/turijnmagazijn.jumpstone-dev.nl\/#website\",\"url\":\"https:\/\/turijnmagazijn.jumpstone-dev.nl\/\",\"name\":\"Turijnmagazijn\",\"description\":\"Onderdelen nieuw en gebruikt - Fiat &amp; Lancia\",\"publisher\":{\"@id\":\"https:\/\/turijnmagazijn.jumpstone-dev.nl\/#organization\"},\"potentialAction\":[{\"@type\":\"SearchAction\",\"target\":{\"@type\":\"EntryPoint\",\"urlTemplate\":\"https:\/\/turijnmagazijn.jumpstone-dev.nl\/?s={search_term_string}\"},\"query-input\":{\"@type\":\"PropertyValueSpecification\",\"valueRequired\":true,\"valueName\":\"search_term_string\"}}],\"inLanguage\":\"fr-FR\"},{\"@type\":\"Organization\",\"@id\":\"https:\/\/turijnmagazijn.jumpstone-dev.nl\/#organization\",\"name\":\"Turijnmagazijn\",\"url\":\"https:\/\/turijnmagazijn.jumpstone-dev.nl\/\",\"logo\":{\"@type\":\"ImageObject\",\"inLanguage\":\"fr-FR\",\"@id\":\"https:\/\/turijnmagazijn.jumpstone-dev.nl\/#\/schema\/logo\/image\/\",\"url\":\"https:\/\/turijnmagazijn.nl\/wp-content\/uploads\/2021\/02\/turijnmagazijnlogo.png\",\"contentUrl\":\"https:\/\/turijnmagazijn.nl\/wp-content\/uploads\/2021\/02\/turijnmagazijnlogo.png\",\"width\":555,\"height\":270,\"caption\":\"Turijnmagazijn\"},\"image\":{\"@id\":\"https:\/\/turijnmagazijn.jumpstone-dev.nl\/#\/schema\/logo\/image\/\"},\"sameAs\":[\"https:\/\/www.facebook.com\/turijnmagazijn\"]}]}<\/script>\n<!-- \/ Yoast SEO plugin. -->","yoast_head_json":{"title":"Logo hayon Fiat 500X rouge 95mm IMITATION - Turijnmagazijn","robots":{"index":"index","follow":"follow","max-snippet":"max-snippet:-1","max-image-preview":"max-image-preview:large","max-video-preview":"max-video-preview:-1"},"canonical":"https:\/\/turijnmagazijn.nl\/fr\/produit\/cache-moyeu-fiat-ducato-rouge-logo-60mm-imitation-kopie\/","og_locale":"fr_FR","og_type":"article","og_title":"Logo hayon Fiat 500X rouge 95mm IMITATION - Turijnmagazijn","og_description":"735656883 Logo de hayon Fiat rouge 95mm IMITATION","og_url":"https:\/\/turijnmagazijn.nl\/fr\/produit\/cache-moyeu-fiat-ducato-rouge-logo-60mm-imitation-kopie\/","og_site_name":"Turijnmagazijn","article_publisher":"https:\/\/www.facebook.com\/turijnmagazijn","article_modified_time":"2025-07-02T15:59:18+00:00","og_image":[{"width":1024,"height":768,"url":"https:\/\/turijnmagazijn.nl\/wp-content\/uploads\/2024\/08\/DN0100364-Fiat-logo-achterzijde-Fiat-500X-rood-735656883-3.jpg","type":"image\/jpeg"}],"twitter_card":"summary_large_image","schema":{"@context":"https:\/\/schema.org","@graph":[{"@type":"WebPage","@id":"https:\/\/turijnmagazijn.nl\/fr\/produit\/cache-moyeu-fiat-ducato-rouge-logo-60mm-imitation-kopie\/","url":"https:\/\/turijnmagazijn.nl\/fr\/produit\/cache-moyeu-fiat-ducato-rouge-logo-60mm-imitation-kopie\/","name":"Logo hayon Fiat 500X rouge 95mm IMITATION - Turijnmagazijn","isPartOf":{"@id":"https:\/\/turijnmagazijn.jumpstone-dev.nl\/#website"},"primaryImageOfPage":{"@id":"https:\/\/turijnmagazijn.nl\/fr\/produit\/cache-moyeu-fiat-ducato-rouge-logo-60mm-imitation-kopie\/#primaryimage"},"image":{"@id":"https:\/\/turijnmagazijn.nl\/fr\/produit\/cache-moyeu-fiat-ducato-rouge-logo-60mm-imitation-kopie\/#primaryimage"},"thumbnailUrl":"https:\/\/turijnmagazijn.nl\/wp-content\/uploads\/2024\/08\/DN0100364-Fiat-logo-achterzijde-Fiat-500X-rood-735656883-3.jpg","datePublished":"2024-08-29T08:15:04+00:00","dateModified":"2025-07-02T15:59:18+00:00","breadcrumb":{"@id":"https:\/\/turijnmagazijn.nl\/fr\/produit\/cache-moyeu-fiat-ducato-rouge-logo-60mm-imitation-kopie\/#breadcrumb"},"inLanguage":"fr-FR","potentialAction":[{"@type":"ReadAction","target":["https:\/\/turijnmagazijn.nl\/fr\/produit\/cache-moyeu-fiat-ducato-rouge-logo-60mm-imitation-kopie\/"]}]},{"@type":"ImageObject","inLanguage":"fr-FR","@id":"https:\/\/turijnmagazijn.nl\/fr\/produit\/cache-moyeu-fiat-ducato-rouge-logo-60mm-imitation-kopie\/#primaryimage","url":"https:\/\/turijnmagazijn.nl\/wp-content\/uploads\/2024\/08\/DN0100364-Fiat-logo-achterzijde-Fiat-500X-rood-735656883-3.jpg","contentUrl":"https:\/\/turijnmagazijn.nl\/wp-content\/uploads\/2024\/08\/DN0100364-Fiat-logo-achterzijde-Fiat-500X-rood-735656883-3.jpg","width":1024,"height":768},{"@type":"BreadcrumbList","@id":"https:\/\/turijnmagazijn.nl\/fr\/produit\/cache-moyeu-fiat-ducato-rouge-logo-60mm-imitation-kopie\/#breadcrumb","itemListElement":[{"@type":"ListItem","position":1,"name":"Home","item":"https:\/\/turijnmagazijn.jumpstone-dev.nl\/"},{"@type":"ListItem","position":2,"name":"Produits","item":"https:\/\/turijnmagazijn.nl\/fr\/shop\/"},{"@type":"ListItem","position":3,"name":"Logo hayon Fiat 500X rouge 95mm IMITATION"}]},{"@type":"WebSite","@id":"https:\/\/turijnmagazijn.jumpstone-dev.nl\/#website","url":"https:\/\/turijnmagazijn.jumpstone-dev.nl\/","name":"Turijnmagazijn","description":"Onderdelen nieuw en gebruikt - Fiat &amp; Lancia","publisher":{"@id":"https:\/\/turijnmagazijn.jumpstone-dev.nl\/#organization"},"potentialAction":[{"@type":"SearchAction","target":{"@type":"EntryPoint","urlTemplate":"https:\/\/turijnmagazijn.jumpstone-dev.nl\/?s={search_term_string}"},"query-input":{"@type":"PropertyValueSpecification","valueRequired":true,"valueName":"search_term_string"}}],"inLanguage":"fr-FR"},{"@type":"Organization","@id":"https:\/\/turijnmagazijn.jumpstone-dev.nl\/#organization","name":"Turijnmagazijn","url":"https:\/\/turijnmagazijn.jumpstone-dev.nl\/","logo":{"@type":"ImageObject","inLanguage":"fr-FR","@id":"https:\/\/turijnmagazijn.jumpstone-dev.nl\/#\/schema\/logo\/image\/","url":"https:\/\/turijnmagazijn.nl\/wp-content\/uploads\/2021\/02\/turijnmagazijnlogo.png","contentUrl":"https:\/\/turijnmagazijn.nl\/wp-content\/uploads\/2021\/02\/turijnmagazijnlogo.png","width":555,"height":270,"caption":"Turijnmagazijn"},"image":{"@id":"https:\/\/turijnmagazijn.jumpstone-dev.nl\/#\/schema\/logo\/image\/"},"sameAs":["https:\/\/www.facebook.com\/turijnmagazijn"]}]}},"_links":{"self":[{"href":"https:\/\/turijnmagazijn.nl\/fr\/wp-json\/wp\/v2\/product\/78599","targetHints":{"allow":["GET"]}}],"collection":[{"href":"https:\/\/turijnmagazijn.nl\/fr\/wp-json\/wp\/v2\/product"}],"about":[{"href":"https:\/\/turijnmagazijn.nl\/fr\/wp-json\/wp\/v2\/types\/product"}],"replies":[{"embeddable":true,"href":"https:\/\/turijnmagazijn.nl\/fr\/wp-json\/wp\/v2\/comments?post=78599"}],"wp:featuredmedia":[{"embeddable":true,"href":"https:\/\/turijnmagazijn.nl\/fr\/wp-json\/wp\/v2\/media\/79022"}],"wp:attachment":[{"href":"https:\/\/turijnmagazijn.nl\/fr\/wp-json\/wp\/v2\/media?parent=78599"}],"wp:term":[{"taxonomy":"product_brand","embeddable":true,"href":"https:\/\/turijnmagazijn.nl\/fr\/wp-json\/wp\/v2\/product_brand?post=78599"},{"taxonomy":"product_cat","embeddable":true,"href":"https:\/\/turijnmagazijn.nl\/fr\/wp-json\/wp\/v2\/product_cat?post=78599"},{"taxonomy":"product_tag","embeddable":true,"href":"https:\/\/turijnmagazijn.nl\/fr\/wp-json\/wp\/v2\/product_tag?post=78599"}],"curies":[{"name":"wp","href":"https:\/\/api.w.org\/{rel}","templated":true}]}}