{"id":78616,"date":"2024-08-29T21:38:37","date_gmt":"2024-08-29T19:38:37","guid":{"rendered":"https:\/\/turijnmagazijn.nl\/?post_type=product&#038;p=78616"},"modified":"2026-03-26T10:18:17","modified_gmt":"2026-03-26T09:18:17","slug":"cle-de-contact-lancia-delta-integral-silca-kopie","status":"publish","type":"product","link":"https:\/\/turijnmagazijn.nl\/fr\/produit\/cle-de-contact-lancia-delta-integral-silca-kopie\/","title":{"rendered":"Cl\u00e9 de porte non coup\u00e9e Lancia Delta Integrale -SILCA"},"content":{"rendered":"<p>Cl\u00e9 vierge neuve avec barbe \u00e9mouss\u00e9e de la marque Silca. Sa forme est similaire \u00e0 celle de la cl\u00e9 Lancia d\u2019origine, mais <span style=\"font-weight: bold;\">n\u2019a pas <\/span>de lettrage Lancia. Cl\u00e9 sans puce transpondeur, ce type de cl\u00e9s n\u2019avait \u00e0 l\u2019origine pas de transpondeur dans la voiture. Elle ne convient que pour les portes, le hayon, la bo\u00eete \u00e0 gants et le bouchon d&rsquo;essence. La serrure d&rsquo;allumage a un autre type de barbe. N\u2019importe quel fabricant de cl\u00e9s local peut faire une copie de votre cl\u00e9 actuelle en fonction de la cl\u00e9 d\u2019origine. Id\u00e9ale pour ceux qui n&rsquo;ont plus de cl\u00e9 de rechange et qui souhaitent une cl\u00e9 un peu moins anonyme que la cl\u00e9 GT2 standard du rack de la serrurerie.<br \/>\n &nbsp; Silca type GT2BP Convient \u00e0 tous les types de Delta 1. Lancia OEM 82400758 <span style=\"text-align: -webkit-right;\">(UNIQUEMENT POUR R\u00c9FRIG\u00c9RER, N\u00c9CESSITE D&rsquo;UNE VERSION SILCA D&rsquo;APR\u00c8S-MARCH\u00c9)<\/span> <\/p>\n","protected":false},"excerpt":{"rendered":"<p>82400758 Lancia Delta Integrale cl\u00e9 vierge de serrure de porte -SILCA- &#8211; Cl\u00e9 vierge neuve avec barbe \u00e9mouss\u00e9e de la marque Silca.<\/p>\n","protected":false},"featured_media":79151,"comment_status":"open","ping_status":"closed","template":"","meta":{"_acf_changed":false},"product_brand":[],"product_cat":[1809,1806,1819,1821,1825,1836,1830,1838,1798],"product_tag":[],"class_list":{"0":"post-78616","1":"product","2":"type-product","3":"status-publish","4":"has-post-thumbnail","6":"product_cat-1-1-1-3-1-5-fr","7":"product_cat-delta-1-831-fr","8":"product_cat-gt-i-e-fr","9":"product_cat-hf-4wd-fr","10":"product_cat-hf-turbo-fr","11":"product_cat-integrale-16v-fr","12":"product_cat-integrale-8v-fr","13":"product_cat-integrale-evo-fr","14":"product_cat-lancia-fr","15":"pa_soort-onderdeel-carrosserie-et-tolerie","17":"first","18":"instock","19":"taxable","20":"shipping-taxable","21":"purchasable","22":"product-type-simple"},"acf":[],"yoast_head":"<!-- This site is optimized with the Yoast SEO plugin v27.2 - https:\/\/yoast.com\/product\/yoast-seo-wordpress\/ -->\n<title>Cl\u00e9 de porte non coup\u00e9e Lancia Delta Integrale -SILCA - Turijnmagazijn<\/title>\n<meta name=\"robots\" content=\"index, follow, max-snippet:-1, max-image-preview:large, max-video-preview:-1\" \/>\n<link rel=\"canonical\" href=\"https:\/\/turijnmagazijn.nl\/fr\/produit\/cle-de-contact-lancia-delta-integral-silca-kopie\/\" \/>\n<meta property=\"og:locale\" content=\"fr_FR\" \/>\n<meta property=\"og:type\" content=\"article\" \/>\n<meta property=\"og:title\" content=\"Cl\u00e9 de porte non coup\u00e9e Lancia Delta Integrale -SILCA - Turijnmagazijn\" \/>\n<meta property=\"og:description\" content=\"82400758 Lancia Delta Integrale cl\u00e9 vierge de serrure de porte -SILCA- - Cl\u00e9 vierge neuve avec barbe \u00e9mouss\u00e9e de la marque Silca.\" \/>\n<meta property=\"og:url\" content=\"https:\/\/turijnmagazijn.nl\/fr\/produit\/cle-de-contact-lancia-delta-integral-silca-kopie\/\" \/>\n<meta property=\"og:site_name\" content=\"Turijnmagazijn\" \/>\n<meta property=\"article:publisher\" content=\"https:\/\/www.facebook.com\/turijnmagazijn\" \/>\n<meta property=\"article:modified_time\" content=\"2026-03-26T09:18:17+00:00\" \/>\n<meta property=\"og:image\" content=\"https:\/\/turijnmagazijn.nl\/wp-content\/uploads\/2024\/08\/DN0100372-Ongesneden-portier-sleutel-Lancia-Delta-Integrale-SILCA-82400758-2.jpg\" \/>\n\t<meta property=\"og:image:width\" content=\"1440\" \/>\n\t<meta property=\"og:image:height\" content=\"1080\" \/>\n\t<meta property=\"og:image:type\" content=\"image\/jpeg\" \/>\n<meta name=\"twitter:card\" content=\"summary_large_image\" \/>\n<meta name=\"twitter:label1\" content=\"Dur\u00e9e de lecture estim\u00e9e\" \/>\n\t<meta name=\"twitter:data1\" content=\"1 minute\" \/>\n<script type=\"application\/ld+json\" class=\"yoast-schema-graph\">{\"@context\":\"https:\/\/schema.org\",\"@graph\":[{\"@type\":\"WebPage\",\"@id\":\"https:\/\/turijnmagazijn.nl\/fr\/produit\/cle-de-contact-lancia-delta-integral-silca-kopie\/\",\"url\":\"https:\/\/turijnmagazijn.nl\/fr\/produit\/cle-de-contact-lancia-delta-integral-silca-kopie\/\",\"name\":\"Cl\u00e9 de porte non coup\u00e9e Lancia Delta Integrale -SILCA - Turijnmagazijn\",\"isPartOf\":{\"@id\":\"https:\/\/turijnmagazijn.jumpstone-dev.nl\/#website\"},\"primaryImageOfPage\":{\"@id\":\"https:\/\/turijnmagazijn.nl\/fr\/produit\/cle-de-contact-lancia-delta-integral-silca-kopie\/#primaryimage\"},\"image\":{\"@id\":\"https:\/\/turijnmagazijn.nl\/fr\/produit\/cle-de-contact-lancia-delta-integral-silca-kopie\/#primaryimage\"},\"thumbnailUrl\":\"https:\/\/turijnmagazijn.nl\/wp-content\/uploads\/2024\/08\/DN0100372-Ongesneden-portier-sleutel-Lancia-Delta-Integrale-SILCA-82400758-2.jpg\",\"datePublished\":\"2024-08-29T19:38:37+00:00\",\"dateModified\":\"2026-03-26T09:18:17+00:00\",\"breadcrumb\":{\"@id\":\"https:\/\/turijnmagazijn.nl\/fr\/produit\/cle-de-contact-lancia-delta-integral-silca-kopie\/#breadcrumb\"},\"inLanguage\":\"fr-FR\",\"potentialAction\":[{\"@type\":\"ReadAction\",\"target\":[\"https:\/\/turijnmagazijn.nl\/fr\/produit\/cle-de-contact-lancia-delta-integral-silca-kopie\/\"]}]},{\"@type\":\"ImageObject\",\"inLanguage\":\"fr-FR\",\"@id\":\"https:\/\/turijnmagazijn.nl\/fr\/produit\/cle-de-contact-lancia-delta-integral-silca-kopie\/#primaryimage\",\"url\":\"https:\/\/turijnmagazijn.nl\/wp-content\/uploads\/2024\/08\/DN0100372-Ongesneden-portier-sleutel-Lancia-Delta-Integrale-SILCA-82400758-2.jpg\",\"contentUrl\":\"https:\/\/turijnmagazijn.nl\/wp-content\/uploads\/2024\/08\/DN0100372-Ongesneden-portier-sleutel-Lancia-Delta-Integrale-SILCA-82400758-2.jpg\",\"width\":1440,\"height\":1080},{\"@type\":\"BreadcrumbList\",\"@id\":\"https:\/\/turijnmagazijn.nl\/fr\/produit\/cle-de-contact-lancia-delta-integral-silca-kopie\/#breadcrumb\",\"itemListElement\":[{\"@type\":\"ListItem\",\"position\":1,\"name\":\"Home\",\"item\":\"https:\/\/turijnmagazijn.nl\/fr\/\"},{\"@type\":\"ListItem\",\"position\":2,\"name\":\"Produits\",\"item\":\"https:\/\/turijnmagazijn.nl\/fr\/shop\/\"},{\"@type\":\"ListItem\",\"position\":3,\"name\":\"Cl\u00e9 de porte non coup\u00e9e Lancia Delta Integrale -SILCA\"}]},{\"@type\":\"WebSite\",\"@id\":\"https:\/\/turijnmagazijn.jumpstone-dev.nl\/#website\",\"url\":\"https:\/\/turijnmagazijn.jumpstone-dev.nl\/\",\"name\":\"Turijnmagazijn\",\"description\":\"Onderdelen nieuw en gebruikt - Fiat &amp; Lancia\",\"publisher\":{\"@id\":\"https:\/\/turijnmagazijn.jumpstone-dev.nl\/#organization\"},\"potentialAction\":[{\"@type\":\"SearchAction\",\"target\":{\"@type\":\"EntryPoint\",\"urlTemplate\":\"https:\/\/turijnmagazijn.jumpstone-dev.nl\/?s={search_term_string}\"},\"query-input\":{\"@type\":\"PropertyValueSpecification\",\"valueRequired\":true,\"valueName\":\"search_term_string\"}}],\"inLanguage\":\"fr-FR\"},{\"@type\":\"Organization\",\"@id\":\"https:\/\/turijnmagazijn.jumpstone-dev.nl\/#organization\",\"name\":\"Turijnmagazijn\",\"url\":\"https:\/\/turijnmagazijn.jumpstone-dev.nl\/\",\"logo\":{\"@type\":\"ImageObject\",\"inLanguage\":\"fr-FR\",\"@id\":\"https:\/\/turijnmagazijn.jumpstone-dev.nl\/#\/schema\/logo\/image\/\",\"url\":\"https:\/\/turijnmagazijn.nl\/wp-content\/uploads\/2021\/02\/turijnmagazijnlogo.png\",\"contentUrl\":\"https:\/\/turijnmagazijn.nl\/wp-content\/uploads\/2021\/02\/turijnmagazijnlogo.png\",\"width\":555,\"height\":270,\"caption\":\"Turijnmagazijn\"},\"image\":{\"@id\":\"https:\/\/turijnmagazijn.jumpstone-dev.nl\/#\/schema\/logo\/image\/\"},\"sameAs\":[\"https:\/\/www.facebook.com\/turijnmagazijn\"]}]}<\/script>\n<!-- \/ Yoast SEO plugin. -->","yoast_head_json":{"title":"Cl\u00e9 de porte non coup\u00e9e Lancia Delta Integrale -SILCA - Turijnmagazijn","robots":{"index":"index","follow":"follow","max-snippet":"max-snippet:-1","max-image-preview":"max-image-preview:large","max-video-preview":"max-video-preview:-1"},"canonical":"https:\/\/turijnmagazijn.nl\/fr\/produit\/cle-de-contact-lancia-delta-integral-silca-kopie\/","og_locale":"fr_FR","og_type":"article","og_title":"Cl\u00e9 de porte non coup\u00e9e Lancia Delta Integrale -SILCA - Turijnmagazijn","og_description":"82400758 Lancia Delta Integrale cl\u00e9 vierge de serrure de porte -SILCA- - Cl\u00e9 vierge neuve avec barbe \u00e9mouss\u00e9e de la marque Silca.","og_url":"https:\/\/turijnmagazijn.nl\/fr\/produit\/cle-de-contact-lancia-delta-integral-silca-kopie\/","og_site_name":"Turijnmagazijn","article_publisher":"https:\/\/www.facebook.com\/turijnmagazijn","article_modified_time":"2026-03-26T09:18:17+00:00","og_image":[{"width":1440,"height":1080,"url":"https:\/\/turijnmagazijn.nl\/wp-content\/uploads\/2024\/08\/DN0100372-Ongesneden-portier-sleutel-Lancia-Delta-Integrale-SILCA-82400758-2.jpg","type":"image\/jpeg"}],"twitter_card":"summary_large_image","twitter_misc":{"Dur\u00e9e de lecture estim\u00e9e":"1 minute"},"schema":{"@context":"https:\/\/schema.org","@graph":[{"@type":"WebPage","@id":"https:\/\/turijnmagazijn.nl\/fr\/produit\/cle-de-contact-lancia-delta-integral-silca-kopie\/","url":"https:\/\/turijnmagazijn.nl\/fr\/produit\/cle-de-contact-lancia-delta-integral-silca-kopie\/","name":"Cl\u00e9 de porte non coup\u00e9e Lancia Delta Integrale -SILCA - Turijnmagazijn","isPartOf":{"@id":"https:\/\/turijnmagazijn.jumpstone-dev.nl\/#website"},"primaryImageOfPage":{"@id":"https:\/\/turijnmagazijn.nl\/fr\/produit\/cle-de-contact-lancia-delta-integral-silca-kopie\/#primaryimage"},"image":{"@id":"https:\/\/turijnmagazijn.nl\/fr\/produit\/cle-de-contact-lancia-delta-integral-silca-kopie\/#primaryimage"},"thumbnailUrl":"https:\/\/turijnmagazijn.nl\/wp-content\/uploads\/2024\/08\/DN0100372-Ongesneden-portier-sleutel-Lancia-Delta-Integrale-SILCA-82400758-2.jpg","datePublished":"2024-08-29T19:38:37+00:00","dateModified":"2026-03-26T09:18:17+00:00","breadcrumb":{"@id":"https:\/\/turijnmagazijn.nl\/fr\/produit\/cle-de-contact-lancia-delta-integral-silca-kopie\/#breadcrumb"},"inLanguage":"fr-FR","potentialAction":[{"@type":"ReadAction","target":["https:\/\/turijnmagazijn.nl\/fr\/produit\/cle-de-contact-lancia-delta-integral-silca-kopie\/"]}]},{"@type":"ImageObject","inLanguage":"fr-FR","@id":"https:\/\/turijnmagazijn.nl\/fr\/produit\/cle-de-contact-lancia-delta-integral-silca-kopie\/#primaryimage","url":"https:\/\/turijnmagazijn.nl\/wp-content\/uploads\/2024\/08\/DN0100372-Ongesneden-portier-sleutel-Lancia-Delta-Integrale-SILCA-82400758-2.jpg","contentUrl":"https:\/\/turijnmagazijn.nl\/wp-content\/uploads\/2024\/08\/DN0100372-Ongesneden-portier-sleutel-Lancia-Delta-Integrale-SILCA-82400758-2.jpg","width":1440,"height":1080},{"@type":"BreadcrumbList","@id":"https:\/\/turijnmagazijn.nl\/fr\/produit\/cle-de-contact-lancia-delta-integral-silca-kopie\/#breadcrumb","itemListElement":[{"@type":"ListItem","position":1,"name":"Home","item":"https:\/\/turijnmagazijn.nl\/fr\/"},{"@type":"ListItem","position":2,"name":"Produits","item":"https:\/\/turijnmagazijn.nl\/fr\/shop\/"},{"@type":"ListItem","position":3,"name":"Cl\u00e9 de porte non coup\u00e9e Lancia Delta Integrale -SILCA"}]},{"@type":"WebSite","@id":"https:\/\/turijnmagazijn.jumpstone-dev.nl\/#website","url":"https:\/\/turijnmagazijn.jumpstone-dev.nl\/","name":"Turijnmagazijn","description":"Onderdelen nieuw en gebruikt - Fiat &amp; Lancia","publisher":{"@id":"https:\/\/turijnmagazijn.jumpstone-dev.nl\/#organization"},"potentialAction":[{"@type":"SearchAction","target":{"@type":"EntryPoint","urlTemplate":"https:\/\/turijnmagazijn.jumpstone-dev.nl\/?s={search_term_string}"},"query-input":{"@type":"PropertyValueSpecification","valueRequired":true,"valueName":"search_term_string"}}],"inLanguage":"fr-FR"},{"@type":"Organization","@id":"https:\/\/turijnmagazijn.jumpstone-dev.nl\/#organization","name":"Turijnmagazijn","url":"https:\/\/turijnmagazijn.jumpstone-dev.nl\/","logo":{"@type":"ImageObject","inLanguage":"fr-FR","@id":"https:\/\/turijnmagazijn.jumpstone-dev.nl\/#\/schema\/logo\/image\/","url":"https:\/\/turijnmagazijn.nl\/wp-content\/uploads\/2021\/02\/turijnmagazijnlogo.png","contentUrl":"https:\/\/turijnmagazijn.nl\/wp-content\/uploads\/2021\/02\/turijnmagazijnlogo.png","width":555,"height":270,"caption":"Turijnmagazijn"},"image":{"@id":"https:\/\/turijnmagazijn.jumpstone-dev.nl\/#\/schema\/logo\/image\/"},"sameAs":["https:\/\/www.facebook.com\/turijnmagazijn"]}]}},"_links":{"self":[{"href":"https:\/\/turijnmagazijn.nl\/fr\/wp-json\/wp\/v2\/product\/78616","targetHints":{"allow":["GET"]}}],"collection":[{"href":"https:\/\/turijnmagazijn.nl\/fr\/wp-json\/wp\/v2\/product"}],"about":[{"href":"https:\/\/turijnmagazijn.nl\/fr\/wp-json\/wp\/v2\/types\/product"}],"replies":[{"embeddable":true,"href":"https:\/\/turijnmagazijn.nl\/fr\/wp-json\/wp\/v2\/comments?post=78616"}],"wp:featuredmedia":[{"embeddable":true,"href":"https:\/\/turijnmagazijn.nl\/fr\/wp-json\/wp\/v2\/media\/79151"}],"wp:attachment":[{"href":"https:\/\/turijnmagazijn.nl\/fr\/wp-json\/wp\/v2\/media?parent=78616"}],"wp:term":[{"taxonomy":"product_brand","embeddable":true,"href":"https:\/\/turijnmagazijn.nl\/fr\/wp-json\/wp\/v2\/product_brand?post=78616"},{"taxonomy":"product_cat","embeddable":true,"href":"https:\/\/turijnmagazijn.nl\/fr\/wp-json\/wp\/v2\/product_cat?post=78616"},{"taxonomy":"product_tag","embeddable":true,"href":"https:\/\/turijnmagazijn.nl\/fr\/wp-json\/wp\/v2\/product_tag?post=78616"}],"curies":[{"name":"wp","href":"https:\/\/api.w.org\/{rel}","templated":true}]}}