{"id":79231,"date":"2024-09-27T17:36:51","date_gmt":"2024-09-27T15:36:51","guid":{"rendered":"https:\/\/turijnmagazijn.nl\/?post_type=product&#038;p=79231"},"modified":"2025-04-16T14:05:25","modified_gmt":"2025-04-16T12:05:25","slug":"dk010-dummy-ypsilon-1-kopie-2","status":"publish","type":"product","link":"https:\/\/turijnmagazijn.nl\/fr\/produit\/dk010-dummy-ypsilon-1-kopie-2\/","title":{"rendered":"Relais clignotant 4 p\u00f4les noir Ypsilon 1 Dedra &#8211; Punto 1 Marea etc."},"content":{"rendered":"<p>Pi\u00e8ce usag\u00e9e.<\/p>\n<p>Relais de clignotant applicable \u00e0 de nombreux mod\u00e8les de Fiat et Lancia depuis le d\u00e9but des ann\u00e9es 1990. 1A PUNTO BZ.<\/p>\n<p>GAMMA &rsquo;97 (1997-1999) 55501\/00 &#8211; DISPOSITIFS DE SIGNALISATION 1C PUNTO CABRIO GAMMA &rsquo;97 (1997-2000) 55501\/00 &#8211; DISPOSITIFS DE SIGNALISATION 1F MULTIPLA (1998-2010) 55501\/00 &#8211; DISPOSITIFS DE SIGNALISATION 1L BRAVO G.98 BZ\/DS (1998-2001) 55501\/00 &#8211; DISPOSITIFS DE SIGNALISATION 1M BRAVA G.98<\/p>\n<p>BZ\/DS (1998-2001) 55501\/00 &#8211; DISPOSITIFS DE SIGNALISATION 1Q MAREA BZ GAMMA&rsquo;99 (1999-2002) 55501\/02 &#8211; DISPOSITIFS DE SIGNALISATION 1Q MAREA BZ GAMMA&rsquo;99 (1999-2002) 55501\/00 &#8211; DISPOSITIFS DE SIGNALISATION 1Q MAREA BZ GAMMA&rsquo;99 (1999-2002) 55501\/01 &#8211; DISPOSITIFS DE SIGNALISATION 1R MAREA DS GAMMA&rsquo;99 (1999-<\/p>\n<p>2002) 55501\/00 &#8211; DISPOSITIFS DE SIGNALISATION 1U BRAVO BZ\/DS (1995-1998) 55501\/00 &#8211; DISPOSITIFS DE SIGNALISATION 1V BRAVA BZ\/DS (1995-1998) 55501\/00 &#8211; DISPOSITIFS DE SIGNALISATION ME TIPO 1100-1370-1580 (1987-1993) 55502\/00 &#8211; INTERRUPTEUR D&rsquo;INTERCONNEXION ET DE T\u00c9L\u00c9COMMANDE MF TIPO DIESEL-T.DS.<br \/>\n(1987-1993) 55502\/00 &#8211; INTERRUPTEUR D&rsquo;INTERCONNEXION ET DE T\u00c9L\u00c9COMMANDE MP TIPO SPORT 16V IE.<\/p>\n<p>(1988-1993) 55502\/00 &#8211; COMMUTATEUR D&rsquo;INTERCONNEXION ET DE T\u00c9L\u00c9COMMANDE MV TEMPRA 1370-1580 (1989-1993) 55502\/00 &#8211; COMMUTATEUR D&rsquo;INTERCONNEXION ET DE T\u00c9L\u00c9COMMANDE MW TEMPRA 1750-2000 (1989-1993) 55502\/00 &#8211; COMMUTATEUR D&rsquo;INTERCONNEXION ET DE T\u00c9L\u00c9COMMANDE MX TEMPRA DIESEL-TURBO D.<\/p>\n<p>(1989-1993) 55502\/00 &#8211; COMMUTATEUR D&rsquo;INTERCONNEXION ET DE T\u00c9L\u00c9COMMANDE NG TIPO 1750-2000 (1990-1993) 55502\/00 &#8211; COMMUTATEUR D&rsquo;INTERCONNEXION ET DE T\u00c9L\u00c9COMMANDE NJ TEMPRA MQ.93<br \/>\nD-TD (1993-1996) 55502\/00 &#8211; INTERRUPTEUR D&rsquo;INTERCONNEXION ET DE T\u00c9L\u00c9COMMANDE NS TIPO MQ.93<br \/>\n1370-1580 (1993-1995) 55502\/00 &#8211; COMMUTATEUR D&rsquo;INTERCONNEXION ET DE T\u00c9L\u00c9COMMANDE NT TIPO MAQ.93 D-TD (1993-1995) 55502\/00 &#8211; COMMUTATEUR D&rsquo;INTERCONNEXION ET DE T\u00c9L\u00c9COMMANDE NU TIPO MQ.93 1750-2000 (1993-1995) 55502\/00 &#8211; INTERRUPTEUR D&rsquo;INTERCONNEXION ET DE T\u00c9L\u00c9COMMANDE NV PUNTO 55-60-75-90 (1993-1997) 55501\/00 &#8211; DISPOSITIFS DE SIGNALISATION NW PUNTO GT (1993-1997) 55501\/00 &#8211; DISPOSITIFS DE SIGNALISATION NX PUNTO D-TD (1993-1997) 55501\/00 &#8211; DISPOSITIFS DE SIGNALISATION NY TEMPRA MAQ.93 1370-1580 (&rsquo;93-&rsquo;96) 55502\/00 &#8211; INTERRUPTEUR D&rsquo;INTERCONNEXION ET DE T\u00c9L\u00c9COMMANDE NZ TEMPRA MAQ.93 1750-2000 (&rsquo;93-&rsquo;96) 55502\/00 &#8211; INTERCONNEXION ET T\u00c9L\u00c9RUPTEUR PF PUNTO CABRIO (1994-1997) 55501\/00 &#8211; DISPOSITIFS DE SIGNALISATION PT MAREA BENZINA (1996-1999) 55501\/00 &#8211; DISPOSITIFS DE SIGNALISATION PT MAREA BENZINA (1996-1999) 55501\/01 &#8211; DISPOSITIFS DE SIGNALISATION PU MAREA DIESEL (1996-1999) 55501\/00 &#8211; DISPOSITIFS DE SIGNALISATION RJ DEDRA IE.TB.INTEGRALE (1990-1994) 55502\/00 &#8211; INTERCONNEXION ET T\u00c9L\u00c9COMMANDE RY DEDRA BENZINA (1989-1994) 55502\/00 &#8211; INTERCONNEXION ET T\u00c9L\u00c9COMMANDE RZ DEDRA TURBO DIESEL (1989-1994) 55502\/00 &#8211; INTERCONNEXION ET T\u00c9L\u00c9COMMANDE SU Y (1995-2000) 55501\/00 &#8211; DISPOSITIFS DE SIGNALISATION Relais noir de la marque Italamec avec les inscriptions suivantes : ITALAMEC 415 12V 2+1(6)-21 W 90 040 385 A73367 Num\u00e9ro OEM Lancia 46476792  <\/p>\n","protected":false},"excerpt":{"rendered":"<p>46476792 Relais clignotants 4 p\u00f4les noir Ypsilon 1 Dedra &#8211; Punto 1 Marea etc<\/p>\n","protected":false},"featured_media":79651,"comment_status":"closed","ping_status":"closed","template":"","meta":{"_acf_changed":false},"product_brand":[],"product_cat":[1705,1802,1690,1798,1738,1748,1779,1781,1914],"product_tag":[],"class_list":{"0":"post-79231","1":"product","2":"type-product","3":"status-publish","4":"has-post-thumbnail","6":"product_cat-brava-198-fr","7":"product_cat-dedra-835-fr","8":"product_cat-fiat-fr","9":"product_cat-lancia-fr","10":"product_cat-multipla-186-fr","11":"product_cat-punto-1-176-fr","12":"product_cat-tempra-159-fr","13":"product_cat-tipo-1-160-fr","14":"product_cat-ypsilon-1-840-fr","15":"pa_soort-onderdeel-electronique-et-cables","17":"first","18":"outofstock","19":"shipping-taxable","20":"purchasable","21":"product-type-simple"},"acf":[],"yoast_head":"<!-- This site is optimized with the Yoast SEO plugin v27.3 - https:\/\/yoast.com\/product\/yoast-seo-wordpress\/ -->\n<title>Relais clignotant 4 p\u00f4les noir Ypsilon 1 Dedra - Punto 1 Marea etc. - Turijnmagazijn<\/title>\n<meta name=\"robots\" content=\"index, follow, max-snippet:-1, max-image-preview:large, max-video-preview:-1\" \/>\n<link rel=\"canonical\" href=\"https:\/\/turijnmagazijn.nl\/fr\/produit\/dk010-dummy-ypsilon-1-kopie-2\/\" \/>\n<meta property=\"og:locale\" content=\"fr_FR\" \/>\n<meta property=\"og:type\" content=\"article\" \/>\n<meta property=\"og:title\" content=\"Relais clignotant 4 p\u00f4les noir Ypsilon 1 Dedra - Punto 1 Marea etc. - Turijnmagazijn\" \/>\n<meta property=\"og:description\" content=\"46476792 Relais clignotants 4 p\u00f4les noir Ypsilon 1 Dedra - Punto 1 Marea etc\" \/>\n<meta property=\"og:url\" content=\"https:\/\/turijnmagazijn.nl\/fr\/produit\/dk010-dummy-ypsilon-1-kopie-2\/\" \/>\n<meta property=\"og:site_name\" content=\"Turijnmagazijn\" \/>\n<meta property=\"article:publisher\" content=\"https:\/\/www.facebook.com\/turijnmagazijn\" \/>\n<meta property=\"article:modified_time\" content=\"2025-04-16T12:05:25+00:00\" \/>\n<meta property=\"og:image\" content=\"https:\/\/turijnmagazijn.nl\/wp-content\/uploads\/2024\/09\/DK0102713-Knipperlicht-relais-4-polig-zwart-Ypsilon-1-Dedra-\u2013-Punto-1-Marea-etc-46476792-3.jpg\" \/>\n\t<meta property=\"og:image:width\" content=\"1440\" \/>\n\t<meta property=\"og:image:height\" content=\"1080\" \/>\n\t<meta property=\"og:image:type\" content=\"image\/jpeg\" \/>\n<meta name=\"twitter:card\" content=\"summary_large_image\" \/>\n<meta name=\"twitter:label1\" content=\"Dur\u00e9e de lecture estim\u00e9e\" \/>\n\t<meta name=\"twitter:data1\" content=\"2 minutes\" \/>\n<script type=\"application\/ld+json\" class=\"yoast-schema-graph\">{\"@context\":\"https:\\\/\\\/schema.org\",\"@graph\":[{\"@type\":\"WebPage\",\"@id\":\"https:\\\/\\\/turijnmagazijn.nl\\\/fr\\\/produit\\\/dk010-dummy-ypsilon-1-kopie-2\\\/\",\"url\":\"https:\\\/\\\/turijnmagazijn.nl\\\/fr\\\/produit\\\/dk010-dummy-ypsilon-1-kopie-2\\\/\",\"name\":\"Relais clignotant 4 p\u00f4les noir Ypsilon 1 Dedra - Punto 1 Marea etc. - Turijnmagazijn\",\"isPartOf\":{\"@id\":\"https:\\\/\\\/turijnmagazijn.jumpstone-dev.nl\\\/#website\"},\"primaryImageOfPage\":{\"@id\":\"https:\\\/\\\/turijnmagazijn.nl\\\/fr\\\/produit\\\/dk010-dummy-ypsilon-1-kopie-2\\\/#primaryimage\"},\"image\":{\"@id\":\"https:\\\/\\\/turijnmagazijn.nl\\\/fr\\\/produit\\\/dk010-dummy-ypsilon-1-kopie-2\\\/#primaryimage\"},\"thumbnailUrl\":\"https:\\\/\\\/turijnmagazijn.nl\\\/wp-content\\\/uploads\\\/2024\\\/09\\\/DK0102713-Knipperlicht-relais-4-polig-zwart-Ypsilon-1-Dedra-\u2013-Punto-1-Marea-etc-46476792-3.jpg\",\"datePublished\":\"2024-09-27T15:36:51+00:00\",\"dateModified\":\"2025-04-16T12:05:25+00:00\",\"breadcrumb\":{\"@id\":\"https:\\\/\\\/turijnmagazijn.nl\\\/fr\\\/produit\\\/dk010-dummy-ypsilon-1-kopie-2\\\/#breadcrumb\"},\"inLanguage\":\"fr-FR\",\"potentialAction\":[{\"@type\":\"ReadAction\",\"target\":[\"https:\\\/\\\/turijnmagazijn.nl\\\/fr\\\/produit\\\/dk010-dummy-ypsilon-1-kopie-2\\\/\"]}]},{\"@type\":\"ImageObject\",\"inLanguage\":\"fr-FR\",\"@id\":\"https:\\\/\\\/turijnmagazijn.nl\\\/fr\\\/produit\\\/dk010-dummy-ypsilon-1-kopie-2\\\/#primaryimage\",\"url\":\"https:\\\/\\\/turijnmagazijn.nl\\\/wp-content\\\/uploads\\\/2024\\\/09\\\/DK0102713-Knipperlicht-relais-4-polig-zwart-Ypsilon-1-Dedra-\u2013-Punto-1-Marea-etc-46476792-3.jpg\",\"contentUrl\":\"https:\\\/\\\/turijnmagazijn.nl\\\/wp-content\\\/uploads\\\/2024\\\/09\\\/DK0102713-Knipperlicht-relais-4-polig-zwart-Ypsilon-1-Dedra-\u2013-Punto-1-Marea-etc-46476792-3.jpg\",\"width\":1440,\"height\":1080},{\"@type\":\"BreadcrumbList\",\"@id\":\"https:\\\/\\\/turijnmagazijn.nl\\\/fr\\\/produit\\\/dk010-dummy-ypsilon-1-kopie-2\\\/#breadcrumb\",\"itemListElement\":[{\"@type\":\"ListItem\",\"position\":1,\"name\":\"Home\",\"item\":\"https:\\\/\\\/turijnmagazijn.nl\\\/fr\\\/\"},{\"@type\":\"ListItem\",\"position\":2,\"name\":\"Produits\",\"item\":\"https:\\\/\\\/turijnmagazijn.nl\\\/fr\\\/shop\\\/\"},{\"@type\":\"ListItem\",\"position\":3,\"name\":\"Relais clignotant 4 p\u00f4les noir Ypsilon 1 Dedra &#8211; Punto 1 Marea etc.\"}]},{\"@type\":\"WebSite\",\"@id\":\"https:\\\/\\\/turijnmagazijn.jumpstone-dev.nl\\\/#website\",\"url\":\"https:\\\/\\\/turijnmagazijn.jumpstone-dev.nl\\\/\",\"name\":\"Turijnmagazijn\",\"description\":\"Onderdelen nieuw en gebruikt - Fiat &amp; Lancia\",\"publisher\":{\"@id\":\"https:\\\/\\\/turijnmagazijn.jumpstone-dev.nl\\\/#organization\"},\"potentialAction\":[{\"@type\":\"SearchAction\",\"target\":{\"@type\":\"EntryPoint\",\"urlTemplate\":\"https:\\\/\\\/turijnmagazijn.jumpstone-dev.nl\\\/?s={search_term_string}\"},\"query-input\":{\"@type\":\"PropertyValueSpecification\",\"valueRequired\":true,\"valueName\":\"search_term_string\"}}],\"inLanguage\":\"fr-FR\"},{\"@type\":\"Organization\",\"@id\":\"https:\\\/\\\/turijnmagazijn.jumpstone-dev.nl\\\/#organization\",\"name\":\"Turijnmagazijn\",\"url\":\"https:\\\/\\\/turijnmagazijn.jumpstone-dev.nl\\\/\",\"logo\":{\"@type\":\"ImageObject\",\"inLanguage\":\"fr-FR\",\"@id\":\"https:\\\/\\\/turijnmagazijn.jumpstone-dev.nl\\\/#\\\/schema\\\/logo\\\/image\\\/\",\"url\":\"https:\\\/\\\/turijnmagazijn.nl\\\/wp-content\\\/uploads\\\/2021\\\/02\\\/turijnmagazijnlogo.png\",\"contentUrl\":\"https:\\\/\\\/turijnmagazijn.nl\\\/wp-content\\\/uploads\\\/2021\\\/02\\\/turijnmagazijnlogo.png\",\"width\":555,\"height\":270,\"caption\":\"Turijnmagazijn\"},\"image\":{\"@id\":\"https:\\\/\\\/turijnmagazijn.jumpstone-dev.nl\\\/#\\\/schema\\\/logo\\\/image\\\/\"},\"sameAs\":[\"https:\\\/\\\/www.facebook.com\\\/turijnmagazijn\"]}]}<\/script>\n<!-- \/ Yoast SEO plugin. -->","yoast_head_json":{"title":"Relais clignotant 4 p\u00f4les noir Ypsilon 1 Dedra - Punto 1 Marea etc. - Turijnmagazijn","robots":{"index":"index","follow":"follow","max-snippet":"max-snippet:-1","max-image-preview":"max-image-preview:large","max-video-preview":"max-video-preview:-1"},"canonical":"https:\/\/turijnmagazijn.nl\/fr\/produit\/dk010-dummy-ypsilon-1-kopie-2\/","og_locale":"fr_FR","og_type":"article","og_title":"Relais clignotant 4 p\u00f4les noir Ypsilon 1 Dedra - Punto 1 Marea etc. - Turijnmagazijn","og_description":"46476792 Relais clignotants 4 p\u00f4les noir Ypsilon 1 Dedra - Punto 1 Marea etc","og_url":"https:\/\/turijnmagazijn.nl\/fr\/produit\/dk010-dummy-ypsilon-1-kopie-2\/","og_site_name":"Turijnmagazijn","article_publisher":"https:\/\/www.facebook.com\/turijnmagazijn","article_modified_time":"2025-04-16T12:05:25+00:00","og_image":[{"width":1440,"height":1080,"url":"https:\/\/turijnmagazijn.nl\/wp-content\/uploads\/2024\/09\/DK0102713-Knipperlicht-relais-4-polig-zwart-Ypsilon-1-Dedra-\u2013-Punto-1-Marea-etc-46476792-3.jpg","type":"image\/jpeg"}],"twitter_card":"summary_large_image","twitter_misc":{"Dur\u00e9e de lecture estim\u00e9e":"2 minutes"},"schema":{"@context":"https:\/\/schema.org","@graph":[{"@type":"WebPage","@id":"https:\/\/turijnmagazijn.nl\/fr\/produit\/dk010-dummy-ypsilon-1-kopie-2\/","url":"https:\/\/turijnmagazijn.nl\/fr\/produit\/dk010-dummy-ypsilon-1-kopie-2\/","name":"Relais clignotant 4 p\u00f4les noir Ypsilon 1 Dedra - Punto 1 Marea etc. - Turijnmagazijn","isPartOf":{"@id":"https:\/\/turijnmagazijn.jumpstone-dev.nl\/#website"},"primaryImageOfPage":{"@id":"https:\/\/turijnmagazijn.nl\/fr\/produit\/dk010-dummy-ypsilon-1-kopie-2\/#primaryimage"},"image":{"@id":"https:\/\/turijnmagazijn.nl\/fr\/produit\/dk010-dummy-ypsilon-1-kopie-2\/#primaryimage"},"thumbnailUrl":"https:\/\/turijnmagazijn.nl\/wp-content\/uploads\/2024\/09\/DK0102713-Knipperlicht-relais-4-polig-zwart-Ypsilon-1-Dedra-\u2013-Punto-1-Marea-etc-46476792-3.jpg","datePublished":"2024-09-27T15:36:51+00:00","dateModified":"2025-04-16T12:05:25+00:00","breadcrumb":{"@id":"https:\/\/turijnmagazijn.nl\/fr\/produit\/dk010-dummy-ypsilon-1-kopie-2\/#breadcrumb"},"inLanguage":"fr-FR","potentialAction":[{"@type":"ReadAction","target":["https:\/\/turijnmagazijn.nl\/fr\/produit\/dk010-dummy-ypsilon-1-kopie-2\/"]}]},{"@type":"ImageObject","inLanguage":"fr-FR","@id":"https:\/\/turijnmagazijn.nl\/fr\/produit\/dk010-dummy-ypsilon-1-kopie-2\/#primaryimage","url":"https:\/\/turijnmagazijn.nl\/wp-content\/uploads\/2024\/09\/DK0102713-Knipperlicht-relais-4-polig-zwart-Ypsilon-1-Dedra-\u2013-Punto-1-Marea-etc-46476792-3.jpg","contentUrl":"https:\/\/turijnmagazijn.nl\/wp-content\/uploads\/2024\/09\/DK0102713-Knipperlicht-relais-4-polig-zwart-Ypsilon-1-Dedra-\u2013-Punto-1-Marea-etc-46476792-3.jpg","width":1440,"height":1080},{"@type":"BreadcrumbList","@id":"https:\/\/turijnmagazijn.nl\/fr\/produit\/dk010-dummy-ypsilon-1-kopie-2\/#breadcrumb","itemListElement":[{"@type":"ListItem","position":1,"name":"Home","item":"https:\/\/turijnmagazijn.nl\/fr\/"},{"@type":"ListItem","position":2,"name":"Produits","item":"https:\/\/turijnmagazijn.nl\/fr\/shop\/"},{"@type":"ListItem","position":3,"name":"Relais clignotant 4 p\u00f4les noir Ypsilon 1 Dedra &#8211; Punto 1 Marea etc."}]},{"@type":"WebSite","@id":"https:\/\/turijnmagazijn.jumpstone-dev.nl\/#website","url":"https:\/\/turijnmagazijn.jumpstone-dev.nl\/","name":"Turijnmagazijn","description":"Onderdelen nieuw en gebruikt - Fiat &amp; Lancia","publisher":{"@id":"https:\/\/turijnmagazijn.jumpstone-dev.nl\/#organization"},"potentialAction":[{"@type":"SearchAction","target":{"@type":"EntryPoint","urlTemplate":"https:\/\/turijnmagazijn.jumpstone-dev.nl\/?s={search_term_string}"},"query-input":{"@type":"PropertyValueSpecification","valueRequired":true,"valueName":"search_term_string"}}],"inLanguage":"fr-FR"},{"@type":"Organization","@id":"https:\/\/turijnmagazijn.jumpstone-dev.nl\/#organization","name":"Turijnmagazijn","url":"https:\/\/turijnmagazijn.jumpstone-dev.nl\/","logo":{"@type":"ImageObject","inLanguage":"fr-FR","@id":"https:\/\/turijnmagazijn.jumpstone-dev.nl\/#\/schema\/logo\/image\/","url":"https:\/\/turijnmagazijn.nl\/wp-content\/uploads\/2021\/02\/turijnmagazijnlogo.png","contentUrl":"https:\/\/turijnmagazijn.nl\/wp-content\/uploads\/2021\/02\/turijnmagazijnlogo.png","width":555,"height":270,"caption":"Turijnmagazijn"},"image":{"@id":"https:\/\/turijnmagazijn.jumpstone-dev.nl\/#\/schema\/logo\/image\/"},"sameAs":["https:\/\/www.facebook.com\/turijnmagazijn"]}]}},"_links":{"self":[{"href":"https:\/\/turijnmagazijn.nl\/fr\/wp-json\/wp\/v2\/product\/79231","targetHints":{"allow":["GET"]}}],"collection":[{"href":"https:\/\/turijnmagazijn.nl\/fr\/wp-json\/wp\/v2\/product"}],"about":[{"href":"https:\/\/turijnmagazijn.nl\/fr\/wp-json\/wp\/v2\/types\/product"}],"replies":[{"embeddable":true,"href":"https:\/\/turijnmagazijn.nl\/fr\/wp-json\/wp\/v2\/comments?post=79231"}],"wp:featuredmedia":[{"embeddable":true,"href":"https:\/\/turijnmagazijn.nl\/fr\/wp-json\/wp\/v2\/media\/79651"}],"wp:attachment":[{"href":"https:\/\/turijnmagazijn.nl\/fr\/wp-json\/wp\/v2\/media?parent=79231"}],"wp:term":[{"taxonomy":"product_brand","embeddable":true,"href":"https:\/\/turijnmagazijn.nl\/fr\/wp-json\/wp\/v2\/product_brand?post=79231"},{"taxonomy":"product_cat","embeddable":true,"href":"https:\/\/turijnmagazijn.nl\/fr\/wp-json\/wp\/v2\/product_cat?post=79231"},{"taxonomy":"product_tag","embeddable":true,"href":"https:\/\/turijnmagazijn.nl\/fr\/wp-json\/wp\/v2\/product_tag?post=79231"}],"curies":[{"name":"wp","href":"https:\/\/api.w.org\/{rel}","templated":true}]}}