{"id":79248,"date":"2024-09-27T18:59:08","date_gmt":"2024-09-27T16:59:08","guid":{"rendered":"https:\/\/turijnmagazijn.nl\/?post_type=product&#038;p=79248"},"modified":"2025-04-16T14:05:27","modified_gmt":"2025-04-16T12:05:27","slug":"dk010-dummy-kappa-kopie-9","status":"publish","type":"product","link":"https:\/\/turijnmagazijn.nl\/fr\/produit\/dk010-dummy-kappa-kopie-9\/","title":{"rendered":"Module de contr\u00f4le d&rsquo;\u00e9clairage Lancia Kappa Berlina Delta 2"},"content":{"rendered":"<p>Pi\u00e8ce d&rsquo;occasion en bon \u00e9tat. Bo\u00eetier de commande blanc pour l&rsquo;\u00e9clairage applicable \u00e0 diff\u00e9rents mod\u00e8les de Lancia et Fiat. G\u00e9n\u00e9ralement mont\u00e9 dans le coffre \u00e0 bagages. Equip\u00e9 de 5 connecteurs. Veuillez noter lors de la commande qu&rsquo;il existe diff\u00e9rents modules pour diff\u00e9rentes versions en circulation. Ne commandez que si vous \u00eates s\u00fbr qu&rsquo;il s&rsquo;agit du bon module pour votre voiture.<\/p>\n<p>&nbsp;<\/p>\n<p>Applicable aux mod\u00e8les suivants : ME TIPO 1100-1370-1580 (1987-1993) MP TIPO SPORT 16V IE. <\/p>\n<p>(1988-1993) MV TEMPRA 1370-1580 (1989-1993) MW TEMPRA 1750-2000 (1989-1993) MX TEMPRA DIESEL-TURBO D.(1989-1993) NG TIPO 1750-2000 (1990-1993) NJ TEMPRA MQ.93 D-TD (1993-1996) NS TIPO MQ.93 1370-1580 (1993-1995) NT TIPO MAQ.93  <\/p>\n<p>D-TD (1993-95) NU TIPO MQ.93 1750-2000 (1993-95) NY TEMPRA MAQ.93 1370-1580 (&rsquo;93-&rsquo;96) NZ TEMPRA MAQ.93<\/p>\n<p>1750-2000 (&rsquo;93-&rsquo;96) SF N.DELTA 1400-1600-1800(1993-1999) SF N.DELTA 1400-1600-1800(1993-1999) SG N.DELTA 2.0 -1750 132CV (&rsquo;93-&rsquo;99) SG N.DELTA 2.0 -1750 132CV (&rsquo;93-&rsquo;99) SL DEDRA FL.94<\/p>\n<p>1580-1750 8\/16V 2000 (1994-1999) SM DEDRA FL.94 1750-2.0 (1994-1999) SN DEDRA FL.94 T.DS (1994-1999) SP KAPPA BZ 2000-2400 (1994-2001) SQ N.DELTA TB\/DS (1994-1999) SR KAPPA DIESEL (1994-2001) SS KAPPA 3.0 V6 (1994-2001) OEM Lancia 7773822 <\/p>\n","protected":false},"excerpt":{"rendered":"<p>7773822 Module de contr\u00f4le de l&rsquo;\u00e9clairage Lancia Kappa Berlina Delta 2 Fiat Tempra Tipo<\/p>\n","protected":false},"featured_media":79728,"comment_status":"closed","ping_status":"closed","template":"","meta":{"_acf_changed":false},"product_brand":[],"product_cat":[1851,1862,1802,1841,1690,1860,1798,1779,1781],"product_tag":[],"class_list":{"0":"post-79248","1":"product","2":"type-product","3":"status-publish","4":"has-post-thumbnail","6":"product_cat-5-deurs-fr","7":"product_cat-berlina-fr","8":"product_cat-dedra-835-fr","9":"product_cat-delta-2-836-fr","10":"product_cat-fiat-fr","11":"product_cat-kappa-838-fr","12":"product_cat-lancia-fr","13":"product_cat-tempra-159-fr","14":"product_cat-tipo-1-160-fr","15":"pa_soort-onderdeel-electronique-et-cables","17":"first","18":"instock","19":"shipping-taxable","20":"purchasable","21":"product-type-simple"},"acf":[],"yoast_head":"<!-- This site is optimized with the Yoast SEO plugin v27.3 - https:\/\/yoast.com\/product\/yoast-seo-wordpress\/ -->\n<title>Module de contr\u00f4le d&#039;\u00e9clairage Lancia Kappa Berlina Delta 2 - Turijnmagazijn<\/title>\n<meta name=\"robots\" content=\"index, follow, max-snippet:-1, max-image-preview:large, max-video-preview:-1\" \/>\n<link rel=\"canonical\" href=\"https:\/\/turijnmagazijn.nl\/fr\/produit\/dk010-dummy-kappa-kopie-9\/\" \/>\n<meta property=\"og:locale\" content=\"fr_FR\" \/>\n<meta property=\"og:type\" content=\"article\" \/>\n<meta property=\"og:title\" content=\"Module de contr\u00f4le d&#039;\u00e9clairage Lancia Kappa Berlina Delta 2 - Turijnmagazijn\" \/>\n<meta property=\"og:description\" content=\"7773822 Module de contr\u00f4le de l&#039;\u00e9clairage Lancia Kappa Berlina Delta 2 Fiat Tempra Tipo\" \/>\n<meta property=\"og:url\" content=\"https:\/\/turijnmagazijn.nl\/fr\/produit\/dk010-dummy-kappa-kopie-9\/\" \/>\n<meta property=\"og:site_name\" content=\"Turijnmagazijn\" \/>\n<meta property=\"article:publisher\" content=\"https:\/\/www.facebook.com\/turijnmagazijn\" \/>\n<meta property=\"article:modified_time\" content=\"2025-04-16T12:05:27+00:00\" \/>\n<meta property=\"og:image\" content=\"https:\/\/turijnmagazijn.nl\/wp-content\/uploads\/2024\/09\/DK0102717-Besturingsmodule-verlichting-Lancia-Kappa-Berlina-Delta-2-7773822-3.jpg\" \/>\n\t<meta property=\"og:image:width\" content=\"1440\" \/>\n\t<meta property=\"og:image:height\" content=\"1080\" \/>\n\t<meta property=\"og:image:type\" content=\"image\/jpeg\" \/>\n<meta name=\"twitter:card\" content=\"summary_large_image\" \/>\n<meta name=\"twitter:label1\" content=\"Dur\u00e9e de lecture estim\u00e9e\" \/>\n\t<meta name=\"twitter:data1\" content=\"1 minute\" \/>\n<script type=\"application\/ld+json\" class=\"yoast-schema-graph\">{\"@context\":\"https:\\\/\\\/schema.org\",\"@graph\":[{\"@type\":\"WebPage\",\"@id\":\"https:\\\/\\\/turijnmagazijn.nl\\\/fr\\\/produit\\\/dk010-dummy-kappa-kopie-9\\\/\",\"url\":\"https:\\\/\\\/turijnmagazijn.nl\\\/fr\\\/produit\\\/dk010-dummy-kappa-kopie-9\\\/\",\"name\":\"Module de contr\u00f4le d'\u00e9clairage Lancia Kappa Berlina Delta 2 - Turijnmagazijn\",\"isPartOf\":{\"@id\":\"https:\\\/\\\/turijnmagazijn.jumpstone-dev.nl\\\/#website\"},\"primaryImageOfPage\":{\"@id\":\"https:\\\/\\\/turijnmagazijn.nl\\\/fr\\\/produit\\\/dk010-dummy-kappa-kopie-9\\\/#primaryimage\"},\"image\":{\"@id\":\"https:\\\/\\\/turijnmagazijn.nl\\\/fr\\\/produit\\\/dk010-dummy-kappa-kopie-9\\\/#primaryimage\"},\"thumbnailUrl\":\"https:\\\/\\\/turijnmagazijn.nl\\\/wp-content\\\/uploads\\\/2024\\\/09\\\/DK0102717-Besturingsmodule-verlichting-Lancia-Kappa-Berlina-Delta-2-7773822-3.jpg\",\"datePublished\":\"2024-09-27T16:59:08+00:00\",\"dateModified\":\"2025-04-16T12:05:27+00:00\",\"breadcrumb\":{\"@id\":\"https:\\\/\\\/turijnmagazijn.nl\\\/fr\\\/produit\\\/dk010-dummy-kappa-kopie-9\\\/#breadcrumb\"},\"inLanguage\":\"fr-FR\",\"potentialAction\":[{\"@type\":\"ReadAction\",\"target\":[\"https:\\\/\\\/turijnmagazijn.nl\\\/fr\\\/produit\\\/dk010-dummy-kappa-kopie-9\\\/\"]}]},{\"@type\":\"ImageObject\",\"inLanguage\":\"fr-FR\",\"@id\":\"https:\\\/\\\/turijnmagazijn.nl\\\/fr\\\/produit\\\/dk010-dummy-kappa-kopie-9\\\/#primaryimage\",\"url\":\"https:\\\/\\\/turijnmagazijn.nl\\\/wp-content\\\/uploads\\\/2024\\\/09\\\/DK0102717-Besturingsmodule-verlichting-Lancia-Kappa-Berlina-Delta-2-7773822-3.jpg\",\"contentUrl\":\"https:\\\/\\\/turijnmagazijn.nl\\\/wp-content\\\/uploads\\\/2024\\\/09\\\/DK0102717-Besturingsmodule-verlichting-Lancia-Kappa-Berlina-Delta-2-7773822-3.jpg\",\"width\":1440,\"height\":1080},{\"@type\":\"BreadcrumbList\",\"@id\":\"https:\\\/\\\/turijnmagazijn.nl\\\/fr\\\/produit\\\/dk010-dummy-kappa-kopie-9\\\/#breadcrumb\",\"itemListElement\":[{\"@type\":\"ListItem\",\"position\":1,\"name\":\"Home\",\"item\":\"https:\\\/\\\/turijnmagazijn.nl\\\/fr\\\/\"},{\"@type\":\"ListItem\",\"position\":2,\"name\":\"Produits\",\"item\":\"https:\\\/\\\/turijnmagazijn.nl\\\/fr\\\/shop\\\/\"},{\"@type\":\"ListItem\",\"position\":3,\"name\":\"Module de contr\u00f4le d&#8217;\u00e9clairage Lancia Kappa Berlina Delta 2\"}]},{\"@type\":\"WebSite\",\"@id\":\"https:\\\/\\\/turijnmagazijn.jumpstone-dev.nl\\\/#website\",\"url\":\"https:\\\/\\\/turijnmagazijn.jumpstone-dev.nl\\\/\",\"name\":\"Turijnmagazijn\",\"description\":\"Onderdelen nieuw en gebruikt - Fiat &amp; Lancia\",\"publisher\":{\"@id\":\"https:\\\/\\\/turijnmagazijn.jumpstone-dev.nl\\\/#organization\"},\"potentialAction\":[{\"@type\":\"SearchAction\",\"target\":{\"@type\":\"EntryPoint\",\"urlTemplate\":\"https:\\\/\\\/turijnmagazijn.jumpstone-dev.nl\\\/?s={search_term_string}\"},\"query-input\":{\"@type\":\"PropertyValueSpecification\",\"valueRequired\":true,\"valueName\":\"search_term_string\"}}],\"inLanguage\":\"fr-FR\"},{\"@type\":\"Organization\",\"@id\":\"https:\\\/\\\/turijnmagazijn.jumpstone-dev.nl\\\/#organization\",\"name\":\"Turijnmagazijn\",\"url\":\"https:\\\/\\\/turijnmagazijn.jumpstone-dev.nl\\\/\",\"logo\":{\"@type\":\"ImageObject\",\"inLanguage\":\"fr-FR\",\"@id\":\"https:\\\/\\\/turijnmagazijn.jumpstone-dev.nl\\\/#\\\/schema\\\/logo\\\/image\\\/\",\"url\":\"https:\\\/\\\/turijnmagazijn.nl\\\/wp-content\\\/uploads\\\/2021\\\/02\\\/turijnmagazijnlogo.png\",\"contentUrl\":\"https:\\\/\\\/turijnmagazijn.nl\\\/wp-content\\\/uploads\\\/2021\\\/02\\\/turijnmagazijnlogo.png\",\"width\":555,\"height\":270,\"caption\":\"Turijnmagazijn\"},\"image\":{\"@id\":\"https:\\\/\\\/turijnmagazijn.jumpstone-dev.nl\\\/#\\\/schema\\\/logo\\\/image\\\/\"},\"sameAs\":[\"https:\\\/\\\/www.facebook.com\\\/turijnmagazijn\"]}]}<\/script>\n<!-- \/ Yoast SEO plugin. -->","yoast_head_json":{"title":"Module de contr\u00f4le d'\u00e9clairage Lancia Kappa Berlina Delta 2 - Turijnmagazijn","robots":{"index":"index","follow":"follow","max-snippet":"max-snippet:-1","max-image-preview":"max-image-preview:large","max-video-preview":"max-video-preview:-1"},"canonical":"https:\/\/turijnmagazijn.nl\/fr\/produit\/dk010-dummy-kappa-kopie-9\/","og_locale":"fr_FR","og_type":"article","og_title":"Module de contr\u00f4le d'\u00e9clairage Lancia Kappa Berlina Delta 2 - Turijnmagazijn","og_description":"7773822 Module de contr\u00f4le de l'\u00e9clairage Lancia Kappa Berlina Delta 2 Fiat Tempra Tipo","og_url":"https:\/\/turijnmagazijn.nl\/fr\/produit\/dk010-dummy-kappa-kopie-9\/","og_site_name":"Turijnmagazijn","article_publisher":"https:\/\/www.facebook.com\/turijnmagazijn","article_modified_time":"2025-04-16T12:05:27+00:00","og_image":[{"width":1440,"height":1080,"url":"https:\/\/turijnmagazijn.nl\/wp-content\/uploads\/2024\/09\/DK0102717-Besturingsmodule-verlichting-Lancia-Kappa-Berlina-Delta-2-7773822-3.jpg","type":"image\/jpeg"}],"twitter_card":"summary_large_image","twitter_misc":{"Dur\u00e9e de lecture estim\u00e9e":"1 minute"},"schema":{"@context":"https:\/\/schema.org","@graph":[{"@type":"WebPage","@id":"https:\/\/turijnmagazijn.nl\/fr\/produit\/dk010-dummy-kappa-kopie-9\/","url":"https:\/\/turijnmagazijn.nl\/fr\/produit\/dk010-dummy-kappa-kopie-9\/","name":"Module de contr\u00f4le d'\u00e9clairage Lancia Kappa Berlina Delta 2 - Turijnmagazijn","isPartOf":{"@id":"https:\/\/turijnmagazijn.jumpstone-dev.nl\/#website"},"primaryImageOfPage":{"@id":"https:\/\/turijnmagazijn.nl\/fr\/produit\/dk010-dummy-kappa-kopie-9\/#primaryimage"},"image":{"@id":"https:\/\/turijnmagazijn.nl\/fr\/produit\/dk010-dummy-kappa-kopie-9\/#primaryimage"},"thumbnailUrl":"https:\/\/turijnmagazijn.nl\/wp-content\/uploads\/2024\/09\/DK0102717-Besturingsmodule-verlichting-Lancia-Kappa-Berlina-Delta-2-7773822-3.jpg","datePublished":"2024-09-27T16:59:08+00:00","dateModified":"2025-04-16T12:05:27+00:00","breadcrumb":{"@id":"https:\/\/turijnmagazijn.nl\/fr\/produit\/dk010-dummy-kappa-kopie-9\/#breadcrumb"},"inLanguage":"fr-FR","potentialAction":[{"@type":"ReadAction","target":["https:\/\/turijnmagazijn.nl\/fr\/produit\/dk010-dummy-kappa-kopie-9\/"]}]},{"@type":"ImageObject","inLanguage":"fr-FR","@id":"https:\/\/turijnmagazijn.nl\/fr\/produit\/dk010-dummy-kappa-kopie-9\/#primaryimage","url":"https:\/\/turijnmagazijn.nl\/wp-content\/uploads\/2024\/09\/DK0102717-Besturingsmodule-verlichting-Lancia-Kappa-Berlina-Delta-2-7773822-3.jpg","contentUrl":"https:\/\/turijnmagazijn.nl\/wp-content\/uploads\/2024\/09\/DK0102717-Besturingsmodule-verlichting-Lancia-Kappa-Berlina-Delta-2-7773822-3.jpg","width":1440,"height":1080},{"@type":"BreadcrumbList","@id":"https:\/\/turijnmagazijn.nl\/fr\/produit\/dk010-dummy-kappa-kopie-9\/#breadcrumb","itemListElement":[{"@type":"ListItem","position":1,"name":"Home","item":"https:\/\/turijnmagazijn.nl\/fr\/"},{"@type":"ListItem","position":2,"name":"Produits","item":"https:\/\/turijnmagazijn.nl\/fr\/shop\/"},{"@type":"ListItem","position":3,"name":"Module de contr\u00f4le d&#8217;\u00e9clairage Lancia Kappa Berlina Delta 2"}]},{"@type":"WebSite","@id":"https:\/\/turijnmagazijn.jumpstone-dev.nl\/#website","url":"https:\/\/turijnmagazijn.jumpstone-dev.nl\/","name":"Turijnmagazijn","description":"Onderdelen nieuw en gebruikt - Fiat &amp; Lancia","publisher":{"@id":"https:\/\/turijnmagazijn.jumpstone-dev.nl\/#organization"},"potentialAction":[{"@type":"SearchAction","target":{"@type":"EntryPoint","urlTemplate":"https:\/\/turijnmagazijn.jumpstone-dev.nl\/?s={search_term_string}"},"query-input":{"@type":"PropertyValueSpecification","valueRequired":true,"valueName":"search_term_string"}}],"inLanguage":"fr-FR"},{"@type":"Organization","@id":"https:\/\/turijnmagazijn.jumpstone-dev.nl\/#organization","name":"Turijnmagazijn","url":"https:\/\/turijnmagazijn.jumpstone-dev.nl\/","logo":{"@type":"ImageObject","inLanguage":"fr-FR","@id":"https:\/\/turijnmagazijn.jumpstone-dev.nl\/#\/schema\/logo\/image\/","url":"https:\/\/turijnmagazijn.nl\/wp-content\/uploads\/2021\/02\/turijnmagazijnlogo.png","contentUrl":"https:\/\/turijnmagazijn.nl\/wp-content\/uploads\/2021\/02\/turijnmagazijnlogo.png","width":555,"height":270,"caption":"Turijnmagazijn"},"image":{"@id":"https:\/\/turijnmagazijn.jumpstone-dev.nl\/#\/schema\/logo\/image\/"},"sameAs":["https:\/\/www.facebook.com\/turijnmagazijn"]}]}},"_links":{"self":[{"href":"https:\/\/turijnmagazijn.nl\/fr\/wp-json\/wp\/v2\/product\/79248","targetHints":{"allow":["GET"]}}],"collection":[{"href":"https:\/\/turijnmagazijn.nl\/fr\/wp-json\/wp\/v2\/product"}],"about":[{"href":"https:\/\/turijnmagazijn.nl\/fr\/wp-json\/wp\/v2\/types\/product"}],"replies":[{"embeddable":true,"href":"https:\/\/turijnmagazijn.nl\/fr\/wp-json\/wp\/v2\/comments?post=79248"}],"wp:featuredmedia":[{"embeddable":true,"href":"https:\/\/turijnmagazijn.nl\/fr\/wp-json\/wp\/v2\/media\/79728"}],"wp:attachment":[{"href":"https:\/\/turijnmagazijn.nl\/fr\/wp-json\/wp\/v2\/media?parent=79248"}],"wp:term":[{"taxonomy":"product_brand","embeddable":true,"href":"https:\/\/turijnmagazijn.nl\/fr\/wp-json\/wp\/v2\/product_brand?post=79248"},{"taxonomy":"product_cat","embeddable":true,"href":"https:\/\/turijnmagazijn.nl\/fr\/wp-json\/wp\/v2\/product_cat?post=79248"},{"taxonomy":"product_tag","embeddable":true,"href":"https:\/\/turijnmagazijn.nl\/fr\/wp-json\/wp\/v2\/product_tag?post=79248"}],"curies":[{"name":"wp","href":"https:\/\/api.w.org\/{rel}","templated":true}]}}