{"id":79264,"date":"2024-09-27T20:14:51","date_gmt":"2024-09-27T18:14:51","guid":{"rendered":"https:\/\/turijnmagazijn.nl\/?post_type=product&#038;p=79264"},"modified":"2025-04-16T14:04:34","modified_gmt":"2025-04-16T12:04:34","slug":"poignee-de-porte-exterieure-lancia-kappa-avant-droit-argent-kopie","status":"publish","type":"product","link":"https:\/\/turijnmagazijn.nl\/fr\/produit\/poignee-de-porte-exterieure-lancia-kappa-avant-droit-argent-kopie\/","title":{"rendered":"Poign\u00e9e de porte ext\u00e9rieure Lancia Kappa Avant droite Blanc"},"content":{"rendered":"<p>Poign\u00e9e de porte usag\u00e9e pour l\u2019ext\u00e9rieur d\u2019une Lancia Kappa. Cette poign\u00e9e est mont\u00e9e dans la porte. Poign\u00e9e chrom\u00e9e et un cadre m\u00e9tallique pulv\u00e9ris\u00e9 dans la couleur de la carrosserie.<\/p>\n<p>Portier avant droit.<\/p>\n<p>La couleur de la carrosserie de cette voiture est blanche, le num\u00e9ro de couleur exact est inconnu, il s&rsquo;agit d&rsquo;une peinture uni.<br \/>\nElle provient d&rsquo;un Kappa de 1995.<br \/>\nEn bon \u00e9tat de fonctionnement, les dommages dus \u00e0 l&rsquo;utilisation sont visibles.<\/p>\n<p> Voir les photos.<\/p>\n<p>OEM Lancia <span style=\"text-align: -webkit-right;\">715257099<\/span><\/p>\n<p>&nbsp;<\/p>\n","protected":false},"excerpt":{"rendered":"<p>Loquet de porte ext\u00e9rieur Lancia Kappa &#8211; Poign\u00e9e de porte usag\u00e9e pour l&rsquo;ext\u00e9rieur d&rsquo;une Lancia Kappa.<br \/>\nPoign\u00e9e de porte ext\u00e9rieure Lancia Kappa Avant droite &#8211; Poign\u00e9e de porte ext\u00e9rieure usag\u00e9e pour une Lancia Kappa. <\/p>\n","protected":false},"featured_media":79799,"comment_status":"closed","ping_status":"closed","template":"","meta":{"_acf_changed":false},"product_brand":[],"product_cat":[1862,1865,1860,1798,1870],"product_tag":[],"class_list":{"0":"post-79264","1":"product","2":"type-product","3":"status-publish","4":"has-post-thumbnail","6":"product_cat-berlina-fr","7":"product_cat-coupe-fr","8":"product_cat-kappa-838-fr","9":"product_cat-lancia-fr","10":"product_cat-sw-fr","11":"pa_soort-onderdeel-carrosserie-et-tolerie","13":"first","14":"instock","15":"sale","16":"shipping-taxable","17":"purchasable","18":"product-type-simple"},"acf":[],"yoast_head":"<!-- This site is optimized with the Yoast SEO plugin v27.2 - https:\/\/yoast.com\/product\/yoast-seo-wordpress\/ -->\n<title>Poign\u00e9e de porte ext\u00e9rieure Lancia Kappa Avant droite Blanc - Turijnmagazijn<\/title>\n<meta name=\"robots\" content=\"index, follow, max-snippet:-1, max-image-preview:large, max-video-preview:-1\" \/>\n<link rel=\"canonical\" href=\"https:\/\/turijnmagazijn.nl\/fr\/produit\/poignee-de-porte-exterieure-lancia-kappa-avant-droit-argent-kopie\/\" \/>\n<meta property=\"og:locale\" content=\"fr_FR\" \/>\n<meta property=\"og:type\" content=\"article\" \/>\n<meta property=\"og:title\" content=\"Poign\u00e9e de porte ext\u00e9rieure Lancia Kappa Avant droite Blanc - Turijnmagazijn\" \/>\n<meta property=\"og:description\" content=\"Loquet de porte ext\u00e9rieur Lancia Kappa - Poign\u00e9e de porte usag\u00e9e pour l&#039;ext\u00e9rieur d&#039;une Lancia Kappa. Poign\u00e9e de porte ext\u00e9rieure Lancia Kappa Avant droite - Poign\u00e9e de porte ext\u00e9rieure usag\u00e9e pour une Lancia Kappa.\" \/>\n<meta property=\"og:url\" content=\"https:\/\/turijnmagazijn.nl\/fr\/produit\/poignee-de-porte-exterieure-lancia-kappa-avant-droit-argent-kopie\/\" \/>\n<meta property=\"og:site_name\" content=\"Turijnmagazijn\" \/>\n<meta property=\"article:publisher\" content=\"https:\/\/www.facebook.com\/turijnmagazijn\" \/>\n<meta property=\"article:modified_time\" content=\"2025-04-16T12:04:34+00:00\" \/>\n<meta property=\"og:image\" content=\"https:\/\/turijnmagazijn.nl\/wp-content\/uploads\/2024\/09\/DK0102721-Deurklink-exterieur-Lancia-Kappa-Rechts-voorzijde-Wit-715257099-3.jpg\" \/>\n\t<meta property=\"og:image:width\" content=\"1440\" \/>\n\t<meta property=\"og:image:height\" content=\"1080\" \/>\n\t<meta property=\"og:image:type\" content=\"image\/jpeg\" \/>\n<meta name=\"twitter:card\" content=\"summary_large_image\" \/>\n<script type=\"application\/ld+json\" class=\"yoast-schema-graph\">{\"@context\":\"https:\/\/schema.org\",\"@graph\":[{\"@type\":\"WebPage\",\"@id\":\"https:\/\/turijnmagazijn.nl\/fr\/produit\/poignee-de-porte-exterieure-lancia-kappa-avant-droit-argent-kopie\/\",\"url\":\"https:\/\/turijnmagazijn.nl\/fr\/produit\/poignee-de-porte-exterieure-lancia-kappa-avant-droit-argent-kopie\/\",\"name\":\"Poign\u00e9e de porte ext\u00e9rieure Lancia Kappa Avant droite Blanc - Turijnmagazijn\",\"isPartOf\":{\"@id\":\"https:\/\/turijnmagazijn.jumpstone-dev.nl\/#website\"},\"primaryImageOfPage\":{\"@id\":\"https:\/\/turijnmagazijn.nl\/fr\/produit\/poignee-de-porte-exterieure-lancia-kappa-avant-droit-argent-kopie\/#primaryimage\"},\"image\":{\"@id\":\"https:\/\/turijnmagazijn.nl\/fr\/produit\/poignee-de-porte-exterieure-lancia-kappa-avant-droit-argent-kopie\/#primaryimage\"},\"thumbnailUrl\":\"https:\/\/turijnmagazijn.nl\/wp-content\/uploads\/2024\/09\/DK0102721-Deurklink-exterieur-Lancia-Kappa-Rechts-voorzijde-Wit-715257099-3.jpg\",\"datePublished\":\"2024-09-27T18:14:51+00:00\",\"dateModified\":\"2025-04-16T12:04:34+00:00\",\"breadcrumb\":{\"@id\":\"https:\/\/turijnmagazijn.nl\/fr\/produit\/poignee-de-porte-exterieure-lancia-kappa-avant-droit-argent-kopie\/#breadcrumb\"},\"inLanguage\":\"fr-FR\",\"potentialAction\":[{\"@type\":\"ReadAction\",\"target\":[\"https:\/\/turijnmagazijn.nl\/fr\/produit\/poignee-de-porte-exterieure-lancia-kappa-avant-droit-argent-kopie\/\"]}]},{\"@type\":\"ImageObject\",\"inLanguage\":\"fr-FR\",\"@id\":\"https:\/\/turijnmagazijn.nl\/fr\/produit\/poignee-de-porte-exterieure-lancia-kappa-avant-droit-argent-kopie\/#primaryimage\",\"url\":\"https:\/\/turijnmagazijn.nl\/wp-content\/uploads\/2024\/09\/DK0102721-Deurklink-exterieur-Lancia-Kappa-Rechts-voorzijde-Wit-715257099-3.jpg\",\"contentUrl\":\"https:\/\/turijnmagazijn.nl\/wp-content\/uploads\/2024\/09\/DK0102721-Deurklink-exterieur-Lancia-Kappa-Rechts-voorzijde-Wit-715257099-3.jpg\",\"width\":1440,\"height\":1080},{\"@type\":\"BreadcrumbList\",\"@id\":\"https:\/\/turijnmagazijn.nl\/fr\/produit\/poignee-de-porte-exterieure-lancia-kappa-avant-droit-argent-kopie\/#breadcrumb\",\"itemListElement\":[{\"@type\":\"ListItem\",\"position\":1,\"name\":\"Home\",\"item\":\"https:\/\/turijnmagazijn.nl\/fr\/\"},{\"@type\":\"ListItem\",\"position\":2,\"name\":\"Produits\",\"item\":\"https:\/\/turijnmagazijn.nl\/fr\/shop\/\"},{\"@type\":\"ListItem\",\"position\":3,\"name\":\"Poign\u00e9e de porte ext\u00e9rieure Lancia Kappa Avant droite Blanc\"}]},{\"@type\":\"WebSite\",\"@id\":\"https:\/\/turijnmagazijn.jumpstone-dev.nl\/#website\",\"url\":\"https:\/\/turijnmagazijn.jumpstone-dev.nl\/\",\"name\":\"Turijnmagazijn\",\"description\":\"Onderdelen nieuw en gebruikt - Fiat &amp; Lancia\",\"publisher\":{\"@id\":\"https:\/\/turijnmagazijn.jumpstone-dev.nl\/#organization\"},\"potentialAction\":[{\"@type\":\"SearchAction\",\"target\":{\"@type\":\"EntryPoint\",\"urlTemplate\":\"https:\/\/turijnmagazijn.jumpstone-dev.nl\/?s={search_term_string}\"},\"query-input\":{\"@type\":\"PropertyValueSpecification\",\"valueRequired\":true,\"valueName\":\"search_term_string\"}}],\"inLanguage\":\"fr-FR\"},{\"@type\":\"Organization\",\"@id\":\"https:\/\/turijnmagazijn.jumpstone-dev.nl\/#organization\",\"name\":\"Turijnmagazijn\",\"url\":\"https:\/\/turijnmagazijn.jumpstone-dev.nl\/\",\"logo\":{\"@type\":\"ImageObject\",\"inLanguage\":\"fr-FR\",\"@id\":\"https:\/\/turijnmagazijn.jumpstone-dev.nl\/#\/schema\/logo\/image\/\",\"url\":\"https:\/\/turijnmagazijn.nl\/wp-content\/uploads\/2021\/02\/turijnmagazijnlogo.png\",\"contentUrl\":\"https:\/\/turijnmagazijn.nl\/wp-content\/uploads\/2021\/02\/turijnmagazijnlogo.png\",\"width\":555,\"height\":270,\"caption\":\"Turijnmagazijn\"},\"image\":{\"@id\":\"https:\/\/turijnmagazijn.jumpstone-dev.nl\/#\/schema\/logo\/image\/\"},\"sameAs\":[\"https:\/\/www.facebook.com\/turijnmagazijn\"]}]}<\/script>\n<!-- \/ Yoast SEO plugin. -->","yoast_head_json":{"title":"Poign\u00e9e de porte ext\u00e9rieure Lancia Kappa Avant droite Blanc - Turijnmagazijn","robots":{"index":"index","follow":"follow","max-snippet":"max-snippet:-1","max-image-preview":"max-image-preview:large","max-video-preview":"max-video-preview:-1"},"canonical":"https:\/\/turijnmagazijn.nl\/fr\/produit\/poignee-de-porte-exterieure-lancia-kappa-avant-droit-argent-kopie\/","og_locale":"fr_FR","og_type":"article","og_title":"Poign\u00e9e de porte ext\u00e9rieure Lancia Kappa Avant droite Blanc - Turijnmagazijn","og_description":"Loquet de porte ext\u00e9rieur Lancia Kappa - Poign\u00e9e de porte usag\u00e9e pour l'ext\u00e9rieur d'une Lancia Kappa. Poign\u00e9e de porte ext\u00e9rieure Lancia Kappa Avant droite - Poign\u00e9e de porte ext\u00e9rieure usag\u00e9e pour une Lancia Kappa.","og_url":"https:\/\/turijnmagazijn.nl\/fr\/produit\/poignee-de-porte-exterieure-lancia-kappa-avant-droit-argent-kopie\/","og_site_name":"Turijnmagazijn","article_publisher":"https:\/\/www.facebook.com\/turijnmagazijn","article_modified_time":"2025-04-16T12:04:34+00:00","og_image":[{"width":1440,"height":1080,"url":"https:\/\/turijnmagazijn.nl\/wp-content\/uploads\/2024\/09\/DK0102721-Deurklink-exterieur-Lancia-Kappa-Rechts-voorzijde-Wit-715257099-3.jpg","type":"image\/jpeg"}],"twitter_card":"summary_large_image","schema":{"@context":"https:\/\/schema.org","@graph":[{"@type":"WebPage","@id":"https:\/\/turijnmagazijn.nl\/fr\/produit\/poignee-de-porte-exterieure-lancia-kappa-avant-droit-argent-kopie\/","url":"https:\/\/turijnmagazijn.nl\/fr\/produit\/poignee-de-porte-exterieure-lancia-kappa-avant-droit-argent-kopie\/","name":"Poign\u00e9e de porte ext\u00e9rieure Lancia Kappa Avant droite Blanc - Turijnmagazijn","isPartOf":{"@id":"https:\/\/turijnmagazijn.jumpstone-dev.nl\/#website"},"primaryImageOfPage":{"@id":"https:\/\/turijnmagazijn.nl\/fr\/produit\/poignee-de-porte-exterieure-lancia-kappa-avant-droit-argent-kopie\/#primaryimage"},"image":{"@id":"https:\/\/turijnmagazijn.nl\/fr\/produit\/poignee-de-porte-exterieure-lancia-kappa-avant-droit-argent-kopie\/#primaryimage"},"thumbnailUrl":"https:\/\/turijnmagazijn.nl\/wp-content\/uploads\/2024\/09\/DK0102721-Deurklink-exterieur-Lancia-Kappa-Rechts-voorzijde-Wit-715257099-3.jpg","datePublished":"2024-09-27T18:14:51+00:00","dateModified":"2025-04-16T12:04:34+00:00","breadcrumb":{"@id":"https:\/\/turijnmagazijn.nl\/fr\/produit\/poignee-de-porte-exterieure-lancia-kappa-avant-droit-argent-kopie\/#breadcrumb"},"inLanguage":"fr-FR","potentialAction":[{"@type":"ReadAction","target":["https:\/\/turijnmagazijn.nl\/fr\/produit\/poignee-de-porte-exterieure-lancia-kappa-avant-droit-argent-kopie\/"]}]},{"@type":"ImageObject","inLanguage":"fr-FR","@id":"https:\/\/turijnmagazijn.nl\/fr\/produit\/poignee-de-porte-exterieure-lancia-kappa-avant-droit-argent-kopie\/#primaryimage","url":"https:\/\/turijnmagazijn.nl\/wp-content\/uploads\/2024\/09\/DK0102721-Deurklink-exterieur-Lancia-Kappa-Rechts-voorzijde-Wit-715257099-3.jpg","contentUrl":"https:\/\/turijnmagazijn.nl\/wp-content\/uploads\/2024\/09\/DK0102721-Deurklink-exterieur-Lancia-Kappa-Rechts-voorzijde-Wit-715257099-3.jpg","width":1440,"height":1080},{"@type":"BreadcrumbList","@id":"https:\/\/turijnmagazijn.nl\/fr\/produit\/poignee-de-porte-exterieure-lancia-kappa-avant-droit-argent-kopie\/#breadcrumb","itemListElement":[{"@type":"ListItem","position":1,"name":"Home","item":"https:\/\/turijnmagazijn.nl\/fr\/"},{"@type":"ListItem","position":2,"name":"Produits","item":"https:\/\/turijnmagazijn.nl\/fr\/shop\/"},{"@type":"ListItem","position":3,"name":"Poign\u00e9e de porte ext\u00e9rieure Lancia Kappa Avant droite Blanc"}]},{"@type":"WebSite","@id":"https:\/\/turijnmagazijn.jumpstone-dev.nl\/#website","url":"https:\/\/turijnmagazijn.jumpstone-dev.nl\/","name":"Turijnmagazijn","description":"Onderdelen nieuw en gebruikt - Fiat &amp; Lancia","publisher":{"@id":"https:\/\/turijnmagazijn.jumpstone-dev.nl\/#organization"},"potentialAction":[{"@type":"SearchAction","target":{"@type":"EntryPoint","urlTemplate":"https:\/\/turijnmagazijn.jumpstone-dev.nl\/?s={search_term_string}"},"query-input":{"@type":"PropertyValueSpecification","valueRequired":true,"valueName":"search_term_string"}}],"inLanguage":"fr-FR"},{"@type":"Organization","@id":"https:\/\/turijnmagazijn.jumpstone-dev.nl\/#organization","name":"Turijnmagazijn","url":"https:\/\/turijnmagazijn.jumpstone-dev.nl\/","logo":{"@type":"ImageObject","inLanguage":"fr-FR","@id":"https:\/\/turijnmagazijn.jumpstone-dev.nl\/#\/schema\/logo\/image\/","url":"https:\/\/turijnmagazijn.nl\/wp-content\/uploads\/2021\/02\/turijnmagazijnlogo.png","contentUrl":"https:\/\/turijnmagazijn.nl\/wp-content\/uploads\/2021\/02\/turijnmagazijnlogo.png","width":555,"height":270,"caption":"Turijnmagazijn"},"image":{"@id":"https:\/\/turijnmagazijn.jumpstone-dev.nl\/#\/schema\/logo\/image\/"},"sameAs":["https:\/\/www.facebook.com\/turijnmagazijn"]}]}},"_links":{"self":[{"href":"https:\/\/turijnmagazijn.nl\/fr\/wp-json\/wp\/v2\/product\/79264","targetHints":{"allow":["GET"]}}],"collection":[{"href":"https:\/\/turijnmagazijn.nl\/fr\/wp-json\/wp\/v2\/product"}],"about":[{"href":"https:\/\/turijnmagazijn.nl\/fr\/wp-json\/wp\/v2\/types\/product"}],"replies":[{"embeddable":true,"href":"https:\/\/turijnmagazijn.nl\/fr\/wp-json\/wp\/v2\/comments?post=79264"}],"wp:featuredmedia":[{"embeddable":true,"href":"https:\/\/turijnmagazijn.nl\/fr\/wp-json\/wp\/v2\/media\/79799"}],"wp:attachment":[{"href":"https:\/\/turijnmagazijn.nl\/fr\/wp-json\/wp\/v2\/media?parent=79264"}],"wp:term":[{"taxonomy":"product_brand","embeddable":true,"href":"https:\/\/turijnmagazijn.nl\/fr\/wp-json\/wp\/v2\/product_brand?post=79264"},{"taxonomy":"product_cat","embeddable":true,"href":"https:\/\/turijnmagazijn.nl\/fr\/wp-json\/wp\/v2\/product_cat?post=79264"},{"taxonomy":"product_tag","embeddable":true,"href":"https:\/\/turijnmagazijn.nl\/fr\/wp-json\/wp\/v2\/product_tag?post=79264"}],"curies":[{"name":"wp","href":"https:\/\/api.w.org\/{rel}","templated":true}]}}