{"id":79285,"date":"2024-09-28T14:41:50","date_gmt":"2024-09-28T12:41:50","guid":{"rendered":"https:\/\/turijnmagazijn.nl\/?post_type=product&#038;p=79285"},"modified":"2025-04-15T22:00:32","modified_gmt":"2025-04-15T20:00:32","slug":"interrupteur-de-deverrouillage-du-hayon-et-eclairage-de-la-boite-a-gants-lancia-kappa-kopie-2","status":"publish","type":"product","link":"https:\/\/turijnmagazijn.nl\/fr\/produit\/interrupteur-de-deverrouillage-du-hayon-et-eclairage-de-la-boite-a-gants-lancia-kappa-kopie-2\/","title":{"rendered":"Interrupteur d&rsquo;ouverture du hayon Lancia Kappa"},"content":{"rendered":"<p>Interrupteur usag\u00e9 pour montage dans la bo\u00eete \u00e0 gants pour Lancia Kappa. Applicable \u00e0 tous les mod\u00e8les de Lancia Kappa mais provenant d&rsquo;une berline de l&rsquo;ann\u00e9e 1998. Num\u00e9ro OEM Lancia 82408062<\/p>\n","protected":false},"excerpt":{"rendered":"<p>82408062 Interrupteur d&rsquo;ouverture du hayon Lancia Kappa &#8211; Unit\u00e9 pour le montage dans la bo\u00eete \u00e0 gants pour Lancia Kappa.<\/p>\n","protected":false},"featured_media":79865,"comment_status":"open","ping_status":"closed","template":"","meta":{"_acf_changed":false},"product_brand":[],"product_cat":[1862,1865,1860,1798,1870,1896,1902,1897],"product_tag":[],"class_list":{"0":"post-79285","1":"product","2":"type-product","3":"status-publish","4":"has-post-thumbnail","6":"product_cat-berlina-fr","7":"product_cat-coupe-fr","8":"product_cat-kappa-838-fr","9":"product_cat-lancia-fr","10":"product_cat-sw-fr","11":"product_cat-thema-834-fr","12":"product_cat-thema-sedan-fr","13":"product_cat-thema-sw-fr","14":"pa_soort-onderdeel-tableau-de-bord-et-commutateurs","16":"first","17":"instock","18":"shipping-taxable","19":"purchasable","20":"product-type-simple"},"acf":[],"yoast_head":"<!-- This site is optimized with the Yoast SEO plugin v27.2 - https:\/\/yoast.com\/product\/yoast-seo-wordpress\/ -->\n<title>Interrupteur d&#039;ouverture du hayon Lancia Kappa - Turijnmagazijn<\/title>\n<meta name=\"robots\" content=\"index, follow, max-snippet:-1, max-image-preview:large, max-video-preview:-1\" \/>\n<link rel=\"canonical\" href=\"https:\/\/turijnmagazijn.nl\/fr\/produit\/interrupteur-de-deverrouillage-du-hayon-et-eclairage-de-la-boite-a-gants-lancia-kappa-kopie-2\/\" \/>\n<meta property=\"og:locale\" content=\"fr_FR\" \/>\n<meta property=\"og:type\" content=\"article\" \/>\n<meta property=\"og:title\" content=\"Interrupteur d&#039;ouverture du hayon Lancia Kappa - Turijnmagazijn\" \/>\n<meta property=\"og:description\" content=\"82408062 Interrupteur d&#039;ouverture du hayon Lancia Kappa - Unit\u00e9 pour le montage dans la bo\u00eete \u00e0 gants pour Lancia Kappa.\" \/>\n<meta property=\"og:url\" content=\"https:\/\/turijnmagazijn.nl\/fr\/produit\/interrupteur-de-deverrouillage-du-hayon-et-eclairage-de-la-boite-a-gants-lancia-kappa-kopie-2\/\" \/>\n<meta property=\"og:site_name\" content=\"Turijnmagazijn\" \/>\n<meta property=\"article:publisher\" content=\"https:\/\/www.facebook.com\/turijnmagazijn\" \/>\n<meta property=\"article:modified_time\" content=\"2025-04-15T20:00:32+00:00\" \/>\n<meta property=\"og:image\" content=\"https:\/\/turijnmagazijn.nl\/wp-content\/uploads\/2024\/09\/DK0102725-Achterklep-ontgrendelschakelaar-Lancia-Kappa-82408062-3.jpg\" \/>\n\t<meta property=\"og:image:width\" content=\"1440\" \/>\n\t<meta property=\"og:image:height\" content=\"1080\" \/>\n\t<meta property=\"og:image:type\" content=\"image\/jpeg\" \/>\n<meta name=\"twitter:card\" content=\"summary_large_image\" \/>\n<script type=\"application\/ld+json\" class=\"yoast-schema-graph\">{\"@context\":\"https:\/\/schema.org\",\"@graph\":[{\"@type\":\"WebPage\",\"@id\":\"https:\/\/turijnmagazijn.nl\/fr\/produit\/interrupteur-de-deverrouillage-du-hayon-et-eclairage-de-la-boite-a-gants-lancia-kappa-kopie-2\/\",\"url\":\"https:\/\/turijnmagazijn.nl\/fr\/produit\/interrupteur-de-deverrouillage-du-hayon-et-eclairage-de-la-boite-a-gants-lancia-kappa-kopie-2\/\",\"name\":\"Interrupteur d'ouverture du hayon Lancia Kappa - Turijnmagazijn\",\"isPartOf\":{\"@id\":\"https:\/\/turijnmagazijn.jumpstone-dev.nl\/#website\"},\"primaryImageOfPage\":{\"@id\":\"https:\/\/turijnmagazijn.nl\/fr\/produit\/interrupteur-de-deverrouillage-du-hayon-et-eclairage-de-la-boite-a-gants-lancia-kappa-kopie-2\/#primaryimage\"},\"image\":{\"@id\":\"https:\/\/turijnmagazijn.nl\/fr\/produit\/interrupteur-de-deverrouillage-du-hayon-et-eclairage-de-la-boite-a-gants-lancia-kappa-kopie-2\/#primaryimage\"},\"thumbnailUrl\":\"https:\/\/turijnmagazijn.nl\/wp-content\/uploads\/2024\/09\/DK0102725-Achterklep-ontgrendelschakelaar-Lancia-Kappa-82408062-3.jpg\",\"datePublished\":\"2024-09-28T12:41:50+00:00\",\"dateModified\":\"2025-04-15T20:00:32+00:00\",\"breadcrumb\":{\"@id\":\"https:\/\/turijnmagazijn.nl\/fr\/produit\/interrupteur-de-deverrouillage-du-hayon-et-eclairage-de-la-boite-a-gants-lancia-kappa-kopie-2\/#breadcrumb\"},\"inLanguage\":\"fr-FR\",\"potentialAction\":[{\"@type\":\"ReadAction\",\"target\":[\"https:\/\/turijnmagazijn.nl\/fr\/produit\/interrupteur-de-deverrouillage-du-hayon-et-eclairage-de-la-boite-a-gants-lancia-kappa-kopie-2\/\"]}]},{\"@type\":\"ImageObject\",\"inLanguage\":\"fr-FR\",\"@id\":\"https:\/\/turijnmagazijn.nl\/fr\/produit\/interrupteur-de-deverrouillage-du-hayon-et-eclairage-de-la-boite-a-gants-lancia-kappa-kopie-2\/#primaryimage\",\"url\":\"https:\/\/turijnmagazijn.nl\/wp-content\/uploads\/2024\/09\/DK0102725-Achterklep-ontgrendelschakelaar-Lancia-Kappa-82408062-3.jpg\",\"contentUrl\":\"https:\/\/turijnmagazijn.nl\/wp-content\/uploads\/2024\/09\/DK0102725-Achterklep-ontgrendelschakelaar-Lancia-Kappa-82408062-3.jpg\",\"width\":1440,\"height\":1080},{\"@type\":\"BreadcrumbList\",\"@id\":\"https:\/\/turijnmagazijn.nl\/fr\/produit\/interrupteur-de-deverrouillage-du-hayon-et-eclairage-de-la-boite-a-gants-lancia-kappa-kopie-2\/#breadcrumb\",\"itemListElement\":[{\"@type\":\"ListItem\",\"position\":1,\"name\":\"Home\",\"item\":\"https:\/\/turijnmagazijn.nl\/fr\/\"},{\"@type\":\"ListItem\",\"position\":2,\"name\":\"Produits\",\"item\":\"https:\/\/turijnmagazijn.nl\/fr\/shop\/\"},{\"@type\":\"ListItem\",\"position\":3,\"name\":\"Interrupteur d&#8217;ouverture du hayon Lancia Kappa\"}]},{\"@type\":\"WebSite\",\"@id\":\"https:\/\/turijnmagazijn.jumpstone-dev.nl\/#website\",\"url\":\"https:\/\/turijnmagazijn.jumpstone-dev.nl\/\",\"name\":\"Turijnmagazijn\",\"description\":\"Onderdelen nieuw en gebruikt - Fiat &amp; Lancia\",\"publisher\":{\"@id\":\"https:\/\/turijnmagazijn.jumpstone-dev.nl\/#organization\"},\"potentialAction\":[{\"@type\":\"SearchAction\",\"target\":{\"@type\":\"EntryPoint\",\"urlTemplate\":\"https:\/\/turijnmagazijn.jumpstone-dev.nl\/?s={search_term_string}\"},\"query-input\":{\"@type\":\"PropertyValueSpecification\",\"valueRequired\":true,\"valueName\":\"search_term_string\"}}],\"inLanguage\":\"fr-FR\"},{\"@type\":\"Organization\",\"@id\":\"https:\/\/turijnmagazijn.jumpstone-dev.nl\/#organization\",\"name\":\"Turijnmagazijn\",\"url\":\"https:\/\/turijnmagazijn.jumpstone-dev.nl\/\",\"logo\":{\"@type\":\"ImageObject\",\"inLanguage\":\"fr-FR\",\"@id\":\"https:\/\/turijnmagazijn.jumpstone-dev.nl\/#\/schema\/logo\/image\/\",\"url\":\"https:\/\/turijnmagazijn.nl\/wp-content\/uploads\/2021\/02\/turijnmagazijnlogo.png\",\"contentUrl\":\"https:\/\/turijnmagazijn.nl\/wp-content\/uploads\/2021\/02\/turijnmagazijnlogo.png\",\"width\":555,\"height\":270,\"caption\":\"Turijnmagazijn\"},\"image\":{\"@id\":\"https:\/\/turijnmagazijn.jumpstone-dev.nl\/#\/schema\/logo\/image\/\"},\"sameAs\":[\"https:\/\/www.facebook.com\/turijnmagazijn\"]}]}<\/script>\n<!-- \/ Yoast SEO plugin. -->","yoast_head_json":{"title":"Interrupteur d'ouverture du hayon Lancia Kappa - Turijnmagazijn","robots":{"index":"index","follow":"follow","max-snippet":"max-snippet:-1","max-image-preview":"max-image-preview:large","max-video-preview":"max-video-preview:-1"},"canonical":"https:\/\/turijnmagazijn.nl\/fr\/produit\/interrupteur-de-deverrouillage-du-hayon-et-eclairage-de-la-boite-a-gants-lancia-kappa-kopie-2\/","og_locale":"fr_FR","og_type":"article","og_title":"Interrupteur d'ouverture du hayon Lancia Kappa - Turijnmagazijn","og_description":"82408062 Interrupteur d'ouverture du hayon Lancia Kappa - Unit\u00e9 pour le montage dans la bo\u00eete \u00e0 gants pour Lancia Kappa.","og_url":"https:\/\/turijnmagazijn.nl\/fr\/produit\/interrupteur-de-deverrouillage-du-hayon-et-eclairage-de-la-boite-a-gants-lancia-kappa-kopie-2\/","og_site_name":"Turijnmagazijn","article_publisher":"https:\/\/www.facebook.com\/turijnmagazijn","article_modified_time":"2025-04-15T20:00:32+00:00","og_image":[{"width":1440,"height":1080,"url":"https:\/\/turijnmagazijn.nl\/wp-content\/uploads\/2024\/09\/DK0102725-Achterklep-ontgrendelschakelaar-Lancia-Kappa-82408062-3.jpg","type":"image\/jpeg"}],"twitter_card":"summary_large_image","schema":{"@context":"https:\/\/schema.org","@graph":[{"@type":"WebPage","@id":"https:\/\/turijnmagazijn.nl\/fr\/produit\/interrupteur-de-deverrouillage-du-hayon-et-eclairage-de-la-boite-a-gants-lancia-kappa-kopie-2\/","url":"https:\/\/turijnmagazijn.nl\/fr\/produit\/interrupteur-de-deverrouillage-du-hayon-et-eclairage-de-la-boite-a-gants-lancia-kappa-kopie-2\/","name":"Interrupteur d'ouverture du hayon Lancia Kappa - Turijnmagazijn","isPartOf":{"@id":"https:\/\/turijnmagazijn.jumpstone-dev.nl\/#website"},"primaryImageOfPage":{"@id":"https:\/\/turijnmagazijn.nl\/fr\/produit\/interrupteur-de-deverrouillage-du-hayon-et-eclairage-de-la-boite-a-gants-lancia-kappa-kopie-2\/#primaryimage"},"image":{"@id":"https:\/\/turijnmagazijn.nl\/fr\/produit\/interrupteur-de-deverrouillage-du-hayon-et-eclairage-de-la-boite-a-gants-lancia-kappa-kopie-2\/#primaryimage"},"thumbnailUrl":"https:\/\/turijnmagazijn.nl\/wp-content\/uploads\/2024\/09\/DK0102725-Achterklep-ontgrendelschakelaar-Lancia-Kappa-82408062-3.jpg","datePublished":"2024-09-28T12:41:50+00:00","dateModified":"2025-04-15T20:00:32+00:00","breadcrumb":{"@id":"https:\/\/turijnmagazijn.nl\/fr\/produit\/interrupteur-de-deverrouillage-du-hayon-et-eclairage-de-la-boite-a-gants-lancia-kappa-kopie-2\/#breadcrumb"},"inLanguage":"fr-FR","potentialAction":[{"@type":"ReadAction","target":["https:\/\/turijnmagazijn.nl\/fr\/produit\/interrupteur-de-deverrouillage-du-hayon-et-eclairage-de-la-boite-a-gants-lancia-kappa-kopie-2\/"]}]},{"@type":"ImageObject","inLanguage":"fr-FR","@id":"https:\/\/turijnmagazijn.nl\/fr\/produit\/interrupteur-de-deverrouillage-du-hayon-et-eclairage-de-la-boite-a-gants-lancia-kappa-kopie-2\/#primaryimage","url":"https:\/\/turijnmagazijn.nl\/wp-content\/uploads\/2024\/09\/DK0102725-Achterklep-ontgrendelschakelaar-Lancia-Kappa-82408062-3.jpg","contentUrl":"https:\/\/turijnmagazijn.nl\/wp-content\/uploads\/2024\/09\/DK0102725-Achterklep-ontgrendelschakelaar-Lancia-Kappa-82408062-3.jpg","width":1440,"height":1080},{"@type":"BreadcrumbList","@id":"https:\/\/turijnmagazijn.nl\/fr\/produit\/interrupteur-de-deverrouillage-du-hayon-et-eclairage-de-la-boite-a-gants-lancia-kappa-kopie-2\/#breadcrumb","itemListElement":[{"@type":"ListItem","position":1,"name":"Home","item":"https:\/\/turijnmagazijn.nl\/fr\/"},{"@type":"ListItem","position":2,"name":"Produits","item":"https:\/\/turijnmagazijn.nl\/fr\/shop\/"},{"@type":"ListItem","position":3,"name":"Interrupteur d&#8217;ouverture du hayon Lancia Kappa"}]},{"@type":"WebSite","@id":"https:\/\/turijnmagazijn.jumpstone-dev.nl\/#website","url":"https:\/\/turijnmagazijn.jumpstone-dev.nl\/","name":"Turijnmagazijn","description":"Onderdelen nieuw en gebruikt - Fiat &amp; Lancia","publisher":{"@id":"https:\/\/turijnmagazijn.jumpstone-dev.nl\/#organization"},"potentialAction":[{"@type":"SearchAction","target":{"@type":"EntryPoint","urlTemplate":"https:\/\/turijnmagazijn.jumpstone-dev.nl\/?s={search_term_string}"},"query-input":{"@type":"PropertyValueSpecification","valueRequired":true,"valueName":"search_term_string"}}],"inLanguage":"fr-FR"},{"@type":"Organization","@id":"https:\/\/turijnmagazijn.jumpstone-dev.nl\/#organization","name":"Turijnmagazijn","url":"https:\/\/turijnmagazijn.jumpstone-dev.nl\/","logo":{"@type":"ImageObject","inLanguage":"fr-FR","@id":"https:\/\/turijnmagazijn.jumpstone-dev.nl\/#\/schema\/logo\/image\/","url":"https:\/\/turijnmagazijn.nl\/wp-content\/uploads\/2021\/02\/turijnmagazijnlogo.png","contentUrl":"https:\/\/turijnmagazijn.nl\/wp-content\/uploads\/2021\/02\/turijnmagazijnlogo.png","width":555,"height":270,"caption":"Turijnmagazijn"},"image":{"@id":"https:\/\/turijnmagazijn.jumpstone-dev.nl\/#\/schema\/logo\/image\/"},"sameAs":["https:\/\/www.facebook.com\/turijnmagazijn"]}]}},"_links":{"self":[{"href":"https:\/\/turijnmagazijn.nl\/fr\/wp-json\/wp\/v2\/product\/79285","targetHints":{"allow":["GET"]}}],"collection":[{"href":"https:\/\/turijnmagazijn.nl\/fr\/wp-json\/wp\/v2\/product"}],"about":[{"href":"https:\/\/turijnmagazijn.nl\/fr\/wp-json\/wp\/v2\/types\/product"}],"replies":[{"embeddable":true,"href":"https:\/\/turijnmagazijn.nl\/fr\/wp-json\/wp\/v2\/comments?post=79285"}],"wp:featuredmedia":[{"embeddable":true,"href":"https:\/\/turijnmagazijn.nl\/fr\/wp-json\/wp\/v2\/media\/79865"}],"wp:attachment":[{"href":"https:\/\/turijnmagazijn.nl\/fr\/wp-json\/wp\/v2\/media?parent=79285"}],"wp:term":[{"taxonomy":"product_brand","embeddable":true,"href":"https:\/\/turijnmagazijn.nl\/fr\/wp-json\/wp\/v2\/product_brand?post=79285"},{"taxonomy":"product_cat","embeddable":true,"href":"https:\/\/turijnmagazijn.nl\/fr\/wp-json\/wp\/v2\/product_cat?post=79285"},{"taxonomy":"product_tag","embeddable":true,"href":"https:\/\/turijnmagazijn.nl\/fr\/wp-json\/wp\/v2\/product_tag?post=79285"}],"curies":[{"name":"wp","href":"https:\/\/api.w.org\/{rel}","templated":true}]}}