{"id":79548,"date":"2024-10-13T11:49:17","date_gmt":"2024-10-13T09:49:17","guid":{"rendered":"https:\/\/turijnmagazijn.nl\/?post_type=product&#038;p=79548"},"modified":"2025-04-16T14:15:24","modified_gmt":"2025-04-16T12:15:24","slug":"cache-moyeu-affleurant-logo-noir-lancia-delta-integrale-set-4-pcs-kopie","status":"publish","type":"product","link":"https:\/\/turijnmagazijn.nl\/fr\/produit\/cache-moyeu-affleurant-logo-noir-lancia-delta-integrale-set-4-pcs-kopie\/","title":{"rendered":"Cache moyeu restaur\u00e9 logo bleu Lancia Delta Integrale (set 4 pcs)"},"content":{"rendered":"<p>Jeu de 4 centres de roues remis \u00e0 neuf pour Lancia Delta Integrale. Cette taille d\u2019enjoliveur est \u00e9galement utilis\u00e9e sur certaines des jantes fournies sur les Kappa, Delta II, Thema et Ypsilon. Pour des exemples de jantes OEM dans lesquelles ces centres s\u2019ins\u00e8rent, voir les exemples de photos pour une application possible.<\/p>\n<p>A l&rsquo;arri\u00e8re, les centres de roues sont d&rsquo;origine et portent le logo fiat lancia. Les logos ont \u00e9t\u00e9 remplac\u00e9s par un logo estampill\u00e9 en aluminium avec le logo Lancia en argent sur fond bleu. Cela donne une belle finition brillante.  <\/p>\n<p>Excellente alternative \u00e0 l\u2019original de Lancia sous le num\u00e9ro 82355891 46424280 et 46784941 couvercle qui ne sont malheureusement plus disponibles.<\/p>\n<p><strong>Veuillez noter que les couvercles de moyeu en plastique sont usag\u00e9s et pr\u00e9sentent donc des signes d&rsquo;utilisation et peuvent \u00eatre l\u00e9g\u00e8rement d\u00e9color\u00e9s au fil des ans. \u00e9tudiez attentivement les photos avant de passer commande. <\/strong><\/p>\n<p>&nbsp;<\/p>\n<p>Ce type d&rsquo;enjoliveurs a \u00e9t\u00e9 utilis\u00e9 de s\u00e9rie sur les voitures suivantes ;<\/p>\n<ul>\n<li>Lancia Delta I avec mod\u00e8les Integrale et EVO<\/li>\n<li>Lancia Dedra I<\/li>\n<li>Th\u00e8me Lancia<\/li>\n<li>Lancia Kappa\n<ul>\n<li>Type de jante 46438588<\/li>\n<\/ul>\n<\/li>\n<li>Lancia Delta II<\/li>\n<li>Lancia Ypsilon 1\n<ul>\n<li>Type de jante 46777506<\/li>\n<\/ul>\n<\/li>\n<\/ul>\n<p>\u00c0 titre d\u2019illustration, certaines photos de types de jantes sont attach\u00e9es \u00e0 l\u2019endroit o\u00f9 ces enjoliveurs s\u2019adaptent exactement.<\/p>\n<p>&nbsp;<\/p>\n","protected":false},"excerpt":{"rendered":"<p>Jeu de 4 centres de roues remis \u00e0 neuf pour Lancia Delta Integrale. Cette taille d\u2019enjoliveur est \u00e9galement utilis\u00e9e sur certaines des jantes fournies sur les Kappa, Delta II, Thema et Ypsilon.<\/p>\n<p>Excellente alternative \u00e0 l&rsquo;original par Lancia sous les num\u00e9ros 82355891 46424280 et 46784941 .<\/p>\n","protected":false},"featured_media":79562,"comment_status":"closed","ping_status":"closed","template":"","meta":{"_acf_changed":false},"product_brand":[],"product_cat":[1809,1846,1851,1862,1802,1806,1841,1819,1821,1825,1836,1830,1838,1860,1798,1870,1896,1902,1897,1914],"product_tag":[],"class_list":{"0":"post-79548","1":"product","2":"type-product","3":"status-publish","4":"has-post-thumbnail","6":"product_cat-1-1-1-3-1-5-fr","7":"product_cat-3-deurs-hpe-fr","8":"product_cat-5-deurs-fr","9":"product_cat-berlina-fr","10":"product_cat-dedra-835-fr","11":"product_cat-delta-1-831-fr","12":"product_cat-delta-2-836-fr","13":"product_cat-gt-i-e-fr","14":"product_cat-hf-4wd-fr","15":"product_cat-hf-turbo-fr","16":"product_cat-integrale-16v-fr","17":"product_cat-integrale-8v-fr","18":"product_cat-integrale-evo-fr","19":"product_cat-kappa-838-fr","20":"product_cat-lancia-fr","21":"product_cat-sw-fr","22":"product_cat-thema-834-fr","23":"product_cat-thema-sedan-fr","24":"product_cat-thema-sw-fr","25":"product_cat-ypsilon-1-840-fr","26":"pa_soort-onderdeel-carrosserie-et-tolerie","28":"first","29":"instock","30":"shipping-taxable","31":"purchasable","32":"product-type-simple"},"acf":[],"yoast_head":"<!-- This site is optimized with the Yoast SEO plugin v27.3 - https:\/\/yoast.com\/product\/yoast-seo-wordpress\/ -->\n<title>Cache moyeu restaur\u00e9 logo bleu Lancia Delta Integrale (set 4 pcs) - Turijnmagazijn<\/title>\n<meta name=\"robots\" content=\"index, follow, max-snippet:-1, max-image-preview:large, max-video-preview:-1\" \/>\n<link rel=\"canonical\" href=\"https:\/\/turijnmagazijn.nl\/fr\/produit\/cache-moyeu-affleurant-logo-noir-lancia-delta-integrale-set-4-pcs-kopie\/\" \/>\n<meta property=\"og:locale\" content=\"fr_FR\" \/>\n<meta property=\"og:type\" content=\"article\" \/>\n<meta property=\"og:title\" content=\"Cache moyeu restaur\u00e9 logo bleu Lancia Delta Integrale (set 4 pcs) - Turijnmagazijn\" \/>\n<meta property=\"og:description\" content=\"Jeu de 4 centres de roues remis \u00e0 neuf pour Lancia Delta Integrale. Cette taille d\u2019enjoliveur est \u00e9galement utilis\u00e9e sur certaines des jantes fournies sur les Kappa, Delta II, Thema et Ypsilon. Excellente alternative \u00e0 l&#039;original par Lancia sous les num\u00e9ros 82355891 46424280 et 46784941 .\" \/>\n<meta property=\"og:url\" content=\"https:\/\/turijnmagazijn.nl\/fr\/produit\/cache-moyeu-affleurant-logo-noir-lancia-delta-integrale-set-4-pcs-kopie\/\" \/>\n<meta property=\"og:site_name\" content=\"Turijnmagazijn\" \/>\n<meta property=\"article:publisher\" content=\"https:\/\/www.facebook.com\/turijnmagazijn\" \/>\n<meta property=\"article:modified_time\" content=\"2025-04-16T12:15:24+00:00\" \/>\n<meta property=\"og:image\" content=\"https:\/\/turijnmagazijn.nl\/wp-content\/uploads\/2024\/10\/DK0102727-Naafdeksel-gerestaureerd-blauw-logo-Lancia-Delta-Integrale-set-4-st.-82355891-3.jpg\" \/>\n\t<meta property=\"og:image:width\" content=\"1440\" \/>\n\t<meta property=\"og:image:height\" content=\"1080\" \/>\n\t<meta property=\"og:image:type\" content=\"image\/jpeg\" \/>\n<meta name=\"twitter:card\" content=\"summary_large_image\" \/>\n<meta name=\"twitter:label1\" content=\"Dur\u00e9e de lecture estim\u00e9e\" \/>\n\t<meta name=\"twitter:data1\" content=\"1 minute\" \/>\n<script type=\"application\/ld+json\" class=\"yoast-schema-graph\">{\"@context\":\"https:\\\/\\\/schema.org\",\"@graph\":[{\"@type\":\"WebPage\",\"@id\":\"https:\\\/\\\/turijnmagazijn.nl\\\/fr\\\/produit\\\/cache-moyeu-affleurant-logo-noir-lancia-delta-integrale-set-4-pcs-kopie\\\/\",\"url\":\"https:\\\/\\\/turijnmagazijn.nl\\\/fr\\\/produit\\\/cache-moyeu-affleurant-logo-noir-lancia-delta-integrale-set-4-pcs-kopie\\\/\",\"name\":\"Cache moyeu restaur\u00e9 logo bleu Lancia Delta Integrale (set 4 pcs) - Turijnmagazijn\",\"isPartOf\":{\"@id\":\"https:\\\/\\\/turijnmagazijn.jumpstone-dev.nl\\\/#website\"},\"primaryImageOfPage\":{\"@id\":\"https:\\\/\\\/turijnmagazijn.nl\\\/fr\\\/produit\\\/cache-moyeu-affleurant-logo-noir-lancia-delta-integrale-set-4-pcs-kopie\\\/#primaryimage\"},\"image\":{\"@id\":\"https:\\\/\\\/turijnmagazijn.nl\\\/fr\\\/produit\\\/cache-moyeu-affleurant-logo-noir-lancia-delta-integrale-set-4-pcs-kopie\\\/#primaryimage\"},\"thumbnailUrl\":\"https:\\\/\\\/turijnmagazijn.nl\\\/wp-content\\\/uploads\\\/2024\\\/10\\\/DK0102727-Naafdeksel-gerestaureerd-blauw-logo-Lancia-Delta-Integrale-set-4-st.-82355891-3.jpg\",\"datePublished\":\"2024-10-13T09:49:17+00:00\",\"dateModified\":\"2025-04-16T12:15:24+00:00\",\"breadcrumb\":{\"@id\":\"https:\\\/\\\/turijnmagazijn.nl\\\/fr\\\/produit\\\/cache-moyeu-affleurant-logo-noir-lancia-delta-integrale-set-4-pcs-kopie\\\/#breadcrumb\"},\"inLanguage\":\"fr-FR\",\"potentialAction\":[{\"@type\":\"ReadAction\",\"target\":[\"https:\\\/\\\/turijnmagazijn.nl\\\/fr\\\/produit\\\/cache-moyeu-affleurant-logo-noir-lancia-delta-integrale-set-4-pcs-kopie\\\/\"]}]},{\"@type\":\"ImageObject\",\"inLanguage\":\"fr-FR\",\"@id\":\"https:\\\/\\\/turijnmagazijn.nl\\\/fr\\\/produit\\\/cache-moyeu-affleurant-logo-noir-lancia-delta-integrale-set-4-pcs-kopie\\\/#primaryimage\",\"url\":\"https:\\\/\\\/turijnmagazijn.nl\\\/wp-content\\\/uploads\\\/2024\\\/10\\\/DK0102727-Naafdeksel-gerestaureerd-blauw-logo-Lancia-Delta-Integrale-set-4-st.-82355891-3.jpg\",\"contentUrl\":\"https:\\\/\\\/turijnmagazijn.nl\\\/wp-content\\\/uploads\\\/2024\\\/10\\\/DK0102727-Naafdeksel-gerestaureerd-blauw-logo-Lancia-Delta-Integrale-set-4-st.-82355891-3.jpg\",\"width\":1440,\"height\":1080},{\"@type\":\"BreadcrumbList\",\"@id\":\"https:\\\/\\\/turijnmagazijn.nl\\\/fr\\\/produit\\\/cache-moyeu-affleurant-logo-noir-lancia-delta-integrale-set-4-pcs-kopie\\\/#breadcrumb\",\"itemListElement\":[{\"@type\":\"ListItem\",\"position\":1,\"name\":\"Home\",\"item\":\"https:\\\/\\\/turijnmagazijn.nl\\\/fr\\\/\"},{\"@type\":\"ListItem\",\"position\":2,\"name\":\"Produits\",\"item\":\"https:\\\/\\\/turijnmagazijn.nl\\\/fr\\\/shop\\\/\"},{\"@type\":\"ListItem\",\"position\":3,\"name\":\"Cache moyeu restaur\u00e9 logo bleu Lancia Delta Integrale (set 4 pcs)\"}]},{\"@type\":\"WebSite\",\"@id\":\"https:\\\/\\\/turijnmagazijn.jumpstone-dev.nl\\\/#website\",\"url\":\"https:\\\/\\\/turijnmagazijn.jumpstone-dev.nl\\\/\",\"name\":\"Turijnmagazijn\",\"description\":\"Onderdelen nieuw en gebruikt - Fiat &amp; Lancia\",\"publisher\":{\"@id\":\"https:\\\/\\\/turijnmagazijn.jumpstone-dev.nl\\\/#organization\"},\"potentialAction\":[{\"@type\":\"SearchAction\",\"target\":{\"@type\":\"EntryPoint\",\"urlTemplate\":\"https:\\\/\\\/turijnmagazijn.jumpstone-dev.nl\\\/?s={search_term_string}\"},\"query-input\":{\"@type\":\"PropertyValueSpecification\",\"valueRequired\":true,\"valueName\":\"search_term_string\"}}],\"inLanguage\":\"fr-FR\"},{\"@type\":\"Organization\",\"@id\":\"https:\\\/\\\/turijnmagazijn.jumpstone-dev.nl\\\/#organization\",\"name\":\"Turijnmagazijn\",\"url\":\"https:\\\/\\\/turijnmagazijn.jumpstone-dev.nl\\\/\",\"logo\":{\"@type\":\"ImageObject\",\"inLanguage\":\"fr-FR\",\"@id\":\"https:\\\/\\\/turijnmagazijn.jumpstone-dev.nl\\\/#\\\/schema\\\/logo\\\/image\\\/\",\"url\":\"https:\\\/\\\/turijnmagazijn.nl\\\/wp-content\\\/uploads\\\/2021\\\/02\\\/turijnmagazijnlogo.png\",\"contentUrl\":\"https:\\\/\\\/turijnmagazijn.nl\\\/wp-content\\\/uploads\\\/2021\\\/02\\\/turijnmagazijnlogo.png\",\"width\":555,\"height\":270,\"caption\":\"Turijnmagazijn\"},\"image\":{\"@id\":\"https:\\\/\\\/turijnmagazijn.jumpstone-dev.nl\\\/#\\\/schema\\\/logo\\\/image\\\/\"},\"sameAs\":[\"https:\\\/\\\/www.facebook.com\\\/turijnmagazijn\"]}]}<\/script>\n<!-- \/ Yoast SEO plugin. -->","yoast_head_json":{"title":"Cache moyeu restaur\u00e9 logo bleu Lancia Delta Integrale (set 4 pcs) - Turijnmagazijn","robots":{"index":"index","follow":"follow","max-snippet":"max-snippet:-1","max-image-preview":"max-image-preview:large","max-video-preview":"max-video-preview:-1"},"canonical":"https:\/\/turijnmagazijn.nl\/fr\/produit\/cache-moyeu-affleurant-logo-noir-lancia-delta-integrale-set-4-pcs-kopie\/","og_locale":"fr_FR","og_type":"article","og_title":"Cache moyeu restaur\u00e9 logo bleu Lancia Delta Integrale (set 4 pcs) - Turijnmagazijn","og_description":"Jeu de 4 centres de roues remis \u00e0 neuf pour Lancia Delta Integrale. Cette taille d\u2019enjoliveur est \u00e9galement utilis\u00e9e sur certaines des jantes fournies sur les Kappa, Delta II, Thema et Ypsilon. Excellente alternative \u00e0 l'original par Lancia sous les num\u00e9ros 82355891 46424280 et 46784941 .","og_url":"https:\/\/turijnmagazijn.nl\/fr\/produit\/cache-moyeu-affleurant-logo-noir-lancia-delta-integrale-set-4-pcs-kopie\/","og_site_name":"Turijnmagazijn","article_publisher":"https:\/\/www.facebook.com\/turijnmagazijn","article_modified_time":"2025-04-16T12:15:24+00:00","og_image":[{"width":1440,"height":1080,"url":"https:\/\/turijnmagazijn.nl\/wp-content\/uploads\/2024\/10\/DK0102727-Naafdeksel-gerestaureerd-blauw-logo-Lancia-Delta-Integrale-set-4-st.-82355891-3.jpg","type":"image\/jpeg"}],"twitter_card":"summary_large_image","twitter_misc":{"Dur\u00e9e de lecture estim\u00e9e":"1 minute"},"schema":{"@context":"https:\/\/schema.org","@graph":[{"@type":"WebPage","@id":"https:\/\/turijnmagazijn.nl\/fr\/produit\/cache-moyeu-affleurant-logo-noir-lancia-delta-integrale-set-4-pcs-kopie\/","url":"https:\/\/turijnmagazijn.nl\/fr\/produit\/cache-moyeu-affleurant-logo-noir-lancia-delta-integrale-set-4-pcs-kopie\/","name":"Cache moyeu restaur\u00e9 logo bleu Lancia Delta Integrale (set 4 pcs) - Turijnmagazijn","isPartOf":{"@id":"https:\/\/turijnmagazijn.jumpstone-dev.nl\/#website"},"primaryImageOfPage":{"@id":"https:\/\/turijnmagazijn.nl\/fr\/produit\/cache-moyeu-affleurant-logo-noir-lancia-delta-integrale-set-4-pcs-kopie\/#primaryimage"},"image":{"@id":"https:\/\/turijnmagazijn.nl\/fr\/produit\/cache-moyeu-affleurant-logo-noir-lancia-delta-integrale-set-4-pcs-kopie\/#primaryimage"},"thumbnailUrl":"https:\/\/turijnmagazijn.nl\/wp-content\/uploads\/2024\/10\/DK0102727-Naafdeksel-gerestaureerd-blauw-logo-Lancia-Delta-Integrale-set-4-st.-82355891-3.jpg","datePublished":"2024-10-13T09:49:17+00:00","dateModified":"2025-04-16T12:15:24+00:00","breadcrumb":{"@id":"https:\/\/turijnmagazijn.nl\/fr\/produit\/cache-moyeu-affleurant-logo-noir-lancia-delta-integrale-set-4-pcs-kopie\/#breadcrumb"},"inLanguage":"fr-FR","potentialAction":[{"@type":"ReadAction","target":["https:\/\/turijnmagazijn.nl\/fr\/produit\/cache-moyeu-affleurant-logo-noir-lancia-delta-integrale-set-4-pcs-kopie\/"]}]},{"@type":"ImageObject","inLanguage":"fr-FR","@id":"https:\/\/turijnmagazijn.nl\/fr\/produit\/cache-moyeu-affleurant-logo-noir-lancia-delta-integrale-set-4-pcs-kopie\/#primaryimage","url":"https:\/\/turijnmagazijn.nl\/wp-content\/uploads\/2024\/10\/DK0102727-Naafdeksel-gerestaureerd-blauw-logo-Lancia-Delta-Integrale-set-4-st.-82355891-3.jpg","contentUrl":"https:\/\/turijnmagazijn.nl\/wp-content\/uploads\/2024\/10\/DK0102727-Naafdeksel-gerestaureerd-blauw-logo-Lancia-Delta-Integrale-set-4-st.-82355891-3.jpg","width":1440,"height":1080},{"@type":"BreadcrumbList","@id":"https:\/\/turijnmagazijn.nl\/fr\/produit\/cache-moyeu-affleurant-logo-noir-lancia-delta-integrale-set-4-pcs-kopie\/#breadcrumb","itemListElement":[{"@type":"ListItem","position":1,"name":"Home","item":"https:\/\/turijnmagazijn.nl\/fr\/"},{"@type":"ListItem","position":2,"name":"Produits","item":"https:\/\/turijnmagazijn.nl\/fr\/shop\/"},{"@type":"ListItem","position":3,"name":"Cache moyeu restaur\u00e9 logo bleu Lancia Delta Integrale (set 4 pcs)"}]},{"@type":"WebSite","@id":"https:\/\/turijnmagazijn.jumpstone-dev.nl\/#website","url":"https:\/\/turijnmagazijn.jumpstone-dev.nl\/","name":"Turijnmagazijn","description":"Onderdelen nieuw en gebruikt - Fiat &amp; Lancia","publisher":{"@id":"https:\/\/turijnmagazijn.jumpstone-dev.nl\/#organization"},"potentialAction":[{"@type":"SearchAction","target":{"@type":"EntryPoint","urlTemplate":"https:\/\/turijnmagazijn.jumpstone-dev.nl\/?s={search_term_string}"},"query-input":{"@type":"PropertyValueSpecification","valueRequired":true,"valueName":"search_term_string"}}],"inLanguage":"fr-FR"},{"@type":"Organization","@id":"https:\/\/turijnmagazijn.jumpstone-dev.nl\/#organization","name":"Turijnmagazijn","url":"https:\/\/turijnmagazijn.jumpstone-dev.nl\/","logo":{"@type":"ImageObject","inLanguage":"fr-FR","@id":"https:\/\/turijnmagazijn.jumpstone-dev.nl\/#\/schema\/logo\/image\/","url":"https:\/\/turijnmagazijn.nl\/wp-content\/uploads\/2021\/02\/turijnmagazijnlogo.png","contentUrl":"https:\/\/turijnmagazijn.nl\/wp-content\/uploads\/2021\/02\/turijnmagazijnlogo.png","width":555,"height":270,"caption":"Turijnmagazijn"},"image":{"@id":"https:\/\/turijnmagazijn.jumpstone-dev.nl\/#\/schema\/logo\/image\/"},"sameAs":["https:\/\/www.facebook.com\/turijnmagazijn"]}]}},"_links":{"self":[{"href":"https:\/\/turijnmagazijn.nl\/fr\/wp-json\/wp\/v2\/product\/79548","targetHints":{"allow":["GET"]}}],"collection":[{"href":"https:\/\/turijnmagazijn.nl\/fr\/wp-json\/wp\/v2\/product"}],"about":[{"href":"https:\/\/turijnmagazijn.nl\/fr\/wp-json\/wp\/v2\/types\/product"}],"replies":[{"embeddable":true,"href":"https:\/\/turijnmagazijn.nl\/fr\/wp-json\/wp\/v2\/comments?post=79548"}],"wp:featuredmedia":[{"embeddable":true,"href":"https:\/\/turijnmagazijn.nl\/fr\/wp-json\/wp\/v2\/media\/79562"}],"wp:attachment":[{"href":"https:\/\/turijnmagazijn.nl\/fr\/wp-json\/wp\/v2\/media?parent=79548"}],"wp:term":[{"taxonomy":"product_brand","embeddable":true,"href":"https:\/\/turijnmagazijn.nl\/fr\/wp-json\/wp\/v2\/product_brand?post=79548"},{"taxonomy":"product_cat","embeddable":true,"href":"https:\/\/turijnmagazijn.nl\/fr\/wp-json\/wp\/v2\/product_cat?post=79548"},{"taxonomy":"product_tag","embeddable":true,"href":"https:\/\/turijnmagazijn.nl\/fr\/wp-json\/wp\/v2\/product_tag?post=79548"}],"curies":[{"name":"wp","href":"https:\/\/api.w.org\/{rel}","templated":true}]}}