{"id":81522,"date":"2024-11-03T20:32:13","date_gmt":"2024-11-03T19:32:13","guid":{"rendered":"https:\/\/turijnmagazijn.nl\/product\/oncompleet-motor-lancia-delta-integrale-moteur-de-recherche-2\/"},"modified":"2024-11-03T20:32:13","modified_gmt":"2024-11-03T19:32:13","slug":"oncompleet-motor-lancia-delta-integrale-moteur-de-recherche-2","status":"publish","type":"product","link":"https:\/\/turijnmagazijn.nl\/fr\/produit\/oncompleet-motor-lancia-delta-integrale-moteur-de-recherche-2\/","title":{"rendered":"ONCOMPLEET-MOTOR Lancia Delta Integrale MOTEUR DE RECHERCHE"},"content":{"rendered":"<p>Pi\u00e8ce num\u00e9ro 1 du dessin technique du dessin EPER num\u00e9ro 1000000002 concernant l&rsquo;application sur la Lancia Delta Integrale. Un exemplaire de cette pi\u00e8ce est n\u00e9cessaire par voiture. Ce produit est un EXEMPLE destin\u00e9 \u00e0 nous donner un \u00c9CHANTILLON. Si vous commandez ce produit, vous achetez une RECHERCHE pour ce produit. L&rsquo;ordre de recherche signifie que nous rechercherons ce produit sp\u00e9cifique pour vous. Si nous pouvons mettre le produit \u00e0 votre disposition, vous recevrez un devis par courrier \u00e9lectronique. Dans la mesure du possible, nous proposons \u00e0 la fois des produits d&rsquo;occasion, des produits neufs originaux et des produits neufs d&rsquo;imitation. Les frais de recherche vous sont toujours factur\u00e9s, m\u00eame si nous ne sommes pas en mesure de vous faire une offre appropri\u00e9e. Malheureusement, nous sommes inond\u00e9s de demandes de pi\u00e8ces qui ne sont pas achet\u00e9es. En g\u00e9n\u00e9ral, nous ne recevons pas de r\u00e9ponse de la part du demandeur. Pour \u00e9viter cela, nous avons mis en place cette petite barri\u00e8re. Tout passionn\u00e9 comprendra que la recherche de pi\u00e8ces sp\u00e9cifiques prend beaucoup de temps. Chaque recherche co\u00fbte 5 euros par pi\u00e8ce demand\u00e9e.<\/p>\n","protected":false},"excerpt":{"rendered":"<p>Recherche le num\u00e9ro OEM 5891329 ONCOMPLEET-MOTOR Lancia Delta Integrale Recherche ce produit Ce produit est en rupture de stock. Vous payez par l&rsquo;interm\u00e9diaire de ce produit pour nous demander de rechercher l&rsquo;article pour vous et de le rendre disponible pour un achat sans obligation. <\/p>\n","protected":false},"featured_media":73116,"comment_status":"open","ping_status":"closed","template":"","meta":{"_acf_changed":false},"product_brand":[],"product_cat":[1806,1830,1798],"product_tag":[],"class_list":{"0":"post-81522","1":"product","2":"type-product","3":"status-publish","4":"has-post-thumbnail","6":"product_cat-delta-1-831-fr","7":"product_cat-integrale-8v-fr","8":"product_cat-lancia-fr","9":"pa_soort-onderdeel-moteur-et-accessoires","11":"first","12":"instock","13":"virtual","14":"sold-individually","15":"taxable","16":"purchasable","17":"product-type-simple"},"acf":[],"yoast_head":"<!-- This site is optimized with the Yoast SEO plugin v27.2 - https:\/\/yoast.com\/product\/yoast-seo-wordpress\/ -->\n<title>ONCOMPLEET-MOTOR Lancia Delta Integrale MOTEUR DE RECHERCHE - Turijnmagazijn<\/title>\n<meta name=\"robots\" content=\"index, follow, max-snippet:-1, max-image-preview:large, max-video-preview:-1\" \/>\n<link rel=\"canonical\" href=\"https:\/\/turijnmagazijn.nl\/fr\/produit\/oncompleet-motor-lancia-delta-integrale-moteur-de-recherche-2\/\" \/>\n<meta property=\"og:locale\" content=\"fr_FR\" \/>\n<meta property=\"og:type\" content=\"article\" \/>\n<meta property=\"og:title\" content=\"ONCOMPLEET-MOTOR Lancia Delta Integrale MOTEUR DE RECHERCHE - Turijnmagazijn\" \/>\n<meta property=\"og:description\" content=\"Recherche le num\u00e9ro OEM 5891329 ONCOMPLEET-MOTOR Lancia Delta Integrale Recherche ce produit Ce produit est en rupture de stock. Vous payez par l&#039;interm\u00e9diaire de ce produit pour nous demander de rechercher l&#039;article pour vous et de le rendre disponible pour un achat sans obligation.\" \/>\n<meta property=\"og:url\" content=\"https:\/\/turijnmagazijn.nl\/fr\/produit\/oncompleet-motor-lancia-delta-integrale-moteur-de-recherche-2\/\" \/>\n<meta property=\"og:site_name\" content=\"Turijnmagazijn\" \/>\n<meta property=\"article:publisher\" content=\"https:\/\/www.facebook.com\/turijnmagazijn\" \/>\n<meta name=\"twitter:card\" content=\"summary_large_image\" \/>\n<meta name=\"twitter:label1\" content=\"Dur\u00e9e de lecture estim\u00e9e\" \/>\n\t<meta name=\"twitter:data1\" content=\"1 minute\" \/>\n<script type=\"application\/ld+json\" class=\"yoast-schema-graph\">{\"@context\":\"https:\/\/schema.org\",\"@graph\":[{\"@type\":\"WebPage\",\"@id\":\"https:\/\/turijnmagazijn.nl\/fr\/produit\/oncompleet-motor-lancia-delta-integrale-moteur-de-recherche-2\/\",\"url\":\"https:\/\/turijnmagazijn.nl\/fr\/produit\/oncompleet-motor-lancia-delta-integrale-moteur-de-recherche-2\/\",\"name\":\"ONCOMPLEET-MOTOR Lancia Delta Integrale MOTEUR DE RECHERCHE - Turijnmagazijn\",\"isPartOf\":{\"@id\":\"https:\/\/turijnmagazijn.jumpstone-dev.nl\/#website\"},\"primaryImageOfPage\":{\"@id\":\"https:\/\/turijnmagazijn.nl\/fr\/produit\/oncompleet-motor-lancia-delta-integrale-moteur-de-recherche-2\/#primaryimage\"},\"image\":{\"@id\":\"https:\/\/turijnmagazijn.nl\/fr\/produit\/oncompleet-motor-lancia-delta-integrale-moteur-de-recherche-2\/#primaryimage\"},\"thumbnailUrl\":\"https:\/\/turijnmagazijn.nl\/wp-content\/uploads\/2023\/09\/1000000002.png\",\"datePublished\":\"2024-11-03T19:32:13+00:00\",\"breadcrumb\":{\"@id\":\"https:\/\/turijnmagazijn.nl\/fr\/produit\/oncompleet-motor-lancia-delta-integrale-moteur-de-recherche-2\/#breadcrumb\"},\"inLanguage\":\"fr-FR\",\"potentialAction\":[{\"@type\":\"ReadAction\",\"target\":[\"https:\/\/turijnmagazijn.nl\/fr\/produit\/oncompleet-motor-lancia-delta-integrale-moteur-de-recherche-2\/\"]}]},{\"@type\":\"ImageObject\",\"inLanguage\":\"fr-FR\",\"@id\":\"https:\/\/turijnmagazijn.nl\/fr\/produit\/oncompleet-motor-lancia-delta-integrale-moteur-de-recherche-2\/#primaryimage\",\"url\":\"https:\/\/turijnmagazijn.nl\/wp-content\/uploads\/2023\/09\/1000000002.png\",\"contentUrl\":\"https:\/\/turijnmagazijn.nl\/wp-content\/uploads\/2023\/09\/1000000002.png\",\"width\":346,\"height\":350},{\"@type\":\"BreadcrumbList\",\"@id\":\"https:\/\/turijnmagazijn.nl\/fr\/produit\/oncompleet-motor-lancia-delta-integrale-moteur-de-recherche-2\/#breadcrumb\",\"itemListElement\":[{\"@type\":\"ListItem\",\"position\":1,\"name\":\"Home\",\"item\":\"https:\/\/turijnmagazijn.jumpstone-dev.nl\/\"},{\"@type\":\"ListItem\",\"position\":2,\"name\":\"Produits\",\"item\":\"https:\/\/turijnmagazijn.nl\/fr\/shop\/\"},{\"@type\":\"ListItem\",\"position\":3,\"name\":\"ONCOMPLEET-MOTOR Lancia Delta Integrale MOTEUR DE RECHERCHE\"}]},{\"@type\":\"WebSite\",\"@id\":\"https:\/\/turijnmagazijn.jumpstone-dev.nl\/#website\",\"url\":\"https:\/\/turijnmagazijn.jumpstone-dev.nl\/\",\"name\":\"Turijnmagazijn\",\"description\":\"Onderdelen nieuw en gebruikt - Fiat &amp; Lancia\",\"publisher\":{\"@id\":\"https:\/\/turijnmagazijn.jumpstone-dev.nl\/#organization\"},\"potentialAction\":[{\"@type\":\"SearchAction\",\"target\":{\"@type\":\"EntryPoint\",\"urlTemplate\":\"https:\/\/turijnmagazijn.jumpstone-dev.nl\/?s={search_term_string}\"},\"query-input\":{\"@type\":\"PropertyValueSpecification\",\"valueRequired\":true,\"valueName\":\"search_term_string\"}}],\"inLanguage\":\"fr-FR\"},{\"@type\":\"Organization\",\"@id\":\"https:\/\/turijnmagazijn.jumpstone-dev.nl\/#organization\",\"name\":\"Turijnmagazijn\",\"url\":\"https:\/\/turijnmagazijn.jumpstone-dev.nl\/\",\"logo\":{\"@type\":\"ImageObject\",\"inLanguage\":\"fr-FR\",\"@id\":\"https:\/\/turijnmagazijn.jumpstone-dev.nl\/#\/schema\/logo\/image\/\",\"url\":\"https:\/\/turijnmagazijn.nl\/wp-content\/uploads\/2021\/02\/turijnmagazijnlogo.png\",\"contentUrl\":\"https:\/\/turijnmagazijn.nl\/wp-content\/uploads\/2021\/02\/turijnmagazijnlogo.png\",\"width\":555,\"height\":270,\"caption\":\"Turijnmagazijn\"},\"image\":{\"@id\":\"https:\/\/turijnmagazijn.jumpstone-dev.nl\/#\/schema\/logo\/image\/\"},\"sameAs\":[\"https:\/\/www.facebook.com\/turijnmagazijn\"]}]}<\/script>\n<!-- \/ Yoast SEO plugin. -->","yoast_head_json":{"title":"ONCOMPLEET-MOTOR Lancia Delta Integrale MOTEUR DE RECHERCHE - Turijnmagazijn","robots":{"index":"index","follow":"follow","max-snippet":"max-snippet:-1","max-image-preview":"max-image-preview:large","max-video-preview":"max-video-preview:-1"},"canonical":"https:\/\/turijnmagazijn.nl\/fr\/produit\/oncompleet-motor-lancia-delta-integrale-moteur-de-recherche-2\/","og_locale":"fr_FR","og_type":"article","og_title":"ONCOMPLEET-MOTOR Lancia Delta Integrale MOTEUR DE RECHERCHE - Turijnmagazijn","og_description":"Recherche le num\u00e9ro OEM 5891329 ONCOMPLEET-MOTOR Lancia Delta Integrale Recherche ce produit Ce produit est en rupture de stock. Vous payez par l'interm\u00e9diaire de ce produit pour nous demander de rechercher l'article pour vous et de le rendre disponible pour un achat sans obligation.","og_url":"https:\/\/turijnmagazijn.nl\/fr\/produit\/oncompleet-motor-lancia-delta-integrale-moteur-de-recherche-2\/","og_site_name":"Turijnmagazijn","article_publisher":"https:\/\/www.facebook.com\/turijnmagazijn","twitter_card":"summary_large_image","twitter_misc":{"Dur\u00e9e de lecture estim\u00e9e":"1 minute"},"schema":{"@context":"https:\/\/schema.org","@graph":[{"@type":"WebPage","@id":"https:\/\/turijnmagazijn.nl\/fr\/produit\/oncompleet-motor-lancia-delta-integrale-moteur-de-recherche-2\/","url":"https:\/\/turijnmagazijn.nl\/fr\/produit\/oncompleet-motor-lancia-delta-integrale-moteur-de-recherche-2\/","name":"ONCOMPLEET-MOTOR Lancia Delta Integrale MOTEUR DE RECHERCHE - Turijnmagazijn","isPartOf":{"@id":"https:\/\/turijnmagazijn.jumpstone-dev.nl\/#website"},"primaryImageOfPage":{"@id":"https:\/\/turijnmagazijn.nl\/fr\/produit\/oncompleet-motor-lancia-delta-integrale-moteur-de-recherche-2\/#primaryimage"},"image":{"@id":"https:\/\/turijnmagazijn.nl\/fr\/produit\/oncompleet-motor-lancia-delta-integrale-moteur-de-recherche-2\/#primaryimage"},"thumbnailUrl":"https:\/\/turijnmagazijn.nl\/wp-content\/uploads\/2023\/09\/1000000002.png","datePublished":"2024-11-03T19:32:13+00:00","breadcrumb":{"@id":"https:\/\/turijnmagazijn.nl\/fr\/produit\/oncompleet-motor-lancia-delta-integrale-moteur-de-recherche-2\/#breadcrumb"},"inLanguage":"fr-FR","potentialAction":[{"@type":"ReadAction","target":["https:\/\/turijnmagazijn.nl\/fr\/produit\/oncompleet-motor-lancia-delta-integrale-moteur-de-recherche-2\/"]}]},{"@type":"ImageObject","inLanguage":"fr-FR","@id":"https:\/\/turijnmagazijn.nl\/fr\/produit\/oncompleet-motor-lancia-delta-integrale-moteur-de-recherche-2\/#primaryimage","url":"https:\/\/turijnmagazijn.nl\/wp-content\/uploads\/2023\/09\/1000000002.png","contentUrl":"https:\/\/turijnmagazijn.nl\/wp-content\/uploads\/2023\/09\/1000000002.png","width":346,"height":350},{"@type":"BreadcrumbList","@id":"https:\/\/turijnmagazijn.nl\/fr\/produit\/oncompleet-motor-lancia-delta-integrale-moteur-de-recherche-2\/#breadcrumb","itemListElement":[{"@type":"ListItem","position":1,"name":"Home","item":"https:\/\/turijnmagazijn.jumpstone-dev.nl\/"},{"@type":"ListItem","position":2,"name":"Produits","item":"https:\/\/turijnmagazijn.nl\/fr\/shop\/"},{"@type":"ListItem","position":3,"name":"ONCOMPLEET-MOTOR Lancia Delta Integrale MOTEUR DE RECHERCHE"}]},{"@type":"WebSite","@id":"https:\/\/turijnmagazijn.jumpstone-dev.nl\/#website","url":"https:\/\/turijnmagazijn.jumpstone-dev.nl\/","name":"Turijnmagazijn","description":"Onderdelen nieuw en gebruikt - Fiat &amp; Lancia","publisher":{"@id":"https:\/\/turijnmagazijn.jumpstone-dev.nl\/#organization"},"potentialAction":[{"@type":"SearchAction","target":{"@type":"EntryPoint","urlTemplate":"https:\/\/turijnmagazijn.jumpstone-dev.nl\/?s={search_term_string}"},"query-input":{"@type":"PropertyValueSpecification","valueRequired":true,"valueName":"search_term_string"}}],"inLanguage":"fr-FR"},{"@type":"Organization","@id":"https:\/\/turijnmagazijn.jumpstone-dev.nl\/#organization","name":"Turijnmagazijn","url":"https:\/\/turijnmagazijn.jumpstone-dev.nl\/","logo":{"@type":"ImageObject","inLanguage":"fr-FR","@id":"https:\/\/turijnmagazijn.jumpstone-dev.nl\/#\/schema\/logo\/image\/","url":"https:\/\/turijnmagazijn.nl\/wp-content\/uploads\/2021\/02\/turijnmagazijnlogo.png","contentUrl":"https:\/\/turijnmagazijn.nl\/wp-content\/uploads\/2021\/02\/turijnmagazijnlogo.png","width":555,"height":270,"caption":"Turijnmagazijn"},"image":{"@id":"https:\/\/turijnmagazijn.jumpstone-dev.nl\/#\/schema\/logo\/image\/"},"sameAs":["https:\/\/www.facebook.com\/turijnmagazijn"]}]}},"_links":{"self":[{"href":"https:\/\/turijnmagazijn.nl\/fr\/wp-json\/wp\/v2\/product\/81522","targetHints":{"allow":["GET"]}}],"collection":[{"href":"https:\/\/turijnmagazijn.nl\/fr\/wp-json\/wp\/v2\/product"}],"about":[{"href":"https:\/\/turijnmagazijn.nl\/fr\/wp-json\/wp\/v2\/types\/product"}],"replies":[{"embeddable":true,"href":"https:\/\/turijnmagazijn.nl\/fr\/wp-json\/wp\/v2\/comments?post=81522"}],"wp:featuredmedia":[{"embeddable":true,"href":"https:\/\/turijnmagazijn.nl\/fr\/wp-json\/wp\/v2\/media\/73116"}],"wp:attachment":[{"href":"https:\/\/turijnmagazijn.nl\/fr\/wp-json\/wp\/v2\/media?parent=81522"}],"wp:term":[{"taxonomy":"product_brand","embeddable":true,"href":"https:\/\/turijnmagazijn.nl\/fr\/wp-json\/wp\/v2\/product_brand?post=81522"},{"taxonomy":"product_cat","embeddable":true,"href":"https:\/\/turijnmagazijn.nl\/fr\/wp-json\/wp\/v2\/product_cat?post=81522"},{"taxonomy":"product_tag","embeddable":true,"href":"https:\/\/turijnmagazijn.nl\/fr\/wp-json\/wp\/v2\/product_tag?post=81522"}],"curies":[{"name":"wp","href":"https:\/\/api.w.org\/{rel}","templated":true}]}}