{"id":85118,"date":"2024-11-05T18:50:04","date_gmt":"2024-11-05T17:50:04","guid":{"rendered":"https:\/\/turijnmagazijn.nl\/?post_type=product&#038;p=85118"},"modified":"2025-04-16T14:55:47","modified_gmt":"2025-04-16T12:55:47","slug":"climatisation-dordinateur-de-bord-lancia-kappa-tested-kopie-kopie","status":"publish","type":"product","link":"https:\/\/turijnmagazijn.nl\/fr\/produit\/climatisation-dordinateur-de-bord-lancia-kappa-tested-kopie-kopie\/","title":{"rendered":"Climatisation ordinateur de bord Lancia Kappa -DOMMAGE-"},"content":{"rendered":"<p>Panneau de contr\u00f4le usag\u00e9 et tr\u00e8s endommag\u00e9 pour montage dans le tableau de bord d&rsquo;une Lancia kappa. appliqu\u00e9 dans tous les mod\u00e8les donc SW, berline et coup\u00e9. Le fonctionnement de l&rsquo;\u00e9cran et de toutes les ic\u00f4nes lumineuses est inconnu. L\u2019unit\u00e9 comprend les interrupteurs pour le chauffage et la climatisation et les autres fonctions de l\u2019ordinateur de bord.<\/p>\n<p>D\u2019un coup\u00e9 Lancia Kappa de 1998.<\/p>\n<p>L&rsquo;appareil est en tr\u00e8s mauvais \u00e9tat, tous les boutons sont \u00e9br\u00e9ch\u00e9s et d\u00e9grad\u00e9s et l&rsquo;appareil est ray\u00e9 et endommag\u00e9 sur tout son pourtour.<\/p>\n<p>Les 6 points de suspension de l\u2019unit\u00e9 pour le montage sur le tableau de bord sont toujours pr\u00e9sents, ce qui est extraordinaire, g\u00e9n\u00e9ralement un certain nombre sont manquants.<\/p>\n<p>Inscriptions sur l\u2019autocollant :<\/p>\n<p>4700014530<\/p>\n<p>S\u00c9CURIT\u00c9<\/p>\n<p>095<\/p>\n<p>22470-02<\/p>\n<p>82485116<\/p>\n<p>CLIMATIZZATO<\/p>\n<p>Num\u00e9ro OEM Lancia 46515650<\/p>\n<p>Panneau de commande Chauffage pour Lancia Kappa<\/p>\n","protected":false},"excerpt":{"rendered":"<p>46515650 Tr\u00e8s endommag\u00e9 Boordcomputer airco Lancia Kappa &#8211; Used Check control panel for mounting in dashboard of a Lancia kappa.<\/p>\n","protected":false},"featured_media":85178,"comment_status":"closed","ping_status":"closed","template":"","meta":{"_acf_changed":false},"product_brand":[],"product_cat":[1862,1865,1860,1798,1870],"product_tag":[],"class_list":{"0":"post-85118","1":"product","2":"type-product","3":"status-publish","4":"has-post-thumbnail","6":"product_cat-berlina-fr","7":"product_cat-coupe-fr","8":"product_cat-kappa-838-fr","9":"product_cat-lancia-fr","10":"product_cat-sw-fr","11":"pa_soort-onderdeel-tableau-de-bord-et-commutateurs","13":"first","14":"instock","15":"shipping-taxable","16":"purchasable","17":"product-type-simple"},"acf":[],"yoast_head":"<!-- This site is optimized with the Yoast SEO plugin v27.2 - https:\/\/yoast.com\/product\/yoast-seo-wordpress\/ -->\n<title>Climatisation ordinateur de bord Lancia Kappa -DOMMAGE- Turijnmagazijn<\/title>\n<meta name=\"robots\" content=\"index, follow, max-snippet:-1, max-image-preview:large, max-video-preview:-1\" \/>\n<link rel=\"canonical\" href=\"https:\/\/turijnmagazijn.nl\/fr\/produit\/climatisation-dordinateur-de-bord-lancia-kappa-tested-kopie-kopie\/\" \/>\n<meta property=\"og:locale\" content=\"fr_FR\" \/>\n<meta property=\"og:type\" content=\"article\" \/>\n<meta property=\"og:title\" content=\"Climatisation ordinateur de bord Lancia Kappa -DOMMAGE- Turijnmagazijn\" \/>\n<meta property=\"og:description\" content=\"46515650 Tr\u00e8s endommag\u00e9 Boordcomputer airco Lancia Kappa - Used Check control panel for mounting in dashboard of a Lancia kappa.\" \/>\n<meta property=\"og:url\" content=\"https:\/\/turijnmagazijn.nl\/fr\/produit\/climatisation-dordinateur-de-bord-lancia-kappa-tested-kopie-kopie\/\" \/>\n<meta property=\"og:site_name\" content=\"Turijnmagazijn\" \/>\n<meta property=\"article:publisher\" content=\"https:\/\/www.facebook.com\/turijnmagazijn\" \/>\n<meta property=\"article:modified_time\" content=\"2025-04-16T12:55:47+00:00\" \/>\n<meta property=\"og:image\" content=\"https:\/\/turijnmagazijn.nl\/wp-content\/uploads\/2024\/11\/DK0102735-Boordcomputer-airco-Lancia-Kappa-BESCHADIGD-46515650-3.jpg\" \/>\n\t<meta property=\"og:image:width\" content=\"1440\" \/>\n\t<meta property=\"og:image:height\" content=\"1080\" \/>\n\t<meta property=\"og:image:type\" content=\"image\/jpeg\" \/>\n<meta name=\"twitter:card\" content=\"summary_large_image\" \/>\n<meta name=\"twitter:label1\" content=\"Dur\u00e9e de lecture estim\u00e9e\" \/>\n\t<meta name=\"twitter:data1\" content=\"1 minute\" \/>\n<script type=\"application\/ld+json\" class=\"yoast-schema-graph\">{\"@context\":\"https:\/\/schema.org\",\"@graph\":[{\"@type\":\"WebPage\",\"@id\":\"https:\/\/turijnmagazijn.nl\/fr\/produit\/climatisation-dordinateur-de-bord-lancia-kappa-tested-kopie-kopie\/\",\"url\":\"https:\/\/turijnmagazijn.nl\/fr\/produit\/climatisation-dordinateur-de-bord-lancia-kappa-tested-kopie-kopie\/\",\"name\":\"Climatisation ordinateur de bord Lancia Kappa -DOMMAGE- Turijnmagazijn\",\"isPartOf\":{\"@id\":\"https:\/\/turijnmagazijn.jumpstone-dev.nl\/#website\"},\"primaryImageOfPage\":{\"@id\":\"https:\/\/turijnmagazijn.nl\/fr\/produit\/climatisation-dordinateur-de-bord-lancia-kappa-tested-kopie-kopie\/#primaryimage\"},\"image\":{\"@id\":\"https:\/\/turijnmagazijn.nl\/fr\/produit\/climatisation-dordinateur-de-bord-lancia-kappa-tested-kopie-kopie\/#primaryimage\"},\"thumbnailUrl\":\"https:\/\/turijnmagazijn.nl\/wp-content\/uploads\/2024\/11\/DK0102735-Boordcomputer-airco-Lancia-Kappa-BESCHADIGD-46515650-3.jpg\",\"datePublished\":\"2024-11-05T17:50:04+00:00\",\"dateModified\":\"2025-04-16T12:55:47+00:00\",\"breadcrumb\":{\"@id\":\"https:\/\/turijnmagazijn.nl\/fr\/produit\/climatisation-dordinateur-de-bord-lancia-kappa-tested-kopie-kopie\/#breadcrumb\"},\"inLanguage\":\"fr-FR\",\"potentialAction\":[{\"@type\":\"ReadAction\",\"target\":[\"https:\/\/turijnmagazijn.nl\/fr\/produit\/climatisation-dordinateur-de-bord-lancia-kappa-tested-kopie-kopie\/\"]}]},{\"@type\":\"ImageObject\",\"inLanguage\":\"fr-FR\",\"@id\":\"https:\/\/turijnmagazijn.nl\/fr\/produit\/climatisation-dordinateur-de-bord-lancia-kappa-tested-kopie-kopie\/#primaryimage\",\"url\":\"https:\/\/turijnmagazijn.nl\/wp-content\/uploads\/2024\/11\/DK0102735-Boordcomputer-airco-Lancia-Kappa-BESCHADIGD-46515650-3.jpg\",\"contentUrl\":\"https:\/\/turijnmagazijn.nl\/wp-content\/uploads\/2024\/11\/DK0102735-Boordcomputer-airco-Lancia-Kappa-BESCHADIGD-46515650-3.jpg\",\"width\":1440,\"height\":1080},{\"@type\":\"BreadcrumbList\",\"@id\":\"https:\/\/turijnmagazijn.nl\/fr\/produit\/climatisation-dordinateur-de-bord-lancia-kappa-tested-kopie-kopie\/#breadcrumb\",\"itemListElement\":[{\"@type\":\"ListItem\",\"position\":1,\"name\":\"Home\",\"item\":\"https:\/\/turijnmagazijn.nl\/fr\/\"},{\"@type\":\"ListItem\",\"position\":2,\"name\":\"Produits\",\"item\":\"https:\/\/turijnmagazijn.nl\/fr\/shop\/\"},{\"@type\":\"ListItem\",\"position\":3,\"name\":\"Climatisation ordinateur de bord Lancia Kappa -DOMMAGE-\"}]},{\"@type\":\"WebSite\",\"@id\":\"https:\/\/turijnmagazijn.jumpstone-dev.nl\/#website\",\"url\":\"https:\/\/turijnmagazijn.jumpstone-dev.nl\/\",\"name\":\"Turijnmagazijn\",\"description\":\"Onderdelen nieuw en gebruikt - Fiat &amp; Lancia\",\"publisher\":{\"@id\":\"https:\/\/turijnmagazijn.jumpstone-dev.nl\/#organization\"},\"potentialAction\":[{\"@type\":\"SearchAction\",\"target\":{\"@type\":\"EntryPoint\",\"urlTemplate\":\"https:\/\/turijnmagazijn.jumpstone-dev.nl\/?s={search_term_string}\"},\"query-input\":{\"@type\":\"PropertyValueSpecification\",\"valueRequired\":true,\"valueName\":\"search_term_string\"}}],\"inLanguage\":\"fr-FR\"},{\"@type\":\"Organization\",\"@id\":\"https:\/\/turijnmagazijn.jumpstone-dev.nl\/#organization\",\"name\":\"Turijnmagazijn\",\"url\":\"https:\/\/turijnmagazijn.jumpstone-dev.nl\/\",\"logo\":{\"@type\":\"ImageObject\",\"inLanguage\":\"fr-FR\",\"@id\":\"https:\/\/turijnmagazijn.jumpstone-dev.nl\/#\/schema\/logo\/image\/\",\"url\":\"https:\/\/turijnmagazijn.nl\/wp-content\/uploads\/2021\/02\/turijnmagazijnlogo.png\",\"contentUrl\":\"https:\/\/turijnmagazijn.nl\/wp-content\/uploads\/2021\/02\/turijnmagazijnlogo.png\",\"width\":555,\"height\":270,\"caption\":\"Turijnmagazijn\"},\"image\":{\"@id\":\"https:\/\/turijnmagazijn.jumpstone-dev.nl\/#\/schema\/logo\/image\/\"},\"sameAs\":[\"https:\/\/www.facebook.com\/turijnmagazijn\"]}]}<\/script>\n<!-- \/ Yoast SEO plugin. -->","yoast_head_json":{"title":"Climatisation ordinateur de bord Lancia Kappa -DOMMAGE- Turijnmagazijn","robots":{"index":"index","follow":"follow","max-snippet":"max-snippet:-1","max-image-preview":"max-image-preview:large","max-video-preview":"max-video-preview:-1"},"canonical":"https:\/\/turijnmagazijn.nl\/fr\/produit\/climatisation-dordinateur-de-bord-lancia-kappa-tested-kopie-kopie\/","og_locale":"fr_FR","og_type":"article","og_title":"Climatisation ordinateur de bord Lancia Kappa -DOMMAGE- Turijnmagazijn","og_description":"46515650 Tr\u00e8s endommag\u00e9 Boordcomputer airco Lancia Kappa - Used Check control panel for mounting in dashboard of a Lancia kappa.","og_url":"https:\/\/turijnmagazijn.nl\/fr\/produit\/climatisation-dordinateur-de-bord-lancia-kappa-tested-kopie-kopie\/","og_site_name":"Turijnmagazijn","article_publisher":"https:\/\/www.facebook.com\/turijnmagazijn","article_modified_time":"2025-04-16T12:55:47+00:00","og_image":[{"width":1440,"height":1080,"url":"https:\/\/turijnmagazijn.nl\/wp-content\/uploads\/2024\/11\/DK0102735-Boordcomputer-airco-Lancia-Kappa-BESCHADIGD-46515650-3.jpg","type":"image\/jpeg"}],"twitter_card":"summary_large_image","twitter_misc":{"Dur\u00e9e de lecture estim\u00e9e":"1 minute"},"schema":{"@context":"https:\/\/schema.org","@graph":[{"@type":"WebPage","@id":"https:\/\/turijnmagazijn.nl\/fr\/produit\/climatisation-dordinateur-de-bord-lancia-kappa-tested-kopie-kopie\/","url":"https:\/\/turijnmagazijn.nl\/fr\/produit\/climatisation-dordinateur-de-bord-lancia-kappa-tested-kopie-kopie\/","name":"Climatisation ordinateur de bord Lancia Kappa -DOMMAGE- Turijnmagazijn","isPartOf":{"@id":"https:\/\/turijnmagazijn.jumpstone-dev.nl\/#website"},"primaryImageOfPage":{"@id":"https:\/\/turijnmagazijn.nl\/fr\/produit\/climatisation-dordinateur-de-bord-lancia-kappa-tested-kopie-kopie\/#primaryimage"},"image":{"@id":"https:\/\/turijnmagazijn.nl\/fr\/produit\/climatisation-dordinateur-de-bord-lancia-kappa-tested-kopie-kopie\/#primaryimage"},"thumbnailUrl":"https:\/\/turijnmagazijn.nl\/wp-content\/uploads\/2024\/11\/DK0102735-Boordcomputer-airco-Lancia-Kappa-BESCHADIGD-46515650-3.jpg","datePublished":"2024-11-05T17:50:04+00:00","dateModified":"2025-04-16T12:55:47+00:00","breadcrumb":{"@id":"https:\/\/turijnmagazijn.nl\/fr\/produit\/climatisation-dordinateur-de-bord-lancia-kappa-tested-kopie-kopie\/#breadcrumb"},"inLanguage":"fr-FR","potentialAction":[{"@type":"ReadAction","target":["https:\/\/turijnmagazijn.nl\/fr\/produit\/climatisation-dordinateur-de-bord-lancia-kappa-tested-kopie-kopie\/"]}]},{"@type":"ImageObject","inLanguage":"fr-FR","@id":"https:\/\/turijnmagazijn.nl\/fr\/produit\/climatisation-dordinateur-de-bord-lancia-kappa-tested-kopie-kopie\/#primaryimage","url":"https:\/\/turijnmagazijn.nl\/wp-content\/uploads\/2024\/11\/DK0102735-Boordcomputer-airco-Lancia-Kappa-BESCHADIGD-46515650-3.jpg","contentUrl":"https:\/\/turijnmagazijn.nl\/wp-content\/uploads\/2024\/11\/DK0102735-Boordcomputer-airco-Lancia-Kappa-BESCHADIGD-46515650-3.jpg","width":1440,"height":1080},{"@type":"BreadcrumbList","@id":"https:\/\/turijnmagazijn.nl\/fr\/produit\/climatisation-dordinateur-de-bord-lancia-kappa-tested-kopie-kopie\/#breadcrumb","itemListElement":[{"@type":"ListItem","position":1,"name":"Home","item":"https:\/\/turijnmagazijn.nl\/fr\/"},{"@type":"ListItem","position":2,"name":"Produits","item":"https:\/\/turijnmagazijn.nl\/fr\/shop\/"},{"@type":"ListItem","position":3,"name":"Climatisation ordinateur de bord Lancia Kappa -DOMMAGE-"}]},{"@type":"WebSite","@id":"https:\/\/turijnmagazijn.jumpstone-dev.nl\/#website","url":"https:\/\/turijnmagazijn.jumpstone-dev.nl\/","name":"Turijnmagazijn","description":"Onderdelen nieuw en gebruikt - Fiat &amp; Lancia","publisher":{"@id":"https:\/\/turijnmagazijn.jumpstone-dev.nl\/#organization"},"potentialAction":[{"@type":"SearchAction","target":{"@type":"EntryPoint","urlTemplate":"https:\/\/turijnmagazijn.jumpstone-dev.nl\/?s={search_term_string}"},"query-input":{"@type":"PropertyValueSpecification","valueRequired":true,"valueName":"search_term_string"}}],"inLanguage":"fr-FR"},{"@type":"Organization","@id":"https:\/\/turijnmagazijn.jumpstone-dev.nl\/#organization","name":"Turijnmagazijn","url":"https:\/\/turijnmagazijn.jumpstone-dev.nl\/","logo":{"@type":"ImageObject","inLanguage":"fr-FR","@id":"https:\/\/turijnmagazijn.jumpstone-dev.nl\/#\/schema\/logo\/image\/","url":"https:\/\/turijnmagazijn.nl\/wp-content\/uploads\/2021\/02\/turijnmagazijnlogo.png","contentUrl":"https:\/\/turijnmagazijn.nl\/wp-content\/uploads\/2021\/02\/turijnmagazijnlogo.png","width":555,"height":270,"caption":"Turijnmagazijn"},"image":{"@id":"https:\/\/turijnmagazijn.jumpstone-dev.nl\/#\/schema\/logo\/image\/"},"sameAs":["https:\/\/www.facebook.com\/turijnmagazijn"]}]}},"_links":{"self":[{"href":"https:\/\/turijnmagazijn.nl\/fr\/wp-json\/wp\/v2\/product\/85118","targetHints":{"allow":["GET"]}}],"collection":[{"href":"https:\/\/turijnmagazijn.nl\/fr\/wp-json\/wp\/v2\/product"}],"about":[{"href":"https:\/\/turijnmagazijn.nl\/fr\/wp-json\/wp\/v2\/types\/product"}],"replies":[{"embeddable":true,"href":"https:\/\/turijnmagazijn.nl\/fr\/wp-json\/wp\/v2\/comments?post=85118"}],"wp:featuredmedia":[{"embeddable":true,"href":"https:\/\/turijnmagazijn.nl\/fr\/wp-json\/wp\/v2\/media\/85178"}],"wp:attachment":[{"href":"https:\/\/turijnmagazijn.nl\/fr\/wp-json\/wp\/v2\/media?parent=85118"}],"wp:term":[{"taxonomy":"product_brand","embeddable":true,"href":"https:\/\/turijnmagazijn.nl\/fr\/wp-json\/wp\/v2\/product_brand?post=85118"},{"taxonomy":"product_cat","embeddable":true,"href":"https:\/\/turijnmagazijn.nl\/fr\/wp-json\/wp\/v2\/product_cat?post=85118"},{"taxonomy":"product_tag","embeddable":true,"href":"https:\/\/turijnmagazijn.nl\/fr\/wp-json\/wp\/v2\/product_tag?post=85118"}],"curies":[{"name":"wp","href":"https:\/\/api.w.org\/{rel}","templated":true}]}}