{"id":85652,"date":"2024-11-15T20:13:52","date_gmt":"2024-11-15T19:13:52","guid":{"rendered":"https:\/\/turijnmagazijn.nl\/?post_type=product&#038;p=85652"},"modified":"2025-04-16T13:19:30","modified_gmt":"2025-04-16T11:19:30","slug":"dk010-dummy-punto-1-kopie-3","status":"publish","type":"product","link":"https:\/\/turijnmagazijn.nl\/fr\/produit\/dk010-dummy-punto-1-kopie-3\/","title":{"rendered":"Relais Verrouillage central des portes Fiat Cinquecento Alfa 145 33"},"content":{"rendered":"<p>Relais utilis\u00e9 pour contr\u00f4ler le verrouillage central des portes.<\/p>\n<p>Ce relais est de couleur noire ou grise et est \u00e9quip\u00e9 d&rsquo;un connecteur \u00e0 6 broches.<\/p>\n<p>Applicable \u00e0 Fiat Cinquecento<\/p>\n<p>Fiat Uno 1995-2010<\/p>\n<p>Alfa Romeo 145<\/p>\n<p>Alfa Romeo 33<\/p>\n<p>OEM FIat 60618987<\/p>\n","protected":false},"excerpt":{"rendered":"<p>60618987 Relais utilis\u00e9 pour la commande du verrouillage central des portes. Corps \u00e0 6 p\u00f4les, noir ou gris. Fiat Cinquecento Alfa 145 33  <\/p>\n","protected":false},"featured_media":86783,"comment_status":"closed","ping_status":"closed","template":"","meta":{"_acf_changed":false},"product_brand":[],"product_cat":[1597,1588,1582,1713,1690,1786],"product_tag":[],"class_list":{"0":"post-85652","1":"product","2":"type-product","3":"status-publish","4":"has-post-thumbnail","6":"product_cat-145-930a-fr","7":"product_cat-33-905-fr","8":"product_cat-alfa-romeo-fr","9":"product_cat-cinquecento-170-fr","10":"product_cat-fiat-fr","11":"product_cat-uno-1-146-fr","12":"pa_soort-onderdeel-electronique-et-cables","14":"first","15":"instock","16":"shipping-taxable","17":"purchasable","18":"product-type-simple"},"acf":[],"yoast_head":"<!-- This site is optimized with the Yoast SEO plugin v27.3 - https:\/\/yoast.com\/product\/yoast-seo-wordpress\/ -->\n<title>Relais Verrouillage central des portes Fiat Cinquecento Alfa 145 33 - Turijnmagazijn<\/title>\n<meta name=\"robots\" content=\"index, follow, max-snippet:-1, max-image-preview:large, max-video-preview:-1\" \/>\n<link rel=\"canonical\" href=\"https:\/\/turijnmagazijn.nl\/fr\/produit\/dk010-dummy-punto-1-kopie-3\/\" \/>\n<meta property=\"og:locale\" content=\"fr_FR\" \/>\n<meta property=\"og:type\" content=\"article\" \/>\n<meta property=\"og:title\" content=\"Relais Verrouillage central des portes Fiat Cinquecento Alfa 145 33 - Turijnmagazijn\" \/>\n<meta property=\"og:description\" content=\"60618987 Relais utilis\u00e9 pour la commande du verrouillage central des portes. Corps \u00e0 6 p\u00f4les, noir ou gris. Fiat Cinquecento Alfa 145 33\" \/>\n<meta property=\"og:url\" content=\"https:\/\/turijnmagazijn.nl\/fr\/produit\/dk010-dummy-punto-1-kopie-3\/\" \/>\n<meta property=\"og:site_name\" content=\"Turijnmagazijn\" \/>\n<meta property=\"article:publisher\" content=\"https:\/\/www.facebook.com\/turijnmagazijn\" \/>\n<meta property=\"article:modified_time\" content=\"2025-04-16T11:19:30+00:00\" \/>\n<meta property=\"og:image\" content=\"https:\/\/turijnmagazijn.nl\/wp-content\/uploads\/2024\/11\/DK0102684-Relais-Centrale-deurvergrendeling-Fiat-Cinquecento-Alfa-145-33-60618987-3.jpg\" \/>\n\t<meta property=\"og:image:width\" content=\"1440\" \/>\n\t<meta property=\"og:image:height\" content=\"1080\" \/>\n\t<meta property=\"og:image:type\" content=\"image\/jpeg\" \/>\n<meta name=\"twitter:card\" content=\"summary_large_image\" \/>\n<script type=\"application\/ld+json\" class=\"yoast-schema-graph\">{\"@context\":\"https:\\\/\\\/schema.org\",\"@graph\":[{\"@type\":\"WebPage\",\"@id\":\"https:\\\/\\\/turijnmagazijn.nl\\\/fr\\\/produit\\\/dk010-dummy-punto-1-kopie-3\\\/\",\"url\":\"https:\\\/\\\/turijnmagazijn.nl\\\/fr\\\/produit\\\/dk010-dummy-punto-1-kopie-3\\\/\",\"name\":\"Relais Verrouillage central des portes Fiat Cinquecento Alfa 145 33 - Turijnmagazijn\",\"isPartOf\":{\"@id\":\"https:\\\/\\\/turijnmagazijn.jumpstone-dev.nl\\\/#website\"},\"primaryImageOfPage\":{\"@id\":\"https:\\\/\\\/turijnmagazijn.nl\\\/fr\\\/produit\\\/dk010-dummy-punto-1-kopie-3\\\/#primaryimage\"},\"image\":{\"@id\":\"https:\\\/\\\/turijnmagazijn.nl\\\/fr\\\/produit\\\/dk010-dummy-punto-1-kopie-3\\\/#primaryimage\"},\"thumbnailUrl\":\"https:\\\/\\\/turijnmagazijn.nl\\\/wp-content\\\/uploads\\\/2024\\\/11\\\/DK0102684-Relais-Centrale-deurvergrendeling-Fiat-Cinquecento-Alfa-145-33-60618987-3.jpg\",\"datePublished\":\"2024-11-15T19:13:52+00:00\",\"dateModified\":\"2025-04-16T11:19:30+00:00\",\"breadcrumb\":{\"@id\":\"https:\\\/\\\/turijnmagazijn.nl\\\/fr\\\/produit\\\/dk010-dummy-punto-1-kopie-3\\\/#breadcrumb\"},\"inLanguage\":\"fr-FR\",\"potentialAction\":[{\"@type\":\"ReadAction\",\"target\":[\"https:\\\/\\\/turijnmagazijn.nl\\\/fr\\\/produit\\\/dk010-dummy-punto-1-kopie-3\\\/\"]}]},{\"@type\":\"ImageObject\",\"inLanguage\":\"fr-FR\",\"@id\":\"https:\\\/\\\/turijnmagazijn.nl\\\/fr\\\/produit\\\/dk010-dummy-punto-1-kopie-3\\\/#primaryimage\",\"url\":\"https:\\\/\\\/turijnmagazijn.nl\\\/wp-content\\\/uploads\\\/2024\\\/11\\\/DK0102684-Relais-Centrale-deurvergrendeling-Fiat-Cinquecento-Alfa-145-33-60618987-3.jpg\",\"contentUrl\":\"https:\\\/\\\/turijnmagazijn.nl\\\/wp-content\\\/uploads\\\/2024\\\/11\\\/DK0102684-Relais-Centrale-deurvergrendeling-Fiat-Cinquecento-Alfa-145-33-60618987-3.jpg\",\"width\":1440,\"height\":1080},{\"@type\":\"BreadcrumbList\",\"@id\":\"https:\\\/\\\/turijnmagazijn.nl\\\/fr\\\/produit\\\/dk010-dummy-punto-1-kopie-3\\\/#breadcrumb\",\"itemListElement\":[{\"@type\":\"ListItem\",\"position\":1,\"name\":\"Home\",\"item\":\"https:\\\/\\\/turijnmagazijn.nl\\\/fr\\\/\"},{\"@type\":\"ListItem\",\"position\":2,\"name\":\"Produits\",\"item\":\"https:\\\/\\\/turijnmagazijn.nl\\\/fr\\\/shop\\\/\"},{\"@type\":\"ListItem\",\"position\":3,\"name\":\"Relais Verrouillage central des portes Fiat Cinquecento Alfa 145 33\"}]},{\"@type\":\"WebSite\",\"@id\":\"https:\\\/\\\/turijnmagazijn.jumpstone-dev.nl\\\/#website\",\"url\":\"https:\\\/\\\/turijnmagazijn.jumpstone-dev.nl\\\/\",\"name\":\"Turijnmagazijn\",\"description\":\"Onderdelen nieuw en gebruikt - Fiat &amp; Lancia\",\"publisher\":{\"@id\":\"https:\\\/\\\/turijnmagazijn.jumpstone-dev.nl\\\/#organization\"},\"potentialAction\":[{\"@type\":\"SearchAction\",\"target\":{\"@type\":\"EntryPoint\",\"urlTemplate\":\"https:\\\/\\\/turijnmagazijn.jumpstone-dev.nl\\\/?s={search_term_string}\"},\"query-input\":{\"@type\":\"PropertyValueSpecification\",\"valueRequired\":true,\"valueName\":\"search_term_string\"}}],\"inLanguage\":\"fr-FR\"},{\"@type\":\"Organization\",\"@id\":\"https:\\\/\\\/turijnmagazijn.jumpstone-dev.nl\\\/#organization\",\"name\":\"Turijnmagazijn\",\"url\":\"https:\\\/\\\/turijnmagazijn.jumpstone-dev.nl\\\/\",\"logo\":{\"@type\":\"ImageObject\",\"inLanguage\":\"fr-FR\",\"@id\":\"https:\\\/\\\/turijnmagazijn.jumpstone-dev.nl\\\/#\\\/schema\\\/logo\\\/image\\\/\",\"url\":\"https:\\\/\\\/turijnmagazijn.nl\\\/wp-content\\\/uploads\\\/2021\\\/02\\\/turijnmagazijnlogo.png\",\"contentUrl\":\"https:\\\/\\\/turijnmagazijn.nl\\\/wp-content\\\/uploads\\\/2021\\\/02\\\/turijnmagazijnlogo.png\",\"width\":555,\"height\":270,\"caption\":\"Turijnmagazijn\"},\"image\":{\"@id\":\"https:\\\/\\\/turijnmagazijn.jumpstone-dev.nl\\\/#\\\/schema\\\/logo\\\/image\\\/\"},\"sameAs\":[\"https:\\\/\\\/www.facebook.com\\\/turijnmagazijn\"]}]}<\/script>\n<!-- \/ Yoast SEO plugin. -->","yoast_head_json":{"title":"Relais Verrouillage central des portes Fiat Cinquecento Alfa 145 33 - Turijnmagazijn","robots":{"index":"index","follow":"follow","max-snippet":"max-snippet:-1","max-image-preview":"max-image-preview:large","max-video-preview":"max-video-preview:-1"},"canonical":"https:\/\/turijnmagazijn.nl\/fr\/produit\/dk010-dummy-punto-1-kopie-3\/","og_locale":"fr_FR","og_type":"article","og_title":"Relais Verrouillage central des portes Fiat Cinquecento Alfa 145 33 - Turijnmagazijn","og_description":"60618987 Relais utilis\u00e9 pour la commande du verrouillage central des portes. Corps \u00e0 6 p\u00f4les, noir ou gris. Fiat Cinquecento Alfa 145 33","og_url":"https:\/\/turijnmagazijn.nl\/fr\/produit\/dk010-dummy-punto-1-kopie-3\/","og_site_name":"Turijnmagazijn","article_publisher":"https:\/\/www.facebook.com\/turijnmagazijn","article_modified_time":"2025-04-16T11:19:30+00:00","og_image":[{"width":1440,"height":1080,"url":"https:\/\/turijnmagazijn.nl\/wp-content\/uploads\/2024\/11\/DK0102684-Relais-Centrale-deurvergrendeling-Fiat-Cinquecento-Alfa-145-33-60618987-3.jpg","type":"image\/jpeg"}],"twitter_card":"summary_large_image","schema":{"@context":"https:\/\/schema.org","@graph":[{"@type":"WebPage","@id":"https:\/\/turijnmagazijn.nl\/fr\/produit\/dk010-dummy-punto-1-kopie-3\/","url":"https:\/\/turijnmagazijn.nl\/fr\/produit\/dk010-dummy-punto-1-kopie-3\/","name":"Relais Verrouillage central des portes Fiat Cinquecento Alfa 145 33 - Turijnmagazijn","isPartOf":{"@id":"https:\/\/turijnmagazijn.jumpstone-dev.nl\/#website"},"primaryImageOfPage":{"@id":"https:\/\/turijnmagazijn.nl\/fr\/produit\/dk010-dummy-punto-1-kopie-3\/#primaryimage"},"image":{"@id":"https:\/\/turijnmagazijn.nl\/fr\/produit\/dk010-dummy-punto-1-kopie-3\/#primaryimage"},"thumbnailUrl":"https:\/\/turijnmagazijn.nl\/wp-content\/uploads\/2024\/11\/DK0102684-Relais-Centrale-deurvergrendeling-Fiat-Cinquecento-Alfa-145-33-60618987-3.jpg","datePublished":"2024-11-15T19:13:52+00:00","dateModified":"2025-04-16T11:19:30+00:00","breadcrumb":{"@id":"https:\/\/turijnmagazijn.nl\/fr\/produit\/dk010-dummy-punto-1-kopie-3\/#breadcrumb"},"inLanguage":"fr-FR","potentialAction":[{"@type":"ReadAction","target":["https:\/\/turijnmagazijn.nl\/fr\/produit\/dk010-dummy-punto-1-kopie-3\/"]}]},{"@type":"ImageObject","inLanguage":"fr-FR","@id":"https:\/\/turijnmagazijn.nl\/fr\/produit\/dk010-dummy-punto-1-kopie-3\/#primaryimage","url":"https:\/\/turijnmagazijn.nl\/wp-content\/uploads\/2024\/11\/DK0102684-Relais-Centrale-deurvergrendeling-Fiat-Cinquecento-Alfa-145-33-60618987-3.jpg","contentUrl":"https:\/\/turijnmagazijn.nl\/wp-content\/uploads\/2024\/11\/DK0102684-Relais-Centrale-deurvergrendeling-Fiat-Cinquecento-Alfa-145-33-60618987-3.jpg","width":1440,"height":1080},{"@type":"BreadcrumbList","@id":"https:\/\/turijnmagazijn.nl\/fr\/produit\/dk010-dummy-punto-1-kopie-3\/#breadcrumb","itemListElement":[{"@type":"ListItem","position":1,"name":"Home","item":"https:\/\/turijnmagazijn.nl\/fr\/"},{"@type":"ListItem","position":2,"name":"Produits","item":"https:\/\/turijnmagazijn.nl\/fr\/shop\/"},{"@type":"ListItem","position":3,"name":"Relais Verrouillage central des portes Fiat Cinquecento Alfa 145 33"}]},{"@type":"WebSite","@id":"https:\/\/turijnmagazijn.jumpstone-dev.nl\/#website","url":"https:\/\/turijnmagazijn.jumpstone-dev.nl\/","name":"Turijnmagazijn","description":"Onderdelen nieuw en gebruikt - Fiat &amp; Lancia","publisher":{"@id":"https:\/\/turijnmagazijn.jumpstone-dev.nl\/#organization"},"potentialAction":[{"@type":"SearchAction","target":{"@type":"EntryPoint","urlTemplate":"https:\/\/turijnmagazijn.jumpstone-dev.nl\/?s={search_term_string}"},"query-input":{"@type":"PropertyValueSpecification","valueRequired":true,"valueName":"search_term_string"}}],"inLanguage":"fr-FR"},{"@type":"Organization","@id":"https:\/\/turijnmagazijn.jumpstone-dev.nl\/#organization","name":"Turijnmagazijn","url":"https:\/\/turijnmagazijn.jumpstone-dev.nl\/","logo":{"@type":"ImageObject","inLanguage":"fr-FR","@id":"https:\/\/turijnmagazijn.jumpstone-dev.nl\/#\/schema\/logo\/image\/","url":"https:\/\/turijnmagazijn.nl\/wp-content\/uploads\/2021\/02\/turijnmagazijnlogo.png","contentUrl":"https:\/\/turijnmagazijn.nl\/wp-content\/uploads\/2021\/02\/turijnmagazijnlogo.png","width":555,"height":270,"caption":"Turijnmagazijn"},"image":{"@id":"https:\/\/turijnmagazijn.jumpstone-dev.nl\/#\/schema\/logo\/image\/"},"sameAs":["https:\/\/www.facebook.com\/turijnmagazijn"]}]}},"_links":{"self":[{"href":"https:\/\/turijnmagazijn.nl\/fr\/wp-json\/wp\/v2\/product\/85652","targetHints":{"allow":["GET"]}}],"collection":[{"href":"https:\/\/turijnmagazijn.nl\/fr\/wp-json\/wp\/v2\/product"}],"about":[{"href":"https:\/\/turijnmagazijn.nl\/fr\/wp-json\/wp\/v2\/types\/product"}],"replies":[{"embeddable":true,"href":"https:\/\/turijnmagazijn.nl\/fr\/wp-json\/wp\/v2\/comments?post=85652"}],"wp:featuredmedia":[{"embeddable":true,"href":"https:\/\/turijnmagazijn.nl\/fr\/wp-json\/wp\/v2\/media\/86783"}],"wp:attachment":[{"href":"https:\/\/turijnmagazijn.nl\/fr\/wp-json\/wp\/v2\/media?parent=85652"}],"wp:term":[{"taxonomy":"product_brand","embeddable":true,"href":"https:\/\/turijnmagazijn.nl\/fr\/wp-json\/wp\/v2\/product_brand?post=85652"},{"taxonomy":"product_cat","embeddable":true,"href":"https:\/\/turijnmagazijn.nl\/fr\/wp-json\/wp\/v2\/product_cat?post=85652"},{"taxonomy":"product_tag","embeddable":true,"href":"https:\/\/turijnmagazijn.nl\/fr\/wp-json\/wp\/v2\/product_tag?post=85652"}],"curies":[{"name":"wp","href":"https:\/\/api.w.org\/{rel}","templated":true}]}}