{"id":85664,"date":"2024-11-15T20:28:39","date_gmt":"2024-11-15T19:28:39","guid":{"rendered":"https:\/\/turijnmagazijn.nl\/?post_type=product&#038;p=85664"},"modified":"2025-04-17T17:35:00","modified_gmt":"2025-04-17T15:35:00","slug":"relais-blanc-5-poles-25a-pour-e-a-ventilateur-de-radiateur-lancia-delta-integrale-nos-kopie","status":"publish","type":"product","link":"https:\/\/turijnmagazijn.nl\/fr\/produit\/relais-blanc-5-poles-25a-pour-e-a-ventilateur-de-radiateur-lancia-delta-integrale-nos-kopie\/","title":{"rendered":"Relais blanc 5 p\u00f4les 25A Lancia Delta Integrale"},"content":{"rendered":"<p>Relais usag\u00e9.<\/p>\n<p>Ce type de relais a \u00e9t\u00e9 appliqu\u00e9 \u00e0 tous les types de 1 Lancia Delta, y compris les mod\u00e8les Integrale et Evoluzione.<\/p>\n<p>Appliqu\u00e9 \u00e0 l\u2019EVO pour contr\u00f4ler le ventilateur du radiateur et le verrouillage central,<\/p>\n<p>Appliqu\u00e9 \u00e0 l\u2019Integrale pour le contr\u00f4le des vitres \u00e9lectriques.<\/p>\n<p>Sch\u00e9ma du circuit voir image ci-jointe<\/p>\n<p>Relais 5 poles.<\/p>\n<p>Contacts:<\/p>\n<ul>\n<li>85<\/li>\n<li>86<\/li>\n<li>87<\/li>\n<li>87a<\/li>\n<li>30<\/li>\n<\/ul>\n<p>&nbsp;<\/p>\n<p>OEM LANCIA 82324939<\/p>\n<p>OEM LANCIA 82461739<\/p>\n<p>&nbsp;<\/p>\n<p>Pi\u00e8ce num\u00e9ro 13 sur le dessin technique du dessin EPER num\u00e9ro 1040900001 concernant son application sur la Lancia Delta Integrale. Une copie est requise par voiture.<\/p>\n<p>Num\u00e9ro de pi\u00e8ce 10 sur le dessin technique d&rsquo;EPER num\u00e9ro 46B56B1A8B590736F0FFCA9B0449D544 concernant l&rsquo;application sur la Lancia Delta Integrale. Une copie est requise par voiture.<\/p>\n","protected":false},"excerpt":{"rendered":"<p>82461739 relais usag\u00e9 blanc ou jaune 5 p\u00f4les 25A pour Lancia Delta Integrale NOS, entre autres<\/p>\n","protected":false},"featured_media":86758,"comment_status":"closed","ping_status":"closed","template":"","meta":{"_acf_changed":false},"product_brand":[],"product_cat":[1809,1597,1601,1609,1613,1846,1851,1582,1702,1862,1705,1865,1719,1722,1802,1806,1841,1690,1819,1636,1821,1825,1836,1830,1838,1860,1798,1741,1748,1617,1623,1870,1896,1902,1897,1786,1914],"product_tag":[],"class_list":{"0":"post-85664","1":"product","2":"type-product","3":"status-publish","4":"has-post-thumbnail","6":"product_cat-1-1-1-3-1-5-fr","7":"product_cat-145-930a-fr","8":"product_cat-146-930b-fr","9":"product_cat-155-167-fr","10":"product_cat-156-932-fr","11":"product_cat-3-deurs-hpe-fr","12":"product_cat-5-deurs-fr","13":"product_cat-alfa-romeo-fr","14":"product_cat-barchetta-183-fr","15":"product_cat-berlina-fr","16":"product_cat-brava-198-fr","17":"product_cat-coupe-fr","18":"product_cat-coupe-175-fr","19":"product_cat-croma-1-154-fr","20":"product_cat-dedra-835-fr","21":"product_cat-delta-1-831-fr","22":"product_cat-delta-2-836-fr","23":"product_cat-fiat-fr","24":"product_cat-gt-i-e-fr","25":"product_cat-gtv-916-fr","26":"product_cat-hf-4wd-fr","27":"product_cat-hf-turbo-fr","28":"product_cat-integrale-16v-fr","29":"product_cat-integrale-8v-fr","30":"product_cat-integrale-evo-fr","31":"product_cat-kappa-838-fr","32":"product_cat-lancia-fr","33":"product_cat-panda-1-141-fr","34":"product_cat-punto-1-176-fr","35":"product_cat-sedan-fr","36":"product_cat-sportwagon-fr","37":"product_cat-sw-fr","38":"product_cat-thema-834-fr","39":"product_cat-thema-sedan-fr","40":"product_cat-thema-sw-fr","41":"product_cat-uno-1-146-fr","42":"product_cat-ypsilon-1-840-fr","43":"pa_soort-onderdeel-electronique-et-cables","45":"first","46":"instock","47":"shipping-taxable","48":"purchasable","49":"product-type-simple"},"acf":[],"yoast_head":"<!-- This site is optimized with the Yoast SEO plugin v27.2 - https:\/\/yoast.com\/product\/yoast-seo-wordpress\/ -->\n<title>Relais blanc 5 p\u00f4les 25A Lancia Delta Integrale - Turijnmagazijn<\/title>\n<meta name=\"robots\" content=\"index, follow, max-snippet:-1, max-image-preview:large, max-video-preview:-1\" \/>\n<link rel=\"canonical\" href=\"https:\/\/turijnmagazijn.nl\/fr\/produit\/relais-blanc-5-poles-25a-pour-e-a-ventilateur-de-radiateur-lancia-delta-integrale-nos-kopie\/\" \/>\n<meta property=\"og:locale\" content=\"fr_FR\" \/>\n<meta property=\"og:type\" content=\"article\" \/>\n<meta property=\"og:title\" content=\"Relais blanc 5 p\u00f4les 25A Lancia Delta Integrale - Turijnmagazijn\" \/>\n<meta property=\"og:description\" content=\"82461739 relais usag\u00e9 blanc ou jaune 5 p\u00f4les 25A pour Lancia Delta Integrale NOS, entre autres\" \/>\n<meta property=\"og:url\" content=\"https:\/\/turijnmagazijn.nl\/fr\/produit\/relais-blanc-5-poles-25a-pour-e-a-ventilateur-de-radiateur-lancia-delta-integrale-nos-kopie\/\" \/>\n<meta property=\"og:site_name\" content=\"Turijnmagazijn\" \/>\n<meta property=\"article:publisher\" content=\"https:\/\/www.facebook.com\/turijnmagazijn\" \/>\n<meta property=\"article:modified_time\" content=\"2025-04-17T15:35:00+00:00\" \/>\n<meta property=\"og:image\" content=\"https:\/\/turijnmagazijn.nl\/wp-content\/uploads\/2024\/11\/DK0102686-Relais-wit-5-polig-25A-Lancia-Delta-Integrale-82324939-3.jpg\" \/>\n\t<meta property=\"og:image:width\" content=\"1440\" \/>\n\t<meta property=\"og:image:height\" content=\"1080\" \/>\n\t<meta property=\"og:image:type\" content=\"image\/jpeg\" \/>\n<meta name=\"twitter:card\" content=\"summary_large_image\" \/>\n<meta name=\"twitter:label1\" content=\"Dur\u00e9e de lecture estim\u00e9e\" \/>\n\t<meta name=\"twitter:data1\" content=\"1 minute\" \/>\n<script type=\"application\/ld+json\" class=\"yoast-schema-graph\">{\"@context\":\"https:\/\/schema.org\",\"@graph\":[{\"@type\":\"WebPage\",\"@id\":\"https:\/\/turijnmagazijn.nl\/fr\/produit\/relais-blanc-5-poles-25a-pour-e-a-ventilateur-de-radiateur-lancia-delta-integrale-nos-kopie\/\",\"url\":\"https:\/\/turijnmagazijn.nl\/fr\/produit\/relais-blanc-5-poles-25a-pour-e-a-ventilateur-de-radiateur-lancia-delta-integrale-nos-kopie\/\",\"name\":\"Relais blanc 5 p\u00f4les 25A Lancia Delta Integrale - Turijnmagazijn\",\"isPartOf\":{\"@id\":\"https:\/\/turijnmagazijn.jumpstone-dev.nl\/#website\"},\"primaryImageOfPage\":{\"@id\":\"https:\/\/turijnmagazijn.nl\/fr\/produit\/relais-blanc-5-poles-25a-pour-e-a-ventilateur-de-radiateur-lancia-delta-integrale-nos-kopie\/#primaryimage\"},\"image\":{\"@id\":\"https:\/\/turijnmagazijn.nl\/fr\/produit\/relais-blanc-5-poles-25a-pour-e-a-ventilateur-de-radiateur-lancia-delta-integrale-nos-kopie\/#primaryimage\"},\"thumbnailUrl\":\"https:\/\/turijnmagazijn.nl\/wp-content\/uploads\/2024\/11\/DK0102686-Relais-wit-5-polig-25A-Lancia-Delta-Integrale-82324939-3.jpg\",\"datePublished\":\"2024-11-15T19:28:39+00:00\",\"dateModified\":\"2025-04-17T15:35:00+00:00\",\"breadcrumb\":{\"@id\":\"https:\/\/turijnmagazijn.nl\/fr\/produit\/relais-blanc-5-poles-25a-pour-e-a-ventilateur-de-radiateur-lancia-delta-integrale-nos-kopie\/#breadcrumb\"},\"inLanguage\":\"fr-FR\",\"potentialAction\":[{\"@type\":\"ReadAction\",\"target\":[\"https:\/\/turijnmagazijn.nl\/fr\/produit\/relais-blanc-5-poles-25a-pour-e-a-ventilateur-de-radiateur-lancia-delta-integrale-nos-kopie\/\"]}]},{\"@type\":\"ImageObject\",\"inLanguage\":\"fr-FR\",\"@id\":\"https:\/\/turijnmagazijn.nl\/fr\/produit\/relais-blanc-5-poles-25a-pour-e-a-ventilateur-de-radiateur-lancia-delta-integrale-nos-kopie\/#primaryimage\",\"url\":\"https:\/\/turijnmagazijn.nl\/wp-content\/uploads\/2024\/11\/DK0102686-Relais-wit-5-polig-25A-Lancia-Delta-Integrale-82324939-3.jpg\",\"contentUrl\":\"https:\/\/turijnmagazijn.nl\/wp-content\/uploads\/2024\/11\/DK0102686-Relais-wit-5-polig-25A-Lancia-Delta-Integrale-82324939-3.jpg\",\"width\":1440,\"height\":1080},{\"@type\":\"BreadcrumbList\",\"@id\":\"https:\/\/turijnmagazijn.nl\/fr\/produit\/relais-blanc-5-poles-25a-pour-e-a-ventilateur-de-radiateur-lancia-delta-integrale-nos-kopie\/#breadcrumb\",\"itemListElement\":[{\"@type\":\"ListItem\",\"position\":1,\"name\":\"Home\",\"item\":\"https:\/\/turijnmagazijn.nl\/fr\/\"},{\"@type\":\"ListItem\",\"position\":2,\"name\":\"Produits\",\"item\":\"https:\/\/turijnmagazijn.nl\/fr\/shop\/\"},{\"@type\":\"ListItem\",\"position\":3,\"name\":\"Relais blanc 5 p\u00f4les 25A Lancia Delta Integrale\"}]},{\"@type\":\"WebSite\",\"@id\":\"https:\/\/turijnmagazijn.jumpstone-dev.nl\/#website\",\"url\":\"https:\/\/turijnmagazijn.jumpstone-dev.nl\/\",\"name\":\"Turijnmagazijn\",\"description\":\"Onderdelen nieuw en gebruikt - Fiat &amp; Lancia\",\"publisher\":{\"@id\":\"https:\/\/turijnmagazijn.jumpstone-dev.nl\/#organization\"},\"potentialAction\":[{\"@type\":\"SearchAction\",\"target\":{\"@type\":\"EntryPoint\",\"urlTemplate\":\"https:\/\/turijnmagazijn.jumpstone-dev.nl\/?s={search_term_string}\"},\"query-input\":{\"@type\":\"PropertyValueSpecification\",\"valueRequired\":true,\"valueName\":\"search_term_string\"}}],\"inLanguage\":\"fr-FR\"},{\"@type\":\"Organization\",\"@id\":\"https:\/\/turijnmagazijn.jumpstone-dev.nl\/#organization\",\"name\":\"Turijnmagazijn\",\"url\":\"https:\/\/turijnmagazijn.jumpstone-dev.nl\/\",\"logo\":{\"@type\":\"ImageObject\",\"inLanguage\":\"fr-FR\",\"@id\":\"https:\/\/turijnmagazijn.jumpstone-dev.nl\/#\/schema\/logo\/image\/\",\"url\":\"https:\/\/turijnmagazijn.nl\/wp-content\/uploads\/2021\/02\/turijnmagazijnlogo.png\",\"contentUrl\":\"https:\/\/turijnmagazijn.nl\/wp-content\/uploads\/2021\/02\/turijnmagazijnlogo.png\",\"width\":555,\"height\":270,\"caption\":\"Turijnmagazijn\"},\"image\":{\"@id\":\"https:\/\/turijnmagazijn.jumpstone-dev.nl\/#\/schema\/logo\/image\/\"},\"sameAs\":[\"https:\/\/www.facebook.com\/turijnmagazijn\"]}]}<\/script>\n<!-- \/ Yoast SEO plugin. -->","yoast_head_json":{"title":"Relais blanc 5 p\u00f4les 25A Lancia Delta Integrale - Turijnmagazijn","robots":{"index":"index","follow":"follow","max-snippet":"max-snippet:-1","max-image-preview":"max-image-preview:large","max-video-preview":"max-video-preview:-1"},"canonical":"https:\/\/turijnmagazijn.nl\/fr\/produit\/relais-blanc-5-poles-25a-pour-e-a-ventilateur-de-radiateur-lancia-delta-integrale-nos-kopie\/","og_locale":"fr_FR","og_type":"article","og_title":"Relais blanc 5 p\u00f4les 25A Lancia Delta Integrale - Turijnmagazijn","og_description":"82461739 relais usag\u00e9 blanc ou jaune 5 p\u00f4les 25A pour Lancia Delta Integrale NOS, entre autres","og_url":"https:\/\/turijnmagazijn.nl\/fr\/produit\/relais-blanc-5-poles-25a-pour-e-a-ventilateur-de-radiateur-lancia-delta-integrale-nos-kopie\/","og_site_name":"Turijnmagazijn","article_publisher":"https:\/\/www.facebook.com\/turijnmagazijn","article_modified_time":"2025-04-17T15:35:00+00:00","og_image":[{"width":1440,"height":1080,"url":"https:\/\/turijnmagazijn.nl\/wp-content\/uploads\/2024\/11\/DK0102686-Relais-wit-5-polig-25A-Lancia-Delta-Integrale-82324939-3.jpg","type":"image\/jpeg"}],"twitter_card":"summary_large_image","twitter_misc":{"Dur\u00e9e de lecture estim\u00e9e":"1 minute"},"schema":{"@context":"https:\/\/schema.org","@graph":[{"@type":"WebPage","@id":"https:\/\/turijnmagazijn.nl\/fr\/produit\/relais-blanc-5-poles-25a-pour-e-a-ventilateur-de-radiateur-lancia-delta-integrale-nos-kopie\/","url":"https:\/\/turijnmagazijn.nl\/fr\/produit\/relais-blanc-5-poles-25a-pour-e-a-ventilateur-de-radiateur-lancia-delta-integrale-nos-kopie\/","name":"Relais blanc 5 p\u00f4les 25A Lancia Delta Integrale - Turijnmagazijn","isPartOf":{"@id":"https:\/\/turijnmagazijn.jumpstone-dev.nl\/#website"},"primaryImageOfPage":{"@id":"https:\/\/turijnmagazijn.nl\/fr\/produit\/relais-blanc-5-poles-25a-pour-e-a-ventilateur-de-radiateur-lancia-delta-integrale-nos-kopie\/#primaryimage"},"image":{"@id":"https:\/\/turijnmagazijn.nl\/fr\/produit\/relais-blanc-5-poles-25a-pour-e-a-ventilateur-de-radiateur-lancia-delta-integrale-nos-kopie\/#primaryimage"},"thumbnailUrl":"https:\/\/turijnmagazijn.nl\/wp-content\/uploads\/2024\/11\/DK0102686-Relais-wit-5-polig-25A-Lancia-Delta-Integrale-82324939-3.jpg","datePublished":"2024-11-15T19:28:39+00:00","dateModified":"2025-04-17T15:35:00+00:00","breadcrumb":{"@id":"https:\/\/turijnmagazijn.nl\/fr\/produit\/relais-blanc-5-poles-25a-pour-e-a-ventilateur-de-radiateur-lancia-delta-integrale-nos-kopie\/#breadcrumb"},"inLanguage":"fr-FR","potentialAction":[{"@type":"ReadAction","target":["https:\/\/turijnmagazijn.nl\/fr\/produit\/relais-blanc-5-poles-25a-pour-e-a-ventilateur-de-radiateur-lancia-delta-integrale-nos-kopie\/"]}]},{"@type":"ImageObject","inLanguage":"fr-FR","@id":"https:\/\/turijnmagazijn.nl\/fr\/produit\/relais-blanc-5-poles-25a-pour-e-a-ventilateur-de-radiateur-lancia-delta-integrale-nos-kopie\/#primaryimage","url":"https:\/\/turijnmagazijn.nl\/wp-content\/uploads\/2024\/11\/DK0102686-Relais-wit-5-polig-25A-Lancia-Delta-Integrale-82324939-3.jpg","contentUrl":"https:\/\/turijnmagazijn.nl\/wp-content\/uploads\/2024\/11\/DK0102686-Relais-wit-5-polig-25A-Lancia-Delta-Integrale-82324939-3.jpg","width":1440,"height":1080},{"@type":"BreadcrumbList","@id":"https:\/\/turijnmagazijn.nl\/fr\/produit\/relais-blanc-5-poles-25a-pour-e-a-ventilateur-de-radiateur-lancia-delta-integrale-nos-kopie\/#breadcrumb","itemListElement":[{"@type":"ListItem","position":1,"name":"Home","item":"https:\/\/turijnmagazijn.nl\/fr\/"},{"@type":"ListItem","position":2,"name":"Produits","item":"https:\/\/turijnmagazijn.nl\/fr\/shop\/"},{"@type":"ListItem","position":3,"name":"Relais blanc 5 p\u00f4les 25A Lancia Delta Integrale"}]},{"@type":"WebSite","@id":"https:\/\/turijnmagazijn.jumpstone-dev.nl\/#website","url":"https:\/\/turijnmagazijn.jumpstone-dev.nl\/","name":"Turijnmagazijn","description":"Onderdelen nieuw en gebruikt - Fiat &amp; Lancia","publisher":{"@id":"https:\/\/turijnmagazijn.jumpstone-dev.nl\/#organization"},"potentialAction":[{"@type":"SearchAction","target":{"@type":"EntryPoint","urlTemplate":"https:\/\/turijnmagazijn.jumpstone-dev.nl\/?s={search_term_string}"},"query-input":{"@type":"PropertyValueSpecification","valueRequired":true,"valueName":"search_term_string"}}],"inLanguage":"fr-FR"},{"@type":"Organization","@id":"https:\/\/turijnmagazijn.jumpstone-dev.nl\/#organization","name":"Turijnmagazijn","url":"https:\/\/turijnmagazijn.jumpstone-dev.nl\/","logo":{"@type":"ImageObject","inLanguage":"fr-FR","@id":"https:\/\/turijnmagazijn.jumpstone-dev.nl\/#\/schema\/logo\/image\/","url":"https:\/\/turijnmagazijn.nl\/wp-content\/uploads\/2021\/02\/turijnmagazijnlogo.png","contentUrl":"https:\/\/turijnmagazijn.nl\/wp-content\/uploads\/2021\/02\/turijnmagazijnlogo.png","width":555,"height":270,"caption":"Turijnmagazijn"},"image":{"@id":"https:\/\/turijnmagazijn.jumpstone-dev.nl\/#\/schema\/logo\/image\/"},"sameAs":["https:\/\/www.facebook.com\/turijnmagazijn"]}]}},"_links":{"self":[{"href":"https:\/\/turijnmagazijn.nl\/fr\/wp-json\/wp\/v2\/product\/85664","targetHints":{"allow":["GET"]}}],"collection":[{"href":"https:\/\/turijnmagazijn.nl\/fr\/wp-json\/wp\/v2\/product"}],"about":[{"href":"https:\/\/turijnmagazijn.nl\/fr\/wp-json\/wp\/v2\/types\/product"}],"replies":[{"embeddable":true,"href":"https:\/\/turijnmagazijn.nl\/fr\/wp-json\/wp\/v2\/comments?post=85664"}],"wp:featuredmedia":[{"embeddable":true,"href":"https:\/\/turijnmagazijn.nl\/fr\/wp-json\/wp\/v2\/media\/86758"}],"wp:attachment":[{"href":"https:\/\/turijnmagazijn.nl\/fr\/wp-json\/wp\/v2\/media?parent=85664"}],"wp:term":[{"taxonomy":"product_brand","embeddable":true,"href":"https:\/\/turijnmagazijn.nl\/fr\/wp-json\/wp\/v2\/product_brand?post=85664"},{"taxonomy":"product_cat","embeddable":true,"href":"https:\/\/turijnmagazijn.nl\/fr\/wp-json\/wp\/v2\/product_cat?post=85664"},{"taxonomy":"product_tag","embeddable":true,"href":"https:\/\/turijnmagazijn.nl\/fr\/wp-json\/wp\/v2\/product_tag?post=85664"}],"curies":[{"name":"wp","href":"https:\/\/api.w.org\/{rel}","templated":true}]}}