{"id":85760,"date":"2024-11-22T11:34:31","date_gmt":"2024-11-22T10:34:31","guid":{"rendered":"https:\/\/turijnmagazijn.nl\/?post_type=product&#038;p=85760"},"modified":"2025-10-08T12:27:02","modified_gmt":"2025-10-08T10:27:02","slug":"dk010-dummy-kappa-kopie-kopie-kopie-2","status":"publish","type":"product","link":"https:\/\/turijnmagazijn.nl\/fr\/produit\/dk010-dummy-kappa-kopie-kopie-kopie-2\/","title":{"rendered":"Porte haut-parleur Lancia Kappa et Kappa Coupe"},"content":{"rendered":"<p>Nouvelle pi\u00e8ce d&rsquo;imitation pour Lancia Kappa.<\/p>\n<p>Haut-parleur pour montage dans la porte avant de la Lancia Kappa. Les haut-parleurs d&rsquo;origine sont tr\u00e8s compacts en raison de l&rsquo;espace d&rsquo;installation limit\u00e9. Ces imitations de haut-parleurs correspondent presque exactement aux dimensions d&rsquo;installation des haut-parleurs d&rsquo;origine qui sont de qualit\u00e9 moyenne. Presque tous les haut-parleurs d&rsquo;origine pr\u00e9sentent le probl\u00e8me de la d\u00e9t\u00e9rioration de la mousse autour du haut-parleur. Avec cette nouvelle variante, vous pouvez \u00e0 nouveau rouler pendant des ann\u00e9es. La qualit\u00e9 du son est assez proche de celle de l&rsquo;original, mais attendez-vous \u00e0 un peu moins de basses, mais \u00e0 des performances audio similaires. Pour une facilit\u00e9 d&rsquo;installation maximale, nous avons \u00e9quip\u00e9 ces haut-parleurs du m\u00eame connecteur jaune \u00e0 deux p\u00f4les, de sorte qu&rsquo;il suffit de les brancher et de conserver le faisceau de c\u00e2blage de votre Kappa tout \u00e0 fait d&rsquo;origine. ATTENTION : Sur la plupart des Kappa, ce haut-parleur est mont\u00e9 \u00e0 la fois \u00e0 gauche et \u00e0 droite dans la porti\u00e8re. Il y a une exception : le Kappa Coup\u00e9 et les versions plus luxueuses du SW et de la Berlina sont dans certains cas \u00e9quip\u00e9s d&rsquo;un haut-parleur diff\u00e9rent sur le c\u00f4t\u00e9 gauche. Ce haut-parleur poss\u00e8de deux connecteurs, l&rsquo;un jaune et l&rsquo;autre blanc. La fiche blanche est destin\u00e9e au signal audio du kit voiture avec un autoradio Lancia d&rsquo;origine. Avez-vous un autoradio sans fonction car kit ? Avez-vous un autoradio du march\u00e9 secondaire ? Vous n&rsquo;utilisez jamais le kit voiture d&rsquo;origine ? Dans ces cas, vous pouvez tranquillement remplacer la variante \u00e0 2 fiches par cette alternative. Branchez la fiche jaune et laissez la fiche blanche dans le panneau de porte. Il suffit de la fixer avec du ruban adh\u00e9sif pour \u00e9viter qu&rsquo;elle ne s&rsquo;accroche dans la porte. Les images ci-jointes montrent l&rsquo;installation de ce haut-parleur dans la porti\u00e8re d&rsquo;un coup\u00e9 Kappa. OEM Lancia 82485880 OEM Lancia 46469802    <\/p>\n","protected":false},"excerpt":{"rendered":"<p>82485880 Imitation de haut-parleur pour montage dans la porte avant pour Lancia Kappa. Gauche et droite applicables pour les Kappa sans car-kit d&rsquo;origine. <\/p>\n","protected":false},"featured_media":86871,"comment_status":"closed","ping_status":"closed","template":"","meta":{"_acf_changed":false},"product_brand":[],"product_cat":[1862,1865,1860,1798,1870],"product_tag":[],"class_list":{"0":"post-85760","1":"product","2":"type-product","3":"status-publish","4":"has-post-thumbnail","6":"product_cat-berlina-fr","7":"product_cat-coupe-fr","8":"product_cat-kappa-838-fr","9":"product_cat-lancia-fr","10":"product_cat-sw-fr","11":"pa_soort-onderdeel-equipement-audio","13":"first","14":"instock","15":"featured","16":"taxable","17":"shipping-taxable","18":"purchasable","19":"product-type-simple"},"acf":[],"yoast_head":"<!-- This site is optimized with the Yoast SEO plugin v27.3 - https:\/\/yoast.com\/product\/yoast-seo-wordpress\/ -->\n<title>Porte haut-parleur Lancia Kappa et Kappa Coupe - Turijnmagazijn<\/title>\n<meta name=\"robots\" content=\"index, follow, max-snippet:-1, max-image-preview:large, max-video-preview:-1\" \/>\n<link rel=\"canonical\" href=\"https:\/\/turijnmagazijn.nl\/fr\/produit\/dk010-dummy-kappa-kopie-kopie-kopie-2\/\" \/>\n<meta property=\"og:locale\" content=\"fr_FR\" \/>\n<meta property=\"og:type\" content=\"article\" \/>\n<meta property=\"og:title\" content=\"Porte haut-parleur Lancia Kappa et Kappa Coupe - Turijnmagazijn\" \/>\n<meta property=\"og:description\" content=\"82485880 Imitation de haut-parleur pour montage dans la porte avant pour Lancia Kappa. Gauche et droite applicables pour les Kappa sans car-kit d&#039;origine.\" \/>\n<meta property=\"og:url\" content=\"https:\/\/turijnmagazijn.nl\/fr\/produit\/dk010-dummy-kappa-kopie-kopie-kopie-2\/\" \/>\n<meta property=\"og:site_name\" content=\"Turijnmagazijn\" \/>\n<meta property=\"article:publisher\" content=\"https:\/\/www.facebook.com\/turijnmagazijn\" \/>\n<meta property=\"article:modified_time\" content=\"2025-10-08T10:27:02+00:00\" \/>\n<meta property=\"og:image\" content=\"https:\/\/turijnmagazijn.nl\/wp-content\/uploads\/2024\/11\/DN0100382-Speaker-deurpaneel-Lancia-Kappa-Imitatie-82485880-2-1.jpg\" \/>\n\t<meta property=\"og:image:width\" content=\"1140\" \/>\n\t<meta property=\"og:image:height\" content=\"931\" \/>\n\t<meta property=\"og:image:type\" content=\"image\/jpeg\" \/>\n<meta name=\"twitter:card\" content=\"summary_large_image\" \/>\n<meta name=\"twitter:label1\" content=\"Dur\u00e9e de lecture estim\u00e9e\" \/>\n\t<meta name=\"twitter:data1\" content=\"2 minutes\" \/>\n<script type=\"application\/ld+json\" class=\"yoast-schema-graph\">{\"@context\":\"https:\\\/\\\/schema.org\",\"@graph\":[{\"@type\":\"WebPage\",\"@id\":\"https:\\\/\\\/turijnmagazijn.nl\\\/fr\\\/produit\\\/dk010-dummy-kappa-kopie-kopie-kopie-2\\\/\",\"url\":\"https:\\\/\\\/turijnmagazijn.nl\\\/fr\\\/produit\\\/dk010-dummy-kappa-kopie-kopie-kopie-2\\\/\",\"name\":\"Porte haut-parleur Lancia Kappa et Kappa Coupe - Turijnmagazijn\",\"isPartOf\":{\"@id\":\"https:\\\/\\\/turijnmagazijn.jumpstone-dev.nl\\\/#website\"},\"primaryImageOfPage\":{\"@id\":\"https:\\\/\\\/turijnmagazijn.nl\\\/fr\\\/produit\\\/dk010-dummy-kappa-kopie-kopie-kopie-2\\\/#primaryimage\"},\"image\":{\"@id\":\"https:\\\/\\\/turijnmagazijn.nl\\\/fr\\\/produit\\\/dk010-dummy-kappa-kopie-kopie-kopie-2\\\/#primaryimage\"},\"thumbnailUrl\":\"https:\\\/\\\/turijnmagazijn.nl\\\/wp-content\\\/uploads\\\/2024\\\/11\\\/DN0100382-Speaker-deurpaneel-Lancia-Kappa-Imitatie-82485880-2-1.jpg\",\"datePublished\":\"2024-11-22T10:34:31+00:00\",\"dateModified\":\"2025-10-08T10:27:02+00:00\",\"breadcrumb\":{\"@id\":\"https:\\\/\\\/turijnmagazijn.nl\\\/fr\\\/produit\\\/dk010-dummy-kappa-kopie-kopie-kopie-2\\\/#breadcrumb\"},\"inLanguage\":\"fr-FR\",\"potentialAction\":[{\"@type\":\"ReadAction\",\"target\":[\"https:\\\/\\\/turijnmagazijn.nl\\\/fr\\\/produit\\\/dk010-dummy-kappa-kopie-kopie-kopie-2\\\/\"]}]},{\"@type\":\"ImageObject\",\"inLanguage\":\"fr-FR\",\"@id\":\"https:\\\/\\\/turijnmagazijn.nl\\\/fr\\\/produit\\\/dk010-dummy-kappa-kopie-kopie-kopie-2\\\/#primaryimage\",\"url\":\"https:\\\/\\\/turijnmagazijn.nl\\\/wp-content\\\/uploads\\\/2024\\\/11\\\/DN0100382-Speaker-deurpaneel-Lancia-Kappa-Imitatie-82485880-2-1.jpg\",\"contentUrl\":\"https:\\\/\\\/turijnmagazijn.nl\\\/wp-content\\\/uploads\\\/2024\\\/11\\\/DN0100382-Speaker-deurpaneel-Lancia-Kappa-Imitatie-82485880-2-1.jpg\",\"width\":1140,\"height\":931},{\"@type\":\"BreadcrumbList\",\"@id\":\"https:\\\/\\\/turijnmagazijn.nl\\\/fr\\\/produit\\\/dk010-dummy-kappa-kopie-kopie-kopie-2\\\/#breadcrumb\",\"itemListElement\":[{\"@type\":\"ListItem\",\"position\":1,\"name\":\"Home\",\"item\":\"https:\\\/\\\/turijnmagazijn.nl\\\/fr\\\/\"},{\"@type\":\"ListItem\",\"position\":2,\"name\":\"Produits\",\"item\":\"https:\\\/\\\/turijnmagazijn.nl\\\/fr\\\/shop\\\/\"},{\"@type\":\"ListItem\",\"position\":3,\"name\":\"Porte haut-parleur Lancia Kappa et Kappa Coupe\"}]},{\"@type\":\"WebSite\",\"@id\":\"https:\\\/\\\/turijnmagazijn.jumpstone-dev.nl\\\/#website\",\"url\":\"https:\\\/\\\/turijnmagazijn.jumpstone-dev.nl\\\/\",\"name\":\"Turijnmagazijn\",\"description\":\"Onderdelen nieuw en gebruikt - Fiat &amp; Lancia\",\"publisher\":{\"@id\":\"https:\\\/\\\/turijnmagazijn.jumpstone-dev.nl\\\/#organization\"},\"potentialAction\":[{\"@type\":\"SearchAction\",\"target\":{\"@type\":\"EntryPoint\",\"urlTemplate\":\"https:\\\/\\\/turijnmagazijn.jumpstone-dev.nl\\\/?s={search_term_string}\"},\"query-input\":{\"@type\":\"PropertyValueSpecification\",\"valueRequired\":true,\"valueName\":\"search_term_string\"}}],\"inLanguage\":\"fr-FR\"},{\"@type\":\"Organization\",\"@id\":\"https:\\\/\\\/turijnmagazijn.jumpstone-dev.nl\\\/#organization\",\"name\":\"Turijnmagazijn\",\"url\":\"https:\\\/\\\/turijnmagazijn.jumpstone-dev.nl\\\/\",\"logo\":{\"@type\":\"ImageObject\",\"inLanguage\":\"fr-FR\",\"@id\":\"https:\\\/\\\/turijnmagazijn.jumpstone-dev.nl\\\/#\\\/schema\\\/logo\\\/image\\\/\",\"url\":\"https:\\\/\\\/turijnmagazijn.nl\\\/wp-content\\\/uploads\\\/2021\\\/02\\\/turijnmagazijnlogo.png\",\"contentUrl\":\"https:\\\/\\\/turijnmagazijn.nl\\\/wp-content\\\/uploads\\\/2021\\\/02\\\/turijnmagazijnlogo.png\",\"width\":555,\"height\":270,\"caption\":\"Turijnmagazijn\"},\"image\":{\"@id\":\"https:\\\/\\\/turijnmagazijn.jumpstone-dev.nl\\\/#\\\/schema\\\/logo\\\/image\\\/\"},\"sameAs\":[\"https:\\\/\\\/www.facebook.com\\\/turijnmagazijn\"]}]}<\/script>\n<!-- \/ Yoast SEO plugin. -->","yoast_head_json":{"title":"Porte haut-parleur Lancia Kappa et Kappa Coupe - Turijnmagazijn","robots":{"index":"index","follow":"follow","max-snippet":"max-snippet:-1","max-image-preview":"max-image-preview:large","max-video-preview":"max-video-preview:-1"},"canonical":"https:\/\/turijnmagazijn.nl\/fr\/produit\/dk010-dummy-kappa-kopie-kopie-kopie-2\/","og_locale":"fr_FR","og_type":"article","og_title":"Porte haut-parleur Lancia Kappa et Kappa Coupe - Turijnmagazijn","og_description":"82485880 Imitation de haut-parleur pour montage dans la porte avant pour Lancia Kappa. Gauche et droite applicables pour les Kappa sans car-kit d'origine.","og_url":"https:\/\/turijnmagazijn.nl\/fr\/produit\/dk010-dummy-kappa-kopie-kopie-kopie-2\/","og_site_name":"Turijnmagazijn","article_publisher":"https:\/\/www.facebook.com\/turijnmagazijn","article_modified_time":"2025-10-08T10:27:02+00:00","og_image":[{"width":1140,"height":931,"url":"https:\/\/turijnmagazijn.nl\/wp-content\/uploads\/2024\/11\/DN0100382-Speaker-deurpaneel-Lancia-Kappa-Imitatie-82485880-2-1.jpg","type":"image\/jpeg"}],"twitter_card":"summary_large_image","twitter_misc":{"Dur\u00e9e de lecture estim\u00e9e":"2 minutes"},"schema":{"@context":"https:\/\/schema.org","@graph":[{"@type":"WebPage","@id":"https:\/\/turijnmagazijn.nl\/fr\/produit\/dk010-dummy-kappa-kopie-kopie-kopie-2\/","url":"https:\/\/turijnmagazijn.nl\/fr\/produit\/dk010-dummy-kappa-kopie-kopie-kopie-2\/","name":"Porte haut-parleur Lancia Kappa et Kappa Coupe - Turijnmagazijn","isPartOf":{"@id":"https:\/\/turijnmagazijn.jumpstone-dev.nl\/#website"},"primaryImageOfPage":{"@id":"https:\/\/turijnmagazijn.nl\/fr\/produit\/dk010-dummy-kappa-kopie-kopie-kopie-2\/#primaryimage"},"image":{"@id":"https:\/\/turijnmagazijn.nl\/fr\/produit\/dk010-dummy-kappa-kopie-kopie-kopie-2\/#primaryimage"},"thumbnailUrl":"https:\/\/turijnmagazijn.nl\/wp-content\/uploads\/2024\/11\/DN0100382-Speaker-deurpaneel-Lancia-Kappa-Imitatie-82485880-2-1.jpg","datePublished":"2024-11-22T10:34:31+00:00","dateModified":"2025-10-08T10:27:02+00:00","breadcrumb":{"@id":"https:\/\/turijnmagazijn.nl\/fr\/produit\/dk010-dummy-kappa-kopie-kopie-kopie-2\/#breadcrumb"},"inLanguage":"fr-FR","potentialAction":[{"@type":"ReadAction","target":["https:\/\/turijnmagazijn.nl\/fr\/produit\/dk010-dummy-kappa-kopie-kopie-kopie-2\/"]}]},{"@type":"ImageObject","inLanguage":"fr-FR","@id":"https:\/\/turijnmagazijn.nl\/fr\/produit\/dk010-dummy-kappa-kopie-kopie-kopie-2\/#primaryimage","url":"https:\/\/turijnmagazijn.nl\/wp-content\/uploads\/2024\/11\/DN0100382-Speaker-deurpaneel-Lancia-Kappa-Imitatie-82485880-2-1.jpg","contentUrl":"https:\/\/turijnmagazijn.nl\/wp-content\/uploads\/2024\/11\/DN0100382-Speaker-deurpaneel-Lancia-Kappa-Imitatie-82485880-2-1.jpg","width":1140,"height":931},{"@type":"BreadcrumbList","@id":"https:\/\/turijnmagazijn.nl\/fr\/produit\/dk010-dummy-kappa-kopie-kopie-kopie-2\/#breadcrumb","itemListElement":[{"@type":"ListItem","position":1,"name":"Home","item":"https:\/\/turijnmagazijn.nl\/fr\/"},{"@type":"ListItem","position":2,"name":"Produits","item":"https:\/\/turijnmagazijn.nl\/fr\/shop\/"},{"@type":"ListItem","position":3,"name":"Porte haut-parleur Lancia Kappa et Kappa Coupe"}]},{"@type":"WebSite","@id":"https:\/\/turijnmagazijn.jumpstone-dev.nl\/#website","url":"https:\/\/turijnmagazijn.jumpstone-dev.nl\/","name":"Turijnmagazijn","description":"Onderdelen nieuw en gebruikt - Fiat &amp; Lancia","publisher":{"@id":"https:\/\/turijnmagazijn.jumpstone-dev.nl\/#organization"},"potentialAction":[{"@type":"SearchAction","target":{"@type":"EntryPoint","urlTemplate":"https:\/\/turijnmagazijn.jumpstone-dev.nl\/?s={search_term_string}"},"query-input":{"@type":"PropertyValueSpecification","valueRequired":true,"valueName":"search_term_string"}}],"inLanguage":"fr-FR"},{"@type":"Organization","@id":"https:\/\/turijnmagazijn.jumpstone-dev.nl\/#organization","name":"Turijnmagazijn","url":"https:\/\/turijnmagazijn.jumpstone-dev.nl\/","logo":{"@type":"ImageObject","inLanguage":"fr-FR","@id":"https:\/\/turijnmagazijn.jumpstone-dev.nl\/#\/schema\/logo\/image\/","url":"https:\/\/turijnmagazijn.nl\/wp-content\/uploads\/2021\/02\/turijnmagazijnlogo.png","contentUrl":"https:\/\/turijnmagazijn.nl\/wp-content\/uploads\/2021\/02\/turijnmagazijnlogo.png","width":555,"height":270,"caption":"Turijnmagazijn"},"image":{"@id":"https:\/\/turijnmagazijn.jumpstone-dev.nl\/#\/schema\/logo\/image\/"},"sameAs":["https:\/\/www.facebook.com\/turijnmagazijn"]}]}},"_links":{"self":[{"href":"https:\/\/turijnmagazijn.nl\/fr\/wp-json\/wp\/v2\/product\/85760","targetHints":{"allow":["GET"]}}],"collection":[{"href":"https:\/\/turijnmagazijn.nl\/fr\/wp-json\/wp\/v2\/product"}],"about":[{"href":"https:\/\/turijnmagazijn.nl\/fr\/wp-json\/wp\/v2\/types\/product"}],"replies":[{"embeddable":true,"href":"https:\/\/turijnmagazijn.nl\/fr\/wp-json\/wp\/v2\/comments?post=85760"}],"wp:featuredmedia":[{"embeddable":true,"href":"https:\/\/turijnmagazijn.nl\/fr\/wp-json\/wp\/v2\/media\/86871"}],"wp:attachment":[{"href":"https:\/\/turijnmagazijn.nl\/fr\/wp-json\/wp\/v2\/media?parent=85760"}],"wp:term":[{"taxonomy":"product_brand","embeddable":true,"href":"https:\/\/turijnmagazijn.nl\/fr\/wp-json\/wp\/v2\/product_brand?post=85760"},{"taxonomy":"product_cat","embeddable":true,"href":"https:\/\/turijnmagazijn.nl\/fr\/wp-json\/wp\/v2\/product_cat?post=85760"},{"taxonomy":"product_tag","embeddable":true,"href":"https:\/\/turijnmagazijn.nl\/fr\/wp-json\/wp\/v2\/product_tag?post=85760"}],"curies":[{"name":"wp","href":"https:\/\/api.w.org\/{rel}","templated":true}]}}