{"id":85775,"date":"2024-11-22T15:23:07","date_gmt":"2024-11-22T14:23:07","guid":{"rendered":"https:\/\/turijnmagazijn.nl\/?post_type=product&#038;p=85775"},"modified":"2025-04-16T16:08:39","modified_gmt":"2025-04-16T14:08:39","slug":"dk010-dummy-kappa-kopie-kopie-kopie-6","status":"publish","type":"product","link":"https:\/\/turijnmagazijn.nl\/fr\/produit\/dk010-dummy-kappa-kopie-kopie-kopie-6\/","title":{"rendered":"S\u00e8che-linge Climatisation Lancia Kappa et Kappa Coup\u00e9"},"content":{"rendered":"<p>Nouvelle pi\u00e8ce d&rsquo;imitation originale pour Lancia Kappa S\u00e8che-linge pour le syst\u00e8me Airco pour Lancia Kappa et Kappa Coup\u00e9. Le s\u00e9cheur fait partie du syst\u00e8me de tuyauterie de climatisation \u00e0 travers lequel circule le gaz de climatisation. Equip\u00e9 de 2 points de connexion d&rsquo;un diam\u00e8tre de 10,2 mm. Dimensions 190mm x 60mm. S\u00e9choir couleur aluminium. Applicable \u00e9galement aux Fiat Punto 1, Punto 2, Seicento, Brava, Bravo, Marea, Doblo, Barchetta. Applicable \u00e9galement aux Lancia Ypsilon 1 et Lancia Lybra. OEM Lancia 46527180<\/p>\n","protected":false},"excerpt":{"rendered":"<p>46527180 S\u00e8che-linge Climatisation Lancia Kappa et Kappa Coup\u00e9 Convient \u00e9galement pour Fiat Punto 1, Punto 2, Seicento, Brava, Bravo, Marea, Doblo<\/p>\n","protected":false},"featured_media":86200,"comment_status":"closed","ping_status":"closed","template":"","meta":{"_acf_changed":false},"product_brand":[],"product_cat":[1702,1862,1705,1865,1690,1860,1798,1873,1736,1748,1752,1882,1759,1880,1870,1914],"product_tag":[],"class_list":{"0":"post-85775","1":"product","2":"type-product","3":"status-publish","4":"has-post-thumbnail","6":"product_cat-barchetta-183-fr","7":"product_cat-berlina-fr","8":"product_cat-brava-198-fr","9":"product_cat-coupe-fr","10":"product_cat-fiat-fr","11":"product_cat-kappa-838-fr","12":"product_cat-lancia-fr","13":"product_cat-lybra-839-fr","14":"product_cat-marea-185-fr","15":"product_cat-punto-1-176-fr","16":"product_cat-punto-2-188-fr","17":"product_cat-sedan-lybra-839-fr","18":"product_cat-seicento-187-fr","19":"product_cat-sw-lybra-839-fr","20":"product_cat-sw-fr","21":"product_cat-ypsilon-1-840-fr","22":"pa_soort-onderdeel-climatisation-et-chauffage","24":"first","25":"instock","26":"taxable","27":"shipping-taxable","28":"purchasable","29":"product-type-simple"},"acf":[],"yoast_head":"<!-- This site is optimized with the Yoast SEO plugin v27.3 - https:\/\/yoast.com\/product\/yoast-seo-wordpress\/ -->\n<title>S\u00e8che-linge Climatisation Lancia Kappa et Kappa Coup\u00e9 - Turijnmagazijn<\/title>\n<meta name=\"robots\" content=\"index, follow, max-snippet:-1, max-image-preview:large, max-video-preview:-1\" \/>\n<link rel=\"canonical\" href=\"https:\/\/turijnmagazijn.nl\/fr\/produit\/dk010-dummy-kappa-kopie-kopie-kopie-6\/\" \/>\n<meta property=\"og:locale\" content=\"fr_FR\" \/>\n<meta property=\"og:type\" content=\"article\" \/>\n<meta property=\"og:title\" content=\"S\u00e8che-linge Climatisation Lancia Kappa et Kappa Coup\u00e9 - Turijnmagazijn\" \/>\n<meta property=\"og:description\" content=\"46527180 S\u00e8che-linge Climatisation Lancia Kappa et Kappa Coup\u00e9 Convient \u00e9galement pour Fiat Punto 1, Punto 2, Seicento, Brava, Bravo, Marea, Doblo\" \/>\n<meta property=\"og:url\" content=\"https:\/\/turijnmagazijn.nl\/fr\/produit\/dk010-dummy-kappa-kopie-kopie-kopie-6\/\" \/>\n<meta property=\"og:site_name\" content=\"Turijnmagazijn\" \/>\n<meta property=\"article:publisher\" content=\"https:\/\/www.facebook.com\/turijnmagazijn\" \/>\n<meta property=\"article:modified_time\" content=\"2025-04-16T14:08:39+00:00\" \/>\n<meta property=\"og:image\" content=\"https:\/\/turijnmagazijn.nl\/wp-content\/uploads\/2024\/11\/DN0100385-Droger-Airco-Lancia-Kappa-en-Kappa-Coupe-46527180-2.jpg\" \/>\n\t<meta property=\"og:image:width\" content=\"1440\" \/>\n\t<meta property=\"og:image:height\" content=\"1080\" \/>\n\t<meta property=\"og:image:type\" content=\"image\/jpeg\" \/>\n<meta name=\"twitter:card\" content=\"summary_large_image\" \/>\n<script type=\"application\/ld+json\" class=\"yoast-schema-graph\">{\"@context\":\"https:\\\/\\\/schema.org\",\"@graph\":[{\"@type\":\"WebPage\",\"@id\":\"https:\\\/\\\/turijnmagazijn.nl\\\/fr\\\/produit\\\/dk010-dummy-kappa-kopie-kopie-kopie-6\\\/\",\"url\":\"https:\\\/\\\/turijnmagazijn.nl\\\/fr\\\/produit\\\/dk010-dummy-kappa-kopie-kopie-kopie-6\\\/\",\"name\":\"S\u00e8che-linge Climatisation Lancia Kappa et Kappa Coup\u00e9 - Turijnmagazijn\",\"isPartOf\":{\"@id\":\"https:\\\/\\\/turijnmagazijn.jumpstone-dev.nl\\\/#website\"},\"primaryImageOfPage\":{\"@id\":\"https:\\\/\\\/turijnmagazijn.nl\\\/fr\\\/produit\\\/dk010-dummy-kappa-kopie-kopie-kopie-6\\\/#primaryimage\"},\"image\":{\"@id\":\"https:\\\/\\\/turijnmagazijn.nl\\\/fr\\\/produit\\\/dk010-dummy-kappa-kopie-kopie-kopie-6\\\/#primaryimage\"},\"thumbnailUrl\":\"https:\\\/\\\/turijnmagazijn.nl\\\/wp-content\\\/uploads\\\/2024\\\/11\\\/DN0100385-Droger-Airco-Lancia-Kappa-en-Kappa-Coupe-46527180-2.jpg\",\"datePublished\":\"2024-11-22T14:23:07+00:00\",\"dateModified\":\"2025-04-16T14:08:39+00:00\",\"breadcrumb\":{\"@id\":\"https:\\\/\\\/turijnmagazijn.nl\\\/fr\\\/produit\\\/dk010-dummy-kappa-kopie-kopie-kopie-6\\\/#breadcrumb\"},\"inLanguage\":\"fr-FR\",\"potentialAction\":[{\"@type\":\"ReadAction\",\"target\":[\"https:\\\/\\\/turijnmagazijn.nl\\\/fr\\\/produit\\\/dk010-dummy-kappa-kopie-kopie-kopie-6\\\/\"]}]},{\"@type\":\"ImageObject\",\"inLanguage\":\"fr-FR\",\"@id\":\"https:\\\/\\\/turijnmagazijn.nl\\\/fr\\\/produit\\\/dk010-dummy-kappa-kopie-kopie-kopie-6\\\/#primaryimage\",\"url\":\"https:\\\/\\\/turijnmagazijn.nl\\\/wp-content\\\/uploads\\\/2024\\\/11\\\/DN0100385-Droger-Airco-Lancia-Kappa-en-Kappa-Coupe-46527180-2.jpg\",\"contentUrl\":\"https:\\\/\\\/turijnmagazijn.nl\\\/wp-content\\\/uploads\\\/2024\\\/11\\\/DN0100385-Droger-Airco-Lancia-Kappa-en-Kappa-Coupe-46527180-2.jpg\",\"width\":1440,\"height\":1080},{\"@type\":\"BreadcrumbList\",\"@id\":\"https:\\\/\\\/turijnmagazijn.nl\\\/fr\\\/produit\\\/dk010-dummy-kappa-kopie-kopie-kopie-6\\\/#breadcrumb\",\"itemListElement\":[{\"@type\":\"ListItem\",\"position\":1,\"name\":\"Home\",\"item\":\"https:\\\/\\\/turijnmagazijn.nl\\\/fr\\\/\"},{\"@type\":\"ListItem\",\"position\":2,\"name\":\"Produits\",\"item\":\"https:\\\/\\\/turijnmagazijn.nl\\\/fr\\\/shop\\\/\"},{\"@type\":\"ListItem\",\"position\":3,\"name\":\"S\u00e8che-linge Climatisation Lancia Kappa et Kappa Coup\u00e9\"}]},{\"@type\":\"WebSite\",\"@id\":\"https:\\\/\\\/turijnmagazijn.jumpstone-dev.nl\\\/#website\",\"url\":\"https:\\\/\\\/turijnmagazijn.jumpstone-dev.nl\\\/\",\"name\":\"Turijnmagazijn\",\"description\":\"Onderdelen nieuw en gebruikt - Fiat &amp; Lancia\",\"publisher\":{\"@id\":\"https:\\\/\\\/turijnmagazijn.jumpstone-dev.nl\\\/#organization\"},\"potentialAction\":[{\"@type\":\"SearchAction\",\"target\":{\"@type\":\"EntryPoint\",\"urlTemplate\":\"https:\\\/\\\/turijnmagazijn.jumpstone-dev.nl\\\/?s={search_term_string}\"},\"query-input\":{\"@type\":\"PropertyValueSpecification\",\"valueRequired\":true,\"valueName\":\"search_term_string\"}}],\"inLanguage\":\"fr-FR\"},{\"@type\":\"Organization\",\"@id\":\"https:\\\/\\\/turijnmagazijn.jumpstone-dev.nl\\\/#organization\",\"name\":\"Turijnmagazijn\",\"url\":\"https:\\\/\\\/turijnmagazijn.jumpstone-dev.nl\\\/\",\"logo\":{\"@type\":\"ImageObject\",\"inLanguage\":\"fr-FR\",\"@id\":\"https:\\\/\\\/turijnmagazijn.jumpstone-dev.nl\\\/#\\\/schema\\\/logo\\\/image\\\/\",\"url\":\"https:\\\/\\\/turijnmagazijn.nl\\\/wp-content\\\/uploads\\\/2021\\\/02\\\/turijnmagazijnlogo.png\",\"contentUrl\":\"https:\\\/\\\/turijnmagazijn.nl\\\/wp-content\\\/uploads\\\/2021\\\/02\\\/turijnmagazijnlogo.png\",\"width\":555,\"height\":270,\"caption\":\"Turijnmagazijn\"},\"image\":{\"@id\":\"https:\\\/\\\/turijnmagazijn.jumpstone-dev.nl\\\/#\\\/schema\\\/logo\\\/image\\\/\"},\"sameAs\":[\"https:\\\/\\\/www.facebook.com\\\/turijnmagazijn\"]}]}<\/script>\n<!-- \/ Yoast SEO plugin. -->","yoast_head_json":{"title":"S\u00e8che-linge Climatisation Lancia Kappa et Kappa Coup\u00e9 - Turijnmagazijn","robots":{"index":"index","follow":"follow","max-snippet":"max-snippet:-1","max-image-preview":"max-image-preview:large","max-video-preview":"max-video-preview:-1"},"canonical":"https:\/\/turijnmagazijn.nl\/fr\/produit\/dk010-dummy-kappa-kopie-kopie-kopie-6\/","og_locale":"fr_FR","og_type":"article","og_title":"S\u00e8che-linge Climatisation Lancia Kappa et Kappa Coup\u00e9 - Turijnmagazijn","og_description":"46527180 S\u00e8che-linge Climatisation Lancia Kappa et Kappa Coup\u00e9 Convient \u00e9galement pour Fiat Punto 1, Punto 2, Seicento, Brava, Bravo, Marea, Doblo","og_url":"https:\/\/turijnmagazijn.nl\/fr\/produit\/dk010-dummy-kappa-kopie-kopie-kopie-6\/","og_site_name":"Turijnmagazijn","article_publisher":"https:\/\/www.facebook.com\/turijnmagazijn","article_modified_time":"2025-04-16T14:08:39+00:00","og_image":[{"width":1440,"height":1080,"url":"https:\/\/turijnmagazijn.nl\/wp-content\/uploads\/2024\/11\/DN0100385-Droger-Airco-Lancia-Kappa-en-Kappa-Coupe-46527180-2.jpg","type":"image\/jpeg"}],"twitter_card":"summary_large_image","schema":{"@context":"https:\/\/schema.org","@graph":[{"@type":"WebPage","@id":"https:\/\/turijnmagazijn.nl\/fr\/produit\/dk010-dummy-kappa-kopie-kopie-kopie-6\/","url":"https:\/\/turijnmagazijn.nl\/fr\/produit\/dk010-dummy-kappa-kopie-kopie-kopie-6\/","name":"S\u00e8che-linge Climatisation Lancia Kappa et Kappa Coup\u00e9 - Turijnmagazijn","isPartOf":{"@id":"https:\/\/turijnmagazijn.jumpstone-dev.nl\/#website"},"primaryImageOfPage":{"@id":"https:\/\/turijnmagazijn.nl\/fr\/produit\/dk010-dummy-kappa-kopie-kopie-kopie-6\/#primaryimage"},"image":{"@id":"https:\/\/turijnmagazijn.nl\/fr\/produit\/dk010-dummy-kappa-kopie-kopie-kopie-6\/#primaryimage"},"thumbnailUrl":"https:\/\/turijnmagazijn.nl\/wp-content\/uploads\/2024\/11\/DN0100385-Droger-Airco-Lancia-Kappa-en-Kappa-Coupe-46527180-2.jpg","datePublished":"2024-11-22T14:23:07+00:00","dateModified":"2025-04-16T14:08:39+00:00","breadcrumb":{"@id":"https:\/\/turijnmagazijn.nl\/fr\/produit\/dk010-dummy-kappa-kopie-kopie-kopie-6\/#breadcrumb"},"inLanguage":"fr-FR","potentialAction":[{"@type":"ReadAction","target":["https:\/\/turijnmagazijn.nl\/fr\/produit\/dk010-dummy-kappa-kopie-kopie-kopie-6\/"]}]},{"@type":"ImageObject","inLanguage":"fr-FR","@id":"https:\/\/turijnmagazijn.nl\/fr\/produit\/dk010-dummy-kappa-kopie-kopie-kopie-6\/#primaryimage","url":"https:\/\/turijnmagazijn.nl\/wp-content\/uploads\/2024\/11\/DN0100385-Droger-Airco-Lancia-Kappa-en-Kappa-Coupe-46527180-2.jpg","contentUrl":"https:\/\/turijnmagazijn.nl\/wp-content\/uploads\/2024\/11\/DN0100385-Droger-Airco-Lancia-Kappa-en-Kappa-Coupe-46527180-2.jpg","width":1440,"height":1080},{"@type":"BreadcrumbList","@id":"https:\/\/turijnmagazijn.nl\/fr\/produit\/dk010-dummy-kappa-kopie-kopie-kopie-6\/#breadcrumb","itemListElement":[{"@type":"ListItem","position":1,"name":"Home","item":"https:\/\/turijnmagazijn.nl\/fr\/"},{"@type":"ListItem","position":2,"name":"Produits","item":"https:\/\/turijnmagazijn.nl\/fr\/shop\/"},{"@type":"ListItem","position":3,"name":"S\u00e8che-linge Climatisation Lancia Kappa et Kappa Coup\u00e9"}]},{"@type":"WebSite","@id":"https:\/\/turijnmagazijn.jumpstone-dev.nl\/#website","url":"https:\/\/turijnmagazijn.jumpstone-dev.nl\/","name":"Turijnmagazijn","description":"Onderdelen nieuw en gebruikt - Fiat &amp; Lancia","publisher":{"@id":"https:\/\/turijnmagazijn.jumpstone-dev.nl\/#organization"},"potentialAction":[{"@type":"SearchAction","target":{"@type":"EntryPoint","urlTemplate":"https:\/\/turijnmagazijn.jumpstone-dev.nl\/?s={search_term_string}"},"query-input":{"@type":"PropertyValueSpecification","valueRequired":true,"valueName":"search_term_string"}}],"inLanguage":"fr-FR"},{"@type":"Organization","@id":"https:\/\/turijnmagazijn.jumpstone-dev.nl\/#organization","name":"Turijnmagazijn","url":"https:\/\/turijnmagazijn.jumpstone-dev.nl\/","logo":{"@type":"ImageObject","inLanguage":"fr-FR","@id":"https:\/\/turijnmagazijn.jumpstone-dev.nl\/#\/schema\/logo\/image\/","url":"https:\/\/turijnmagazijn.nl\/wp-content\/uploads\/2021\/02\/turijnmagazijnlogo.png","contentUrl":"https:\/\/turijnmagazijn.nl\/wp-content\/uploads\/2021\/02\/turijnmagazijnlogo.png","width":555,"height":270,"caption":"Turijnmagazijn"},"image":{"@id":"https:\/\/turijnmagazijn.jumpstone-dev.nl\/#\/schema\/logo\/image\/"},"sameAs":["https:\/\/www.facebook.com\/turijnmagazijn"]}]}},"_links":{"self":[{"href":"https:\/\/turijnmagazijn.nl\/fr\/wp-json\/wp\/v2\/product\/85775","targetHints":{"allow":["GET"]}}],"collection":[{"href":"https:\/\/turijnmagazijn.nl\/fr\/wp-json\/wp\/v2\/product"}],"about":[{"href":"https:\/\/turijnmagazijn.nl\/fr\/wp-json\/wp\/v2\/types\/product"}],"replies":[{"embeddable":true,"href":"https:\/\/turijnmagazijn.nl\/fr\/wp-json\/wp\/v2\/comments?post=85775"}],"wp:featuredmedia":[{"embeddable":true,"href":"https:\/\/turijnmagazijn.nl\/fr\/wp-json\/wp\/v2\/media\/86200"}],"wp:attachment":[{"href":"https:\/\/turijnmagazijn.nl\/fr\/wp-json\/wp\/v2\/media?parent=85775"}],"wp:term":[{"taxonomy":"product_brand","embeddable":true,"href":"https:\/\/turijnmagazijn.nl\/fr\/wp-json\/wp\/v2\/product_brand?post=85775"},{"taxonomy":"product_cat","embeddable":true,"href":"https:\/\/turijnmagazijn.nl\/fr\/wp-json\/wp\/v2\/product_cat?post=85775"},{"taxonomy":"product_tag","embeddable":true,"href":"https:\/\/turijnmagazijn.nl\/fr\/wp-json\/wp\/v2\/product_tag?post=85775"}],"curies":[{"name":"wp","href":"https:\/\/api.w.org\/{rel}","templated":true}]}}