{"id":89768,"date":"2025-02-28T16:04:38","date_gmt":"2025-02-28T15:04:38","guid":{"rendered":"https:\/\/turijnmagazijn.nl\/?post_type=product&#038;p=89768"},"modified":"2025-04-16T13:24:43","modified_gmt":"2025-04-16T11:24:43","slug":"interrupteur-de-deverrouillage-du-hayon-et-eclairage-de-la-boite-a-gants-lancia-kappa-kopie","status":"publish","type":"product","link":"https:\/\/turijnmagazijn.nl\/fr\/produit\/interrupteur-de-deverrouillage-du-hayon-et-eclairage-de-la-boite-a-gants-lancia-kappa-kopie\/","title":{"rendered":"Ornement bo\u00eete \u00e0 gants Lancia Kappa"},"content":{"rendered":"<p>Ornement utilis\u00e9 pour le montage dans la bo\u00eete \u00e0 gants de la Lancia Kappa. Applicable \u00e0 tous les mod\u00e8les Lancia Kappa mais \u00e0 partir d\u2019une berline construite en 1998.<\/p>\n<p>La pi\u00e8ce d\u00e9corative est finie avec du velours floqu\u00e9 noir. Il s&rsquo;agit d&rsquo;un cadre nu sans fixation pour les lumi\u00e8res dans la bo\u00eete \u00e0 gants, sans interrupteur pour allumer les lumi\u00e8res lors de l&rsquo;ouverture de la bo\u00eete \u00e0 gants et sans bouton pour l&rsquo;ouverture \u00e9lectronique du hayon.<\/p>\n<p>Num\u00e9ro OEM Lancia 715512064<\/p>\n<p>&nbsp;<\/p>\n","protected":false},"excerpt":{"rendered":"<p>715512064 cadre nu pour montage dans la bo\u00eete \u00e0 gants pour Lancia Kappa version velours noir.<\/p>\n","protected":false},"featured_media":89798,"comment_status":"open","ping_status":"closed","template":"","meta":{"_acf_changed":false},"product_brand":[],"product_cat":[1862,1865,1860,1798,1870],"product_tag":[],"class_list":{"0":"post-89768","1":"product","2":"type-product","3":"status-publish","4":"has-post-thumbnail","6":"product_cat-berlina-fr","7":"product_cat-coupe-fr","8":"product_cat-kappa-838-fr","9":"product_cat-lancia-fr","10":"product_cat-sw-fr","11":"pa_soort-onderdeel-tableau-de-bord-et-commutateurs","13":"first","14":"instock","15":"shipping-taxable","16":"purchasable","17":"product-type-simple"},"acf":[],"yoast_head":"<!-- This site is optimized with the Yoast SEO plugin v27.2 - https:\/\/yoast.com\/product\/yoast-seo-wordpress\/ -->\n<title>Ornement bo\u00eete \u00e0 gants Lancia Kappa - Turijnmagazijn<\/title>\n<meta name=\"robots\" content=\"index, follow, max-snippet:-1, max-image-preview:large, max-video-preview:-1\" \/>\n<link rel=\"canonical\" href=\"https:\/\/turijnmagazijn.nl\/fr\/produit\/interrupteur-de-deverrouillage-du-hayon-et-eclairage-de-la-boite-a-gants-lancia-kappa-kopie\/\" \/>\n<meta property=\"og:locale\" content=\"fr_FR\" \/>\n<meta property=\"og:type\" content=\"article\" \/>\n<meta property=\"og:title\" content=\"Ornement bo\u00eete \u00e0 gants Lancia Kappa - Turijnmagazijn\" \/>\n<meta property=\"og:description\" content=\"715512064 cadre nu pour montage dans la bo\u00eete \u00e0 gants pour Lancia Kappa version velours noir.\" \/>\n<meta property=\"og:url\" content=\"https:\/\/turijnmagazijn.nl\/fr\/produit\/interrupteur-de-deverrouillage-du-hayon-et-eclairage-de-la-boite-a-gants-lancia-kappa-kopie\/\" \/>\n<meta property=\"og:site_name\" content=\"Turijnmagazijn\" \/>\n<meta property=\"article:publisher\" content=\"https:\/\/www.facebook.com\/turijnmagazijn\" \/>\n<meta property=\"article:modified_time\" content=\"2025-04-16T11:24:43+00:00\" \/>\n<meta property=\"og:image\" content=\"https:\/\/turijnmagazijn.nl\/wp-content\/uploads\/2025\/02\/DK0102694-Ornament-dashboardkastje-Lancia-Kappa-715512064-4.jpg\" \/>\n\t<meta property=\"og:image:width\" content=\"1440\" \/>\n\t<meta property=\"og:image:height\" content=\"1080\" \/>\n\t<meta property=\"og:image:type\" content=\"image\/jpeg\" \/>\n<meta name=\"twitter:card\" content=\"summary_large_image\" \/>\n<script type=\"application\/ld+json\" class=\"yoast-schema-graph\">{\"@context\":\"https:\/\/schema.org\",\"@graph\":[{\"@type\":\"WebPage\",\"@id\":\"https:\/\/turijnmagazijn.nl\/fr\/produit\/interrupteur-de-deverrouillage-du-hayon-et-eclairage-de-la-boite-a-gants-lancia-kappa-kopie\/\",\"url\":\"https:\/\/turijnmagazijn.nl\/fr\/produit\/interrupteur-de-deverrouillage-du-hayon-et-eclairage-de-la-boite-a-gants-lancia-kappa-kopie\/\",\"name\":\"Ornement bo\u00eete \u00e0 gants Lancia Kappa - Turijnmagazijn\",\"isPartOf\":{\"@id\":\"https:\/\/turijnmagazijn.jumpstone-dev.nl\/#website\"},\"primaryImageOfPage\":{\"@id\":\"https:\/\/turijnmagazijn.nl\/fr\/produit\/interrupteur-de-deverrouillage-du-hayon-et-eclairage-de-la-boite-a-gants-lancia-kappa-kopie\/#primaryimage\"},\"image\":{\"@id\":\"https:\/\/turijnmagazijn.nl\/fr\/produit\/interrupteur-de-deverrouillage-du-hayon-et-eclairage-de-la-boite-a-gants-lancia-kappa-kopie\/#primaryimage\"},\"thumbnailUrl\":\"https:\/\/turijnmagazijn.nl\/wp-content\/uploads\/2025\/02\/DK0102694-Ornament-dashboardkastje-Lancia-Kappa-715512064-4.jpg\",\"datePublished\":\"2025-02-28T15:04:38+00:00\",\"dateModified\":\"2025-04-16T11:24:43+00:00\",\"breadcrumb\":{\"@id\":\"https:\/\/turijnmagazijn.nl\/fr\/produit\/interrupteur-de-deverrouillage-du-hayon-et-eclairage-de-la-boite-a-gants-lancia-kappa-kopie\/#breadcrumb\"},\"inLanguage\":\"fr-FR\",\"potentialAction\":[{\"@type\":\"ReadAction\",\"target\":[\"https:\/\/turijnmagazijn.nl\/fr\/produit\/interrupteur-de-deverrouillage-du-hayon-et-eclairage-de-la-boite-a-gants-lancia-kappa-kopie\/\"]}]},{\"@type\":\"ImageObject\",\"inLanguage\":\"fr-FR\",\"@id\":\"https:\/\/turijnmagazijn.nl\/fr\/produit\/interrupteur-de-deverrouillage-du-hayon-et-eclairage-de-la-boite-a-gants-lancia-kappa-kopie\/#primaryimage\",\"url\":\"https:\/\/turijnmagazijn.nl\/wp-content\/uploads\/2025\/02\/DK0102694-Ornament-dashboardkastje-Lancia-Kappa-715512064-4.jpg\",\"contentUrl\":\"https:\/\/turijnmagazijn.nl\/wp-content\/uploads\/2025\/02\/DK0102694-Ornament-dashboardkastje-Lancia-Kappa-715512064-4.jpg\",\"width\":1440,\"height\":1080},{\"@type\":\"BreadcrumbList\",\"@id\":\"https:\/\/turijnmagazijn.nl\/fr\/produit\/interrupteur-de-deverrouillage-du-hayon-et-eclairage-de-la-boite-a-gants-lancia-kappa-kopie\/#breadcrumb\",\"itemListElement\":[{\"@type\":\"ListItem\",\"position\":1,\"name\":\"Home\",\"item\":\"https:\/\/turijnmagazijn.nl\/fr\/\"},{\"@type\":\"ListItem\",\"position\":2,\"name\":\"Produits\",\"item\":\"https:\/\/turijnmagazijn.nl\/fr\/shop\/\"},{\"@type\":\"ListItem\",\"position\":3,\"name\":\"Ornement bo\u00eete \u00e0 gants Lancia Kappa\"}]},{\"@type\":\"WebSite\",\"@id\":\"https:\/\/turijnmagazijn.jumpstone-dev.nl\/#website\",\"url\":\"https:\/\/turijnmagazijn.jumpstone-dev.nl\/\",\"name\":\"Turijnmagazijn\",\"description\":\"Onderdelen nieuw en gebruikt - Fiat &amp; Lancia\",\"publisher\":{\"@id\":\"https:\/\/turijnmagazijn.jumpstone-dev.nl\/#organization\"},\"potentialAction\":[{\"@type\":\"SearchAction\",\"target\":{\"@type\":\"EntryPoint\",\"urlTemplate\":\"https:\/\/turijnmagazijn.jumpstone-dev.nl\/?s={search_term_string}\"},\"query-input\":{\"@type\":\"PropertyValueSpecification\",\"valueRequired\":true,\"valueName\":\"search_term_string\"}}],\"inLanguage\":\"fr-FR\"},{\"@type\":\"Organization\",\"@id\":\"https:\/\/turijnmagazijn.jumpstone-dev.nl\/#organization\",\"name\":\"Turijnmagazijn\",\"url\":\"https:\/\/turijnmagazijn.jumpstone-dev.nl\/\",\"logo\":{\"@type\":\"ImageObject\",\"inLanguage\":\"fr-FR\",\"@id\":\"https:\/\/turijnmagazijn.jumpstone-dev.nl\/#\/schema\/logo\/image\/\",\"url\":\"https:\/\/turijnmagazijn.nl\/wp-content\/uploads\/2021\/02\/turijnmagazijnlogo.png\",\"contentUrl\":\"https:\/\/turijnmagazijn.nl\/wp-content\/uploads\/2021\/02\/turijnmagazijnlogo.png\",\"width\":555,\"height\":270,\"caption\":\"Turijnmagazijn\"},\"image\":{\"@id\":\"https:\/\/turijnmagazijn.jumpstone-dev.nl\/#\/schema\/logo\/image\/\"},\"sameAs\":[\"https:\/\/www.facebook.com\/turijnmagazijn\"]}]}<\/script>\n<!-- \/ Yoast SEO plugin. -->","yoast_head_json":{"title":"Ornement bo\u00eete \u00e0 gants Lancia Kappa - Turijnmagazijn","robots":{"index":"index","follow":"follow","max-snippet":"max-snippet:-1","max-image-preview":"max-image-preview:large","max-video-preview":"max-video-preview:-1"},"canonical":"https:\/\/turijnmagazijn.nl\/fr\/produit\/interrupteur-de-deverrouillage-du-hayon-et-eclairage-de-la-boite-a-gants-lancia-kappa-kopie\/","og_locale":"fr_FR","og_type":"article","og_title":"Ornement bo\u00eete \u00e0 gants Lancia Kappa - Turijnmagazijn","og_description":"715512064 cadre nu pour montage dans la bo\u00eete \u00e0 gants pour Lancia Kappa version velours noir.","og_url":"https:\/\/turijnmagazijn.nl\/fr\/produit\/interrupteur-de-deverrouillage-du-hayon-et-eclairage-de-la-boite-a-gants-lancia-kappa-kopie\/","og_site_name":"Turijnmagazijn","article_publisher":"https:\/\/www.facebook.com\/turijnmagazijn","article_modified_time":"2025-04-16T11:24:43+00:00","og_image":[{"width":1440,"height":1080,"url":"https:\/\/turijnmagazijn.nl\/wp-content\/uploads\/2025\/02\/DK0102694-Ornament-dashboardkastje-Lancia-Kappa-715512064-4.jpg","type":"image\/jpeg"}],"twitter_card":"summary_large_image","schema":{"@context":"https:\/\/schema.org","@graph":[{"@type":"WebPage","@id":"https:\/\/turijnmagazijn.nl\/fr\/produit\/interrupteur-de-deverrouillage-du-hayon-et-eclairage-de-la-boite-a-gants-lancia-kappa-kopie\/","url":"https:\/\/turijnmagazijn.nl\/fr\/produit\/interrupteur-de-deverrouillage-du-hayon-et-eclairage-de-la-boite-a-gants-lancia-kappa-kopie\/","name":"Ornement bo\u00eete \u00e0 gants Lancia Kappa - Turijnmagazijn","isPartOf":{"@id":"https:\/\/turijnmagazijn.jumpstone-dev.nl\/#website"},"primaryImageOfPage":{"@id":"https:\/\/turijnmagazijn.nl\/fr\/produit\/interrupteur-de-deverrouillage-du-hayon-et-eclairage-de-la-boite-a-gants-lancia-kappa-kopie\/#primaryimage"},"image":{"@id":"https:\/\/turijnmagazijn.nl\/fr\/produit\/interrupteur-de-deverrouillage-du-hayon-et-eclairage-de-la-boite-a-gants-lancia-kappa-kopie\/#primaryimage"},"thumbnailUrl":"https:\/\/turijnmagazijn.nl\/wp-content\/uploads\/2025\/02\/DK0102694-Ornament-dashboardkastje-Lancia-Kappa-715512064-4.jpg","datePublished":"2025-02-28T15:04:38+00:00","dateModified":"2025-04-16T11:24:43+00:00","breadcrumb":{"@id":"https:\/\/turijnmagazijn.nl\/fr\/produit\/interrupteur-de-deverrouillage-du-hayon-et-eclairage-de-la-boite-a-gants-lancia-kappa-kopie\/#breadcrumb"},"inLanguage":"fr-FR","potentialAction":[{"@type":"ReadAction","target":["https:\/\/turijnmagazijn.nl\/fr\/produit\/interrupteur-de-deverrouillage-du-hayon-et-eclairage-de-la-boite-a-gants-lancia-kappa-kopie\/"]}]},{"@type":"ImageObject","inLanguage":"fr-FR","@id":"https:\/\/turijnmagazijn.nl\/fr\/produit\/interrupteur-de-deverrouillage-du-hayon-et-eclairage-de-la-boite-a-gants-lancia-kappa-kopie\/#primaryimage","url":"https:\/\/turijnmagazijn.nl\/wp-content\/uploads\/2025\/02\/DK0102694-Ornament-dashboardkastje-Lancia-Kappa-715512064-4.jpg","contentUrl":"https:\/\/turijnmagazijn.nl\/wp-content\/uploads\/2025\/02\/DK0102694-Ornament-dashboardkastje-Lancia-Kappa-715512064-4.jpg","width":1440,"height":1080},{"@type":"BreadcrumbList","@id":"https:\/\/turijnmagazijn.nl\/fr\/produit\/interrupteur-de-deverrouillage-du-hayon-et-eclairage-de-la-boite-a-gants-lancia-kappa-kopie\/#breadcrumb","itemListElement":[{"@type":"ListItem","position":1,"name":"Home","item":"https:\/\/turijnmagazijn.nl\/fr\/"},{"@type":"ListItem","position":2,"name":"Produits","item":"https:\/\/turijnmagazijn.nl\/fr\/shop\/"},{"@type":"ListItem","position":3,"name":"Ornement bo\u00eete \u00e0 gants Lancia Kappa"}]},{"@type":"WebSite","@id":"https:\/\/turijnmagazijn.jumpstone-dev.nl\/#website","url":"https:\/\/turijnmagazijn.jumpstone-dev.nl\/","name":"Turijnmagazijn","description":"Onderdelen nieuw en gebruikt - Fiat &amp; Lancia","publisher":{"@id":"https:\/\/turijnmagazijn.jumpstone-dev.nl\/#organization"},"potentialAction":[{"@type":"SearchAction","target":{"@type":"EntryPoint","urlTemplate":"https:\/\/turijnmagazijn.jumpstone-dev.nl\/?s={search_term_string}"},"query-input":{"@type":"PropertyValueSpecification","valueRequired":true,"valueName":"search_term_string"}}],"inLanguage":"fr-FR"},{"@type":"Organization","@id":"https:\/\/turijnmagazijn.jumpstone-dev.nl\/#organization","name":"Turijnmagazijn","url":"https:\/\/turijnmagazijn.jumpstone-dev.nl\/","logo":{"@type":"ImageObject","inLanguage":"fr-FR","@id":"https:\/\/turijnmagazijn.jumpstone-dev.nl\/#\/schema\/logo\/image\/","url":"https:\/\/turijnmagazijn.nl\/wp-content\/uploads\/2021\/02\/turijnmagazijnlogo.png","contentUrl":"https:\/\/turijnmagazijn.nl\/wp-content\/uploads\/2021\/02\/turijnmagazijnlogo.png","width":555,"height":270,"caption":"Turijnmagazijn"},"image":{"@id":"https:\/\/turijnmagazijn.jumpstone-dev.nl\/#\/schema\/logo\/image\/"},"sameAs":["https:\/\/www.facebook.com\/turijnmagazijn"]}]}},"_links":{"self":[{"href":"https:\/\/turijnmagazijn.nl\/fr\/wp-json\/wp\/v2\/product\/89768","targetHints":{"allow":["GET"]}}],"collection":[{"href":"https:\/\/turijnmagazijn.nl\/fr\/wp-json\/wp\/v2\/product"}],"about":[{"href":"https:\/\/turijnmagazijn.nl\/fr\/wp-json\/wp\/v2\/types\/product"}],"replies":[{"embeddable":true,"href":"https:\/\/turijnmagazijn.nl\/fr\/wp-json\/wp\/v2\/comments?post=89768"}],"wp:featuredmedia":[{"embeddable":true,"href":"https:\/\/turijnmagazijn.nl\/fr\/wp-json\/wp\/v2\/media\/89798"}],"wp:attachment":[{"href":"https:\/\/turijnmagazijn.nl\/fr\/wp-json\/wp\/v2\/media?parent=89768"}],"wp:term":[{"taxonomy":"product_brand","embeddable":true,"href":"https:\/\/turijnmagazijn.nl\/fr\/wp-json\/wp\/v2\/product_brand?post=89768"},{"taxonomy":"product_cat","embeddable":true,"href":"https:\/\/turijnmagazijn.nl\/fr\/wp-json\/wp\/v2\/product_cat?post=89768"},{"taxonomy":"product_tag","embeddable":true,"href":"https:\/\/turijnmagazijn.nl\/fr\/wp-json\/wp\/v2\/product_tag?post=89768"}],"curies":[{"name":"wp","href":"https:\/\/api.w.org\/{rel}","templated":true}]}}