{"id":91741,"date":"2025-02-15T11:50:04","date_gmt":"2025-02-15T10:50:04","guid":{"rendered":"https:\/\/turijnmagazijn.nl\/product\/outil-de-demontage-du-cache-moyeu-fiat-500x\/"},"modified":"2025-02-15T11:50:04","modified_gmt":"2025-02-15T10:50:04","slug":"outil-de-demontage-du-cache-moyeu-fiat-500x","status":"publish","type":"product","link":"https:\/\/turijnmagazijn.nl\/fr\/produit\/outil-de-demontage-du-cache-moyeu-fiat-500x\/","title":{"rendered":"Outil de d\u00e9montage du cache-moyeu Fiat 500X"},"content":{"rendered":"<p>Nouvel article. Gr\u00e2ce \u00e0 ce petit outil, vous pouvez retirer les enjoliveurs de moyeu de la Fiat 500X sans endommager la jante et les enjoliveurs. <\/p>\n<p>Ins\u00e9rez l&rsquo;extr\u00e9mit\u00e9 en biais dans le renfoncement situ\u00e9 entre la jante et le bord du capuchon.<\/p>\n<p>Tirez la poign\u00e9e vers vous pour retirer le couvercle.<\/p>\n<p>Bien que les enjoliveurs de moyeu de 500X soient encore disponibles, ils co\u00fbtent rapidement 20 euros l&rsquo;unit\u00e9. Cela vaut toujours la peine de pouvoir les retirer sans dommage \u00e0 l&rsquo;aide de ce petit outil et de garder votre ensemble complet. <\/p>\n<p>Des enjoliveurs de moyeu de rechange pour Fiat 500X peuvent \u00e9galement \u00eatre trouv\u00e9s dans notre boutique via ces liens :<\/p>\n<blockquote class=\"wp-embedded-content\" data-secret=\"a8YXCK3Awq\"><p><a href=\"https:\/\/turijnmagazijn.nl\/product\/naafdop-zwart-fiat-500x-originele-lichtmetalen-velgen\/\">Naafdeksel Zwart Fiat 500X originele lichtmetalen velgen<\/a><\/p><\/blockquote>\n<p><iframe class=\"wp-embedded-content\" sandbox=\"allow-scripts\" security=\"restricted\" style=\"position: absolute; visibility: hidden;\" title=\"\u00ab\u00a0Naafdeksel Zwart Fiat 500X originele lichtmetalen velgen\u00a0\u00bb &#8212; Turijnmagazijn\" src=\"https:\/\/turijnmagazijn.nl\/product\/naafdop-zwart-fiat-500x-originele-lichtmetalen-velgen\/embed\/#?secret=1iTXR3d0Jn#?secret=a8YXCK3Awq\" data-secret=\"a8YXCK3Awq\" width=\"600\" height=\"338\" frameborder=\"0\" marginwidth=\"0\" marginheight=\"0\" scrolling=\"no\"><\/iframe><\/p>\n<blockquote class=\"wp-embedded-content\" data-secret=\"OvhhrP7ezz\"><p><a href=\"https:\/\/turijnmagazijn.nl\/product\/naafdop-fiat-500x-chroom-en-zilver-735626312\/\">Naafdop Fiat 500X Chroom en zilver 735626312<\/a><\/p><\/blockquote>\n<p><iframe class=\"wp-embedded-content\" sandbox=\"allow-scripts\" security=\"restricted\" style=\"position: absolute; visibility: hidden;\" title=\"\u00ab\u00a0Naafdop Fiat 500X Chroom en zilver 735626312\u00a0\u00bb &#8212; Turijnmagazijn\" src=\"https:\/\/turijnmagazijn.nl\/product\/naafdop-fiat-500x-chroom-en-zilver-735626312\/embed\/#?secret=FdmTYSuebD#?secret=OvhhrP7ezz\" data-secret=\"OvhhrP7ezz\" width=\"600\" height=\"338\" frameborder=\"0\" marginwidth=\"0\" marginheight=\"0\" scrolling=\"no\"><\/iframe><\/p>\n","protected":false},"excerpt":{"rendered":"<p>Outil de d\u00e9montage de l&rsquo;enjoliveur de moyeu Jantes Fiat 500X<\/p>\n","protected":false},"featured_media":88992,"comment_status":"open","ping_status":"closed","template":"","meta":{"_acf_changed":false},"product_brand":[],"product_cat":[1700,1690],"product_tag":[],"class_list":{"0":"post-91741","1":"product","2":"type-product","3":"status-publish","4":"has-post-thumbnail","6":"product_cat-500x-334-fr","7":"product_cat-fiat-fr","8":"pa_soort-onderdeel-carrosserie-et-tolerie","10":"first","11":"instock","12":"taxable","13":"shipping-taxable","14":"purchasable","15":"product-type-simple"},"acf":[],"yoast_head":"<!-- This site is optimized with the Yoast SEO plugin v27.2 - https:\/\/yoast.com\/product\/yoast-seo-wordpress\/ -->\n<title>Outil de d\u00e9montage du cache-moyeu Fiat 500X - Turijnmagazijn<\/title>\n<meta name=\"robots\" content=\"index, follow, max-snippet:-1, max-image-preview:large, max-video-preview:-1\" \/>\n<link rel=\"canonical\" href=\"https:\/\/turijnmagazijn.nl\/fr\/produit\/outil-de-demontage-du-cache-moyeu-fiat-500x\/\" \/>\n<meta property=\"og:locale\" content=\"fr_FR\" \/>\n<meta property=\"og:type\" content=\"article\" \/>\n<meta property=\"og:title\" content=\"Outil de d\u00e9montage du cache-moyeu Fiat 500X - Turijnmagazijn\" \/>\n<meta property=\"og:description\" content=\"Outil de d\u00e9montage de l&#039;enjoliveur de moyeu Jantes Fiat 500X\" \/>\n<meta property=\"og:url\" content=\"https:\/\/turijnmagazijn.nl\/fr\/produit\/outil-de-demontage-du-cache-moyeu-fiat-500x\/\" \/>\n<meta property=\"og:site_name\" content=\"Turijnmagazijn\" \/>\n<meta property=\"article:publisher\" content=\"https:\/\/www.facebook.com\/turijnmagazijn\" \/>\n<meta property=\"og:image\" content=\"https:\/\/turijnmagazijn.nl\/wp-content\/uploads\/2025\/02\/DN0100401-b-Naafdeksel-trekker-Fiat-500X-1.jpg\" \/>\n\t<meta property=\"og:image:width\" content=\"1440\" \/>\n\t<meta property=\"og:image:height\" content=\"1080\" \/>\n\t<meta property=\"og:image:type\" content=\"image\/jpeg\" \/>\n<meta name=\"twitter:card\" content=\"summary_large_image\" \/>\n<meta name=\"twitter:label1\" content=\"Dur\u00e9e de lecture estim\u00e9e\" \/>\n\t<meta name=\"twitter:data1\" content=\"1 minute\" \/>\n<script type=\"application\/ld+json\" class=\"yoast-schema-graph\">{\"@context\":\"https:\/\/schema.org\",\"@graph\":[{\"@type\":\"WebPage\",\"@id\":\"https:\/\/turijnmagazijn.nl\/fr\/produit\/outil-de-demontage-du-cache-moyeu-fiat-500x\/\",\"url\":\"https:\/\/turijnmagazijn.nl\/fr\/produit\/outil-de-demontage-du-cache-moyeu-fiat-500x\/\",\"name\":\"Outil de d\u00e9montage du cache-moyeu Fiat 500X - Turijnmagazijn\",\"isPartOf\":{\"@id\":\"https:\/\/turijnmagazijn.jumpstone-dev.nl\/#website\"},\"primaryImageOfPage\":{\"@id\":\"https:\/\/turijnmagazijn.nl\/fr\/produit\/outil-de-demontage-du-cache-moyeu-fiat-500x\/#primaryimage\"},\"image\":{\"@id\":\"https:\/\/turijnmagazijn.nl\/fr\/produit\/outil-de-demontage-du-cache-moyeu-fiat-500x\/#primaryimage\"},\"thumbnailUrl\":\"https:\/\/turijnmagazijn.nl\/wp-content\/uploads\/2025\/02\/DN0100401-b-Naafdeksel-trekker-Fiat-500X-1.jpg\",\"datePublished\":\"2025-02-15T10:50:04+00:00\",\"breadcrumb\":{\"@id\":\"https:\/\/turijnmagazijn.nl\/fr\/produit\/outil-de-demontage-du-cache-moyeu-fiat-500x\/#breadcrumb\"},\"inLanguage\":\"fr-FR\",\"potentialAction\":[{\"@type\":\"ReadAction\",\"target\":[\"https:\/\/turijnmagazijn.nl\/fr\/produit\/outil-de-demontage-du-cache-moyeu-fiat-500x\/\"]}]},{\"@type\":\"ImageObject\",\"inLanguage\":\"fr-FR\",\"@id\":\"https:\/\/turijnmagazijn.nl\/fr\/produit\/outil-de-demontage-du-cache-moyeu-fiat-500x\/#primaryimage\",\"url\":\"https:\/\/turijnmagazijn.nl\/wp-content\/uploads\/2025\/02\/DN0100401-b-Naafdeksel-trekker-Fiat-500X-1.jpg\",\"contentUrl\":\"https:\/\/turijnmagazijn.nl\/wp-content\/uploads\/2025\/02\/DN0100401-b-Naafdeksel-trekker-Fiat-500X-1.jpg\",\"width\":1440,\"height\":1080},{\"@type\":\"BreadcrumbList\",\"@id\":\"https:\/\/turijnmagazijn.nl\/fr\/produit\/outil-de-demontage-du-cache-moyeu-fiat-500x\/#breadcrumb\",\"itemListElement\":[{\"@type\":\"ListItem\",\"position\":1,\"name\":\"Home\",\"item\":\"https:\/\/turijnmagazijn.nl\/fr\/\"},{\"@type\":\"ListItem\",\"position\":2,\"name\":\"Produits\",\"item\":\"https:\/\/turijnmagazijn.nl\/fr\/shop\/\"},{\"@type\":\"ListItem\",\"position\":3,\"name\":\"Outil de d\u00e9montage du cache-moyeu Fiat 500X\"}]},{\"@type\":\"WebSite\",\"@id\":\"https:\/\/turijnmagazijn.jumpstone-dev.nl\/#website\",\"url\":\"https:\/\/turijnmagazijn.jumpstone-dev.nl\/\",\"name\":\"Turijnmagazijn\",\"description\":\"Onderdelen nieuw en gebruikt - Fiat &amp; Lancia\",\"publisher\":{\"@id\":\"https:\/\/turijnmagazijn.jumpstone-dev.nl\/#organization\"},\"potentialAction\":[{\"@type\":\"SearchAction\",\"target\":{\"@type\":\"EntryPoint\",\"urlTemplate\":\"https:\/\/turijnmagazijn.jumpstone-dev.nl\/?s={search_term_string}\"},\"query-input\":{\"@type\":\"PropertyValueSpecification\",\"valueRequired\":true,\"valueName\":\"search_term_string\"}}],\"inLanguage\":\"fr-FR\"},{\"@type\":\"Organization\",\"@id\":\"https:\/\/turijnmagazijn.jumpstone-dev.nl\/#organization\",\"name\":\"Turijnmagazijn\",\"url\":\"https:\/\/turijnmagazijn.jumpstone-dev.nl\/\",\"logo\":{\"@type\":\"ImageObject\",\"inLanguage\":\"fr-FR\",\"@id\":\"https:\/\/turijnmagazijn.jumpstone-dev.nl\/#\/schema\/logo\/image\/\",\"url\":\"https:\/\/turijnmagazijn.nl\/wp-content\/uploads\/2021\/02\/turijnmagazijnlogo.png\",\"contentUrl\":\"https:\/\/turijnmagazijn.nl\/wp-content\/uploads\/2021\/02\/turijnmagazijnlogo.png\",\"width\":555,\"height\":270,\"caption\":\"Turijnmagazijn\"},\"image\":{\"@id\":\"https:\/\/turijnmagazijn.jumpstone-dev.nl\/#\/schema\/logo\/image\/\"},\"sameAs\":[\"https:\/\/www.facebook.com\/turijnmagazijn\"]}]}<\/script>\n<!-- \/ Yoast SEO plugin. -->","yoast_head_json":{"title":"Outil de d\u00e9montage du cache-moyeu Fiat 500X - Turijnmagazijn","robots":{"index":"index","follow":"follow","max-snippet":"max-snippet:-1","max-image-preview":"max-image-preview:large","max-video-preview":"max-video-preview:-1"},"canonical":"https:\/\/turijnmagazijn.nl\/fr\/produit\/outil-de-demontage-du-cache-moyeu-fiat-500x\/","og_locale":"fr_FR","og_type":"article","og_title":"Outil de d\u00e9montage du cache-moyeu Fiat 500X - Turijnmagazijn","og_description":"Outil de d\u00e9montage de l'enjoliveur de moyeu Jantes Fiat 500X","og_url":"https:\/\/turijnmagazijn.nl\/fr\/produit\/outil-de-demontage-du-cache-moyeu-fiat-500x\/","og_site_name":"Turijnmagazijn","article_publisher":"https:\/\/www.facebook.com\/turijnmagazijn","og_image":[{"width":1440,"height":1080,"url":"https:\/\/turijnmagazijn.nl\/wp-content\/uploads\/2025\/02\/DN0100401-b-Naafdeksel-trekker-Fiat-500X-1.jpg","type":"image\/jpeg"}],"twitter_card":"summary_large_image","twitter_misc":{"Dur\u00e9e de lecture estim\u00e9e":"1 minute"},"schema":{"@context":"https:\/\/schema.org","@graph":[{"@type":"WebPage","@id":"https:\/\/turijnmagazijn.nl\/fr\/produit\/outil-de-demontage-du-cache-moyeu-fiat-500x\/","url":"https:\/\/turijnmagazijn.nl\/fr\/produit\/outil-de-demontage-du-cache-moyeu-fiat-500x\/","name":"Outil de d\u00e9montage du cache-moyeu Fiat 500X - Turijnmagazijn","isPartOf":{"@id":"https:\/\/turijnmagazijn.jumpstone-dev.nl\/#website"},"primaryImageOfPage":{"@id":"https:\/\/turijnmagazijn.nl\/fr\/produit\/outil-de-demontage-du-cache-moyeu-fiat-500x\/#primaryimage"},"image":{"@id":"https:\/\/turijnmagazijn.nl\/fr\/produit\/outil-de-demontage-du-cache-moyeu-fiat-500x\/#primaryimage"},"thumbnailUrl":"https:\/\/turijnmagazijn.nl\/wp-content\/uploads\/2025\/02\/DN0100401-b-Naafdeksel-trekker-Fiat-500X-1.jpg","datePublished":"2025-02-15T10:50:04+00:00","breadcrumb":{"@id":"https:\/\/turijnmagazijn.nl\/fr\/produit\/outil-de-demontage-du-cache-moyeu-fiat-500x\/#breadcrumb"},"inLanguage":"fr-FR","potentialAction":[{"@type":"ReadAction","target":["https:\/\/turijnmagazijn.nl\/fr\/produit\/outil-de-demontage-du-cache-moyeu-fiat-500x\/"]}]},{"@type":"ImageObject","inLanguage":"fr-FR","@id":"https:\/\/turijnmagazijn.nl\/fr\/produit\/outil-de-demontage-du-cache-moyeu-fiat-500x\/#primaryimage","url":"https:\/\/turijnmagazijn.nl\/wp-content\/uploads\/2025\/02\/DN0100401-b-Naafdeksel-trekker-Fiat-500X-1.jpg","contentUrl":"https:\/\/turijnmagazijn.nl\/wp-content\/uploads\/2025\/02\/DN0100401-b-Naafdeksel-trekker-Fiat-500X-1.jpg","width":1440,"height":1080},{"@type":"BreadcrumbList","@id":"https:\/\/turijnmagazijn.nl\/fr\/produit\/outil-de-demontage-du-cache-moyeu-fiat-500x\/#breadcrumb","itemListElement":[{"@type":"ListItem","position":1,"name":"Home","item":"https:\/\/turijnmagazijn.nl\/fr\/"},{"@type":"ListItem","position":2,"name":"Produits","item":"https:\/\/turijnmagazijn.nl\/fr\/shop\/"},{"@type":"ListItem","position":3,"name":"Outil de d\u00e9montage du cache-moyeu Fiat 500X"}]},{"@type":"WebSite","@id":"https:\/\/turijnmagazijn.jumpstone-dev.nl\/#website","url":"https:\/\/turijnmagazijn.jumpstone-dev.nl\/","name":"Turijnmagazijn","description":"Onderdelen nieuw en gebruikt - Fiat &amp; Lancia","publisher":{"@id":"https:\/\/turijnmagazijn.jumpstone-dev.nl\/#organization"},"potentialAction":[{"@type":"SearchAction","target":{"@type":"EntryPoint","urlTemplate":"https:\/\/turijnmagazijn.jumpstone-dev.nl\/?s={search_term_string}"},"query-input":{"@type":"PropertyValueSpecification","valueRequired":true,"valueName":"search_term_string"}}],"inLanguage":"fr-FR"},{"@type":"Organization","@id":"https:\/\/turijnmagazijn.jumpstone-dev.nl\/#organization","name":"Turijnmagazijn","url":"https:\/\/turijnmagazijn.jumpstone-dev.nl\/","logo":{"@type":"ImageObject","inLanguage":"fr-FR","@id":"https:\/\/turijnmagazijn.jumpstone-dev.nl\/#\/schema\/logo\/image\/","url":"https:\/\/turijnmagazijn.nl\/wp-content\/uploads\/2021\/02\/turijnmagazijnlogo.png","contentUrl":"https:\/\/turijnmagazijn.nl\/wp-content\/uploads\/2021\/02\/turijnmagazijnlogo.png","width":555,"height":270,"caption":"Turijnmagazijn"},"image":{"@id":"https:\/\/turijnmagazijn.jumpstone-dev.nl\/#\/schema\/logo\/image\/"},"sameAs":["https:\/\/www.facebook.com\/turijnmagazijn"]}]}},"_links":{"self":[{"href":"https:\/\/turijnmagazijn.nl\/fr\/wp-json\/wp\/v2\/product\/91741","targetHints":{"allow":["GET"]}}],"collection":[{"href":"https:\/\/turijnmagazijn.nl\/fr\/wp-json\/wp\/v2\/product"}],"about":[{"href":"https:\/\/turijnmagazijn.nl\/fr\/wp-json\/wp\/v2\/types\/product"}],"replies":[{"embeddable":true,"href":"https:\/\/turijnmagazijn.nl\/fr\/wp-json\/wp\/v2\/comments?post=91741"}],"wp:featuredmedia":[{"embeddable":true,"href":"https:\/\/turijnmagazijn.nl\/fr\/wp-json\/wp\/v2\/media\/88992"}],"wp:attachment":[{"href":"https:\/\/turijnmagazijn.nl\/fr\/wp-json\/wp\/v2\/media?parent=91741"}],"wp:term":[{"taxonomy":"product_brand","embeddable":true,"href":"https:\/\/turijnmagazijn.nl\/fr\/wp-json\/wp\/v2\/product_brand?post=91741"},{"taxonomy":"product_cat","embeddable":true,"href":"https:\/\/turijnmagazijn.nl\/fr\/wp-json\/wp\/v2\/product_cat?post=91741"},{"taxonomy":"product_tag","embeddable":true,"href":"https:\/\/turijnmagazijn.nl\/fr\/wp-json\/wp\/v2\/product_tag?post=91741"}],"curies":[{"name":"wp","href":"https:\/\/api.w.org\/{rel}","templated":true}]}}