{"id":91749,"date":"2024-11-04T00:01:15","date_gmt":"2024-11-03T23:01:15","guid":{"rendered":"https:\/\/turijnmagazijn.nl\/product\/support-pour-panneau-de-porte-lancia-delta-integrale-imitation\/"},"modified":"2026-01-25T20:43:49","modified_gmt":"2026-01-25T19:43:49","slug":"support-pour-panneau-de-porte-lancia-delta-integrale-imitation","status":"publish","type":"product","link":"https:\/\/turijnmagazijn.nl\/fr\/produit\/support-pour-panneau-de-porte-lancia-delta-integrale-imitation\/","title":{"rendered":"Support pour panneau de porte Lancia Delta Integrale IMITATION"},"content":{"rendered":"<p>CONCERNE UNE PI\u00c8CE D&rsquo;IMITATION NE CORRESPONDANT PAS ENTI\u00c8REMENT \u00c0 L&rsquo;ARTICLE ORIGINAL<\/p>\n<p>Alternative \u00e0 la combinaison difficile \u00e0 trouver entre le cache d\u00e9coratif et le support pour fixer le panneau de porte au niveau du miroir.<br \/>\nCe support n&rsquo;a pas les pieds de l&rsquo;original, c&rsquo;est pourquoi il a tendance \u00e0 glisser un peu lors du serrage de la vis. En alignant manuellement le support au milieu, vous obtiendrez une bonne installation similaire \u00e0 l&rsquo;original. <\/p>\n<p>Ce support ne peut pas \u00eatre utilis\u00e9 avec le capuchon original portant le num\u00e9ro 82372115 mais est destin\u00e9 \u00e0 \u00eatre utilis\u00e9 en combinaison avec notre capuchon alternatif qui peut \u00eatre trouv\u00e9 sous le num\u00e9ro de pi\u00e8ce DN0100413.<br \/>\nLe design du capuchon d\u00e9coratif alternatif (DN0100413) diff\u00e8re l\u00e9g\u00e8rement de l&rsquo;original, le capuchon est un peu plus convexe et fait d&rsquo;un mat\u00e9riau noir brillant.<br \/>\nL&rsquo;apparence apr\u00e8s le montage peut \u00eatre v\u00e9rifi\u00e9e sur les photos.<\/p>\n<p>Pi\u00e8ce num\u00e9ro 2 du dessin technique de l&rsquo;EPER num\u00e9ro 137556CFCD72FF60EEF1692009D41AC4 concernant l&rsquo;application sur la Lancia Delta Integrale. 2 pi\u00e8ces de cette pi\u00e8ce sont n\u00e9cessaires par voiture. <\/p>\n<p>R\u00c9F\u00c9RENCE OEM SEULEMENT 82399461<\/p>\n","protected":false},"excerpt":{"rendered":"<p>82399461 SPACER Lancia Delta Integrale Panneau de porte. CONCERNE UNE PI\u00c8CE D&rsquo;IMITATION NE CORRESPONDANT PAS TOTALEMENT \u00c0 L&rsquo;ARTICLE ORIGINAL <\/p>\n","protected":false},"featured_media":90610,"comment_status":"open","ping_status":"closed","template":"","meta":{"_acf_changed":false},"product_brand":[],"product_cat":[1806,1821,1825,1836,1830,1838,1798],"product_tag":[],"class_list":{"0":"post-91749","1":"product","2":"type-product","3":"status-publish","4":"has-post-thumbnail","6":"product_cat-delta-1-831-fr","7":"product_cat-hf-4wd-fr","8":"product_cat-hf-turbo-fr","9":"product_cat-integrale-16v-fr","10":"product_cat-integrale-8v-fr","11":"product_cat-integrale-evo-fr","12":"product_cat-lancia-fr","13":"pa_soort-onderdeel-interieur-et-sellerie","15":"first","16":"instock","17":"sold-individually","18":"taxable","19":"shipping-taxable","20":"purchasable","21":"product-type-simple"},"acf":[],"yoast_head":"<!-- This site is optimized with the Yoast SEO plugin v27.2 - https:\/\/yoast.com\/product\/yoast-seo-wordpress\/ -->\n<title>Support pour panneau de porte Lancia Delta Integrale IMITATION - Turijnmagazijn<\/title>\n<meta name=\"robots\" content=\"index, follow, max-snippet:-1, max-image-preview:large, max-video-preview:-1\" \/>\n<link rel=\"canonical\" href=\"https:\/\/turijnmagazijn.nl\/fr\/produit\/support-pour-panneau-de-porte-lancia-delta-integrale-imitation\/\" \/>\n<meta property=\"og:locale\" content=\"fr_FR\" \/>\n<meta property=\"og:type\" content=\"article\" \/>\n<meta property=\"og:title\" content=\"Support pour panneau de porte Lancia Delta Integrale IMITATION - Turijnmagazijn\" \/>\n<meta property=\"og:description\" content=\"82399461 SPACER Lancia Delta Integrale Panneau de porte. CONCERNE UNE PI\u00c8CE D&#039;IMITATION NE CORRESPONDANT PAS TOTALEMENT \u00c0 L&#039;ARTICLE ORIGINAL\" \/>\n<meta property=\"og:url\" content=\"https:\/\/turijnmagazijn.nl\/fr\/produit\/support-pour-panneau-de-porte-lancia-delta-integrale-imitation\/\" \/>\n<meta property=\"og:site_name\" content=\"Turijnmagazijn\" \/>\n<meta property=\"article:publisher\" content=\"https:\/\/www.facebook.com\/turijnmagazijn\" \/>\n<meta property=\"article:modified_time\" content=\"2026-01-25T19:43:49+00:00\" \/>\n<meta property=\"og:image\" content=\"https:\/\/turijnmagazijn.nl\/wp-content\/uploads\/2024\/11\/DN0100414-Steun-voor-dop-deurpaneel-Lancia-Delta-Integrale-IMITATIE-82399461-6.jpg\" \/>\n\t<meta property=\"og:image:width\" content=\"1440\" \/>\n\t<meta property=\"og:image:height\" content=\"1080\" \/>\n\t<meta property=\"og:image:type\" content=\"image\/jpeg\" \/>\n<meta name=\"twitter:card\" content=\"summary_large_image\" \/>\n<meta name=\"twitter:label1\" content=\"Dur\u00e9e de lecture estim\u00e9e\" \/>\n\t<meta name=\"twitter:data1\" content=\"1 minute\" \/>\n<script type=\"application\/ld+json\" class=\"yoast-schema-graph\">{\"@context\":\"https:\/\/schema.org\",\"@graph\":[{\"@type\":\"WebPage\",\"@id\":\"https:\/\/turijnmagazijn.nl\/fr\/produit\/support-pour-panneau-de-porte-lancia-delta-integrale-imitation\/\",\"url\":\"https:\/\/turijnmagazijn.nl\/fr\/produit\/support-pour-panneau-de-porte-lancia-delta-integrale-imitation\/\",\"name\":\"Support pour panneau de porte Lancia Delta Integrale IMITATION - Turijnmagazijn\",\"isPartOf\":{\"@id\":\"https:\/\/turijnmagazijn.jumpstone-dev.nl\/#website\"},\"primaryImageOfPage\":{\"@id\":\"https:\/\/turijnmagazijn.nl\/fr\/produit\/support-pour-panneau-de-porte-lancia-delta-integrale-imitation\/#primaryimage\"},\"image\":{\"@id\":\"https:\/\/turijnmagazijn.nl\/fr\/produit\/support-pour-panneau-de-porte-lancia-delta-integrale-imitation\/#primaryimage\"},\"thumbnailUrl\":\"https:\/\/turijnmagazijn.nl\/wp-content\/uploads\/2024\/11\/DN0100414-Steun-voor-dop-deurpaneel-Lancia-Delta-Integrale-IMITATIE-82399461-6.jpg\",\"datePublished\":\"2024-11-03T23:01:15+00:00\",\"dateModified\":\"2026-01-25T19:43:49+00:00\",\"breadcrumb\":{\"@id\":\"https:\/\/turijnmagazijn.nl\/fr\/produit\/support-pour-panneau-de-porte-lancia-delta-integrale-imitation\/#breadcrumb\"},\"inLanguage\":\"fr-FR\",\"potentialAction\":[{\"@type\":\"ReadAction\",\"target\":[\"https:\/\/turijnmagazijn.nl\/fr\/produit\/support-pour-panneau-de-porte-lancia-delta-integrale-imitation\/\"]}]},{\"@type\":\"ImageObject\",\"inLanguage\":\"fr-FR\",\"@id\":\"https:\/\/turijnmagazijn.nl\/fr\/produit\/support-pour-panneau-de-porte-lancia-delta-integrale-imitation\/#primaryimage\",\"url\":\"https:\/\/turijnmagazijn.nl\/wp-content\/uploads\/2024\/11\/DN0100414-Steun-voor-dop-deurpaneel-Lancia-Delta-Integrale-IMITATIE-82399461-6.jpg\",\"contentUrl\":\"https:\/\/turijnmagazijn.nl\/wp-content\/uploads\/2024\/11\/DN0100414-Steun-voor-dop-deurpaneel-Lancia-Delta-Integrale-IMITATIE-82399461-6.jpg\",\"width\":1440,\"height\":1080},{\"@type\":\"BreadcrumbList\",\"@id\":\"https:\/\/turijnmagazijn.nl\/fr\/produit\/support-pour-panneau-de-porte-lancia-delta-integrale-imitation\/#breadcrumb\",\"itemListElement\":[{\"@type\":\"ListItem\",\"position\":1,\"name\":\"Home\",\"item\":\"https:\/\/turijnmagazijn.nl\/fr\/\"},{\"@type\":\"ListItem\",\"position\":2,\"name\":\"Produits\",\"item\":\"https:\/\/turijnmagazijn.nl\/fr\/shop\/\"},{\"@type\":\"ListItem\",\"position\":3,\"name\":\"Support pour panneau de porte Lancia Delta Integrale IMITATION\"}]},{\"@type\":\"WebSite\",\"@id\":\"https:\/\/turijnmagazijn.jumpstone-dev.nl\/#website\",\"url\":\"https:\/\/turijnmagazijn.jumpstone-dev.nl\/\",\"name\":\"Turijnmagazijn\",\"description\":\"Onderdelen nieuw en gebruikt - Fiat &amp; Lancia\",\"publisher\":{\"@id\":\"https:\/\/turijnmagazijn.jumpstone-dev.nl\/#organization\"},\"potentialAction\":[{\"@type\":\"SearchAction\",\"target\":{\"@type\":\"EntryPoint\",\"urlTemplate\":\"https:\/\/turijnmagazijn.jumpstone-dev.nl\/?s={search_term_string}\"},\"query-input\":{\"@type\":\"PropertyValueSpecification\",\"valueRequired\":true,\"valueName\":\"search_term_string\"}}],\"inLanguage\":\"fr-FR\"},{\"@type\":\"Organization\",\"@id\":\"https:\/\/turijnmagazijn.jumpstone-dev.nl\/#organization\",\"name\":\"Turijnmagazijn\",\"url\":\"https:\/\/turijnmagazijn.jumpstone-dev.nl\/\",\"logo\":{\"@type\":\"ImageObject\",\"inLanguage\":\"fr-FR\",\"@id\":\"https:\/\/turijnmagazijn.jumpstone-dev.nl\/#\/schema\/logo\/image\/\",\"url\":\"https:\/\/turijnmagazijn.nl\/wp-content\/uploads\/2021\/02\/turijnmagazijnlogo.png\",\"contentUrl\":\"https:\/\/turijnmagazijn.nl\/wp-content\/uploads\/2021\/02\/turijnmagazijnlogo.png\",\"width\":555,\"height\":270,\"caption\":\"Turijnmagazijn\"},\"image\":{\"@id\":\"https:\/\/turijnmagazijn.jumpstone-dev.nl\/#\/schema\/logo\/image\/\"},\"sameAs\":[\"https:\/\/www.facebook.com\/turijnmagazijn\"]}]}<\/script>\n<!-- \/ Yoast SEO plugin. -->","yoast_head_json":{"title":"Support pour panneau de porte Lancia Delta Integrale IMITATION - Turijnmagazijn","robots":{"index":"index","follow":"follow","max-snippet":"max-snippet:-1","max-image-preview":"max-image-preview:large","max-video-preview":"max-video-preview:-1"},"canonical":"https:\/\/turijnmagazijn.nl\/fr\/produit\/support-pour-panneau-de-porte-lancia-delta-integrale-imitation\/","og_locale":"fr_FR","og_type":"article","og_title":"Support pour panneau de porte Lancia Delta Integrale IMITATION - Turijnmagazijn","og_description":"82399461 SPACER Lancia Delta Integrale Panneau de porte. CONCERNE UNE PI\u00c8CE D'IMITATION NE CORRESPONDANT PAS TOTALEMENT \u00c0 L'ARTICLE ORIGINAL","og_url":"https:\/\/turijnmagazijn.nl\/fr\/produit\/support-pour-panneau-de-porte-lancia-delta-integrale-imitation\/","og_site_name":"Turijnmagazijn","article_publisher":"https:\/\/www.facebook.com\/turijnmagazijn","article_modified_time":"2026-01-25T19:43:49+00:00","og_image":[{"width":1440,"height":1080,"url":"https:\/\/turijnmagazijn.nl\/wp-content\/uploads\/2024\/11\/DN0100414-Steun-voor-dop-deurpaneel-Lancia-Delta-Integrale-IMITATIE-82399461-6.jpg","type":"image\/jpeg"}],"twitter_card":"summary_large_image","twitter_misc":{"Dur\u00e9e de lecture estim\u00e9e":"1 minute"},"schema":{"@context":"https:\/\/schema.org","@graph":[{"@type":"WebPage","@id":"https:\/\/turijnmagazijn.nl\/fr\/produit\/support-pour-panneau-de-porte-lancia-delta-integrale-imitation\/","url":"https:\/\/turijnmagazijn.nl\/fr\/produit\/support-pour-panneau-de-porte-lancia-delta-integrale-imitation\/","name":"Support pour panneau de porte Lancia Delta Integrale IMITATION - Turijnmagazijn","isPartOf":{"@id":"https:\/\/turijnmagazijn.jumpstone-dev.nl\/#website"},"primaryImageOfPage":{"@id":"https:\/\/turijnmagazijn.nl\/fr\/produit\/support-pour-panneau-de-porte-lancia-delta-integrale-imitation\/#primaryimage"},"image":{"@id":"https:\/\/turijnmagazijn.nl\/fr\/produit\/support-pour-panneau-de-porte-lancia-delta-integrale-imitation\/#primaryimage"},"thumbnailUrl":"https:\/\/turijnmagazijn.nl\/wp-content\/uploads\/2024\/11\/DN0100414-Steun-voor-dop-deurpaneel-Lancia-Delta-Integrale-IMITATIE-82399461-6.jpg","datePublished":"2024-11-03T23:01:15+00:00","dateModified":"2026-01-25T19:43:49+00:00","breadcrumb":{"@id":"https:\/\/turijnmagazijn.nl\/fr\/produit\/support-pour-panneau-de-porte-lancia-delta-integrale-imitation\/#breadcrumb"},"inLanguage":"fr-FR","potentialAction":[{"@type":"ReadAction","target":["https:\/\/turijnmagazijn.nl\/fr\/produit\/support-pour-panneau-de-porte-lancia-delta-integrale-imitation\/"]}]},{"@type":"ImageObject","inLanguage":"fr-FR","@id":"https:\/\/turijnmagazijn.nl\/fr\/produit\/support-pour-panneau-de-porte-lancia-delta-integrale-imitation\/#primaryimage","url":"https:\/\/turijnmagazijn.nl\/wp-content\/uploads\/2024\/11\/DN0100414-Steun-voor-dop-deurpaneel-Lancia-Delta-Integrale-IMITATIE-82399461-6.jpg","contentUrl":"https:\/\/turijnmagazijn.nl\/wp-content\/uploads\/2024\/11\/DN0100414-Steun-voor-dop-deurpaneel-Lancia-Delta-Integrale-IMITATIE-82399461-6.jpg","width":1440,"height":1080},{"@type":"BreadcrumbList","@id":"https:\/\/turijnmagazijn.nl\/fr\/produit\/support-pour-panneau-de-porte-lancia-delta-integrale-imitation\/#breadcrumb","itemListElement":[{"@type":"ListItem","position":1,"name":"Home","item":"https:\/\/turijnmagazijn.nl\/fr\/"},{"@type":"ListItem","position":2,"name":"Produits","item":"https:\/\/turijnmagazijn.nl\/fr\/shop\/"},{"@type":"ListItem","position":3,"name":"Support pour panneau de porte Lancia Delta Integrale IMITATION"}]},{"@type":"WebSite","@id":"https:\/\/turijnmagazijn.jumpstone-dev.nl\/#website","url":"https:\/\/turijnmagazijn.jumpstone-dev.nl\/","name":"Turijnmagazijn","description":"Onderdelen nieuw en gebruikt - Fiat &amp; Lancia","publisher":{"@id":"https:\/\/turijnmagazijn.jumpstone-dev.nl\/#organization"},"potentialAction":[{"@type":"SearchAction","target":{"@type":"EntryPoint","urlTemplate":"https:\/\/turijnmagazijn.jumpstone-dev.nl\/?s={search_term_string}"},"query-input":{"@type":"PropertyValueSpecification","valueRequired":true,"valueName":"search_term_string"}}],"inLanguage":"fr-FR"},{"@type":"Organization","@id":"https:\/\/turijnmagazijn.jumpstone-dev.nl\/#organization","name":"Turijnmagazijn","url":"https:\/\/turijnmagazijn.jumpstone-dev.nl\/","logo":{"@type":"ImageObject","inLanguage":"fr-FR","@id":"https:\/\/turijnmagazijn.jumpstone-dev.nl\/#\/schema\/logo\/image\/","url":"https:\/\/turijnmagazijn.nl\/wp-content\/uploads\/2021\/02\/turijnmagazijnlogo.png","contentUrl":"https:\/\/turijnmagazijn.nl\/wp-content\/uploads\/2021\/02\/turijnmagazijnlogo.png","width":555,"height":270,"caption":"Turijnmagazijn"},"image":{"@id":"https:\/\/turijnmagazijn.jumpstone-dev.nl\/#\/schema\/logo\/image\/"},"sameAs":["https:\/\/www.facebook.com\/turijnmagazijn"]}]}},"_links":{"self":[{"href":"https:\/\/turijnmagazijn.nl\/fr\/wp-json\/wp\/v2\/product\/91749","targetHints":{"allow":["GET"]}}],"collection":[{"href":"https:\/\/turijnmagazijn.nl\/fr\/wp-json\/wp\/v2\/product"}],"about":[{"href":"https:\/\/turijnmagazijn.nl\/fr\/wp-json\/wp\/v2\/types\/product"}],"replies":[{"embeddable":true,"href":"https:\/\/turijnmagazijn.nl\/fr\/wp-json\/wp\/v2\/comments?post=91749"}],"wp:featuredmedia":[{"embeddable":true,"href":"https:\/\/turijnmagazijn.nl\/fr\/wp-json\/wp\/v2\/media\/90610"}],"wp:attachment":[{"href":"https:\/\/turijnmagazijn.nl\/fr\/wp-json\/wp\/v2\/media?parent=91749"}],"wp:term":[{"taxonomy":"product_brand","embeddable":true,"href":"https:\/\/turijnmagazijn.nl\/fr\/wp-json\/wp\/v2\/product_brand?post=91749"},{"taxonomy":"product_cat","embeddable":true,"href":"https:\/\/turijnmagazijn.nl\/fr\/wp-json\/wp\/v2\/product_cat?post=91749"},{"taxonomy":"product_tag","embeddable":true,"href":"https:\/\/turijnmagazijn.nl\/fr\/wp-json\/wp\/v2\/product_tag?post=91749"}],"curies":[{"name":"wp","href":"https:\/\/api.w.org\/{rel}","templated":true}]}}