{"id":92376,"date":"2025-06-07T19:31:47","date_gmt":"2025-06-07T17:31:47","guid":{"rendered":"https:\/\/turijnmagazijn.nl\/?post_type=product&#038;p=92376"},"modified":"2026-03-19T18:36:27","modified_gmt":"2026-03-19T17:36:27","slug":"cache-moyeu-affleurant-logo-noir-lancia-delta-integrale-set-4-pcs-kopie-2","status":"publish","type":"product","link":"https:\/\/turijnmagazijn.nl\/fr\/produit\/cache-moyeu-affleurant-logo-noir-lancia-delta-integrale-set-4-pcs-kopie-2\/","title":{"rendered":"Cache moyeu jante \u00e9paisse noir logo Lancia Delta Integrale (set 4 pcs)"},"content":{"rendered":"<p>Ensemble de 4 nouveaux centres de roues de reproduction pour Lancia Delta Integrale. Cette taille d\u2019enjoliveur est \u00e9galement utilis\u00e9e sur certaines des jantes fournies sur les Kappa, Delta II, Thema et Ypsilon.<\/p>\n<p>Pour des exemples de jantes OEM dans lesquelles ces centres s\u2019ins\u00e8rent, voir les exemples de photos pour une application possible.<\/p>\n<p>L&rsquo;avant est un logo fini en d\u00f4me de gel, l&rsquo;arri\u00e8re est en deux parties ; sur le dessus un bord imprim\u00e9 en 3D et en dessous une partie moul\u00e9e par injection avec le degr\u00e9 original de feutrabilit\u00e9 et d&rsquo;ajustement.<\/p>\n<p>D&rsquo;un point de vue optique, ce type d&rsquo;enjoliveur a un aspect similaire \u00e0 celui des enjoliveurs OEM en raison du bord en plastique \u00e9pais qui permet au logo de d\u00e9passer un peu plus de la jante.<\/p>\n<p>Excellente alternative \u00e0 l\u2019original de Lancia sous le num\u00e9ro 82355891 46424280 et 46784941 couvercle qui ne sont malheureusement plus disponibles.<\/p>\n<p>Production propre aux Pays-Bas, directement disponible en stock.<\/p>\n<p>&nbsp;<\/p>\n<p>Le type d\u2019enjoliveurs qui remplacent cette reproduction a \u00e9t\u00e9 utilis\u00e9 en standard sur les voitures suivantes;<\/p>\n<ul>\n<li>Lancia Delta I avec mod\u00e8les Integrale et EVO<\/li>\n<li>Lancia Dedra I<\/li>\n<li>Th\u00e8me Lancia<\/li>\n<li>Lancia Kappa\n<ul>\n<li>Type de jante 46438588<\/li>\n<\/ul>\n<\/li>\n<li>Lancia Delta II<\/li>\n<li>Lancia Ypsilon 1\n<ul>\n<li>Type de jante 46777506<\/li>\n<\/ul>\n<\/li>\n<\/ul>\n<p>\u00c0 titre d\u2019illustration, certaines photos de types de jantes sont attach\u00e9es \u00e0 l\u2019endroit o\u00f9 ces enjoliveurs s\u2019adaptent exactement.<\/p>\n<p>&nbsp;<\/p>\n<p>&nbsp;<\/p>\n","protected":false},"excerpt":{"rendered":"<p>Centre de roue jante \u00e9paisse noir logo Lancia Delta Integrale (set 4 pcs) &#8211; Set de 4 nouveaux centres de roue de reproduction pour Lancia Delta Integrale.centre de roue jante \u00e9paisse noir logo Lancia Delta Integrale (set 4 pcs) -REPRODUCTION-<\/p>\n","protected":false},"featured_media":92820,"comment_status":"closed","ping_status":"closed","template":"","meta":{"_acf_changed":false},"product_brand":[],"product_cat":[1809,1846,1851,1862,1802,1806,1841,1819,1821,1825,1836,1830,1838,1860,1798,1870,1896,1902,1897,1914],"product_tag":[],"class_list":{"0":"post-92376","1":"product","2":"type-product","3":"status-publish","4":"has-post-thumbnail","6":"product_cat-1-1-1-3-1-5-fr","7":"product_cat-3-deurs-hpe-fr","8":"product_cat-5-deurs-fr","9":"product_cat-berlina-fr","10":"product_cat-dedra-835-fr","11":"product_cat-delta-1-831-fr","12":"product_cat-delta-2-836-fr","13":"product_cat-gt-i-e-fr","14":"product_cat-hf-4wd-fr","15":"product_cat-hf-turbo-fr","16":"product_cat-integrale-16v-fr","17":"product_cat-integrale-8v-fr","18":"product_cat-integrale-evo-fr","19":"product_cat-kappa-838-fr","20":"product_cat-lancia-fr","21":"product_cat-sw-fr","22":"product_cat-thema-834-fr","23":"product_cat-thema-sedan-fr","24":"product_cat-thema-sw-fr","25":"product_cat-ypsilon-1-840-fr","26":"pa_soort-onderdeel-carrosserie-et-tolerie","28":"first","29":"instock","30":"featured","31":"taxable","32":"shipping-taxable","33":"purchasable","34":"product-type-simple"},"acf":[],"yoast_head":"<!-- This site is optimized with the Yoast SEO plugin v27.3 - https:\/\/yoast.com\/product\/yoast-seo-wordpress\/ -->\n<title>Cache moyeu jante \u00e9paisse noir logo Lancia Delta Integrale (set 4 pcs) - Turijnmagazijn<\/title>\n<meta name=\"robots\" content=\"index, follow, max-snippet:-1, max-image-preview:large, max-video-preview:-1\" \/>\n<link rel=\"canonical\" href=\"https:\/\/turijnmagazijn.nl\/fr\/produit\/cache-moyeu-affleurant-logo-noir-lancia-delta-integrale-set-4-pcs-kopie-2\/\" \/>\n<meta property=\"og:locale\" content=\"fr_FR\" \/>\n<meta property=\"og:type\" content=\"article\" \/>\n<meta property=\"og:title\" content=\"Cache moyeu jante \u00e9paisse noir logo Lancia Delta Integrale (set 4 pcs) - Turijnmagazijn\" \/>\n<meta property=\"og:description\" content=\"Centre de roue jante \u00e9paisse noir logo Lancia Delta Integrale (set 4 pcs) - Set de 4 nouveaux centres de roue de reproduction pour Lancia Delta Integrale.centre de roue jante \u00e9paisse noir logo Lancia Delta Integrale (set 4 pcs) -REPRODUCTION-\" \/>\n<meta property=\"og:url\" content=\"https:\/\/turijnmagazijn.nl\/fr\/produit\/cache-moyeu-affleurant-logo-noir-lancia-delta-integrale-set-4-pcs-kopie-2\/\" \/>\n<meta property=\"og:site_name\" content=\"Turijnmagazijn\" \/>\n<meta property=\"article:publisher\" content=\"https:\/\/www.facebook.com\/turijnmagazijn\" \/>\n<meta property=\"article:modified_time\" content=\"2026-03-19T17:36:27+00:00\" \/>\n<meta name=\"twitter:card\" content=\"summary_large_image\" \/>\n<meta name=\"twitter:label1\" content=\"Dur\u00e9e de lecture estim\u00e9e\" \/>\n\t<meta name=\"twitter:data1\" content=\"1 minute\" \/>\n<script type=\"application\/ld+json\" class=\"yoast-schema-graph\">{\"@context\":\"https:\\\/\\\/schema.org\",\"@graph\":[{\"@type\":\"WebPage\",\"@id\":\"https:\\\/\\\/turijnmagazijn.nl\\\/fr\\\/produit\\\/cache-moyeu-affleurant-logo-noir-lancia-delta-integrale-set-4-pcs-kopie-2\\\/\",\"url\":\"https:\\\/\\\/turijnmagazijn.nl\\\/fr\\\/produit\\\/cache-moyeu-affleurant-logo-noir-lancia-delta-integrale-set-4-pcs-kopie-2\\\/\",\"name\":\"Cache moyeu jante \u00e9paisse noir logo Lancia Delta Integrale (set 4 pcs) - Turijnmagazijn\",\"isPartOf\":{\"@id\":\"https:\\\/\\\/turijnmagazijn.jumpstone-dev.nl\\\/#website\"},\"primaryImageOfPage\":{\"@id\":\"https:\\\/\\\/turijnmagazijn.nl\\\/fr\\\/produit\\\/cache-moyeu-affleurant-logo-noir-lancia-delta-integrale-set-4-pcs-kopie-2\\\/#primaryimage\"},\"image\":{\"@id\":\"https:\\\/\\\/turijnmagazijn.nl\\\/fr\\\/produit\\\/cache-moyeu-affleurant-logo-noir-lancia-delta-integrale-set-4-pcs-kopie-2\\\/#primaryimage\"},\"thumbnailUrl\":\"https:\\\/\\\/turijnmagazijn.nl\\\/wp-content\\\/uploads\\\/2025\\\/06\\\/DN0100142-Wielcenter-dikke-rand-zwart-logo-Lancia-Delta-Integrale-set-4-st.-46424280-1.jpg\",\"datePublished\":\"2025-06-07T17:31:47+00:00\",\"dateModified\":\"2026-03-19T17:36:27+00:00\",\"breadcrumb\":{\"@id\":\"https:\\\/\\\/turijnmagazijn.nl\\\/fr\\\/produit\\\/cache-moyeu-affleurant-logo-noir-lancia-delta-integrale-set-4-pcs-kopie-2\\\/#breadcrumb\"},\"inLanguage\":\"fr-FR\",\"potentialAction\":[{\"@type\":\"ReadAction\",\"target\":[\"https:\\\/\\\/turijnmagazijn.nl\\\/fr\\\/produit\\\/cache-moyeu-affleurant-logo-noir-lancia-delta-integrale-set-4-pcs-kopie-2\\\/\"]}]},{\"@type\":\"ImageObject\",\"inLanguage\":\"fr-FR\",\"@id\":\"https:\\\/\\\/turijnmagazijn.nl\\\/fr\\\/produit\\\/cache-moyeu-affleurant-logo-noir-lancia-delta-integrale-set-4-pcs-kopie-2\\\/#primaryimage\",\"url\":\"https:\\\/\\\/turijnmagazijn.nl\\\/wp-content\\\/uploads\\\/2025\\\/06\\\/DN0100142-Wielcenter-dikke-rand-zwart-logo-Lancia-Delta-Integrale-set-4-st.-46424280-1.jpg\",\"contentUrl\":\"https:\\\/\\\/turijnmagazijn.nl\\\/wp-content\\\/uploads\\\/2025\\\/06\\\/DN0100142-Wielcenter-dikke-rand-zwart-logo-Lancia-Delta-Integrale-set-4-st.-46424280-1.jpg\",\"width\":1440,\"height\":1080},{\"@type\":\"BreadcrumbList\",\"@id\":\"https:\\\/\\\/turijnmagazijn.nl\\\/fr\\\/produit\\\/cache-moyeu-affleurant-logo-noir-lancia-delta-integrale-set-4-pcs-kopie-2\\\/#breadcrumb\",\"itemListElement\":[{\"@type\":\"ListItem\",\"position\":1,\"name\":\"Home\",\"item\":\"https:\\\/\\\/turijnmagazijn.nl\\\/fr\\\/\"},{\"@type\":\"ListItem\",\"position\":2,\"name\":\"Produits\",\"item\":\"https:\\\/\\\/turijnmagazijn.nl\\\/fr\\\/shop\\\/\"},{\"@type\":\"ListItem\",\"position\":3,\"name\":\"Cache moyeu jante \u00e9paisse noir logo Lancia Delta Integrale (set 4 pcs)\"}]},{\"@type\":\"WebSite\",\"@id\":\"https:\\\/\\\/turijnmagazijn.jumpstone-dev.nl\\\/#website\",\"url\":\"https:\\\/\\\/turijnmagazijn.jumpstone-dev.nl\\\/\",\"name\":\"Turijnmagazijn\",\"description\":\"Onderdelen nieuw en gebruikt - Fiat &amp; Lancia\",\"publisher\":{\"@id\":\"https:\\\/\\\/turijnmagazijn.jumpstone-dev.nl\\\/#organization\"},\"potentialAction\":[{\"@type\":\"SearchAction\",\"target\":{\"@type\":\"EntryPoint\",\"urlTemplate\":\"https:\\\/\\\/turijnmagazijn.jumpstone-dev.nl\\\/?s={search_term_string}\"},\"query-input\":{\"@type\":\"PropertyValueSpecification\",\"valueRequired\":true,\"valueName\":\"search_term_string\"}}],\"inLanguage\":\"fr-FR\"},{\"@type\":\"Organization\",\"@id\":\"https:\\\/\\\/turijnmagazijn.jumpstone-dev.nl\\\/#organization\",\"name\":\"Turijnmagazijn\",\"url\":\"https:\\\/\\\/turijnmagazijn.jumpstone-dev.nl\\\/\",\"logo\":{\"@type\":\"ImageObject\",\"inLanguage\":\"fr-FR\",\"@id\":\"https:\\\/\\\/turijnmagazijn.jumpstone-dev.nl\\\/#\\\/schema\\\/logo\\\/image\\\/\",\"url\":\"https:\\\/\\\/turijnmagazijn.nl\\\/wp-content\\\/uploads\\\/2021\\\/02\\\/turijnmagazijnlogo.png\",\"contentUrl\":\"https:\\\/\\\/turijnmagazijn.nl\\\/wp-content\\\/uploads\\\/2021\\\/02\\\/turijnmagazijnlogo.png\",\"width\":555,\"height\":270,\"caption\":\"Turijnmagazijn\"},\"image\":{\"@id\":\"https:\\\/\\\/turijnmagazijn.jumpstone-dev.nl\\\/#\\\/schema\\\/logo\\\/image\\\/\"},\"sameAs\":[\"https:\\\/\\\/www.facebook.com\\\/turijnmagazijn\"]}]}<\/script>\n<!-- \/ Yoast SEO plugin. -->","yoast_head_json":{"title":"Cache moyeu jante \u00e9paisse noir logo Lancia Delta Integrale (set 4 pcs) - Turijnmagazijn","robots":{"index":"index","follow":"follow","max-snippet":"max-snippet:-1","max-image-preview":"max-image-preview:large","max-video-preview":"max-video-preview:-1"},"canonical":"https:\/\/turijnmagazijn.nl\/fr\/produit\/cache-moyeu-affleurant-logo-noir-lancia-delta-integrale-set-4-pcs-kopie-2\/","og_locale":"fr_FR","og_type":"article","og_title":"Cache moyeu jante \u00e9paisse noir logo Lancia Delta Integrale (set 4 pcs) - Turijnmagazijn","og_description":"Centre de roue jante \u00e9paisse noir logo Lancia Delta Integrale (set 4 pcs) - Set de 4 nouveaux centres de roue de reproduction pour Lancia Delta Integrale.centre de roue jante \u00e9paisse noir logo Lancia Delta Integrale (set 4 pcs) -REPRODUCTION-","og_url":"https:\/\/turijnmagazijn.nl\/fr\/produit\/cache-moyeu-affleurant-logo-noir-lancia-delta-integrale-set-4-pcs-kopie-2\/","og_site_name":"Turijnmagazijn","article_publisher":"https:\/\/www.facebook.com\/turijnmagazijn","article_modified_time":"2026-03-19T17:36:27+00:00","twitter_card":"summary_large_image","twitter_misc":{"Dur\u00e9e de lecture estim\u00e9e":"1 minute"},"schema":{"@context":"https:\/\/schema.org","@graph":[{"@type":"WebPage","@id":"https:\/\/turijnmagazijn.nl\/fr\/produit\/cache-moyeu-affleurant-logo-noir-lancia-delta-integrale-set-4-pcs-kopie-2\/","url":"https:\/\/turijnmagazijn.nl\/fr\/produit\/cache-moyeu-affleurant-logo-noir-lancia-delta-integrale-set-4-pcs-kopie-2\/","name":"Cache moyeu jante \u00e9paisse noir logo Lancia Delta Integrale (set 4 pcs) - Turijnmagazijn","isPartOf":{"@id":"https:\/\/turijnmagazijn.jumpstone-dev.nl\/#website"},"primaryImageOfPage":{"@id":"https:\/\/turijnmagazijn.nl\/fr\/produit\/cache-moyeu-affleurant-logo-noir-lancia-delta-integrale-set-4-pcs-kopie-2\/#primaryimage"},"image":{"@id":"https:\/\/turijnmagazijn.nl\/fr\/produit\/cache-moyeu-affleurant-logo-noir-lancia-delta-integrale-set-4-pcs-kopie-2\/#primaryimage"},"thumbnailUrl":"https:\/\/turijnmagazijn.nl\/wp-content\/uploads\/2025\/06\/DN0100142-Wielcenter-dikke-rand-zwart-logo-Lancia-Delta-Integrale-set-4-st.-46424280-1.jpg","datePublished":"2025-06-07T17:31:47+00:00","dateModified":"2026-03-19T17:36:27+00:00","breadcrumb":{"@id":"https:\/\/turijnmagazijn.nl\/fr\/produit\/cache-moyeu-affleurant-logo-noir-lancia-delta-integrale-set-4-pcs-kopie-2\/#breadcrumb"},"inLanguage":"fr-FR","potentialAction":[{"@type":"ReadAction","target":["https:\/\/turijnmagazijn.nl\/fr\/produit\/cache-moyeu-affleurant-logo-noir-lancia-delta-integrale-set-4-pcs-kopie-2\/"]}]},{"@type":"ImageObject","inLanguage":"fr-FR","@id":"https:\/\/turijnmagazijn.nl\/fr\/produit\/cache-moyeu-affleurant-logo-noir-lancia-delta-integrale-set-4-pcs-kopie-2\/#primaryimage","url":"https:\/\/turijnmagazijn.nl\/wp-content\/uploads\/2025\/06\/DN0100142-Wielcenter-dikke-rand-zwart-logo-Lancia-Delta-Integrale-set-4-st.-46424280-1.jpg","contentUrl":"https:\/\/turijnmagazijn.nl\/wp-content\/uploads\/2025\/06\/DN0100142-Wielcenter-dikke-rand-zwart-logo-Lancia-Delta-Integrale-set-4-st.-46424280-1.jpg","width":1440,"height":1080},{"@type":"BreadcrumbList","@id":"https:\/\/turijnmagazijn.nl\/fr\/produit\/cache-moyeu-affleurant-logo-noir-lancia-delta-integrale-set-4-pcs-kopie-2\/#breadcrumb","itemListElement":[{"@type":"ListItem","position":1,"name":"Home","item":"https:\/\/turijnmagazijn.nl\/fr\/"},{"@type":"ListItem","position":2,"name":"Produits","item":"https:\/\/turijnmagazijn.nl\/fr\/shop\/"},{"@type":"ListItem","position":3,"name":"Cache moyeu jante \u00e9paisse noir logo Lancia Delta Integrale (set 4 pcs)"}]},{"@type":"WebSite","@id":"https:\/\/turijnmagazijn.jumpstone-dev.nl\/#website","url":"https:\/\/turijnmagazijn.jumpstone-dev.nl\/","name":"Turijnmagazijn","description":"Onderdelen nieuw en gebruikt - Fiat &amp; Lancia","publisher":{"@id":"https:\/\/turijnmagazijn.jumpstone-dev.nl\/#organization"},"potentialAction":[{"@type":"SearchAction","target":{"@type":"EntryPoint","urlTemplate":"https:\/\/turijnmagazijn.jumpstone-dev.nl\/?s={search_term_string}"},"query-input":{"@type":"PropertyValueSpecification","valueRequired":true,"valueName":"search_term_string"}}],"inLanguage":"fr-FR"},{"@type":"Organization","@id":"https:\/\/turijnmagazijn.jumpstone-dev.nl\/#organization","name":"Turijnmagazijn","url":"https:\/\/turijnmagazijn.jumpstone-dev.nl\/","logo":{"@type":"ImageObject","inLanguage":"fr-FR","@id":"https:\/\/turijnmagazijn.jumpstone-dev.nl\/#\/schema\/logo\/image\/","url":"https:\/\/turijnmagazijn.nl\/wp-content\/uploads\/2021\/02\/turijnmagazijnlogo.png","contentUrl":"https:\/\/turijnmagazijn.nl\/wp-content\/uploads\/2021\/02\/turijnmagazijnlogo.png","width":555,"height":270,"caption":"Turijnmagazijn"},"image":{"@id":"https:\/\/turijnmagazijn.jumpstone-dev.nl\/#\/schema\/logo\/image\/"},"sameAs":["https:\/\/www.facebook.com\/turijnmagazijn"]}]}},"_links":{"self":[{"href":"https:\/\/turijnmagazijn.nl\/fr\/wp-json\/wp\/v2\/product\/92376","targetHints":{"allow":["GET"]}}],"collection":[{"href":"https:\/\/turijnmagazijn.nl\/fr\/wp-json\/wp\/v2\/product"}],"about":[{"href":"https:\/\/turijnmagazijn.nl\/fr\/wp-json\/wp\/v2\/types\/product"}],"replies":[{"embeddable":true,"href":"https:\/\/turijnmagazijn.nl\/fr\/wp-json\/wp\/v2\/comments?post=92376"}],"wp:featuredmedia":[{"embeddable":true,"href":"https:\/\/turijnmagazijn.nl\/fr\/wp-json\/wp\/v2\/media\/92820"}],"wp:attachment":[{"href":"https:\/\/turijnmagazijn.nl\/fr\/wp-json\/wp\/v2\/media?parent=92376"}],"wp:term":[{"taxonomy":"product_brand","embeddable":true,"href":"https:\/\/turijnmagazijn.nl\/fr\/wp-json\/wp\/v2\/product_brand?post=92376"},{"taxonomy":"product_cat","embeddable":true,"href":"https:\/\/turijnmagazijn.nl\/fr\/wp-json\/wp\/v2\/product_cat?post=92376"},{"taxonomy":"product_tag","embeddable":true,"href":"https:\/\/turijnmagazijn.nl\/fr\/wp-json\/wp\/v2\/product_tag?post=92376"}],"curies":[{"name":"wp","href":"https:\/\/api.w.org\/{rel}","templated":true}]}}