{"id":92602,"date":"2025-06-30T21:46:23","date_gmt":"2025-06-30T19:46:23","guid":{"rendered":"https:\/\/turijnmagazijn.nl\/?post_type=product&#038;p=92602"},"modified":"2026-01-25T20:43:49","modified_gmt":"2026-01-25T19:43:49","slug":"support-pour-panneau-de-porte-lancia-delta-integrale-imitation-kopie","status":"publish","type":"product","link":"https:\/\/turijnmagazijn.nl\/fr\/produit\/support-pour-panneau-de-porte-lancia-delta-integrale-imitation-kopie\/","title":{"rendered":"Support pour panneau de porte Lancia Delta Integrale REPRODUIT AU DESIGN ORIGINAL"},"content":{"rendered":"<p>Support pour la finition du trou de vis dans le panneau de porte sous le montage du miroir d&rsquo;aile pour Lancia Delta Integrale.<br \/>\nAlternative pour le capuchon d\u00e9coratif avec le num\u00e9ro OEM 82399461<\/p>\n<p>Il s&rsquo;agit d&rsquo;une r\u00e9plique exacte, sous la forme d&rsquo;une impression 3D, du bouchon original.<\/p>\n<p>Pi\u00e8ce num\u00e9ro 2 du dessin technique de l&rsquo;EPER num\u00e9ro 137556CFCD72FF60EEF1692009D41AC4 concernant l&rsquo;application sur la Lancia Delta Integrale. 2 pi\u00e8ces de cette pi\u00e8ce sont n\u00e9cessaires par voiture. <\/p>\n<p>R\u00c9F\u00c9RENCE OEM SEULEMENT 82399461<\/p>\n","protected":false},"excerpt":{"rendered":"<p>82399461 SPACER support pour cache d\u00e9coratif Lancia Delta Integrale Panneau de porte. REPRODUIT SELON LE DESIGN ORIGINAL <\/p>\n","protected":false},"featured_media":92866,"comment_status":"open","ping_status":"closed","template":"","meta":{"_acf_changed":false},"product_brand":[],"product_cat":[1809,1806,1819,1821,1825,1836,1830,1838,1798],"product_tag":[],"class_list":{"0":"post-92602","1":"product","2":"type-product","3":"status-publish","4":"has-post-thumbnail","6":"product_cat-1-1-1-3-1-5-fr","7":"product_cat-delta-1-831-fr","8":"product_cat-gt-i-e-fr","9":"product_cat-hf-4wd-fr","10":"product_cat-hf-turbo-fr","11":"product_cat-integrale-16v-fr","12":"product_cat-integrale-8v-fr","13":"product_cat-integrale-evo-fr","14":"product_cat-lancia-fr","15":"pa_soort-onderdeel-interieur-et-sellerie","17":"first","18":"instock","19":"sold-individually","20":"taxable","21":"shipping-taxable","22":"purchasable","23":"product-type-simple"},"acf":[],"yoast_head":"<!-- This site is optimized with the Yoast SEO plugin v27.2 - https:\/\/yoast.com\/product\/yoast-seo-wordpress\/ -->\n<title>Support pour panneau de porte Lancia Delta Integrale REPRODUIT AU DESIGN ORIGINAL - Turijnmagazijn<\/title>\n<meta name=\"robots\" content=\"index, follow, max-snippet:-1, max-image-preview:large, max-video-preview:-1\" \/>\n<link rel=\"canonical\" href=\"https:\/\/turijnmagazijn.nl\/fr\/produit\/support-pour-panneau-de-porte-lancia-delta-integrale-imitation-kopie\/\" \/>\n<meta property=\"og:locale\" content=\"fr_FR\" \/>\n<meta property=\"og:type\" content=\"article\" \/>\n<meta property=\"og:title\" content=\"Support pour panneau de porte Lancia Delta Integrale REPRODUIT AU DESIGN ORIGINAL - Turijnmagazijn\" \/>\n<meta property=\"og:description\" content=\"82399461 SPACER support pour cache d\u00e9coratif Lancia Delta Integrale Panneau de porte. REPRODUIT SELON LE DESIGN ORIGINAL\" \/>\n<meta property=\"og:url\" content=\"https:\/\/turijnmagazijn.nl\/fr\/produit\/support-pour-panneau-de-porte-lancia-delta-integrale-imitation-kopie\/\" \/>\n<meta property=\"og:site_name\" content=\"Turijnmagazijn\" \/>\n<meta property=\"article:publisher\" content=\"https:\/\/www.facebook.com\/turijnmagazijn\" \/>\n<meta property=\"article:modified_time\" content=\"2026-01-25T19:43:49+00:00\" \/>\n<meta property=\"og:image\" content=\"https:\/\/turijnmagazijn.nl\/wp-content\/uploads\/2025\/06\/DN0100423-Steun-voor-dop-deurpaneel-schroef-REPRODUCED-TO-ORIGINAL-DESIGN-82399461-2.jpg\" \/>\n\t<meta property=\"og:image:width\" content=\"1440\" \/>\n\t<meta property=\"og:image:height\" content=\"1080\" \/>\n\t<meta property=\"og:image:type\" content=\"image\/jpeg\" \/>\n<meta name=\"twitter:card\" content=\"summary_large_image\" \/>\n<script type=\"application\/ld+json\" class=\"yoast-schema-graph\">{\"@context\":\"https:\/\/schema.org\",\"@graph\":[{\"@type\":\"WebPage\",\"@id\":\"https:\/\/turijnmagazijn.nl\/fr\/produit\/support-pour-panneau-de-porte-lancia-delta-integrale-imitation-kopie\/\",\"url\":\"https:\/\/turijnmagazijn.nl\/fr\/produit\/support-pour-panneau-de-porte-lancia-delta-integrale-imitation-kopie\/\",\"name\":\"Support pour panneau de porte Lancia Delta Integrale REPRODUIT AU DESIGN ORIGINAL - Turijnmagazijn\",\"isPartOf\":{\"@id\":\"https:\/\/turijnmagazijn.jumpstone-dev.nl\/#website\"},\"primaryImageOfPage\":{\"@id\":\"https:\/\/turijnmagazijn.nl\/fr\/produit\/support-pour-panneau-de-porte-lancia-delta-integrale-imitation-kopie\/#primaryimage\"},\"image\":{\"@id\":\"https:\/\/turijnmagazijn.nl\/fr\/produit\/support-pour-panneau-de-porte-lancia-delta-integrale-imitation-kopie\/#primaryimage\"},\"thumbnailUrl\":\"https:\/\/turijnmagazijn.nl\/wp-content\/uploads\/2025\/06\/DN0100423-Steun-voor-dop-deurpaneel-schroef-REPRODUCED-TO-ORIGINAL-DESIGN-82399461-2.jpg\",\"datePublished\":\"2025-06-30T19:46:23+00:00\",\"dateModified\":\"2026-01-25T19:43:49+00:00\",\"breadcrumb\":{\"@id\":\"https:\/\/turijnmagazijn.nl\/fr\/produit\/support-pour-panneau-de-porte-lancia-delta-integrale-imitation-kopie\/#breadcrumb\"},\"inLanguage\":\"fr-FR\",\"potentialAction\":[{\"@type\":\"ReadAction\",\"target\":[\"https:\/\/turijnmagazijn.nl\/fr\/produit\/support-pour-panneau-de-porte-lancia-delta-integrale-imitation-kopie\/\"]}]},{\"@type\":\"ImageObject\",\"inLanguage\":\"fr-FR\",\"@id\":\"https:\/\/turijnmagazijn.nl\/fr\/produit\/support-pour-panneau-de-porte-lancia-delta-integrale-imitation-kopie\/#primaryimage\",\"url\":\"https:\/\/turijnmagazijn.nl\/wp-content\/uploads\/2025\/06\/DN0100423-Steun-voor-dop-deurpaneel-schroef-REPRODUCED-TO-ORIGINAL-DESIGN-82399461-2.jpg\",\"contentUrl\":\"https:\/\/turijnmagazijn.nl\/wp-content\/uploads\/2025\/06\/DN0100423-Steun-voor-dop-deurpaneel-schroef-REPRODUCED-TO-ORIGINAL-DESIGN-82399461-2.jpg\",\"width\":1440,\"height\":1080},{\"@type\":\"BreadcrumbList\",\"@id\":\"https:\/\/turijnmagazijn.nl\/fr\/produit\/support-pour-panneau-de-porte-lancia-delta-integrale-imitation-kopie\/#breadcrumb\",\"itemListElement\":[{\"@type\":\"ListItem\",\"position\":1,\"name\":\"Home\",\"item\":\"https:\/\/turijnmagazijn.nl\/fr\/\"},{\"@type\":\"ListItem\",\"position\":2,\"name\":\"Produits\",\"item\":\"https:\/\/turijnmagazijn.nl\/fr\/shop\/\"},{\"@type\":\"ListItem\",\"position\":3,\"name\":\"Support pour panneau de porte Lancia Delta Integrale REPRODUIT AU DESIGN ORIGINAL\"}]},{\"@type\":\"WebSite\",\"@id\":\"https:\/\/turijnmagazijn.jumpstone-dev.nl\/#website\",\"url\":\"https:\/\/turijnmagazijn.jumpstone-dev.nl\/\",\"name\":\"Turijnmagazijn\",\"description\":\"Onderdelen nieuw en gebruikt - Fiat &amp; Lancia\",\"publisher\":{\"@id\":\"https:\/\/turijnmagazijn.jumpstone-dev.nl\/#organization\"},\"potentialAction\":[{\"@type\":\"SearchAction\",\"target\":{\"@type\":\"EntryPoint\",\"urlTemplate\":\"https:\/\/turijnmagazijn.jumpstone-dev.nl\/?s={search_term_string}\"},\"query-input\":{\"@type\":\"PropertyValueSpecification\",\"valueRequired\":true,\"valueName\":\"search_term_string\"}}],\"inLanguage\":\"fr-FR\"},{\"@type\":\"Organization\",\"@id\":\"https:\/\/turijnmagazijn.jumpstone-dev.nl\/#organization\",\"name\":\"Turijnmagazijn\",\"url\":\"https:\/\/turijnmagazijn.jumpstone-dev.nl\/\",\"logo\":{\"@type\":\"ImageObject\",\"inLanguage\":\"fr-FR\",\"@id\":\"https:\/\/turijnmagazijn.jumpstone-dev.nl\/#\/schema\/logo\/image\/\",\"url\":\"https:\/\/turijnmagazijn.nl\/wp-content\/uploads\/2021\/02\/turijnmagazijnlogo.png\",\"contentUrl\":\"https:\/\/turijnmagazijn.nl\/wp-content\/uploads\/2021\/02\/turijnmagazijnlogo.png\",\"width\":555,\"height\":270,\"caption\":\"Turijnmagazijn\"},\"image\":{\"@id\":\"https:\/\/turijnmagazijn.jumpstone-dev.nl\/#\/schema\/logo\/image\/\"},\"sameAs\":[\"https:\/\/www.facebook.com\/turijnmagazijn\"]}]}<\/script>\n<!-- \/ Yoast SEO plugin. -->","yoast_head_json":{"title":"Support pour panneau de porte Lancia Delta Integrale REPRODUIT AU DESIGN ORIGINAL - Turijnmagazijn","robots":{"index":"index","follow":"follow","max-snippet":"max-snippet:-1","max-image-preview":"max-image-preview:large","max-video-preview":"max-video-preview:-1"},"canonical":"https:\/\/turijnmagazijn.nl\/fr\/produit\/support-pour-panneau-de-porte-lancia-delta-integrale-imitation-kopie\/","og_locale":"fr_FR","og_type":"article","og_title":"Support pour panneau de porte Lancia Delta Integrale REPRODUIT AU DESIGN ORIGINAL - Turijnmagazijn","og_description":"82399461 SPACER support pour cache d\u00e9coratif Lancia Delta Integrale Panneau de porte. REPRODUIT SELON LE DESIGN ORIGINAL","og_url":"https:\/\/turijnmagazijn.nl\/fr\/produit\/support-pour-panneau-de-porte-lancia-delta-integrale-imitation-kopie\/","og_site_name":"Turijnmagazijn","article_publisher":"https:\/\/www.facebook.com\/turijnmagazijn","article_modified_time":"2026-01-25T19:43:49+00:00","og_image":[{"width":1440,"height":1080,"url":"https:\/\/turijnmagazijn.nl\/wp-content\/uploads\/2025\/06\/DN0100423-Steun-voor-dop-deurpaneel-schroef-REPRODUCED-TO-ORIGINAL-DESIGN-82399461-2.jpg","type":"image\/jpeg"}],"twitter_card":"summary_large_image","schema":{"@context":"https:\/\/schema.org","@graph":[{"@type":"WebPage","@id":"https:\/\/turijnmagazijn.nl\/fr\/produit\/support-pour-panneau-de-porte-lancia-delta-integrale-imitation-kopie\/","url":"https:\/\/turijnmagazijn.nl\/fr\/produit\/support-pour-panneau-de-porte-lancia-delta-integrale-imitation-kopie\/","name":"Support pour panneau de porte Lancia Delta Integrale REPRODUIT AU DESIGN ORIGINAL - Turijnmagazijn","isPartOf":{"@id":"https:\/\/turijnmagazijn.jumpstone-dev.nl\/#website"},"primaryImageOfPage":{"@id":"https:\/\/turijnmagazijn.nl\/fr\/produit\/support-pour-panneau-de-porte-lancia-delta-integrale-imitation-kopie\/#primaryimage"},"image":{"@id":"https:\/\/turijnmagazijn.nl\/fr\/produit\/support-pour-panneau-de-porte-lancia-delta-integrale-imitation-kopie\/#primaryimage"},"thumbnailUrl":"https:\/\/turijnmagazijn.nl\/wp-content\/uploads\/2025\/06\/DN0100423-Steun-voor-dop-deurpaneel-schroef-REPRODUCED-TO-ORIGINAL-DESIGN-82399461-2.jpg","datePublished":"2025-06-30T19:46:23+00:00","dateModified":"2026-01-25T19:43:49+00:00","breadcrumb":{"@id":"https:\/\/turijnmagazijn.nl\/fr\/produit\/support-pour-panneau-de-porte-lancia-delta-integrale-imitation-kopie\/#breadcrumb"},"inLanguage":"fr-FR","potentialAction":[{"@type":"ReadAction","target":["https:\/\/turijnmagazijn.nl\/fr\/produit\/support-pour-panneau-de-porte-lancia-delta-integrale-imitation-kopie\/"]}]},{"@type":"ImageObject","inLanguage":"fr-FR","@id":"https:\/\/turijnmagazijn.nl\/fr\/produit\/support-pour-panneau-de-porte-lancia-delta-integrale-imitation-kopie\/#primaryimage","url":"https:\/\/turijnmagazijn.nl\/wp-content\/uploads\/2025\/06\/DN0100423-Steun-voor-dop-deurpaneel-schroef-REPRODUCED-TO-ORIGINAL-DESIGN-82399461-2.jpg","contentUrl":"https:\/\/turijnmagazijn.nl\/wp-content\/uploads\/2025\/06\/DN0100423-Steun-voor-dop-deurpaneel-schroef-REPRODUCED-TO-ORIGINAL-DESIGN-82399461-2.jpg","width":1440,"height":1080},{"@type":"BreadcrumbList","@id":"https:\/\/turijnmagazijn.nl\/fr\/produit\/support-pour-panneau-de-porte-lancia-delta-integrale-imitation-kopie\/#breadcrumb","itemListElement":[{"@type":"ListItem","position":1,"name":"Home","item":"https:\/\/turijnmagazijn.nl\/fr\/"},{"@type":"ListItem","position":2,"name":"Produits","item":"https:\/\/turijnmagazijn.nl\/fr\/shop\/"},{"@type":"ListItem","position":3,"name":"Support pour panneau de porte Lancia Delta Integrale REPRODUIT AU DESIGN ORIGINAL"}]},{"@type":"WebSite","@id":"https:\/\/turijnmagazijn.jumpstone-dev.nl\/#website","url":"https:\/\/turijnmagazijn.jumpstone-dev.nl\/","name":"Turijnmagazijn","description":"Onderdelen nieuw en gebruikt - Fiat &amp; Lancia","publisher":{"@id":"https:\/\/turijnmagazijn.jumpstone-dev.nl\/#organization"},"potentialAction":[{"@type":"SearchAction","target":{"@type":"EntryPoint","urlTemplate":"https:\/\/turijnmagazijn.jumpstone-dev.nl\/?s={search_term_string}"},"query-input":{"@type":"PropertyValueSpecification","valueRequired":true,"valueName":"search_term_string"}}],"inLanguage":"fr-FR"},{"@type":"Organization","@id":"https:\/\/turijnmagazijn.jumpstone-dev.nl\/#organization","name":"Turijnmagazijn","url":"https:\/\/turijnmagazijn.jumpstone-dev.nl\/","logo":{"@type":"ImageObject","inLanguage":"fr-FR","@id":"https:\/\/turijnmagazijn.jumpstone-dev.nl\/#\/schema\/logo\/image\/","url":"https:\/\/turijnmagazijn.nl\/wp-content\/uploads\/2021\/02\/turijnmagazijnlogo.png","contentUrl":"https:\/\/turijnmagazijn.nl\/wp-content\/uploads\/2021\/02\/turijnmagazijnlogo.png","width":555,"height":270,"caption":"Turijnmagazijn"},"image":{"@id":"https:\/\/turijnmagazijn.jumpstone-dev.nl\/#\/schema\/logo\/image\/"},"sameAs":["https:\/\/www.facebook.com\/turijnmagazijn"]}]}},"_links":{"self":[{"href":"https:\/\/turijnmagazijn.nl\/fr\/wp-json\/wp\/v2\/product\/92602","targetHints":{"allow":["GET"]}}],"collection":[{"href":"https:\/\/turijnmagazijn.nl\/fr\/wp-json\/wp\/v2\/product"}],"about":[{"href":"https:\/\/turijnmagazijn.nl\/fr\/wp-json\/wp\/v2\/types\/product"}],"replies":[{"embeddable":true,"href":"https:\/\/turijnmagazijn.nl\/fr\/wp-json\/wp\/v2\/comments?post=92602"}],"wp:featuredmedia":[{"embeddable":true,"href":"https:\/\/turijnmagazijn.nl\/fr\/wp-json\/wp\/v2\/media\/92866"}],"wp:attachment":[{"href":"https:\/\/turijnmagazijn.nl\/fr\/wp-json\/wp\/v2\/media?parent=92602"}],"wp:term":[{"taxonomy":"product_brand","embeddable":true,"href":"https:\/\/turijnmagazijn.nl\/fr\/wp-json\/wp\/v2\/product_brand?post=92602"},{"taxonomy":"product_cat","embeddable":true,"href":"https:\/\/turijnmagazijn.nl\/fr\/wp-json\/wp\/v2\/product_cat?post=92602"},{"taxonomy":"product_tag","embeddable":true,"href":"https:\/\/turijnmagazijn.nl\/fr\/wp-json\/wp\/v2\/product_tag?post=92602"}],"curies":[{"name":"wp","href":"https:\/\/api.w.org\/{rel}","templated":true}]}}