{"id":92617,"date":"2025-07-01T09:02:45","date_gmt":"2025-07-01T07:02:45","guid":{"rendered":"https:\/\/turijnmagazijn.nl\/?post_type=product&#038;p=92617"},"modified":"2025-07-06T15:48:23","modified_gmt":"2025-07-06T13:48:23","slug":"ds010-dummy-lancia-delta-integrale-new-original-kopie-kopie-kopie","status":"publish","type":"product","link":"https:\/\/turijnmagazijn.nl\/fr\/produit\/ds010-dummy-lancia-delta-integrale-new-original-kopie-kopie-kopie\/","title":{"rendered":"Fiche blanche plate type 1 p\u00f4le m\u00e2le et femelle Delta Integrale"},"content":{"rendered":"<p>Nouvelle pi\u00e8ce d\u2019imitation.<\/p>\n<p>Il s&rsquo;agit des fiches blanches tr\u00e8s simples utilis\u00e9es sur les Lancia delta Integrale pour le branchement du klaxon dans le volant, entre autres. <\/p>\n<p>Ce type de fiche convient \u00e9galement au branchement du chauffage de la lunette arri\u00e8re.<\/p>\n<p>Ensemble compos\u00e9 d&rsquo;une fiche m\u00e2le et d&rsquo;une fiche femelle et du mat\u00e9riel de raccordement interne n\u00e9cessaire.<\/p>\n<p>Ces bouchons ne sont utilis\u00e9s que pour les applications int\u00e9rieures. Ils ne sont pas \u00e9tanches. <\/p>\n<p>OEM Lancia N\/A<\/p>\n","protected":false},"excerpt":{"rendered":"<p>Prise de type blanc plat 1 p\u00f4le m\u00e2le et femelle Delta Prise int\u00e9gr\u00e9e pour le chauffage de la lunette arri\u00e8re ou le klaxon.<\/p>\n","protected":false},"featured_media":92753,"comment_status":"closed","ping_status":"closed","template":"","meta":{"_acf_changed":false},"product_brand":[],"product_cat":[1809,1582,1806,1819,1821,1825,1836,1830,1838,1798],"product_tag":[],"class_list":{"0":"post-92617","1":"product","2":"type-product","3":"status-publish","4":"has-post-thumbnail","6":"product_cat-1-1-1-3-1-5-fr","7":"product_cat-alfa-romeo-fr","8":"product_cat-delta-1-831-fr","9":"product_cat-gt-i-e-fr","10":"product_cat-hf-4wd-fr","11":"product_cat-hf-turbo-fr","12":"product_cat-integrale-16v-fr","13":"product_cat-integrale-8v-fr","14":"product_cat-integrale-evo-fr","15":"product_cat-lancia-fr","16":"pa_soort-onderdeel-electronique-et-cables","18":"first","19":"instock","20":"taxable","21":"shipping-taxable","22":"purchasable","23":"product-type-simple"},"acf":[],"yoast_head":"<!-- This site is optimized with the Yoast SEO plugin v27.2 - https:\/\/yoast.com\/product\/yoast-seo-wordpress\/ -->\n<title>Fiche blanche plate type 1 p\u00f4le m\u00e2le et femelle Delta Integrale - Turijnmagazijn<\/title>\n<meta name=\"robots\" content=\"index, follow, max-snippet:-1, max-image-preview:large, max-video-preview:-1\" \/>\n<link rel=\"canonical\" href=\"https:\/\/turijnmagazijn.nl\/fr\/produit\/ds010-dummy-lancia-delta-integrale-new-original-kopie-kopie-kopie\/\" \/>\n<meta property=\"og:locale\" content=\"fr_FR\" \/>\n<meta property=\"og:type\" content=\"article\" \/>\n<meta property=\"og:title\" content=\"Fiche blanche plate type 1 p\u00f4le m\u00e2le et femelle Delta Integrale - Turijnmagazijn\" \/>\n<meta property=\"og:description\" content=\"Prise de type blanc plat 1 p\u00f4le m\u00e2le et femelle Delta Prise int\u00e9gr\u00e9e pour le chauffage de la lunette arri\u00e8re ou le klaxon.\" \/>\n<meta property=\"og:url\" content=\"https:\/\/turijnmagazijn.nl\/fr\/produit\/ds010-dummy-lancia-delta-integrale-new-original-kopie-kopie-kopie\/\" \/>\n<meta property=\"og:site_name\" content=\"Turijnmagazijn\" \/>\n<meta property=\"article:publisher\" content=\"https:\/\/www.facebook.com\/turijnmagazijn\" \/>\n<meta property=\"article:modified_time\" content=\"2025-07-06T13:48:23+00:00\" \/>\n<meta name=\"twitter:card\" content=\"summary_large_image\" \/>\n<script type=\"application\/ld+json\" class=\"yoast-schema-graph\">{\"@context\":\"https:\/\/schema.org\",\"@graph\":[{\"@type\":\"WebPage\",\"@id\":\"https:\/\/turijnmagazijn.nl\/fr\/produit\/ds010-dummy-lancia-delta-integrale-new-original-kopie-kopie-kopie\/\",\"url\":\"https:\/\/turijnmagazijn.nl\/fr\/produit\/ds010-dummy-lancia-delta-integrale-new-original-kopie-kopie-kopie\/\",\"name\":\"Fiche blanche plate type 1 p\u00f4le m\u00e2le et femelle Delta Integrale - Turijnmagazijn\",\"isPartOf\":{\"@id\":\"https:\/\/turijnmagazijn.jumpstone-dev.nl\/#website\"},\"primaryImageOfPage\":{\"@id\":\"https:\/\/turijnmagazijn.nl\/fr\/produit\/ds010-dummy-lancia-delta-integrale-new-original-kopie-kopie-kopie\/#primaryimage\"},\"image\":{\"@id\":\"https:\/\/turijnmagazijn.nl\/fr\/produit\/ds010-dummy-lancia-delta-integrale-new-original-kopie-kopie-kopie\/#primaryimage\"},\"thumbnailUrl\":\"https:\/\/turijnmagazijn.nl\/wp-content\/uploads\/2025\/07\/DN0100429-Set-1-polig-man-en-vrouw-stekker-Delta-Integrale-elektrisch-raam-claxon-2.jpg\",\"datePublished\":\"2025-07-01T07:02:45+00:00\",\"dateModified\":\"2025-07-06T13:48:23+00:00\",\"breadcrumb\":{\"@id\":\"https:\/\/turijnmagazijn.nl\/fr\/produit\/ds010-dummy-lancia-delta-integrale-new-original-kopie-kopie-kopie\/#breadcrumb\"},\"inLanguage\":\"fr-FR\",\"potentialAction\":[{\"@type\":\"ReadAction\",\"target\":[\"https:\/\/turijnmagazijn.nl\/fr\/produit\/ds010-dummy-lancia-delta-integrale-new-original-kopie-kopie-kopie\/\"]}]},{\"@type\":\"ImageObject\",\"inLanguage\":\"fr-FR\",\"@id\":\"https:\/\/turijnmagazijn.nl\/fr\/produit\/ds010-dummy-lancia-delta-integrale-new-original-kopie-kopie-kopie\/#primaryimage\",\"url\":\"https:\/\/turijnmagazijn.nl\/wp-content\/uploads\/2025\/07\/DN0100429-Set-1-polig-man-en-vrouw-stekker-Delta-Integrale-elektrisch-raam-claxon-2.jpg\",\"contentUrl\":\"https:\/\/turijnmagazijn.nl\/wp-content\/uploads\/2025\/07\/DN0100429-Set-1-polig-man-en-vrouw-stekker-Delta-Integrale-elektrisch-raam-claxon-2.jpg\",\"width\":1440,\"height\":1080},{\"@type\":\"BreadcrumbList\",\"@id\":\"https:\/\/turijnmagazijn.nl\/fr\/produit\/ds010-dummy-lancia-delta-integrale-new-original-kopie-kopie-kopie\/#breadcrumb\",\"itemListElement\":[{\"@type\":\"ListItem\",\"position\":1,\"name\":\"Home\",\"item\":\"https:\/\/turijnmagazijn.nl\/fr\/\"},{\"@type\":\"ListItem\",\"position\":2,\"name\":\"Produits\",\"item\":\"https:\/\/turijnmagazijn.nl\/fr\/shop\/\"},{\"@type\":\"ListItem\",\"position\":3,\"name\":\"Fiche blanche plate type 1 p\u00f4le m\u00e2le et femelle Delta Integrale\"}]},{\"@type\":\"WebSite\",\"@id\":\"https:\/\/turijnmagazijn.jumpstone-dev.nl\/#website\",\"url\":\"https:\/\/turijnmagazijn.jumpstone-dev.nl\/\",\"name\":\"Turijnmagazijn\",\"description\":\"Onderdelen nieuw en gebruikt - Fiat &amp; Lancia\",\"publisher\":{\"@id\":\"https:\/\/turijnmagazijn.jumpstone-dev.nl\/#organization\"},\"potentialAction\":[{\"@type\":\"SearchAction\",\"target\":{\"@type\":\"EntryPoint\",\"urlTemplate\":\"https:\/\/turijnmagazijn.jumpstone-dev.nl\/?s={search_term_string}\"},\"query-input\":{\"@type\":\"PropertyValueSpecification\",\"valueRequired\":true,\"valueName\":\"search_term_string\"}}],\"inLanguage\":\"fr-FR\"},{\"@type\":\"Organization\",\"@id\":\"https:\/\/turijnmagazijn.jumpstone-dev.nl\/#organization\",\"name\":\"Turijnmagazijn\",\"url\":\"https:\/\/turijnmagazijn.jumpstone-dev.nl\/\",\"logo\":{\"@type\":\"ImageObject\",\"inLanguage\":\"fr-FR\",\"@id\":\"https:\/\/turijnmagazijn.jumpstone-dev.nl\/#\/schema\/logo\/image\/\",\"url\":\"https:\/\/turijnmagazijn.nl\/wp-content\/uploads\/2021\/02\/turijnmagazijnlogo.png\",\"contentUrl\":\"https:\/\/turijnmagazijn.nl\/wp-content\/uploads\/2021\/02\/turijnmagazijnlogo.png\",\"width\":555,\"height\":270,\"caption\":\"Turijnmagazijn\"},\"image\":{\"@id\":\"https:\/\/turijnmagazijn.jumpstone-dev.nl\/#\/schema\/logo\/image\/\"},\"sameAs\":[\"https:\/\/www.facebook.com\/turijnmagazijn\"]}]}<\/script>\n<!-- \/ Yoast SEO plugin. -->","yoast_head_json":{"title":"Fiche blanche plate type 1 p\u00f4le m\u00e2le et femelle Delta Integrale - Turijnmagazijn","robots":{"index":"index","follow":"follow","max-snippet":"max-snippet:-1","max-image-preview":"max-image-preview:large","max-video-preview":"max-video-preview:-1"},"canonical":"https:\/\/turijnmagazijn.nl\/fr\/produit\/ds010-dummy-lancia-delta-integrale-new-original-kopie-kopie-kopie\/","og_locale":"fr_FR","og_type":"article","og_title":"Fiche blanche plate type 1 p\u00f4le m\u00e2le et femelle Delta Integrale - Turijnmagazijn","og_description":"Prise de type blanc plat 1 p\u00f4le m\u00e2le et femelle Delta Prise int\u00e9gr\u00e9e pour le chauffage de la lunette arri\u00e8re ou le klaxon.","og_url":"https:\/\/turijnmagazijn.nl\/fr\/produit\/ds010-dummy-lancia-delta-integrale-new-original-kopie-kopie-kopie\/","og_site_name":"Turijnmagazijn","article_publisher":"https:\/\/www.facebook.com\/turijnmagazijn","article_modified_time":"2025-07-06T13:48:23+00:00","twitter_card":"summary_large_image","schema":{"@context":"https:\/\/schema.org","@graph":[{"@type":"WebPage","@id":"https:\/\/turijnmagazijn.nl\/fr\/produit\/ds010-dummy-lancia-delta-integrale-new-original-kopie-kopie-kopie\/","url":"https:\/\/turijnmagazijn.nl\/fr\/produit\/ds010-dummy-lancia-delta-integrale-new-original-kopie-kopie-kopie\/","name":"Fiche blanche plate type 1 p\u00f4le m\u00e2le et femelle Delta Integrale - Turijnmagazijn","isPartOf":{"@id":"https:\/\/turijnmagazijn.jumpstone-dev.nl\/#website"},"primaryImageOfPage":{"@id":"https:\/\/turijnmagazijn.nl\/fr\/produit\/ds010-dummy-lancia-delta-integrale-new-original-kopie-kopie-kopie\/#primaryimage"},"image":{"@id":"https:\/\/turijnmagazijn.nl\/fr\/produit\/ds010-dummy-lancia-delta-integrale-new-original-kopie-kopie-kopie\/#primaryimage"},"thumbnailUrl":"https:\/\/turijnmagazijn.nl\/wp-content\/uploads\/2025\/07\/DN0100429-Set-1-polig-man-en-vrouw-stekker-Delta-Integrale-elektrisch-raam-claxon-2.jpg","datePublished":"2025-07-01T07:02:45+00:00","dateModified":"2025-07-06T13:48:23+00:00","breadcrumb":{"@id":"https:\/\/turijnmagazijn.nl\/fr\/produit\/ds010-dummy-lancia-delta-integrale-new-original-kopie-kopie-kopie\/#breadcrumb"},"inLanguage":"fr-FR","potentialAction":[{"@type":"ReadAction","target":["https:\/\/turijnmagazijn.nl\/fr\/produit\/ds010-dummy-lancia-delta-integrale-new-original-kopie-kopie-kopie\/"]}]},{"@type":"ImageObject","inLanguage":"fr-FR","@id":"https:\/\/turijnmagazijn.nl\/fr\/produit\/ds010-dummy-lancia-delta-integrale-new-original-kopie-kopie-kopie\/#primaryimage","url":"https:\/\/turijnmagazijn.nl\/wp-content\/uploads\/2025\/07\/DN0100429-Set-1-polig-man-en-vrouw-stekker-Delta-Integrale-elektrisch-raam-claxon-2.jpg","contentUrl":"https:\/\/turijnmagazijn.nl\/wp-content\/uploads\/2025\/07\/DN0100429-Set-1-polig-man-en-vrouw-stekker-Delta-Integrale-elektrisch-raam-claxon-2.jpg","width":1440,"height":1080},{"@type":"BreadcrumbList","@id":"https:\/\/turijnmagazijn.nl\/fr\/produit\/ds010-dummy-lancia-delta-integrale-new-original-kopie-kopie-kopie\/#breadcrumb","itemListElement":[{"@type":"ListItem","position":1,"name":"Home","item":"https:\/\/turijnmagazijn.nl\/fr\/"},{"@type":"ListItem","position":2,"name":"Produits","item":"https:\/\/turijnmagazijn.nl\/fr\/shop\/"},{"@type":"ListItem","position":3,"name":"Fiche blanche plate type 1 p\u00f4le m\u00e2le et femelle Delta Integrale"}]},{"@type":"WebSite","@id":"https:\/\/turijnmagazijn.jumpstone-dev.nl\/#website","url":"https:\/\/turijnmagazijn.jumpstone-dev.nl\/","name":"Turijnmagazijn","description":"Onderdelen nieuw en gebruikt - Fiat &amp; Lancia","publisher":{"@id":"https:\/\/turijnmagazijn.jumpstone-dev.nl\/#organization"},"potentialAction":[{"@type":"SearchAction","target":{"@type":"EntryPoint","urlTemplate":"https:\/\/turijnmagazijn.jumpstone-dev.nl\/?s={search_term_string}"},"query-input":{"@type":"PropertyValueSpecification","valueRequired":true,"valueName":"search_term_string"}}],"inLanguage":"fr-FR"},{"@type":"Organization","@id":"https:\/\/turijnmagazijn.jumpstone-dev.nl\/#organization","name":"Turijnmagazijn","url":"https:\/\/turijnmagazijn.jumpstone-dev.nl\/","logo":{"@type":"ImageObject","inLanguage":"fr-FR","@id":"https:\/\/turijnmagazijn.jumpstone-dev.nl\/#\/schema\/logo\/image\/","url":"https:\/\/turijnmagazijn.nl\/wp-content\/uploads\/2021\/02\/turijnmagazijnlogo.png","contentUrl":"https:\/\/turijnmagazijn.nl\/wp-content\/uploads\/2021\/02\/turijnmagazijnlogo.png","width":555,"height":270,"caption":"Turijnmagazijn"},"image":{"@id":"https:\/\/turijnmagazijn.jumpstone-dev.nl\/#\/schema\/logo\/image\/"},"sameAs":["https:\/\/www.facebook.com\/turijnmagazijn"]}]}},"_links":{"self":[{"href":"https:\/\/turijnmagazijn.nl\/fr\/wp-json\/wp\/v2\/product\/92617","targetHints":{"allow":["GET"]}}],"collection":[{"href":"https:\/\/turijnmagazijn.nl\/fr\/wp-json\/wp\/v2\/product"}],"about":[{"href":"https:\/\/turijnmagazijn.nl\/fr\/wp-json\/wp\/v2\/types\/product"}],"replies":[{"embeddable":true,"href":"https:\/\/turijnmagazijn.nl\/fr\/wp-json\/wp\/v2\/comments?post=92617"}],"wp:featuredmedia":[{"embeddable":true,"href":"https:\/\/turijnmagazijn.nl\/fr\/wp-json\/wp\/v2\/media\/92753"}],"wp:attachment":[{"href":"https:\/\/turijnmagazijn.nl\/fr\/wp-json\/wp\/v2\/media?parent=92617"}],"wp:term":[{"taxonomy":"product_brand","embeddable":true,"href":"https:\/\/turijnmagazijn.nl\/fr\/wp-json\/wp\/v2\/product_brand?post=92617"},{"taxonomy":"product_cat","embeddable":true,"href":"https:\/\/turijnmagazijn.nl\/fr\/wp-json\/wp\/v2\/product_cat?post=92617"},{"taxonomy":"product_tag","embeddable":true,"href":"https:\/\/turijnmagazijn.nl\/fr\/wp-json\/wp\/v2\/product_tag?post=92617"}],"curies":[{"name":"wp","href":"https:\/\/api.w.org\/{rel}","templated":true}]}}