{"id":93129,"date":"2025-07-16T21:32:45","date_gmt":"2025-07-16T19:32:45","guid":{"rendered":"https:\/\/turijnmagazijn.nl\/?post_type=product&#038;p=93129"},"modified":"2025-07-16T21:43:16","modified_gmt":"2025-07-16T19:43:16","slug":"feux-de-signalisation-relais-lancia-kappa-ferrari-maserati-kopie","status":"publish","type":"product","link":"https:\/\/turijnmagazijn.nl\/fr\/produit\/feux-de-signalisation-relais-lancia-kappa-ferrari-maserati-kopie\/","title":{"rendered":"Indicateur de relais Lancia Kappa Ferrari Maserati &#8211; Imitation"},"content":{"rendered":"<p><span style=\"font-weight: bold;\">Nouveau relais imitation <\/span>pour la commande des feux de signalisation et des clignotants pour Lancia Kappa. Ce relais a \u00e9galement \u00e9t\u00e9 utilis\u00e9 sur divers mod\u00e8les d\u2019Alfa Romeo (dont 166) Ferrari et Maserati. Comparez toujours le num\u00e9ro de pi\u00e8ce sur le relais d\u00e9fectueux avant de commander et de monter.<\/p>\n<p>Avec une Lancia Kappa, ce relais est situ\u00e9 \u00e0 la position E2 dans la bo\u00eete \u00e0 fusibles sous le tableau de bord.<\/p>\n<p>Le relais de couleur verte.<\/p>\n<p>Inscriptions sur le relais :<br \/>\nSDCB883<\/p>\n<p>46466571<\/p>\n<p>81894<\/p>\n<p>12V \/ 2(4) X 21W<\/p>\n<p>Statico<\/p>\n<p>fabriqu\u00e9 en Europe<\/p>\n<p>OEM Lancia 46466571 REFERENCE SEULEMENT &#8211; LA PIECE EST UNE REPRODUCTION DE HAUTE QUALITE<\/p>\n","protected":false},"excerpt":{"rendered":"<p>Relais feux de signalisation Lancia Kappa Ferrari Maserati &#8211; Nouvelle imitation de relais pour la commande des feux de signalisation pour Lancia Kappa.<\/p>\n","protected":false},"featured_media":93166,"comment_status":"closed","ping_status":"closed","template":"","meta":{"_acf_changed":false},"product_brand":[],"product_cat":[1650,1582,1862,1865,1860,1798,1870],"product_tag":[],"class_list":{"0":"post-93129","1":"product","2":"type-product","3":"status-publish","4":"has-post-thumbnail","6":"product_cat-166-936-fr","7":"product_cat-alfa-romeo-fr","8":"product_cat-berlina-fr","9":"product_cat-coupe-fr","10":"product_cat-kappa-838-fr","11":"product_cat-lancia-fr","12":"product_cat-sw-fr","13":"pa_soort-onderdeel-electronique-et-cables","15":"first","16":"instock","17":"taxable","18":"shipping-taxable","19":"purchasable","20":"product-type-simple"},"acf":[],"yoast_head":"<!-- This site is optimized with the Yoast SEO plugin v27.3 - https:\/\/yoast.com\/product\/yoast-seo-wordpress\/ -->\n<title>Indicateur de relais Lancia Kappa Ferrari Maserati - Imitation - Turijnmagazijn<\/title>\n<meta name=\"robots\" content=\"index, follow, max-snippet:-1, max-image-preview:large, max-video-preview:-1\" \/>\n<link rel=\"canonical\" href=\"https:\/\/turijnmagazijn.nl\/fr\/produit\/feux-de-signalisation-relais-lancia-kappa-ferrari-maserati-kopie\/\" \/>\n<meta property=\"og:locale\" content=\"fr_FR\" \/>\n<meta property=\"og:type\" content=\"article\" \/>\n<meta property=\"og:title\" content=\"Indicateur de relais Lancia Kappa Ferrari Maserati - Imitation - Turijnmagazijn\" \/>\n<meta property=\"og:description\" content=\"Relais feux de signalisation Lancia Kappa Ferrari Maserati - Nouvelle imitation de relais pour la commande des feux de signalisation pour Lancia Kappa.\" \/>\n<meta property=\"og:url\" content=\"https:\/\/turijnmagazijn.nl\/fr\/produit\/feux-de-signalisation-relais-lancia-kappa-ferrari-maserati-kopie\/\" \/>\n<meta property=\"og:site_name\" content=\"Turijnmagazijn\" \/>\n<meta property=\"article:publisher\" content=\"https:\/\/www.facebook.com\/turijnmagazijn\" \/>\n<meta property=\"article:modified_time\" content=\"2025-07-16T19:43:16+00:00\" \/>\n<meta property=\"og:image\" content=\"https:\/\/turijnmagazijn.nl\/wp-content\/uploads\/2025\/07\/DN0100431-Relais-Groen-knipperlicht-Lancia-Kappa-Ferrari-Maserati-Imitatie-46466571.jpeg\" \/>\n\t<meta property=\"og:image:width\" content=\"2048\" \/>\n\t<meta property=\"og:image:height\" content=\"1860\" \/>\n\t<meta property=\"og:image:type\" content=\"image\/jpeg\" \/>\n<meta name=\"twitter:card\" content=\"summary_large_image\" \/>\n<meta name=\"twitter:label1\" content=\"Dur\u00e9e de lecture estim\u00e9e\" \/>\n\t<meta name=\"twitter:data1\" content=\"1 minute\" \/>\n<script type=\"application\/ld+json\" class=\"yoast-schema-graph\">{\"@context\":\"https:\\\/\\\/schema.org\",\"@graph\":[{\"@type\":\"WebPage\",\"@id\":\"https:\\\/\\\/turijnmagazijn.nl\\\/fr\\\/produit\\\/feux-de-signalisation-relais-lancia-kappa-ferrari-maserati-kopie\\\/\",\"url\":\"https:\\\/\\\/turijnmagazijn.nl\\\/fr\\\/produit\\\/feux-de-signalisation-relais-lancia-kappa-ferrari-maserati-kopie\\\/\",\"name\":\"Indicateur de relais Lancia Kappa Ferrari Maserati - Imitation - Turijnmagazijn\",\"isPartOf\":{\"@id\":\"https:\\\/\\\/turijnmagazijn.jumpstone-dev.nl\\\/#website\"},\"primaryImageOfPage\":{\"@id\":\"https:\\\/\\\/turijnmagazijn.nl\\\/fr\\\/produit\\\/feux-de-signalisation-relais-lancia-kappa-ferrari-maserati-kopie\\\/#primaryimage\"},\"image\":{\"@id\":\"https:\\\/\\\/turijnmagazijn.nl\\\/fr\\\/produit\\\/feux-de-signalisation-relais-lancia-kappa-ferrari-maserati-kopie\\\/#primaryimage\"},\"thumbnailUrl\":\"https:\\\/\\\/turijnmagazijn.nl\\\/wp-content\\\/uploads\\\/2025\\\/07\\\/DN0100431-Relais-Groen-knipperlicht-Lancia-Kappa-Ferrari-Maserati-46466571-6.jpg\",\"datePublished\":\"2025-07-16T19:32:45+00:00\",\"dateModified\":\"2025-07-16T19:43:16+00:00\",\"breadcrumb\":{\"@id\":\"https:\\\/\\\/turijnmagazijn.nl\\\/fr\\\/produit\\\/feux-de-signalisation-relais-lancia-kappa-ferrari-maserati-kopie\\\/#breadcrumb\"},\"inLanguage\":\"fr-FR\",\"potentialAction\":[{\"@type\":\"ReadAction\",\"target\":[\"https:\\\/\\\/turijnmagazijn.nl\\\/fr\\\/produit\\\/feux-de-signalisation-relais-lancia-kappa-ferrari-maserati-kopie\\\/\"]}]},{\"@type\":\"ImageObject\",\"inLanguage\":\"fr-FR\",\"@id\":\"https:\\\/\\\/turijnmagazijn.nl\\\/fr\\\/produit\\\/feux-de-signalisation-relais-lancia-kappa-ferrari-maserati-kopie\\\/#primaryimage\",\"url\":\"https:\\\/\\\/turijnmagazijn.nl\\\/wp-content\\\/uploads\\\/2025\\\/07\\\/DN0100431-Relais-Groen-knipperlicht-Lancia-Kappa-Ferrari-Maserati-46466571-6.jpg\",\"contentUrl\":\"https:\\\/\\\/turijnmagazijn.nl\\\/wp-content\\\/uploads\\\/2025\\\/07\\\/DN0100431-Relais-Groen-knipperlicht-Lancia-Kappa-Ferrari-Maserati-46466571-6.jpg\",\"width\":1440,\"height\":1080},{\"@type\":\"BreadcrumbList\",\"@id\":\"https:\\\/\\\/turijnmagazijn.nl\\\/fr\\\/produit\\\/feux-de-signalisation-relais-lancia-kappa-ferrari-maserati-kopie\\\/#breadcrumb\",\"itemListElement\":[{\"@type\":\"ListItem\",\"position\":1,\"name\":\"Home\",\"item\":\"https:\\\/\\\/turijnmagazijn.nl\\\/fr\\\/\"},{\"@type\":\"ListItem\",\"position\":2,\"name\":\"Produits\",\"item\":\"https:\\\/\\\/turijnmagazijn.nl\\\/fr\\\/shop\\\/\"},{\"@type\":\"ListItem\",\"position\":3,\"name\":\"Indicateur de relais Lancia Kappa Ferrari Maserati &#8211; Imitation\"}]},{\"@type\":\"WebSite\",\"@id\":\"https:\\\/\\\/turijnmagazijn.jumpstone-dev.nl\\\/#website\",\"url\":\"https:\\\/\\\/turijnmagazijn.jumpstone-dev.nl\\\/\",\"name\":\"Turijnmagazijn\",\"description\":\"Onderdelen nieuw en gebruikt - Fiat &amp; Lancia\",\"publisher\":{\"@id\":\"https:\\\/\\\/turijnmagazijn.jumpstone-dev.nl\\\/#organization\"},\"potentialAction\":[{\"@type\":\"SearchAction\",\"target\":{\"@type\":\"EntryPoint\",\"urlTemplate\":\"https:\\\/\\\/turijnmagazijn.jumpstone-dev.nl\\\/?s={search_term_string}\"},\"query-input\":{\"@type\":\"PropertyValueSpecification\",\"valueRequired\":true,\"valueName\":\"search_term_string\"}}],\"inLanguage\":\"fr-FR\"},{\"@type\":\"Organization\",\"@id\":\"https:\\\/\\\/turijnmagazijn.jumpstone-dev.nl\\\/#organization\",\"name\":\"Turijnmagazijn\",\"url\":\"https:\\\/\\\/turijnmagazijn.jumpstone-dev.nl\\\/\",\"logo\":{\"@type\":\"ImageObject\",\"inLanguage\":\"fr-FR\",\"@id\":\"https:\\\/\\\/turijnmagazijn.jumpstone-dev.nl\\\/#\\\/schema\\\/logo\\\/image\\\/\",\"url\":\"https:\\\/\\\/turijnmagazijn.nl\\\/wp-content\\\/uploads\\\/2021\\\/02\\\/turijnmagazijnlogo.png\",\"contentUrl\":\"https:\\\/\\\/turijnmagazijn.nl\\\/wp-content\\\/uploads\\\/2021\\\/02\\\/turijnmagazijnlogo.png\",\"width\":555,\"height\":270,\"caption\":\"Turijnmagazijn\"},\"image\":{\"@id\":\"https:\\\/\\\/turijnmagazijn.jumpstone-dev.nl\\\/#\\\/schema\\\/logo\\\/image\\\/\"},\"sameAs\":[\"https:\\\/\\\/www.facebook.com\\\/turijnmagazijn\"]}]}<\/script>\n<!-- \/ Yoast SEO plugin. -->","yoast_head_json":{"title":"Indicateur de relais Lancia Kappa Ferrari Maserati - Imitation - Turijnmagazijn","robots":{"index":"index","follow":"follow","max-snippet":"max-snippet:-1","max-image-preview":"max-image-preview:large","max-video-preview":"max-video-preview:-1"},"canonical":"https:\/\/turijnmagazijn.nl\/fr\/produit\/feux-de-signalisation-relais-lancia-kappa-ferrari-maserati-kopie\/","og_locale":"fr_FR","og_type":"article","og_title":"Indicateur de relais Lancia Kappa Ferrari Maserati - Imitation - Turijnmagazijn","og_description":"Relais feux de signalisation Lancia Kappa Ferrari Maserati - Nouvelle imitation de relais pour la commande des feux de signalisation pour Lancia Kappa.","og_url":"https:\/\/turijnmagazijn.nl\/fr\/produit\/feux-de-signalisation-relais-lancia-kappa-ferrari-maserati-kopie\/","og_site_name":"Turijnmagazijn","article_publisher":"https:\/\/www.facebook.com\/turijnmagazijn","article_modified_time":"2025-07-16T19:43:16+00:00","og_image":[{"width":2048,"height":1860,"url":"https:\/\/turijnmagazijn.nl\/wp-content\/uploads\/2025\/07\/DN0100431-Relais-Groen-knipperlicht-Lancia-Kappa-Ferrari-Maserati-Imitatie-46466571.jpeg","type":"image\/jpeg"}],"twitter_card":"summary_large_image","twitter_misc":{"Dur\u00e9e de lecture estim\u00e9e":"1 minute"},"schema":{"@context":"https:\/\/schema.org","@graph":[{"@type":"WebPage","@id":"https:\/\/turijnmagazijn.nl\/fr\/produit\/feux-de-signalisation-relais-lancia-kappa-ferrari-maserati-kopie\/","url":"https:\/\/turijnmagazijn.nl\/fr\/produit\/feux-de-signalisation-relais-lancia-kappa-ferrari-maserati-kopie\/","name":"Indicateur de relais Lancia Kappa Ferrari Maserati - Imitation - Turijnmagazijn","isPartOf":{"@id":"https:\/\/turijnmagazijn.jumpstone-dev.nl\/#website"},"primaryImageOfPage":{"@id":"https:\/\/turijnmagazijn.nl\/fr\/produit\/feux-de-signalisation-relais-lancia-kappa-ferrari-maserati-kopie\/#primaryimage"},"image":{"@id":"https:\/\/turijnmagazijn.nl\/fr\/produit\/feux-de-signalisation-relais-lancia-kappa-ferrari-maserati-kopie\/#primaryimage"},"thumbnailUrl":"https:\/\/turijnmagazijn.nl\/wp-content\/uploads\/2025\/07\/DN0100431-Relais-Groen-knipperlicht-Lancia-Kappa-Ferrari-Maserati-46466571-6.jpg","datePublished":"2025-07-16T19:32:45+00:00","dateModified":"2025-07-16T19:43:16+00:00","breadcrumb":{"@id":"https:\/\/turijnmagazijn.nl\/fr\/produit\/feux-de-signalisation-relais-lancia-kappa-ferrari-maserati-kopie\/#breadcrumb"},"inLanguage":"fr-FR","potentialAction":[{"@type":"ReadAction","target":["https:\/\/turijnmagazijn.nl\/fr\/produit\/feux-de-signalisation-relais-lancia-kappa-ferrari-maserati-kopie\/"]}]},{"@type":"ImageObject","inLanguage":"fr-FR","@id":"https:\/\/turijnmagazijn.nl\/fr\/produit\/feux-de-signalisation-relais-lancia-kappa-ferrari-maserati-kopie\/#primaryimage","url":"https:\/\/turijnmagazijn.nl\/wp-content\/uploads\/2025\/07\/DN0100431-Relais-Groen-knipperlicht-Lancia-Kappa-Ferrari-Maserati-46466571-6.jpg","contentUrl":"https:\/\/turijnmagazijn.nl\/wp-content\/uploads\/2025\/07\/DN0100431-Relais-Groen-knipperlicht-Lancia-Kappa-Ferrari-Maserati-46466571-6.jpg","width":1440,"height":1080},{"@type":"BreadcrumbList","@id":"https:\/\/turijnmagazijn.nl\/fr\/produit\/feux-de-signalisation-relais-lancia-kappa-ferrari-maserati-kopie\/#breadcrumb","itemListElement":[{"@type":"ListItem","position":1,"name":"Home","item":"https:\/\/turijnmagazijn.nl\/fr\/"},{"@type":"ListItem","position":2,"name":"Produits","item":"https:\/\/turijnmagazijn.nl\/fr\/shop\/"},{"@type":"ListItem","position":3,"name":"Indicateur de relais Lancia Kappa Ferrari Maserati &#8211; Imitation"}]},{"@type":"WebSite","@id":"https:\/\/turijnmagazijn.jumpstone-dev.nl\/#website","url":"https:\/\/turijnmagazijn.jumpstone-dev.nl\/","name":"Turijnmagazijn","description":"Onderdelen nieuw en gebruikt - Fiat &amp; Lancia","publisher":{"@id":"https:\/\/turijnmagazijn.jumpstone-dev.nl\/#organization"},"potentialAction":[{"@type":"SearchAction","target":{"@type":"EntryPoint","urlTemplate":"https:\/\/turijnmagazijn.jumpstone-dev.nl\/?s={search_term_string}"},"query-input":{"@type":"PropertyValueSpecification","valueRequired":true,"valueName":"search_term_string"}}],"inLanguage":"fr-FR"},{"@type":"Organization","@id":"https:\/\/turijnmagazijn.jumpstone-dev.nl\/#organization","name":"Turijnmagazijn","url":"https:\/\/turijnmagazijn.jumpstone-dev.nl\/","logo":{"@type":"ImageObject","inLanguage":"fr-FR","@id":"https:\/\/turijnmagazijn.jumpstone-dev.nl\/#\/schema\/logo\/image\/","url":"https:\/\/turijnmagazijn.nl\/wp-content\/uploads\/2021\/02\/turijnmagazijnlogo.png","contentUrl":"https:\/\/turijnmagazijn.nl\/wp-content\/uploads\/2021\/02\/turijnmagazijnlogo.png","width":555,"height":270,"caption":"Turijnmagazijn"},"image":{"@id":"https:\/\/turijnmagazijn.jumpstone-dev.nl\/#\/schema\/logo\/image\/"},"sameAs":["https:\/\/www.facebook.com\/turijnmagazijn"]}]}},"_links":{"self":[{"href":"https:\/\/turijnmagazijn.nl\/fr\/wp-json\/wp\/v2\/product\/93129","targetHints":{"allow":["GET"]}}],"collection":[{"href":"https:\/\/turijnmagazijn.nl\/fr\/wp-json\/wp\/v2\/product"}],"about":[{"href":"https:\/\/turijnmagazijn.nl\/fr\/wp-json\/wp\/v2\/types\/product"}],"replies":[{"embeddable":true,"href":"https:\/\/turijnmagazijn.nl\/fr\/wp-json\/wp\/v2\/comments?post=93129"}],"wp:featuredmedia":[{"embeddable":true,"href":"https:\/\/turijnmagazijn.nl\/fr\/wp-json\/wp\/v2\/media\/93166"}],"wp:attachment":[{"href":"https:\/\/turijnmagazijn.nl\/fr\/wp-json\/wp\/v2\/media?parent=93129"}],"wp:term":[{"taxonomy":"product_brand","embeddable":true,"href":"https:\/\/turijnmagazijn.nl\/fr\/wp-json\/wp\/v2\/product_brand?post=93129"},{"taxonomy":"product_cat","embeddable":true,"href":"https:\/\/turijnmagazijn.nl\/fr\/wp-json\/wp\/v2\/product_cat?post=93129"},{"taxonomy":"product_tag","embeddable":true,"href":"https:\/\/turijnmagazijn.nl\/fr\/wp-json\/wp\/v2\/product_tag?post=93129"}],"curies":[{"name":"wp","href":"https:\/\/api.w.org\/{rel}","templated":true}]}}