{"id":94359,"date":"2025-08-20T21:07:16","date_gmt":"2025-08-20T19:07:16","guid":{"rendered":"https:\/\/turijnmagazijn.nl\/product\/moc-brique-damelioration-plaque-dimmatriculation-ferrari-f40\/"},"modified":"2025-08-20T21:07:16","modified_gmt":"2025-08-20T19:07:16","slug":"moc-brique-damelioration-plaque-dimmatriculation-ferrari-f40","status":"publish","type":"product","link":"https:\/\/turijnmagazijn.nl\/fr\/produit\/moc-brique-damelioration-plaque-dimmatriculation-ferrari-f40\/","title":{"rendered":"MOC brique d&rsquo;am\u00e9lioration plaque d&rsquo;immatriculation Ferrari F40"},"content":{"rendered":"<p>Kit de mise \u00e0 niveau pour ceux qui ont construit un kit MOC en briques techniques pour la Ferrari F40. Il s&rsquo;agit d&rsquo;une r\u00e9plique avec une excellente adaptation \u00e0 l&rsquo;original. Le set consiste en une plaque lisse 2&#215;6 en finition noire \u00e9quip\u00e9e d&rsquo;une vraie plaque d&rsquo;immatriculation F40 existante, BN-075-FR une plaque d&rsquo;immatriculation de la r\u00e9gion de Firenze. Il est \u00e9vident que cette plaque est beaucoup plus belle sur votre kit de construction que la plaque standard du fabricant. Le set contient de merveilleux extras que nous ne pouvons pas afficher sur cette page pour des raisons de droits. Il s&rsquo;agit du logo pour le nez, du logo pour l&rsquo;arri\u00e8re en lettres chrom\u00e9es et des logos pour les garde-boue avant. Ils sont tous reproduits \u00e0 une \u00e9chelle presque exacte de 1:8. Enfin, le set comprend \u00e9galement une tuile ronde jaune qui peut \u00eatre cliqu\u00e9e dans le volant et qui repr\u00e9sente le logo avec un cheval cabr\u00e9. Avec ce set, vous am\u00e9liorez votre jeu de construction pour en faire une r\u00e9plique tout \u00e0 fait correcte.        <\/p>\n","protected":false},"excerpt":{"rendered":"<p>MOC brique d&rsquo;am\u00e9lioration de plaque d&rsquo;immatriculation Ferrari F40 comprenant de nombreux goodies.<\/p>\n","protected":false},"featured_media":93461,"comment_status":"open","ping_status":"closed","template":"","meta":{"_acf_changed":false},"product_brand":[],"product_cat":[1806,1830,1798],"product_tag":[],"class_list":{"0":"post-94359","1":"product","2":"type-product","3":"status-publish","4":"has-post-thumbnail","6":"product_cat-delta-1-831-fr","7":"product_cat-integrale-8v-fr","8":"product_cat-lancia-fr","9":"pa_soort-onderdeel-porte-cles-et-autocollants","11":"first","12":"instock","13":"taxable","14":"shipping-taxable","15":"purchasable","16":"product-type-simple"},"acf":[],"yoast_head":"<!-- This site is optimized with the Yoast SEO plugin v27.3 - https:\/\/yoast.com\/product\/yoast-seo-wordpress\/ -->\n<title>MOC brique d&#039;am\u00e9lioration plaque d&#039;immatriculation Ferrari F40 - Turijnmagazijn<\/title>\n<meta name=\"robots\" content=\"index, follow, max-snippet:-1, max-image-preview:large, max-video-preview:-1\" \/>\n<link rel=\"canonical\" href=\"https:\/\/turijnmagazijn.nl\/fr\/produit\/moc-brique-damelioration-plaque-dimmatriculation-ferrari-f40\/\" \/>\n<meta property=\"og:locale\" content=\"fr_FR\" \/>\n<meta property=\"og:type\" content=\"article\" \/>\n<meta property=\"og:title\" content=\"MOC brique d&#039;am\u00e9lioration plaque d&#039;immatriculation Ferrari F40 - Turijnmagazijn\" \/>\n<meta property=\"og:description\" content=\"MOC brique d&#039;am\u00e9lioration de plaque d&#039;immatriculation Ferrari F40 comprenant de nombreux goodies.\" \/>\n<meta property=\"og:url\" content=\"https:\/\/turijnmagazijn.nl\/fr\/produit\/moc-brique-damelioration-plaque-dimmatriculation-ferrari-f40\/\" \/>\n<meta property=\"og:site_name\" content=\"Turijnmagazijn\" \/>\n<meta property=\"article:publisher\" content=\"https:\/\/www.facebook.com\/turijnmagazijn\" \/>\n<meta property=\"og:image\" content=\"https:\/\/turijnmagazijn.nl\/wp-content\/uploads\/2025\/08\/MC0109911-MOC-brick-upgrade-kenteken-Ferrari-F40-2.jpg\" \/>\n\t<meta property=\"og:image:width\" content=\"473\" \/>\n\t<meta property=\"og:image:height\" content=\"422\" \/>\n\t<meta property=\"og:image:type\" content=\"image\/jpeg\" \/>\n<meta name=\"twitter:card\" content=\"summary_large_image\" \/>\n<meta name=\"twitter:label1\" content=\"Dur\u00e9e de lecture estim\u00e9e\" \/>\n\t<meta name=\"twitter:data1\" content=\"1 minute\" \/>\n<script type=\"application\/ld+json\" class=\"yoast-schema-graph\">{\"@context\":\"https:\\\/\\\/schema.org\",\"@graph\":[{\"@type\":\"WebPage\",\"@id\":\"https:\\\/\\\/turijnmagazijn.nl\\\/fr\\\/produit\\\/moc-brique-damelioration-plaque-dimmatriculation-ferrari-f40\\\/\",\"url\":\"https:\\\/\\\/turijnmagazijn.nl\\\/fr\\\/produit\\\/moc-brique-damelioration-plaque-dimmatriculation-ferrari-f40\\\/\",\"name\":\"MOC brique d'am\u00e9lioration plaque d'immatriculation Ferrari F40 - Turijnmagazijn\",\"isPartOf\":{\"@id\":\"https:\\\/\\\/turijnmagazijn.jumpstone-dev.nl\\\/#website\"},\"primaryImageOfPage\":{\"@id\":\"https:\\\/\\\/turijnmagazijn.nl\\\/fr\\\/produit\\\/moc-brique-damelioration-plaque-dimmatriculation-ferrari-f40\\\/#primaryimage\"},\"image\":{\"@id\":\"https:\\\/\\\/turijnmagazijn.nl\\\/fr\\\/produit\\\/moc-brique-damelioration-plaque-dimmatriculation-ferrari-f40\\\/#primaryimage\"},\"thumbnailUrl\":\"https:\\\/\\\/turijnmagazijn.nl\\\/wp-content\\\/uploads\\\/2025\\\/08\\\/MC0109911-MOC-brick-upgrade-kenteken-Ferrari-F40-2.jpg\",\"datePublished\":\"2025-08-20T19:07:16+00:00\",\"breadcrumb\":{\"@id\":\"https:\\\/\\\/turijnmagazijn.nl\\\/fr\\\/produit\\\/moc-brique-damelioration-plaque-dimmatriculation-ferrari-f40\\\/#breadcrumb\"},\"inLanguage\":\"fr-FR\",\"potentialAction\":[{\"@type\":\"ReadAction\",\"target\":[\"https:\\\/\\\/turijnmagazijn.nl\\\/fr\\\/produit\\\/moc-brique-damelioration-plaque-dimmatriculation-ferrari-f40\\\/\"]}]},{\"@type\":\"ImageObject\",\"inLanguage\":\"fr-FR\",\"@id\":\"https:\\\/\\\/turijnmagazijn.nl\\\/fr\\\/produit\\\/moc-brique-damelioration-plaque-dimmatriculation-ferrari-f40\\\/#primaryimage\",\"url\":\"https:\\\/\\\/turijnmagazijn.nl\\\/wp-content\\\/uploads\\\/2025\\\/08\\\/MC0109911-MOC-brick-upgrade-kenteken-Ferrari-F40-2.jpg\",\"contentUrl\":\"https:\\\/\\\/turijnmagazijn.nl\\\/wp-content\\\/uploads\\\/2025\\\/08\\\/MC0109911-MOC-brick-upgrade-kenteken-Ferrari-F40-2.jpg\",\"width\":473,\"height\":422},{\"@type\":\"BreadcrumbList\",\"@id\":\"https:\\\/\\\/turijnmagazijn.nl\\\/fr\\\/produit\\\/moc-brique-damelioration-plaque-dimmatriculation-ferrari-f40\\\/#breadcrumb\",\"itemListElement\":[{\"@type\":\"ListItem\",\"position\":1,\"name\":\"Home\",\"item\":\"https:\\\/\\\/turijnmagazijn.nl\\\/fr\\\/\"},{\"@type\":\"ListItem\",\"position\":2,\"name\":\"Produits\",\"item\":\"https:\\\/\\\/turijnmagazijn.nl\\\/fr\\\/shop\\\/\"},{\"@type\":\"ListItem\",\"position\":3,\"name\":\"MOC brique d&#8217;am\u00e9lioration plaque d&#8217;immatriculation Ferrari F40\"}]},{\"@type\":\"WebSite\",\"@id\":\"https:\\\/\\\/turijnmagazijn.jumpstone-dev.nl\\\/#website\",\"url\":\"https:\\\/\\\/turijnmagazijn.jumpstone-dev.nl\\\/\",\"name\":\"Turijnmagazijn\",\"description\":\"Onderdelen nieuw en gebruikt - Fiat &amp; Lancia\",\"publisher\":{\"@id\":\"https:\\\/\\\/turijnmagazijn.jumpstone-dev.nl\\\/#organization\"},\"potentialAction\":[{\"@type\":\"SearchAction\",\"target\":{\"@type\":\"EntryPoint\",\"urlTemplate\":\"https:\\\/\\\/turijnmagazijn.jumpstone-dev.nl\\\/?s={search_term_string}\"},\"query-input\":{\"@type\":\"PropertyValueSpecification\",\"valueRequired\":true,\"valueName\":\"search_term_string\"}}],\"inLanguage\":\"fr-FR\"},{\"@type\":\"Organization\",\"@id\":\"https:\\\/\\\/turijnmagazijn.jumpstone-dev.nl\\\/#organization\",\"name\":\"Turijnmagazijn\",\"url\":\"https:\\\/\\\/turijnmagazijn.jumpstone-dev.nl\\\/\",\"logo\":{\"@type\":\"ImageObject\",\"inLanguage\":\"fr-FR\",\"@id\":\"https:\\\/\\\/turijnmagazijn.jumpstone-dev.nl\\\/#\\\/schema\\\/logo\\\/image\\\/\",\"url\":\"https:\\\/\\\/turijnmagazijn.nl\\\/wp-content\\\/uploads\\\/2021\\\/02\\\/turijnmagazijnlogo.png\",\"contentUrl\":\"https:\\\/\\\/turijnmagazijn.nl\\\/wp-content\\\/uploads\\\/2021\\\/02\\\/turijnmagazijnlogo.png\",\"width\":555,\"height\":270,\"caption\":\"Turijnmagazijn\"},\"image\":{\"@id\":\"https:\\\/\\\/turijnmagazijn.jumpstone-dev.nl\\\/#\\\/schema\\\/logo\\\/image\\\/\"},\"sameAs\":[\"https:\\\/\\\/www.facebook.com\\\/turijnmagazijn\"]}]}<\/script>\n<!-- \/ Yoast SEO plugin. -->","yoast_head_json":{"title":"MOC brique d'am\u00e9lioration plaque d'immatriculation Ferrari F40 - Turijnmagazijn","robots":{"index":"index","follow":"follow","max-snippet":"max-snippet:-1","max-image-preview":"max-image-preview:large","max-video-preview":"max-video-preview:-1"},"canonical":"https:\/\/turijnmagazijn.nl\/fr\/produit\/moc-brique-damelioration-plaque-dimmatriculation-ferrari-f40\/","og_locale":"fr_FR","og_type":"article","og_title":"MOC brique d'am\u00e9lioration plaque d'immatriculation Ferrari F40 - Turijnmagazijn","og_description":"MOC brique d'am\u00e9lioration de plaque d'immatriculation Ferrari F40 comprenant de nombreux goodies.","og_url":"https:\/\/turijnmagazijn.nl\/fr\/produit\/moc-brique-damelioration-plaque-dimmatriculation-ferrari-f40\/","og_site_name":"Turijnmagazijn","article_publisher":"https:\/\/www.facebook.com\/turijnmagazijn","og_image":[{"width":473,"height":422,"url":"https:\/\/turijnmagazijn.nl\/wp-content\/uploads\/2025\/08\/MC0109911-MOC-brick-upgrade-kenteken-Ferrari-F40-2.jpg","type":"image\/jpeg"}],"twitter_card":"summary_large_image","twitter_misc":{"Dur\u00e9e de lecture estim\u00e9e":"1 minute"},"schema":{"@context":"https:\/\/schema.org","@graph":[{"@type":"WebPage","@id":"https:\/\/turijnmagazijn.nl\/fr\/produit\/moc-brique-damelioration-plaque-dimmatriculation-ferrari-f40\/","url":"https:\/\/turijnmagazijn.nl\/fr\/produit\/moc-brique-damelioration-plaque-dimmatriculation-ferrari-f40\/","name":"MOC brique d'am\u00e9lioration plaque d'immatriculation Ferrari F40 - Turijnmagazijn","isPartOf":{"@id":"https:\/\/turijnmagazijn.jumpstone-dev.nl\/#website"},"primaryImageOfPage":{"@id":"https:\/\/turijnmagazijn.nl\/fr\/produit\/moc-brique-damelioration-plaque-dimmatriculation-ferrari-f40\/#primaryimage"},"image":{"@id":"https:\/\/turijnmagazijn.nl\/fr\/produit\/moc-brique-damelioration-plaque-dimmatriculation-ferrari-f40\/#primaryimage"},"thumbnailUrl":"https:\/\/turijnmagazijn.nl\/wp-content\/uploads\/2025\/08\/MC0109911-MOC-brick-upgrade-kenteken-Ferrari-F40-2.jpg","datePublished":"2025-08-20T19:07:16+00:00","breadcrumb":{"@id":"https:\/\/turijnmagazijn.nl\/fr\/produit\/moc-brique-damelioration-plaque-dimmatriculation-ferrari-f40\/#breadcrumb"},"inLanguage":"fr-FR","potentialAction":[{"@type":"ReadAction","target":["https:\/\/turijnmagazijn.nl\/fr\/produit\/moc-brique-damelioration-plaque-dimmatriculation-ferrari-f40\/"]}]},{"@type":"ImageObject","inLanguage":"fr-FR","@id":"https:\/\/turijnmagazijn.nl\/fr\/produit\/moc-brique-damelioration-plaque-dimmatriculation-ferrari-f40\/#primaryimage","url":"https:\/\/turijnmagazijn.nl\/wp-content\/uploads\/2025\/08\/MC0109911-MOC-brick-upgrade-kenteken-Ferrari-F40-2.jpg","contentUrl":"https:\/\/turijnmagazijn.nl\/wp-content\/uploads\/2025\/08\/MC0109911-MOC-brick-upgrade-kenteken-Ferrari-F40-2.jpg","width":473,"height":422},{"@type":"BreadcrumbList","@id":"https:\/\/turijnmagazijn.nl\/fr\/produit\/moc-brique-damelioration-plaque-dimmatriculation-ferrari-f40\/#breadcrumb","itemListElement":[{"@type":"ListItem","position":1,"name":"Home","item":"https:\/\/turijnmagazijn.nl\/fr\/"},{"@type":"ListItem","position":2,"name":"Produits","item":"https:\/\/turijnmagazijn.nl\/fr\/shop\/"},{"@type":"ListItem","position":3,"name":"MOC brique d&#8217;am\u00e9lioration plaque d&#8217;immatriculation Ferrari F40"}]},{"@type":"WebSite","@id":"https:\/\/turijnmagazijn.jumpstone-dev.nl\/#website","url":"https:\/\/turijnmagazijn.jumpstone-dev.nl\/","name":"Turijnmagazijn","description":"Onderdelen nieuw en gebruikt - Fiat &amp; Lancia","publisher":{"@id":"https:\/\/turijnmagazijn.jumpstone-dev.nl\/#organization"},"potentialAction":[{"@type":"SearchAction","target":{"@type":"EntryPoint","urlTemplate":"https:\/\/turijnmagazijn.jumpstone-dev.nl\/?s={search_term_string}"},"query-input":{"@type":"PropertyValueSpecification","valueRequired":true,"valueName":"search_term_string"}}],"inLanguage":"fr-FR"},{"@type":"Organization","@id":"https:\/\/turijnmagazijn.jumpstone-dev.nl\/#organization","name":"Turijnmagazijn","url":"https:\/\/turijnmagazijn.jumpstone-dev.nl\/","logo":{"@type":"ImageObject","inLanguage":"fr-FR","@id":"https:\/\/turijnmagazijn.jumpstone-dev.nl\/#\/schema\/logo\/image\/","url":"https:\/\/turijnmagazijn.nl\/wp-content\/uploads\/2021\/02\/turijnmagazijnlogo.png","contentUrl":"https:\/\/turijnmagazijn.nl\/wp-content\/uploads\/2021\/02\/turijnmagazijnlogo.png","width":555,"height":270,"caption":"Turijnmagazijn"},"image":{"@id":"https:\/\/turijnmagazijn.jumpstone-dev.nl\/#\/schema\/logo\/image\/"},"sameAs":["https:\/\/www.facebook.com\/turijnmagazijn"]}]}},"_links":{"self":[{"href":"https:\/\/turijnmagazijn.nl\/fr\/wp-json\/wp\/v2\/product\/94359","targetHints":{"allow":["GET"]}}],"collection":[{"href":"https:\/\/turijnmagazijn.nl\/fr\/wp-json\/wp\/v2\/product"}],"about":[{"href":"https:\/\/turijnmagazijn.nl\/fr\/wp-json\/wp\/v2\/types\/product"}],"replies":[{"embeddable":true,"href":"https:\/\/turijnmagazijn.nl\/fr\/wp-json\/wp\/v2\/comments?post=94359"}],"wp:featuredmedia":[{"embeddable":true,"href":"https:\/\/turijnmagazijn.nl\/fr\/wp-json\/wp\/v2\/media\/93461"}],"wp:attachment":[{"href":"https:\/\/turijnmagazijn.nl\/fr\/wp-json\/wp\/v2\/media?parent=94359"}],"wp:term":[{"taxonomy":"product_brand","embeddable":true,"href":"https:\/\/turijnmagazijn.nl\/fr\/wp-json\/wp\/v2\/product_brand?post=94359"},{"taxonomy":"product_cat","embeddable":true,"href":"https:\/\/turijnmagazijn.nl\/fr\/wp-json\/wp\/v2\/product_cat?post=94359"},{"taxonomy":"product_tag","embeddable":true,"href":"https:\/\/turijnmagazijn.nl\/fr\/wp-json\/wp\/v2\/product_tag?post=94359"}],"curies":[{"name":"wp","href":"https:\/\/api.w.org\/{rel}","templated":true}]}}