{"id":94471,"date":"2025-09-26T19:43:52","date_gmt":"2025-09-26T17:43:52","guid":{"rendered":"https:\/\/turijnmagazijn.nl\/?post_type=product&#038;p=94471"},"modified":"2025-11-17T09:26:22","modified_gmt":"2025-11-17T08:26:22","slug":"tableau-de-bord-lancia-kappa-2-0-20v-kopie-kopie-3","status":"publish","type":"product","link":"https:\/\/turijnmagazijn.nl\/fr\/produit\/tableau-de-bord-lancia-kappa-2-0-20v-kopie-kopie-3\/","title":{"rendered":"Tableau de bord Lancia Kappa 2.4 TDS"},"content":{"rendered":"<p>Tableau de bord d&rsquo;occasion \u00e0 monter dans le tableau de bord par Veglia Borletti pour Lancia Kappa \u00e9quip\u00e9e de ce moteur : 2.4 TDS, c&rsquo;est-\u00e0-dire la premi\u00e8re g\u00e9n\u00e9ration de turbo diesel.<\/p>\n<p>D\u00e9riv\u00e9 d&rsquo;une berline de l&rsquo;ann\u00e9e de fabrication : 1997<\/p>\n<p>Applicable \u00e0 tous les mod\u00e8les de Kappa \u00e9quip\u00e9s de ce moteur. Le compteur est en bon \u00e9tat. <\/p>\n<p>Il est \u00e9quip\u00e9 d&rsquo;un compteur kilom\u00e9trique jusqu&rsquo;\u00e0 260 km\/h, d&rsquo;une jauge de niveau de carburant, d&rsquo;une jauge de temp\u00e9rature du liquide de refroidissement, d&rsquo;un voltm\u00e8tre et d&rsquo;un compte-tours jusqu&rsquo;\u00e0 6 000 tr\/min avec plage de r\u00e9gime rouge \u00e0 partir de 5 000 tr\/min.<\/p>\n<p>Concerne une unit\u00e9 avec un affichage \u00e0 variante lumineuse, voir notre page d&rsquo;explication sur les variantes du tableau de bord pour Lancia Kappa sous ce lien :<\/p>\n<p><a href=\"https:\/\/turijnmagazijn.nl\/lancia-kappa-instrumentenpaneel-vervangen\/\">Remplacement du tableau de bord de la Lancia Kappa<\/a><\/p>\n<p>La valeur de ce compteur est connue.<\/p>\n<p>Toutes les fonctions fonctionnent correctement.<\/p>\n<p>OEM Lancia 46472470<\/p>\n<p>armoire de comptoir Lancia Kappa<\/p>\n","protected":false},"excerpt":{"rendered":"<p>46472470 Tableau de bord Lancia Kappa &#8211; Tableau de bord Veglia Borletti pour Lancia Kappa. Tableau de bord Lancia Kappa. <\/p>\n","protected":false},"featured_media":94808,"comment_status":"open","ping_status":"closed","template":"","meta":{"_acf_changed":false},"product_brand":[],"product_cat":[1862,1865,1860,1798,1870],"product_tag":[],"class_list":{"0":"post-94471","1":"product","2":"type-product","3":"status-publish","4":"has-post-thumbnail","6":"product_cat-berlina-fr","7":"product_cat-coupe-fr","8":"product_cat-kappa-838-fr","9":"product_cat-lancia-fr","10":"product_cat-sw-fr","11":"pa_soort-onderdeel-tableau-de-bord-et-commutateurs","13":"first","14":"instock","15":"shipping-taxable","16":"purchasable","17":"product-type-simple"},"acf":[],"yoast_head":"<!-- This site is optimized with the Yoast SEO plugin v27.2 - https:\/\/yoast.com\/product\/yoast-seo-wordpress\/ -->\n<title>Tableau de bord Lancia Kappa 2.4 TDS - Turijnmagazijn<\/title>\n<meta name=\"robots\" content=\"index, follow, max-snippet:-1, max-image-preview:large, max-video-preview:-1\" \/>\n<link rel=\"canonical\" href=\"https:\/\/turijnmagazijn.nl\/fr\/produit\/tableau-de-bord-lancia-kappa-2-0-20v-kopie-kopie-3\/\" \/>\n<meta property=\"og:locale\" content=\"fr_FR\" \/>\n<meta property=\"og:type\" content=\"article\" \/>\n<meta property=\"og:title\" content=\"Tableau de bord Lancia Kappa 2.4 TDS - Turijnmagazijn\" \/>\n<meta property=\"og:description\" content=\"46472470 Tableau de bord Lancia Kappa - Tableau de bord Veglia Borletti pour Lancia Kappa. Tableau de bord Lancia Kappa.\" \/>\n<meta property=\"og:url\" content=\"https:\/\/turijnmagazijn.nl\/fr\/produit\/tableau-de-bord-lancia-kappa-2-0-20v-kopie-kopie-3\/\" \/>\n<meta property=\"og:site_name\" content=\"Turijnmagazijn\" \/>\n<meta property=\"article:publisher\" content=\"https:\/\/www.facebook.com\/turijnmagazijn\" \/>\n<meta property=\"article:modified_time\" content=\"2025-11-17T08:26:22+00:00\" \/>\n<meta property=\"og:image\" content=\"https:\/\/turijnmagazijn.nl\/wp-content\/uploads\/2025\/09\/DK0102767-Instrumentenpaneel-Lancia-Kappa-2.4-TDS-46472470-2.jpg\" \/>\n\t<meta property=\"og:image:width\" content=\"1024\" \/>\n\t<meta property=\"og:image:height\" content=\"768\" \/>\n\t<meta property=\"og:image:type\" content=\"image\/jpeg\" \/>\n<meta name=\"twitter:card\" content=\"summary_large_image\" \/>\n<meta name=\"twitter:label1\" content=\"Dur\u00e9e de lecture estim\u00e9e\" \/>\n\t<meta name=\"twitter:data1\" content=\"1 minute\" \/>\n<script type=\"application\/ld+json\" class=\"yoast-schema-graph\">{\"@context\":\"https:\/\/schema.org\",\"@graph\":[{\"@type\":\"WebPage\",\"@id\":\"https:\/\/turijnmagazijn.nl\/fr\/produit\/tableau-de-bord-lancia-kappa-2-0-20v-kopie-kopie-3\/\",\"url\":\"https:\/\/turijnmagazijn.nl\/fr\/produit\/tableau-de-bord-lancia-kappa-2-0-20v-kopie-kopie-3\/\",\"name\":\"Tableau de bord Lancia Kappa 2.4 TDS - Turijnmagazijn\",\"isPartOf\":{\"@id\":\"https:\/\/turijnmagazijn.jumpstone-dev.nl\/#website\"},\"primaryImageOfPage\":{\"@id\":\"https:\/\/turijnmagazijn.nl\/fr\/produit\/tableau-de-bord-lancia-kappa-2-0-20v-kopie-kopie-3\/#primaryimage\"},\"image\":{\"@id\":\"https:\/\/turijnmagazijn.nl\/fr\/produit\/tableau-de-bord-lancia-kappa-2-0-20v-kopie-kopie-3\/#primaryimage\"},\"thumbnailUrl\":\"https:\/\/turijnmagazijn.nl\/wp-content\/uploads\/2025\/09\/DK0102767-Instrumentenpaneel-Lancia-Kappa-2.4-TDS-46472470-2.jpg\",\"datePublished\":\"2025-09-26T17:43:52+00:00\",\"dateModified\":\"2025-11-17T08:26:22+00:00\",\"breadcrumb\":{\"@id\":\"https:\/\/turijnmagazijn.nl\/fr\/produit\/tableau-de-bord-lancia-kappa-2-0-20v-kopie-kopie-3\/#breadcrumb\"},\"inLanguage\":\"fr-FR\",\"potentialAction\":[{\"@type\":\"ReadAction\",\"target\":[\"https:\/\/turijnmagazijn.nl\/fr\/produit\/tableau-de-bord-lancia-kappa-2-0-20v-kopie-kopie-3\/\"]}]},{\"@type\":\"ImageObject\",\"inLanguage\":\"fr-FR\",\"@id\":\"https:\/\/turijnmagazijn.nl\/fr\/produit\/tableau-de-bord-lancia-kappa-2-0-20v-kopie-kopie-3\/#primaryimage\",\"url\":\"https:\/\/turijnmagazijn.nl\/wp-content\/uploads\/2025\/09\/DK0102767-Instrumentenpaneel-Lancia-Kappa-2.4-TDS-46472470-2.jpg\",\"contentUrl\":\"https:\/\/turijnmagazijn.nl\/wp-content\/uploads\/2025\/09\/DK0102767-Instrumentenpaneel-Lancia-Kappa-2.4-TDS-46472470-2.jpg\",\"width\":1024,\"height\":768},{\"@type\":\"BreadcrumbList\",\"@id\":\"https:\/\/turijnmagazijn.nl\/fr\/produit\/tableau-de-bord-lancia-kappa-2-0-20v-kopie-kopie-3\/#breadcrumb\",\"itemListElement\":[{\"@type\":\"ListItem\",\"position\":1,\"name\":\"Home\",\"item\":\"https:\/\/turijnmagazijn.nl\/fr\/\"},{\"@type\":\"ListItem\",\"position\":2,\"name\":\"Produits\",\"item\":\"https:\/\/turijnmagazijn.nl\/fr\/shop\/\"},{\"@type\":\"ListItem\",\"position\":3,\"name\":\"Tableau de bord Lancia Kappa 2.4 TDS\"}]},{\"@type\":\"WebSite\",\"@id\":\"https:\/\/turijnmagazijn.jumpstone-dev.nl\/#website\",\"url\":\"https:\/\/turijnmagazijn.jumpstone-dev.nl\/\",\"name\":\"Turijnmagazijn\",\"description\":\"Onderdelen nieuw en gebruikt - Fiat &amp; Lancia\",\"publisher\":{\"@id\":\"https:\/\/turijnmagazijn.jumpstone-dev.nl\/#organization\"},\"potentialAction\":[{\"@type\":\"SearchAction\",\"target\":{\"@type\":\"EntryPoint\",\"urlTemplate\":\"https:\/\/turijnmagazijn.jumpstone-dev.nl\/?s={search_term_string}\"},\"query-input\":{\"@type\":\"PropertyValueSpecification\",\"valueRequired\":true,\"valueName\":\"search_term_string\"}}],\"inLanguage\":\"fr-FR\"},{\"@type\":\"Organization\",\"@id\":\"https:\/\/turijnmagazijn.jumpstone-dev.nl\/#organization\",\"name\":\"Turijnmagazijn\",\"url\":\"https:\/\/turijnmagazijn.jumpstone-dev.nl\/\",\"logo\":{\"@type\":\"ImageObject\",\"inLanguage\":\"fr-FR\",\"@id\":\"https:\/\/turijnmagazijn.jumpstone-dev.nl\/#\/schema\/logo\/image\/\",\"url\":\"https:\/\/turijnmagazijn.nl\/wp-content\/uploads\/2021\/02\/turijnmagazijnlogo.png\",\"contentUrl\":\"https:\/\/turijnmagazijn.nl\/wp-content\/uploads\/2021\/02\/turijnmagazijnlogo.png\",\"width\":555,\"height\":270,\"caption\":\"Turijnmagazijn\"},\"image\":{\"@id\":\"https:\/\/turijnmagazijn.jumpstone-dev.nl\/#\/schema\/logo\/image\/\"},\"sameAs\":[\"https:\/\/www.facebook.com\/turijnmagazijn\"]}]}<\/script>\n<!-- \/ Yoast SEO plugin. -->","yoast_head_json":{"title":"Tableau de bord Lancia Kappa 2.4 TDS - Turijnmagazijn","robots":{"index":"index","follow":"follow","max-snippet":"max-snippet:-1","max-image-preview":"max-image-preview:large","max-video-preview":"max-video-preview:-1"},"canonical":"https:\/\/turijnmagazijn.nl\/fr\/produit\/tableau-de-bord-lancia-kappa-2-0-20v-kopie-kopie-3\/","og_locale":"fr_FR","og_type":"article","og_title":"Tableau de bord Lancia Kappa 2.4 TDS - Turijnmagazijn","og_description":"46472470 Tableau de bord Lancia Kappa - Tableau de bord Veglia Borletti pour Lancia Kappa. Tableau de bord Lancia Kappa.","og_url":"https:\/\/turijnmagazijn.nl\/fr\/produit\/tableau-de-bord-lancia-kappa-2-0-20v-kopie-kopie-3\/","og_site_name":"Turijnmagazijn","article_publisher":"https:\/\/www.facebook.com\/turijnmagazijn","article_modified_time":"2025-11-17T08:26:22+00:00","og_image":[{"width":1024,"height":768,"url":"https:\/\/turijnmagazijn.nl\/wp-content\/uploads\/2025\/09\/DK0102767-Instrumentenpaneel-Lancia-Kappa-2.4-TDS-46472470-2.jpg","type":"image\/jpeg"}],"twitter_card":"summary_large_image","twitter_misc":{"Dur\u00e9e de lecture estim\u00e9e":"1 minute"},"schema":{"@context":"https:\/\/schema.org","@graph":[{"@type":"WebPage","@id":"https:\/\/turijnmagazijn.nl\/fr\/produit\/tableau-de-bord-lancia-kappa-2-0-20v-kopie-kopie-3\/","url":"https:\/\/turijnmagazijn.nl\/fr\/produit\/tableau-de-bord-lancia-kappa-2-0-20v-kopie-kopie-3\/","name":"Tableau de bord Lancia Kappa 2.4 TDS - Turijnmagazijn","isPartOf":{"@id":"https:\/\/turijnmagazijn.jumpstone-dev.nl\/#website"},"primaryImageOfPage":{"@id":"https:\/\/turijnmagazijn.nl\/fr\/produit\/tableau-de-bord-lancia-kappa-2-0-20v-kopie-kopie-3\/#primaryimage"},"image":{"@id":"https:\/\/turijnmagazijn.nl\/fr\/produit\/tableau-de-bord-lancia-kappa-2-0-20v-kopie-kopie-3\/#primaryimage"},"thumbnailUrl":"https:\/\/turijnmagazijn.nl\/wp-content\/uploads\/2025\/09\/DK0102767-Instrumentenpaneel-Lancia-Kappa-2.4-TDS-46472470-2.jpg","datePublished":"2025-09-26T17:43:52+00:00","dateModified":"2025-11-17T08:26:22+00:00","breadcrumb":{"@id":"https:\/\/turijnmagazijn.nl\/fr\/produit\/tableau-de-bord-lancia-kappa-2-0-20v-kopie-kopie-3\/#breadcrumb"},"inLanguage":"fr-FR","potentialAction":[{"@type":"ReadAction","target":["https:\/\/turijnmagazijn.nl\/fr\/produit\/tableau-de-bord-lancia-kappa-2-0-20v-kopie-kopie-3\/"]}]},{"@type":"ImageObject","inLanguage":"fr-FR","@id":"https:\/\/turijnmagazijn.nl\/fr\/produit\/tableau-de-bord-lancia-kappa-2-0-20v-kopie-kopie-3\/#primaryimage","url":"https:\/\/turijnmagazijn.nl\/wp-content\/uploads\/2025\/09\/DK0102767-Instrumentenpaneel-Lancia-Kappa-2.4-TDS-46472470-2.jpg","contentUrl":"https:\/\/turijnmagazijn.nl\/wp-content\/uploads\/2025\/09\/DK0102767-Instrumentenpaneel-Lancia-Kappa-2.4-TDS-46472470-2.jpg","width":1024,"height":768},{"@type":"BreadcrumbList","@id":"https:\/\/turijnmagazijn.nl\/fr\/produit\/tableau-de-bord-lancia-kappa-2-0-20v-kopie-kopie-3\/#breadcrumb","itemListElement":[{"@type":"ListItem","position":1,"name":"Home","item":"https:\/\/turijnmagazijn.nl\/fr\/"},{"@type":"ListItem","position":2,"name":"Produits","item":"https:\/\/turijnmagazijn.nl\/fr\/shop\/"},{"@type":"ListItem","position":3,"name":"Tableau de bord Lancia Kappa 2.4 TDS"}]},{"@type":"WebSite","@id":"https:\/\/turijnmagazijn.jumpstone-dev.nl\/#website","url":"https:\/\/turijnmagazijn.jumpstone-dev.nl\/","name":"Turijnmagazijn","description":"Onderdelen nieuw en gebruikt - Fiat &amp; Lancia","publisher":{"@id":"https:\/\/turijnmagazijn.jumpstone-dev.nl\/#organization"},"potentialAction":[{"@type":"SearchAction","target":{"@type":"EntryPoint","urlTemplate":"https:\/\/turijnmagazijn.jumpstone-dev.nl\/?s={search_term_string}"},"query-input":{"@type":"PropertyValueSpecification","valueRequired":true,"valueName":"search_term_string"}}],"inLanguage":"fr-FR"},{"@type":"Organization","@id":"https:\/\/turijnmagazijn.jumpstone-dev.nl\/#organization","name":"Turijnmagazijn","url":"https:\/\/turijnmagazijn.jumpstone-dev.nl\/","logo":{"@type":"ImageObject","inLanguage":"fr-FR","@id":"https:\/\/turijnmagazijn.jumpstone-dev.nl\/#\/schema\/logo\/image\/","url":"https:\/\/turijnmagazijn.nl\/wp-content\/uploads\/2021\/02\/turijnmagazijnlogo.png","contentUrl":"https:\/\/turijnmagazijn.nl\/wp-content\/uploads\/2021\/02\/turijnmagazijnlogo.png","width":555,"height":270,"caption":"Turijnmagazijn"},"image":{"@id":"https:\/\/turijnmagazijn.jumpstone-dev.nl\/#\/schema\/logo\/image\/"},"sameAs":["https:\/\/www.facebook.com\/turijnmagazijn"]}]}},"_links":{"self":[{"href":"https:\/\/turijnmagazijn.nl\/fr\/wp-json\/wp\/v2\/product\/94471","targetHints":{"allow":["GET"]}}],"collection":[{"href":"https:\/\/turijnmagazijn.nl\/fr\/wp-json\/wp\/v2\/product"}],"about":[{"href":"https:\/\/turijnmagazijn.nl\/fr\/wp-json\/wp\/v2\/types\/product"}],"replies":[{"embeddable":true,"href":"https:\/\/turijnmagazijn.nl\/fr\/wp-json\/wp\/v2\/comments?post=94471"}],"wp:featuredmedia":[{"embeddable":true,"href":"https:\/\/turijnmagazijn.nl\/fr\/wp-json\/wp\/v2\/media\/94808"}],"wp:attachment":[{"href":"https:\/\/turijnmagazijn.nl\/fr\/wp-json\/wp\/v2\/media?parent=94471"}],"wp:term":[{"taxonomy":"product_brand","embeddable":true,"href":"https:\/\/turijnmagazijn.nl\/fr\/wp-json\/wp\/v2\/product_brand?post=94471"},{"taxonomy":"product_cat","embeddable":true,"href":"https:\/\/turijnmagazijn.nl\/fr\/wp-json\/wp\/v2\/product_cat?post=94471"},{"taxonomy":"product_tag","embeddable":true,"href":"https:\/\/turijnmagazijn.nl\/fr\/wp-json\/wp\/v2\/product_tag?post=94471"}],"curies":[{"name":"wp","href":"https:\/\/api.w.org\/{rel}","templated":true}]}}