{"id":94709,"date":"2025-10-03T13:46:14","date_gmt":"2025-10-03T11:46:14","guid":{"rendered":"https:\/\/turijnmagazijn.nl\/?post_type=product&#038;p=94709"},"modified":"2025-11-13T12:12:50","modified_gmt":"2025-11-13T11:12:50","slug":"ds010-dummy-lancia-delta-integrale-new-original-kopie-6","status":"publish","type":"product","link":"https:\/\/turijnmagazijn.nl\/fr\/produit\/ds010-dummy-lancia-delta-integrale-new-original-kopie-6\/","title":{"rendered":"Porte-cl\u00e9s Lancia logo \u00e9mail qualit\u00e9 exceptionnelle"},"content":{"rendered":"<p>Nouveau porte-cl\u00e9s. Seulement 1 en stock. Le plus beau porte-cl\u00e9s avec logo Lancia que j&rsquo;ai rencontr\u00e9.  <\/p>\n<p>Concerne le logo des ann\u00e9es 80-90 en \u00e9mail blanc et bleu.<\/p>\n<p>Qualit\u00e9 robuste, il y a encore un film protecteur au dos.<\/p>\n<p>se pr\u00eate \u00e9galement \u00e0 la gravure au dos, mais il est d\u00e9sormais vierge.<\/p>\n<p>taille du logo : 38 x 40 mm<\/p>\n","protected":false},"excerpt":{"rendered":"<p>Porte-cl\u00e9s en \u00e9mail de qualit\u00e9 logo Lancia ann\u00e9es 90.<\/p>\n","protected":false},"featured_media":94728,"comment_status":"closed","ping_status":"closed","template":"","meta":{"_acf_changed":false},"product_brand":[],"product_cat":[1809,1846,1851,1862,1865,1802,1806,1841,1819,1821,1825,1836,1830,1838,1860,1798,1873,1882,1870,1880,1908,1907,1914],"product_tag":[],"class_list":{"0":"post-94709","1":"product","2":"type-product","3":"status-publish","4":"has-post-thumbnail","6":"product_cat-1-1-1-3-1-5-fr","7":"product_cat-3-deurs-hpe-fr","8":"product_cat-5-deurs-fr","9":"product_cat-berlina-fr","10":"product_cat-coupe-fr","11":"product_cat-dedra-835-fr","12":"product_cat-delta-1-831-fr","13":"product_cat-delta-2-836-fr","14":"product_cat-gt-i-e-fr","15":"product_cat-hf-4wd-fr","16":"product_cat-hf-turbo-fr","17":"product_cat-integrale-16v-fr","18":"product_cat-integrale-8v-fr","19":"product_cat-integrale-evo-fr","20":"product_cat-kappa-838-fr","21":"product_cat-lancia-fr","22":"product_cat-lybra-839-fr","23":"product_cat-sedan-lybra-839-fr","24":"product_cat-sw-fr","25":"product_cat-sw-lybra-839-fr","26":"product_cat-thesis-841-fr","27":"product_cat-y10-156-fr","28":"product_cat-ypsilon-1-840-fr","29":"pa_soort-onderdeel-porte-cles-et-autocollants","31":"first","32":"instock","33":"shipping-taxable","34":"purchasable","35":"product-type-simple"},"acf":[],"yoast_head":"<!-- This site is optimized with the Yoast SEO plugin v27.2 - https:\/\/yoast.com\/product\/yoast-seo-wordpress\/ -->\n<title>Porte-cl\u00e9s Lancia logo \u00e9mail qualit\u00e9 exceptionnelle - Turijnmagazijn<\/title>\n<meta name=\"robots\" content=\"index, follow, max-snippet:-1, max-image-preview:large, max-video-preview:-1\" \/>\n<link rel=\"canonical\" href=\"https:\/\/turijnmagazijn.nl\/fr\/produit\/ds010-dummy-lancia-delta-integrale-new-original-kopie-6\/\" \/>\n<meta property=\"og:locale\" content=\"fr_FR\" \/>\n<meta property=\"og:type\" content=\"article\" \/>\n<meta property=\"og:title\" content=\"Porte-cl\u00e9s Lancia logo \u00e9mail qualit\u00e9 exceptionnelle - Turijnmagazijn\" \/>\n<meta property=\"og:description\" content=\"Porte-cl\u00e9s en \u00e9mail de qualit\u00e9 logo Lancia ann\u00e9es 90.\" \/>\n<meta property=\"og:url\" content=\"https:\/\/turijnmagazijn.nl\/fr\/produit\/ds010-dummy-lancia-delta-integrale-new-original-kopie-6\/\" \/>\n<meta property=\"og:site_name\" content=\"Turijnmagazijn\" \/>\n<meta property=\"article:publisher\" content=\"https:\/\/www.facebook.com\/turijnmagazijn\" \/>\n<meta property=\"article:modified_time\" content=\"2025-11-13T11:12:50+00:00\" \/>\n<meta name=\"twitter:card\" content=\"summary_large_image\" \/>\n<script type=\"application\/ld+json\" class=\"yoast-schema-graph\">{\"@context\":\"https:\/\/schema.org\",\"@graph\":[{\"@type\":\"WebPage\",\"@id\":\"https:\/\/turijnmagazijn.nl\/fr\/produit\/ds010-dummy-lancia-delta-integrale-new-original-kopie-6\/\",\"url\":\"https:\/\/turijnmagazijn.nl\/fr\/produit\/ds010-dummy-lancia-delta-integrale-new-original-kopie-6\/\",\"name\":\"Porte-cl\u00e9s Lancia logo \u00e9mail qualit\u00e9 exceptionnelle - Turijnmagazijn\",\"isPartOf\":{\"@id\":\"https:\/\/turijnmagazijn.jumpstone-dev.nl\/#website\"},\"primaryImageOfPage\":{\"@id\":\"https:\/\/turijnmagazijn.nl\/fr\/produit\/ds010-dummy-lancia-delta-integrale-new-original-kopie-6\/#primaryimage\"},\"image\":{\"@id\":\"https:\/\/turijnmagazijn.nl\/fr\/produit\/ds010-dummy-lancia-delta-integrale-new-original-kopie-6\/#primaryimage\"},\"thumbnailUrl\":\"https:\/\/turijnmagazijn.nl\/wp-content\/uploads\/2025\/10\/DK0102771-Lancia-logo-sleutelhanger-emaille-uitzonderlijke-kwaliteit-nvt-3.jpg\",\"datePublished\":\"2025-10-03T11:46:14+00:00\",\"dateModified\":\"2025-11-13T11:12:50+00:00\",\"breadcrumb\":{\"@id\":\"https:\/\/turijnmagazijn.nl\/fr\/produit\/ds010-dummy-lancia-delta-integrale-new-original-kopie-6\/#breadcrumb\"},\"inLanguage\":\"fr-FR\",\"potentialAction\":[{\"@type\":\"ReadAction\",\"target\":[\"https:\/\/turijnmagazijn.nl\/fr\/produit\/ds010-dummy-lancia-delta-integrale-new-original-kopie-6\/\"]}]},{\"@type\":\"ImageObject\",\"inLanguage\":\"fr-FR\",\"@id\":\"https:\/\/turijnmagazijn.nl\/fr\/produit\/ds010-dummy-lancia-delta-integrale-new-original-kopie-6\/#primaryimage\",\"url\":\"https:\/\/turijnmagazijn.nl\/wp-content\/uploads\/2025\/10\/DK0102771-Lancia-logo-sleutelhanger-emaille-uitzonderlijke-kwaliteit-nvt-3.jpg\",\"contentUrl\":\"https:\/\/turijnmagazijn.nl\/wp-content\/uploads\/2025\/10\/DK0102771-Lancia-logo-sleutelhanger-emaille-uitzonderlijke-kwaliteit-nvt-3.jpg\",\"width\":1024,\"height\":768},{\"@type\":\"BreadcrumbList\",\"@id\":\"https:\/\/turijnmagazijn.nl\/fr\/produit\/ds010-dummy-lancia-delta-integrale-new-original-kopie-6\/#breadcrumb\",\"itemListElement\":[{\"@type\":\"ListItem\",\"position\":1,\"name\":\"Home\",\"item\":\"https:\/\/turijnmagazijn.nl\/fr\/\"},{\"@type\":\"ListItem\",\"position\":2,\"name\":\"Produits\",\"item\":\"https:\/\/turijnmagazijn.nl\/fr\/shop\/\"},{\"@type\":\"ListItem\",\"position\":3,\"name\":\"Porte-cl\u00e9s Lancia logo \u00e9mail qualit\u00e9 exceptionnelle\"}]},{\"@type\":\"WebSite\",\"@id\":\"https:\/\/turijnmagazijn.jumpstone-dev.nl\/#website\",\"url\":\"https:\/\/turijnmagazijn.jumpstone-dev.nl\/\",\"name\":\"Turijnmagazijn\",\"description\":\"Onderdelen nieuw en gebruikt - Fiat &amp; Lancia\",\"publisher\":{\"@id\":\"https:\/\/turijnmagazijn.jumpstone-dev.nl\/#organization\"},\"potentialAction\":[{\"@type\":\"SearchAction\",\"target\":{\"@type\":\"EntryPoint\",\"urlTemplate\":\"https:\/\/turijnmagazijn.jumpstone-dev.nl\/?s={search_term_string}\"},\"query-input\":{\"@type\":\"PropertyValueSpecification\",\"valueRequired\":true,\"valueName\":\"search_term_string\"}}],\"inLanguage\":\"fr-FR\"},{\"@type\":\"Organization\",\"@id\":\"https:\/\/turijnmagazijn.jumpstone-dev.nl\/#organization\",\"name\":\"Turijnmagazijn\",\"url\":\"https:\/\/turijnmagazijn.jumpstone-dev.nl\/\",\"logo\":{\"@type\":\"ImageObject\",\"inLanguage\":\"fr-FR\",\"@id\":\"https:\/\/turijnmagazijn.jumpstone-dev.nl\/#\/schema\/logo\/image\/\",\"url\":\"https:\/\/turijnmagazijn.nl\/wp-content\/uploads\/2021\/02\/turijnmagazijnlogo.png\",\"contentUrl\":\"https:\/\/turijnmagazijn.nl\/wp-content\/uploads\/2021\/02\/turijnmagazijnlogo.png\",\"width\":555,\"height\":270,\"caption\":\"Turijnmagazijn\"},\"image\":{\"@id\":\"https:\/\/turijnmagazijn.jumpstone-dev.nl\/#\/schema\/logo\/image\/\"},\"sameAs\":[\"https:\/\/www.facebook.com\/turijnmagazijn\"]}]}<\/script>\n<!-- \/ Yoast SEO plugin. -->","yoast_head_json":{"title":"Porte-cl\u00e9s Lancia logo \u00e9mail qualit\u00e9 exceptionnelle - Turijnmagazijn","robots":{"index":"index","follow":"follow","max-snippet":"max-snippet:-1","max-image-preview":"max-image-preview:large","max-video-preview":"max-video-preview:-1"},"canonical":"https:\/\/turijnmagazijn.nl\/fr\/produit\/ds010-dummy-lancia-delta-integrale-new-original-kopie-6\/","og_locale":"fr_FR","og_type":"article","og_title":"Porte-cl\u00e9s Lancia logo \u00e9mail qualit\u00e9 exceptionnelle - Turijnmagazijn","og_description":"Porte-cl\u00e9s en \u00e9mail de qualit\u00e9 logo Lancia ann\u00e9es 90.","og_url":"https:\/\/turijnmagazijn.nl\/fr\/produit\/ds010-dummy-lancia-delta-integrale-new-original-kopie-6\/","og_site_name":"Turijnmagazijn","article_publisher":"https:\/\/www.facebook.com\/turijnmagazijn","article_modified_time":"2025-11-13T11:12:50+00:00","twitter_card":"summary_large_image","schema":{"@context":"https:\/\/schema.org","@graph":[{"@type":"WebPage","@id":"https:\/\/turijnmagazijn.nl\/fr\/produit\/ds010-dummy-lancia-delta-integrale-new-original-kopie-6\/","url":"https:\/\/turijnmagazijn.nl\/fr\/produit\/ds010-dummy-lancia-delta-integrale-new-original-kopie-6\/","name":"Porte-cl\u00e9s Lancia logo \u00e9mail qualit\u00e9 exceptionnelle - Turijnmagazijn","isPartOf":{"@id":"https:\/\/turijnmagazijn.jumpstone-dev.nl\/#website"},"primaryImageOfPage":{"@id":"https:\/\/turijnmagazijn.nl\/fr\/produit\/ds010-dummy-lancia-delta-integrale-new-original-kopie-6\/#primaryimage"},"image":{"@id":"https:\/\/turijnmagazijn.nl\/fr\/produit\/ds010-dummy-lancia-delta-integrale-new-original-kopie-6\/#primaryimage"},"thumbnailUrl":"https:\/\/turijnmagazijn.nl\/wp-content\/uploads\/2025\/10\/DK0102771-Lancia-logo-sleutelhanger-emaille-uitzonderlijke-kwaliteit-nvt-3.jpg","datePublished":"2025-10-03T11:46:14+00:00","dateModified":"2025-11-13T11:12:50+00:00","breadcrumb":{"@id":"https:\/\/turijnmagazijn.nl\/fr\/produit\/ds010-dummy-lancia-delta-integrale-new-original-kopie-6\/#breadcrumb"},"inLanguage":"fr-FR","potentialAction":[{"@type":"ReadAction","target":["https:\/\/turijnmagazijn.nl\/fr\/produit\/ds010-dummy-lancia-delta-integrale-new-original-kopie-6\/"]}]},{"@type":"ImageObject","inLanguage":"fr-FR","@id":"https:\/\/turijnmagazijn.nl\/fr\/produit\/ds010-dummy-lancia-delta-integrale-new-original-kopie-6\/#primaryimage","url":"https:\/\/turijnmagazijn.nl\/wp-content\/uploads\/2025\/10\/DK0102771-Lancia-logo-sleutelhanger-emaille-uitzonderlijke-kwaliteit-nvt-3.jpg","contentUrl":"https:\/\/turijnmagazijn.nl\/wp-content\/uploads\/2025\/10\/DK0102771-Lancia-logo-sleutelhanger-emaille-uitzonderlijke-kwaliteit-nvt-3.jpg","width":1024,"height":768},{"@type":"BreadcrumbList","@id":"https:\/\/turijnmagazijn.nl\/fr\/produit\/ds010-dummy-lancia-delta-integrale-new-original-kopie-6\/#breadcrumb","itemListElement":[{"@type":"ListItem","position":1,"name":"Home","item":"https:\/\/turijnmagazijn.nl\/fr\/"},{"@type":"ListItem","position":2,"name":"Produits","item":"https:\/\/turijnmagazijn.nl\/fr\/shop\/"},{"@type":"ListItem","position":3,"name":"Porte-cl\u00e9s Lancia logo \u00e9mail qualit\u00e9 exceptionnelle"}]},{"@type":"WebSite","@id":"https:\/\/turijnmagazijn.jumpstone-dev.nl\/#website","url":"https:\/\/turijnmagazijn.jumpstone-dev.nl\/","name":"Turijnmagazijn","description":"Onderdelen nieuw en gebruikt - Fiat &amp; Lancia","publisher":{"@id":"https:\/\/turijnmagazijn.jumpstone-dev.nl\/#organization"},"potentialAction":[{"@type":"SearchAction","target":{"@type":"EntryPoint","urlTemplate":"https:\/\/turijnmagazijn.jumpstone-dev.nl\/?s={search_term_string}"},"query-input":{"@type":"PropertyValueSpecification","valueRequired":true,"valueName":"search_term_string"}}],"inLanguage":"fr-FR"},{"@type":"Organization","@id":"https:\/\/turijnmagazijn.jumpstone-dev.nl\/#organization","name":"Turijnmagazijn","url":"https:\/\/turijnmagazijn.jumpstone-dev.nl\/","logo":{"@type":"ImageObject","inLanguage":"fr-FR","@id":"https:\/\/turijnmagazijn.jumpstone-dev.nl\/#\/schema\/logo\/image\/","url":"https:\/\/turijnmagazijn.nl\/wp-content\/uploads\/2021\/02\/turijnmagazijnlogo.png","contentUrl":"https:\/\/turijnmagazijn.nl\/wp-content\/uploads\/2021\/02\/turijnmagazijnlogo.png","width":555,"height":270,"caption":"Turijnmagazijn"},"image":{"@id":"https:\/\/turijnmagazijn.jumpstone-dev.nl\/#\/schema\/logo\/image\/"},"sameAs":["https:\/\/www.facebook.com\/turijnmagazijn"]}]}},"_links":{"self":[{"href":"https:\/\/turijnmagazijn.nl\/fr\/wp-json\/wp\/v2\/product\/94709","targetHints":{"allow":["GET"]}}],"collection":[{"href":"https:\/\/turijnmagazijn.nl\/fr\/wp-json\/wp\/v2\/product"}],"about":[{"href":"https:\/\/turijnmagazijn.nl\/fr\/wp-json\/wp\/v2\/types\/product"}],"replies":[{"embeddable":true,"href":"https:\/\/turijnmagazijn.nl\/fr\/wp-json\/wp\/v2\/comments?post=94709"}],"wp:featuredmedia":[{"embeddable":true,"href":"https:\/\/turijnmagazijn.nl\/fr\/wp-json\/wp\/v2\/media\/94728"}],"wp:attachment":[{"href":"https:\/\/turijnmagazijn.nl\/fr\/wp-json\/wp\/v2\/media?parent=94709"}],"wp:term":[{"taxonomy":"product_brand","embeddable":true,"href":"https:\/\/turijnmagazijn.nl\/fr\/wp-json\/wp\/v2\/product_brand?post=94709"},{"taxonomy":"product_cat","embeddable":true,"href":"https:\/\/turijnmagazijn.nl\/fr\/wp-json\/wp\/v2\/product_cat?post=94709"},{"taxonomy":"product_tag","embeddable":true,"href":"https:\/\/turijnmagazijn.nl\/fr\/wp-json\/wp\/v2\/product_tag?post=94709"}],"curies":[{"name":"wp","href":"https:\/\/api.w.org\/{rel}","templated":true}]}}