{"id":94994,"date":"2025-10-03T15:23:03","date_gmt":"2025-10-03T13:23:03","guid":{"rendered":"https:\/\/turijnmagazijn.nl\/?post_type=product&#038;p=94994"},"modified":"2025-11-12T21:48:50","modified_gmt":"2025-11-12T20:48:50","slug":"bouchon-de-reservoir-lancia-kappa-alfa-romeo-156-166-gtv-spider-kopie","status":"publish","type":"product","link":"https:\/\/turijnmagazijn.nl\/fr\/produit\/bouchon-de-reservoir-lancia-kappa-alfa-romeo-156-166-gtv-spider-kopie\/","title":{"rendered":"Bouchon de r\u00e9servoir Lancia Kappa Alfa Romeo 156 166 GTV Spider (kopie)"},"content":{"rendered":"<p>Nouvelle pi\u00e8ce d\u2019imitation. Bouchon de r\u00e9servoir pour les versions essence de Lancia Kappa et Alfa Romeo 166 premier type et Alfa Romeo 156.  <\/p>\n<p>Il ne diff\u00e8re de la conception originale que par l&rsquo;absence de la protub\u00e9rance pour le syst\u00e8me de suspension et par l&rsquo;absence de filetage sur les 14 premiers millim\u00e8tres de la partie ins\u00e9r\u00e9e. Dans la pratique, cette derni\u00e8re est seulement plus confortable car il est plus facile de faire co\u00efncider le filetage lors du serrage du bouchon. La fermeture et l&rsquo;\u00e9tanch\u00e9it\u00e9 sont identiques \u00e0 celles de l&rsquo;original.  <\/p>\n<p>Applicable, entre autres :<\/p>\n<p>Alfa Romeo 156 : 1.6TS. 1.8TS. 2.0TS. 2.5v6<br \/>\nAlfa Romeo GTV 2.0TS. 3.0v6 24V<br \/>\nAlfa Romeo Spider : 2.0TS. 3.0v6 24V<br \/>\nLancia Kappa tous les mod\u00e8les toutes les versions essence<br \/>\nAlfa 166 toutes les versions premi\u00e8res s\u00e9ries toutes les versions essence  <\/p>\n<p>Num\u00e9ro OEM Alfa Romeo 60575668  <\/p>\n<p>Num\u00e9ro OEM Lancia 60575668<\/p>\n","protected":false},"excerpt":{"rendered":"<p>Bouchon de carburant Alfa Romeo 156 et 166 et GTV et Spider et Lancia Kappa &#8211; Bouchon de carburant pour les versions essence de Lancia Kappa et Alfa Romeo 166 premier type et Alfa Romeo 156.<\/p>\n","protected":false},"featured_media":95003,"comment_status":"closed","ping_status":"closed","template":"","meta":{"_acf_changed":false},"product_brand":[],"product_cat":[1613,1650,1582,1862,1865,1636,1860,1798,1617,1623,1870],"product_tag":[],"class_list":{"0":"post-94994","1":"product","2":"type-product","3":"status-publish","4":"has-post-thumbnail","6":"product_cat-156-932-fr","7":"product_cat-166-936-fr","8":"product_cat-alfa-romeo-fr","9":"product_cat-berlina-fr","10":"product_cat-coupe-fr","11":"product_cat-gtv-916-fr","12":"product_cat-kappa-838-fr","13":"product_cat-lancia-fr","14":"product_cat-sedan-fr","15":"product_cat-sportwagon-fr","16":"product_cat-sw-fr","17":"pa_soort-onderdeel-systemes-de-carburant","19":"first","20":"instock","21":"taxable","22":"shipping-taxable","23":"purchasable","24":"product-type-simple"},"acf":[],"yoast_head":"<!-- This site is optimized with the Yoast SEO plugin v27.2 - https:\/\/yoast.com\/product\/yoast-seo-wordpress\/ -->\n<title>Bouchon de r\u00e9servoir Lancia Kappa Alfa Romeo 156 166 GTV Spider (kopie) - Turijnmagazijn<\/title>\n<meta name=\"robots\" content=\"index, follow, max-snippet:-1, max-image-preview:large, max-video-preview:-1\" \/>\n<link rel=\"canonical\" href=\"https:\/\/turijnmagazijn.nl\/fr\/produit\/bouchon-de-reservoir-lancia-kappa-alfa-romeo-156-166-gtv-spider-kopie\/\" \/>\n<meta property=\"og:locale\" content=\"fr_FR\" \/>\n<meta property=\"og:type\" content=\"article\" \/>\n<meta property=\"og:title\" content=\"Bouchon de r\u00e9servoir Lancia Kappa Alfa Romeo 156 166 GTV Spider (kopie) - Turijnmagazijn\" \/>\n<meta property=\"og:description\" content=\"Bouchon de carburant Alfa Romeo 156 et 166 et GTV et Spider et Lancia Kappa - Bouchon de carburant pour les versions essence de Lancia Kappa et Alfa Romeo 166 premier type et Alfa Romeo 156.\" \/>\n<meta property=\"og:url\" content=\"https:\/\/turijnmagazijn.nl\/fr\/produit\/bouchon-de-reservoir-lancia-kappa-alfa-romeo-156-166-gtv-spider-kopie\/\" \/>\n<meta property=\"og:site_name\" content=\"Turijnmagazijn\" \/>\n<meta property=\"article:publisher\" content=\"https:\/\/www.facebook.com\/turijnmagazijn\" \/>\n<meta property=\"article:modified_time\" content=\"2025-11-12T20:48:50+00:00\" \/>\n<meta property=\"og:image\" content=\"https:\/\/turijnmagazijn.nl\/wp-content\/uploads\/2025\/10\/DN0100442-Rubber-pakking-Tankdop-Lancia-Kappa-Alfa-Romeo-156-166-GTV-Spider-60575668-3.jpg\" \/>\n\t<meta property=\"og:image:width\" content=\"1024\" \/>\n\t<meta property=\"og:image:height\" content=\"768\" \/>\n\t<meta property=\"og:image:type\" content=\"image\/jpeg\" \/>\n<meta name=\"twitter:card\" content=\"summary_large_image\" \/>\n<meta name=\"twitter:label1\" content=\"Dur\u00e9e de lecture estim\u00e9e\" \/>\n\t<meta name=\"twitter:data1\" content=\"1 minute\" \/>\n<script type=\"application\/ld+json\" class=\"yoast-schema-graph\">{\"@context\":\"https:\/\/schema.org\",\"@graph\":[{\"@type\":\"WebPage\",\"@id\":\"https:\/\/turijnmagazijn.nl\/fr\/produit\/bouchon-de-reservoir-lancia-kappa-alfa-romeo-156-166-gtv-spider-kopie\/\",\"url\":\"https:\/\/turijnmagazijn.nl\/fr\/produit\/bouchon-de-reservoir-lancia-kappa-alfa-romeo-156-166-gtv-spider-kopie\/\",\"name\":\"Bouchon de r\u00e9servoir Lancia Kappa Alfa Romeo 156 166 GTV Spider (kopie) - Turijnmagazijn\",\"isPartOf\":{\"@id\":\"https:\/\/turijnmagazijn.jumpstone-dev.nl\/#website\"},\"primaryImageOfPage\":{\"@id\":\"https:\/\/turijnmagazijn.nl\/fr\/produit\/bouchon-de-reservoir-lancia-kappa-alfa-romeo-156-166-gtv-spider-kopie\/#primaryimage\"},\"image\":{\"@id\":\"https:\/\/turijnmagazijn.nl\/fr\/produit\/bouchon-de-reservoir-lancia-kappa-alfa-romeo-156-166-gtv-spider-kopie\/#primaryimage\"},\"thumbnailUrl\":\"https:\/\/turijnmagazijn.nl\/wp-content\/uploads\/2025\/10\/DN0100442-Rubber-pakking-Tankdop-Lancia-Kappa-Alfa-Romeo-156-166-GTV-Spider-60575668-3.jpg\",\"datePublished\":\"2025-10-03T13:23:03+00:00\",\"dateModified\":\"2025-11-12T20:48:50+00:00\",\"breadcrumb\":{\"@id\":\"https:\/\/turijnmagazijn.nl\/fr\/produit\/bouchon-de-reservoir-lancia-kappa-alfa-romeo-156-166-gtv-spider-kopie\/#breadcrumb\"},\"inLanguage\":\"fr-FR\",\"potentialAction\":[{\"@type\":\"ReadAction\",\"target\":[\"https:\/\/turijnmagazijn.nl\/fr\/produit\/bouchon-de-reservoir-lancia-kappa-alfa-romeo-156-166-gtv-spider-kopie\/\"]}]},{\"@type\":\"ImageObject\",\"inLanguage\":\"fr-FR\",\"@id\":\"https:\/\/turijnmagazijn.nl\/fr\/produit\/bouchon-de-reservoir-lancia-kappa-alfa-romeo-156-166-gtv-spider-kopie\/#primaryimage\",\"url\":\"https:\/\/turijnmagazijn.nl\/wp-content\/uploads\/2025\/10\/DN0100442-Rubber-pakking-Tankdop-Lancia-Kappa-Alfa-Romeo-156-166-GTV-Spider-60575668-3.jpg\",\"contentUrl\":\"https:\/\/turijnmagazijn.nl\/wp-content\/uploads\/2025\/10\/DN0100442-Rubber-pakking-Tankdop-Lancia-Kappa-Alfa-Romeo-156-166-GTV-Spider-60575668-3.jpg\",\"width\":1024,\"height\":768},{\"@type\":\"BreadcrumbList\",\"@id\":\"https:\/\/turijnmagazijn.nl\/fr\/produit\/bouchon-de-reservoir-lancia-kappa-alfa-romeo-156-166-gtv-spider-kopie\/#breadcrumb\",\"itemListElement\":[{\"@type\":\"ListItem\",\"position\":1,\"name\":\"Home\",\"item\":\"https:\/\/turijnmagazijn.jumpstone-dev.nl\/\"},{\"@type\":\"ListItem\",\"position\":2,\"name\":\"Produits\",\"item\":\"https:\/\/turijnmagazijn.nl\/fr\/shop\/\"},{\"@type\":\"ListItem\",\"position\":3,\"name\":\"Bouchon de r\u00e9servoir Lancia Kappa Alfa Romeo 156 166 GTV Spider (kopie)\"}]},{\"@type\":\"WebSite\",\"@id\":\"https:\/\/turijnmagazijn.jumpstone-dev.nl\/#website\",\"url\":\"https:\/\/turijnmagazijn.jumpstone-dev.nl\/\",\"name\":\"Turijnmagazijn\",\"description\":\"Onderdelen nieuw en gebruikt - Fiat &amp; Lancia\",\"publisher\":{\"@id\":\"https:\/\/turijnmagazijn.jumpstone-dev.nl\/#organization\"},\"potentialAction\":[{\"@type\":\"SearchAction\",\"target\":{\"@type\":\"EntryPoint\",\"urlTemplate\":\"https:\/\/turijnmagazijn.jumpstone-dev.nl\/?s={search_term_string}\"},\"query-input\":{\"@type\":\"PropertyValueSpecification\",\"valueRequired\":true,\"valueName\":\"search_term_string\"}}],\"inLanguage\":\"fr-FR\"},{\"@type\":\"Organization\",\"@id\":\"https:\/\/turijnmagazijn.jumpstone-dev.nl\/#organization\",\"name\":\"Turijnmagazijn\",\"url\":\"https:\/\/turijnmagazijn.jumpstone-dev.nl\/\",\"logo\":{\"@type\":\"ImageObject\",\"inLanguage\":\"fr-FR\",\"@id\":\"https:\/\/turijnmagazijn.jumpstone-dev.nl\/#\/schema\/logo\/image\/\",\"url\":\"https:\/\/turijnmagazijn.nl\/wp-content\/uploads\/2021\/02\/turijnmagazijnlogo.png\",\"contentUrl\":\"https:\/\/turijnmagazijn.nl\/wp-content\/uploads\/2021\/02\/turijnmagazijnlogo.png\",\"width\":555,\"height\":270,\"caption\":\"Turijnmagazijn\"},\"image\":{\"@id\":\"https:\/\/turijnmagazijn.jumpstone-dev.nl\/#\/schema\/logo\/image\/\"},\"sameAs\":[\"https:\/\/www.facebook.com\/turijnmagazijn\"]}]}<\/script>\n<!-- \/ Yoast SEO plugin. -->","yoast_head_json":{"title":"Bouchon de r\u00e9servoir Lancia Kappa Alfa Romeo 156 166 GTV Spider (kopie) - Turijnmagazijn","robots":{"index":"index","follow":"follow","max-snippet":"max-snippet:-1","max-image-preview":"max-image-preview:large","max-video-preview":"max-video-preview:-1"},"canonical":"https:\/\/turijnmagazijn.nl\/fr\/produit\/bouchon-de-reservoir-lancia-kappa-alfa-romeo-156-166-gtv-spider-kopie\/","og_locale":"fr_FR","og_type":"article","og_title":"Bouchon de r\u00e9servoir Lancia Kappa Alfa Romeo 156 166 GTV Spider (kopie) - Turijnmagazijn","og_description":"Bouchon de carburant Alfa Romeo 156 et 166 et GTV et Spider et Lancia Kappa - Bouchon de carburant pour les versions essence de Lancia Kappa et Alfa Romeo 166 premier type et Alfa Romeo 156.","og_url":"https:\/\/turijnmagazijn.nl\/fr\/produit\/bouchon-de-reservoir-lancia-kappa-alfa-romeo-156-166-gtv-spider-kopie\/","og_site_name":"Turijnmagazijn","article_publisher":"https:\/\/www.facebook.com\/turijnmagazijn","article_modified_time":"2025-11-12T20:48:50+00:00","og_image":[{"width":1024,"height":768,"url":"https:\/\/turijnmagazijn.nl\/wp-content\/uploads\/2025\/10\/DN0100442-Rubber-pakking-Tankdop-Lancia-Kappa-Alfa-Romeo-156-166-GTV-Spider-60575668-3.jpg","type":"image\/jpeg"}],"twitter_card":"summary_large_image","twitter_misc":{"Dur\u00e9e de lecture estim\u00e9e":"1 minute"},"schema":{"@context":"https:\/\/schema.org","@graph":[{"@type":"WebPage","@id":"https:\/\/turijnmagazijn.nl\/fr\/produit\/bouchon-de-reservoir-lancia-kappa-alfa-romeo-156-166-gtv-spider-kopie\/","url":"https:\/\/turijnmagazijn.nl\/fr\/produit\/bouchon-de-reservoir-lancia-kappa-alfa-romeo-156-166-gtv-spider-kopie\/","name":"Bouchon de r\u00e9servoir Lancia Kappa Alfa Romeo 156 166 GTV Spider (kopie) - Turijnmagazijn","isPartOf":{"@id":"https:\/\/turijnmagazijn.jumpstone-dev.nl\/#website"},"primaryImageOfPage":{"@id":"https:\/\/turijnmagazijn.nl\/fr\/produit\/bouchon-de-reservoir-lancia-kappa-alfa-romeo-156-166-gtv-spider-kopie\/#primaryimage"},"image":{"@id":"https:\/\/turijnmagazijn.nl\/fr\/produit\/bouchon-de-reservoir-lancia-kappa-alfa-romeo-156-166-gtv-spider-kopie\/#primaryimage"},"thumbnailUrl":"https:\/\/turijnmagazijn.nl\/wp-content\/uploads\/2025\/10\/DN0100442-Rubber-pakking-Tankdop-Lancia-Kappa-Alfa-Romeo-156-166-GTV-Spider-60575668-3.jpg","datePublished":"2025-10-03T13:23:03+00:00","dateModified":"2025-11-12T20:48:50+00:00","breadcrumb":{"@id":"https:\/\/turijnmagazijn.nl\/fr\/produit\/bouchon-de-reservoir-lancia-kappa-alfa-romeo-156-166-gtv-spider-kopie\/#breadcrumb"},"inLanguage":"fr-FR","potentialAction":[{"@type":"ReadAction","target":["https:\/\/turijnmagazijn.nl\/fr\/produit\/bouchon-de-reservoir-lancia-kappa-alfa-romeo-156-166-gtv-spider-kopie\/"]}]},{"@type":"ImageObject","inLanguage":"fr-FR","@id":"https:\/\/turijnmagazijn.nl\/fr\/produit\/bouchon-de-reservoir-lancia-kappa-alfa-romeo-156-166-gtv-spider-kopie\/#primaryimage","url":"https:\/\/turijnmagazijn.nl\/wp-content\/uploads\/2025\/10\/DN0100442-Rubber-pakking-Tankdop-Lancia-Kappa-Alfa-Romeo-156-166-GTV-Spider-60575668-3.jpg","contentUrl":"https:\/\/turijnmagazijn.nl\/wp-content\/uploads\/2025\/10\/DN0100442-Rubber-pakking-Tankdop-Lancia-Kappa-Alfa-Romeo-156-166-GTV-Spider-60575668-3.jpg","width":1024,"height":768},{"@type":"BreadcrumbList","@id":"https:\/\/turijnmagazijn.nl\/fr\/produit\/bouchon-de-reservoir-lancia-kappa-alfa-romeo-156-166-gtv-spider-kopie\/#breadcrumb","itemListElement":[{"@type":"ListItem","position":1,"name":"Home","item":"https:\/\/turijnmagazijn.jumpstone-dev.nl\/"},{"@type":"ListItem","position":2,"name":"Produits","item":"https:\/\/turijnmagazijn.nl\/fr\/shop\/"},{"@type":"ListItem","position":3,"name":"Bouchon de r\u00e9servoir Lancia Kappa Alfa Romeo 156 166 GTV Spider (kopie)"}]},{"@type":"WebSite","@id":"https:\/\/turijnmagazijn.jumpstone-dev.nl\/#website","url":"https:\/\/turijnmagazijn.jumpstone-dev.nl\/","name":"Turijnmagazijn","description":"Onderdelen nieuw en gebruikt - Fiat &amp; Lancia","publisher":{"@id":"https:\/\/turijnmagazijn.jumpstone-dev.nl\/#organization"},"potentialAction":[{"@type":"SearchAction","target":{"@type":"EntryPoint","urlTemplate":"https:\/\/turijnmagazijn.jumpstone-dev.nl\/?s={search_term_string}"},"query-input":{"@type":"PropertyValueSpecification","valueRequired":true,"valueName":"search_term_string"}}],"inLanguage":"fr-FR"},{"@type":"Organization","@id":"https:\/\/turijnmagazijn.jumpstone-dev.nl\/#organization","name":"Turijnmagazijn","url":"https:\/\/turijnmagazijn.jumpstone-dev.nl\/","logo":{"@type":"ImageObject","inLanguage":"fr-FR","@id":"https:\/\/turijnmagazijn.jumpstone-dev.nl\/#\/schema\/logo\/image\/","url":"https:\/\/turijnmagazijn.nl\/wp-content\/uploads\/2021\/02\/turijnmagazijnlogo.png","contentUrl":"https:\/\/turijnmagazijn.nl\/wp-content\/uploads\/2021\/02\/turijnmagazijnlogo.png","width":555,"height":270,"caption":"Turijnmagazijn"},"image":{"@id":"https:\/\/turijnmagazijn.jumpstone-dev.nl\/#\/schema\/logo\/image\/"},"sameAs":["https:\/\/www.facebook.com\/turijnmagazijn"]}]}},"_links":{"self":[{"href":"https:\/\/turijnmagazijn.nl\/fr\/wp-json\/wp\/v2\/product\/94994","targetHints":{"allow":["GET"]}}],"collection":[{"href":"https:\/\/turijnmagazijn.nl\/fr\/wp-json\/wp\/v2\/product"}],"about":[{"href":"https:\/\/turijnmagazijn.nl\/fr\/wp-json\/wp\/v2\/types\/product"}],"replies":[{"embeddable":true,"href":"https:\/\/turijnmagazijn.nl\/fr\/wp-json\/wp\/v2\/comments?post=94994"}],"wp:featuredmedia":[{"embeddable":true,"href":"https:\/\/turijnmagazijn.nl\/fr\/wp-json\/wp\/v2\/media\/95003"}],"wp:attachment":[{"href":"https:\/\/turijnmagazijn.nl\/fr\/wp-json\/wp\/v2\/media?parent=94994"}],"wp:term":[{"taxonomy":"product_brand","embeddable":true,"href":"https:\/\/turijnmagazijn.nl\/fr\/wp-json\/wp\/v2\/product_brand?post=94994"},{"taxonomy":"product_cat","embeddable":true,"href":"https:\/\/turijnmagazijn.nl\/fr\/wp-json\/wp\/v2\/product_cat?post=94994"},{"taxonomy":"product_tag","embeddable":true,"href":"https:\/\/turijnmagazijn.nl\/fr\/wp-json\/wp\/v2\/product_tag?post=94994"}],"curies":[{"name":"wp","href":"https:\/\/api.w.org\/{rel}","templated":true}]}}