{"id":95043,"date":"2025-10-03T20:52:52","date_gmt":"2025-10-03T18:52:52","guid":{"rendered":"https:\/\/turijnmagazijn.nl\/?post_type=product&#038;p=95043"},"modified":"2025-11-03T17:13:20","modified_gmt":"2025-11-03T16:13:20","slug":"dn010-dummy-lancia-delta-integrale-nouvelle-imitation-kopie-33","status":"publish","type":"product","link":"https:\/\/turijnmagazijn.nl\/fr\/produit\/dn010-dummy-lancia-delta-integrale-nouvelle-imitation-kopie-33\/","title":{"rendered":"Led upgrade pour tableau de bord Lancia Delta Integrale (set 3 pcs)"},"content":{"rendered":"<p>Jeu de 3 supports d&rsquo;ampoules avec lampe LED pour montage dans le tableau de bord de la Lancia Delta Integrale. Cette am\u00e9lioration redonne \u00e0 vos compteurs une bonne lisibilit\u00e9 dans l&rsquo;obscurit\u00e9. <\/p>\n<p>La plaque de r\u00e9partition de la lumi\u00e8re initialement incluse dans le tableau de bord devient de plus en plus orange au fil des ans, ce qui r\u00e9duit le rendement lumineux. On retrouve ce probl\u00e8me sur presque toutes les Delta.<\/p>\n<p>Les ampoules sont faciles \u00e0 remplacer, il n&rsquo;est pas n\u00e9cessaire de d\u00e9monter compl\u00e8tement l&rsquo;unit\u00e9 et les ampoules peuvent \u00eatre atteintes par le haut lorsque le bo\u00eetier du compteur repose sur la colonne de direction.<\/p>\n<p>Veuillez noter que lors du montage, les feux LED ne fonctionnent que si les p\u00f4les plus et moins sont connect\u00e9s correctement. Nous marquons le p\u00f4le plus, qui doit toujours \u00eatre orient\u00e9 vers le haut lors du montage de ces feux dans le combin\u00e9 d&rsquo;instruments. Testez toujours le fonctionnement des trois ampoules avant de remonter l&rsquo;unit\u00e9 !  <\/p>\n<p>Avec ces ampoules, le gradateur continue \u00e0 fonctionner normalement ! Les ampoules peuvent donc \u00eatre grad\u00e9es. <\/p>\n<p>Pour vous faire une id\u00e9e de la puissance lumineuse suppl\u00e9mentaire, regardez la photo. Cette photo a \u00e9t\u00e9 prise au r\u00e9glage maximum du variateur, \u00e0 gauche avec la mise \u00e0 niveau et \u00e0 droite dans la configuration d&rsquo;origine. <\/p>\n<p>Il suffit de remettre les ampoules d&rsquo;origine avec leur culot dans l&rsquo;encoche pour retrouver la configuration d&rsquo;origine.<\/p>\n<p>Pour remplacer OEM Lancia 9940477<\/p>\n","protected":false},"excerpt":{"rendered":"<p><span data-sheets-root=\"1\">9940477 LED upgrade pour tableau de bord Lancia Delta Integrale (set 3 pcs)  <\/span><\/p>\n","protected":false},"featured_media":95125,"comment_status":"closed","ping_status":"closed","template":"","meta":{"_acf_changed":false},"product_brand":[],"product_cat":[1809,1806,1819,1821,1825,1836,1830,1838,1798],"product_tag":[],"class_list":{"0":"post-95043","1":"product","2":"type-product","3":"status-publish","4":"has-post-thumbnail","6":"product_cat-1-1-1-3-1-5-fr","7":"product_cat-delta-1-831-fr","8":"product_cat-gt-i-e-fr","9":"product_cat-hf-4wd-fr","10":"product_cat-hf-turbo-fr","11":"product_cat-integrale-16v-fr","12":"product_cat-integrale-8v-fr","13":"product_cat-integrale-evo-fr","14":"product_cat-lancia-fr","15":"pa_soort-onderdeel-eclairage","17":"first","18":"instock","19":"taxable","20":"shipping-taxable","21":"purchasable","22":"product-type-simple"},"acf":[],"yoast_head":"<!-- This site is optimized with the Yoast SEO plugin v27.2 - https:\/\/yoast.com\/product\/yoast-seo-wordpress\/ -->\n<title>Led upgrade pour tableau de bord Lancia Delta Integrale (set 3 pcs) - Turijnmagazijn<\/title>\n<meta name=\"robots\" content=\"index, follow, max-snippet:-1, max-image-preview:large, max-video-preview:-1\" \/>\n<link rel=\"canonical\" href=\"https:\/\/turijnmagazijn.nl\/fr\/produit\/dn010-dummy-lancia-delta-integrale-nouvelle-imitation-kopie-33\/\" \/>\n<meta property=\"og:locale\" content=\"fr_FR\" \/>\n<meta property=\"og:type\" content=\"article\" \/>\n<meta property=\"og:title\" content=\"Led upgrade pour tableau de bord Lancia Delta Integrale (set 3 pcs) - Turijnmagazijn\" \/>\n<meta property=\"og:description\" content=\"9940477 LED upgrade pour tableau de bord Lancia Delta Integrale (set 3 pcs)\" \/>\n<meta property=\"og:url\" content=\"https:\/\/turijnmagazijn.nl\/fr\/produit\/dn010-dummy-lancia-delta-integrale-nouvelle-imitation-kopie-33\/\" \/>\n<meta property=\"og:site_name\" content=\"Turijnmagazijn\" \/>\n<meta property=\"article:publisher\" content=\"https:\/\/www.facebook.com\/turijnmagazijn\" \/>\n<meta property=\"article:modified_time\" content=\"2025-11-03T16:13:20+00:00\" \/>\n<meta property=\"og:image\" content=\"https:\/\/turijnmagazijn.nl\/wp-content\/uploads\/2025\/10\/DN0100445-Led-upgrade-voor-instrumentenpaneel-Lancia-Delta-Integrale-set-3-st-9940477-4.jpg\" \/>\n\t<meta property=\"og:image:width\" content=\"1024\" \/>\n\t<meta property=\"og:image:height\" content=\"768\" \/>\n\t<meta property=\"og:image:type\" content=\"image\/jpeg\" \/>\n<meta name=\"twitter:card\" content=\"summary_large_image\" \/>\n<meta name=\"twitter:label1\" content=\"Dur\u00e9e de lecture estim\u00e9e\" \/>\n\t<meta name=\"twitter:data1\" content=\"1 minute\" \/>\n<script type=\"application\/ld+json\" class=\"yoast-schema-graph\">{\"@context\":\"https:\/\/schema.org\",\"@graph\":[{\"@type\":\"WebPage\",\"@id\":\"https:\/\/turijnmagazijn.nl\/fr\/produit\/dn010-dummy-lancia-delta-integrale-nouvelle-imitation-kopie-33\/\",\"url\":\"https:\/\/turijnmagazijn.nl\/fr\/produit\/dn010-dummy-lancia-delta-integrale-nouvelle-imitation-kopie-33\/\",\"name\":\"Led upgrade pour tableau de bord Lancia Delta Integrale (set 3 pcs) - Turijnmagazijn\",\"isPartOf\":{\"@id\":\"https:\/\/turijnmagazijn.jumpstone-dev.nl\/#website\"},\"primaryImageOfPage\":{\"@id\":\"https:\/\/turijnmagazijn.nl\/fr\/produit\/dn010-dummy-lancia-delta-integrale-nouvelle-imitation-kopie-33\/#primaryimage\"},\"image\":{\"@id\":\"https:\/\/turijnmagazijn.nl\/fr\/produit\/dn010-dummy-lancia-delta-integrale-nouvelle-imitation-kopie-33\/#primaryimage\"},\"thumbnailUrl\":\"https:\/\/turijnmagazijn.nl\/wp-content\/uploads\/2025\/10\/DN0100445-Led-upgrade-voor-instrumentenpaneel-Lancia-Delta-Integrale-set-3-st-9940477-4.jpg\",\"datePublished\":\"2025-10-03T18:52:52+00:00\",\"dateModified\":\"2025-11-03T16:13:20+00:00\",\"breadcrumb\":{\"@id\":\"https:\/\/turijnmagazijn.nl\/fr\/produit\/dn010-dummy-lancia-delta-integrale-nouvelle-imitation-kopie-33\/#breadcrumb\"},\"inLanguage\":\"fr-FR\",\"potentialAction\":[{\"@type\":\"ReadAction\",\"target\":[\"https:\/\/turijnmagazijn.nl\/fr\/produit\/dn010-dummy-lancia-delta-integrale-nouvelle-imitation-kopie-33\/\"]}]},{\"@type\":\"ImageObject\",\"inLanguage\":\"fr-FR\",\"@id\":\"https:\/\/turijnmagazijn.nl\/fr\/produit\/dn010-dummy-lancia-delta-integrale-nouvelle-imitation-kopie-33\/#primaryimage\",\"url\":\"https:\/\/turijnmagazijn.nl\/wp-content\/uploads\/2025\/10\/DN0100445-Led-upgrade-voor-instrumentenpaneel-Lancia-Delta-Integrale-set-3-st-9940477-4.jpg\",\"contentUrl\":\"https:\/\/turijnmagazijn.nl\/wp-content\/uploads\/2025\/10\/DN0100445-Led-upgrade-voor-instrumentenpaneel-Lancia-Delta-Integrale-set-3-st-9940477-4.jpg\",\"width\":1024,\"height\":768},{\"@type\":\"BreadcrumbList\",\"@id\":\"https:\/\/turijnmagazijn.nl\/fr\/produit\/dn010-dummy-lancia-delta-integrale-nouvelle-imitation-kopie-33\/#breadcrumb\",\"itemListElement\":[{\"@type\":\"ListItem\",\"position\":1,\"name\":\"Home\",\"item\":\"https:\/\/turijnmagazijn.nl\/fr\/\"},{\"@type\":\"ListItem\",\"position\":2,\"name\":\"Produits\",\"item\":\"https:\/\/turijnmagazijn.nl\/fr\/shop\/\"},{\"@type\":\"ListItem\",\"position\":3,\"name\":\"Led upgrade pour tableau de bord Lancia Delta Integrale (set 3 pcs)\"}]},{\"@type\":\"WebSite\",\"@id\":\"https:\/\/turijnmagazijn.jumpstone-dev.nl\/#website\",\"url\":\"https:\/\/turijnmagazijn.jumpstone-dev.nl\/\",\"name\":\"Turijnmagazijn\",\"description\":\"Onderdelen nieuw en gebruikt - Fiat &amp; Lancia\",\"publisher\":{\"@id\":\"https:\/\/turijnmagazijn.jumpstone-dev.nl\/#organization\"},\"potentialAction\":[{\"@type\":\"SearchAction\",\"target\":{\"@type\":\"EntryPoint\",\"urlTemplate\":\"https:\/\/turijnmagazijn.jumpstone-dev.nl\/?s={search_term_string}\"},\"query-input\":{\"@type\":\"PropertyValueSpecification\",\"valueRequired\":true,\"valueName\":\"search_term_string\"}}],\"inLanguage\":\"fr-FR\"},{\"@type\":\"Organization\",\"@id\":\"https:\/\/turijnmagazijn.jumpstone-dev.nl\/#organization\",\"name\":\"Turijnmagazijn\",\"url\":\"https:\/\/turijnmagazijn.jumpstone-dev.nl\/\",\"logo\":{\"@type\":\"ImageObject\",\"inLanguage\":\"fr-FR\",\"@id\":\"https:\/\/turijnmagazijn.jumpstone-dev.nl\/#\/schema\/logo\/image\/\",\"url\":\"https:\/\/turijnmagazijn.nl\/wp-content\/uploads\/2021\/02\/turijnmagazijnlogo.png\",\"contentUrl\":\"https:\/\/turijnmagazijn.nl\/wp-content\/uploads\/2021\/02\/turijnmagazijnlogo.png\",\"width\":555,\"height\":270,\"caption\":\"Turijnmagazijn\"},\"image\":{\"@id\":\"https:\/\/turijnmagazijn.jumpstone-dev.nl\/#\/schema\/logo\/image\/\"},\"sameAs\":[\"https:\/\/www.facebook.com\/turijnmagazijn\"]}]}<\/script>\n<!-- \/ Yoast SEO plugin. -->","yoast_head_json":{"title":"Led upgrade pour tableau de bord Lancia Delta Integrale (set 3 pcs) - Turijnmagazijn","robots":{"index":"index","follow":"follow","max-snippet":"max-snippet:-1","max-image-preview":"max-image-preview:large","max-video-preview":"max-video-preview:-1"},"canonical":"https:\/\/turijnmagazijn.nl\/fr\/produit\/dn010-dummy-lancia-delta-integrale-nouvelle-imitation-kopie-33\/","og_locale":"fr_FR","og_type":"article","og_title":"Led upgrade pour tableau de bord Lancia Delta Integrale (set 3 pcs) - Turijnmagazijn","og_description":"9940477 LED upgrade pour tableau de bord Lancia Delta Integrale (set 3 pcs)","og_url":"https:\/\/turijnmagazijn.nl\/fr\/produit\/dn010-dummy-lancia-delta-integrale-nouvelle-imitation-kopie-33\/","og_site_name":"Turijnmagazijn","article_publisher":"https:\/\/www.facebook.com\/turijnmagazijn","article_modified_time":"2025-11-03T16:13:20+00:00","og_image":[{"width":1024,"height":768,"url":"https:\/\/turijnmagazijn.nl\/wp-content\/uploads\/2025\/10\/DN0100445-Led-upgrade-voor-instrumentenpaneel-Lancia-Delta-Integrale-set-3-st-9940477-4.jpg","type":"image\/jpeg"}],"twitter_card":"summary_large_image","twitter_misc":{"Dur\u00e9e de lecture estim\u00e9e":"1 minute"},"schema":{"@context":"https:\/\/schema.org","@graph":[{"@type":"WebPage","@id":"https:\/\/turijnmagazijn.nl\/fr\/produit\/dn010-dummy-lancia-delta-integrale-nouvelle-imitation-kopie-33\/","url":"https:\/\/turijnmagazijn.nl\/fr\/produit\/dn010-dummy-lancia-delta-integrale-nouvelle-imitation-kopie-33\/","name":"Led upgrade pour tableau de bord Lancia Delta Integrale (set 3 pcs) - Turijnmagazijn","isPartOf":{"@id":"https:\/\/turijnmagazijn.jumpstone-dev.nl\/#website"},"primaryImageOfPage":{"@id":"https:\/\/turijnmagazijn.nl\/fr\/produit\/dn010-dummy-lancia-delta-integrale-nouvelle-imitation-kopie-33\/#primaryimage"},"image":{"@id":"https:\/\/turijnmagazijn.nl\/fr\/produit\/dn010-dummy-lancia-delta-integrale-nouvelle-imitation-kopie-33\/#primaryimage"},"thumbnailUrl":"https:\/\/turijnmagazijn.nl\/wp-content\/uploads\/2025\/10\/DN0100445-Led-upgrade-voor-instrumentenpaneel-Lancia-Delta-Integrale-set-3-st-9940477-4.jpg","datePublished":"2025-10-03T18:52:52+00:00","dateModified":"2025-11-03T16:13:20+00:00","breadcrumb":{"@id":"https:\/\/turijnmagazijn.nl\/fr\/produit\/dn010-dummy-lancia-delta-integrale-nouvelle-imitation-kopie-33\/#breadcrumb"},"inLanguage":"fr-FR","potentialAction":[{"@type":"ReadAction","target":["https:\/\/turijnmagazijn.nl\/fr\/produit\/dn010-dummy-lancia-delta-integrale-nouvelle-imitation-kopie-33\/"]}]},{"@type":"ImageObject","inLanguage":"fr-FR","@id":"https:\/\/turijnmagazijn.nl\/fr\/produit\/dn010-dummy-lancia-delta-integrale-nouvelle-imitation-kopie-33\/#primaryimage","url":"https:\/\/turijnmagazijn.nl\/wp-content\/uploads\/2025\/10\/DN0100445-Led-upgrade-voor-instrumentenpaneel-Lancia-Delta-Integrale-set-3-st-9940477-4.jpg","contentUrl":"https:\/\/turijnmagazijn.nl\/wp-content\/uploads\/2025\/10\/DN0100445-Led-upgrade-voor-instrumentenpaneel-Lancia-Delta-Integrale-set-3-st-9940477-4.jpg","width":1024,"height":768},{"@type":"BreadcrumbList","@id":"https:\/\/turijnmagazijn.nl\/fr\/produit\/dn010-dummy-lancia-delta-integrale-nouvelle-imitation-kopie-33\/#breadcrumb","itemListElement":[{"@type":"ListItem","position":1,"name":"Home","item":"https:\/\/turijnmagazijn.nl\/fr\/"},{"@type":"ListItem","position":2,"name":"Produits","item":"https:\/\/turijnmagazijn.nl\/fr\/shop\/"},{"@type":"ListItem","position":3,"name":"Led upgrade pour tableau de bord Lancia Delta Integrale (set 3 pcs)"}]},{"@type":"WebSite","@id":"https:\/\/turijnmagazijn.jumpstone-dev.nl\/#website","url":"https:\/\/turijnmagazijn.jumpstone-dev.nl\/","name":"Turijnmagazijn","description":"Onderdelen nieuw en gebruikt - Fiat &amp; Lancia","publisher":{"@id":"https:\/\/turijnmagazijn.jumpstone-dev.nl\/#organization"},"potentialAction":[{"@type":"SearchAction","target":{"@type":"EntryPoint","urlTemplate":"https:\/\/turijnmagazijn.jumpstone-dev.nl\/?s={search_term_string}"},"query-input":{"@type":"PropertyValueSpecification","valueRequired":true,"valueName":"search_term_string"}}],"inLanguage":"fr-FR"},{"@type":"Organization","@id":"https:\/\/turijnmagazijn.jumpstone-dev.nl\/#organization","name":"Turijnmagazijn","url":"https:\/\/turijnmagazijn.jumpstone-dev.nl\/","logo":{"@type":"ImageObject","inLanguage":"fr-FR","@id":"https:\/\/turijnmagazijn.jumpstone-dev.nl\/#\/schema\/logo\/image\/","url":"https:\/\/turijnmagazijn.nl\/wp-content\/uploads\/2021\/02\/turijnmagazijnlogo.png","contentUrl":"https:\/\/turijnmagazijn.nl\/wp-content\/uploads\/2021\/02\/turijnmagazijnlogo.png","width":555,"height":270,"caption":"Turijnmagazijn"},"image":{"@id":"https:\/\/turijnmagazijn.jumpstone-dev.nl\/#\/schema\/logo\/image\/"},"sameAs":["https:\/\/www.facebook.com\/turijnmagazijn"]}]}},"_links":{"self":[{"href":"https:\/\/turijnmagazijn.nl\/fr\/wp-json\/wp\/v2\/product\/95043","targetHints":{"allow":["GET"]}}],"collection":[{"href":"https:\/\/turijnmagazijn.nl\/fr\/wp-json\/wp\/v2\/product"}],"about":[{"href":"https:\/\/turijnmagazijn.nl\/fr\/wp-json\/wp\/v2\/types\/product"}],"replies":[{"embeddable":true,"href":"https:\/\/turijnmagazijn.nl\/fr\/wp-json\/wp\/v2\/comments?post=95043"}],"wp:featuredmedia":[{"embeddable":true,"href":"https:\/\/turijnmagazijn.nl\/fr\/wp-json\/wp\/v2\/media\/95125"}],"wp:attachment":[{"href":"https:\/\/turijnmagazijn.nl\/fr\/wp-json\/wp\/v2\/media?parent=95043"}],"wp:term":[{"taxonomy":"product_brand","embeddable":true,"href":"https:\/\/turijnmagazijn.nl\/fr\/wp-json\/wp\/v2\/product_brand?post=95043"},{"taxonomy":"product_cat","embeddable":true,"href":"https:\/\/turijnmagazijn.nl\/fr\/wp-json\/wp\/v2\/product_cat?post=95043"},{"taxonomy":"product_tag","embeddable":true,"href":"https:\/\/turijnmagazijn.nl\/fr\/wp-json\/wp\/v2\/product_tag?post=95043"}],"curies":[{"name":"wp","href":"https:\/\/api.w.org\/{rel}","templated":true}]}}