{"id":95069,"date":"2025-10-05T20:29:10","date_gmt":"2025-10-05T18:29:10","guid":{"rendered":"https:\/\/turijnmagazijn.nl\/?post_type=product&#038;p=95069"},"modified":"2025-11-03T17:10:45","modified_gmt":"2025-11-03T16:10:45","slug":"logo-hayon-fiat-500x-rouge-95mm-imitation-kopie-kopie","status":"publish","type":"product","link":"https:\/\/turijnmagazijn.nl\/fr\/produit\/logo-hayon-fiat-500x-rouge-95mm-imitation-kopie-kopie\/","title":{"rendered":"R\u00e9paration pi\u00e8ce int\u00e9rieure logo Fiat rouge Bravo 2 Croma 2 (m)"},"content":{"rendered":"<p>Nouvelle imitation de logo pour le hayon ou la calandre de divers mod\u00e8les Fiat avec le logo rouge d&rsquo;un diam\u00e8tre de 100 mm (mesur\u00e9 jusqu&rsquo;au bord ext\u00e9rieur de la coque chrom\u00e9e).<\/p>\n<p>Presque toujours, seule la partie int\u00e9rieure est devenue inesth\u00e9tique ou d\u00e9color\u00e9e. Il n&rsquo;est donc pas n\u00e9cessaire de remplacer l&rsquo;ensemble du logo. Le remplacement de cette pi\u00e8ce de r\u00e9paration demande beaucoup moins d&rsquo;efforts, surtout s&rsquo;il s&rsquo;agit d&rsquo;une calandre. Le risque d&rsquo;endommager la peinture de la voiture lors du d\u00e9montage est \u00e9galement moindre. Il suffit de retirer le logo du support chrom\u00e9 \u00e0 l&rsquo;aide d&rsquo;une \u00e9pingle pointue et de placer ce logo autocollant sur l&#8217;emplacement vide. Votre Fiat est \u00e0 nouveau belle comme une laren !     <\/p>\n<p>Convient \u00e0 Fiat Bravo 2 et Fiat Croma 2.<\/p>\n<p>Mesurez toujours soigneusement votre logo \u00e0 l&rsquo;avance, cette pi\u00e8ce int\u00e9rieure ne s&rsquo;adapte qu&rsquo;aux logos de la s\u00e9rie 100mm. Il existe \u00e9galement un logo de 95 mm, veuillez donc mesurer avec pr\u00e9cision avant de passer commande.<br \/>\nVendu par pi\u00e8ce.<br \/>\nNum\u00e9ro OEM Fiat du logo auquel cette pi\u00e8ce de r\u00e9paration est adapt\u00e9e (r\u00e9f\u00e9rence uniquement, il ne s&rsquo;agit pas d&rsquo;une pi\u00e8ce OEM) <span data-sheets-root=\"1\">51944206<\/span> <\/p>\n","protected":false},"excerpt":{"rendered":"<p><span data-sheets-root=\"1\">Pi\u00e8ce int\u00e9rieure de r\u00e9paration logo Fiat rouge Bravo 2 et Croma 2 convient pour les logos avec oem 51944206<\/span><\/p>\n","protected":false},"featured_media":95095,"comment_status":"open","ping_status":"closed","template":"","meta":{"_acf_changed":false},"product_brand":[],"product_cat":[1709,1727,1690],"product_tag":[],"class_list":{"0":"post-95069","1":"product","2":"type-product","3":"status-publish","4":"has-post-thumbnail","6":"product_cat-bravo-198-fr","7":"product_cat-croma-2-194-fr","8":"product_cat-fiat-fr","9":"pa_soort-onderdeel-carrosserie-et-tolerie","11":"first","12":"instock","13":"taxable","14":"shipping-taxable","15":"purchasable","16":"product-type-simple"},"acf":[],"yoast_head":"<!-- This site is optimized with the Yoast SEO plugin v27.2 - https:\/\/yoast.com\/product\/yoast-seo-wordpress\/ -->\n<title>R\u00e9paration pi\u00e8ce int\u00e9rieure logo Fiat rouge Bravo 2 Croma 2 (m) - Turijnmagazijn<\/title>\n<meta name=\"robots\" content=\"index, follow, max-snippet:-1, max-image-preview:large, max-video-preview:-1\" \/>\n<link rel=\"canonical\" href=\"https:\/\/turijnmagazijn.nl\/fr\/produit\/logo-hayon-fiat-500x-rouge-95mm-imitation-kopie-kopie\/\" \/>\n<meta property=\"og:locale\" content=\"fr_FR\" \/>\n<meta property=\"og:type\" content=\"article\" \/>\n<meta property=\"og:title\" content=\"R\u00e9paration pi\u00e8ce int\u00e9rieure logo Fiat rouge Bravo 2 Croma 2 (m) - Turijnmagazijn\" \/>\n<meta property=\"og:description\" content=\"Pi\u00e8ce int\u00e9rieure de r\u00e9paration logo Fiat rouge Bravo 2 et Croma 2 convient pour les logos avec oem 51944206\" \/>\n<meta property=\"og:url\" content=\"https:\/\/turijnmagazijn.nl\/fr\/produit\/logo-hayon-fiat-500x-rouge-95mm-imitation-kopie-kopie\/\" \/>\n<meta property=\"og:site_name\" content=\"Turijnmagazijn\" \/>\n<meta property=\"article:publisher\" content=\"https:\/\/www.facebook.com\/turijnmagazijn\" \/>\n<meta property=\"article:modified_time\" content=\"2025-11-03T16:10:45+00:00\" \/>\n<meta property=\"og:image\" content=\"https:\/\/turijnmagazijn.nl\/wp-content\/uploads\/2025\/10\/DN0100447-Reparatie-binnendeel-logo-Fiat-rood-Bravo-2-Croma-2-M-51944206-3.jpg\" \/>\n\t<meta property=\"og:image:width\" content=\"1024\" \/>\n\t<meta property=\"og:image:height\" content=\"768\" \/>\n\t<meta property=\"og:image:type\" content=\"image\/jpeg\" \/>\n<meta name=\"twitter:card\" content=\"summary_large_image\" \/>\n<meta name=\"twitter:label1\" content=\"Dur\u00e9e de lecture estim\u00e9e\" \/>\n\t<meta name=\"twitter:data1\" content=\"1 minute\" \/>\n<script type=\"application\/ld+json\" class=\"yoast-schema-graph\">{\"@context\":\"https:\/\/schema.org\",\"@graph\":[{\"@type\":\"WebPage\",\"@id\":\"https:\/\/turijnmagazijn.nl\/fr\/produit\/logo-hayon-fiat-500x-rouge-95mm-imitation-kopie-kopie\/\",\"url\":\"https:\/\/turijnmagazijn.nl\/fr\/produit\/logo-hayon-fiat-500x-rouge-95mm-imitation-kopie-kopie\/\",\"name\":\"R\u00e9paration pi\u00e8ce int\u00e9rieure logo Fiat rouge Bravo 2 Croma 2 (m) - Turijnmagazijn\",\"isPartOf\":{\"@id\":\"https:\/\/turijnmagazijn.jumpstone-dev.nl\/#website\"},\"primaryImageOfPage\":{\"@id\":\"https:\/\/turijnmagazijn.nl\/fr\/produit\/logo-hayon-fiat-500x-rouge-95mm-imitation-kopie-kopie\/#primaryimage\"},\"image\":{\"@id\":\"https:\/\/turijnmagazijn.nl\/fr\/produit\/logo-hayon-fiat-500x-rouge-95mm-imitation-kopie-kopie\/#primaryimage\"},\"thumbnailUrl\":\"https:\/\/turijnmagazijn.nl\/wp-content\/uploads\/2025\/10\/DN0100447-Reparatie-binnendeel-logo-Fiat-rood-Bravo-2-Croma-2-M-51944206-3.jpg\",\"datePublished\":\"2025-10-05T18:29:10+00:00\",\"dateModified\":\"2025-11-03T16:10:45+00:00\",\"breadcrumb\":{\"@id\":\"https:\/\/turijnmagazijn.nl\/fr\/produit\/logo-hayon-fiat-500x-rouge-95mm-imitation-kopie-kopie\/#breadcrumb\"},\"inLanguage\":\"fr-FR\",\"potentialAction\":[{\"@type\":\"ReadAction\",\"target\":[\"https:\/\/turijnmagazijn.nl\/fr\/produit\/logo-hayon-fiat-500x-rouge-95mm-imitation-kopie-kopie\/\"]}]},{\"@type\":\"ImageObject\",\"inLanguage\":\"fr-FR\",\"@id\":\"https:\/\/turijnmagazijn.nl\/fr\/produit\/logo-hayon-fiat-500x-rouge-95mm-imitation-kopie-kopie\/#primaryimage\",\"url\":\"https:\/\/turijnmagazijn.nl\/wp-content\/uploads\/2025\/10\/DN0100447-Reparatie-binnendeel-logo-Fiat-rood-Bravo-2-Croma-2-M-51944206-3.jpg\",\"contentUrl\":\"https:\/\/turijnmagazijn.nl\/wp-content\/uploads\/2025\/10\/DN0100447-Reparatie-binnendeel-logo-Fiat-rood-Bravo-2-Croma-2-M-51944206-3.jpg\",\"width\":1024,\"height\":768},{\"@type\":\"BreadcrumbList\",\"@id\":\"https:\/\/turijnmagazijn.nl\/fr\/produit\/logo-hayon-fiat-500x-rouge-95mm-imitation-kopie-kopie\/#breadcrumb\",\"itemListElement\":[{\"@type\":\"ListItem\",\"position\":1,\"name\":\"Home\",\"item\":\"https:\/\/turijnmagazijn.nl\/fr\/\"},{\"@type\":\"ListItem\",\"position\":2,\"name\":\"Produits\",\"item\":\"https:\/\/turijnmagazijn.nl\/fr\/shop\/\"},{\"@type\":\"ListItem\",\"position\":3,\"name\":\"R\u00e9paration pi\u00e8ce int\u00e9rieure logo Fiat rouge Bravo 2 Croma 2 (m)\"}]},{\"@type\":\"WebSite\",\"@id\":\"https:\/\/turijnmagazijn.jumpstone-dev.nl\/#website\",\"url\":\"https:\/\/turijnmagazijn.jumpstone-dev.nl\/\",\"name\":\"Turijnmagazijn\",\"description\":\"Onderdelen nieuw en gebruikt - Fiat &amp; Lancia\",\"publisher\":{\"@id\":\"https:\/\/turijnmagazijn.jumpstone-dev.nl\/#organization\"},\"potentialAction\":[{\"@type\":\"SearchAction\",\"target\":{\"@type\":\"EntryPoint\",\"urlTemplate\":\"https:\/\/turijnmagazijn.jumpstone-dev.nl\/?s={search_term_string}\"},\"query-input\":{\"@type\":\"PropertyValueSpecification\",\"valueRequired\":true,\"valueName\":\"search_term_string\"}}],\"inLanguage\":\"fr-FR\"},{\"@type\":\"Organization\",\"@id\":\"https:\/\/turijnmagazijn.jumpstone-dev.nl\/#organization\",\"name\":\"Turijnmagazijn\",\"url\":\"https:\/\/turijnmagazijn.jumpstone-dev.nl\/\",\"logo\":{\"@type\":\"ImageObject\",\"inLanguage\":\"fr-FR\",\"@id\":\"https:\/\/turijnmagazijn.jumpstone-dev.nl\/#\/schema\/logo\/image\/\",\"url\":\"https:\/\/turijnmagazijn.nl\/wp-content\/uploads\/2021\/02\/turijnmagazijnlogo.png\",\"contentUrl\":\"https:\/\/turijnmagazijn.nl\/wp-content\/uploads\/2021\/02\/turijnmagazijnlogo.png\",\"width\":555,\"height\":270,\"caption\":\"Turijnmagazijn\"},\"image\":{\"@id\":\"https:\/\/turijnmagazijn.jumpstone-dev.nl\/#\/schema\/logo\/image\/\"},\"sameAs\":[\"https:\/\/www.facebook.com\/turijnmagazijn\"]}]}<\/script>\n<!-- \/ Yoast SEO plugin. -->","yoast_head_json":{"title":"R\u00e9paration pi\u00e8ce int\u00e9rieure logo Fiat rouge Bravo 2 Croma 2 (m) - Turijnmagazijn","robots":{"index":"index","follow":"follow","max-snippet":"max-snippet:-1","max-image-preview":"max-image-preview:large","max-video-preview":"max-video-preview:-1"},"canonical":"https:\/\/turijnmagazijn.nl\/fr\/produit\/logo-hayon-fiat-500x-rouge-95mm-imitation-kopie-kopie\/","og_locale":"fr_FR","og_type":"article","og_title":"R\u00e9paration pi\u00e8ce int\u00e9rieure logo Fiat rouge Bravo 2 Croma 2 (m) - Turijnmagazijn","og_description":"Pi\u00e8ce int\u00e9rieure de r\u00e9paration logo Fiat rouge Bravo 2 et Croma 2 convient pour les logos avec oem 51944206","og_url":"https:\/\/turijnmagazijn.nl\/fr\/produit\/logo-hayon-fiat-500x-rouge-95mm-imitation-kopie-kopie\/","og_site_name":"Turijnmagazijn","article_publisher":"https:\/\/www.facebook.com\/turijnmagazijn","article_modified_time":"2025-11-03T16:10:45+00:00","og_image":[{"width":1024,"height":768,"url":"https:\/\/turijnmagazijn.nl\/wp-content\/uploads\/2025\/10\/DN0100447-Reparatie-binnendeel-logo-Fiat-rood-Bravo-2-Croma-2-M-51944206-3.jpg","type":"image\/jpeg"}],"twitter_card":"summary_large_image","twitter_misc":{"Dur\u00e9e de lecture estim\u00e9e":"1 minute"},"schema":{"@context":"https:\/\/schema.org","@graph":[{"@type":"WebPage","@id":"https:\/\/turijnmagazijn.nl\/fr\/produit\/logo-hayon-fiat-500x-rouge-95mm-imitation-kopie-kopie\/","url":"https:\/\/turijnmagazijn.nl\/fr\/produit\/logo-hayon-fiat-500x-rouge-95mm-imitation-kopie-kopie\/","name":"R\u00e9paration pi\u00e8ce int\u00e9rieure logo Fiat rouge Bravo 2 Croma 2 (m) - Turijnmagazijn","isPartOf":{"@id":"https:\/\/turijnmagazijn.jumpstone-dev.nl\/#website"},"primaryImageOfPage":{"@id":"https:\/\/turijnmagazijn.nl\/fr\/produit\/logo-hayon-fiat-500x-rouge-95mm-imitation-kopie-kopie\/#primaryimage"},"image":{"@id":"https:\/\/turijnmagazijn.nl\/fr\/produit\/logo-hayon-fiat-500x-rouge-95mm-imitation-kopie-kopie\/#primaryimage"},"thumbnailUrl":"https:\/\/turijnmagazijn.nl\/wp-content\/uploads\/2025\/10\/DN0100447-Reparatie-binnendeel-logo-Fiat-rood-Bravo-2-Croma-2-M-51944206-3.jpg","datePublished":"2025-10-05T18:29:10+00:00","dateModified":"2025-11-03T16:10:45+00:00","breadcrumb":{"@id":"https:\/\/turijnmagazijn.nl\/fr\/produit\/logo-hayon-fiat-500x-rouge-95mm-imitation-kopie-kopie\/#breadcrumb"},"inLanguage":"fr-FR","potentialAction":[{"@type":"ReadAction","target":["https:\/\/turijnmagazijn.nl\/fr\/produit\/logo-hayon-fiat-500x-rouge-95mm-imitation-kopie-kopie\/"]}]},{"@type":"ImageObject","inLanguage":"fr-FR","@id":"https:\/\/turijnmagazijn.nl\/fr\/produit\/logo-hayon-fiat-500x-rouge-95mm-imitation-kopie-kopie\/#primaryimage","url":"https:\/\/turijnmagazijn.nl\/wp-content\/uploads\/2025\/10\/DN0100447-Reparatie-binnendeel-logo-Fiat-rood-Bravo-2-Croma-2-M-51944206-3.jpg","contentUrl":"https:\/\/turijnmagazijn.nl\/wp-content\/uploads\/2025\/10\/DN0100447-Reparatie-binnendeel-logo-Fiat-rood-Bravo-2-Croma-2-M-51944206-3.jpg","width":1024,"height":768},{"@type":"BreadcrumbList","@id":"https:\/\/turijnmagazijn.nl\/fr\/produit\/logo-hayon-fiat-500x-rouge-95mm-imitation-kopie-kopie\/#breadcrumb","itemListElement":[{"@type":"ListItem","position":1,"name":"Home","item":"https:\/\/turijnmagazijn.nl\/fr\/"},{"@type":"ListItem","position":2,"name":"Produits","item":"https:\/\/turijnmagazijn.nl\/fr\/shop\/"},{"@type":"ListItem","position":3,"name":"R\u00e9paration pi\u00e8ce int\u00e9rieure logo Fiat rouge Bravo 2 Croma 2 (m)"}]},{"@type":"WebSite","@id":"https:\/\/turijnmagazijn.jumpstone-dev.nl\/#website","url":"https:\/\/turijnmagazijn.jumpstone-dev.nl\/","name":"Turijnmagazijn","description":"Onderdelen nieuw en gebruikt - Fiat &amp; Lancia","publisher":{"@id":"https:\/\/turijnmagazijn.jumpstone-dev.nl\/#organization"},"potentialAction":[{"@type":"SearchAction","target":{"@type":"EntryPoint","urlTemplate":"https:\/\/turijnmagazijn.jumpstone-dev.nl\/?s={search_term_string}"},"query-input":{"@type":"PropertyValueSpecification","valueRequired":true,"valueName":"search_term_string"}}],"inLanguage":"fr-FR"},{"@type":"Organization","@id":"https:\/\/turijnmagazijn.jumpstone-dev.nl\/#organization","name":"Turijnmagazijn","url":"https:\/\/turijnmagazijn.jumpstone-dev.nl\/","logo":{"@type":"ImageObject","inLanguage":"fr-FR","@id":"https:\/\/turijnmagazijn.jumpstone-dev.nl\/#\/schema\/logo\/image\/","url":"https:\/\/turijnmagazijn.nl\/wp-content\/uploads\/2021\/02\/turijnmagazijnlogo.png","contentUrl":"https:\/\/turijnmagazijn.nl\/wp-content\/uploads\/2021\/02\/turijnmagazijnlogo.png","width":555,"height":270,"caption":"Turijnmagazijn"},"image":{"@id":"https:\/\/turijnmagazijn.jumpstone-dev.nl\/#\/schema\/logo\/image\/"},"sameAs":["https:\/\/www.facebook.com\/turijnmagazijn"]}]}},"_links":{"self":[{"href":"https:\/\/turijnmagazijn.nl\/fr\/wp-json\/wp\/v2\/product\/95069","targetHints":{"allow":["GET"]}}],"collection":[{"href":"https:\/\/turijnmagazijn.nl\/fr\/wp-json\/wp\/v2\/product"}],"about":[{"href":"https:\/\/turijnmagazijn.nl\/fr\/wp-json\/wp\/v2\/types\/product"}],"replies":[{"embeddable":true,"href":"https:\/\/turijnmagazijn.nl\/fr\/wp-json\/wp\/v2\/comments?post=95069"}],"wp:featuredmedia":[{"embeddable":true,"href":"https:\/\/turijnmagazijn.nl\/fr\/wp-json\/wp\/v2\/media\/95095"}],"wp:attachment":[{"href":"https:\/\/turijnmagazijn.nl\/fr\/wp-json\/wp\/v2\/media?parent=95069"}],"wp:term":[{"taxonomy":"product_brand","embeddable":true,"href":"https:\/\/turijnmagazijn.nl\/fr\/wp-json\/wp\/v2\/product_brand?post=95069"},{"taxonomy":"product_cat","embeddable":true,"href":"https:\/\/turijnmagazijn.nl\/fr\/wp-json\/wp\/v2\/product_cat?post=95069"},{"taxonomy":"product_tag","embeddable":true,"href":"https:\/\/turijnmagazijn.nl\/fr\/wp-json\/wp\/v2\/product_tag?post=95069"}],"curies":[{"name":"wp","href":"https:\/\/api.w.org\/{rel}","templated":true}]}}