{"id":95322,"date":"2025-10-25T16:53:29","date_gmt":"2025-10-25T14:53:29","guid":{"rendered":"https:\/\/turijnmagazijn.nl\/?post_type=product&#038;p=95322"},"modified":"2025-11-03T17:04:00","modified_gmt":"2025-11-03T16:04:00","slug":"dn010-dummy-lancia-delta-integrale-nouvelle-imitation-kopie-32","status":"publish","type":"product","link":"https:\/\/turijnmagazijn.nl\/fr\/produit\/dn010-dummy-lancia-delta-integrale-nouvelle-imitation-kopie-32\/","title":{"rendered":"Joint pompe \u00e0 huile Lancia Delta Integrale et div. Fiat Alfa Romeo"},"content":{"rendered":"<p>Nouvelle pi\u00e8ce d&rsquo;imitation de la marque Elring.<\/p>\n<p>Joint pour le montage de la pompe \u00e0 huile pour Lancia Delta HF Integrale.<\/p>\n<p>Appliqu\u00e9 \u00e0 de nombreuses autres variantes du moteur Lampredi, donc \u00e9galement applicable \u00e0 :<\/p>\n<p>Lancia Kappa<\/p>\n<p>Lancia Dedra<\/p>\n<p>Lancia Delta 2<\/p>\n<p>Fiat Tempra<\/p>\n<p>Fiat Tipo<\/p>\n<p>Fiat Coup\u00e9<\/p>\n<p>Alfa Romeo 155<\/p>\n<p>Disponible directement \u00e0 partir de notre stock !<\/p>\n<p>Pi\u00e8ce num\u00e9ro 3 sur le dessin technique du dessin EPER num\u00e9ro 1030100003 concernant son application sur la Lancia Delta Integrale. Une copie de ce document est requise par voiture.<\/p>\n<p>OEM Lancia 46412804<\/p>\n","protected":false},"excerpt":{"rendered":"<p>46412804 Joint Elring pour le montage de la pompe \u00e0 huile Lancia Delta HF integral<\/p>\n","protected":false},"featured_media":95453,"comment_status":"closed","ping_status":"closed","template":"","meta":{"_acf_changed":false},"product_brand":[],"product_cat":[1597,1609,1846,1851,1582,1862,1865,1719,1722,1806,1841,1690,1821,1825,1836,1830,1838,1860,1798,1779,1896,1902,1897,1781],"product_tag":[],"class_list":{"0":"post-95322","1":"product","2":"type-product","3":"status-publish","4":"has-post-thumbnail","6":"product_cat-145-930a-fr","7":"product_cat-155-167-fr","8":"product_cat-3-deurs-hpe-fr","9":"product_cat-5-deurs-fr","10":"product_cat-alfa-romeo-fr","11":"product_cat-berlina-fr","12":"product_cat-coupe-fr","13":"product_cat-coupe-175-fr","14":"product_cat-croma-1-154-fr","15":"product_cat-delta-1-831-fr","16":"product_cat-delta-2-836-fr","17":"product_cat-fiat-fr","18":"product_cat-hf-4wd-fr","19":"product_cat-hf-turbo-fr","20":"product_cat-integrale-16v-fr","21":"product_cat-integrale-8v-fr","22":"product_cat-integrale-evo-fr","23":"product_cat-kappa-838-fr","24":"product_cat-lancia-fr","25":"product_cat-tempra-159-fr","26":"product_cat-thema-834-fr","27":"product_cat-thema-sedan-fr","28":"product_cat-thema-sw-fr","29":"product_cat-tipo-1-160-fr","30":"pa_soort-onderdeel-moteur-et-accessoires","32":"first","33":"instock","34":"taxable","35":"shipping-taxable","36":"purchasable","37":"product-type-simple"},"acf":[],"yoast_head":"<!-- This site is optimized with the Yoast SEO plugin v27.3 - https:\/\/yoast.com\/product\/yoast-seo-wordpress\/ -->\n<title>Joint pompe \u00e0 huile Lancia Delta Integrale et div. Fiat Alfa Romeo - Turijnmagazijn<\/title>\n<meta name=\"robots\" content=\"index, follow, max-snippet:-1, max-image-preview:large, max-video-preview:-1\" \/>\n<link rel=\"canonical\" href=\"https:\/\/turijnmagazijn.nl\/fr\/produit\/dn010-dummy-lancia-delta-integrale-nouvelle-imitation-kopie-32\/\" \/>\n<meta property=\"og:locale\" content=\"fr_FR\" \/>\n<meta property=\"og:type\" content=\"article\" \/>\n<meta property=\"og:title\" content=\"Joint pompe \u00e0 huile Lancia Delta Integrale et div. Fiat Alfa Romeo - Turijnmagazijn\" \/>\n<meta property=\"og:description\" content=\"46412804 Joint Elring pour le montage de la pompe \u00e0 huile Lancia Delta HF integral\" \/>\n<meta property=\"og:url\" content=\"https:\/\/turijnmagazijn.nl\/fr\/produit\/dn010-dummy-lancia-delta-integrale-nouvelle-imitation-kopie-32\/\" \/>\n<meta property=\"og:site_name\" content=\"Turijnmagazijn\" \/>\n<meta property=\"article:publisher\" content=\"https:\/\/www.facebook.com\/turijnmagazijn\" \/>\n<meta property=\"article:modified_time\" content=\"2025-11-03T16:04:00+00:00\" \/>\n<meta property=\"og:image\" content=\"https:\/\/turijnmagazijn.nl\/wp-content\/uploads\/2025\/10\/DN0100449-Pakking-oliepomp-Lancia-Delta-Integrale-en-div.-Fiat-Alfa-Romeo-46412804-3.jpg\" \/>\n\t<meta property=\"og:image:width\" content=\"1024\" \/>\n\t<meta property=\"og:image:height\" content=\"768\" \/>\n\t<meta property=\"og:image:type\" content=\"image\/jpeg\" \/>\n<meta name=\"twitter:card\" content=\"summary_large_image\" \/>\n<script type=\"application\/ld+json\" class=\"yoast-schema-graph\">{\"@context\":\"https:\\\/\\\/schema.org\",\"@graph\":[{\"@type\":\"WebPage\",\"@id\":\"https:\\\/\\\/turijnmagazijn.nl\\\/fr\\\/produit\\\/dn010-dummy-lancia-delta-integrale-nouvelle-imitation-kopie-32\\\/\",\"url\":\"https:\\\/\\\/turijnmagazijn.nl\\\/fr\\\/produit\\\/dn010-dummy-lancia-delta-integrale-nouvelle-imitation-kopie-32\\\/\",\"name\":\"Joint pompe \u00e0 huile Lancia Delta Integrale et div. Fiat Alfa Romeo - Turijnmagazijn\",\"isPartOf\":{\"@id\":\"https:\\\/\\\/turijnmagazijn.jumpstone-dev.nl\\\/#website\"},\"primaryImageOfPage\":{\"@id\":\"https:\\\/\\\/turijnmagazijn.nl\\\/fr\\\/produit\\\/dn010-dummy-lancia-delta-integrale-nouvelle-imitation-kopie-32\\\/#primaryimage\"},\"image\":{\"@id\":\"https:\\\/\\\/turijnmagazijn.nl\\\/fr\\\/produit\\\/dn010-dummy-lancia-delta-integrale-nouvelle-imitation-kopie-32\\\/#primaryimage\"},\"thumbnailUrl\":\"https:\\\/\\\/turijnmagazijn.nl\\\/wp-content\\\/uploads\\\/2025\\\/10\\\/DN0100449-Pakking-oliepomp-Lancia-Delta-Integrale-en-div.-Fiat-Alfa-Romeo-46412804-3.jpg\",\"datePublished\":\"2025-10-25T14:53:29+00:00\",\"dateModified\":\"2025-11-03T16:04:00+00:00\",\"breadcrumb\":{\"@id\":\"https:\\\/\\\/turijnmagazijn.nl\\\/fr\\\/produit\\\/dn010-dummy-lancia-delta-integrale-nouvelle-imitation-kopie-32\\\/#breadcrumb\"},\"inLanguage\":\"fr-FR\",\"potentialAction\":[{\"@type\":\"ReadAction\",\"target\":[\"https:\\\/\\\/turijnmagazijn.nl\\\/fr\\\/produit\\\/dn010-dummy-lancia-delta-integrale-nouvelle-imitation-kopie-32\\\/\"]}]},{\"@type\":\"ImageObject\",\"inLanguage\":\"fr-FR\",\"@id\":\"https:\\\/\\\/turijnmagazijn.nl\\\/fr\\\/produit\\\/dn010-dummy-lancia-delta-integrale-nouvelle-imitation-kopie-32\\\/#primaryimage\",\"url\":\"https:\\\/\\\/turijnmagazijn.nl\\\/wp-content\\\/uploads\\\/2025\\\/10\\\/DN0100449-Pakking-oliepomp-Lancia-Delta-Integrale-en-div.-Fiat-Alfa-Romeo-46412804-3.jpg\",\"contentUrl\":\"https:\\\/\\\/turijnmagazijn.nl\\\/wp-content\\\/uploads\\\/2025\\\/10\\\/DN0100449-Pakking-oliepomp-Lancia-Delta-Integrale-en-div.-Fiat-Alfa-Romeo-46412804-3.jpg\",\"width\":1024,\"height\":768},{\"@type\":\"BreadcrumbList\",\"@id\":\"https:\\\/\\\/turijnmagazijn.nl\\\/fr\\\/produit\\\/dn010-dummy-lancia-delta-integrale-nouvelle-imitation-kopie-32\\\/#breadcrumb\",\"itemListElement\":[{\"@type\":\"ListItem\",\"position\":1,\"name\":\"Home\",\"item\":\"https:\\\/\\\/turijnmagazijn.nl\\\/fr\\\/\"},{\"@type\":\"ListItem\",\"position\":2,\"name\":\"Produits\",\"item\":\"https:\\\/\\\/turijnmagazijn.nl\\\/fr\\\/shop\\\/\"},{\"@type\":\"ListItem\",\"position\":3,\"name\":\"Joint pompe \u00e0 huile Lancia Delta Integrale et div. Fiat Alfa Romeo\"}]},{\"@type\":\"WebSite\",\"@id\":\"https:\\\/\\\/turijnmagazijn.jumpstone-dev.nl\\\/#website\",\"url\":\"https:\\\/\\\/turijnmagazijn.jumpstone-dev.nl\\\/\",\"name\":\"Turijnmagazijn\",\"description\":\"Onderdelen nieuw en gebruikt - Fiat &amp; Lancia\",\"publisher\":{\"@id\":\"https:\\\/\\\/turijnmagazijn.jumpstone-dev.nl\\\/#organization\"},\"potentialAction\":[{\"@type\":\"SearchAction\",\"target\":{\"@type\":\"EntryPoint\",\"urlTemplate\":\"https:\\\/\\\/turijnmagazijn.jumpstone-dev.nl\\\/?s={search_term_string}\"},\"query-input\":{\"@type\":\"PropertyValueSpecification\",\"valueRequired\":true,\"valueName\":\"search_term_string\"}}],\"inLanguage\":\"fr-FR\"},{\"@type\":\"Organization\",\"@id\":\"https:\\\/\\\/turijnmagazijn.jumpstone-dev.nl\\\/#organization\",\"name\":\"Turijnmagazijn\",\"url\":\"https:\\\/\\\/turijnmagazijn.jumpstone-dev.nl\\\/\",\"logo\":{\"@type\":\"ImageObject\",\"inLanguage\":\"fr-FR\",\"@id\":\"https:\\\/\\\/turijnmagazijn.jumpstone-dev.nl\\\/#\\\/schema\\\/logo\\\/image\\\/\",\"url\":\"https:\\\/\\\/turijnmagazijn.nl\\\/wp-content\\\/uploads\\\/2021\\\/02\\\/turijnmagazijnlogo.png\",\"contentUrl\":\"https:\\\/\\\/turijnmagazijn.nl\\\/wp-content\\\/uploads\\\/2021\\\/02\\\/turijnmagazijnlogo.png\",\"width\":555,\"height\":270,\"caption\":\"Turijnmagazijn\"},\"image\":{\"@id\":\"https:\\\/\\\/turijnmagazijn.jumpstone-dev.nl\\\/#\\\/schema\\\/logo\\\/image\\\/\"},\"sameAs\":[\"https:\\\/\\\/www.facebook.com\\\/turijnmagazijn\"]}]}<\/script>\n<!-- \/ Yoast SEO plugin. -->","yoast_head_json":{"title":"Joint pompe \u00e0 huile Lancia Delta Integrale et div. Fiat Alfa Romeo - Turijnmagazijn","robots":{"index":"index","follow":"follow","max-snippet":"max-snippet:-1","max-image-preview":"max-image-preview:large","max-video-preview":"max-video-preview:-1"},"canonical":"https:\/\/turijnmagazijn.nl\/fr\/produit\/dn010-dummy-lancia-delta-integrale-nouvelle-imitation-kopie-32\/","og_locale":"fr_FR","og_type":"article","og_title":"Joint pompe \u00e0 huile Lancia Delta Integrale et div. Fiat Alfa Romeo - Turijnmagazijn","og_description":"46412804 Joint Elring pour le montage de la pompe \u00e0 huile Lancia Delta HF integral","og_url":"https:\/\/turijnmagazijn.nl\/fr\/produit\/dn010-dummy-lancia-delta-integrale-nouvelle-imitation-kopie-32\/","og_site_name":"Turijnmagazijn","article_publisher":"https:\/\/www.facebook.com\/turijnmagazijn","article_modified_time":"2025-11-03T16:04:00+00:00","og_image":[{"width":1024,"height":768,"url":"https:\/\/turijnmagazijn.nl\/wp-content\/uploads\/2025\/10\/DN0100449-Pakking-oliepomp-Lancia-Delta-Integrale-en-div.-Fiat-Alfa-Romeo-46412804-3.jpg","type":"image\/jpeg"}],"twitter_card":"summary_large_image","schema":{"@context":"https:\/\/schema.org","@graph":[{"@type":"WebPage","@id":"https:\/\/turijnmagazijn.nl\/fr\/produit\/dn010-dummy-lancia-delta-integrale-nouvelle-imitation-kopie-32\/","url":"https:\/\/turijnmagazijn.nl\/fr\/produit\/dn010-dummy-lancia-delta-integrale-nouvelle-imitation-kopie-32\/","name":"Joint pompe \u00e0 huile Lancia Delta Integrale et div. Fiat Alfa Romeo - Turijnmagazijn","isPartOf":{"@id":"https:\/\/turijnmagazijn.jumpstone-dev.nl\/#website"},"primaryImageOfPage":{"@id":"https:\/\/turijnmagazijn.nl\/fr\/produit\/dn010-dummy-lancia-delta-integrale-nouvelle-imitation-kopie-32\/#primaryimage"},"image":{"@id":"https:\/\/turijnmagazijn.nl\/fr\/produit\/dn010-dummy-lancia-delta-integrale-nouvelle-imitation-kopie-32\/#primaryimage"},"thumbnailUrl":"https:\/\/turijnmagazijn.nl\/wp-content\/uploads\/2025\/10\/DN0100449-Pakking-oliepomp-Lancia-Delta-Integrale-en-div.-Fiat-Alfa-Romeo-46412804-3.jpg","datePublished":"2025-10-25T14:53:29+00:00","dateModified":"2025-11-03T16:04:00+00:00","breadcrumb":{"@id":"https:\/\/turijnmagazijn.nl\/fr\/produit\/dn010-dummy-lancia-delta-integrale-nouvelle-imitation-kopie-32\/#breadcrumb"},"inLanguage":"fr-FR","potentialAction":[{"@type":"ReadAction","target":["https:\/\/turijnmagazijn.nl\/fr\/produit\/dn010-dummy-lancia-delta-integrale-nouvelle-imitation-kopie-32\/"]}]},{"@type":"ImageObject","inLanguage":"fr-FR","@id":"https:\/\/turijnmagazijn.nl\/fr\/produit\/dn010-dummy-lancia-delta-integrale-nouvelle-imitation-kopie-32\/#primaryimage","url":"https:\/\/turijnmagazijn.nl\/wp-content\/uploads\/2025\/10\/DN0100449-Pakking-oliepomp-Lancia-Delta-Integrale-en-div.-Fiat-Alfa-Romeo-46412804-3.jpg","contentUrl":"https:\/\/turijnmagazijn.nl\/wp-content\/uploads\/2025\/10\/DN0100449-Pakking-oliepomp-Lancia-Delta-Integrale-en-div.-Fiat-Alfa-Romeo-46412804-3.jpg","width":1024,"height":768},{"@type":"BreadcrumbList","@id":"https:\/\/turijnmagazijn.nl\/fr\/produit\/dn010-dummy-lancia-delta-integrale-nouvelle-imitation-kopie-32\/#breadcrumb","itemListElement":[{"@type":"ListItem","position":1,"name":"Home","item":"https:\/\/turijnmagazijn.nl\/fr\/"},{"@type":"ListItem","position":2,"name":"Produits","item":"https:\/\/turijnmagazijn.nl\/fr\/shop\/"},{"@type":"ListItem","position":3,"name":"Joint pompe \u00e0 huile Lancia Delta Integrale et div. Fiat Alfa Romeo"}]},{"@type":"WebSite","@id":"https:\/\/turijnmagazijn.jumpstone-dev.nl\/#website","url":"https:\/\/turijnmagazijn.jumpstone-dev.nl\/","name":"Turijnmagazijn","description":"Onderdelen nieuw en gebruikt - Fiat &amp; Lancia","publisher":{"@id":"https:\/\/turijnmagazijn.jumpstone-dev.nl\/#organization"},"potentialAction":[{"@type":"SearchAction","target":{"@type":"EntryPoint","urlTemplate":"https:\/\/turijnmagazijn.jumpstone-dev.nl\/?s={search_term_string}"},"query-input":{"@type":"PropertyValueSpecification","valueRequired":true,"valueName":"search_term_string"}}],"inLanguage":"fr-FR"},{"@type":"Organization","@id":"https:\/\/turijnmagazijn.jumpstone-dev.nl\/#organization","name":"Turijnmagazijn","url":"https:\/\/turijnmagazijn.jumpstone-dev.nl\/","logo":{"@type":"ImageObject","inLanguage":"fr-FR","@id":"https:\/\/turijnmagazijn.jumpstone-dev.nl\/#\/schema\/logo\/image\/","url":"https:\/\/turijnmagazijn.nl\/wp-content\/uploads\/2021\/02\/turijnmagazijnlogo.png","contentUrl":"https:\/\/turijnmagazijn.nl\/wp-content\/uploads\/2021\/02\/turijnmagazijnlogo.png","width":555,"height":270,"caption":"Turijnmagazijn"},"image":{"@id":"https:\/\/turijnmagazijn.jumpstone-dev.nl\/#\/schema\/logo\/image\/"},"sameAs":["https:\/\/www.facebook.com\/turijnmagazijn"]}]}},"_links":{"self":[{"href":"https:\/\/turijnmagazijn.nl\/fr\/wp-json\/wp\/v2\/product\/95322","targetHints":{"allow":["GET"]}}],"collection":[{"href":"https:\/\/turijnmagazijn.nl\/fr\/wp-json\/wp\/v2\/product"}],"about":[{"href":"https:\/\/turijnmagazijn.nl\/fr\/wp-json\/wp\/v2\/types\/product"}],"replies":[{"embeddable":true,"href":"https:\/\/turijnmagazijn.nl\/fr\/wp-json\/wp\/v2\/comments?post=95322"}],"wp:featuredmedia":[{"embeddable":true,"href":"https:\/\/turijnmagazijn.nl\/fr\/wp-json\/wp\/v2\/media\/95453"}],"wp:attachment":[{"href":"https:\/\/turijnmagazijn.nl\/fr\/wp-json\/wp\/v2\/media?parent=95322"}],"wp:term":[{"taxonomy":"product_brand","embeddable":true,"href":"https:\/\/turijnmagazijn.nl\/fr\/wp-json\/wp\/v2\/product_brand?post=95322"},{"taxonomy":"product_cat","embeddable":true,"href":"https:\/\/turijnmagazijn.nl\/fr\/wp-json\/wp\/v2\/product_cat?post=95322"},{"taxonomy":"product_tag","embeddable":true,"href":"https:\/\/turijnmagazijn.nl\/fr\/wp-json\/wp\/v2\/product_tag?post=95322"}],"curies":[{"name":"wp","href":"https:\/\/api.w.org\/{rel}","templated":true}]}}