{"id":95717,"date":"2024-11-04T00:18:17","date_gmt":"2024-11-03T23:18:17","guid":{"rendered":"https:\/\/turijnmagazijn.nl\/product\/boulon-de-fixation-de-la-console-centrale-delta-integrale-2-pcs\/"},"modified":"2026-01-25T20:43:49","modified_gmt":"2026-01-25T19:43:49","slug":"boulon-de-fixation-de-la-console-centrale-delta-integrale-2-pcs","status":"publish","type":"product","link":"https:\/\/turijnmagazijn.nl\/fr\/produit\/boulon-de-fixation-de-la-console-centrale-delta-integrale-2-pcs\/","title":{"rendered":"Boulon de fixation de la console centrale Delta Integrale (2 pcs)"},"content":{"rendered":"<p>Nouvelle pi\u00e8ce d\u2019imitation. Boulon de fixation de la console centrale sur la partie sup\u00e9rieure du tableau de bord. Vendu par 2 pi\u00e8ces. La fixation est conique, comme d&rsquo;origine, et est munie d&rsquo;une t\u00eate Phillips pour minimiser les changements d&rsquo;outils lors du d\u00e9montage de la planche de bord. Pi\u00e8ce num\u00e9ro 9 sur le dessin technique d&rsquo;EPER num\u00e9ro 1B44A11831F2756C583D87BC067F9F93 concernant l&rsquo;application sur la Lancia Delta Integrale. Deux pi\u00e8ces de cet article sont n\u00e9cessaires pour chaque voiture. Pour remplacer les pi\u00e8ces d&rsquo;origine Lancia 15687907     <\/p>\n","protected":false},"excerpt":{"rendered":"<p>15687907 Boulon de fixation de la console centrale sup\u00e9rieure Delta Integrale Muni d&rsquo;un embout conique conforme \u00e0 l&rsquo;original et d&rsquo;une douille \u00e0 t\u00eate cruciforme (2 pi\u00e8ces)<\/p>\n","protected":false},"featured_media":94275,"comment_status":"open","ping_status":"closed","template":"","meta":{"_acf_changed":false},"product_brand":[],"product_cat":[1809,1806,1819,1821,1825,1836,1830,1838,1798],"product_tag":[],"class_list":{"0":"post-95717","1":"product","2":"type-product","3":"status-publish","4":"has-post-thumbnail","6":"product_cat-1-1-1-3-1-5-fr","7":"product_cat-delta-1-831-fr","8":"product_cat-gt-i-e-fr","9":"product_cat-hf-4wd-fr","10":"product_cat-hf-turbo-fr","11":"product_cat-integrale-16v-fr","12":"product_cat-integrale-8v-fr","13":"product_cat-integrale-evo-fr","14":"product_cat-lancia-fr","15":"pa_soort-onderdeel-interieur-et-sellerie","17":"first","18":"instock","19":"sold-individually","20":"taxable","21":"shipping-taxable","22":"purchasable","23":"product-type-simple"},"acf":[],"yoast_head":"<!-- This site is optimized with the Yoast SEO plugin v27.2 - https:\/\/yoast.com\/product\/yoast-seo-wordpress\/ -->\n<title>Boulon de fixation de la console centrale Delta Integrale (2 pcs) - Turijnmagazijn<\/title>\n<meta name=\"robots\" content=\"index, follow, max-snippet:-1, max-image-preview:large, max-video-preview:-1\" \/>\n<link rel=\"canonical\" href=\"https:\/\/turijnmagazijn.nl\/fr\/produit\/boulon-de-fixation-de-la-console-centrale-delta-integrale-2-pcs\/\" \/>\n<meta property=\"og:locale\" content=\"fr_FR\" \/>\n<meta property=\"og:type\" content=\"article\" \/>\n<meta property=\"og:title\" content=\"Boulon de fixation de la console centrale Delta Integrale (2 pcs) - Turijnmagazijn\" \/>\n<meta property=\"og:description\" content=\"15687907 Boulon de fixation de la console centrale sup\u00e9rieure Delta Integrale Muni d&#039;un embout conique conforme \u00e0 l&#039;original et d&#039;une douille \u00e0 t\u00eate cruciforme (2 pi\u00e8ces)\" \/>\n<meta property=\"og:url\" content=\"https:\/\/turijnmagazijn.nl\/fr\/produit\/boulon-de-fixation-de-la-console-centrale-delta-integrale-2-pcs\/\" \/>\n<meta property=\"og:site_name\" content=\"Turijnmagazijn\" \/>\n<meta property=\"article:publisher\" content=\"https:\/\/www.facebook.com\/turijnmagazijn\" \/>\n<meta property=\"article:modified_time\" content=\"2026-01-25T19:43:49+00:00\" \/>\n<meta property=\"og:image\" content=\"https:\/\/turijnmagazijn.nl\/wp-content\/uploads\/2024\/11\/DN0100441-Bout-middenconsole-montage-bovenzijde-Delta-Integrale-2-st.-15687907-3-scaled-e1756643378892.jpg\" \/>\n\t<meta property=\"og:image:width\" content=\"772\" \/>\n\t<meta property=\"og:image:height\" content=\"704\" \/>\n\t<meta property=\"og:image:type\" content=\"image\/jpeg\" \/>\n<meta name=\"twitter:card\" content=\"summary_large_image\" \/>\n<script type=\"application\/ld+json\" class=\"yoast-schema-graph\">{\"@context\":\"https:\/\/schema.org\",\"@graph\":[{\"@type\":\"WebPage\",\"@id\":\"https:\/\/turijnmagazijn.nl\/fr\/produit\/boulon-de-fixation-de-la-console-centrale-delta-integrale-2-pcs\/\",\"url\":\"https:\/\/turijnmagazijn.nl\/fr\/produit\/boulon-de-fixation-de-la-console-centrale-delta-integrale-2-pcs\/\",\"name\":\"Boulon de fixation de la console centrale Delta Integrale (2 pcs) - Turijnmagazijn\",\"isPartOf\":{\"@id\":\"https:\/\/turijnmagazijn.jumpstone-dev.nl\/#website\"},\"primaryImageOfPage\":{\"@id\":\"https:\/\/turijnmagazijn.nl\/fr\/produit\/boulon-de-fixation-de-la-console-centrale-delta-integrale-2-pcs\/#primaryimage\"},\"image\":{\"@id\":\"https:\/\/turijnmagazijn.nl\/fr\/produit\/boulon-de-fixation-de-la-console-centrale-delta-integrale-2-pcs\/#primaryimage\"},\"thumbnailUrl\":\"https:\/\/turijnmagazijn.nl\/wp-content\/uploads\/2024\/11\/DN0100441-Bout-middenconsole-montage-bovenzijde-Delta-Integrale-2-st.-15687907-3-scaled-e1756643378892.jpg\",\"datePublished\":\"2024-11-03T23:18:17+00:00\",\"dateModified\":\"2026-01-25T19:43:49+00:00\",\"breadcrumb\":{\"@id\":\"https:\/\/turijnmagazijn.nl\/fr\/produit\/boulon-de-fixation-de-la-console-centrale-delta-integrale-2-pcs\/#breadcrumb\"},\"inLanguage\":\"fr-FR\",\"potentialAction\":[{\"@type\":\"ReadAction\",\"target\":[\"https:\/\/turijnmagazijn.nl\/fr\/produit\/boulon-de-fixation-de-la-console-centrale-delta-integrale-2-pcs\/\"]}]},{\"@type\":\"ImageObject\",\"inLanguage\":\"fr-FR\",\"@id\":\"https:\/\/turijnmagazijn.nl\/fr\/produit\/boulon-de-fixation-de-la-console-centrale-delta-integrale-2-pcs\/#primaryimage\",\"url\":\"https:\/\/turijnmagazijn.nl\/wp-content\/uploads\/2024\/11\/DN0100441-Bout-middenconsole-montage-bovenzijde-Delta-Integrale-2-st.-15687907-3-scaled-e1756643378892.jpg\",\"contentUrl\":\"https:\/\/turijnmagazijn.nl\/wp-content\/uploads\/2024\/11\/DN0100441-Bout-middenconsole-montage-bovenzijde-Delta-Integrale-2-st.-15687907-3-scaled-e1756643378892.jpg\",\"width\":2560,\"height\":1920},{\"@type\":\"BreadcrumbList\",\"@id\":\"https:\/\/turijnmagazijn.nl\/fr\/produit\/boulon-de-fixation-de-la-console-centrale-delta-integrale-2-pcs\/#breadcrumb\",\"itemListElement\":[{\"@type\":\"ListItem\",\"position\":1,\"name\":\"Home\",\"item\":\"https:\/\/turijnmagazijn.nl\/fr\/\"},{\"@type\":\"ListItem\",\"position\":2,\"name\":\"Produits\",\"item\":\"https:\/\/turijnmagazijn.nl\/fr\/shop\/\"},{\"@type\":\"ListItem\",\"position\":3,\"name\":\"Boulon de fixation de la console centrale Delta Integrale (2 pcs)\"}]},{\"@type\":\"WebSite\",\"@id\":\"https:\/\/turijnmagazijn.jumpstone-dev.nl\/#website\",\"url\":\"https:\/\/turijnmagazijn.jumpstone-dev.nl\/\",\"name\":\"Turijnmagazijn\",\"description\":\"Onderdelen nieuw en gebruikt - Fiat &amp; Lancia\",\"publisher\":{\"@id\":\"https:\/\/turijnmagazijn.jumpstone-dev.nl\/#organization\"},\"potentialAction\":[{\"@type\":\"SearchAction\",\"target\":{\"@type\":\"EntryPoint\",\"urlTemplate\":\"https:\/\/turijnmagazijn.jumpstone-dev.nl\/?s={search_term_string}\"},\"query-input\":{\"@type\":\"PropertyValueSpecification\",\"valueRequired\":true,\"valueName\":\"search_term_string\"}}],\"inLanguage\":\"fr-FR\"},{\"@type\":\"Organization\",\"@id\":\"https:\/\/turijnmagazijn.jumpstone-dev.nl\/#organization\",\"name\":\"Turijnmagazijn\",\"url\":\"https:\/\/turijnmagazijn.jumpstone-dev.nl\/\",\"logo\":{\"@type\":\"ImageObject\",\"inLanguage\":\"fr-FR\",\"@id\":\"https:\/\/turijnmagazijn.jumpstone-dev.nl\/#\/schema\/logo\/image\/\",\"url\":\"https:\/\/turijnmagazijn.nl\/wp-content\/uploads\/2021\/02\/turijnmagazijnlogo.png\",\"contentUrl\":\"https:\/\/turijnmagazijn.nl\/wp-content\/uploads\/2021\/02\/turijnmagazijnlogo.png\",\"width\":555,\"height\":270,\"caption\":\"Turijnmagazijn\"},\"image\":{\"@id\":\"https:\/\/turijnmagazijn.jumpstone-dev.nl\/#\/schema\/logo\/image\/\"},\"sameAs\":[\"https:\/\/www.facebook.com\/turijnmagazijn\"]}]}<\/script>\n<!-- \/ Yoast SEO plugin. -->","yoast_head_json":{"title":"Boulon de fixation de la console centrale Delta Integrale (2 pcs) - Turijnmagazijn","robots":{"index":"index","follow":"follow","max-snippet":"max-snippet:-1","max-image-preview":"max-image-preview:large","max-video-preview":"max-video-preview:-1"},"canonical":"https:\/\/turijnmagazijn.nl\/fr\/produit\/boulon-de-fixation-de-la-console-centrale-delta-integrale-2-pcs\/","og_locale":"fr_FR","og_type":"article","og_title":"Boulon de fixation de la console centrale Delta Integrale (2 pcs) - Turijnmagazijn","og_description":"15687907 Boulon de fixation de la console centrale sup\u00e9rieure Delta Integrale Muni d'un embout conique conforme \u00e0 l'original et d'une douille \u00e0 t\u00eate cruciforme (2 pi\u00e8ces)","og_url":"https:\/\/turijnmagazijn.nl\/fr\/produit\/boulon-de-fixation-de-la-console-centrale-delta-integrale-2-pcs\/","og_site_name":"Turijnmagazijn","article_publisher":"https:\/\/www.facebook.com\/turijnmagazijn","article_modified_time":"2026-01-25T19:43:49+00:00","og_image":[{"width":772,"height":704,"url":"https:\/\/turijnmagazijn.nl\/wp-content\/uploads\/2024\/11\/DN0100441-Bout-middenconsole-montage-bovenzijde-Delta-Integrale-2-st.-15687907-3-scaled-e1756643378892.jpg","type":"image\/jpeg"}],"twitter_card":"summary_large_image","schema":{"@context":"https:\/\/schema.org","@graph":[{"@type":"WebPage","@id":"https:\/\/turijnmagazijn.nl\/fr\/produit\/boulon-de-fixation-de-la-console-centrale-delta-integrale-2-pcs\/","url":"https:\/\/turijnmagazijn.nl\/fr\/produit\/boulon-de-fixation-de-la-console-centrale-delta-integrale-2-pcs\/","name":"Boulon de fixation de la console centrale Delta Integrale (2 pcs) - Turijnmagazijn","isPartOf":{"@id":"https:\/\/turijnmagazijn.jumpstone-dev.nl\/#website"},"primaryImageOfPage":{"@id":"https:\/\/turijnmagazijn.nl\/fr\/produit\/boulon-de-fixation-de-la-console-centrale-delta-integrale-2-pcs\/#primaryimage"},"image":{"@id":"https:\/\/turijnmagazijn.nl\/fr\/produit\/boulon-de-fixation-de-la-console-centrale-delta-integrale-2-pcs\/#primaryimage"},"thumbnailUrl":"https:\/\/turijnmagazijn.nl\/wp-content\/uploads\/2024\/11\/DN0100441-Bout-middenconsole-montage-bovenzijde-Delta-Integrale-2-st.-15687907-3-scaled-e1756643378892.jpg","datePublished":"2024-11-03T23:18:17+00:00","dateModified":"2026-01-25T19:43:49+00:00","breadcrumb":{"@id":"https:\/\/turijnmagazijn.nl\/fr\/produit\/boulon-de-fixation-de-la-console-centrale-delta-integrale-2-pcs\/#breadcrumb"},"inLanguage":"fr-FR","potentialAction":[{"@type":"ReadAction","target":["https:\/\/turijnmagazijn.nl\/fr\/produit\/boulon-de-fixation-de-la-console-centrale-delta-integrale-2-pcs\/"]}]},{"@type":"ImageObject","inLanguage":"fr-FR","@id":"https:\/\/turijnmagazijn.nl\/fr\/produit\/boulon-de-fixation-de-la-console-centrale-delta-integrale-2-pcs\/#primaryimage","url":"https:\/\/turijnmagazijn.nl\/wp-content\/uploads\/2024\/11\/DN0100441-Bout-middenconsole-montage-bovenzijde-Delta-Integrale-2-st.-15687907-3-scaled-e1756643378892.jpg","contentUrl":"https:\/\/turijnmagazijn.nl\/wp-content\/uploads\/2024\/11\/DN0100441-Bout-middenconsole-montage-bovenzijde-Delta-Integrale-2-st.-15687907-3-scaled-e1756643378892.jpg","width":2560,"height":1920},{"@type":"BreadcrumbList","@id":"https:\/\/turijnmagazijn.nl\/fr\/produit\/boulon-de-fixation-de-la-console-centrale-delta-integrale-2-pcs\/#breadcrumb","itemListElement":[{"@type":"ListItem","position":1,"name":"Home","item":"https:\/\/turijnmagazijn.nl\/fr\/"},{"@type":"ListItem","position":2,"name":"Produits","item":"https:\/\/turijnmagazijn.nl\/fr\/shop\/"},{"@type":"ListItem","position":3,"name":"Boulon de fixation de la console centrale Delta Integrale (2 pcs)"}]},{"@type":"WebSite","@id":"https:\/\/turijnmagazijn.jumpstone-dev.nl\/#website","url":"https:\/\/turijnmagazijn.jumpstone-dev.nl\/","name":"Turijnmagazijn","description":"Onderdelen nieuw en gebruikt - Fiat &amp; Lancia","publisher":{"@id":"https:\/\/turijnmagazijn.jumpstone-dev.nl\/#organization"},"potentialAction":[{"@type":"SearchAction","target":{"@type":"EntryPoint","urlTemplate":"https:\/\/turijnmagazijn.jumpstone-dev.nl\/?s={search_term_string}"},"query-input":{"@type":"PropertyValueSpecification","valueRequired":true,"valueName":"search_term_string"}}],"inLanguage":"fr-FR"},{"@type":"Organization","@id":"https:\/\/turijnmagazijn.jumpstone-dev.nl\/#organization","name":"Turijnmagazijn","url":"https:\/\/turijnmagazijn.jumpstone-dev.nl\/","logo":{"@type":"ImageObject","inLanguage":"fr-FR","@id":"https:\/\/turijnmagazijn.jumpstone-dev.nl\/#\/schema\/logo\/image\/","url":"https:\/\/turijnmagazijn.nl\/wp-content\/uploads\/2021\/02\/turijnmagazijnlogo.png","contentUrl":"https:\/\/turijnmagazijn.nl\/wp-content\/uploads\/2021\/02\/turijnmagazijnlogo.png","width":555,"height":270,"caption":"Turijnmagazijn"},"image":{"@id":"https:\/\/turijnmagazijn.jumpstone-dev.nl\/#\/schema\/logo\/image\/"},"sameAs":["https:\/\/www.facebook.com\/turijnmagazijn"]}]}},"_links":{"self":[{"href":"https:\/\/turijnmagazijn.nl\/fr\/wp-json\/wp\/v2\/product\/95717","targetHints":{"allow":["GET"]}}],"collection":[{"href":"https:\/\/turijnmagazijn.nl\/fr\/wp-json\/wp\/v2\/product"}],"about":[{"href":"https:\/\/turijnmagazijn.nl\/fr\/wp-json\/wp\/v2\/types\/product"}],"replies":[{"embeddable":true,"href":"https:\/\/turijnmagazijn.nl\/fr\/wp-json\/wp\/v2\/comments?post=95717"}],"wp:featuredmedia":[{"embeddable":true,"href":"https:\/\/turijnmagazijn.nl\/fr\/wp-json\/wp\/v2\/media\/94275"}],"wp:attachment":[{"href":"https:\/\/turijnmagazijn.nl\/fr\/wp-json\/wp\/v2\/media?parent=95717"}],"wp:term":[{"taxonomy":"product_brand","embeddable":true,"href":"https:\/\/turijnmagazijn.nl\/fr\/wp-json\/wp\/v2\/product_brand?post=95717"},{"taxonomy":"product_cat","embeddable":true,"href":"https:\/\/turijnmagazijn.nl\/fr\/wp-json\/wp\/v2\/product_cat?post=95717"},{"taxonomy":"product_tag","embeddable":true,"href":"https:\/\/turijnmagazijn.nl\/fr\/wp-json\/wp\/v2\/product_tag?post=95717"}],"curies":[{"name":"wp","href":"https:\/\/api.w.org\/{rel}","templated":true}]}}