{"id":96026,"date":"2025-12-05T21:17:56","date_gmt":"2025-12-05T20:17:56","guid":{"rendered":"https:\/\/turijnmagazijn.nl\/?post_type=product&#038;p=96026"},"modified":"2026-01-12T09:13:05","modified_gmt":"2026-01-12T08:13:05","slug":"logo-lancia-kappa-3-0-pour-berline-et-coupe-kopie","status":"publish","type":"product","link":"https:\/\/turijnmagazijn.nl\/fr\/produit\/logo-lancia-kappa-3-0-pour-berline-et-coupe-kopie\/","title":{"rendered":"Lancia Kappa wing logo 3.0 COMPLETE &#8211; refurbished set 2 pcs."},"content":{"rendered":"<p>Jeu de 2 embl\u00e8mes remis \u00e0 neuf pour le montage des ailes de Lancia Kappa.<br \/>\nOpschift est Lancia K 3.0<br \/>\nLa base chrom\u00e9e est d&rsquo;origine et pr\u00e9sente des traces d&rsquo;utilisation. le logo sur le devant a \u00e9t\u00e9 remplac\u00e9 par une imitation, comme le montrent les photos. Le dos est recouvert d&rsquo;une nouvelle couche de ruban adh\u00e9sif professionnel 3M de la bonne taille. Pr\u00eat \u00e0 \u00eatre assembl\u00e9. Id\u00e9al pour donner \u00e0 votre Kappa un aspect frais apr\u00e8s un travail de peinture.<br \/>\nOEM Lancia 46415691<\/p>\n","protected":false},"excerpt":{"rendered":"<p>46415791 Jeu de 2 embl\u00e8mes reconditionn\u00e9s pour le montage des ailes de Lancia Kappa. 3.0 pour la berline et le coup\u00e9<\/p>\n","protected":false},"featured_media":96224,"comment_status":"closed","ping_status":"closed","template":"","meta":{"_acf_changed":false},"product_brand":[],"product_cat":[1862,1865,1860,1798],"product_tag":[],"class_list":{"0":"post-96026","1":"product","2":"type-product","3":"status-publish","4":"has-post-thumbnail","6":"product_cat-berlina-fr","7":"product_cat-coupe-fr","8":"product_cat-kappa-838-fr","9":"product_cat-lancia-fr","10":"pa_soort-onderdeel-carrosserie-et-tolerie","12":"first","13":"instock","14":"shipping-taxable","15":"purchasable","16":"product-type-simple"},"acf":[],"yoast_head":"<!-- This site is optimized with the Yoast SEO plugin v27.2 - https:\/\/yoast.com\/product\/yoast-seo-wordpress\/ -->\n<title>Lancia Kappa wing logo 3.0 COMPLETE - refurbished set 2 pcs. - Turijnmagazijn<\/title>\n<meta name=\"robots\" content=\"index, follow, max-snippet:-1, max-image-preview:large, max-video-preview:-1\" \/>\n<link rel=\"canonical\" href=\"https:\/\/turijnmagazijn.nl\/fr\/produit\/logo-lancia-kappa-3-0-pour-berline-et-coupe-kopie\/\" \/>\n<meta property=\"og:locale\" content=\"fr_FR\" \/>\n<meta property=\"og:type\" content=\"article\" \/>\n<meta property=\"og:title\" content=\"Lancia Kappa wing logo 3.0 COMPLETE - refurbished set 2 pcs. - Turijnmagazijn\" \/>\n<meta property=\"og:description\" content=\"46415791 Jeu de 2 embl\u00e8mes reconditionn\u00e9s pour le montage des ailes de Lancia Kappa. 3.0 pour la berline et le coup\u00e9\" \/>\n<meta property=\"og:url\" content=\"https:\/\/turijnmagazijn.nl\/fr\/produit\/logo-lancia-kappa-3-0-pour-berline-et-coupe-kopie\/\" \/>\n<meta property=\"og:site_name\" content=\"Turijnmagazijn\" \/>\n<meta property=\"article:publisher\" content=\"https:\/\/www.facebook.com\/turijnmagazijn\" \/>\n<meta property=\"article:modified_time\" content=\"2026-01-12T08:13:05+00:00\" \/>\n<meta property=\"og:image\" content=\"https:\/\/turijnmagazijn.nl\/wp-content\/uploads\/2025\/12\/DK0102773-Lancia-Kappa-spatbord-logo-3.0-COMPLEET-\u2013-gereviseerd-set-2-st.-46415791-3.jpg\" \/>\n\t<meta property=\"og:image:width\" content=\"1920\" \/>\n\t<meta property=\"og:image:height\" content=\"1080\" \/>\n\t<meta property=\"og:image:type\" content=\"image\/jpeg\" \/>\n<meta name=\"twitter:card\" content=\"summary_large_image\" \/>\n<script type=\"application\/ld+json\" class=\"yoast-schema-graph\">{\"@context\":\"https:\/\/schema.org\",\"@graph\":[{\"@type\":\"WebPage\",\"@id\":\"https:\/\/turijnmagazijn.nl\/fr\/produit\/logo-lancia-kappa-3-0-pour-berline-et-coupe-kopie\/\",\"url\":\"https:\/\/turijnmagazijn.nl\/fr\/produit\/logo-lancia-kappa-3-0-pour-berline-et-coupe-kopie\/\",\"name\":\"Lancia Kappa wing logo 3.0 COMPLETE - refurbished set 2 pcs. - Turijnmagazijn\",\"isPartOf\":{\"@id\":\"https:\/\/turijnmagazijn.jumpstone-dev.nl\/#website\"},\"primaryImageOfPage\":{\"@id\":\"https:\/\/turijnmagazijn.nl\/fr\/produit\/logo-lancia-kappa-3-0-pour-berline-et-coupe-kopie\/#primaryimage\"},\"image\":{\"@id\":\"https:\/\/turijnmagazijn.nl\/fr\/produit\/logo-lancia-kappa-3-0-pour-berline-et-coupe-kopie\/#primaryimage\"},\"thumbnailUrl\":\"https:\/\/turijnmagazijn.nl\/wp-content\/uploads\/2025\/12\/DK0102773-Lancia-Kappa-spatbord-logo-3.0-COMPLEET-\u2013-gereviseerd-set-2-st.-46415791-3.jpg\",\"datePublished\":\"2025-12-05T20:17:56+00:00\",\"dateModified\":\"2026-01-12T08:13:05+00:00\",\"breadcrumb\":{\"@id\":\"https:\/\/turijnmagazijn.nl\/fr\/produit\/logo-lancia-kappa-3-0-pour-berline-et-coupe-kopie\/#breadcrumb\"},\"inLanguage\":\"fr-FR\",\"potentialAction\":[{\"@type\":\"ReadAction\",\"target\":[\"https:\/\/turijnmagazijn.nl\/fr\/produit\/logo-lancia-kappa-3-0-pour-berline-et-coupe-kopie\/\"]}]},{\"@type\":\"ImageObject\",\"inLanguage\":\"fr-FR\",\"@id\":\"https:\/\/turijnmagazijn.nl\/fr\/produit\/logo-lancia-kappa-3-0-pour-berline-et-coupe-kopie\/#primaryimage\",\"url\":\"https:\/\/turijnmagazijn.nl\/wp-content\/uploads\/2025\/12\/DK0102773-Lancia-Kappa-spatbord-logo-3.0-COMPLEET-\u2013-gereviseerd-set-2-st.-46415791-3.jpg\",\"contentUrl\":\"https:\/\/turijnmagazijn.nl\/wp-content\/uploads\/2025\/12\/DK0102773-Lancia-Kappa-spatbord-logo-3.0-COMPLEET-\u2013-gereviseerd-set-2-st.-46415791-3.jpg\",\"width\":1920,\"height\":1080},{\"@type\":\"BreadcrumbList\",\"@id\":\"https:\/\/turijnmagazijn.nl\/fr\/produit\/logo-lancia-kappa-3-0-pour-berline-et-coupe-kopie\/#breadcrumb\",\"itemListElement\":[{\"@type\":\"ListItem\",\"position\":1,\"name\":\"Home\",\"item\":\"https:\/\/turijnmagazijn.jumpstone-dev.nl\/\"},{\"@type\":\"ListItem\",\"position\":2,\"name\":\"Produits\",\"item\":\"https:\/\/turijnmagazijn.nl\/fr\/shop\/\"},{\"@type\":\"ListItem\",\"position\":3,\"name\":\"Lancia Kappa wing logo 3.0 COMPLETE &#8211; refurbished set 2 pcs.\"}]},{\"@type\":\"WebSite\",\"@id\":\"https:\/\/turijnmagazijn.jumpstone-dev.nl\/#website\",\"url\":\"https:\/\/turijnmagazijn.jumpstone-dev.nl\/\",\"name\":\"Turijnmagazijn\",\"description\":\"Onderdelen nieuw en gebruikt - Fiat &amp; Lancia\",\"publisher\":{\"@id\":\"https:\/\/turijnmagazijn.jumpstone-dev.nl\/#organization\"},\"potentialAction\":[{\"@type\":\"SearchAction\",\"target\":{\"@type\":\"EntryPoint\",\"urlTemplate\":\"https:\/\/turijnmagazijn.jumpstone-dev.nl\/?s={search_term_string}\"},\"query-input\":{\"@type\":\"PropertyValueSpecification\",\"valueRequired\":true,\"valueName\":\"search_term_string\"}}],\"inLanguage\":\"fr-FR\"},{\"@type\":\"Organization\",\"@id\":\"https:\/\/turijnmagazijn.jumpstone-dev.nl\/#organization\",\"name\":\"Turijnmagazijn\",\"url\":\"https:\/\/turijnmagazijn.jumpstone-dev.nl\/\",\"logo\":{\"@type\":\"ImageObject\",\"inLanguage\":\"fr-FR\",\"@id\":\"https:\/\/turijnmagazijn.jumpstone-dev.nl\/#\/schema\/logo\/image\/\",\"url\":\"https:\/\/turijnmagazijn.nl\/wp-content\/uploads\/2021\/02\/turijnmagazijnlogo.png\",\"contentUrl\":\"https:\/\/turijnmagazijn.nl\/wp-content\/uploads\/2021\/02\/turijnmagazijnlogo.png\",\"width\":555,\"height\":270,\"caption\":\"Turijnmagazijn\"},\"image\":{\"@id\":\"https:\/\/turijnmagazijn.jumpstone-dev.nl\/#\/schema\/logo\/image\/\"},\"sameAs\":[\"https:\/\/www.facebook.com\/turijnmagazijn\"]}]}<\/script>\n<!-- \/ Yoast SEO plugin. -->","yoast_head_json":{"title":"Lancia Kappa wing logo 3.0 COMPLETE - refurbished set 2 pcs. - Turijnmagazijn","robots":{"index":"index","follow":"follow","max-snippet":"max-snippet:-1","max-image-preview":"max-image-preview:large","max-video-preview":"max-video-preview:-1"},"canonical":"https:\/\/turijnmagazijn.nl\/fr\/produit\/logo-lancia-kappa-3-0-pour-berline-et-coupe-kopie\/","og_locale":"fr_FR","og_type":"article","og_title":"Lancia Kappa wing logo 3.0 COMPLETE - refurbished set 2 pcs. - Turijnmagazijn","og_description":"46415791 Jeu de 2 embl\u00e8mes reconditionn\u00e9s pour le montage des ailes de Lancia Kappa. 3.0 pour la berline et le coup\u00e9","og_url":"https:\/\/turijnmagazijn.nl\/fr\/produit\/logo-lancia-kappa-3-0-pour-berline-et-coupe-kopie\/","og_site_name":"Turijnmagazijn","article_publisher":"https:\/\/www.facebook.com\/turijnmagazijn","article_modified_time":"2026-01-12T08:13:05+00:00","og_image":[{"width":1920,"height":1080,"url":"https:\/\/turijnmagazijn.nl\/wp-content\/uploads\/2025\/12\/DK0102773-Lancia-Kappa-spatbord-logo-3.0-COMPLEET-\u2013-gereviseerd-set-2-st.-46415791-3.jpg","type":"image\/jpeg"}],"twitter_card":"summary_large_image","schema":{"@context":"https:\/\/schema.org","@graph":[{"@type":"WebPage","@id":"https:\/\/turijnmagazijn.nl\/fr\/produit\/logo-lancia-kappa-3-0-pour-berline-et-coupe-kopie\/","url":"https:\/\/turijnmagazijn.nl\/fr\/produit\/logo-lancia-kappa-3-0-pour-berline-et-coupe-kopie\/","name":"Lancia Kappa wing logo 3.0 COMPLETE - refurbished set 2 pcs. - Turijnmagazijn","isPartOf":{"@id":"https:\/\/turijnmagazijn.jumpstone-dev.nl\/#website"},"primaryImageOfPage":{"@id":"https:\/\/turijnmagazijn.nl\/fr\/produit\/logo-lancia-kappa-3-0-pour-berline-et-coupe-kopie\/#primaryimage"},"image":{"@id":"https:\/\/turijnmagazijn.nl\/fr\/produit\/logo-lancia-kappa-3-0-pour-berline-et-coupe-kopie\/#primaryimage"},"thumbnailUrl":"https:\/\/turijnmagazijn.nl\/wp-content\/uploads\/2025\/12\/DK0102773-Lancia-Kappa-spatbord-logo-3.0-COMPLEET-\u2013-gereviseerd-set-2-st.-46415791-3.jpg","datePublished":"2025-12-05T20:17:56+00:00","dateModified":"2026-01-12T08:13:05+00:00","breadcrumb":{"@id":"https:\/\/turijnmagazijn.nl\/fr\/produit\/logo-lancia-kappa-3-0-pour-berline-et-coupe-kopie\/#breadcrumb"},"inLanguage":"fr-FR","potentialAction":[{"@type":"ReadAction","target":["https:\/\/turijnmagazijn.nl\/fr\/produit\/logo-lancia-kappa-3-0-pour-berline-et-coupe-kopie\/"]}]},{"@type":"ImageObject","inLanguage":"fr-FR","@id":"https:\/\/turijnmagazijn.nl\/fr\/produit\/logo-lancia-kappa-3-0-pour-berline-et-coupe-kopie\/#primaryimage","url":"https:\/\/turijnmagazijn.nl\/wp-content\/uploads\/2025\/12\/DK0102773-Lancia-Kappa-spatbord-logo-3.0-COMPLEET-\u2013-gereviseerd-set-2-st.-46415791-3.jpg","contentUrl":"https:\/\/turijnmagazijn.nl\/wp-content\/uploads\/2025\/12\/DK0102773-Lancia-Kappa-spatbord-logo-3.0-COMPLEET-\u2013-gereviseerd-set-2-st.-46415791-3.jpg","width":1920,"height":1080},{"@type":"BreadcrumbList","@id":"https:\/\/turijnmagazijn.nl\/fr\/produit\/logo-lancia-kappa-3-0-pour-berline-et-coupe-kopie\/#breadcrumb","itemListElement":[{"@type":"ListItem","position":1,"name":"Home","item":"https:\/\/turijnmagazijn.jumpstone-dev.nl\/"},{"@type":"ListItem","position":2,"name":"Produits","item":"https:\/\/turijnmagazijn.nl\/fr\/shop\/"},{"@type":"ListItem","position":3,"name":"Lancia Kappa wing logo 3.0 COMPLETE &#8211; refurbished set 2 pcs."}]},{"@type":"WebSite","@id":"https:\/\/turijnmagazijn.jumpstone-dev.nl\/#website","url":"https:\/\/turijnmagazijn.jumpstone-dev.nl\/","name":"Turijnmagazijn","description":"Onderdelen nieuw en gebruikt - Fiat &amp; Lancia","publisher":{"@id":"https:\/\/turijnmagazijn.jumpstone-dev.nl\/#organization"},"potentialAction":[{"@type":"SearchAction","target":{"@type":"EntryPoint","urlTemplate":"https:\/\/turijnmagazijn.jumpstone-dev.nl\/?s={search_term_string}"},"query-input":{"@type":"PropertyValueSpecification","valueRequired":true,"valueName":"search_term_string"}}],"inLanguage":"fr-FR"},{"@type":"Organization","@id":"https:\/\/turijnmagazijn.jumpstone-dev.nl\/#organization","name":"Turijnmagazijn","url":"https:\/\/turijnmagazijn.jumpstone-dev.nl\/","logo":{"@type":"ImageObject","inLanguage":"fr-FR","@id":"https:\/\/turijnmagazijn.jumpstone-dev.nl\/#\/schema\/logo\/image\/","url":"https:\/\/turijnmagazijn.nl\/wp-content\/uploads\/2021\/02\/turijnmagazijnlogo.png","contentUrl":"https:\/\/turijnmagazijn.nl\/wp-content\/uploads\/2021\/02\/turijnmagazijnlogo.png","width":555,"height":270,"caption":"Turijnmagazijn"},"image":{"@id":"https:\/\/turijnmagazijn.jumpstone-dev.nl\/#\/schema\/logo\/image\/"},"sameAs":["https:\/\/www.facebook.com\/turijnmagazijn"]}]}},"_links":{"self":[{"href":"https:\/\/turijnmagazijn.nl\/fr\/wp-json\/wp\/v2\/product\/96026","targetHints":{"allow":["GET"]}}],"collection":[{"href":"https:\/\/turijnmagazijn.nl\/fr\/wp-json\/wp\/v2\/product"}],"about":[{"href":"https:\/\/turijnmagazijn.nl\/fr\/wp-json\/wp\/v2\/types\/product"}],"replies":[{"embeddable":true,"href":"https:\/\/turijnmagazijn.nl\/fr\/wp-json\/wp\/v2\/comments?post=96026"}],"wp:featuredmedia":[{"embeddable":true,"href":"https:\/\/turijnmagazijn.nl\/fr\/wp-json\/wp\/v2\/media\/96224"}],"wp:attachment":[{"href":"https:\/\/turijnmagazijn.nl\/fr\/wp-json\/wp\/v2\/media?parent=96026"}],"wp:term":[{"taxonomy":"product_brand","embeddable":true,"href":"https:\/\/turijnmagazijn.nl\/fr\/wp-json\/wp\/v2\/product_brand?post=96026"},{"taxonomy":"product_cat","embeddable":true,"href":"https:\/\/turijnmagazijn.nl\/fr\/wp-json\/wp\/v2\/product_cat?post=96026"},{"taxonomy":"product_tag","embeddable":true,"href":"https:\/\/turijnmagazijn.nl\/fr\/wp-json\/wp\/v2\/product_tag?post=96026"}],"curies":[{"name":"wp","href":"https:\/\/api.w.org\/{rel}","templated":true}]}}