{"id":96178,"date":"2025-12-13T19:27:46","date_gmt":"2025-12-13T18:27:46","guid":{"rendered":"https:\/\/turijnmagazijn.nl\/?post_type=product&#038;p=96178"},"modified":"2026-01-12T08:54:37","modified_gmt":"2026-01-12T07:54:37","slug":"jeu-de-feux-antibrouillard-delta-integrale-evo-imitation-kopie-kopie","status":"publish","type":"product","link":"https:\/\/turijnmagazijn.nl\/fr\/produit\/jeu-de-feux-antibrouillard-delta-integrale-evo-imitation-kopie-kopie\/","title":{"rendered":"Feu antibrouillard RIGHT Delta Integrale EVO Imitation"},"content":{"rendered":"<p>Nouvelle pi\u00e8ce d&rsquo;imitation.<br \/>\n1 garniture pour le montage du feu antibrouillard droit pour Delta Integrale EVO, c&rsquo;est-\u00e0-dire le mod\u00e8le carr\u00e9 tardif.<\/p>\n<p>OEM Lancia 82468777<\/p>\n<p>&nbsp;<\/p>\n","protected":false},"excerpt":{"rendered":"<p>82468777 &#8211; garniture pour feu de brouillard \u00e0 droite pour Delta Integrale EVO, c&rsquo;est \u00e0 dire le mod\u00e8le carr\u00e9 tardif.<\/p>\n","protected":false},"featured_media":96250,"comment_status":"closed","ping_status":"closed","template":"","meta":{"_acf_changed":false},"product_brand":[],"product_cat":[1806,1838,1798],"product_tag":[],"class_list":{"0":"post-96178","1":"product","2":"type-product","3":"status-publish","4":"has-post-thumbnail","6":"product_cat-delta-1-831-fr","7":"product_cat-integrale-evo-fr","8":"product_cat-lancia-fr","9":"pa_soort-onderdeel-eclairage","11":"first","12":"instock","13":"taxable","14":"shipping-taxable","15":"purchasable","16":"product-type-simple"},"acf":[],"yoast_head":"<!-- This site is optimized with the Yoast SEO plugin v27.2 - https:\/\/yoast.com\/product\/yoast-seo-wordpress\/ -->\n<title>Feu antibrouillard RIGHT Delta Integrale EVO Imitation - Turijnmagazijn<\/title>\n<meta name=\"robots\" content=\"index, follow, max-snippet:-1, max-image-preview:large, max-video-preview:-1\" \/>\n<link rel=\"canonical\" href=\"https:\/\/turijnmagazijn.nl\/fr\/produit\/jeu-de-feux-antibrouillard-delta-integrale-evo-imitation-kopie-kopie\/\" \/>\n<meta property=\"og:locale\" content=\"fr_FR\" \/>\n<meta property=\"og:type\" content=\"article\" \/>\n<meta property=\"og:title\" content=\"Feu antibrouillard RIGHT Delta Integrale EVO Imitation - Turijnmagazijn\" \/>\n<meta property=\"og:description\" content=\"82468777 - garniture pour feu de brouillard \u00e0 droite pour Delta Integrale EVO, c&#039;est \u00e0 dire le mod\u00e8le carr\u00e9 tardif.\" \/>\n<meta property=\"og:url\" content=\"https:\/\/turijnmagazijn.nl\/fr\/produit\/jeu-de-feux-antibrouillard-delta-integrale-evo-imitation-kopie-kopie\/\" \/>\n<meta property=\"og:site_name\" content=\"Turijnmagazijn\" \/>\n<meta property=\"article:publisher\" content=\"https:\/\/www.facebook.com\/turijnmagazijn\" \/>\n<meta property=\"article:modified_time\" content=\"2026-01-12T07:54:37+00:00\" \/>\n<meta property=\"og:image\" content=\"https:\/\/turijnmagazijn.nl\/wp-content\/uploads\/2025\/12\/DN0100456-Sierlijst-Mistlamp-RECHTS-Delta-Integrale-EVO-Imitatie-82468777-2.jpg\" \/>\n\t<meta property=\"og:image:width\" content=\"1920\" \/>\n\t<meta property=\"og:image:height\" content=\"1080\" \/>\n\t<meta property=\"og:image:type\" content=\"image\/jpeg\" \/>\n<meta name=\"twitter:card\" content=\"summary_large_image\" \/>\n<script type=\"application\/ld+json\" class=\"yoast-schema-graph\">{\"@context\":\"https:\/\/schema.org\",\"@graph\":[{\"@type\":\"WebPage\",\"@id\":\"https:\/\/turijnmagazijn.nl\/fr\/produit\/jeu-de-feux-antibrouillard-delta-integrale-evo-imitation-kopie-kopie\/\",\"url\":\"https:\/\/turijnmagazijn.nl\/fr\/produit\/jeu-de-feux-antibrouillard-delta-integrale-evo-imitation-kopie-kopie\/\",\"name\":\"Feu antibrouillard RIGHT Delta Integrale EVO Imitation - Turijnmagazijn\",\"isPartOf\":{\"@id\":\"https:\/\/turijnmagazijn.jumpstone-dev.nl\/#website\"},\"primaryImageOfPage\":{\"@id\":\"https:\/\/turijnmagazijn.nl\/fr\/produit\/jeu-de-feux-antibrouillard-delta-integrale-evo-imitation-kopie-kopie\/#primaryimage\"},\"image\":{\"@id\":\"https:\/\/turijnmagazijn.nl\/fr\/produit\/jeu-de-feux-antibrouillard-delta-integrale-evo-imitation-kopie-kopie\/#primaryimage\"},\"thumbnailUrl\":\"https:\/\/turijnmagazijn.nl\/wp-content\/uploads\/2025\/12\/DN0100456-Sierlijst-Mistlamp-RECHTS-Delta-Integrale-EVO-Imitatie-82468777-2.jpg\",\"datePublished\":\"2025-12-13T18:27:46+00:00\",\"dateModified\":\"2026-01-12T07:54:37+00:00\",\"breadcrumb\":{\"@id\":\"https:\/\/turijnmagazijn.nl\/fr\/produit\/jeu-de-feux-antibrouillard-delta-integrale-evo-imitation-kopie-kopie\/#breadcrumb\"},\"inLanguage\":\"fr-FR\",\"potentialAction\":[{\"@type\":\"ReadAction\",\"target\":[\"https:\/\/turijnmagazijn.nl\/fr\/produit\/jeu-de-feux-antibrouillard-delta-integrale-evo-imitation-kopie-kopie\/\"]}]},{\"@type\":\"ImageObject\",\"inLanguage\":\"fr-FR\",\"@id\":\"https:\/\/turijnmagazijn.nl\/fr\/produit\/jeu-de-feux-antibrouillard-delta-integrale-evo-imitation-kopie-kopie\/#primaryimage\",\"url\":\"https:\/\/turijnmagazijn.nl\/wp-content\/uploads\/2025\/12\/DN0100456-Sierlijst-Mistlamp-RECHTS-Delta-Integrale-EVO-Imitatie-82468777-2.jpg\",\"contentUrl\":\"https:\/\/turijnmagazijn.nl\/wp-content\/uploads\/2025\/12\/DN0100456-Sierlijst-Mistlamp-RECHTS-Delta-Integrale-EVO-Imitatie-82468777-2.jpg\",\"width\":1920,\"height\":1080},{\"@type\":\"BreadcrumbList\",\"@id\":\"https:\/\/turijnmagazijn.nl\/fr\/produit\/jeu-de-feux-antibrouillard-delta-integrale-evo-imitation-kopie-kopie\/#breadcrumb\",\"itemListElement\":[{\"@type\":\"ListItem\",\"position\":1,\"name\":\"Home\",\"item\":\"https:\/\/turijnmagazijn.nl\/fr\/\"},{\"@type\":\"ListItem\",\"position\":2,\"name\":\"Produits\",\"item\":\"https:\/\/turijnmagazijn.nl\/fr\/shop\/\"},{\"@type\":\"ListItem\",\"position\":3,\"name\":\"Feu antibrouillard RIGHT Delta Integrale EVO Imitation\"}]},{\"@type\":\"WebSite\",\"@id\":\"https:\/\/turijnmagazijn.jumpstone-dev.nl\/#website\",\"url\":\"https:\/\/turijnmagazijn.jumpstone-dev.nl\/\",\"name\":\"Turijnmagazijn\",\"description\":\"Onderdelen nieuw en gebruikt - Fiat &amp; Lancia\",\"publisher\":{\"@id\":\"https:\/\/turijnmagazijn.jumpstone-dev.nl\/#organization\"},\"potentialAction\":[{\"@type\":\"SearchAction\",\"target\":{\"@type\":\"EntryPoint\",\"urlTemplate\":\"https:\/\/turijnmagazijn.jumpstone-dev.nl\/?s={search_term_string}\"},\"query-input\":{\"@type\":\"PropertyValueSpecification\",\"valueRequired\":true,\"valueName\":\"search_term_string\"}}],\"inLanguage\":\"fr-FR\"},{\"@type\":\"Organization\",\"@id\":\"https:\/\/turijnmagazijn.jumpstone-dev.nl\/#organization\",\"name\":\"Turijnmagazijn\",\"url\":\"https:\/\/turijnmagazijn.jumpstone-dev.nl\/\",\"logo\":{\"@type\":\"ImageObject\",\"inLanguage\":\"fr-FR\",\"@id\":\"https:\/\/turijnmagazijn.jumpstone-dev.nl\/#\/schema\/logo\/image\/\",\"url\":\"https:\/\/turijnmagazijn.nl\/wp-content\/uploads\/2021\/02\/turijnmagazijnlogo.png\",\"contentUrl\":\"https:\/\/turijnmagazijn.nl\/wp-content\/uploads\/2021\/02\/turijnmagazijnlogo.png\",\"width\":555,\"height\":270,\"caption\":\"Turijnmagazijn\"},\"image\":{\"@id\":\"https:\/\/turijnmagazijn.jumpstone-dev.nl\/#\/schema\/logo\/image\/\"},\"sameAs\":[\"https:\/\/www.facebook.com\/turijnmagazijn\"]}]}<\/script>\n<!-- \/ Yoast SEO plugin. -->","yoast_head_json":{"title":"Feu antibrouillard RIGHT Delta Integrale EVO Imitation - Turijnmagazijn","robots":{"index":"index","follow":"follow","max-snippet":"max-snippet:-1","max-image-preview":"max-image-preview:large","max-video-preview":"max-video-preview:-1"},"canonical":"https:\/\/turijnmagazijn.nl\/fr\/produit\/jeu-de-feux-antibrouillard-delta-integrale-evo-imitation-kopie-kopie\/","og_locale":"fr_FR","og_type":"article","og_title":"Feu antibrouillard RIGHT Delta Integrale EVO Imitation - Turijnmagazijn","og_description":"82468777 - garniture pour feu de brouillard \u00e0 droite pour Delta Integrale EVO, c'est \u00e0 dire le mod\u00e8le carr\u00e9 tardif.","og_url":"https:\/\/turijnmagazijn.nl\/fr\/produit\/jeu-de-feux-antibrouillard-delta-integrale-evo-imitation-kopie-kopie\/","og_site_name":"Turijnmagazijn","article_publisher":"https:\/\/www.facebook.com\/turijnmagazijn","article_modified_time":"2026-01-12T07:54:37+00:00","og_image":[{"width":1920,"height":1080,"url":"https:\/\/turijnmagazijn.nl\/wp-content\/uploads\/2025\/12\/DN0100456-Sierlijst-Mistlamp-RECHTS-Delta-Integrale-EVO-Imitatie-82468777-2.jpg","type":"image\/jpeg"}],"twitter_card":"summary_large_image","schema":{"@context":"https:\/\/schema.org","@graph":[{"@type":"WebPage","@id":"https:\/\/turijnmagazijn.nl\/fr\/produit\/jeu-de-feux-antibrouillard-delta-integrale-evo-imitation-kopie-kopie\/","url":"https:\/\/turijnmagazijn.nl\/fr\/produit\/jeu-de-feux-antibrouillard-delta-integrale-evo-imitation-kopie-kopie\/","name":"Feu antibrouillard RIGHT Delta Integrale EVO Imitation - Turijnmagazijn","isPartOf":{"@id":"https:\/\/turijnmagazijn.jumpstone-dev.nl\/#website"},"primaryImageOfPage":{"@id":"https:\/\/turijnmagazijn.nl\/fr\/produit\/jeu-de-feux-antibrouillard-delta-integrale-evo-imitation-kopie-kopie\/#primaryimage"},"image":{"@id":"https:\/\/turijnmagazijn.nl\/fr\/produit\/jeu-de-feux-antibrouillard-delta-integrale-evo-imitation-kopie-kopie\/#primaryimage"},"thumbnailUrl":"https:\/\/turijnmagazijn.nl\/wp-content\/uploads\/2025\/12\/DN0100456-Sierlijst-Mistlamp-RECHTS-Delta-Integrale-EVO-Imitatie-82468777-2.jpg","datePublished":"2025-12-13T18:27:46+00:00","dateModified":"2026-01-12T07:54:37+00:00","breadcrumb":{"@id":"https:\/\/turijnmagazijn.nl\/fr\/produit\/jeu-de-feux-antibrouillard-delta-integrale-evo-imitation-kopie-kopie\/#breadcrumb"},"inLanguage":"fr-FR","potentialAction":[{"@type":"ReadAction","target":["https:\/\/turijnmagazijn.nl\/fr\/produit\/jeu-de-feux-antibrouillard-delta-integrale-evo-imitation-kopie-kopie\/"]}]},{"@type":"ImageObject","inLanguage":"fr-FR","@id":"https:\/\/turijnmagazijn.nl\/fr\/produit\/jeu-de-feux-antibrouillard-delta-integrale-evo-imitation-kopie-kopie\/#primaryimage","url":"https:\/\/turijnmagazijn.nl\/wp-content\/uploads\/2025\/12\/DN0100456-Sierlijst-Mistlamp-RECHTS-Delta-Integrale-EVO-Imitatie-82468777-2.jpg","contentUrl":"https:\/\/turijnmagazijn.nl\/wp-content\/uploads\/2025\/12\/DN0100456-Sierlijst-Mistlamp-RECHTS-Delta-Integrale-EVO-Imitatie-82468777-2.jpg","width":1920,"height":1080},{"@type":"BreadcrumbList","@id":"https:\/\/turijnmagazijn.nl\/fr\/produit\/jeu-de-feux-antibrouillard-delta-integrale-evo-imitation-kopie-kopie\/#breadcrumb","itemListElement":[{"@type":"ListItem","position":1,"name":"Home","item":"https:\/\/turijnmagazijn.nl\/fr\/"},{"@type":"ListItem","position":2,"name":"Produits","item":"https:\/\/turijnmagazijn.nl\/fr\/shop\/"},{"@type":"ListItem","position":3,"name":"Feu antibrouillard RIGHT Delta Integrale EVO Imitation"}]},{"@type":"WebSite","@id":"https:\/\/turijnmagazijn.jumpstone-dev.nl\/#website","url":"https:\/\/turijnmagazijn.jumpstone-dev.nl\/","name":"Turijnmagazijn","description":"Onderdelen nieuw en gebruikt - Fiat &amp; Lancia","publisher":{"@id":"https:\/\/turijnmagazijn.jumpstone-dev.nl\/#organization"},"potentialAction":[{"@type":"SearchAction","target":{"@type":"EntryPoint","urlTemplate":"https:\/\/turijnmagazijn.jumpstone-dev.nl\/?s={search_term_string}"},"query-input":{"@type":"PropertyValueSpecification","valueRequired":true,"valueName":"search_term_string"}}],"inLanguage":"fr-FR"},{"@type":"Organization","@id":"https:\/\/turijnmagazijn.jumpstone-dev.nl\/#organization","name":"Turijnmagazijn","url":"https:\/\/turijnmagazijn.jumpstone-dev.nl\/","logo":{"@type":"ImageObject","inLanguage":"fr-FR","@id":"https:\/\/turijnmagazijn.jumpstone-dev.nl\/#\/schema\/logo\/image\/","url":"https:\/\/turijnmagazijn.nl\/wp-content\/uploads\/2021\/02\/turijnmagazijnlogo.png","contentUrl":"https:\/\/turijnmagazijn.nl\/wp-content\/uploads\/2021\/02\/turijnmagazijnlogo.png","width":555,"height":270,"caption":"Turijnmagazijn"},"image":{"@id":"https:\/\/turijnmagazijn.jumpstone-dev.nl\/#\/schema\/logo\/image\/"},"sameAs":["https:\/\/www.facebook.com\/turijnmagazijn"]}]}},"_links":{"self":[{"href":"https:\/\/turijnmagazijn.nl\/fr\/wp-json\/wp\/v2\/product\/96178","targetHints":{"allow":["GET"]}}],"collection":[{"href":"https:\/\/turijnmagazijn.nl\/fr\/wp-json\/wp\/v2\/product"}],"about":[{"href":"https:\/\/turijnmagazijn.nl\/fr\/wp-json\/wp\/v2\/types\/product"}],"replies":[{"embeddable":true,"href":"https:\/\/turijnmagazijn.nl\/fr\/wp-json\/wp\/v2\/comments?post=96178"}],"wp:featuredmedia":[{"embeddable":true,"href":"https:\/\/turijnmagazijn.nl\/fr\/wp-json\/wp\/v2\/media\/96250"}],"wp:attachment":[{"href":"https:\/\/turijnmagazijn.nl\/fr\/wp-json\/wp\/v2\/media?parent=96178"}],"wp:term":[{"taxonomy":"product_brand","embeddable":true,"href":"https:\/\/turijnmagazijn.nl\/fr\/wp-json\/wp\/v2\/product_brand?post=96178"},{"taxonomy":"product_cat","embeddable":true,"href":"https:\/\/turijnmagazijn.nl\/fr\/wp-json\/wp\/v2\/product_cat?post=96178"},{"taxonomy":"product_tag","embeddable":true,"href":"https:\/\/turijnmagazijn.nl\/fr\/wp-json\/wp\/v2\/product_tag?post=96178"}],"curies":[{"name":"wp","href":"https:\/\/api.w.org\/{rel}","templated":true}]}}