{"id":96187,"date":"2025-12-13T19:47:27","date_gmt":"2025-12-13T18:47:27","guid":{"rendered":"https:\/\/turijnmagazijn.nl\/?post_type=product&#038;p=96187"},"modified":"2025-12-13T20:21:56","modified_gmt":"2025-12-13T19:21:56","slug":"dn010-dummy-lancia-delta-integrale-nouvelle-imitation-kopie-40","status":"publish","type":"product","link":"https:\/\/turijnmagazijn.nl\/fr\/produit\/dn010-dummy-lancia-delta-integrale-nouvelle-imitation-kopie-40\/","title":{"rendered":"Support de c\u00e2ble de bougie sup\u00e9rieur moteur Lancia Delta integral 16V"},"content":{"rendered":"<p>Nouvelle pi\u00e8ce d&rsquo;imitation.<\/p>\n<p>Reproduction en impression 3d du support de c\u00e2ble de bougie finition haut bloc moteur Lancia Delta integral 16V.<\/p>\n<p>Directement interchangeable avec la version originale.<\/p>\n<p>OEM Lancia 7631471<\/p>\n","protected":false},"excerpt":{"rendered":"<p>7631471 Reproduction en impression 3d du support de c\u00e2ble de bougie finition haut bloc moteur Lancia Delta integral 16V.<\/p>\n","protected":false},"featured_media":96191,"comment_status":"closed","ping_status":"closed","template":"","meta":{"_acf_changed":false},"product_brand":[],"product_cat":[1806,1836,1838,1798],"product_tag":[],"class_list":{"0":"post-96187","1":"product","2":"type-product","3":"status-publish","4":"has-post-thumbnail","6":"product_cat-delta-1-831-fr","7":"product_cat-integrale-16v-fr","8":"product_cat-integrale-evo-fr","9":"product_cat-lancia-fr","10":"pa_soort-onderdeel-moteur-et-accessoires","12":"first","13":"instock","14":"taxable","15":"shipping-taxable","16":"purchasable","17":"product-type-simple"},"acf":[],"yoast_head":"<!-- This site is optimized with the Yoast SEO plugin v27.2 - https:\/\/yoast.com\/product\/yoast-seo-wordpress\/ -->\n<title>Support de c\u00e2ble de bougie sup\u00e9rieur moteur Lancia Delta integral 16V - Turijnmagazijn<\/title>\n<meta name=\"robots\" content=\"index, follow, max-snippet:-1, max-image-preview:large, max-video-preview:-1\" \/>\n<link rel=\"canonical\" href=\"https:\/\/turijnmagazijn.nl\/fr\/produit\/dn010-dummy-lancia-delta-integrale-nouvelle-imitation-kopie-40\/\" \/>\n<meta property=\"og:locale\" content=\"fr_FR\" \/>\n<meta property=\"og:type\" content=\"article\" \/>\n<meta property=\"og:title\" content=\"Support de c\u00e2ble de bougie sup\u00e9rieur moteur Lancia Delta integral 16V - Turijnmagazijn\" \/>\n<meta property=\"og:description\" content=\"7631471 Reproduction en impression 3d du support de c\u00e2ble de bougie finition haut bloc moteur Lancia Delta integral 16V.\" \/>\n<meta property=\"og:url\" content=\"https:\/\/turijnmagazijn.nl\/fr\/produit\/dn010-dummy-lancia-delta-integrale-nouvelle-imitation-kopie-40\/\" \/>\n<meta property=\"og:site_name\" content=\"Turijnmagazijn\" \/>\n<meta property=\"article:publisher\" content=\"https:\/\/www.facebook.com\/turijnmagazijn\" \/>\n<meta property=\"article:modified_time\" content=\"2025-12-13T19:21:56+00:00\" \/>\n<meta property=\"og:image\" content=\"https:\/\/turijnmagazijn.nl\/wp-content\/uploads\/2025\/12\/SS0109902-bougiekabel-houder-afwerking-bovenzijde-motorblok-Lancia-Delta-integrale-16V-7631471-2.png\" \/>\n\t<meta property=\"og:image:width\" content=\"665\" \/>\n\t<meta property=\"og:image:height\" content=\"235\" \/>\n\t<meta property=\"og:image:type\" content=\"image\/png\" \/>\n<meta name=\"twitter:card\" content=\"summary_large_image\" \/>\n<script type=\"application\/ld+json\" class=\"yoast-schema-graph\">{\"@context\":\"https:\/\/schema.org\",\"@graph\":[{\"@type\":\"WebPage\",\"@id\":\"https:\/\/turijnmagazijn.nl\/fr\/produit\/dn010-dummy-lancia-delta-integrale-nouvelle-imitation-kopie-40\/\",\"url\":\"https:\/\/turijnmagazijn.nl\/fr\/produit\/dn010-dummy-lancia-delta-integrale-nouvelle-imitation-kopie-40\/\",\"name\":\"Support de c\u00e2ble de bougie sup\u00e9rieur moteur Lancia Delta integral 16V - Turijnmagazijn\",\"isPartOf\":{\"@id\":\"https:\/\/turijnmagazijn.jumpstone-dev.nl\/#website\"},\"primaryImageOfPage\":{\"@id\":\"https:\/\/turijnmagazijn.nl\/fr\/produit\/dn010-dummy-lancia-delta-integrale-nouvelle-imitation-kopie-40\/#primaryimage\"},\"image\":{\"@id\":\"https:\/\/turijnmagazijn.nl\/fr\/produit\/dn010-dummy-lancia-delta-integrale-nouvelle-imitation-kopie-40\/#primaryimage\"},\"thumbnailUrl\":\"https:\/\/turijnmagazijn.nl\/wp-content\/uploads\/2025\/12\/SS0109902-bougiekabel-houder-afwerking-bovenzijde-motorblok-Lancia-Delta-integrale-16V-7631471-2.png\",\"datePublished\":\"2025-12-13T18:47:27+00:00\",\"dateModified\":\"2025-12-13T19:21:56+00:00\",\"breadcrumb\":{\"@id\":\"https:\/\/turijnmagazijn.nl\/fr\/produit\/dn010-dummy-lancia-delta-integrale-nouvelle-imitation-kopie-40\/#breadcrumb\"},\"inLanguage\":\"fr-FR\",\"potentialAction\":[{\"@type\":\"ReadAction\",\"target\":[\"https:\/\/turijnmagazijn.nl\/fr\/produit\/dn010-dummy-lancia-delta-integrale-nouvelle-imitation-kopie-40\/\"]}]},{\"@type\":\"ImageObject\",\"inLanguage\":\"fr-FR\",\"@id\":\"https:\/\/turijnmagazijn.nl\/fr\/produit\/dn010-dummy-lancia-delta-integrale-nouvelle-imitation-kopie-40\/#primaryimage\",\"url\":\"https:\/\/turijnmagazijn.nl\/wp-content\/uploads\/2025\/12\/SS0109902-bougiekabel-houder-afwerking-bovenzijde-motorblok-Lancia-Delta-integrale-16V-7631471-2.png\",\"contentUrl\":\"https:\/\/turijnmagazijn.nl\/wp-content\/uploads\/2025\/12\/SS0109902-bougiekabel-houder-afwerking-bovenzijde-motorblok-Lancia-Delta-integrale-16V-7631471-2.png\",\"width\":665,\"height\":235},{\"@type\":\"BreadcrumbList\",\"@id\":\"https:\/\/turijnmagazijn.nl\/fr\/produit\/dn010-dummy-lancia-delta-integrale-nouvelle-imitation-kopie-40\/#breadcrumb\",\"itemListElement\":[{\"@type\":\"ListItem\",\"position\":1,\"name\":\"Home\",\"item\":\"https:\/\/turijnmagazijn.nl\/fr\/\"},{\"@type\":\"ListItem\",\"position\":2,\"name\":\"Produits\",\"item\":\"https:\/\/turijnmagazijn.nl\/fr\/shop\/\"},{\"@type\":\"ListItem\",\"position\":3,\"name\":\"Support de c\u00e2ble de bougie sup\u00e9rieur moteur Lancia Delta integral 16V\"}]},{\"@type\":\"WebSite\",\"@id\":\"https:\/\/turijnmagazijn.jumpstone-dev.nl\/#website\",\"url\":\"https:\/\/turijnmagazijn.jumpstone-dev.nl\/\",\"name\":\"Turijnmagazijn\",\"description\":\"Onderdelen nieuw en gebruikt - Fiat &amp; Lancia\",\"publisher\":{\"@id\":\"https:\/\/turijnmagazijn.jumpstone-dev.nl\/#organization\"},\"potentialAction\":[{\"@type\":\"SearchAction\",\"target\":{\"@type\":\"EntryPoint\",\"urlTemplate\":\"https:\/\/turijnmagazijn.jumpstone-dev.nl\/?s={search_term_string}\"},\"query-input\":{\"@type\":\"PropertyValueSpecification\",\"valueRequired\":true,\"valueName\":\"search_term_string\"}}],\"inLanguage\":\"fr-FR\"},{\"@type\":\"Organization\",\"@id\":\"https:\/\/turijnmagazijn.jumpstone-dev.nl\/#organization\",\"name\":\"Turijnmagazijn\",\"url\":\"https:\/\/turijnmagazijn.jumpstone-dev.nl\/\",\"logo\":{\"@type\":\"ImageObject\",\"inLanguage\":\"fr-FR\",\"@id\":\"https:\/\/turijnmagazijn.jumpstone-dev.nl\/#\/schema\/logo\/image\/\",\"url\":\"https:\/\/turijnmagazijn.nl\/wp-content\/uploads\/2021\/02\/turijnmagazijnlogo.png\",\"contentUrl\":\"https:\/\/turijnmagazijn.nl\/wp-content\/uploads\/2021\/02\/turijnmagazijnlogo.png\",\"width\":555,\"height\":270,\"caption\":\"Turijnmagazijn\"},\"image\":{\"@id\":\"https:\/\/turijnmagazijn.jumpstone-dev.nl\/#\/schema\/logo\/image\/\"},\"sameAs\":[\"https:\/\/www.facebook.com\/turijnmagazijn\"]}]}<\/script>\n<!-- \/ Yoast SEO plugin. -->","yoast_head_json":{"title":"Support de c\u00e2ble de bougie sup\u00e9rieur moteur Lancia Delta integral 16V - Turijnmagazijn","robots":{"index":"index","follow":"follow","max-snippet":"max-snippet:-1","max-image-preview":"max-image-preview:large","max-video-preview":"max-video-preview:-1"},"canonical":"https:\/\/turijnmagazijn.nl\/fr\/produit\/dn010-dummy-lancia-delta-integrale-nouvelle-imitation-kopie-40\/","og_locale":"fr_FR","og_type":"article","og_title":"Support de c\u00e2ble de bougie sup\u00e9rieur moteur Lancia Delta integral 16V - Turijnmagazijn","og_description":"7631471 Reproduction en impression 3d du support de c\u00e2ble de bougie finition haut bloc moteur Lancia Delta integral 16V.","og_url":"https:\/\/turijnmagazijn.nl\/fr\/produit\/dn010-dummy-lancia-delta-integrale-nouvelle-imitation-kopie-40\/","og_site_name":"Turijnmagazijn","article_publisher":"https:\/\/www.facebook.com\/turijnmagazijn","article_modified_time":"2025-12-13T19:21:56+00:00","og_image":[{"width":665,"height":235,"url":"https:\/\/turijnmagazijn.nl\/wp-content\/uploads\/2025\/12\/SS0109902-bougiekabel-houder-afwerking-bovenzijde-motorblok-Lancia-Delta-integrale-16V-7631471-2.png","type":"image\/png"}],"twitter_card":"summary_large_image","schema":{"@context":"https:\/\/schema.org","@graph":[{"@type":"WebPage","@id":"https:\/\/turijnmagazijn.nl\/fr\/produit\/dn010-dummy-lancia-delta-integrale-nouvelle-imitation-kopie-40\/","url":"https:\/\/turijnmagazijn.nl\/fr\/produit\/dn010-dummy-lancia-delta-integrale-nouvelle-imitation-kopie-40\/","name":"Support de c\u00e2ble de bougie sup\u00e9rieur moteur Lancia Delta integral 16V - Turijnmagazijn","isPartOf":{"@id":"https:\/\/turijnmagazijn.jumpstone-dev.nl\/#website"},"primaryImageOfPage":{"@id":"https:\/\/turijnmagazijn.nl\/fr\/produit\/dn010-dummy-lancia-delta-integrale-nouvelle-imitation-kopie-40\/#primaryimage"},"image":{"@id":"https:\/\/turijnmagazijn.nl\/fr\/produit\/dn010-dummy-lancia-delta-integrale-nouvelle-imitation-kopie-40\/#primaryimage"},"thumbnailUrl":"https:\/\/turijnmagazijn.nl\/wp-content\/uploads\/2025\/12\/SS0109902-bougiekabel-houder-afwerking-bovenzijde-motorblok-Lancia-Delta-integrale-16V-7631471-2.png","datePublished":"2025-12-13T18:47:27+00:00","dateModified":"2025-12-13T19:21:56+00:00","breadcrumb":{"@id":"https:\/\/turijnmagazijn.nl\/fr\/produit\/dn010-dummy-lancia-delta-integrale-nouvelle-imitation-kopie-40\/#breadcrumb"},"inLanguage":"fr-FR","potentialAction":[{"@type":"ReadAction","target":["https:\/\/turijnmagazijn.nl\/fr\/produit\/dn010-dummy-lancia-delta-integrale-nouvelle-imitation-kopie-40\/"]}]},{"@type":"ImageObject","inLanguage":"fr-FR","@id":"https:\/\/turijnmagazijn.nl\/fr\/produit\/dn010-dummy-lancia-delta-integrale-nouvelle-imitation-kopie-40\/#primaryimage","url":"https:\/\/turijnmagazijn.nl\/wp-content\/uploads\/2025\/12\/SS0109902-bougiekabel-houder-afwerking-bovenzijde-motorblok-Lancia-Delta-integrale-16V-7631471-2.png","contentUrl":"https:\/\/turijnmagazijn.nl\/wp-content\/uploads\/2025\/12\/SS0109902-bougiekabel-houder-afwerking-bovenzijde-motorblok-Lancia-Delta-integrale-16V-7631471-2.png","width":665,"height":235},{"@type":"BreadcrumbList","@id":"https:\/\/turijnmagazijn.nl\/fr\/produit\/dn010-dummy-lancia-delta-integrale-nouvelle-imitation-kopie-40\/#breadcrumb","itemListElement":[{"@type":"ListItem","position":1,"name":"Home","item":"https:\/\/turijnmagazijn.nl\/fr\/"},{"@type":"ListItem","position":2,"name":"Produits","item":"https:\/\/turijnmagazijn.nl\/fr\/shop\/"},{"@type":"ListItem","position":3,"name":"Support de c\u00e2ble de bougie sup\u00e9rieur moteur Lancia Delta integral 16V"}]},{"@type":"WebSite","@id":"https:\/\/turijnmagazijn.jumpstone-dev.nl\/#website","url":"https:\/\/turijnmagazijn.jumpstone-dev.nl\/","name":"Turijnmagazijn","description":"Onderdelen nieuw en gebruikt - Fiat &amp; Lancia","publisher":{"@id":"https:\/\/turijnmagazijn.jumpstone-dev.nl\/#organization"},"potentialAction":[{"@type":"SearchAction","target":{"@type":"EntryPoint","urlTemplate":"https:\/\/turijnmagazijn.jumpstone-dev.nl\/?s={search_term_string}"},"query-input":{"@type":"PropertyValueSpecification","valueRequired":true,"valueName":"search_term_string"}}],"inLanguage":"fr-FR"},{"@type":"Organization","@id":"https:\/\/turijnmagazijn.jumpstone-dev.nl\/#organization","name":"Turijnmagazijn","url":"https:\/\/turijnmagazijn.jumpstone-dev.nl\/","logo":{"@type":"ImageObject","inLanguage":"fr-FR","@id":"https:\/\/turijnmagazijn.jumpstone-dev.nl\/#\/schema\/logo\/image\/","url":"https:\/\/turijnmagazijn.nl\/wp-content\/uploads\/2021\/02\/turijnmagazijnlogo.png","contentUrl":"https:\/\/turijnmagazijn.nl\/wp-content\/uploads\/2021\/02\/turijnmagazijnlogo.png","width":555,"height":270,"caption":"Turijnmagazijn"},"image":{"@id":"https:\/\/turijnmagazijn.jumpstone-dev.nl\/#\/schema\/logo\/image\/"},"sameAs":["https:\/\/www.facebook.com\/turijnmagazijn"]}]}},"_links":{"self":[{"href":"https:\/\/turijnmagazijn.nl\/fr\/wp-json\/wp\/v2\/product\/96187","targetHints":{"allow":["GET"]}}],"collection":[{"href":"https:\/\/turijnmagazijn.nl\/fr\/wp-json\/wp\/v2\/product"}],"about":[{"href":"https:\/\/turijnmagazijn.nl\/fr\/wp-json\/wp\/v2\/types\/product"}],"replies":[{"embeddable":true,"href":"https:\/\/turijnmagazijn.nl\/fr\/wp-json\/wp\/v2\/comments?post=96187"}],"wp:featuredmedia":[{"embeddable":true,"href":"https:\/\/turijnmagazijn.nl\/fr\/wp-json\/wp\/v2\/media\/96191"}],"wp:attachment":[{"href":"https:\/\/turijnmagazijn.nl\/fr\/wp-json\/wp\/v2\/media?parent=96187"}],"wp:term":[{"taxonomy":"product_brand","embeddable":true,"href":"https:\/\/turijnmagazijn.nl\/fr\/wp-json\/wp\/v2\/product_brand?post=96187"},{"taxonomy":"product_cat","embeddable":true,"href":"https:\/\/turijnmagazijn.nl\/fr\/wp-json\/wp\/v2\/product_cat?post=96187"},{"taxonomy":"product_tag","embeddable":true,"href":"https:\/\/turijnmagazijn.nl\/fr\/wp-json\/wp\/v2\/product_tag?post=96187"}],"curies":[{"name":"wp","href":"https:\/\/api.w.org\/{rel}","templated":true}]}}