{"id":96288,"date":"2025-12-17T12:09:18","date_gmt":"2025-12-17T11:09:18","guid":{"rendered":"https:\/\/turijnmagazijn.nl\/?post_type=product&#038;p=96288"},"modified":"2026-01-12T08:44:58","modified_gmt":"2026-01-12T07:44:58","slug":"porte-cles-lancia-gravure-laser-kopie","status":"publish","type":"product","link":"https:\/\/turijnmagazijn.nl\/fr\/produit\/porte-cles-lancia-gravure-laser-kopie\/","title":{"rendered":"Porte-cl\u00e9s Lancia grav\u00e9 au laser bord lisse"},"content":{"rendered":"<p>Nouveau porte-cl\u00e9s Lancia. Il s\u2019agit d\u2019un pendentif en m\u00e9tal l\u00e9ger avec une gravure laser avec le logo Lancia.<\/p>\n<p>Le mat\u00e9riau de la gravure est en plastique mais a une belle apparence d\u2019acier bross\u00e9 rugueux tandis que la gravure elle-m\u00eame est tr\u00e8s belle en raison du plastique noir sous-jacent.<\/p>\n<p>Porte-cl\u00e9s unique, disponible uniquement chez nous!<\/p>\n","protected":false},"excerpt":{"rendered":"<p>Porte-cl\u00e9s Lancia gravure laser &#8211; Nouveau porte-cl\u00e9s Lancia.<\/p>\n","protected":false},"featured_media":96303,"comment_status":"open","ping_status":"closed","template":"","meta":{"_acf_changed":false},"product_brand":[],"product_cat":[1809,1846,1851,1862,1865,1802,1806,1841,1855,1819,1821,1825,1836,1830,1838,1860,1798,1873,1886,1890,1882,1870,1880,1896,1902,1897,1908,1907,1914,1917,1924],"product_tag":[],"class_list":{"0":"post-96288","1":"product","2":"type-product","3":"status-publish","4":"has-post-thumbnail","6":"product_cat-1-1-1-3-1-5-fr","7":"product_cat-3-deurs-hpe-fr","8":"product_cat-5-deurs-fr","9":"product_cat-berlina-fr","10":"product_cat-coupe-fr","11":"product_cat-dedra-835-fr","12":"product_cat-delta-1-831-fr","13":"product_cat-delta-2-836-fr","14":"product_cat-delta-3-844-fr","15":"product_cat-gt-i-e-fr","16":"product_cat-hf-4wd-fr","17":"product_cat-hf-turbo-fr","18":"product_cat-integrale-16v-fr","19":"product_cat-integrale-8v-fr","20":"product_cat-integrale-evo-fr","21":"product_cat-kappa-838-fr","22":"product_cat-lancia-fr","23":"product_cat-lybra-839-fr","24":"product_cat-musa-350-fr","25":"product_cat-prisma-831-fr","26":"product_cat-sedan-lybra-839-fr","27":"product_cat-sw-fr","28":"product_cat-sw-lybra-839-fr","29":"product_cat-thema-834-fr","30":"product_cat-thema-sedan-fr","31":"product_cat-thema-sw-fr","32":"product_cat-thesis-841-fr","33":"product_cat-y10-156-fr","34":"product_cat-ypsilon-1-840-fr","35":"product_cat-ypsilon-2-843-fr","36":"product_cat-zeta-722-fr","37":"pa_soort-onderdeel-porte-cles-et-autocollants","39":"first","40":"instock","41":"taxable","42":"shipping-taxable","43":"purchasable","44":"product-type-simple"},"acf":[],"yoast_head":"<!-- This site is optimized with the Yoast SEO plugin v27.3 - https:\/\/yoast.com\/product\/yoast-seo-wordpress\/ -->\n<title>Porte-cl\u00e9s Lancia grav\u00e9 au laser bord lisse - Turijnmagazijn<\/title>\n<meta name=\"robots\" content=\"index, follow, max-snippet:-1, max-image-preview:large, max-video-preview:-1\" \/>\n<link rel=\"canonical\" href=\"https:\/\/turijnmagazijn.nl\/fr\/produit\/porte-cles-lancia-gravure-laser-kopie\/\" \/>\n<meta property=\"og:locale\" content=\"fr_FR\" \/>\n<meta property=\"og:type\" content=\"article\" \/>\n<meta property=\"og:title\" content=\"Porte-cl\u00e9s Lancia grav\u00e9 au laser bord lisse - Turijnmagazijn\" \/>\n<meta property=\"og:description\" content=\"Porte-cl\u00e9s Lancia gravure laser - Nouveau porte-cl\u00e9s Lancia.\" \/>\n<meta property=\"og:url\" content=\"https:\/\/turijnmagazijn.nl\/fr\/produit\/porte-cles-lancia-gravure-laser-kopie\/\" \/>\n<meta property=\"og:site_name\" content=\"Turijnmagazijn\" \/>\n<meta property=\"article:publisher\" content=\"https:\/\/www.facebook.com\/turijnmagazijn\" \/>\n<meta property=\"article:modified_time\" content=\"2026-01-12T07:44:58+00:00\" \/>\n<meta property=\"og:image\" content=\"https:\/\/turijnmagazijn.nl\/wp-content\/uploads\/2025\/12\/DN0100461-Sleutelhanger-Lancia-lasergravure-glad-gunmetal-1-rotated.jpg\" \/>\n\t<meta property=\"og:image:width\" content=\"960\" \/>\n\t<meta property=\"og:image:height\" content=\"931\" \/>\n\t<meta property=\"og:image:type\" content=\"image\/jpeg\" \/>\n<meta name=\"twitter:card\" content=\"summary_large_image\" \/>\n<script type=\"application\/ld+json\" class=\"yoast-schema-graph\">{\"@context\":\"https:\\\/\\\/schema.org\",\"@graph\":[{\"@type\":\"WebPage\",\"@id\":\"https:\\\/\\\/turijnmagazijn.nl\\\/fr\\\/produit\\\/porte-cles-lancia-gravure-laser-kopie\\\/\",\"url\":\"https:\\\/\\\/turijnmagazijn.nl\\\/fr\\\/produit\\\/porte-cles-lancia-gravure-laser-kopie\\\/\",\"name\":\"Porte-cl\u00e9s Lancia grav\u00e9 au laser bord lisse - Turijnmagazijn\",\"isPartOf\":{\"@id\":\"https:\\\/\\\/turijnmagazijn.jumpstone-dev.nl\\\/#website\"},\"primaryImageOfPage\":{\"@id\":\"https:\\\/\\\/turijnmagazijn.nl\\\/fr\\\/produit\\\/porte-cles-lancia-gravure-laser-kopie\\\/#primaryimage\"},\"image\":{\"@id\":\"https:\\\/\\\/turijnmagazijn.nl\\\/fr\\\/produit\\\/porte-cles-lancia-gravure-laser-kopie\\\/#primaryimage\"},\"thumbnailUrl\":\"https:\\\/\\\/turijnmagazijn.nl\\\/wp-content\\\/uploads\\\/2025\\\/12\\\/DN0100461-Sleutelhanger-Lancia-lasergravure-glad-gunmetal-1-rotated.jpg\",\"datePublished\":\"2025-12-17T11:09:18+00:00\",\"dateModified\":\"2026-01-12T07:44:58+00:00\",\"breadcrumb\":{\"@id\":\"https:\\\/\\\/turijnmagazijn.nl\\\/fr\\\/produit\\\/porte-cles-lancia-gravure-laser-kopie\\\/#breadcrumb\"},\"inLanguage\":\"fr-FR\",\"potentialAction\":[{\"@type\":\"ReadAction\",\"target\":[\"https:\\\/\\\/turijnmagazijn.nl\\\/fr\\\/produit\\\/porte-cles-lancia-gravure-laser-kopie\\\/\"]}]},{\"@type\":\"ImageObject\",\"inLanguage\":\"fr-FR\",\"@id\":\"https:\\\/\\\/turijnmagazijn.nl\\\/fr\\\/produit\\\/porte-cles-lancia-gravure-laser-kopie\\\/#primaryimage\",\"url\":\"https:\\\/\\\/turijnmagazijn.nl\\\/wp-content\\\/uploads\\\/2025\\\/12\\\/DN0100461-Sleutelhanger-Lancia-lasergravure-glad-gunmetal-1-rotated.jpg\",\"contentUrl\":\"https:\\\/\\\/turijnmagazijn.nl\\\/wp-content\\\/uploads\\\/2025\\\/12\\\/DN0100461-Sleutelhanger-Lancia-lasergravure-glad-gunmetal-1-rotated.jpg\",\"width\":960,\"height\":931},{\"@type\":\"BreadcrumbList\",\"@id\":\"https:\\\/\\\/turijnmagazijn.nl\\\/fr\\\/produit\\\/porte-cles-lancia-gravure-laser-kopie\\\/#breadcrumb\",\"itemListElement\":[{\"@type\":\"ListItem\",\"position\":1,\"name\":\"Home\",\"item\":\"https:\\\/\\\/turijnmagazijn.nl\\\/fr\\\/\"},{\"@type\":\"ListItem\",\"position\":2,\"name\":\"Produits\",\"item\":\"https:\\\/\\\/turijnmagazijn.nl\\\/fr\\\/shop\\\/\"},{\"@type\":\"ListItem\",\"position\":3,\"name\":\"Porte-cl\u00e9s Lancia grav\u00e9 au laser bord lisse\"}]},{\"@type\":\"WebSite\",\"@id\":\"https:\\\/\\\/turijnmagazijn.jumpstone-dev.nl\\\/#website\",\"url\":\"https:\\\/\\\/turijnmagazijn.jumpstone-dev.nl\\\/\",\"name\":\"Turijnmagazijn\",\"description\":\"Onderdelen nieuw en gebruikt - Fiat &amp; Lancia\",\"publisher\":{\"@id\":\"https:\\\/\\\/turijnmagazijn.jumpstone-dev.nl\\\/#organization\"},\"potentialAction\":[{\"@type\":\"SearchAction\",\"target\":{\"@type\":\"EntryPoint\",\"urlTemplate\":\"https:\\\/\\\/turijnmagazijn.jumpstone-dev.nl\\\/?s={search_term_string}\"},\"query-input\":{\"@type\":\"PropertyValueSpecification\",\"valueRequired\":true,\"valueName\":\"search_term_string\"}}],\"inLanguage\":\"fr-FR\"},{\"@type\":\"Organization\",\"@id\":\"https:\\\/\\\/turijnmagazijn.jumpstone-dev.nl\\\/#organization\",\"name\":\"Turijnmagazijn\",\"url\":\"https:\\\/\\\/turijnmagazijn.jumpstone-dev.nl\\\/\",\"logo\":{\"@type\":\"ImageObject\",\"inLanguage\":\"fr-FR\",\"@id\":\"https:\\\/\\\/turijnmagazijn.jumpstone-dev.nl\\\/#\\\/schema\\\/logo\\\/image\\\/\",\"url\":\"https:\\\/\\\/turijnmagazijn.nl\\\/wp-content\\\/uploads\\\/2021\\\/02\\\/turijnmagazijnlogo.png\",\"contentUrl\":\"https:\\\/\\\/turijnmagazijn.nl\\\/wp-content\\\/uploads\\\/2021\\\/02\\\/turijnmagazijnlogo.png\",\"width\":555,\"height\":270,\"caption\":\"Turijnmagazijn\"},\"image\":{\"@id\":\"https:\\\/\\\/turijnmagazijn.jumpstone-dev.nl\\\/#\\\/schema\\\/logo\\\/image\\\/\"},\"sameAs\":[\"https:\\\/\\\/www.facebook.com\\\/turijnmagazijn\"]}]}<\/script>\n<!-- \/ Yoast SEO plugin. -->","yoast_head_json":{"title":"Porte-cl\u00e9s Lancia grav\u00e9 au laser bord lisse - Turijnmagazijn","robots":{"index":"index","follow":"follow","max-snippet":"max-snippet:-1","max-image-preview":"max-image-preview:large","max-video-preview":"max-video-preview:-1"},"canonical":"https:\/\/turijnmagazijn.nl\/fr\/produit\/porte-cles-lancia-gravure-laser-kopie\/","og_locale":"fr_FR","og_type":"article","og_title":"Porte-cl\u00e9s Lancia grav\u00e9 au laser bord lisse - Turijnmagazijn","og_description":"Porte-cl\u00e9s Lancia gravure laser - Nouveau porte-cl\u00e9s Lancia.","og_url":"https:\/\/turijnmagazijn.nl\/fr\/produit\/porte-cles-lancia-gravure-laser-kopie\/","og_site_name":"Turijnmagazijn","article_publisher":"https:\/\/www.facebook.com\/turijnmagazijn","article_modified_time":"2026-01-12T07:44:58+00:00","og_image":[{"width":960,"height":931,"url":"https:\/\/turijnmagazijn.nl\/wp-content\/uploads\/2025\/12\/DN0100461-Sleutelhanger-Lancia-lasergravure-glad-gunmetal-1-rotated.jpg","type":"image\/jpeg"}],"twitter_card":"summary_large_image","schema":{"@context":"https:\/\/schema.org","@graph":[{"@type":"WebPage","@id":"https:\/\/turijnmagazijn.nl\/fr\/produit\/porte-cles-lancia-gravure-laser-kopie\/","url":"https:\/\/turijnmagazijn.nl\/fr\/produit\/porte-cles-lancia-gravure-laser-kopie\/","name":"Porte-cl\u00e9s Lancia grav\u00e9 au laser bord lisse - Turijnmagazijn","isPartOf":{"@id":"https:\/\/turijnmagazijn.jumpstone-dev.nl\/#website"},"primaryImageOfPage":{"@id":"https:\/\/turijnmagazijn.nl\/fr\/produit\/porte-cles-lancia-gravure-laser-kopie\/#primaryimage"},"image":{"@id":"https:\/\/turijnmagazijn.nl\/fr\/produit\/porte-cles-lancia-gravure-laser-kopie\/#primaryimage"},"thumbnailUrl":"https:\/\/turijnmagazijn.nl\/wp-content\/uploads\/2025\/12\/DN0100461-Sleutelhanger-Lancia-lasergravure-glad-gunmetal-1-rotated.jpg","datePublished":"2025-12-17T11:09:18+00:00","dateModified":"2026-01-12T07:44:58+00:00","breadcrumb":{"@id":"https:\/\/turijnmagazijn.nl\/fr\/produit\/porte-cles-lancia-gravure-laser-kopie\/#breadcrumb"},"inLanguage":"fr-FR","potentialAction":[{"@type":"ReadAction","target":["https:\/\/turijnmagazijn.nl\/fr\/produit\/porte-cles-lancia-gravure-laser-kopie\/"]}]},{"@type":"ImageObject","inLanguage":"fr-FR","@id":"https:\/\/turijnmagazijn.nl\/fr\/produit\/porte-cles-lancia-gravure-laser-kopie\/#primaryimage","url":"https:\/\/turijnmagazijn.nl\/wp-content\/uploads\/2025\/12\/DN0100461-Sleutelhanger-Lancia-lasergravure-glad-gunmetal-1-rotated.jpg","contentUrl":"https:\/\/turijnmagazijn.nl\/wp-content\/uploads\/2025\/12\/DN0100461-Sleutelhanger-Lancia-lasergravure-glad-gunmetal-1-rotated.jpg","width":960,"height":931},{"@type":"BreadcrumbList","@id":"https:\/\/turijnmagazijn.nl\/fr\/produit\/porte-cles-lancia-gravure-laser-kopie\/#breadcrumb","itemListElement":[{"@type":"ListItem","position":1,"name":"Home","item":"https:\/\/turijnmagazijn.nl\/fr\/"},{"@type":"ListItem","position":2,"name":"Produits","item":"https:\/\/turijnmagazijn.nl\/fr\/shop\/"},{"@type":"ListItem","position":3,"name":"Porte-cl\u00e9s Lancia grav\u00e9 au laser bord lisse"}]},{"@type":"WebSite","@id":"https:\/\/turijnmagazijn.jumpstone-dev.nl\/#website","url":"https:\/\/turijnmagazijn.jumpstone-dev.nl\/","name":"Turijnmagazijn","description":"Onderdelen nieuw en gebruikt - Fiat &amp; Lancia","publisher":{"@id":"https:\/\/turijnmagazijn.jumpstone-dev.nl\/#organization"},"potentialAction":[{"@type":"SearchAction","target":{"@type":"EntryPoint","urlTemplate":"https:\/\/turijnmagazijn.jumpstone-dev.nl\/?s={search_term_string}"},"query-input":{"@type":"PropertyValueSpecification","valueRequired":true,"valueName":"search_term_string"}}],"inLanguage":"fr-FR"},{"@type":"Organization","@id":"https:\/\/turijnmagazijn.jumpstone-dev.nl\/#organization","name":"Turijnmagazijn","url":"https:\/\/turijnmagazijn.jumpstone-dev.nl\/","logo":{"@type":"ImageObject","inLanguage":"fr-FR","@id":"https:\/\/turijnmagazijn.jumpstone-dev.nl\/#\/schema\/logo\/image\/","url":"https:\/\/turijnmagazijn.nl\/wp-content\/uploads\/2021\/02\/turijnmagazijnlogo.png","contentUrl":"https:\/\/turijnmagazijn.nl\/wp-content\/uploads\/2021\/02\/turijnmagazijnlogo.png","width":555,"height":270,"caption":"Turijnmagazijn"},"image":{"@id":"https:\/\/turijnmagazijn.jumpstone-dev.nl\/#\/schema\/logo\/image\/"},"sameAs":["https:\/\/www.facebook.com\/turijnmagazijn"]}]}},"_links":{"self":[{"href":"https:\/\/turijnmagazijn.nl\/fr\/wp-json\/wp\/v2\/product\/96288","targetHints":{"allow":["GET"]}}],"collection":[{"href":"https:\/\/turijnmagazijn.nl\/fr\/wp-json\/wp\/v2\/product"}],"about":[{"href":"https:\/\/turijnmagazijn.nl\/fr\/wp-json\/wp\/v2\/types\/product"}],"replies":[{"embeddable":true,"href":"https:\/\/turijnmagazijn.nl\/fr\/wp-json\/wp\/v2\/comments?post=96288"}],"wp:featuredmedia":[{"embeddable":true,"href":"https:\/\/turijnmagazijn.nl\/fr\/wp-json\/wp\/v2\/media\/96303"}],"wp:attachment":[{"href":"https:\/\/turijnmagazijn.nl\/fr\/wp-json\/wp\/v2\/media?parent=96288"}],"wp:term":[{"taxonomy":"product_brand","embeddable":true,"href":"https:\/\/turijnmagazijn.nl\/fr\/wp-json\/wp\/v2\/product_brand?post=96288"},{"taxonomy":"product_cat","embeddable":true,"href":"https:\/\/turijnmagazijn.nl\/fr\/wp-json\/wp\/v2\/product_cat?post=96288"},{"taxonomy":"product_tag","embeddable":true,"href":"https:\/\/turijnmagazijn.nl\/fr\/wp-json\/wp\/v2\/product_tag?post=96288"}],"curies":[{"name":"wp","href":"https:\/\/api.w.org\/{rel}","templated":true}]}}