{"id":96408,"date":"2025-12-21T19:12:07","date_gmt":"2025-12-21T18:12:07","guid":{"rendered":"https:\/\/turijnmagazijn.nl\/?post_type=product&#038;p=96408"},"modified":"2026-01-11T22:30:35","modified_gmt":"2026-01-11T21:30:35","slug":"porte-cles-lancia-delta-hf-logo-nouveau-kopie","status":"publish","type":"product","link":"https:\/\/turijnmagazijn.nl\/fr\/produit\/porte-cles-lancia-delta-hf-logo-nouveau-kopie\/","title":{"rendered":"Porte-cl\u00e9s bleu Martini Racing clip"},"content":{"rendered":"<p>Nouveau produit original. Porte-cl\u00e9s Martini \u00e0 pince.<\/p>\n<p>Corps en m\u00e9tal chrom\u00e9 avec int\u00e9rieur en plastique bleu \u00e9quip\u00e9 d&rsquo;une lumi\u00e8re LED et de la possibilit\u00e9 d&rsquo;ins\u00e9rer une batterie. Livr\u00e9 sans batterie. Op\u00e9ration inconnue.<\/p>\n<p>Un joli gadget pour les passionn\u00e9s.<\/p>\n<p>Ce porte-cl\u00e9s est un bel objet de qualit\u00e9.<\/p>\n<p>Sur le devant, on peut lire Martini racing et les incongrues bandes rouges et bleues, et de l&rsquo;autre c\u00f4t\u00e9 se trouve le bouton permettant d&rsquo;actionner la lumi\u00e8re.<\/p>\n<p>Livr\u00e9 dans son emballage d\u2019origine. Il n&rsquo;a jamais \u00e9t\u00e9 utilis\u00e9, il est donc \u00e0 l&rsquo;\u00e9tat neuf !<\/p>\n<p>Les dimensions du pendentif en voile sont d&rsquo;environ 55x35mm.<\/p>\n","protected":false},"excerpt":{"rendered":"<p>Porte-cl\u00e9s Lancia Delta avec inscription Martini Racing. Tr\u00e8s belle pour la Delta HF Integrale.<\/p>\n","protected":false},"featured_media":96465,"comment_status":"closed","ping_status":"closed","template":"","meta":{"_acf_changed":false},"product_brand":[],"product_cat":[1809,1846,1851,1806,1841,1819,1821,1825,1836,1830,1838,1798],"product_tag":[],"class_list":{"0":"post-96408","1":"product","2":"type-product","3":"status-publish","4":"has-post-thumbnail","6":"product_cat-1-1-1-3-1-5-fr","7":"product_cat-3-deurs-hpe-fr","8":"product_cat-5-deurs-fr","9":"product_cat-delta-1-831-fr","10":"product_cat-delta-2-836-fr","11":"product_cat-gt-i-e-fr","12":"product_cat-hf-4wd-fr","13":"product_cat-hf-turbo-fr","14":"product_cat-integrale-16v-fr","15":"product_cat-integrale-8v-fr","16":"product_cat-integrale-evo-fr","17":"product_cat-lancia-fr","18":"pa_soort-onderdeel-porte-cles-et-autocollants","20":"first","21":"instock","22":"shipping-taxable","23":"purchasable","24":"product-type-simple"},"acf":[],"yoast_head":"<!-- This site is optimized with the Yoast SEO plugin v27.2 - https:\/\/yoast.com\/product\/yoast-seo-wordpress\/ -->\n<title>Porte-cl\u00e9s bleu Martini Racing clip - Turijnmagazijn<\/title>\n<meta name=\"robots\" content=\"index, follow, max-snippet:-1, max-image-preview:large, max-video-preview:-1\" \/>\n<link rel=\"canonical\" href=\"https:\/\/turijnmagazijn.nl\/fr\/produit\/porte-cles-lancia-delta-hf-logo-nouveau-kopie\/\" \/>\n<meta property=\"og:locale\" content=\"fr_FR\" \/>\n<meta property=\"og:type\" content=\"article\" \/>\n<meta property=\"og:title\" content=\"Porte-cl\u00e9s bleu Martini Racing clip - Turijnmagazijn\" \/>\n<meta property=\"og:description\" content=\"Porte-cl\u00e9s Lancia Delta avec inscription Martini Racing. Tr\u00e8s belle pour la Delta HF Integrale.\" \/>\n<meta property=\"og:url\" content=\"https:\/\/turijnmagazijn.nl\/fr\/produit\/porte-cles-lancia-delta-hf-logo-nouveau-kopie\/\" \/>\n<meta property=\"og:site_name\" content=\"Turijnmagazijn\" \/>\n<meta property=\"article:publisher\" content=\"https:\/\/www.facebook.com\/turijnmagazijn\" \/>\n<meta property=\"article:modified_time\" content=\"2026-01-11T21:30:35+00:00\" \/>\n<meta property=\"og:image\" content=\"https:\/\/turijnmagazijn.nl\/wp-content\/uploads\/2025\/12\/DK0102776-Sleutelhanger-blauw-Martini-Racing-clip-6-e1766343024191.jpg\" \/>\n\t<meta property=\"og:image:width\" content=\"1620\" \/>\n\t<meta property=\"og:image:height\" content=\"1152\" \/>\n\t<meta property=\"og:image:type\" content=\"image\/jpeg\" \/>\n<meta name=\"twitter:card\" content=\"summary_large_image\" \/>\n<meta name=\"twitter:label1\" content=\"Dur\u00e9e de lecture estim\u00e9e\" \/>\n\t<meta name=\"twitter:data1\" content=\"1 minute\" \/>\n<script type=\"application\/ld+json\" class=\"yoast-schema-graph\">{\"@context\":\"https:\/\/schema.org\",\"@graph\":[{\"@type\":\"WebPage\",\"@id\":\"https:\/\/turijnmagazijn.nl\/fr\/produit\/porte-cles-lancia-delta-hf-logo-nouveau-kopie\/\",\"url\":\"https:\/\/turijnmagazijn.nl\/fr\/produit\/porte-cles-lancia-delta-hf-logo-nouveau-kopie\/\",\"name\":\"Porte-cl\u00e9s bleu Martini Racing clip - Turijnmagazijn\",\"isPartOf\":{\"@id\":\"https:\/\/turijnmagazijn.jumpstone-dev.nl\/#website\"},\"primaryImageOfPage\":{\"@id\":\"https:\/\/turijnmagazijn.nl\/fr\/produit\/porte-cles-lancia-delta-hf-logo-nouveau-kopie\/#primaryimage\"},\"image\":{\"@id\":\"https:\/\/turijnmagazijn.nl\/fr\/produit\/porte-cles-lancia-delta-hf-logo-nouveau-kopie\/#primaryimage\"},\"thumbnailUrl\":\"https:\/\/turijnmagazijn.nl\/wp-content\/uploads\/2025\/12\/DK0102776-Sleutelhanger-blauw-Martini-Racing-clip-6-e1766343024191.jpg\",\"datePublished\":\"2025-12-21T18:12:07+00:00\",\"dateModified\":\"2026-01-11T21:30:35+00:00\",\"breadcrumb\":{\"@id\":\"https:\/\/turijnmagazijn.nl\/fr\/produit\/porte-cles-lancia-delta-hf-logo-nouveau-kopie\/#breadcrumb\"},\"inLanguage\":\"fr-FR\",\"potentialAction\":[{\"@type\":\"ReadAction\",\"target\":[\"https:\/\/turijnmagazijn.nl\/fr\/produit\/porte-cles-lancia-delta-hf-logo-nouveau-kopie\/\"]}]},{\"@type\":\"ImageObject\",\"inLanguage\":\"fr-FR\",\"@id\":\"https:\/\/turijnmagazijn.nl\/fr\/produit\/porte-cles-lancia-delta-hf-logo-nouveau-kopie\/#primaryimage\",\"url\":\"https:\/\/turijnmagazijn.nl\/wp-content\/uploads\/2025\/12\/DK0102776-Sleutelhanger-blauw-Martini-Racing-clip-6-e1766343024191.jpg\",\"contentUrl\":\"https:\/\/turijnmagazijn.nl\/wp-content\/uploads\/2025\/12\/DK0102776-Sleutelhanger-blauw-Martini-Racing-clip-6-e1766343024191.jpg\",\"width\":1620,\"height\":1152},{\"@type\":\"BreadcrumbList\",\"@id\":\"https:\/\/turijnmagazijn.nl\/fr\/produit\/porte-cles-lancia-delta-hf-logo-nouveau-kopie\/#breadcrumb\",\"itemListElement\":[{\"@type\":\"ListItem\",\"position\":1,\"name\":\"Home\",\"item\":\"https:\/\/turijnmagazijn.nl\/fr\/\"},{\"@type\":\"ListItem\",\"position\":2,\"name\":\"Produits\",\"item\":\"https:\/\/turijnmagazijn.nl\/fr\/shop\/\"},{\"@type\":\"ListItem\",\"position\":3,\"name\":\"Porte-cl\u00e9s bleu Martini Racing clip\"}]},{\"@type\":\"WebSite\",\"@id\":\"https:\/\/turijnmagazijn.jumpstone-dev.nl\/#website\",\"url\":\"https:\/\/turijnmagazijn.jumpstone-dev.nl\/\",\"name\":\"Turijnmagazijn\",\"description\":\"Onderdelen nieuw en gebruikt - Fiat &amp; Lancia\",\"publisher\":{\"@id\":\"https:\/\/turijnmagazijn.jumpstone-dev.nl\/#organization\"},\"potentialAction\":[{\"@type\":\"SearchAction\",\"target\":{\"@type\":\"EntryPoint\",\"urlTemplate\":\"https:\/\/turijnmagazijn.jumpstone-dev.nl\/?s={search_term_string}\"},\"query-input\":{\"@type\":\"PropertyValueSpecification\",\"valueRequired\":true,\"valueName\":\"search_term_string\"}}],\"inLanguage\":\"fr-FR\"},{\"@type\":\"Organization\",\"@id\":\"https:\/\/turijnmagazijn.jumpstone-dev.nl\/#organization\",\"name\":\"Turijnmagazijn\",\"url\":\"https:\/\/turijnmagazijn.jumpstone-dev.nl\/\",\"logo\":{\"@type\":\"ImageObject\",\"inLanguage\":\"fr-FR\",\"@id\":\"https:\/\/turijnmagazijn.jumpstone-dev.nl\/#\/schema\/logo\/image\/\",\"url\":\"https:\/\/turijnmagazijn.nl\/wp-content\/uploads\/2021\/02\/turijnmagazijnlogo.png\",\"contentUrl\":\"https:\/\/turijnmagazijn.nl\/wp-content\/uploads\/2021\/02\/turijnmagazijnlogo.png\",\"width\":555,\"height\":270,\"caption\":\"Turijnmagazijn\"},\"image\":{\"@id\":\"https:\/\/turijnmagazijn.jumpstone-dev.nl\/#\/schema\/logo\/image\/\"},\"sameAs\":[\"https:\/\/www.facebook.com\/turijnmagazijn\"]}]}<\/script>\n<!-- \/ Yoast SEO plugin. -->","yoast_head_json":{"title":"Porte-cl\u00e9s bleu Martini Racing clip - Turijnmagazijn","robots":{"index":"index","follow":"follow","max-snippet":"max-snippet:-1","max-image-preview":"max-image-preview:large","max-video-preview":"max-video-preview:-1"},"canonical":"https:\/\/turijnmagazijn.nl\/fr\/produit\/porte-cles-lancia-delta-hf-logo-nouveau-kopie\/","og_locale":"fr_FR","og_type":"article","og_title":"Porte-cl\u00e9s bleu Martini Racing clip - Turijnmagazijn","og_description":"Porte-cl\u00e9s Lancia Delta avec inscription Martini Racing. Tr\u00e8s belle pour la Delta HF Integrale.","og_url":"https:\/\/turijnmagazijn.nl\/fr\/produit\/porte-cles-lancia-delta-hf-logo-nouveau-kopie\/","og_site_name":"Turijnmagazijn","article_publisher":"https:\/\/www.facebook.com\/turijnmagazijn","article_modified_time":"2026-01-11T21:30:35+00:00","og_image":[{"width":1620,"height":1152,"url":"https:\/\/turijnmagazijn.nl\/wp-content\/uploads\/2025\/12\/DK0102776-Sleutelhanger-blauw-Martini-Racing-clip-6-e1766343024191.jpg","type":"image\/jpeg"}],"twitter_card":"summary_large_image","twitter_misc":{"Dur\u00e9e de lecture estim\u00e9e":"1 minute"},"schema":{"@context":"https:\/\/schema.org","@graph":[{"@type":"WebPage","@id":"https:\/\/turijnmagazijn.nl\/fr\/produit\/porte-cles-lancia-delta-hf-logo-nouveau-kopie\/","url":"https:\/\/turijnmagazijn.nl\/fr\/produit\/porte-cles-lancia-delta-hf-logo-nouveau-kopie\/","name":"Porte-cl\u00e9s bleu Martini Racing clip - Turijnmagazijn","isPartOf":{"@id":"https:\/\/turijnmagazijn.jumpstone-dev.nl\/#website"},"primaryImageOfPage":{"@id":"https:\/\/turijnmagazijn.nl\/fr\/produit\/porte-cles-lancia-delta-hf-logo-nouveau-kopie\/#primaryimage"},"image":{"@id":"https:\/\/turijnmagazijn.nl\/fr\/produit\/porte-cles-lancia-delta-hf-logo-nouveau-kopie\/#primaryimage"},"thumbnailUrl":"https:\/\/turijnmagazijn.nl\/wp-content\/uploads\/2025\/12\/DK0102776-Sleutelhanger-blauw-Martini-Racing-clip-6-e1766343024191.jpg","datePublished":"2025-12-21T18:12:07+00:00","dateModified":"2026-01-11T21:30:35+00:00","breadcrumb":{"@id":"https:\/\/turijnmagazijn.nl\/fr\/produit\/porte-cles-lancia-delta-hf-logo-nouveau-kopie\/#breadcrumb"},"inLanguage":"fr-FR","potentialAction":[{"@type":"ReadAction","target":["https:\/\/turijnmagazijn.nl\/fr\/produit\/porte-cles-lancia-delta-hf-logo-nouveau-kopie\/"]}]},{"@type":"ImageObject","inLanguage":"fr-FR","@id":"https:\/\/turijnmagazijn.nl\/fr\/produit\/porte-cles-lancia-delta-hf-logo-nouveau-kopie\/#primaryimage","url":"https:\/\/turijnmagazijn.nl\/wp-content\/uploads\/2025\/12\/DK0102776-Sleutelhanger-blauw-Martini-Racing-clip-6-e1766343024191.jpg","contentUrl":"https:\/\/turijnmagazijn.nl\/wp-content\/uploads\/2025\/12\/DK0102776-Sleutelhanger-blauw-Martini-Racing-clip-6-e1766343024191.jpg","width":1620,"height":1152},{"@type":"BreadcrumbList","@id":"https:\/\/turijnmagazijn.nl\/fr\/produit\/porte-cles-lancia-delta-hf-logo-nouveau-kopie\/#breadcrumb","itemListElement":[{"@type":"ListItem","position":1,"name":"Home","item":"https:\/\/turijnmagazijn.nl\/fr\/"},{"@type":"ListItem","position":2,"name":"Produits","item":"https:\/\/turijnmagazijn.nl\/fr\/shop\/"},{"@type":"ListItem","position":3,"name":"Porte-cl\u00e9s bleu Martini Racing clip"}]},{"@type":"WebSite","@id":"https:\/\/turijnmagazijn.jumpstone-dev.nl\/#website","url":"https:\/\/turijnmagazijn.jumpstone-dev.nl\/","name":"Turijnmagazijn","description":"Onderdelen nieuw en gebruikt - Fiat &amp; Lancia","publisher":{"@id":"https:\/\/turijnmagazijn.jumpstone-dev.nl\/#organization"},"potentialAction":[{"@type":"SearchAction","target":{"@type":"EntryPoint","urlTemplate":"https:\/\/turijnmagazijn.jumpstone-dev.nl\/?s={search_term_string}"},"query-input":{"@type":"PropertyValueSpecification","valueRequired":true,"valueName":"search_term_string"}}],"inLanguage":"fr-FR"},{"@type":"Organization","@id":"https:\/\/turijnmagazijn.jumpstone-dev.nl\/#organization","name":"Turijnmagazijn","url":"https:\/\/turijnmagazijn.jumpstone-dev.nl\/","logo":{"@type":"ImageObject","inLanguage":"fr-FR","@id":"https:\/\/turijnmagazijn.jumpstone-dev.nl\/#\/schema\/logo\/image\/","url":"https:\/\/turijnmagazijn.nl\/wp-content\/uploads\/2021\/02\/turijnmagazijnlogo.png","contentUrl":"https:\/\/turijnmagazijn.nl\/wp-content\/uploads\/2021\/02\/turijnmagazijnlogo.png","width":555,"height":270,"caption":"Turijnmagazijn"},"image":{"@id":"https:\/\/turijnmagazijn.jumpstone-dev.nl\/#\/schema\/logo\/image\/"},"sameAs":["https:\/\/www.facebook.com\/turijnmagazijn"]}]}},"_links":{"self":[{"href":"https:\/\/turijnmagazijn.nl\/fr\/wp-json\/wp\/v2\/product\/96408","targetHints":{"allow":["GET"]}}],"collection":[{"href":"https:\/\/turijnmagazijn.nl\/fr\/wp-json\/wp\/v2\/product"}],"about":[{"href":"https:\/\/turijnmagazijn.nl\/fr\/wp-json\/wp\/v2\/types\/product"}],"replies":[{"embeddable":true,"href":"https:\/\/turijnmagazijn.nl\/fr\/wp-json\/wp\/v2\/comments?post=96408"}],"wp:featuredmedia":[{"embeddable":true,"href":"https:\/\/turijnmagazijn.nl\/fr\/wp-json\/wp\/v2\/media\/96465"}],"wp:attachment":[{"href":"https:\/\/turijnmagazijn.nl\/fr\/wp-json\/wp\/v2\/media?parent=96408"}],"wp:term":[{"taxonomy":"product_brand","embeddable":true,"href":"https:\/\/turijnmagazijn.nl\/fr\/wp-json\/wp\/v2\/product_brand?post=96408"},{"taxonomy":"product_cat","embeddable":true,"href":"https:\/\/turijnmagazijn.nl\/fr\/wp-json\/wp\/v2\/product_cat?post=96408"},{"taxonomy":"product_tag","embeddable":true,"href":"https:\/\/turijnmagazijn.nl\/fr\/wp-json\/wp\/v2\/product_tag?post=96408"}],"curies":[{"name":"wp","href":"https:\/\/api.w.org\/{rel}","templated":true}]}}