{"id":96411,"date":"2025-12-21T19:03:29","date_gmt":"2025-12-21T18:03:29","guid":{"rendered":"https:\/\/turijnmagazijn.nl\/product\/porte-cles-fiat-vintage-oblong-tissu-et-cuir\/"},"modified":"2025-12-21T19:03:29","modified_gmt":"2025-12-21T18:03:29","slug":"porte-cles-fiat-vintage-oblong-tissu-et-cuir","status":"publish","type":"product","link":"https:\/\/turijnmagazijn.nl\/fr\/produit\/porte-cles-fiat-vintage-oblong-tissu-et-cuir\/","title":{"rendered":"Porte-cl\u00e9s FIAT Vintage oblong tissu et cuir"},"content":{"rendered":"<p>Nouveau porte-cl\u00e9s vintage. Nouveau, provenant d&rsquo;un stock ancien. Non utilis\u00e9 dans son emballage d&rsquo;origine.  <\/p>\n<p>Ancien mod\u00e8le des ann\u00e9es 1980 et 1990 avec le logo historique de Fiat.<\/p>\n<p>Pi\u00e8ce unique, seulement 1 en stock.<\/p>\n<p>Voir les photos. Un bel ancrage dans le temps pour votre trousseau de cl\u00e9s !<\/p>\n<p>L&rsquo;inscription est \u00ab\u00a0succursale di vendita e assistenza\u00a0\u00bb. En italien, il s&rsquo;agit d&rsquo;une station-service Fiat. <\/p>\n<p>Faux cuir bleu et sangle en tissu solide cr\u00e8me\/marron clair.<\/p>\n","protected":false},"excerpt":{"rendered":"<p>Nouveau porte-cl\u00e9s 90s Porte-cl\u00e9s FIAT Vintage oblong tissu et cuir<\/p>\n","protected":false},"featured_media":96446,"comment_status":"open","ping_status":"closed","template":"","meta":{"_acf_changed":false},"product_brand":[],"product_cat":[1713,1719,1722,1690,1754,1759,1779,1781,1786,1792],"product_tag":[],"class_list":{"0":"post-96411","1":"product","2":"type-product","3":"status-publish","4":"has-post-thumbnail","6":"product_cat-cinquecento-170-fr","7":"product_cat-coupe-175-fr","8":"product_cat-croma-1-154-fr","9":"product_cat-fiat-fr","10":"product_cat-ritmo-183-fr","11":"product_cat-seicento-187-fr","12":"product_cat-tempra-159-fr","13":"product_cat-tipo-1-160-fr","14":"product_cat-uno-1-146-fr","15":"product_cat-x1-9-128-fr","16":"pa_soort-onderdeel-porte-cles-et-autocollants","18":"first","19":"instock","20":"shipping-taxable","21":"purchasable","22":"product-type-simple"},"acf":[],"yoast_head":"<!-- This site is optimized with the Yoast SEO plugin v27.2 - https:\/\/yoast.com\/product\/yoast-seo-wordpress\/ -->\n<title>Porte-cl\u00e9s FIAT Vintage oblong tissu et cuir - Turijnmagazijn<\/title>\n<meta name=\"robots\" content=\"index, follow, max-snippet:-1, max-image-preview:large, max-video-preview:-1\" \/>\n<link rel=\"canonical\" href=\"https:\/\/turijnmagazijn.nl\/fr\/produit\/porte-cles-fiat-vintage-oblong-tissu-et-cuir\/\" \/>\n<meta property=\"og:locale\" content=\"fr_FR\" \/>\n<meta property=\"og:type\" content=\"article\" \/>\n<meta property=\"og:title\" content=\"Porte-cl\u00e9s FIAT Vintage oblong tissu et cuir - Turijnmagazijn\" \/>\n<meta property=\"og:description\" content=\"Nouveau porte-cl\u00e9s 90s Porte-cl\u00e9s FIAT Vintage oblong tissu et cuir\" \/>\n<meta property=\"og:url\" content=\"https:\/\/turijnmagazijn.nl\/fr\/produit\/porte-cles-fiat-vintage-oblong-tissu-et-cuir\/\" \/>\n<meta property=\"og:site_name\" content=\"Turijnmagazijn\" \/>\n<meta property=\"article:publisher\" content=\"https:\/\/www.facebook.com\/turijnmagazijn\" \/>\n<meta name=\"twitter:card\" content=\"summary_large_image\" \/>\n<script type=\"application\/ld+json\" class=\"yoast-schema-graph\">{\"@context\":\"https:\/\/schema.org\",\"@graph\":[{\"@type\":\"WebPage\",\"@id\":\"https:\/\/turijnmagazijn.nl\/fr\/produit\/porte-cles-fiat-vintage-oblong-tissu-et-cuir\/\",\"url\":\"https:\/\/turijnmagazijn.nl\/fr\/produit\/porte-cles-fiat-vintage-oblong-tissu-et-cuir\/\",\"name\":\"Porte-cl\u00e9s FIAT Vintage oblong tissu et cuir - Turijnmagazijn\",\"isPartOf\":{\"@id\":\"https:\/\/turijnmagazijn.jumpstone-dev.nl\/#website\"},\"primaryImageOfPage\":{\"@id\":\"https:\/\/turijnmagazijn.nl\/fr\/produit\/porte-cles-fiat-vintage-oblong-tissu-et-cuir\/#primaryimage\"},\"image\":{\"@id\":\"https:\/\/turijnmagazijn.nl\/fr\/produit\/porte-cles-fiat-vintage-oblong-tissu-et-cuir\/#primaryimage\"},\"thumbnailUrl\":\"https:\/\/turijnmagazijn.nl\/wp-content\/uploads\/2025\/12\/DK0102775-Sleutelhanger-FIAT-Vintage-langwerpig-stof-en-leer-1.jpg\",\"datePublished\":\"2025-12-21T18:03:29+00:00\",\"breadcrumb\":{\"@id\":\"https:\/\/turijnmagazijn.nl\/fr\/produit\/porte-cles-fiat-vintage-oblong-tissu-et-cuir\/#breadcrumb\"},\"inLanguage\":\"fr-FR\",\"potentialAction\":[{\"@type\":\"ReadAction\",\"target\":[\"https:\/\/turijnmagazijn.nl\/fr\/produit\/porte-cles-fiat-vintage-oblong-tissu-et-cuir\/\"]}]},{\"@type\":\"ImageObject\",\"inLanguage\":\"fr-FR\",\"@id\":\"https:\/\/turijnmagazijn.nl\/fr\/produit\/porte-cles-fiat-vintage-oblong-tissu-et-cuir\/#primaryimage\",\"url\":\"https:\/\/turijnmagazijn.nl\/wp-content\/uploads\/2025\/12\/DK0102775-Sleutelhanger-FIAT-Vintage-langwerpig-stof-en-leer-1.jpg\",\"contentUrl\":\"https:\/\/turijnmagazijn.nl\/wp-content\/uploads\/2025\/12\/DK0102775-Sleutelhanger-FIAT-Vintage-langwerpig-stof-en-leer-1.jpg\",\"width\":2048,\"height\":1152},{\"@type\":\"BreadcrumbList\",\"@id\":\"https:\/\/turijnmagazijn.nl\/fr\/produit\/porte-cles-fiat-vintage-oblong-tissu-et-cuir\/#breadcrumb\",\"itemListElement\":[{\"@type\":\"ListItem\",\"position\":1,\"name\":\"Home\",\"item\":\"https:\/\/turijnmagazijn.nl\/fr\/\"},{\"@type\":\"ListItem\",\"position\":2,\"name\":\"Produits\",\"item\":\"https:\/\/turijnmagazijn.nl\/fr\/shop\/\"},{\"@type\":\"ListItem\",\"position\":3,\"name\":\"Porte-cl\u00e9s FIAT Vintage oblong tissu et cuir\"}]},{\"@type\":\"WebSite\",\"@id\":\"https:\/\/turijnmagazijn.jumpstone-dev.nl\/#website\",\"url\":\"https:\/\/turijnmagazijn.jumpstone-dev.nl\/\",\"name\":\"Turijnmagazijn\",\"description\":\"Onderdelen nieuw en gebruikt - Fiat &amp; Lancia\",\"publisher\":{\"@id\":\"https:\/\/turijnmagazijn.jumpstone-dev.nl\/#organization\"},\"potentialAction\":[{\"@type\":\"SearchAction\",\"target\":{\"@type\":\"EntryPoint\",\"urlTemplate\":\"https:\/\/turijnmagazijn.jumpstone-dev.nl\/?s={search_term_string}\"},\"query-input\":{\"@type\":\"PropertyValueSpecification\",\"valueRequired\":true,\"valueName\":\"search_term_string\"}}],\"inLanguage\":\"fr-FR\"},{\"@type\":\"Organization\",\"@id\":\"https:\/\/turijnmagazijn.jumpstone-dev.nl\/#organization\",\"name\":\"Turijnmagazijn\",\"url\":\"https:\/\/turijnmagazijn.jumpstone-dev.nl\/\",\"logo\":{\"@type\":\"ImageObject\",\"inLanguage\":\"fr-FR\",\"@id\":\"https:\/\/turijnmagazijn.jumpstone-dev.nl\/#\/schema\/logo\/image\/\",\"url\":\"https:\/\/turijnmagazijn.nl\/wp-content\/uploads\/2021\/02\/turijnmagazijnlogo.png\",\"contentUrl\":\"https:\/\/turijnmagazijn.nl\/wp-content\/uploads\/2021\/02\/turijnmagazijnlogo.png\",\"width\":555,\"height\":270,\"caption\":\"Turijnmagazijn\"},\"image\":{\"@id\":\"https:\/\/turijnmagazijn.jumpstone-dev.nl\/#\/schema\/logo\/image\/\"},\"sameAs\":[\"https:\/\/www.facebook.com\/turijnmagazijn\"]}]}<\/script>\n<!-- \/ Yoast SEO plugin. -->","yoast_head_json":{"title":"Porte-cl\u00e9s FIAT Vintage oblong tissu et cuir - Turijnmagazijn","robots":{"index":"index","follow":"follow","max-snippet":"max-snippet:-1","max-image-preview":"max-image-preview:large","max-video-preview":"max-video-preview:-1"},"canonical":"https:\/\/turijnmagazijn.nl\/fr\/produit\/porte-cles-fiat-vintage-oblong-tissu-et-cuir\/","og_locale":"fr_FR","og_type":"article","og_title":"Porte-cl\u00e9s FIAT Vintage oblong tissu et cuir - Turijnmagazijn","og_description":"Nouveau porte-cl\u00e9s 90s Porte-cl\u00e9s FIAT Vintage oblong tissu et cuir","og_url":"https:\/\/turijnmagazijn.nl\/fr\/produit\/porte-cles-fiat-vintage-oblong-tissu-et-cuir\/","og_site_name":"Turijnmagazijn","article_publisher":"https:\/\/www.facebook.com\/turijnmagazijn","twitter_card":"summary_large_image","schema":{"@context":"https:\/\/schema.org","@graph":[{"@type":"WebPage","@id":"https:\/\/turijnmagazijn.nl\/fr\/produit\/porte-cles-fiat-vintage-oblong-tissu-et-cuir\/","url":"https:\/\/turijnmagazijn.nl\/fr\/produit\/porte-cles-fiat-vintage-oblong-tissu-et-cuir\/","name":"Porte-cl\u00e9s FIAT Vintage oblong tissu et cuir - Turijnmagazijn","isPartOf":{"@id":"https:\/\/turijnmagazijn.jumpstone-dev.nl\/#website"},"primaryImageOfPage":{"@id":"https:\/\/turijnmagazijn.nl\/fr\/produit\/porte-cles-fiat-vintage-oblong-tissu-et-cuir\/#primaryimage"},"image":{"@id":"https:\/\/turijnmagazijn.nl\/fr\/produit\/porte-cles-fiat-vintage-oblong-tissu-et-cuir\/#primaryimage"},"thumbnailUrl":"https:\/\/turijnmagazijn.nl\/wp-content\/uploads\/2025\/12\/DK0102775-Sleutelhanger-FIAT-Vintage-langwerpig-stof-en-leer-1.jpg","datePublished":"2025-12-21T18:03:29+00:00","breadcrumb":{"@id":"https:\/\/turijnmagazijn.nl\/fr\/produit\/porte-cles-fiat-vintage-oblong-tissu-et-cuir\/#breadcrumb"},"inLanguage":"fr-FR","potentialAction":[{"@type":"ReadAction","target":["https:\/\/turijnmagazijn.nl\/fr\/produit\/porte-cles-fiat-vintage-oblong-tissu-et-cuir\/"]}]},{"@type":"ImageObject","inLanguage":"fr-FR","@id":"https:\/\/turijnmagazijn.nl\/fr\/produit\/porte-cles-fiat-vintage-oblong-tissu-et-cuir\/#primaryimage","url":"https:\/\/turijnmagazijn.nl\/wp-content\/uploads\/2025\/12\/DK0102775-Sleutelhanger-FIAT-Vintage-langwerpig-stof-en-leer-1.jpg","contentUrl":"https:\/\/turijnmagazijn.nl\/wp-content\/uploads\/2025\/12\/DK0102775-Sleutelhanger-FIAT-Vintage-langwerpig-stof-en-leer-1.jpg","width":2048,"height":1152},{"@type":"BreadcrumbList","@id":"https:\/\/turijnmagazijn.nl\/fr\/produit\/porte-cles-fiat-vintage-oblong-tissu-et-cuir\/#breadcrumb","itemListElement":[{"@type":"ListItem","position":1,"name":"Home","item":"https:\/\/turijnmagazijn.nl\/fr\/"},{"@type":"ListItem","position":2,"name":"Produits","item":"https:\/\/turijnmagazijn.nl\/fr\/shop\/"},{"@type":"ListItem","position":3,"name":"Porte-cl\u00e9s FIAT Vintage oblong tissu et cuir"}]},{"@type":"WebSite","@id":"https:\/\/turijnmagazijn.jumpstone-dev.nl\/#website","url":"https:\/\/turijnmagazijn.jumpstone-dev.nl\/","name":"Turijnmagazijn","description":"Onderdelen nieuw en gebruikt - Fiat &amp; Lancia","publisher":{"@id":"https:\/\/turijnmagazijn.jumpstone-dev.nl\/#organization"},"potentialAction":[{"@type":"SearchAction","target":{"@type":"EntryPoint","urlTemplate":"https:\/\/turijnmagazijn.jumpstone-dev.nl\/?s={search_term_string}"},"query-input":{"@type":"PropertyValueSpecification","valueRequired":true,"valueName":"search_term_string"}}],"inLanguage":"fr-FR"},{"@type":"Organization","@id":"https:\/\/turijnmagazijn.jumpstone-dev.nl\/#organization","name":"Turijnmagazijn","url":"https:\/\/turijnmagazijn.jumpstone-dev.nl\/","logo":{"@type":"ImageObject","inLanguage":"fr-FR","@id":"https:\/\/turijnmagazijn.jumpstone-dev.nl\/#\/schema\/logo\/image\/","url":"https:\/\/turijnmagazijn.nl\/wp-content\/uploads\/2021\/02\/turijnmagazijnlogo.png","contentUrl":"https:\/\/turijnmagazijn.nl\/wp-content\/uploads\/2021\/02\/turijnmagazijnlogo.png","width":555,"height":270,"caption":"Turijnmagazijn"},"image":{"@id":"https:\/\/turijnmagazijn.jumpstone-dev.nl\/#\/schema\/logo\/image\/"},"sameAs":["https:\/\/www.facebook.com\/turijnmagazijn"]}]}},"_links":{"self":[{"href":"https:\/\/turijnmagazijn.nl\/fr\/wp-json\/wp\/v2\/product\/96411","targetHints":{"allow":["GET"]}}],"collection":[{"href":"https:\/\/turijnmagazijn.nl\/fr\/wp-json\/wp\/v2\/product"}],"about":[{"href":"https:\/\/turijnmagazijn.nl\/fr\/wp-json\/wp\/v2\/types\/product"}],"replies":[{"embeddable":true,"href":"https:\/\/turijnmagazijn.nl\/fr\/wp-json\/wp\/v2\/comments?post=96411"}],"wp:featuredmedia":[{"embeddable":true,"href":"https:\/\/turijnmagazijn.nl\/fr\/wp-json\/wp\/v2\/media\/96446"}],"wp:attachment":[{"href":"https:\/\/turijnmagazijn.nl\/fr\/wp-json\/wp\/v2\/media?parent=96411"}],"wp:term":[{"taxonomy":"product_brand","embeddable":true,"href":"https:\/\/turijnmagazijn.nl\/fr\/wp-json\/wp\/v2\/product_brand?post=96411"},{"taxonomy":"product_cat","embeddable":true,"href":"https:\/\/turijnmagazijn.nl\/fr\/wp-json\/wp\/v2\/product_cat?post=96411"},{"taxonomy":"product_tag","embeddable":true,"href":"https:\/\/turijnmagazijn.nl\/fr\/wp-json\/wp\/v2\/product_tag?post=96411"}],"curies":[{"name":"wp","href":"https:\/\/api.w.org\/{rel}","templated":true}]}}