{"id":96544,"date":"2025-12-28T16:18:49","date_gmt":"2025-12-28T15:18:49","guid":{"rendered":"https:\/\/turijnmagazijn.nl\/?post_type=product&#038;p=96544"},"modified":"2026-01-11T17:02:34","modified_gmt":"2026-01-11T16:02:34","slug":"tableau-de-bord-boite-a-fusibles-alfa-166-kopie","status":"publish","type":"product","link":"https:\/\/turijnmagazijn.nl\/fr\/produit\/tableau-de-bord-boite-a-fusibles-alfa-166-kopie\/","title":{"rendered":"Bo\u00eete \u00e0 fusibles tableau de bord Fiat Croma 1 Lancia Thema 1"},"content":{"rendered":"<p>Bo\u00eete \u00e0 fusibles situ\u00e9e sous le tableau de bord, c\u00f4t\u00e9 conducteur, de la Lancia Thema 1 ou de la Fiat Croma 1. Appareil usag\u00e9 en bon \u00e9tat. La bo\u00eete \u00e0 fusibles est d\u00e9mont\u00e9e d\u2019une voiture qui fonctionne bien et est \u00e9quip\u00e9e de tous les fusibles n\u00e9cessaires \u00e0 l\u2019ex\u00e9cution d\u2019o\u00f9 provient la bo\u00eete \u00e0 fusibles. L&rsquo;unit\u00e9 ne contient AUCUN RELAIS. Selon la version, il peut \u00eatre n\u00e9cessaire d\u2019ajouter des fusibles pour des syst\u00e8mes suppl\u00e9mentaires. C\u2019est bien s\u00fbr facile \u00e0 faire.<\/p>\n<p>Num\u00e9ro OEM Lancia 82462137<\/p>\n","protected":false},"excerpt":{"rendered":"<p>82462137 Bo\u00eete \u00e0 fusibles Lancia Thema 1 et Fiat Croma 1. Bo\u00eete \u00e0 fusibles situ\u00e9e sous le tableau de bord, c\u00f4t\u00e9 conducteur. Bo\u00eete \u00e0 fusibles du tableau de bord.<\/p>\n","protected":false},"featured_media":96586,"comment_status":"open","ping_status":"closed","template":"","meta":{"_acf_changed":false},"product_brand":[],"product_cat":[1722,1690,1798,1896,1902,1897],"product_tag":[],"class_list":{"0":"post-96544","1":"product","2":"type-product","3":"status-publish","4":"has-post-thumbnail","6":"product_cat-croma-1-154-fr","7":"product_cat-fiat-fr","8":"product_cat-lancia-fr","9":"product_cat-thema-834-fr","10":"product_cat-thema-sedan-fr","11":"product_cat-thema-sw-fr","12":"pa_soort-onderdeel-electronique-et-cables","13":"pa_soort-onderdeel-elektronica-en-kabels","15":"first","16":"instock","17":"shipping-taxable","18":"purchasable","19":"product-type-simple"},"acf":[],"yoast_head":"<!-- This site is optimized with the Yoast SEO plugin v27.2 - https:\/\/yoast.com\/product\/yoast-seo-wordpress\/ -->\n<title>Bo\u00eete \u00e0 fusibles tableau de bord Fiat Croma 1 Lancia Thema 1 - Turijnmagazijn<\/title>\n<meta name=\"robots\" content=\"index, follow, max-snippet:-1, max-image-preview:large, max-video-preview:-1\" \/>\n<link rel=\"canonical\" href=\"https:\/\/turijnmagazijn.nl\/fr\/produit\/tableau-de-bord-boite-a-fusibles-alfa-166-kopie\/\" \/>\n<meta property=\"og:locale\" content=\"fr_FR\" \/>\n<meta property=\"og:type\" content=\"article\" \/>\n<meta property=\"og:title\" content=\"Bo\u00eete \u00e0 fusibles tableau de bord Fiat Croma 1 Lancia Thema 1 - Turijnmagazijn\" \/>\n<meta property=\"og:description\" content=\"82462137 Bo\u00eete \u00e0 fusibles Lancia Thema 1 et Fiat Croma 1. Bo\u00eete \u00e0 fusibles situ\u00e9e sous le tableau de bord, c\u00f4t\u00e9 conducteur. Bo\u00eete \u00e0 fusibles du tableau de bord.\" \/>\n<meta property=\"og:url\" content=\"https:\/\/turijnmagazijn.nl\/fr\/produit\/tableau-de-bord-boite-a-fusibles-alfa-166-kopie\/\" \/>\n<meta property=\"og:site_name\" content=\"Turijnmagazijn\" \/>\n<meta property=\"article:publisher\" content=\"https:\/\/www.facebook.com\/turijnmagazijn\" \/>\n<meta property=\"article:modified_time\" content=\"2026-01-11T16:02:34+00:00\" \/>\n<meta property=\"og:image\" content=\"https:\/\/turijnmagazijn.nl\/wp-content\/uploads\/2025\/12\/DK0102777-Zekeringkast-dashboard-Fiat-Croma-1-Lancia-Thema-1-82462137.png\" \/>\n\t<meta property=\"og:image:width\" content=\"1280\" \/>\n\t<meta property=\"og:image:height\" content=\"800\" \/>\n\t<meta property=\"og:image:type\" content=\"image\/png\" \/>\n<meta name=\"twitter:card\" content=\"summary_large_image\" \/>\n<script type=\"application\/ld+json\" class=\"yoast-schema-graph\">{\"@context\":\"https:\/\/schema.org\",\"@graph\":[{\"@type\":\"WebPage\",\"@id\":\"https:\/\/turijnmagazijn.nl\/fr\/produit\/tableau-de-bord-boite-a-fusibles-alfa-166-kopie\/\",\"url\":\"https:\/\/turijnmagazijn.nl\/fr\/produit\/tableau-de-bord-boite-a-fusibles-alfa-166-kopie\/\",\"name\":\"Bo\u00eete \u00e0 fusibles tableau de bord Fiat Croma 1 Lancia Thema 1 - Turijnmagazijn\",\"isPartOf\":{\"@id\":\"https:\/\/turijnmagazijn.jumpstone-dev.nl\/#website\"},\"primaryImageOfPage\":{\"@id\":\"https:\/\/turijnmagazijn.nl\/fr\/produit\/tableau-de-bord-boite-a-fusibles-alfa-166-kopie\/#primaryimage\"},\"image\":{\"@id\":\"https:\/\/turijnmagazijn.nl\/fr\/produit\/tableau-de-bord-boite-a-fusibles-alfa-166-kopie\/#primaryimage\"},\"thumbnailUrl\":\"https:\/\/turijnmagazijn.nl\/wp-content\/uploads\/2025\/12\/DK0102777-Zekeringkast-dashboard-Fiat-Croma-1-Lancia-Thema-1-82462137.png\",\"datePublished\":\"2025-12-28T15:18:49+00:00\",\"dateModified\":\"2026-01-11T16:02:34+00:00\",\"breadcrumb\":{\"@id\":\"https:\/\/turijnmagazijn.nl\/fr\/produit\/tableau-de-bord-boite-a-fusibles-alfa-166-kopie\/#breadcrumb\"},\"inLanguage\":\"fr-FR\",\"potentialAction\":[{\"@type\":\"ReadAction\",\"target\":[\"https:\/\/turijnmagazijn.nl\/fr\/produit\/tableau-de-bord-boite-a-fusibles-alfa-166-kopie\/\"]}]},{\"@type\":\"ImageObject\",\"inLanguage\":\"fr-FR\",\"@id\":\"https:\/\/turijnmagazijn.nl\/fr\/produit\/tableau-de-bord-boite-a-fusibles-alfa-166-kopie\/#primaryimage\",\"url\":\"https:\/\/turijnmagazijn.nl\/wp-content\/uploads\/2025\/12\/DK0102777-Zekeringkast-dashboard-Fiat-Croma-1-Lancia-Thema-1-82462137.png\",\"contentUrl\":\"https:\/\/turijnmagazijn.nl\/wp-content\/uploads\/2025\/12\/DK0102777-Zekeringkast-dashboard-Fiat-Croma-1-Lancia-Thema-1-82462137.png\",\"width\":1280,\"height\":800},{\"@type\":\"BreadcrumbList\",\"@id\":\"https:\/\/turijnmagazijn.nl\/fr\/produit\/tableau-de-bord-boite-a-fusibles-alfa-166-kopie\/#breadcrumb\",\"itemListElement\":[{\"@type\":\"ListItem\",\"position\":1,\"name\":\"Home\",\"item\":\"https:\/\/turijnmagazijn.nl\/fr\/\"},{\"@type\":\"ListItem\",\"position\":2,\"name\":\"Produits\",\"item\":\"https:\/\/turijnmagazijn.nl\/fr\/shop\/\"},{\"@type\":\"ListItem\",\"position\":3,\"name\":\"Bo\u00eete \u00e0 fusibles tableau de bord Fiat Croma 1 Lancia Thema 1\"}]},{\"@type\":\"WebSite\",\"@id\":\"https:\/\/turijnmagazijn.jumpstone-dev.nl\/#website\",\"url\":\"https:\/\/turijnmagazijn.jumpstone-dev.nl\/\",\"name\":\"Turijnmagazijn\",\"description\":\"Onderdelen nieuw en gebruikt - Fiat &amp; Lancia\",\"publisher\":{\"@id\":\"https:\/\/turijnmagazijn.jumpstone-dev.nl\/#organization\"},\"potentialAction\":[{\"@type\":\"SearchAction\",\"target\":{\"@type\":\"EntryPoint\",\"urlTemplate\":\"https:\/\/turijnmagazijn.jumpstone-dev.nl\/?s={search_term_string}\"},\"query-input\":{\"@type\":\"PropertyValueSpecification\",\"valueRequired\":true,\"valueName\":\"search_term_string\"}}],\"inLanguage\":\"fr-FR\"},{\"@type\":\"Organization\",\"@id\":\"https:\/\/turijnmagazijn.jumpstone-dev.nl\/#organization\",\"name\":\"Turijnmagazijn\",\"url\":\"https:\/\/turijnmagazijn.jumpstone-dev.nl\/\",\"logo\":{\"@type\":\"ImageObject\",\"inLanguage\":\"fr-FR\",\"@id\":\"https:\/\/turijnmagazijn.jumpstone-dev.nl\/#\/schema\/logo\/image\/\",\"url\":\"https:\/\/turijnmagazijn.nl\/wp-content\/uploads\/2021\/02\/turijnmagazijnlogo.png\",\"contentUrl\":\"https:\/\/turijnmagazijn.nl\/wp-content\/uploads\/2021\/02\/turijnmagazijnlogo.png\",\"width\":555,\"height\":270,\"caption\":\"Turijnmagazijn\"},\"image\":{\"@id\":\"https:\/\/turijnmagazijn.jumpstone-dev.nl\/#\/schema\/logo\/image\/\"},\"sameAs\":[\"https:\/\/www.facebook.com\/turijnmagazijn\"]}]}<\/script>\n<!-- \/ Yoast SEO plugin. -->","yoast_head_json":{"title":"Bo\u00eete \u00e0 fusibles tableau de bord Fiat Croma 1 Lancia Thema 1 - Turijnmagazijn","robots":{"index":"index","follow":"follow","max-snippet":"max-snippet:-1","max-image-preview":"max-image-preview:large","max-video-preview":"max-video-preview:-1"},"canonical":"https:\/\/turijnmagazijn.nl\/fr\/produit\/tableau-de-bord-boite-a-fusibles-alfa-166-kopie\/","og_locale":"fr_FR","og_type":"article","og_title":"Bo\u00eete \u00e0 fusibles tableau de bord Fiat Croma 1 Lancia Thema 1 - Turijnmagazijn","og_description":"82462137 Bo\u00eete \u00e0 fusibles Lancia Thema 1 et Fiat Croma 1. Bo\u00eete \u00e0 fusibles situ\u00e9e sous le tableau de bord, c\u00f4t\u00e9 conducteur. Bo\u00eete \u00e0 fusibles du tableau de bord.","og_url":"https:\/\/turijnmagazijn.nl\/fr\/produit\/tableau-de-bord-boite-a-fusibles-alfa-166-kopie\/","og_site_name":"Turijnmagazijn","article_publisher":"https:\/\/www.facebook.com\/turijnmagazijn","article_modified_time":"2026-01-11T16:02:34+00:00","og_image":[{"width":1280,"height":800,"url":"https:\/\/turijnmagazijn.nl\/wp-content\/uploads\/2025\/12\/DK0102777-Zekeringkast-dashboard-Fiat-Croma-1-Lancia-Thema-1-82462137.png","type":"image\/png"}],"twitter_card":"summary_large_image","schema":{"@context":"https:\/\/schema.org","@graph":[{"@type":"WebPage","@id":"https:\/\/turijnmagazijn.nl\/fr\/produit\/tableau-de-bord-boite-a-fusibles-alfa-166-kopie\/","url":"https:\/\/turijnmagazijn.nl\/fr\/produit\/tableau-de-bord-boite-a-fusibles-alfa-166-kopie\/","name":"Bo\u00eete \u00e0 fusibles tableau de bord Fiat Croma 1 Lancia Thema 1 - Turijnmagazijn","isPartOf":{"@id":"https:\/\/turijnmagazijn.jumpstone-dev.nl\/#website"},"primaryImageOfPage":{"@id":"https:\/\/turijnmagazijn.nl\/fr\/produit\/tableau-de-bord-boite-a-fusibles-alfa-166-kopie\/#primaryimage"},"image":{"@id":"https:\/\/turijnmagazijn.nl\/fr\/produit\/tableau-de-bord-boite-a-fusibles-alfa-166-kopie\/#primaryimage"},"thumbnailUrl":"https:\/\/turijnmagazijn.nl\/wp-content\/uploads\/2025\/12\/DK0102777-Zekeringkast-dashboard-Fiat-Croma-1-Lancia-Thema-1-82462137.png","datePublished":"2025-12-28T15:18:49+00:00","dateModified":"2026-01-11T16:02:34+00:00","breadcrumb":{"@id":"https:\/\/turijnmagazijn.nl\/fr\/produit\/tableau-de-bord-boite-a-fusibles-alfa-166-kopie\/#breadcrumb"},"inLanguage":"fr-FR","potentialAction":[{"@type":"ReadAction","target":["https:\/\/turijnmagazijn.nl\/fr\/produit\/tableau-de-bord-boite-a-fusibles-alfa-166-kopie\/"]}]},{"@type":"ImageObject","inLanguage":"fr-FR","@id":"https:\/\/turijnmagazijn.nl\/fr\/produit\/tableau-de-bord-boite-a-fusibles-alfa-166-kopie\/#primaryimage","url":"https:\/\/turijnmagazijn.nl\/wp-content\/uploads\/2025\/12\/DK0102777-Zekeringkast-dashboard-Fiat-Croma-1-Lancia-Thema-1-82462137.png","contentUrl":"https:\/\/turijnmagazijn.nl\/wp-content\/uploads\/2025\/12\/DK0102777-Zekeringkast-dashboard-Fiat-Croma-1-Lancia-Thema-1-82462137.png","width":1280,"height":800},{"@type":"BreadcrumbList","@id":"https:\/\/turijnmagazijn.nl\/fr\/produit\/tableau-de-bord-boite-a-fusibles-alfa-166-kopie\/#breadcrumb","itemListElement":[{"@type":"ListItem","position":1,"name":"Home","item":"https:\/\/turijnmagazijn.nl\/fr\/"},{"@type":"ListItem","position":2,"name":"Produits","item":"https:\/\/turijnmagazijn.nl\/fr\/shop\/"},{"@type":"ListItem","position":3,"name":"Bo\u00eete \u00e0 fusibles tableau de bord Fiat Croma 1 Lancia Thema 1"}]},{"@type":"WebSite","@id":"https:\/\/turijnmagazijn.jumpstone-dev.nl\/#website","url":"https:\/\/turijnmagazijn.jumpstone-dev.nl\/","name":"Turijnmagazijn","description":"Onderdelen nieuw en gebruikt - Fiat &amp; Lancia","publisher":{"@id":"https:\/\/turijnmagazijn.jumpstone-dev.nl\/#organization"},"potentialAction":[{"@type":"SearchAction","target":{"@type":"EntryPoint","urlTemplate":"https:\/\/turijnmagazijn.jumpstone-dev.nl\/?s={search_term_string}"},"query-input":{"@type":"PropertyValueSpecification","valueRequired":true,"valueName":"search_term_string"}}],"inLanguage":"fr-FR"},{"@type":"Organization","@id":"https:\/\/turijnmagazijn.jumpstone-dev.nl\/#organization","name":"Turijnmagazijn","url":"https:\/\/turijnmagazijn.jumpstone-dev.nl\/","logo":{"@type":"ImageObject","inLanguage":"fr-FR","@id":"https:\/\/turijnmagazijn.jumpstone-dev.nl\/#\/schema\/logo\/image\/","url":"https:\/\/turijnmagazijn.nl\/wp-content\/uploads\/2021\/02\/turijnmagazijnlogo.png","contentUrl":"https:\/\/turijnmagazijn.nl\/wp-content\/uploads\/2021\/02\/turijnmagazijnlogo.png","width":555,"height":270,"caption":"Turijnmagazijn"},"image":{"@id":"https:\/\/turijnmagazijn.jumpstone-dev.nl\/#\/schema\/logo\/image\/"},"sameAs":["https:\/\/www.facebook.com\/turijnmagazijn"]}]}},"_links":{"self":[{"href":"https:\/\/turijnmagazijn.nl\/fr\/wp-json\/wp\/v2\/product\/96544","targetHints":{"allow":["GET"]}}],"collection":[{"href":"https:\/\/turijnmagazijn.nl\/fr\/wp-json\/wp\/v2\/product"}],"about":[{"href":"https:\/\/turijnmagazijn.nl\/fr\/wp-json\/wp\/v2\/types\/product"}],"replies":[{"embeddable":true,"href":"https:\/\/turijnmagazijn.nl\/fr\/wp-json\/wp\/v2\/comments?post=96544"}],"wp:featuredmedia":[{"embeddable":true,"href":"https:\/\/turijnmagazijn.nl\/fr\/wp-json\/wp\/v2\/media\/96586"}],"wp:attachment":[{"href":"https:\/\/turijnmagazijn.nl\/fr\/wp-json\/wp\/v2\/media?parent=96544"}],"wp:term":[{"taxonomy":"product_brand","embeddable":true,"href":"https:\/\/turijnmagazijn.nl\/fr\/wp-json\/wp\/v2\/product_brand?post=96544"},{"taxonomy":"product_cat","embeddable":true,"href":"https:\/\/turijnmagazijn.nl\/fr\/wp-json\/wp\/v2\/product_cat?post=96544"},{"taxonomy":"product_tag","embeddable":true,"href":"https:\/\/turijnmagazijn.nl\/fr\/wp-json\/wp\/v2\/product_tag?post=96544"}],"curies":[{"name":"wp","href":"https:\/\/api.w.org\/{rel}","templated":true}]}}