{"id":96644,"date":"2025-12-30T09:18:59","date_gmt":"2025-12-30T08:18:59","guid":{"rendered":"https:\/\/turijnmagazijn.nl\/?post_type=product&#038;p=96644"},"modified":"2026-01-11T16:59:31","modified_gmt":"2026-01-11T15:59:31","slug":"boite-de-vitesses-a-mecanisme-de-changement-de-cap-lancia-delta-integrale-kopie","status":"publish","type":"product","link":"https:\/\/turijnmagazijn.nl\/fr\/produit\/boite-de-vitesses-a-mecanisme-de-changement-de-cap-lancia-delta-integrale-kopie\/","title":{"rendered":"Couvercle de bo\u00eete de vitesses Lancia Delta Integrale reproduction"},"content":{"rendered":"<p>Nouvelle imitation de couvercle pour prot\u00e9ger le m\u00e9canisme de changement de vitesse sur le dessus de la bo\u00eete de vitesses. Il s&rsquo;agit d&rsquo;une impression 3D en PLA noir bas\u00e9e sur un scan de l&rsquo;original, qui correspond donc exactement au design original.<br \/>\nLe couvercle prot\u00e8ge la chape du levier de vitesse de la salet\u00e9 et de l&rsquo;humidit\u00e9. Le couvercle est souvent manquant et cela peut causer des probl\u00e8mes \u00e0 long terme.<br \/>\nConcerne uniquement le couvercle sans les pinces et sans le joint en caoutchouc.<br \/>\nPi\u00e8ce num\u00e9ro 3 sur le dessin technique du dessin EPER num\u00e9ro 2120700001 concernant l&rsquo;application sur la Lancia Delta Integrale. Une copie de cette pi\u00e8ce est requise par voiture.<br \/>\nOEM Lancia 7546769 pour r\u00e9f\u00e9rence.   <\/p>\n","protected":false},"excerpt":{"rendered":"<p>7546769 Cache levier de vitesse Lancia Delta Integrale &#8211; pi\u00e8ce de reproduction. Impression 3d en PLA noir. <\/p>\n","protected":false},"featured_media":96903,"comment_status":"open","ping_status":"closed","template":"","meta":{"_acf_changed":false},"product_brand":[],"product_cat":[1806,1819,1821,1825,1836,1830,1838,1798],"product_tag":[],"class_list":{"0":"post-96644","1":"product","2":"type-product","3":"status-publish","4":"has-post-thumbnail","6":"product_cat-delta-1-831-fr","7":"product_cat-gt-i-e-fr","8":"product_cat-hf-4wd-fr","9":"product_cat-hf-turbo-fr","10":"product_cat-integrale-16v-fr","11":"product_cat-integrale-8v-fr","12":"product_cat-integrale-evo-fr","13":"product_cat-lancia-fr","14":"pa_soort-onderdeel-moteur-et-accessoires","16":"first","17":"instock","18":"taxable","19":"shipping-taxable","20":"purchasable","21":"product-type-simple"},"acf":[],"yoast_head":"<!-- This site is optimized with the Yoast SEO plugin v27.2 - https:\/\/yoast.com\/product\/yoast-seo-wordpress\/ -->\n<title>Couvercle de bo\u00eete de vitesses Lancia Delta Integrale reproduction - Turijnmagazijn<\/title>\n<meta name=\"robots\" content=\"index, follow, max-snippet:-1, max-image-preview:large, max-video-preview:-1\" \/>\n<link rel=\"canonical\" href=\"https:\/\/turijnmagazijn.nl\/fr\/produit\/boite-de-vitesses-a-mecanisme-de-changement-de-cap-lancia-delta-integrale-kopie\/\" \/>\n<meta property=\"og:locale\" content=\"fr_FR\" \/>\n<meta property=\"og:type\" content=\"article\" \/>\n<meta property=\"og:title\" content=\"Couvercle de bo\u00eete de vitesses Lancia Delta Integrale reproduction - Turijnmagazijn\" \/>\n<meta property=\"og:description\" content=\"7546769 Cache levier de vitesse Lancia Delta Integrale - pi\u00e8ce de reproduction. Impression 3d en PLA noir.\" \/>\n<meta property=\"og:url\" content=\"https:\/\/turijnmagazijn.nl\/fr\/produit\/boite-de-vitesses-a-mecanisme-de-changement-de-cap-lancia-delta-integrale-kopie\/\" \/>\n<meta property=\"og:site_name\" content=\"Turijnmagazijn\" \/>\n<meta property=\"article:publisher\" content=\"https:\/\/www.facebook.com\/turijnmagazijn\" \/>\n<meta property=\"article:modified_time\" content=\"2026-01-11T15:59:31+00:00\" \/>\n<meta property=\"og:image\" content=\"https:\/\/turijnmagazijn.nl\/wp-content\/uploads\/2025\/12\/DN0100460-Kap-versnellingsbak-Delta-Integrale-reproductie-7546769-1.jpg\" \/>\n\t<meta property=\"og:image:width\" content=\"2048\" \/>\n\t<meta property=\"og:image:height\" content=\"1152\" \/>\n\t<meta property=\"og:image:type\" content=\"image\/jpeg\" \/>\n<meta name=\"twitter:card\" content=\"summary_large_image\" \/>\n<meta name=\"twitter:label1\" content=\"Dur\u00e9e de lecture estim\u00e9e\" \/>\n\t<meta name=\"twitter:data1\" content=\"1 minute\" \/>\n<script type=\"application\/ld+json\" class=\"yoast-schema-graph\">{\"@context\":\"https:\/\/schema.org\",\"@graph\":[{\"@type\":\"WebPage\",\"@id\":\"https:\/\/turijnmagazijn.nl\/fr\/produit\/boite-de-vitesses-a-mecanisme-de-changement-de-cap-lancia-delta-integrale-kopie\/\",\"url\":\"https:\/\/turijnmagazijn.nl\/fr\/produit\/boite-de-vitesses-a-mecanisme-de-changement-de-cap-lancia-delta-integrale-kopie\/\",\"name\":\"Couvercle de bo\u00eete de vitesses Lancia Delta Integrale reproduction - Turijnmagazijn\",\"isPartOf\":{\"@id\":\"https:\/\/turijnmagazijn.jumpstone-dev.nl\/#website\"},\"primaryImageOfPage\":{\"@id\":\"https:\/\/turijnmagazijn.nl\/fr\/produit\/boite-de-vitesses-a-mecanisme-de-changement-de-cap-lancia-delta-integrale-kopie\/#primaryimage\"},\"image\":{\"@id\":\"https:\/\/turijnmagazijn.nl\/fr\/produit\/boite-de-vitesses-a-mecanisme-de-changement-de-cap-lancia-delta-integrale-kopie\/#primaryimage\"},\"thumbnailUrl\":\"https:\/\/turijnmagazijn.nl\/wp-content\/uploads\/2025\/12\/DN0100460-Kap-versnellingsbak-Delta-Integrale-reproductie-7546769-1.jpg\",\"datePublished\":\"2025-12-30T08:18:59+00:00\",\"dateModified\":\"2026-01-11T15:59:31+00:00\",\"breadcrumb\":{\"@id\":\"https:\/\/turijnmagazijn.nl\/fr\/produit\/boite-de-vitesses-a-mecanisme-de-changement-de-cap-lancia-delta-integrale-kopie\/#breadcrumb\"},\"inLanguage\":\"fr-FR\",\"potentialAction\":[{\"@type\":\"ReadAction\",\"target\":[\"https:\/\/turijnmagazijn.nl\/fr\/produit\/boite-de-vitesses-a-mecanisme-de-changement-de-cap-lancia-delta-integrale-kopie\/\"]}]},{\"@type\":\"ImageObject\",\"inLanguage\":\"fr-FR\",\"@id\":\"https:\/\/turijnmagazijn.nl\/fr\/produit\/boite-de-vitesses-a-mecanisme-de-changement-de-cap-lancia-delta-integrale-kopie\/#primaryimage\",\"url\":\"https:\/\/turijnmagazijn.nl\/wp-content\/uploads\/2025\/12\/DN0100460-Kap-versnellingsbak-Delta-Integrale-reproductie-7546769-1.jpg\",\"contentUrl\":\"https:\/\/turijnmagazijn.nl\/wp-content\/uploads\/2025\/12\/DN0100460-Kap-versnellingsbak-Delta-Integrale-reproductie-7546769-1.jpg\",\"width\":2048,\"height\":1152},{\"@type\":\"BreadcrumbList\",\"@id\":\"https:\/\/turijnmagazijn.nl\/fr\/produit\/boite-de-vitesses-a-mecanisme-de-changement-de-cap-lancia-delta-integrale-kopie\/#breadcrumb\",\"itemListElement\":[{\"@type\":\"ListItem\",\"position\":1,\"name\":\"Home\",\"item\":\"https:\/\/turijnmagazijn.nl\/fr\/\"},{\"@type\":\"ListItem\",\"position\":2,\"name\":\"Produits\",\"item\":\"https:\/\/turijnmagazijn.nl\/fr\/shop\/\"},{\"@type\":\"ListItem\",\"position\":3,\"name\":\"Couvercle de bo\u00eete de vitesses Lancia Delta Integrale reproduction\"}]},{\"@type\":\"WebSite\",\"@id\":\"https:\/\/turijnmagazijn.jumpstone-dev.nl\/#website\",\"url\":\"https:\/\/turijnmagazijn.jumpstone-dev.nl\/\",\"name\":\"Turijnmagazijn\",\"description\":\"Onderdelen nieuw en gebruikt - Fiat &amp; Lancia\",\"publisher\":{\"@id\":\"https:\/\/turijnmagazijn.jumpstone-dev.nl\/#organization\"},\"potentialAction\":[{\"@type\":\"SearchAction\",\"target\":{\"@type\":\"EntryPoint\",\"urlTemplate\":\"https:\/\/turijnmagazijn.jumpstone-dev.nl\/?s={search_term_string}\"},\"query-input\":{\"@type\":\"PropertyValueSpecification\",\"valueRequired\":true,\"valueName\":\"search_term_string\"}}],\"inLanguage\":\"fr-FR\"},{\"@type\":\"Organization\",\"@id\":\"https:\/\/turijnmagazijn.jumpstone-dev.nl\/#organization\",\"name\":\"Turijnmagazijn\",\"url\":\"https:\/\/turijnmagazijn.jumpstone-dev.nl\/\",\"logo\":{\"@type\":\"ImageObject\",\"inLanguage\":\"fr-FR\",\"@id\":\"https:\/\/turijnmagazijn.jumpstone-dev.nl\/#\/schema\/logo\/image\/\",\"url\":\"https:\/\/turijnmagazijn.nl\/wp-content\/uploads\/2021\/02\/turijnmagazijnlogo.png\",\"contentUrl\":\"https:\/\/turijnmagazijn.nl\/wp-content\/uploads\/2021\/02\/turijnmagazijnlogo.png\",\"width\":555,\"height\":270,\"caption\":\"Turijnmagazijn\"},\"image\":{\"@id\":\"https:\/\/turijnmagazijn.jumpstone-dev.nl\/#\/schema\/logo\/image\/\"},\"sameAs\":[\"https:\/\/www.facebook.com\/turijnmagazijn\"]}]}<\/script>\n<!-- \/ Yoast SEO plugin. -->","yoast_head_json":{"title":"Couvercle de bo\u00eete de vitesses Lancia Delta Integrale reproduction - Turijnmagazijn","robots":{"index":"index","follow":"follow","max-snippet":"max-snippet:-1","max-image-preview":"max-image-preview:large","max-video-preview":"max-video-preview:-1"},"canonical":"https:\/\/turijnmagazijn.nl\/fr\/produit\/boite-de-vitesses-a-mecanisme-de-changement-de-cap-lancia-delta-integrale-kopie\/","og_locale":"fr_FR","og_type":"article","og_title":"Couvercle de bo\u00eete de vitesses Lancia Delta Integrale reproduction - Turijnmagazijn","og_description":"7546769 Cache levier de vitesse Lancia Delta Integrale - pi\u00e8ce de reproduction. Impression 3d en PLA noir.","og_url":"https:\/\/turijnmagazijn.nl\/fr\/produit\/boite-de-vitesses-a-mecanisme-de-changement-de-cap-lancia-delta-integrale-kopie\/","og_site_name":"Turijnmagazijn","article_publisher":"https:\/\/www.facebook.com\/turijnmagazijn","article_modified_time":"2026-01-11T15:59:31+00:00","og_image":[{"width":2048,"height":1152,"url":"https:\/\/turijnmagazijn.nl\/wp-content\/uploads\/2025\/12\/DN0100460-Kap-versnellingsbak-Delta-Integrale-reproductie-7546769-1.jpg","type":"image\/jpeg"}],"twitter_card":"summary_large_image","twitter_misc":{"Dur\u00e9e de lecture estim\u00e9e":"1 minute"},"schema":{"@context":"https:\/\/schema.org","@graph":[{"@type":"WebPage","@id":"https:\/\/turijnmagazijn.nl\/fr\/produit\/boite-de-vitesses-a-mecanisme-de-changement-de-cap-lancia-delta-integrale-kopie\/","url":"https:\/\/turijnmagazijn.nl\/fr\/produit\/boite-de-vitesses-a-mecanisme-de-changement-de-cap-lancia-delta-integrale-kopie\/","name":"Couvercle de bo\u00eete de vitesses Lancia Delta Integrale reproduction - Turijnmagazijn","isPartOf":{"@id":"https:\/\/turijnmagazijn.jumpstone-dev.nl\/#website"},"primaryImageOfPage":{"@id":"https:\/\/turijnmagazijn.nl\/fr\/produit\/boite-de-vitesses-a-mecanisme-de-changement-de-cap-lancia-delta-integrale-kopie\/#primaryimage"},"image":{"@id":"https:\/\/turijnmagazijn.nl\/fr\/produit\/boite-de-vitesses-a-mecanisme-de-changement-de-cap-lancia-delta-integrale-kopie\/#primaryimage"},"thumbnailUrl":"https:\/\/turijnmagazijn.nl\/wp-content\/uploads\/2025\/12\/DN0100460-Kap-versnellingsbak-Delta-Integrale-reproductie-7546769-1.jpg","datePublished":"2025-12-30T08:18:59+00:00","dateModified":"2026-01-11T15:59:31+00:00","breadcrumb":{"@id":"https:\/\/turijnmagazijn.nl\/fr\/produit\/boite-de-vitesses-a-mecanisme-de-changement-de-cap-lancia-delta-integrale-kopie\/#breadcrumb"},"inLanguage":"fr-FR","potentialAction":[{"@type":"ReadAction","target":["https:\/\/turijnmagazijn.nl\/fr\/produit\/boite-de-vitesses-a-mecanisme-de-changement-de-cap-lancia-delta-integrale-kopie\/"]}]},{"@type":"ImageObject","inLanguage":"fr-FR","@id":"https:\/\/turijnmagazijn.nl\/fr\/produit\/boite-de-vitesses-a-mecanisme-de-changement-de-cap-lancia-delta-integrale-kopie\/#primaryimage","url":"https:\/\/turijnmagazijn.nl\/wp-content\/uploads\/2025\/12\/DN0100460-Kap-versnellingsbak-Delta-Integrale-reproductie-7546769-1.jpg","contentUrl":"https:\/\/turijnmagazijn.nl\/wp-content\/uploads\/2025\/12\/DN0100460-Kap-versnellingsbak-Delta-Integrale-reproductie-7546769-1.jpg","width":2048,"height":1152},{"@type":"BreadcrumbList","@id":"https:\/\/turijnmagazijn.nl\/fr\/produit\/boite-de-vitesses-a-mecanisme-de-changement-de-cap-lancia-delta-integrale-kopie\/#breadcrumb","itemListElement":[{"@type":"ListItem","position":1,"name":"Home","item":"https:\/\/turijnmagazijn.nl\/fr\/"},{"@type":"ListItem","position":2,"name":"Produits","item":"https:\/\/turijnmagazijn.nl\/fr\/shop\/"},{"@type":"ListItem","position":3,"name":"Couvercle de bo\u00eete de vitesses Lancia Delta Integrale reproduction"}]},{"@type":"WebSite","@id":"https:\/\/turijnmagazijn.jumpstone-dev.nl\/#website","url":"https:\/\/turijnmagazijn.jumpstone-dev.nl\/","name":"Turijnmagazijn","description":"Onderdelen nieuw en gebruikt - Fiat &amp; Lancia","publisher":{"@id":"https:\/\/turijnmagazijn.jumpstone-dev.nl\/#organization"},"potentialAction":[{"@type":"SearchAction","target":{"@type":"EntryPoint","urlTemplate":"https:\/\/turijnmagazijn.jumpstone-dev.nl\/?s={search_term_string}"},"query-input":{"@type":"PropertyValueSpecification","valueRequired":true,"valueName":"search_term_string"}}],"inLanguage":"fr-FR"},{"@type":"Organization","@id":"https:\/\/turijnmagazijn.jumpstone-dev.nl\/#organization","name":"Turijnmagazijn","url":"https:\/\/turijnmagazijn.jumpstone-dev.nl\/","logo":{"@type":"ImageObject","inLanguage":"fr-FR","@id":"https:\/\/turijnmagazijn.jumpstone-dev.nl\/#\/schema\/logo\/image\/","url":"https:\/\/turijnmagazijn.nl\/wp-content\/uploads\/2021\/02\/turijnmagazijnlogo.png","contentUrl":"https:\/\/turijnmagazijn.nl\/wp-content\/uploads\/2021\/02\/turijnmagazijnlogo.png","width":555,"height":270,"caption":"Turijnmagazijn"},"image":{"@id":"https:\/\/turijnmagazijn.jumpstone-dev.nl\/#\/schema\/logo\/image\/"},"sameAs":["https:\/\/www.facebook.com\/turijnmagazijn"]}]}},"_links":{"self":[{"href":"https:\/\/turijnmagazijn.nl\/fr\/wp-json\/wp\/v2\/product\/96644","targetHints":{"allow":["GET"]}}],"collection":[{"href":"https:\/\/turijnmagazijn.nl\/fr\/wp-json\/wp\/v2\/product"}],"about":[{"href":"https:\/\/turijnmagazijn.nl\/fr\/wp-json\/wp\/v2\/types\/product"}],"replies":[{"embeddable":true,"href":"https:\/\/turijnmagazijn.nl\/fr\/wp-json\/wp\/v2\/comments?post=96644"}],"wp:featuredmedia":[{"embeddable":true,"href":"https:\/\/turijnmagazijn.nl\/fr\/wp-json\/wp\/v2\/media\/96903"}],"wp:attachment":[{"href":"https:\/\/turijnmagazijn.nl\/fr\/wp-json\/wp\/v2\/media?parent=96644"}],"wp:term":[{"taxonomy":"product_brand","embeddable":true,"href":"https:\/\/turijnmagazijn.nl\/fr\/wp-json\/wp\/v2\/product_brand?post=96644"},{"taxonomy":"product_cat","embeddable":true,"href":"https:\/\/turijnmagazijn.nl\/fr\/wp-json\/wp\/v2\/product_cat?post=96644"},{"taxonomy":"product_tag","embeddable":true,"href":"https:\/\/turijnmagazijn.nl\/fr\/wp-json\/wp\/v2\/product_tag?post=96644"}],"curies":[{"name":"wp","href":"https:\/\/api.w.org\/{rel}","templated":true}]}}