{"id":96659,"date":"2026-01-03T12:58:30","date_gmt":"2026-01-03T11:58:30","guid":{"rendered":"https:\/\/turijnmagazijn.nl\/?post_type=product&#038;p=96659"},"modified":"2026-01-11T22:23:28","modified_gmt":"2026-01-11T21:23:28","slug":"montage-daile-heligone-a-vis-20mm-lancia-delta-integrale-nouveau-kopie","status":"publish","type":"product","link":"https:\/\/turijnmagazijn.nl\/fr\/produit\/montage-daile-heligone-a-vis-20mm-lancia-delta-integrale-nouveau-kopie\/","title":{"rendered":"Vis de fixation d&rsquo;aile hexagonale 25mm Lancia Delta integral"},"content":{"rendered":"<p>T\u00eate hexagonale \u00e0 vis de montage en t\u00f4le avec filetage grossier. Ces vis sont utilis\u00e9es pour divers montages de t\u00f4le et similaires, entre autres, sur l\u2019int\u00e9grale Lancia Delta. Entre autres choses, pour monter un garde-boue.<\/p>\n<p>Concerne une pi\u00e8ce de reproduction hexagonale de 10 millim\u00e8tres Longueur du filet 20 mm Diam\u00e8tre de l&rsquo;arbre filet 6 mm.<\/p>\n<p>Vis galvanis\u00e9es blanches au lieu des vis passiv\u00e9es jaunes d&rsquo;origine utilis\u00e9es par Lancia.<\/p>\n<p>Ventes par pi\u00e8ce.<\/p>\n<p>OEM lancia 15950011<\/p>\n","protected":false},"excerpt":{"rendered":"<p>15950011 Vis de montage d&rsquo;aile longueur de filetage 20mm pour visser dans un petit carr\u00e9 de bouchons d&rsquo;aile. Alternative de reproduction \u00e0 l&rsquo;OEM.<\/p>\n","protected":false},"featured_media":97165,"comment_status":"open","ping_status":"closed","template":"","meta":{"_acf_changed":false},"product_brand":[],"product_cat":[1809,1806,1819,1821,1825,1836,1830,1838,1798],"product_tag":[],"class_list":{"0":"post-96659","1":"product","2":"type-product","3":"status-publish","4":"has-post-thumbnail","6":"product_cat-1-1-1-3-1-5-fr","7":"product_cat-delta-1-831-fr","8":"product_cat-gt-i-e-fr","9":"product_cat-hf-4wd-fr","10":"product_cat-hf-turbo-fr","11":"product_cat-integrale-16v-fr","12":"product_cat-integrale-8v-fr","13":"product_cat-integrale-evo-fr","14":"product_cat-lancia-fr","15":"pa_soort-onderdeel-carrosserie-et-tolerie","17":"first","18":"instock","19":"taxable","20":"shipping-taxable","21":"purchasable","22":"product-type-simple"},"acf":[],"yoast_head":"<!-- This site is optimized with the Yoast SEO plugin v27.2 - https:\/\/yoast.com\/product\/yoast-seo-wordpress\/ -->\n<title>Vis de fixation d&#039;aile hexagonale 25mm Lancia Delta integral - Turijnmagazijn<\/title>\n<meta name=\"robots\" content=\"index, follow, max-snippet:-1, max-image-preview:large, max-video-preview:-1\" \/>\n<link rel=\"canonical\" href=\"https:\/\/turijnmagazijn.nl\/fr\/produit\/montage-daile-heligone-a-vis-20mm-lancia-delta-integrale-nouveau-kopie\/\" \/>\n<meta property=\"og:locale\" content=\"fr_FR\" \/>\n<meta property=\"og:type\" content=\"article\" \/>\n<meta property=\"og:title\" content=\"Vis de fixation d&#039;aile hexagonale 25mm Lancia Delta integral - Turijnmagazijn\" \/>\n<meta property=\"og:description\" content=\"15950011 Vis de montage d&#039;aile longueur de filetage 20mm pour visser dans un petit carr\u00e9 de bouchons d&#039;aile. Alternative de reproduction \u00e0 l&#039;OEM.\" \/>\n<meta property=\"og:url\" content=\"https:\/\/turijnmagazijn.nl\/fr\/produit\/montage-daile-heligone-a-vis-20mm-lancia-delta-integrale-nouveau-kopie\/\" \/>\n<meta property=\"og:site_name\" content=\"Turijnmagazijn\" \/>\n<meta property=\"article:publisher\" content=\"https:\/\/www.facebook.com\/turijnmagazijn\" \/>\n<meta property=\"article:modified_time\" content=\"2026-01-11T21:23:28+00:00\" \/>\n<meta property=\"og:image\" content=\"https:\/\/turijnmagazijn.nl\/wp-content\/uploads\/2023\/03\/clips-spatbord-delta-integrale-schroeven.png\" \/>\n\t<meta property=\"og:image:width\" content=\"1975\" \/>\n\t<meta property=\"og:image:height\" content=\"1472\" \/>\n\t<meta property=\"og:image:type\" content=\"image\/png\" \/>\n<meta name=\"twitter:card\" content=\"summary_large_image\" \/>\n<script type=\"application\/ld+json\" class=\"yoast-schema-graph\">{\"@context\":\"https:\/\/schema.org\",\"@graph\":[{\"@type\":\"WebPage\",\"@id\":\"https:\/\/turijnmagazijn.nl\/fr\/produit\/montage-daile-heligone-a-vis-20mm-lancia-delta-integrale-nouveau-kopie\/\",\"url\":\"https:\/\/turijnmagazijn.nl\/fr\/produit\/montage-daile-heligone-a-vis-20mm-lancia-delta-integrale-nouveau-kopie\/\",\"name\":\"Vis de fixation d'aile hexagonale 25mm Lancia Delta integral - Turijnmagazijn\",\"isPartOf\":{\"@id\":\"https:\/\/turijnmagazijn.jumpstone-dev.nl\/#website\"},\"primaryImageOfPage\":{\"@id\":\"https:\/\/turijnmagazijn.nl\/fr\/produit\/montage-daile-heligone-a-vis-20mm-lancia-delta-integrale-nouveau-kopie\/#primaryimage\"},\"image\":{\"@id\":\"https:\/\/turijnmagazijn.nl\/fr\/produit\/montage-daile-heligone-a-vis-20mm-lancia-delta-integrale-nouveau-kopie\/#primaryimage\"},\"thumbnailUrl\":\"https:\/\/turijnmagazijn.nl\/wp-content\/uploads\/2026\/01\/DN0100464-Plaatwerk-montage-schroef-zeskant-25mm-Lancia-Delta-integrale-NIEUW-15950011-3.jpg\",\"datePublished\":\"2026-01-03T11:58:30+00:00\",\"dateModified\":\"2026-01-11T21:23:28+00:00\",\"breadcrumb\":{\"@id\":\"https:\/\/turijnmagazijn.nl\/fr\/produit\/montage-daile-heligone-a-vis-20mm-lancia-delta-integrale-nouveau-kopie\/#breadcrumb\"},\"inLanguage\":\"fr-FR\",\"potentialAction\":[{\"@type\":\"ReadAction\",\"target\":[\"https:\/\/turijnmagazijn.nl\/fr\/produit\/montage-daile-heligone-a-vis-20mm-lancia-delta-integrale-nouveau-kopie\/\"]}]},{\"@type\":\"ImageObject\",\"inLanguage\":\"fr-FR\",\"@id\":\"https:\/\/turijnmagazijn.nl\/fr\/produit\/montage-daile-heligone-a-vis-20mm-lancia-delta-integrale-nouveau-kopie\/#primaryimage\",\"url\":\"https:\/\/turijnmagazijn.nl\/wp-content\/uploads\/2026\/01\/DN0100464-Plaatwerk-montage-schroef-zeskant-25mm-Lancia-Delta-integrale-NIEUW-15950011-3.jpg\",\"contentUrl\":\"https:\/\/turijnmagazijn.nl\/wp-content\/uploads\/2026\/01\/DN0100464-Plaatwerk-montage-schroef-zeskant-25mm-Lancia-Delta-integrale-NIEUW-15950011-3.jpg\",\"width\":1632,\"height\":1224},{\"@type\":\"BreadcrumbList\",\"@id\":\"https:\/\/turijnmagazijn.nl\/fr\/produit\/montage-daile-heligone-a-vis-20mm-lancia-delta-integrale-nouveau-kopie\/#breadcrumb\",\"itemListElement\":[{\"@type\":\"ListItem\",\"position\":1,\"name\":\"Home\",\"item\":\"https:\/\/turijnmagazijn.nl\/fr\/\"},{\"@type\":\"ListItem\",\"position\":2,\"name\":\"Produits\",\"item\":\"https:\/\/turijnmagazijn.nl\/fr\/shop\/\"},{\"@type\":\"ListItem\",\"position\":3,\"name\":\"Vis de fixation d&#8217;aile hexagonale 25mm Lancia Delta integral\"}]},{\"@type\":\"WebSite\",\"@id\":\"https:\/\/turijnmagazijn.jumpstone-dev.nl\/#website\",\"url\":\"https:\/\/turijnmagazijn.jumpstone-dev.nl\/\",\"name\":\"Turijnmagazijn\",\"description\":\"Onderdelen nieuw en gebruikt - Fiat &amp; Lancia\",\"publisher\":{\"@id\":\"https:\/\/turijnmagazijn.jumpstone-dev.nl\/#organization\"},\"potentialAction\":[{\"@type\":\"SearchAction\",\"target\":{\"@type\":\"EntryPoint\",\"urlTemplate\":\"https:\/\/turijnmagazijn.jumpstone-dev.nl\/?s={search_term_string}\"},\"query-input\":{\"@type\":\"PropertyValueSpecification\",\"valueRequired\":true,\"valueName\":\"search_term_string\"}}],\"inLanguage\":\"fr-FR\"},{\"@type\":\"Organization\",\"@id\":\"https:\/\/turijnmagazijn.jumpstone-dev.nl\/#organization\",\"name\":\"Turijnmagazijn\",\"url\":\"https:\/\/turijnmagazijn.jumpstone-dev.nl\/\",\"logo\":{\"@type\":\"ImageObject\",\"inLanguage\":\"fr-FR\",\"@id\":\"https:\/\/turijnmagazijn.jumpstone-dev.nl\/#\/schema\/logo\/image\/\",\"url\":\"https:\/\/turijnmagazijn.nl\/wp-content\/uploads\/2021\/02\/turijnmagazijnlogo.png\",\"contentUrl\":\"https:\/\/turijnmagazijn.nl\/wp-content\/uploads\/2021\/02\/turijnmagazijnlogo.png\",\"width\":555,\"height\":270,\"caption\":\"Turijnmagazijn\"},\"image\":{\"@id\":\"https:\/\/turijnmagazijn.jumpstone-dev.nl\/#\/schema\/logo\/image\/\"},\"sameAs\":[\"https:\/\/www.facebook.com\/turijnmagazijn\"]}]}<\/script>\n<!-- \/ Yoast SEO plugin. -->","yoast_head_json":{"title":"Vis de fixation d'aile hexagonale 25mm Lancia Delta integral - Turijnmagazijn","robots":{"index":"index","follow":"follow","max-snippet":"max-snippet:-1","max-image-preview":"max-image-preview:large","max-video-preview":"max-video-preview:-1"},"canonical":"https:\/\/turijnmagazijn.nl\/fr\/produit\/montage-daile-heligone-a-vis-20mm-lancia-delta-integrale-nouveau-kopie\/","og_locale":"fr_FR","og_type":"article","og_title":"Vis de fixation d'aile hexagonale 25mm Lancia Delta integral - Turijnmagazijn","og_description":"15950011 Vis de montage d'aile longueur de filetage 20mm pour visser dans un petit carr\u00e9 de bouchons d'aile. Alternative de reproduction \u00e0 l'OEM.","og_url":"https:\/\/turijnmagazijn.nl\/fr\/produit\/montage-daile-heligone-a-vis-20mm-lancia-delta-integrale-nouveau-kopie\/","og_site_name":"Turijnmagazijn","article_publisher":"https:\/\/www.facebook.com\/turijnmagazijn","article_modified_time":"2026-01-11T21:23:28+00:00","og_image":[{"width":1975,"height":1472,"url":"https:\/\/turijnmagazijn.nl\/wp-content\/uploads\/2023\/03\/clips-spatbord-delta-integrale-schroeven.png","type":"image\/png"}],"twitter_card":"summary_large_image","schema":{"@context":"https:\/\/schema.org","@graph":[{"@type":"WebPage","@id":"https:\/\/turijnmagazijn.nl\/fr\/produit\/montage-daile-heligone-a-vis-20mm-lancia-delta-integrale-nouveau-kopie\/","url":"https:\/\/turijnmagazijn.nl\/fr\/produit\/montage-daile-heligone-a-vis-20mm-lancia-delta-integrale-nouveau-kopie\/","name":"Vis de fixation d'aile hexagonale 25mm Lancia Delta integral - Turijnmagazijn","isPartOf":{"@id":"https:\/\/turijnmagazijn.jumpstone-dev.nl\/#website"},"primaryImageOfPage":{"@id":"https:\/\/turijnmagazijn.nl\/fr\/produit\/montage-daile-heligone-a-vis-20mm-lancia-delta-integrale-nouveau-kopie\/#primaryimage"},"image":{"@id":"https:\/\/turijnmagazijn.nl\/fr\/produit\/montage-daile-heligone-a-vis-20mm-lancia-delta-integrale-nouveau-kopie\/#primaryimage"},"thumbnailUrl":"https:\/\/turijnmagazijn.nl\/wp-content\/uploads\/2026\/01\/DN0100464-Plaatwerk-montage-schroef-zeskant-25mm-Lancia-Delta-integrale-NIEUW-15950011-3.jpg","datePublished":"2026-01-03T11:58:30+00:00","dateModified":"2026-01-11T21:23:28+00:00","breadcrumb":{"@id":"https:\/\/turijnmagazijn.nl\/fr\/produit\/montage-daile-heligone-a-vis-20mm-lancia-delta-integrale-nouveau-kopie\/#breadcrumb"},"inLanguage":"fr-FR","potentialAction":[{"@type":"ReadAction","target":["https:\/\/turijnmagazijn.nl\/fr\/produit\/montage-daile-heligone-a-vis-20mm-lancia-delta-integrale-nouveau-kopie\/"]}]},{"@type":"ImageObject","inLanguage":"fr-FR","@id":"https:\/\/turijnmagazijn.nl\/fr\/produit\/montage-daile-heligone-a-vis-20mm-lancia-delta-integrale-nouveau-kopie\/#primaryimage","url":"https:\/\/turijnmagazijn.nl\/wp-content\/uploads\/2026\/01\/DN0100464-Plaatwerk-montage-schroef-zeskant-25mm-Lancia-Delta-integrale-NIEUW-15950011-3.jpg","contentUrl":"https:\/\/turijnmagazijn.nl\/wp-content\/uploads\/2026\/01\/DN0100464-Plaatwerk-montage-schroef-zeskant-25mm-Lancia-Delta-integrale-NIEUW-15950011-3.jpg","width":1632,"height":1224},{"@type":"BreadcrumbList","@id":"https:\/\/turijnmagazijn.nl\/fr\/produit\/montage-daile-heligone-a-vis-20mm-lancia-delta-integrale-nouveau-kopie\/#breadcrumb","itemListElement":[{"@type":"ListItem","position":1,"name":"Home","item":"https:\/\/turijnmagazijn.nl\/fr\/"},{"@type":"ListItem","position":2,"name":"Produits","item":"https:\/\/turijnmagazijn.nl\/fr\/shop\/"},{"@type":"ListItem","position":3,"name":"Vis de fixation d&#8217;aile hexagonale 25mm Lancia Delta integral"}]},{"@type":"WebSite","@id":"https:\/\/turijnmagazijn.jumpstone-dev.nl\/#website","url":"https:\/\/turijnmagazijn.jumpstone-dev.nl\/","name":"Turijnmagazijn","description":"Onderdelen nieuw en gebruikt - Fiat &amp; Lancia","publisher":{"@id":"https:\/\/turijnmagazijn.jumpstone-dev.nl\/#organization"},"potentialAction":[{"@type":"SearchAction","target":{"@type":"EntryPoint","urlTemplate":"https:\/\/turijnmagazijn.jumpstone-dev.nl\/?s={search_term_string}"},"query-input":{"@type":"PropertyValueSpecification","valueRequired":true,"valueName":"search_term_string"}}],"inLanguage":"fr-FR"},{"@type":"Organization","@id":"https:\/\/turijnmagazijn.jumpstone-dev.nl\/#organization","name":"Turijnmagazijn","url":"https:\/\/turijnmagazijn.jumpstone-dev.nl\/","logo":{"@type":"ImageObject","inLanguage":"fr-FR","@id":"https:\/\/turijnmagazijn.jumpstone-dev.nl\/#\/schema\/logo\/image\/","url":"https:\/\/turijnmagazijn.nl\/wp-content\/uploads\/2021\/02\/turijnmagazijnlogo.png","contentUrl":"https:\/\/turijnmagazijn.nl\/wp-content\/uploads\/2021\/02\/turijnmagazijnlogo.png","width":555,"height":270,"caption":"Turijnmagazijn"},"image":{"@id":"https:\/\/turijnmagazijn.jumpstone-dev.nl\/#\/schema\/logo\/image\/"},"sameAs":["https:\/\/www.facebook.com\/turijnmagazijn"]}]}},"_links":{"self":[{"href":"https:\/\/turijnmagazijn.nl\/fr\/wp-json\/wp\/v2\/product\/96659","targetHints":{"allow":["GET"]}}],"collection":[{"href":"https:\/\/turijnmagazijn.nl\/fr\/wp-json\/wp\/v2\/product"}],"about":[{"href":"https:\/\/turijnmagazijn.nl\/fr\/wp-json\/wp\/v2\/types\/product"}],"replies":[{"embeddable":true,"href":"https:\/\/turijnmagazijn.nl\/fr\/wp-json\/wp\/v2\/comments?post=96659"}],"wp:featuredmedia":[{"embeddable":true,"href":"https:\/\/turijnmagazijn.nl\/fr\/wp-json\/wp\/v2\/media\/97165"}],"wp:attachment":[{"href":"https:\/\/turijnmagazijn.nl\/fr\/wp-json\/wp\/v2\/media?parent=96659"}],"wp:term":[{"taxonomy":"product_brand","embeddable":true,"href":"https:\/\/turijnmagazijn.nl\/fr\/wp-json\/wp\/v2\/product_brand?post=96659"},{"taxonomy":"product_cat","embeddable":true,"href":"https:\/\/turijnmagazijn.nl\/fr\/wp-json\/wp\/v2\/product_cat?post=96659"},{"taxonomy":"product_tag","embeddable":true,"href":"https:\/\/turijnmagazijn.nl\/fr\/wp-json\/wp\/v2\/product_tag?post=96659"}],"curies":[{"name":"wp","href":"https:\/\/api.w.org\/{rel}","templated":true}]}}