{"id":96741,"date":"2026-01-09T20:44:26","date_gmt":"2026-01-09T19:44:26","guid":{"rendered":"https:\/\/turijnmagazijn.nl\/?post_type=product&#038;p=96741"},"modified":"2026-01-09T22:22:56","modified_gmt":"2026-01-09T21:22:56","slug":"garde-boue-de-montage-de-prise-lancia-delta-hf-integral-top-nouveau-kopie","status":"publish","type":"product","link":"https:\/\/turijnmagazijn.nl\/fr\/produit\/garde-boue-de-montage-de-prise-lancia-delta-hf-integral-top-nouveau-kopie\/","title":{"rendered":"Jeu de bouchons de montage d&rsquo;aile Lancia Delta HF Integrale 11 pcs."},"content":{"rendered":"<p>Jeu de 11 bouchons, tous les clips de carrosserie n\u00e9cessaires pour monter un aileron pour une Lancia Detla HF Integrale. Le set se compose de :<br \/>\n5 x bouchons carr\u00e9s blancs pour les points de montage inf\u00e9rieurs. 14222285 Il s&rsquo;agit d&rsquo;un bouchon moul\u00e9 de reproduction, exactement conforme \u00e0 la qualit\u00e9 originale.  <\/p>\n<p>4 x bouchons ovales de couleur cr\u00e8me pour les 4 points de fixation sup\u00e9rieurs de l&rsquo;aile. 5979901 Il s&rsquo;agit d&rsquo;un bouchon moul\u00e9 de reproduction, correspondant exactement \u00e0 la qualit\u00e9 d&rsquo;origine, complet avec une plaque de support en aluminium. <\/p>\n<p>2 x bouchons rectangulaires noirs en forme de coin pour le montage sur le pilier A. 82426456 Il s&rsquo;agit d&rsquo;une reproduction imprim\u00e9e en 3D en TPE de haute qualit\u00e9. Il s&rsquo;agit de la meilleure alternative disponible pour ce bouchon, qui n&rsquo;est plus produit dans le monde entier.  <\/p>\n<p>Num\u00e9ros de pi\u00e8ces 4, 6 et 8 sur le dessin technique d&rsquo;EPER num\u00e9ro CA2C410FE51F6666958E0A50D0CF065F concernant l&rsquo;application sur la Lancia Delta Integrale. Cet ensemble est suffisant pour monter 1 aile, soit une aile gauche, soit une aile droite. <\/p>\n<p>OEM Lancia 82426456 5979901 14222285 pour r\u00e9f\u00e9rence<\/p>\n","protected":false},"excerpt":{"rendered":"<p>82426456 5979901 14222285 clip set 11 pieces pour le montage des ailes pour Lancia Delta Integrale 8V 16V et EVO.<\/p>\n","protected":false},"featured_media":96748,"comment_status":"open","ping_status":"closed","template":"","meta":{"_acf_changed":false},"product_brand":[],"product_cat":[1809,1806,1819,1821,1825,1836,1830,1838,1798],"product_tag":[],"class_list":{"0":"post-96741","1":"product","2":"type-product","3":"status-publish","4":"has-post-thumbnail","6":"product_cat-1-1-1-3-1-5-fr","7":"product_cat-delta-1-831-fr","8":"product_cat-gt-i-e-fr","9":"product_cat-hf-4wd-fr","10":"product_cat-hf-turbo-fr","11":"product_cat-integrale-16v-fr","12":"product_cat-integrale-8v-fr","13":"product_cat-integrale-evo-fr","14":"product_cat-lancia-fr","15":"pa_soort-onderdeel-climatisation-et-chauffage","17":"first","18":"instock","19":"taxable","20":"shipping-taxable","21":"purchasable","22":"product-type-simple"},"acf":[],"yoast_head":"<!-- This site is optimized with the Yoast SEO plugin v27.2 - https:\/\/yoast.com\/product\/yoast-seo-wordpress\/ -->\n<title>Jeu de bouchons de montage d&#039;aile Lancia Delta HF Integrale 11 pcs. - Turijnmagazijn<\/title>\n<meta name=\"robots\" content=\"index, follow, max-snippet:-1, max-image-preview:large, max-video-preview:-1\" \/>\n<link rel=\"canonical\" href=\"https:\/\/turijnmagazijn.nl\/fr\/produit\/garde-boue-de-montage-de-prise-lancia-delta-hf-integral-top-nouveau-kopie\/\" \/>\n<meta property=\"og:locale\" content=\"fr_FR\" \/>\n<meta property=\"og:type\" content=\"article\" \/>\n<meta property=\"og:title\" content=\"Jeu de bouchons de montage d&#039;aile Lancia Delta HF Integrale 11 pcs. - Turijnmagazijn\" \/>\n<meta property=\"og:description\" content=\"82426456 5979901 14222285 clip set 11 pieces pour le montage des ailes pour Lancia Delta Integrale 8V 16V et EVO.\" \/>\n<meta property=\"og:url\" content=\"https:\/\/turijnmagazijn.nl\/fr\/produit\/garde-boue-de-montage-de-prise-lancia-delta-hf-integral-top-nouveau-kopie\/\" \/>\n<meta property=\"og:site_name\" content=\"Turijnmagazijn\" \/>\n<meta property=\"article:publisher\" content=\"https:\/\/www.facebook.com\/turijnmagazijn\" \/>\n<meta property=\"article:modified_time\" content=\"2026-01-09T21:22:56+00:00\" \/>\n<meta property=\"og:image\" content=\"https:\/\/turijnmagazijn.nl\/wp-content\/uploads\/2026\/01\/DN0100006-Set-Pluggen-montage-spatbord-Lancia-Delta-HF-Integrale-11-st.-82426456-5979901-14222285-3.jpg\" \/>\n\t<meta property=\"og:image:width\" content=\"2048\" \/>\n\t<meta property=\"og:image:height\" content=\"1152\" \/>\n\t<meta property=\"og:image:type\" content=\"image\/jpeg\" \/>\n<meta name=\"twitter:card\" content=\"summary_large_image\" \/>\n<meta name=\"twitter:label1\" content=\"Dur\u00e9e de lecture estim\u00e9e\" \/>\n\t<meta name=\"twitter:data1\" content=\"1 minute\" \/>\n<script type=\"application\/ld+json\" class=\"yoast-schema-graph\">{\"@context\":\"https:\/\/schema.org\",\"@graph\":[{\"@type\":\"WebPage\",\"@id\":\"https:\/\/turijnmagazijn.nl\/fr\/produit\/garde-boue-de-montage-de-prise-lancia-delta-hf-integral-top-nouveau-kopie\/\",\"url\":\"https:\/\/turijnmagazijn.nl\/fr\/produit\/garde-boue-de-montage-de-prise-lancia-delta-hf-integral-top-nouveau-kopie\/\",\"name\":\"Jeu de bouchons de montage d'aile Lancia Delta HF Integrale 11 pcs. - Turijnmagazijn\",\"isPartOf\":{\"@id\":\"https:\/\/turijnmagazijn.jumpstone-dev.nl\/#website\"},\"primaryImageOfPage\":{\"@id\":\"https:\/\/turijnmagazijn.nl\/fr\/produit\/garde-boue-de-montage-de-prise-lancia-delta-hf-integral-top-nouveau-kopie\/#primaryimage\"},\"image\":{\"@id\":\"https:\/\/turijnmagazijn.nl\/fr\/produit\/garde-boue-de-montage-de-prise-lancia-delta-hf-integral-top-nouveau-kopie\/#primaryimage\"},\"thumbnailUrl\":\"https:\/\/turijnmagazijn.nl\/wp-content\/uploads\/2026\/01\/DN0100006-Set-Pluggen-montage-spatbord-Lancia-Delta-HF-Integrale-11-st.-82426456-5979901-14222285-3.jpg\",\"datePublished\":\"2026-01-09T19:44:26+00:00\",\"dateModified\":\"2026-01-09T21:22:56+00:00\",\"breadcrumb\":{\"@id\":\"https:\/\/turijnmagazijn.nl\/fr\/produit\/garde-boue-de-montage-de-prise-lancia-delta-hf-integral-top-nouveau-kopie\/#breadcrumb\"},\"inLanguage\":\"fr-FR\",\"potentialAction\":[{\"@type\":\"ReadAction\",\"target\":[\"https:\/\/turijnmagazijn.nl\/fr\/produit\/garde-boue-de-montage-de-prise-lancia-delta-hf-integral-top-nouveau-kopie\/\"]}]},{\"@type\":\"ImageObject\",\"inLanguage\":\"fr-FR\",\"@id\":\"https:\/\/turijnmagazijn.nl\/fr\/produit\/garde-boue-de-montage-de-prise-lancia-delta-hf-integral-top-nouveau-kopie\/#primaryimage\",\"url\":\"https:\/\/turijnmagazijn.nl\/wp-content\/uploads\/2026\/01\/DN0100006-Set-Pluggen-montage-spatbord-Lancia-Delta-HF-Integrale-11-st.-82426456-5979901-14222285-3.jpg\",\"contentUrl\":\"https:\/\/turijnmagazijn.nl\/wp-content\/uploads\/2026\/01\/DN0100006-Set-Pluggen-montage-spatbord-Lancia-Delta-HF-Integrale-11-st.-82426456-5979901-14222285-3.jpg\",\"width\":2048,\"height\":1152},{\"@type\":\"BreadcrumbList\",\"@id\":\"https:\/\/turijnmagazijn.nl\/fr\/produit\/garde-boue-de-montage-de-prise-lancia-delta-hf-integral-top-nouveau-kopie\/#breadcrumb\",\"itemListElement\":[{\"@type\":\"ListItem\",\"position\":1,\"name\":\"Home\",\"item\":\"https:\/\/turijnmagazijn.nl\/fr\/\"},{\"@type\":\"ListItem\",\"position\":2,\"name\":\"Produits\",\"item\":\"https:\/\/turijnmagazijn.nl\/fr\/shop\/\"},{\"@type\":\"ListItem\",\"position\":3,\"name\":\"Jeu de bouchons de montage d&#8217;aile Lancia Delta HF Integrale 11 pcs.\"}]},{\"@type\":\"WebSite\",\"@id\":\"https:\/\/turijnmagazijn.jumpstone-dev.nl\/#website\",\"url\":\"https:\/\/turijnmagazijn.jumpstone-dev.nl\/\",\"name\":\"Turijnmagazijn\",\"description\":\"Onderdelen nieuw en gebruikt - Fiat &amp; Lancia\",\"publisher\":{\"@id\":\"https:\/\/turijnmagazijn.jumpstone-dev.nl\/#organization\"},\"potentialAction\":[{\"@type\":\"SearchAction\",\"target\":{\"@type\":\"EntryPoint\",\"urlTemplate\":\"https:\/\/turijnmagazijn.jumpstone-dev.nl\/?s={search_term_string}\"},\"query-input\":{\"@type\":\"PropertyValueSpecification\",\"valueRequired\":true,\"valueName\":\"search_term_string\"}}],\"inLanguage\":\"fr-FR\"},{\"@type\":\"Organization\",\"@id\":\"https:\/\/turijnmagazijn.jumpstone-dev.nl\/#organization\",\"name\":\"Turijnmagazijn\",\"url\":\"https:\/\/turijnmagazijn.jumpstone-dev.nl\/\",\"logo\":{\"@type\":\"ImageObject\",\"inLanguage\":\"fr-FR\",\"@id\":\"https:\/\/turijnmagazijn.jumpstone-dev.nl\/#\/schema\/logo\/image\/\",\"url\":\"https:\/\/turijnmagazijn.nl\/wp-content\/uploads\/2021\/02\/turijnmagazijnlogo.png\",\"contentUrl\":\"https:\/\/turijnmagazijn.nl\/wp-content\/uploads\/2021\/02\/turijnmagazijnlogo.png\",\"width\":555,\"height\":270,\"caption\":\"Turijnmagazijn\"},\"image\":{\"@id\":\"https:\/\/turijnmagazijn.jumpstone-dev.nl\/#\/schema\/logo\/image\/\"},\"sameAs\":[\"https:\/\/www.facebook.com\/turijnmagazijn\"]}]}<\/script>\n<!-- \/ Yoast SEO plugin. -->","yoast_head_json":{"title":"Jeu de bouchons de montage d'aile Lancia Delta HF Integrale 11 pcs. - Turijnmagazijn","robots":{"index":"index","follow":"follow","max-snippet":"max-snippet:-1","max-image-preview":"max-image-preview:large","max-video-preview":"max-video-preview:-1"},"canonical":"https:\/\/turijnmagazijn.nl\/fr\/produit\/garde-boue-de-montage-de-prise-lancia-delta-hf-integral-top-nouveau-kopie\/","og_locale":"fr_FR","og_type":"article","og_title":"Jeu de bouchons de montage d'aile Lancia Delta HF Integrale 11 pcs. - Turijnmagazijn","og_description":"82426456 5979901 14222285 clip set 11 pieces pour le montage des ailes pour Lancia Delta Integrale 8V 16V et EVO.","og_url":"https:\/\/turijnmagazijn.nl\/fr\/produit\/garde-boue-de-montage-de-prise-lancia-delta-hf-integral-top-nouveau-kopie\/","og_site_name":"Turijnmagazijn","article_publisher":"https:\/\/www.facebook.com\/turijnmagazijn","article_modified_time":"2026-01-09T21:22:56+00:00","og_image":[{"width":2048,"height":1152,"url":"https:\/\/turijnmagazijn.nl\/wp-content\/uploads\/2026\/01\/DN0100006-Set-Pluggen-montage-spatbord-Lancia-Delta-HF-Integrale-11-st.-82426456-5979901-14222285-3.jpg","type":"image\/jpeg"}],"twitter_card":"summary_large_image","twitter_misc":{"Dur\u00e9e de lecture estim\u00e9e":"1 minute"},"schema":{"@context":"https:\/\/schema.org","@graph":[{"@type":"WebPage","@id":"https:\/\/turijnmagazijn.nl\/fr\/produit\/garde-boue-de-montage-de-prise-lancia-delta-hf-integral-top-nouveau-kopie\/","url":"https:\/\/turijnmagazijn.nl\/fr\/produit\/garde-boue-de-montage-de-prise-lancia-delta-hf-integral-top-nouveau-kopie\/","name":"Jeu de bouchons de montage d'aile Lancia Delta HF Integrale 11 pcs. - Turijnmagazijn","isPartOf":{"@id":"https:\/\/turijnmagazijn.jumpstone-dev.nl\/#website"},"primaryImageOfPage":{"@id":"https:\/\/turijnmagazijn.nl\/fr\/produit\/garde-boue-de-montage-de-prise-lancia-delta-hf-integral-top-nouveau-kopie\/#primaryimage"},"image":{"@id":"https:\/\/turijnmagazijn.nl\/fr\/produit\/garde-boue-de-montage-de-prise-lancia-delta-hf-integral-top-nouveau-kopie\/#primaryimage"},"thumbnailUrl":"https:\/\/turijnmagazijn.nl\/wp-content\/uploads\/2026\/01\/DN0100006-Set-Pluggen-montage-spatbord-Lancia-Delta-HF-Integrale-11-st.-82426456-5979901-14222285-3.jpg","datePublished":"2026-01-09T19:44:26+00:00","dateModified":"2026-01-09T21:22:56+00:00","breadcrumb":{"@id":"https:\/\/turijnmagazijn.nl\/fr\/produit\/garde-boue-de-montage-de-prise-lancia-delta-hf-integral-top-nouveau-kopie\/#breadcrumb"},"inLanguage":"fr-FR","potentialAction":[{"@type":"ReadAction","target":["https:\/\/turijnmagazijn.nl\/fr\/produit\/garde-boue-de-montage-de-prise-lancia-delta-hf-integral-top-nouveau-kopie\/"]}]},{"@type":"ImageObject","inLanguage":"fr-FR","@id":"https:\/\/turijnmagazijn.nl\/fr\/produit\/garde-boue-de-montage-de-prise-lancia-delta-hf-integral-top-nouveau-kopie\/#primaryimage","url":"https:\/\/turijnmagazijn.nl\/wp-content\/uploads\/2026\/01\/DN0100006-Set-Pluggen-montage-spatbord-Lancia-Delta-HF-Integrale-11-st.-82426456-5979901-14222285-3.jpg","contentUrl":"https:\/\/turijnmagazijn.nl\/wp-content\/uploads\/2026\/01\/DN0100006-Set-Pluggen-montage-spatbord-Lancia-Delta-HF-Integrale-11-st.-82426456-5979901-14222285-3.jpg","width":2048,"height":1152},{"@type":"BreadcrumbList","@id":"https:\/\/turijnmagazijn.nl\/fr\/produit\/garde-boue-de-montage-de-prise-lancia-delta-hf-integral-top-nouveau-kopie\/#breadcrumb","itemListElement":[{"@type":"ListItem","position":1,"name":"Home","item":"https:\/\/turijnmagazijn.nl\/fr\/"},{"@type":"ListItem","position":2,"name":"Produits","item":"https:\/\/turijnmagazijn.nl\/fr\/shop\/"},{"@type":"ListItem","position":3,"name":"Jeu de bouchons de montage d&#8217;aile Lancia Delta HF Integrale 11 pcs."}]},{"@type":"WebSite","@id":"https:\/\/turijnmagazijn.jumpstone-dev.nl\/#website","url":"https:\/\/turijnmagazijn.jumpstone-dev.nl\/","name":"Turijnmagazijn","description":"Onderdelen nieuw en gebruikt - Fiat &amp; Lancia","publisher":{"@id":"https:\/\/turijnmagazijn.jumpstone-dev.nl\/#organization"},"potentialAction":[{"@type":"SearchAction","target":{"@type":"EntryPoint","urlTemplate":"https:\/\/turijnmagazijn.jumpstone-dev.nl\/?s={search_term_string}"},"query-input":{"@type":"PropertyValueSpecification","valueRequired":true,"valueName":"search_term_string"}}],"inLanguage":"fr-FR"},{"@type":"Organization","@id":"https:\/\/turijnmagazijn.jumpstone-dev.nl\/#organization","name":"Turijnmagazijn","url":"https:\/\/turijnmagazijn.jumpstone-dev.nl\/","logo":{"@type":"ImageObject","inLanguage":"fr-FR","@id":"https:\/\/turijnmagazijn.jumpstone-dev.nl\/#\/schema\/logo\/image\/","url":"https:\/\/turijnmagazijn.nl\/wp-content\/uploads\/2021\/02\/turijnmagazijnlogo.png","contentUrl":"https:\/\/turijnmagazijn.nl\/wp-content\/uploads\/2021\/02\/turijnmagazijnlogo.png","width":555,"height":270,"caption":"Turijnmagazijn"},"image":{"@id":"https:\/\/turijnmagazijn.jumpstone-dev.nl\/#\/schema\/logo\/image\/"},"sameAs":["https:\/\/www.facebook.com\/turijnmagazijn"]}]}},"_links":{"self":[{"href":"https:\/\/turijnmagazijn.nl\/fr\/wp-json\/wp\/v2\/product\/96741","targetHints":{"allow":["GET"]}}],"collection":[{"href":"https:\/\/turijnmagazijn.nl\/fr\/wp-json\/wp\/v2\/product"}],"about":[{"href":"https:\/\/turijnmagazijn.nl\/fr\/wp-json\/wp\/v2\/types\/product"}],"replies":[{"embeddable":true,"href":"https:\/\/turijnmagazijn.nl\/fr\/wp-json\/wp\/v2\/comments?post=96741"}],"wp:featuredmedia":[{"embeddable":true,"href":"https:\/\/turijnmagazijn.nl\/fr\/wp-json\/wp\/v2\/media\/96748"}],"wp:attachment":[{"href":"https:\/\/turijnmagazijn.nl\/fr\/wp-json\/wp\/v2\/media?parent=96741"}],"wp:term":[{"taxonomy":"product_brand","embeddable":true,"href":"https:\/\/turijnmagazijn.nl\/fr\/wp-json\/wp\/v2\/product_brand?post=96741"},{"taxonomy":"product_cat","embeddable":true,"href":"https:\/\/turijnmagazijn.nl\/fr\/wp-json\/wp\/v2\/product_cat?post=96741"},{"taxonomy":"product_tag","embeddable":true,"href":"https:\/\/turijnmagazijn.nl\/fr\/wp-json\/wp\/v2\/product_tag?post=96741"}],"curies":[{"name":"wp","href":"https:\/\/api.w.org\/{rel}","templated":true}]}}