{"id":96918,"date":"2026-01-09T21:22:08","date_gmt":"2026-01-09T20:22:08","guid":{"rendered":"https:\/\/turijnmagazijn.nl\/?post_type=product&#038;p=96918"},"modified":"2026-01-11T20:25:42","modified_gmt":"2026-01-11T19:25:42","slug":"montage-daile-heligone-a-vis-20mm-lancia-delta-integrale-nouveau-kopie-kopie","status":"publish","type":"product","link":"https:\/\/turijnmagazijn.nl\/fr\/produit\/montage-daile-heligone-a-vis-20mm-lancia-delta-integrale-nouveau-kopie-kopie\/","title":{"rendered":"Douille de vis de fixation d&rsquo;aile 30mm Lancia Delta integrale"},"content":{"rendered":"<p>Vis de montage pour t\u00f4le \u00e0 t\u00eate cylindrique \u00e0 filetage grossier. Ces vis sont utilis\u00e9es pour le montage de l&rsquo;aile sur le pilier A de la Lancia Delta integral.<\/p>\n<p>L&rsquo;utilisation de cette vis Allen pour culasse basse \u00e0 cet endroit est essentielle pour \u00e9viter d&rsquo;endommager la peinture lors du montage et du d\u00e9montage. Si vous utilisez la mauvaise vis (avec une t\u00eate trop haute), l&rsquo;extr\u00e9mit\u00e9 de la peinture de la porte peut \u00e9galement \u00eatre endommag\u00e9e par le passage serr\u00e9 le long de la t\u00eate de la vis \u00e0 l&rsquo;int\u00e9rieur, pr\u00e8s du pilier A.<\/p>\n<p>Concerne une pi\u00e8ce de reproduction, l&rsquo;inclusion de la douille H4. Si n\u00e9cessaire, utilisez une rondelle pour \u00e9viter l&rsquo;affaissement de la t\u00f4le.<\/p>\n<p>Vis \u00e0 t\u00eate cylindrique basse longueur du filetage 30 mm Diam\u00e8tre de l&rsquo;arbre filetage 6 mm.<\/p>\n<p>Vis en acier inoxydable au lieu des vis jaunes passiv\u00e9es d&rsquo;origine telles que Lancia les utilisait.<\/p>\n<p>Ventes par pi\u00e8ce.<\/p>\n<p>Num\u00e9ro de pi\u00e8ce 9 sur le dessin technique d&rsquo;EPER num\u00e9ro de dessin CA2C410FE51F6666958E0A50D0CF065F concernant l&rsquo;application sur la Lancia Delta Integrale. 4 pi\u00e8ces de cet article sont n\u00e9cessaires par voiture.<\/p>\n<p>OEM lancia <span data-sheets-root=\"1\">82466457 pour r\u00e9f\u00e9rence<\/span><\/p>\n","protected":false},"excerpt":{"rendered":"<p><span data-sheets-root=\"1\">82466457 <\/span>Vis de montage d&rsquo;aile longueur de filetage 20mm pour visser dans un petit carr\u00e9 de bouchons d&rsquo;aile. Alternative de reproduction \u00e0 l&rsquo;OEM.<\/p>\n","protected":false},"featured_media":96931,"comment_status":"open","ping_status":"closed","template":"","meta":{"_acf_changed":false},"product_brand":[],"product_cat":[1809,1806,1819,1821,1825,1836,1830,1838,1798],"product_tag":[],"class_list":{"0":"post-96918","1":"product","2":"type-product","3":"status-publish","4":"has-post-thumbnail","6":"product_cat-1-1-1-3-1-5-fr","7":"product_cat-delta-1-831-fr","8":"product_cat-gt-i-e-fr","9":"product_cat-hf-4wd-fr","10":"product_cat-hf-turbo-fr","11":"product_cat-integrale-16v-fr","12":"product_cat-integrale-8v-fr","13":"product_cat-integrale-evo-fr","14":"product_cat-lancia-fr","15":"pa_soort-onderdeel-carrosserie-et-tolerie","17":"first","18":"instock","19":"taxable","20":"shipping-taxable","21":"purchasable","22":"product-type-simple"},"acf":[],"yoast_head":"<!-- This site is optimized with the Yoast SEO plugin v27.2 - https:\/\/yoast.com\/product\/yoast-seo-wordpress\/ -->\n<title>Douille de vis de fixation d&#039;aile 30mm Lancia Delta integrale - Turijnmagazijn<\/title>\n<meta name=\"robots\" content=\"index, follow, max-snippet:-1, max-image-preview:large, max-video-preview:-1\" \/>\n<link rel=\"canonical\" href=\"https:\/\/turijnmagazijn.nl\/fr\/produit\/montage-daile-heligone-a-vis-20mm-lancia-delta-integrale-nouveau-kopie-kopie\/\" \/>\n<meta property=\"og:locale\" content=\"fr_FR\" \/>\n<meta property=\"og:type\" content=\"article\" \/>\n<meta property=\"og:title\" content=\"Douille de vis de fixation d&#039;aile 30mm Lancia Delta integrale - Turijnmagazijn\" \/>\n<meta property=\"og:description\" content=\"82466457 Vis de montage d&#039;aile longueur de filetage 20mm pour visser dans un petit carr\u00e9 de bouchons d&#039;aile. Alternative de reproduction \u00e0 l&#039;OEM.\" \/>\n<meta property=\"og:url\" content=\"https:\/\/turijnmagazijn.nl\/fr\/produit\/montage-daile-heligone-a-vis-20mm-lancia-delta-integrale-nouveau-kopie-kopie\/\" \/>\n<meta property=\"og:site_name\" content=\"Turijnmagazijn\" \/>\n<meta property=\"article:publisher\" content=\"https:\/\/www.facebook.com\/turijnmagazijn\" \/>\n<meta property=\"article:modified_time\" content=\"2026-01-11T19:25:42+00:00\" \/>\n<meta property=\"og:image\" content=\"https:\/\/turijnmagazijn.nl\/wp-content\/uploads\/2026\/01\/DN0100463-Inbus-schroef-spatbord-montage-Lancia-Delta-Integrale-reproductie-82466457-2-e1767990893931.jpg\" \/>\n\t<meta property=\"og:image:width\" content=\"1857\" \/>\n\t<meta property=\"og:image:height\" content=\"1152\" \/>\n\t<meta property=\"og:image:type\" content=\"image\/jpeg\" \/>\n<meta name=\"twitter:card\" content=\"summary_large_image\" \/>\n<meta name=\"twitter:label1\" content=\"Dur\u00e9e de lecture estim\u00e9e\" \/>\n\t<meta name=\"twitter:data1\" content=\"1 minute\" \/>\n<script type=\"application\/ld+json\" class=\"yoast-schema-graph\">{\"@context\":\"https:\/\/schema.org\",\"@graph\":[{\"@type\":\"WebPage\",\"@id\":\"https:\/\/turijnmagazijn.nl\/fr\/produit\/montage-daile-heligone-a-vis-20mm-lancia-delta-integrale-nouveau-kopie-kopie\/\",\"url\":\"https:\/\/turijnmagazijn.nl\/fr\/produit\/montage-daile-heligone-a-vis-20mm-lancia-delta-integrale-nouveau-kopie-kopie\/\",\"name\":\"Douille de vis de fixation d'aile 30mm Lancia Delta integrale - Turijnmagazijn\",\"isPartOf\":{\"@id\":\"https:\/\/turijnmagazijn.jumpstone-dev.nl\/#website\"},\"primaryImageOfPage\":{\"@id\":\"https:\/\/turijnmagazijn.nl\/fr\/produit\/montage-daile-heligone-a-vis-20mm-lancia-delta-integrale-nouveau-kopie-kopie\/#primaryimage\"},\"image\":{\"@id\":\"https:\/\/turijnmagazijn.nl\/fr\/produit\/montage-daile-heligone-a-vis-20mm-lancia-delta-integrale-nouveau-kopie-kopie\/#primaryimage\"},\"thumbnailUrl\":\"https:\/\/turijnmagazijn.nl\/wp-content\/uploads\/2026\/01\/DN0100463-Inbus-schroef-spatbord-montage-Lancia-Delta-Integrale-reproductie-82466457-2-e1767990893931.jpg\",\"datePublished\":\"2026-01-09T20:22:08+00:00\",\"dateModified\":\"2026-01-11T19:25:42+00:00\",\"breadcrumb\":{\"@id\":\"https:\/\/turijnmagazijn.nl\/fr\/produit\/montage-daile-heligone-a-vis-20mm-lancia-delta-integrale-nouveau-kopie-kopie\/#breadcrumb\"},\"inLanguage\":\"fr-FR\",\"potentialAction\":[{\"@type\":\"ReadAction\",\"target\":[\"https:\/\/turijnmagazijn.nl\/fr\/produit\/montage-daile-heligone-a-vis-20mm-lancia-delta-integrale-nouveau-kopie-kopie\/\"]}]},{\"@type\":\"ImageObject\",\"inLanguage\":\"fr-FR\",\"@id\":\"https:\/\/turijnmagazijn.nl\/fr\/produit\/montage-daile-heligone-a-vis-20mm-lancia-delta-integrale-nouveau-kopie-kopie\/#primaryimage\",\"url\":\"https:\/\/turijnmagazijn.nl\/wp-content\/uploads\/2026\/01\/DN0100463-Inbus-schroef-spatbord-montage-Lancia-Delta-Integrale-reproductie-82466457-2-e1767990893931.jpg\",\"contentUrl\":\"https:\/\/turijnmagazijn.nl\/wp-content\/uploads\/2026\/01\/DN0100463-Inbus-schroef-spatbord-montage-Lancia-Delta-Integrale-reproductie-82466457-2-e1767990893931.jpg\",\"width\":1857,\"height\":1152},{\"@type\":\"BreadcrumbList\",\"@id\":\"https:\/\/turijnmagazijn.nl\/fr\/produit\/montage-daile-heligone-a-vis-20mm-lancia-delta-integrale-nouveau-kopie-kopie\/#breadcrumb\",\"itemListElement\":[{\"@type\":\"ListItem\",\"position\":1,\"name\":\"Home\",\"item\":\"https:\/\/turijnmagazijn.nl\/fr\/\"},{\"@type\":\"ListItem\",\"position\":2,\"name\":\"Produits\",\"item\":\"https:\/\/turijnmagazijn.nl\/fr\/shop\/\"},{\"@type\":\"ListItem\",\"position\":3,\"name\":\"Douille de vis de fixation d&#8217;aile 30mm Lancia Delta integrale\"}]},{\"@type\":\"WebSite\",\"@id\":\"https:\/\/turijnmagazijn.jumpstone-dev.nl\/#website\",\"url\":\"https:\/\/turijnmagazijn.jumpstone-dev.nl\/\",\"name\":\"Turijnmagazijn\",\"description\":\"Onderdelen nieuw en gebruikt - Fiat &amp; Lancia\",\"publisher\":{\"@id\":\"https:\/\/turijnmagazijn.jumpstone-dev.nl\/#organization\"},\"potentialAction\":[{\"@type\":\"SearchAction\",\"target\":{\"@type\":\"EntryPoint\",\"urlTemplate\":\"https:\/\/turijnmagazijn.jumpstone-dev.nl\/?s={search_term_string}\"},\"query-input\":{\"@type\":\"PropertyValueSpecification\",\"valueRequired\":true,\"valueName\":\"search_term_string\"}}],\"inLanguage\":\"fr-FR\"},{\"@type\":\"Organization\",\"@id\":\"https:\/\/turijnmagazijn.jumpstone-dev.nl\/#organization\",\"name\":\"Turijnmagazijn\",\"url\":\"https:\/\/turijnmagazijn.jumpstone-dev.nl\/\",\"logo\":{\"@type\":\"ImageObject\",\"inLanguage\":\"fr-FR\",\"@id\":\"https:\/\/turijnmagazijn.jumpstone-dev.nl\/#\/schema\/logo\/image\/\",\"url\":\"https:\/\/turijnmagazijn.nl\/wp-content\/uploads\/2021\/02\/turijnmagazijnlogo.png\",\"contentUrl\":\"https:\/\/turijnmagazijn.nl\/wp-content\/uploads\/2021\/02\/turijnmagazijnlogo.png\",\"width\":555,\"height\":270,\"caption\":\"Turijnmagazijn\"},\"image\":{\"@id\":\"https:\/\/turijnmagazijn.jumpstone-dev.nl\/#\/schema\/logo\/image\/\"},\"sameAs\":[\"https:\/\/www.facebook.com\/turijnmagazijn\"]}]}<\/script>\n<!-- \/ Yoast SEO plugin. -->","yoast_head_json":{"title":"Douille de vis de fixation d'aile 30mm Lancia Delta integrale - Turijnmagazijn","robots":{"index":"index","follow":"follow","max-snippet":"max-snippet:-1","max-image-preview":"max-image-preview:large","max-video-preview":"max-video-preview:-1"},"canonical":"https:\/\/turijnmagazijn.nl\/fr\/produit\/montage-daile-heligone-a-vis-20mm-lancia-delta-integrale-nouveau-kopie-kopie\/","og_locale":"fr_FR","og_type":"article","og_title":"Douille de vis de fixation d'aile 30mm Lancia Delta integrale - Turijnmagazijn","og_description":"82466457 Vis de montage d'aile longueur de filetage 20mm pour visser dans un petit carr\u00e9 de bouchons d'aile. Alternative de reproduction \u00e0 l'OEM.","og_url":"https:\/\/turijnmagazijn.nl\/fr\/produit\/montage-daile-heligone-a-vis-20mm-lancia-delta-integrale-nouveau-kopie-kopie\/","og_site_name":"Turijnmagazijn","article_publisher":"https:\/\/www.facebook.com\/turijnmagazijn","article_modified_time":"2026-01-11T19:25:42+00:00","og_image":[{"width":1857,"height":1152,"url":"https:\/\/turijnmagazijn.nl\/wp-content\/uploads\/2026\/01\/DN0100463-Inbus-schroef-spatbord-montage-Lancia-Delta-Integrale-reproductie-82466457-2-e1767990893931.jpg","type":"image\/jpeg"}],"twitter_card":"summary_large_image","twitter_misc":{"Dur\u00e9e de lecture estim\u00e9e":"1 minute"},"schema":{"@context":"https:\/\/schema.org","@graph":[{"@type":"WebPage","@id":"https:\/\/turijnmagazijn.nl\/fr\/produit\/montage-daile-heligone-a-vis-20mm-lancia-delta-integrale-nouveau-kopie-kopie\/","url":"https:\/\/turijnmagazijn.nl\/fr\/produit\/montage-daile-heligone-a-vis-20mm-lancia-delta-integrale-nouveau-kopie-kopie\/","name":"Douille de vis de fixation d'aile 30mm Lancia Delta integrale - Turijnmagazijn","isPartOf":{"@id":"https:\/\/turijnmagazijn.jumpstone-dev.nl\/#website"},"primaryImageOfPage":{"@id":"https:\/\/turijnmagazijn.nl\/fr\/produit\/montage-daile-heligone-a-vis-20mm-lancia-delta-integrale-nouveau-kopie-kopie\/#primaryimage"},"image":{"@id":"https:\/\/turijnmagazijn.nl\/fr\/produit\/montage-daile-heligone-a-vis-20mm-lancia-delta-integrale-nouveau-kopie-kopie\/#primaryimage"},"thumbnailUrl":"https:\/\/turijnmagazijn.nl\/wp-content\/uploads\/2026\/01\/DN0100463-Inbus-schroef-spatbord-montage-Lancia-Delta-Integrale-reproductie-82466457-2-e1767990893931.jpg","datePublished":"2026-01-09T20:22:08+00:00","dateModified":"2026-01-11T19:25:42+00:00","breadcrumb":{"@id":"https:\/\/turijnmagazijn.nl\/fr\/produit\/montage-daile-heligone-a-vis-20mm-lancia-delta-integrale-nouveau-kopie-kopie\/#breadcrumb"},"inLanguage":"fr-FR","potentialAction":[{"@type":"ReadAction","target":["https:\/\/turijnmagazijn.nl\/fr\/produit\/montage-daile-heligone-a-vis-20mm-lancia-delta-integrale-nouveau-kopie-kopie\/"]}]},{"@type":"ImageObject","inLanguage":"fr-FR","@id":"https:\/\/turijnmagazijn.nl\/fr\/produit\/montage-daile-heligone-a-vis-20mm-lancia-delta-integrale-nouveau-kopie-kopie\/#primaryimage","url":"https:\/\/turijnmagazijn.nl\/wp-content\/uploads\/2026\/01\/DN0100463-Inbus-schroef-spatbord-montage-Lancia-Delta-Integrale-reproductie-82466457-2-e1767990893931.jpg","contentUrl":"https:\/\/turijnmagazijn.nl\/wp-content\/uploads\/2026\/01\/DN0100463-Inbus-schroef-spatbord-montage-Lancia-Delta-Integrale-reproductie-82466457-2-e1767990893931.jpg","width":1857,"height":1152},{"@type":"BreadcrumbList","@id":"https:\/\/turijnmagazijn.nl\/fr\/produit\/montage-daile-heligone-a-vis-20mm-lancia-delta-integrale-nouveau-kopie-kopie\/#breadcrumb","itemListElement":[{"@type":"ListItem","position":1,"name":"Home","item":"https:\/\/turijnmagazijn.nl\/fr\/"},{"@type":"ListItem","position":2,"name":"Produits","item":"https:\/\/turijnmagazijn.nl\/fr\/shop\/"},{"@type":"ListItem","position":3,"name":"Douille de vis de fixation d&#8217;aile 30mm Lancia Delta integrale"}]},{"@type":"WebSite","@id":"https:\/\/turijnmagazijn.jumpstone-dev.nl\/#website","url":"https:\/\/turijnmagazijn.jumpstone-dev.nl\/","name":"Turijnmagazijn","description":"Onderdelen nieuw en gebruikt - Fiat &amp; Lancia","publisher":{"@id":"https:\/\/turijnmagazijn.jumpstone-dev.nl\/#organization"},"potentialAction":[{"@type":"SearchAction","target":{"@type":"EntryPoint","urlTemplate":"https:\/\/turijnmagazijn.jumpstone-dev.nl\/?s={search_term_string}"},"query-input":{"@type":"PropertyValueSpecification","valueRequired":true,"valueName":"search_term_string"}}],"inLanguage":"fr-FR"},{"@type":"Organization","@id":"https:\/\/turijnmagazijn.jumpstone-dev.nl\/#organization","name":"Turijnmagazijn","url":"https:\/\/turijnmagazijn.jumpstone-dev.nl\/","logo":{"@type":"ImageObject","inLanguage":"fr-FR","@id":"https:\/\/turijnmagazijn.jumpstone-dev.nl\/#\/schema\/logo\/image\/","url":"https:\/\/turijnmagazijn.nl\/wp-content\/uploads\/2021\/02\/turijnmagazijnlogo.png","contentUrl":"https:\/\/turijnmagazijn.nl\/wp-content\/uploads\/2021\/02\/turijnmagazijnlogo.png","width":555,"height":270,"caption":"Turijnmagazijn"},"image":{"@id":"https:\/\/turijnmagazijn.jumpstone-dev.nl\/#\/schema\/logo\/image\/"},"sameAs":["https:\/\/www.facebook.com\/turijnmagazijn"]}]}},"_links":{"self":[{"href":"https:\/\/turijnmagazijn.nl\/fr\/wp-json\/wp\/v2\/product\/96918","targetHints":{"allow":["GET"]}}],"collection":[{"href":"https:\/\/turijnmagazijn.nl\/fr\/wp-json\/wp\/v2\/product"}],"about":[{"href":"https:\/\/turijnmagazijn.nl\/fr\/wp-json\/wp\/v2\/types\/product"}],"replies":[{"embeddable":true,"href":"https:\/\/turijnmagazijn.nl\/fr\/wp-json\/wp\/v2\/comments?post=96918"}],"wp:featuredmedia":[{"embeddable":true,"href":"https:\/\/turijnmagazijn.nl\/fr\/wp-json\/wp\/v2\/media\/96931"}],"wp:attachment":[{"href":"https:\/\/turijnmagazijn.nl\/fr\/wp-json\/wp\/v2\/media?parent=96918"}],"wp:term":[{"taxonomy":"product_brand","embeddable":true,"href":"https:\/\/turijnmagazijn.nl\/fr\/wp-json\/wp\/v2\/product_brand?post=96918"},{"taxonomy":"product_cat","embeddable":true,"href":"https:\/\/turijnmagazijn.nl\/fr\/wp-json\/wp\/v2\/product_cat?post=96918"},{"taxonomy":"product_tag","embeddable":true,"href":"https:\/\/turijnmagazijn.nl\/fr\/wp-json\/wp\/v2\/product_tag?post=96918"}],"curies":[{"name":"wp","href":"https:\/\/api.w.org\/{rel}","templated":true}]}}